{"id":4575,"date":"2026-01-08T14:08:04","date_gmt":"2026-01-08T14:08:04","guid":{"rendered":"https:\/\/coinkickoff.com\/?page_id=4575"},"modified":"2026-01-08T14:08:04","modified_gmt":"2026-01-08T14:08:04","slug":"how-are-bitcoin-casinos-different","status":"publish","type":"page","link":"https:\/\/coinkickoff.com\/nb\/bitcoin-casino\/how-are-bitcoin-casinos-different\/","title":{"rendered":"Hvordan skiller Bitcoin-kasinoer seg fra tradisjonelle kasinoer?"},"content":{"rendered":"<p><em>Ansvarsfraskrivelse: Gambling inneb\u00e6rer en betydelig \u00f8konomisk risiko. Spill bare med penger du har r\u00e5d til \u00e5 tape. Informasjonen nedenfor er kun ment som informasjon. Vi kan f\u00e5 utbetalt en provisjon hvis du registrerer deg og taper penger p\u00e5 noe av f\u00f8lgende <a href=\"https:\/\/coinkickoff.com\/nb\/bitcoin-casino\/\" data-internallinksmanager029f6b8e52c=\"200\" title=\"3 beste Bitcoin-kryptokasinoer med bonuser\">kasinoer<\/a>. Ikke alle kasinoer er tilgjengelige i alle land. All informasjon vi trodde var korrekt p\u00e5 publiseringstidspunktet, men kan ha endret seg siden.<\/em><\/p>\n<div id=\"ez-toc-container\" class=\"ez-toc-v2_0_80 counter-hierarchy ez-toc-counter ez-toc-transparent ez-toc-container-direction\">\n<div class=\"ez-toc-title-container\">\n<p class=\"ez-toc-title\" style=\"cursor:inherit\">Seksjoner<\/p>\n<span class=\"ez-toc-title-toggle\"><a href=\"#\" class=\"ez-toc-pull-right ez-toc-btn ez-toc-btn-xs ez-toc-btn-default ez-toc-toggle\" aria-label=\"Bytt innholdsfortegnelse\"><span class=\"ez-toc-js-icon-con\"><span class=\"\"><span class=\"eztoc-hide\" style=\"display:none;\">Toggle<\/span><span class=\"ez-toc-icon-toggle-span\"><svg style=\"fill: #999;color:#999\" xmlns=\"http:\/\/www.w3.org\/2000\/svg\" class=\"list-377408\" width=\"20px\" height=\"20px\" viewbox=\"0 0 24 24\" fill=\"none\"><path d=\"M6 6H4v2h2V6zm14 0H8v2h12V6zM4 11h2v2H4v-2zm16 0H8v2h12v-2zM4 16h2v2H4v-2zm16 0H8v2h12v-2z\" fill=\"currentColor\"><\/path><\/svg><svg style=\"fill: #999;color:#999\" class=\"arrow-unsorted-368013\" xmlns=\"http:\/\/www.w3.org\/2000\/svg\" width=\"10px\" height=\"10px\" viewbox=\"0 0 24 24\" version=\"1.2\" baseprofile=\"tiny\"><path d=\"M18.2 9.3l-6.2-6.3-6.2 6.3c-.2.2-.3.4-.3.7s.1.5.3.7c.2.2.4.3.7.3h11c.3 0 .5-.1.7-.3.2-.2.3-.5.3-.7s-.1-.5-.3-.7zM5.8 14.7l6.2 6.3 6.2-6.3c.2-.2.3-.5.3-.7s-.1-.5-.3-.7c-.2-.2-.4-.3-.7-.3h-11c-.3 0-.5.1-.7.3-.2.2-.3.5-.3.7s.1.5.3.7z\"\/><\/svg><\/span><\/span><\/span><\/a><\/span><\/div>\n<nav><ul class='ez-toc-list ez-toc-list-level-1 eztoc-toggle-hide-by-default' ><li class='ez-toc-page-1 ez-toc-heading-level-2'><a class=\"ez-toc-link ez-toc-heading-1\" href=\"https:\/\/coinkickoff.com\/nb\/bitcoin-casino\/how-are-bitcoin-casinos-different\/#Fundamental_Differences_Between_Bitcoin_and_Traditional_Casinos\" >Grunnleggende forskjeller mellom Bitcoin og tradisjonelle kasinoer<\/a><ul class='ez-toc-list-level-3' ><li class='ez-toc-heading-level-3'><a class=\"ez-toc-link ez-toc-heading-2\" href=\"https:\/\/coinkickoff.com\/nb\/bitcoin-casino\/how-are-bitcoin-casinos-different\/#Currency_Used_for_Transactions\" >Valuta brukt til transaksjoner<\/a><\/li><li class='ez-toc-page-1 ez-toc-heading-level-3'><a class=\"ez-toc-link ez-toc-heading-3\" href=\"https:\/\/coinkickoff.com\/nb\/bitcoin-casino\/how-are-bitcoin-casinos-different\/#Operational_Transparency\" >Operasjonell \u00e5penhet<\/a><\/li><li class='ez-toc-page-1 ez-toc-heading-level-3'><a class=\"ez-toc-link ez-toc-heading-4\" href=\"https:\/\/coinkickoff.com\/nb\/bitcoin-casino\/how-are-bitcoin-casinos-different\/#Legal_and_Regulatory_Landscape\" >Juridisk og regulatorisk landskap<\/a><\/li><\/ul><\/li><li class='ez-toc-page-1 ez-toc-heading-level-2'><a class=\"ez-toc-link ez-toc-heading-5\" href=\"https:\/\/coinkickoff.com\/nb\/bitcoin-casino\/how-are-bitcoin-casinos-different\/#Technological_Aspects_of_Bitcoin_Casinos\" >Teknologiske aspekter av Bitcoin-kasinoer<\/a><ul class='ez-toc-list-level-3' ><li class='ez-toc-heading-level-3'><a class=\"ez-toc-link ez-toc-heading-6\" href=\"https:\/\/coinkickoff.com\/nb\/bitcoin-casino\/how-are-bitcoin-casinos-different\/#Blockchain_Technology_Implementation\" >Implementering av blokkjedeteknologi<\/a><\/li><li class='ez-toc-page-1 ez-toc-heading-level-3'><a class=\"ez-toc-link ez-toc-heading-7\" href=\"https:\/\/coinkickoff.com\/nb\/bitcoin-casino\/how-are-bitcoin-casinos-different\/#Provably_Fair_Gaming_Mechanisms\" >Beviselig rettferdige spillmekanismer<\/a><\/li><li class='ez-toc-page-1 ez-toc-heading-level-3'><a class=\"ez-toc-link ez-toc-heading-8\" href=\"https:\/\/coinkickoff.com\/nb\/bitcoin-casino\/how-are-bitcoin-casinos-different\/#Anonymity_and_Security_Features\" >Anonymitet og sikkerhetsfunksjoner<\/a><\/li><\/ul><\/li><li class='ez-toc-page-1 ez-toc-heading-level-2'><a class=\"ez-toc-link ez-toc-heading-9\" href=\"https:\/\/coinkickoff.com\/nb\/bitcoin-casino\/how-are-bitcoin-casinos-different\/#User_Experience_in_Bitcoin_versus_Regular_Casinos\" >Brukeropplevelse i Bitcoin sammenlignet med vanlige kasinoer<\/a><ul class='ez-toc-list-level-3' ><li class='ez-toc-heading-level-3'><a class=\"ez-toc-link ez-toc-heading-10\" href=\"https:\/\/coinkickoff.com\/nb\/bitcoin-casino\/how-are-bitcoin-casinos-different\/#Account_Funding_and_Withdrawal_Process\" >Prosess for kontofinansiering og uttak<\/a><\/li><li class='ez-toc-page-1 ez-toc-heading-level-3'><a class=\"ez-toc-link ez-toc-heading-11\" href=\"https:\/\/coinkickoff.com\/nb\/bitcoin-casino\/how-are-bitcoin-casinos-different\/#Bonuses_and_Incentives\" >Bonuser og insentiver<\/a><\/li><li class='ez-toc-page-1 ez-toc-heading-level-3'><a class=\"ez-toc-link ez-toc-heading-12\" href=\"https:\/\/coinkickoff.com\/nb\/bitcoin-casino\/how-are-bitcoin-casinos-different\/#Geographical_Accessibility_and_Restrictions\" >Geografisk tilgjengelighet og begrensninger<\/a><\/li><\/ul><\/li><li class='ez-toc-page-1 ez-toc-heading-level-2'><a class=\"ez-toc-link ez-toc-heading-13\" href=\"https:\/\/coinkickoff.com\/nb\/bitcoin-casino\/how-are-bitcoin-casinos-different\/#Frequently_Asked_Questions\" >Ofte stilte sp\u00f8rsm\u00e5l<\/a><ul class='ez-toc-list-level-3' ><li class='ez-toc-heading-level-3'><a class=\"ez-toc-link ez-toc-heading-14\" href=\"https:\/\/coinkickoff.com\/nb\/bitcoin-casino\/how-are-bitcoin-casinos-different\/#What_factors_make_crypto_casinos_more_advantageous_than_traditional_ones\" >Hvilke faktorer gj\u00f8r kryptokasinoer mer fordelaktige enn tradisjonelle?<\/a><\/li><li class='ez-toc-page-1 ez-toc-heading-level-3'><a class=\"ez-toc-link ez-toc-heading-15\" href=\"https:\/\/coinkickoff.com\/nb\/bitcoin-casino\/how-are-bitcoin-casinos-different\/#Are_there_any_risks_associated_with_using_Bitcoin_for_online_gambling\" >Er det noen risiko forbundet med \u00e5 bruke Bitcoin til pengespill p\u00e5 nettet?<\/a><\/li><li class='ez-toc-page-1 ez-toc-heading-level-3'><a class=\"ez-toc-link ez-toc-heading-16\" href=\"https:\/\/coinkickoff.com\/nb\/bitcoin-casino\/how-are-bitcoin-casinos-different\/#How_do_the_security_measures_in_Bitcoin_casinos_compare_to_those_in_traditional_casinos\" >Hvordan er sikkerhetstiltakene i Bitcoin-kasinoer sammenlignet med tradisjonelle kasinoer?<\/a><\/li><li class='ez-toc-page-1 ez-toc-heading-level-3'><a class=\"ez-toc-link ez-toc-heading-17\" href=\"https:\/\/coinkickoff.com\/nb\/bitcoin-casino\/how-are-bitcoin-casinos-different\/#Can_players_expect_provably_fair_gaming_in_Bitcoin_casinos\" >Kan spillere forvente beviselig rettferdig spilling i Bitcoin-kasinoer?<\/a><\/li><li class='ez-toc-page-1 ez-toc-heading-level-3'><a class=\"ez-toc-link ez-toc-heading-18\" href=\"https:\/\/coinkickoff.com\/nb\/bitcoin-casino\/how-are-bitcoin-casinos-different\/#What_are_the_unique_benefits_of_gambling_with_Bitcoin\" >Hva er de unike fordelene ved \u00e5 spille med Bitcoin?<\/a><\/li><li class='ez-toc-page-1 ez-toc-heading-level-3'><a class=\"ez-toc-link ez-toc-heading-19\" href=\"https:\/\/coinkickoff.com\/nb\/bitcoin-casino\/how-are-bitcoin-casinos-different\/#How_does_the_regulatory_landscape_for_Bitcoin_casinos_differ_from_traditional_gambling_venues\" >Hvordan skiller det regulatoriske landskapet for Bitcoin-kasinoer seg fra tradisjonelle spillsteder?<\/a><\/li><\/ul><\/li><\/ul><\/nav><\/div>\n<h2><span class=\"ez-toc-section\" id=\"Fundamental_Differences_Between_Bitcoin_and_Traditional_Casinos\"><\/span>Grunnleggende forskjeller mellom Bitcoin og tradisjonelle kasinoer<span class=\"ez-toc-section-end\"><\/span><\/h2>\n<p><img decoding=\"async\" src=\"https:\/\/coinkickoff.com\/wp-content\/uploads\/v2-3dgrx-7h0pa.jpg\" alt=\"\"><\/p>\n<p><a href=\"https:\/\/coinkickoff.com\/nb\/bitcoin-btc\/\" data-internallinksmanager029f6b8e52c=\"1\" title=\"Hva er Bitcoin (BTC)? Pris, historie og hvor du kan kj\u00f8pe\">Bitcoin<\/a> Kasinoer og tradisjonelle kasinoer skiller seg f\u00f8rst og fremst fra hverandre n\u00e5r det gjelder valuta, grad av \u00e5penhet og de regulatoriske rammene de opererer innenfor.<\/p>\n<h3><span class=\"ez-toc-section\" id=\"Currency_Used_for_Transactions\"><\/span>Valuta brukt til transaksjoner<span class=\"ez-toc-section-end\"><\/span><\/h3>\n<p><strong>Bitcoin Kasinoer:<\/strong> Transaksjoner gjennomf\u00f8res ved hjelp av kryptovalutaer, for eksempel Bitcoin, <a href=\"https:\/\/coinkickoff.com\/nb\/ethereum-eth\/\" data-internallinksmanager029f6b8e52c=\"2\" title=\"Hva er Ethereum (ETH)? Pris, historie og hvor du kan kj\u00f8pe\">Ethereum<\/a>eller andre altcoins. Disse digitale valutaene muliggj\u00f8r anonyme transaksjoner, ofte med lavere gebyrer og raskere behandlingstid enn fiat-valutaer.<\/p>\n<ul>\n<li><strong>Anonymitet:<\/strong> Brukerne kan handle uten \u00e5 oppgi personlig informasjon.<\/li>\n<li><strong>Avgifter:<\/strong> Ofte lavere enn de som er forbundet med kredittkort eller bankoverf\u00f8ringer.<\/li>\n<li><strong>Hastighet:<\/strong> Transaksjoner behandles raskt, noen ganger i l\u00f8pet av minutter.<\/li>\n<\/ul>\n<p><strong>Tradisjonelle kasinoer:<\/strong> Disse virksomhetene bruker vanligvis fiat-valutaer som USD, EUR eller GBP for alle transaksjoner. Tradisjonell bankvirksomhet inneb\u00e6rer detaljerte prosesser for registrering og identitetsverifisering.<\/p>\n<ul>\n<li><strong>Personopplysninger:<\/strong> Transaksjoner krever utlevering av personopplysninger.<\/li>\n<li><strong>Avgifter:<\/strong> Det kan p\u00e5l\u00f8pe h\u00f8yere gebyrer for transaksjoner.<\/li>\n<li><strong>Behandlingstid:<\/strong> Det kan ta flere dager f\u00f8r pengene overf\u00f8res eller klareres.<\/li>\n<\/ul>\n<h3><span class=\"ez-toc-section\" id=\"Operational_Transparency\"><\/span>Operasjonell \u00e5penhet<span class=\"ez-toc-section-end\"><\/span><\/h3>\n<p><strong>Bitcoin Kasinoer:<\/strong> De har en tendens til \u00e5 tilby h\u00f8yere grad av \u00e5penhet p\u00e5 grunn av blokkjedeteknologien som ligger til grunn for kryptovalutatransaksjoner. Blockchain er en offentlig, uforanderlig <a href=\"https:\/\/coinkickoff.com\/nb\/what-is-ledger-wallet\/\" data-internallinksmanager029f6b8e52c=\"167\" title=\"Ledger Wallet anmeldelser 2023: Avgifter, funksjoner, sikkerhet, fordeler og ulemper\">hovedbok<\/a>og gj\u00f8r transaksjonshistorikken lett tilgjengelig og kontrollerbar.<\/p>\n<ul>\n<li><strong>Sannsynligvis rettferdig:<\/strong> Noen Bitcoin-kasinoer bruker \"Provably Fair\"-algoritmer, som gj\u00f8r det mulig for spillerne \u00e5 verifisere at utfallet av hvert spill er rettferdig.<\/li>\n<\/ul>\n<p><strong>Tradisjonelle kasinoer:<\/strong> \u00c5penhet er regulert av spillmyndighetene, men de interne funksjonene og spillalgoritmene er vanligvis ikke tilgjengelige for offentlig revisjon eller verifisering.<\/p>\n<ul>\n<li><strong>Regulert rettferdighet:<\/strong> Spillets rettferdighet er sertifisert av regulerende organer, men detaljerte mekanismer i programvaren er ikke offentlig kjent.<\/li>\n<\/ul>\n<h3><span class=\"ez-toc-section\" id=\"Legal_and_Regulatory_Landscape\"><\/span>Juridisk og regulatorisk landskap<span class=\"ez-toc-section-end\"><\/span><\/h3>\n<p><strong>Bitcoin Kasinoer:<\/strong> De opererer i et regelverk i rask utvikling. Mange regioner har enn\u00e5 ikke definert en klar lovgivning som regulerer bruken av kryptovaluta i pengespill, noe som f\u00f8rer til et lappeteppe av krav til etterlevelse.<\/p>\n<ul>\n<li><strong>Variabel regulering:<\/strong> Den juridiske statusen kan endre seg raskt, og etterlevelsen varierer fra jurisdiksjon til jurisdiksjon.<\/li>\n<li><strong>Global tilgang:<\/strong> Ofte tilgjengelig over hele verden, avhengig av lokale lover.<\/li>\n<\/ul>\n<p><strong>Tradisjonelle kasinoer:<\/strong> De er underlagt streng regulering av etablerte myndighetsorganer over hele verden. De er underlagt strenge lover og forskrifter som regulerer lisensiering, driftspraksis og finansiell rapportering.<\/p>\n<ul>\n<li><strong>Strengt tilsyn:<\/strong> Det er obligatorisk \u00e5 overholde en rekke juridiske og finansielle bestemmelser.<\/li>\n<li><strong>Geografiske begrensninger:<\/strong> De er vanligvis forpliktet til \u00e5 operere innenfor jurisdiksjonen til konsesjonsmyndigheten.<\/li>\n<\/ul>\n<h2><span class=\"ez-toc-section\" id=\"Technological_Aspects_of_Bitcoin_Casinos\"><\/span>Teknologiske aspekter av Bitcoin-kasinoer<span class=\"ez-toc-section-end\"><\/span><\/h2>\n<p><img decoding=\"async\" src=\"https:\/\/coinkickoff.com\/wp-content\/uploads\/v2-3dgss-o0d7k.jpg\" alt=\"\"><\/p>\n<p>Bitcoin-kasinoene skiller seg ut ved hjelp av avansert teknologi som gir \u00f8kt sikkerhet, rettferdighet og transparens. Dette teknologiske forspranget kommer til syne i hvordan de h\u00e5ndterer transaksjoner, verifiserer rettferdighet og ivaretar personvernet.<\/p>\n<h3><span class=\"ez-toc-section\" id=\"Blockchain_Technology_Implementation\"><\/span>Implementering av blokkjedeteknologi<span class=\"ez-toc-section-end\"><\/span><\/h3>\n<p><strong>Bitcoin kasinoer<\/strong> bruker blokkjedeteknologi for \u00e5 forenkle kryptovalutatransaksjoner. Den <strong>blokkjede<\/strong> er en desentralisert hovedbok som registrerer alle transaksjoner p\u00e5 tvers av et nettverk av datamaskiner. Dette sikrer at:<\/p>\n<ul>\n<li><strong>Transaksjoner<\/strong> er <strong>gjennomsiktig<\/strong> og <strong>uforanderlig<\/strong>.<\/li>\n<li>Spillere kan gj\u00f8re innskudd og uttak <strong>bitcoins<\/strong> direkte, <strong>eliminerer behovet for tredjeparts bankinstitusjoner<\/strong>.<\/li>\n<\/ul>\n<h3><span class=\"ez-toc-section\" id=\"Provably_Fair_Gaming_Mechanisms\"><\/span>Beviselig rettferdige spillmekanismer<span class=\"ez-toc-section-end\"><\/span><\/h3>\n<p>Beviselig rettferdig spilling er et kjennetegn ved Bitcoin-kasinoer. Dette systemet benytter kryptografiske algoritmer for \u00e5 sikre rettferdige spill. De viktigste punktene er:<\/p>\n<ul>\n<li>Det gj\u00f8r det mulig for spillerne \u00e5 <strong>verifisere tilfeldigheten<\/strong> av spillets utfall.<\/li>\n<li>Kasinoer tilbyr en <strong>hashn\u00f8kkel<\/strong> som kan analyseres i etterkant av spillet for \u00e5 bekrefte at spillet er rettferdig.<\/li>\n<\/ul>\n<h3><span class=\"ez-toc-section\" id=\"Anonymity_and_Security_Features\"><\/span>Anonymitet og sikkerhetsfunksjoner<span class=\"ez-toc-section-end\"><\/span><\/h3>\n<p>Bitcoin-kasinoer tilbyr \u00f8kt <strong>anonymitet<\/strong> og <strong>sikkerhet<\/strong>. De implementerer ulike funksjoner som beskytter b\u00e5de spillerens identitet og midler, for eksempel:<\/p>\n<ul>\n<li><strong>Tofaktorautentisering (2FA)<\/strong> for sikring av brukerkontoer.<\/li>\n<li><strong>Minimalt med personopplysninger<\/strong> som kreves for \u00e5 opprette en konto, bevare brukerens <strong>anonymitet<\/strong>.<\/li>\n<\/ul>\n<h2><span class=\"ez-toc-section\" id=\"User_Experience_in_Bitcoin_versus_Regular_Casinos\"><\/span>Brukeropplevelse i Bitcoin sammenlignet med vanlige kasinoer<span class=\"ez-toc-section-end\"><\/span><\/h2>\n<p><img decoding=\"async\" src=\"https:\/\/coinkickoff.com\/wp-content\/uploads\/v2-3dgt7-n76he.jpg\" alt=\"\"><\/p>\n<p>Brukeropplevelsen i Bitcoin-kasinoer byr p\u00e5 s\u00e6rskilte funksjoner sammenlignet med tradisjonelle kasinoer, s\u00e6rlig n\u00e5r det gjelder kontoadministrasjon, bonuser og global tilgjengelighet.<\/p>\n<h3><span class=\"ez-toc-section\" id=\"Account_Funding_and_Withdrawal_Process\"><\/span>Prosess for kontofinansiering og uttak<span class=\"ez-toc-section-end\"><\/span><\/h3>\n<p>Med Bitcoin-kasinoer kan brukerne <strong>innbetale penger p\u00e5 kontoene sine<\/strong> direkte ved hjelp av kryptovalutaer, noe som vanligvis resulterer i <em>raskere transaksjonstider<\/em> og <em>lavere avgifter<\/em> enn vanlige kasinoer, som baserer seg p\u00e5 tradisjonelle bankmetoder.<\/p>\n<p><strong>Uttakstider<\/strong>er derimot vanligvis ogs\u00e5 <strong>raskere<\/strong> p\u00e5 Bitcoin-kasinoer p\u00e5 grunn av det eliminerte behovet for bankbehandlingstid. Disse kasinoene kan ofte skryte av en <strong>umiddelbar eller nesten umiddelbar utbetaling<\/strong> Dette st\u00e5r i kontrast til de forsinkede behandlingstidene man ofte finner hos vanlige kasinoer.<\/p>\n<h3><span class=\"ez-toc-section\" id=\"Bonuses_and_Incentives\"><\/span>Bonuser og insentiver<span class=\"ez-toc-section-end\"><\/span><\/h3>\n<p>Strukturen i <strong>bonuser og insentiver<\/strong> kan variere betydelig. Bitcoin-kasinoer kan tilby:<\/p>\n<ul>\n<li>H\u00f8yere <strong>velkomstbonuser<\/strong><\/li>\n<li><strong>Lojalitetsbel\u00f8nninger<\/strong> i form av Bitcoin eller andre kryptovalutaer<\/li>\n<\/ul>\n<p>Tradisjonelle kasinoer tilbyr ofte en rekke bonuser, men det er ikke sikkert at de kan matche de lukrative tilbudene som finnes p\u00e5 Bitcoin-kasinoer p\u00e5 grunn av de lavere transaksjons- og driftskostnadene ved digitale valutaer.<\/p>\n<h3><span class=\"ez-toc-section\" id=\"Geographical_Accessibility_and_Restrictions\"><\/span>Geografisk tilgjengelighet og begrensninger<span class=\"ez-toc-section-end\"><\/span><\/h3>\n<p>Bitcoin-kasinoer tilbyr vanligvis en <strong>h\u00f8yere grad av tilgjengelighet<\/strong> ettersom de ikke er underlagt de samme regulatoriske begrensningene som vanlige kasinoer.<\/p>\n<ul>\n<li>Operasjoner i <strong>flere jurisdiksjoner<\/strong> uten behov for lokal bankinfrastruktur<\/li>\n<li>Tar imot spillere fra <strong>regioner med strenge regler for pengespill<\/strong>, med forbehold om lokale lover<\/li>\n<\/ul>\n<p>Brukerne anbefales imidlertid \u00e5 holde seg <strong>informert om de lokale lovene<\/strong> for \u00e5 sikre samsvar ved tilgang til Bitcoin-kasinoer, selv med st\u00f8rre rekkevidde.<\/p>\n<h2><span class=\"ez-toc-section\" id=\"Frequently_Asked_Questions\"><\/span>Ofte stilte sp\u00f8rsm\u00e5l<span class=\"ez-toc-section-end\"><\/span><\/h2>\n<p><img decoding=\"async\" src=\"https:\/\/coinkickoff.com\/wp-content\/uploads\/v2-3dgtr-7frp8.jpg\" alt=\"\"><\/p>\n<p>I dette avsnittet tar vi for oss vanlige sp\u00f8rsm\u00e5l om forskjellene mellom Bitcoin-kasinoer og tradisjonelle kasinoer for \u00e5 gi en klarere forst\u00e5else av de to.<\/p>\n<h3><span class=\"ez-toc-section\" id=\"What_factors_make_crypto_casinos_more_advantageous_than_traditional_ones\"><\/span>Hvilke faktorer gj\u00f8r kryptokasinoer mer fordelaktige enn tradisjonelle?<span class=\"ez-toc-section-end\"><\/span><\/h3>\n<p>Kryptokasinoer tilbyr unike fordeler, blant annet umiddelbare transaksjoner og reduserte transaksjonsgebyrer. De gir ogs\u00e5 en h\u00f8yere grad av anonymitet for brukerne, noe tradisjonelle kasinoer ikke kan matche p\u00e5 grunn av deres avhengighet av bank- og personopplysninger.<\/p>\n<h3><span class=\"ez-toc-section\" id=\"Are_there_any_risks_associated_with_using_Bitcoin_for_online_gambling\"><\/span>Er det noen risiko forbundet med \u00e5 bruke Bitcoin til pengespill p\u00e5 nettet?<span class=\"ez-toc-section-end\"><\/span><\/h3>\n<p>Brukerne st\u00e5r overfor visse risikoer, for eksempel den h\u00f8ye volatiliteten i Bitcoin-verdien og potensielle sikkerhetstrusler som hacking. I tillegg kan mangelen p\u00e5 regulering v\u00e6re et tveegget sverd som b\u00e5de gir frihet og risiko.<\/p>\n<h3><span class=\"ez-toc-section\" id=\"How_do_the_security_measures_in_Bitcoin_casinos_compare_to_those_in_traditional_casinos\"><\/span>Hvordan er sikkerhetstiltakene i Bitcoin-kasinoer sammenlignet med tradisjonelle kasinoer?<span class=\"ez-toc-section-end\"><\/span><\/h3>\n<p>Bitcoin-kasinoer bruker vanligvis avanserte krypteringsteknologier og bygger p\u00e5 sikre blokkjedenettverk. Dette st\u00e5r i kontrast til tradisjonelle kasinoer, som er avhengige av konvensjonelle sikkerhets- og finanssystemer som er s\u00e5rbare for ulike typer risiko.<\/p>\n<h3><span class=\"ez-toc-section\" id=\"Can_players_expect_provably_fair_gaming_in_Bitcoin_casinos\"><\/span>Kan spillere forvente beviselig rettferdig spilling i Bitcoin-kasinoer?<span class=\"ez-toc-section-end\"><\/span><\/h3>\n<p>Mange Bitcoin-kasinoer tilbyr beviselig rettferdig spilling, noe som gj\u00f8r det mulig for spillerne \u00e5 verifisere rettferdigheten i hvert enkelt spill ved hjelp av blockchain-teknologi. Dette er et niv\u00e5 av \u00e5penhet som tradisjonelle nettbaserte spillsider ikke alltid kan tilby.<\/p>\n<h3><span class=\"ez-toc-section\" id=\"What_are_the_unique_benefits_of_gambling_with_Bitcoin\"><\/span>Hva er de unike fordelene ved \u00e5 spille med Bitcoin?<span class=\"ez-toc-section-end\"><\/span><\/h3>\n<p>Gambling med Bitcoin sikrer at transaksjonene forblir diskrete og sikre takket v\u00e6re blockchain-teknologien. Det gir ogs\u00e5 fordelen av potensielt lavere gebyrer og sikrer at spillerne kan spille uten geografiske begrensninger.<\/p>\n<h3><span class=\"ez-toc-section\" id=\"How_does_the_regulatory_landscape_for_Bitcoin_casinos_differ_from_traditional_gambling_venues\"><\/span>Hvordan skiller det regulatoriske landskapet for Bitcoin-kasinoer seg fra tradisjonelle spillsteder?<span class=\"ez-toc-section-end\"><\/span><\/h3>\n<p>Bitcoin-kasinoer opererer ofte i et mer deregulert milj\u00f8 fordi kryptovalutaer ikke er anerkjent som offisiell valuta av mange myndigheter. Dette st\u00e5r i kontrast til tradisjonelle kasinoer, som er underlagt et strengt regelverk.<\/p>","protected":false},"excerpt":{"rendered":"<p>Ansvarsfraskrivelse: Gambling inneb\u00e6rer en betydelig \u00f8konomisk risiko. Spill bare med penger du har r\u00e5d til \u00e5 tape. Informasjonen nedenfor er kun ment som informasjon. Vi kan f\u00e5 provisjon hvis du registrerer deg og taper penger p\u00e5 et av f\u00f8lgende kasinoer. Ikke alle kasinoer er tilgjengelige i alle land. All informasjon vi [...]<\/p>","protected":false},"author":1,"featured_media":4576,"parent":4440,"menu_order":0,"comment_status":"closed","ping_status":"closed","template":"","meta":{"_genesis_hide_title":false,"_genesis_hide_breadcrumbs":false,"_genesis_hide_singular_image":false,"_genesis_hide_footer_widgets":false,"_genesis_custom_body_class":"","_genesis_custom_post_class":"","_genesis_layout":"","_glsr_average":0,"_glsr_ranking":0,"_glsr_reviews":0,"footnotes":""},"class_list":{"0":"post-4575","1":"page","2":"type-page","3":"status-publish","4":"has-post-thumbnail","6":"entry"},"featured_image_src":"https:\/\/coinkickoff.com\/wp-content\/uploads\/v2-3dgrx-7h0pa-600x400.jpg","featured_image_src_square":"https:\/\/coinkickoff.com\/wp-content\/uploads\/v2-3dgrx-7h0pa-600x600.jpg","_links":{"self":[{"href":"https:\/\/coinkickoff.com\/nb\/wp-json\/wp\/v2\/pages\/4575","targetHints":{"allow":["GET"]}}],"collection":[{"href":"https:\/\/coinkickoff.com\/nb\/wp-json\/wp\/v2\/pages"}],"about":[{"href":"https:\/\/coinkickoff.com\/nb\/wp-json\/wp\/v2\/types\/page"}],"author":[{"embeddable":true,"href":"https:\/\/coinkickoff.com\/nb\/wp-json\/wp\/v2\/users\/1"}],"replies":[{"embeddable":true,"href":"https:\/\/coinkickoff.com\/nb\/wp-json\/wp\/v2\/comments?post=4575"}],"version-history":[{"count":3,"href":"https:\/\/coinkickoff.com\/nb\/wp-json\/wp\/v2\/pages\/4575\/revisions"}],"predecessor-version":[{"id":4582,"href":"https:\/\/coinkickoff.com\/nb\/wp-json\/wp\/v2\/pages\/4575\/revisions\/4582"}],"up":[{"embeddable":true,"href":"https:\/\/coinkickoff.com\/nb\/wp-json\/wp\/v2\/pages\/4440"}],"wp:featuredmedia":[{"embeddable":true,"href":"https:\/\/coinkickoff.com\/nb\/wp-json\/wp\/v2\/media\/4576"}],"wp:attachment":[{"href":"https:\/\/coinkickoff.com\/nb\/wp-json\/wp\/v2\/media?parent=4575"}],"curies":[{"name":"wp","href":"https:\/\/api.w.org\/{rel}","templated":true}]}}