{"id":4404,"date":"2026-01-08T14:07:11","date_gmt":"2026-01-08T14:07:11","guid":{"rendered":"https:\/\/coinkickoff.com\/?page_id=4404"},"modified":"2026-01-08T14:07:11","modified_gmt":"2026-01-08T14:07:11","slug":"how-to-buy-litecoin-on-kucoin","status":"publish","type":"page","link":"https:\/\/coinkickoff.com\/nb\/how-to-buy-litecoin\/how-to-buy-litecoin-on-kucoin\/","title":{"rendered":"Slik kj\u00f8per du Litecoin p\u00e5 Kucoin"},"content":{"rendered":"<div id=\"ez-toc-container\" class=\"ez-toc-v2_0_80 counter-hierarchy ez-toc-counter ez-toc-transparent ez-toc-container-direction\">\n<div class=\"ez-toc-title-container\">\n<p class=\"ez-toc-title\" style=\"cursor:inherit\">Seksjoner<\/p>\n<span class=\"ez-toc-title-toggle\"><a href=\"#\" class=\"ez-toc-pull-right ez-toc-btn ez-toc-btn-xs ez-toc-btn-default ez-toc-toggle\" aria-label=\"Bytt innholdsfortegnelse\"><span class=\"ez-toc-js-icon-con\"><span class=\"\"><span class=\"eztoc-hide\" style=\"display:none;\">Toggle<\/span><span class=\"ez-toc-icon-toggle-span\"><svg style=\"fill: #999;color:#999\" xmlns=\"http:\/\/www.w3.org\/2000\/svg\" class=\"list-377408\" width=\"20px\" height=\"20px\" viewbox=\"0 0 24 24\" fill=\"none\"><path d=\"M6 6H4v2h2V6zm14 0H8v2h12V6zM4 11h2v2H4v-2zm16 0H8v2h12v-2zM4 16h2v2H4v-2zm16 0H8v2h12v-2z\" fill=\"currentColor\"><\/path><\/svg><svg style=\"fill: #999;color:#999\" class=\"arrow-unsorted-368013\" xmlns=\"http:\/\/www.w3.org\/2000\/svg\" width=\"10px\" height=\"10px\" viewbox=\"0 0 24 24\" version=\"1.2\" baseprofile=\"tiny\"><path d=\"M18.2 9.3l-6.2-6.3-6.2 6.3c-.2.2-.3.4-.3.7s.1.5.3.7c.2.2.4.3.7.3h11c.3 0 .5-.1.7-.3.2-.2.3-.5.3-.7s-.1-.5-.3-.7zM5.8 14.7l6.2 6.3 6.2-6.3c.2-.2.3-.5.3-.7s-.1-.5-.3-.7c-.2-.2-.4-.3-.7-.3h-11c-.3 0-.5.1-.7.3-.2.2-.3.5-.3.7s.1.5.3.7z\"\/><\/svg><\/span><\/span><\/span><\/a><\/span><\/div>\n<nav><ul class='ez-toc-list ez-toc-list-level-1 eztoc-toggle-hide-by-default' ><li class='ez-toc-page-1 ez-toc-heading-level-2'><a class=\"ez-toc-link ez-toc-heading-1\" href=\"https:\/\/coinkickoff.com\/nb\/how-to-buy-litecoin\/how-to-buy-litecoin-on-kucoin\/#How_to_Buy_Litecoin_on_Kucoin\" >Slik kj\u00f8per du Litecoin p\u00e5 Kucoin<\/a><\/li><li class='ez-toc-page-1 ez-toc-heading-level-2'><a class=\"ez-toc-link ez-toc-heading-2\" href=\"https:\/\/coinkickoff.com\/nb\/how-to-buy-litecoin\/how-to-buy-litecoin-on-kucoin\/#A_Step-By-Step_Guide_on_How_to_Buy_Litecoin_on_Kucoin\" >En trinn-for-trinn-guide for hvordan du kj\u00f8per Litecoin p\u00e5 Kucoin<\/a><ul class='ez-toc-list-level-3' ><li class='ez-toc-heading-level-3'><a class=\"ez-toc-link ez-toc-heading-3\" href=\"https:\/\/coinkickoff.com\/nb\/how-to-buy-litecoin\/how-to-buy-litecoin-on-kucoin\/#1_Register_an_Account\" >1. Registrer en konto<\/a><\/li><li class='ez-toc-page-1 ez-toc-heading-level-3'><a class=\"ez-toc-link ez-toc-heading-4\" href=\"https:\/\/coinkickoff.com\/nb\/how-to-buy-litecoin\/how-to-buy-litecoin-on-kucoin\/#2_Verify_Your_Account\" >2. Bekreft kontoen din<\/a><\/li><li class='ez-toc-page-1 ez-toc-heading-level-3'><a class=\"ez-toc-link ez-toc-heading-5\" href=\"https:\/\/coinkickoff.com\/nb\/how-to-buy-litecoin\/how-to-buy-litecoin-on-kucoin\/#3_Deposit_Crypto\" >3. Sette inn kryptovaluta<\/a><\/li><li class='ez-toc-page-1 ez-toc-heading-level-3'><a class=\"ez-toc-link ez-toc-heading-6\" href=\"https:\/\/coinkickoff.com\/nb\/how-to-buy-litecoin\/how-to-buy-litecoin-on-kucoin\/#4_Navigate_to_the_Relevant_Screen_to_Buy\" >4. Naviger til det relevante skjermbildet for \u00e5 kj\u00f8pe<\/a><ul class='ez-toc-list-level-4' ><li class='ez-toc-heading-level-4'><a class=\"ez-toc-link ez-toc-heading-7\" href=\"https:\/\/coinkickoff.com\/nb\/how-to-buy-litecoin\/how-to-buy-litecoin-on-kucoin\/#Fast_Trade\" >Rask handel<\/a><\/li><li class='ez-toc-page-1 ez-toc-heading-level-4'><a class=\"ez-toc-link ez-toc-heading-8\" href=\"https:\/\/coinkickoff.com\/nb\/how-to-buy-litecoin\/how-to-buy-litecoin-on-kucoin\/#Third-Party\" >Tredjepart<\/a><\/li><li class='ez-toc-page-1 ez-toc-heading-level-4'><a class=\"ez-toc-link ez-toc-heading-9\" href=\"https:\/\/coinkickoff.com\/nb\/how-to-buy-litecoin\/how-to-buy-litecoin-on-kucoin\/#How_to_Buy_Litecoin_with_Crypto\" >Hvordan kj\u00f8pe Litecoin med krypto<\/a><\/li><\/ul><\/li><\/ul><\/li><\/ul><\/nav><\/div>\n<h2><span class=\"ez-toc-section\" id=\"How_to_Buy_Litecoin_on_Kucoin\"><\/span><span style=\"font-weight: 400;\">Slik kj\u00f8per du Litecoin p\u00e5 Kucoin<\/span><span class=\"ez-toc-section-end\"><\/span><\/h2>\n<p><span style=\"font-weight: 400;\">Hvis du trenger veiledning om hvordan du kj\u00f8per <a href=\"https:\/\/coinkickoff.com\/nb\/litecoin-ltc\/\" data-internallinksmanager029f6b8e52c=\"21\" title=\"Hva er Litecoin (LTC)? Pris, historie og hvor du kan kj\u00f8pe\">Litecoin<\/a> p\u00e5 <a href=\"https:\/\/coinkickoff.com\/nb\/kucoin-review\/\" data-internallinksmanager029f6b8e52c=\"153\" title=\"KuCoin Anmeldelser 2023: Avgifter, sikkerhet, fordeler og ulemper\">Kucoin<\/a>, er du p\u00e5 rett sted! La oss se hvordan du kj\u00f8per LTC p\u00e5 Kucoin i noen f\u00e5 enkle trinn.<\/span><\/p>\n<h2><span class=\"ez-toc-section\" id=\"A_Step-By-Step_Guide_on_How_to_Buy_Litecoin_on_Kucoin\"><\/span><span style=\"font-weight: 400;\">En trinn-for-trinn-guide for hvordan du kj\u00f8per Litecoin p\u00e5 Kucoin<\/span><span class=\"ez-toc-section-end\"><\/span><\/h2>\n<h3><span class=\"ez-toc-section\" id=\"1_Register_an_Account\"><\/span><span style=\"font-weight: 400;\">1. Registrer en konto<\/span><span class=\"ez-toc-section-end\"><\/span><\/h3>\n<p><img loading=\"lazy\" decoding=\"async\" class=\"alignnone wp-image-3269 size-full\" src=\"https:\/\/coinkickoff.com\/wp-content\/uploads\/kucoin-register.png\" alt=\"kj\u00f8p doge p\u00e5 kucoin-registeret\" width=\"1421\" height=\"788\" srcset=\"https:\/\/coinkickoff.com\/wp-content\/uploads\/kucoin-register.png 1421w, https:\/\/coinkickoff.com\/wp-content\/uploads\/kucoin-register-300x166.png 300w, https:\/\/coinkickoff.com\/wp-content\/uploads\/kucoin-register-1024x568.png 1024w, https:\/\/coinkickoff.com\/wp-content\/uploads\/kucoin-register-768x426.png 768w, https:\/\/coinkickoff.com\/wp-content\/uploads\/kucoin-register-18x10.png 18w\" sizes=\"auto, (max-width: 1421px) 100vw, 1421px\" \/><\/p>\n<p><span style=\"font-weight: 400;\">G\u00e5 til <\/span><a href=\"https:\/\/www.kucoin.com\/r\/af\/rMJPV3B\" target=\"_blank\" rel=\"noopener\"><span style=\"font-weight: 400;\">Kucoin<\/span><\/a><span style=\"font-weight: 400;\"> og registrer deg med e-postadressen eller telefonnummeret ditt.\u00a0<\/span><\/p>\n<h3><span class=\"ez-toc-section\" id=\"2_Verify_Your_Account\"><\/span><span style=\"font-weight: 400;\">2. Bekreft kontoen din<\/span><span class=\"ez-toc-section-end\"><\/span><\/h3>\n<p><span style=\"font-weight: 400;\">Hvis du eier digitale eiendeler du kan handle for Litecoin, trenger du ikke \u00e5 bekrefte identiteten din. Du kan g\u00e5 til neste trinn for \u00e5 se hvordan du setter inn kryptoaktiva til Kucoin.<\/span><\/p>\n<p><span style=\"font-weight: 400;\">Hvis du ikke har noen digitale eiendeler enn\u00e5, trenger du ikke bekymre deg! Identitetsverifisering er sv\u00e6rt enkelt og kan gjennomf\u00f8res p\u00e5 noen f\u00e5 minutter.<\/span><\/p>\n<p><span style=\"font-weight: 400;\">Du ser brukernavnet ditt \u00f8verst til h\u00f8yre p\u00e5 siden. Det tar deg til brukerprofilen din.<\/span><\/p>\n<p><span style=\"font-weight: 400;\">G\u00e5 til fanen \"Identitetsbekreftelse\" i profilen din og klikk p\u00e5 \"Bekreft\" under \"Avanserte funksjoner\".<\/span><\/p>\n<p><img loading=\"lazy\" decoding=\"async\" class=\"alignnone wp-image-3272 size-full\" src=\"https:\/\/coinkickoff.com\/wp-content\/uploads\/kucoin-identity-verification.png\" alt=\"kucoin ID-verifisering 1\" width=\"1420\" height=\"785\" srcset=\"https:\/\/coinkickoff.com\/wp-content\/uploads\/kucoin-identity-verification.png 1420w, https:\/\/coinkickoff.com\/wp-content\/uploads\/kucoin-identity-verification-300x166.png 300w, https:\/\/coinkickoff.com\/wp-content\/uploads\/kucoin-identity-verification-1024x566.png 1024w, https:\/\/coinkickoff.com\/wp-content\/uploads\/kucoin-identity-verification-768x425.png 768w, https:\/\/coinkickoff.com\/wp-content\/uploads\/kucoin-identity-verification-18x10.png 18w\" sizes=\"auto, (max-width: 1420px) 100vw, 1420px\" \/><\/p>\n<p><span style=\"font-weight: 400;\">Ved \u00e5 fullf\u00f8re avansert verifisering kan du sette inn og ta ut fiat-penger p\u00e5 Kucoin. Det vil ogs\u00e5 \u00f8ke handels- og uttaksgrensene dine betraktelig.<\/span><\/p>\n<p><span style=\"font-weight: 400;\">Verifiseringssystemet er enkelt - det er bare \u00e5 fylle ut et sp\u00f8rreskjema med personopplysninger, laste opp en offentlig utstedt ID for \u00e5 verifisere opplysningene dine og fullf\u00f8re ansiktsverifiseringen.<\/span><\/p>\n<p><img loading=\"lazy\" decoding=\"async\" class=\"alignnone wp-image-3270 size-full\" src=\"https:\/\/coinkickoff.com\/wp-content\/uploads\/kucoin-id-verification-2.png\" alt=\"kucoin identitetsbekreftelse 2\" width=\"1407\" height=\"706\" srcset=\"https:\/\/coinkickoff.com\/wp-content\/uploads\/kucoin-id-verification-2.png 1407w, https:\/\/coinkickoff.com\/wp-content\/uploads\/kucoin-id-verification-2-300x151.png 300w, https:\/\/coinkickoff.com\/wp-content\/uploads\/kucoin-id-verification-2-1024x514.png 1024w, https:\/\/coinkickoff.com\/wp-content\/uploads\/kucoin-id-verification-2-768x385.png 768w, https:\/\/coinkickoff.com\/wp-content\/uploads\/kucoin-id-verification-2-18x9.png 18w\" sizes=\"auto, (max-width: 1407px) 100vw, 1407px\" \/><\/p>\n<p><span style=\"font-weight: 400;\">Du kan bruke et nasjonalt ID-kort, f\u00f8rerkort eller en passside for \u00e5 bekrefte ID-en din. Ha ID-dokumentet klart, og klikk p\u00e5 \"Godta og fortsett\".<\/span><\/p>\n<p><img loading=\"lazy\" decoding=\"async\" class=\"alignnone wp-image-3271 size-full\" src=\"https:\/\/coinkickoff.com\/wp-content\/uploads\/kucoin-id-verification-3.png\" alt=\"kucoin ID-verifisering 3 \" width=\"1412\" height=\"789\" srcset=\"https:\/\/coinkickoff.com\/wp-content\/uploads\/kucoin-id-verification-3.png 1412w, https:\/\/coinkickoff.com\/wp-content\/uploads\/kucoin-id-verification-3-300x168.png 300w, https:\/\/coinkickoff.com\/wp-content\/uploads\/kucoin-id-verification-3-1024x572.png 1024w, https:\/\/coinkickoff.com\/wp-content\/uploads\/kucoin-id-verification-3-768x429.png 768w, https:\/\/coinkickoff.com\/wp-content\/uploads\/kucoin-id-verification-3-18x10.png 18w\" sizes=\"auto, (max-width: 1412px) 100vw, 1412px\" \/><\/p>\n<p><span style=\"font-weight: 400;\">Skriv inn informasjonen din og klikk p\u00e5 \"Neste\". F\u00f8lg instruksjonene p\u00e5 skjermen for \u00e5 fullf\u00f8re identitetsbekreftelsen.<\/span><\/p>\n<h3><span class=\"ez-toc-section\" id=\"3_Deposit_Crypto\"><\/span><span style=\"font-weight: 400;\">3. Sette inn kryptovaluta<\/span><span class=\"ez-toc-section-end\"><\/span><\/h3>\n<p><span style=\"font-weight: 400;\">Hvis du har digitale eiendeler i en ekstern lommebok, kan du overf\u00f8re dem til Kucoin og bytte dem mot LTC p\u00e5 spotmarkedet. Hvis det ikke er et alternativ for deg, kan du g\u00e5 videre til neste trinn for \u00e5 se hvordan du kan kj\u00f8pe Litecoin med fiat-penger.<\/span><\/p>\n<p><span style=\"font-weight: 400;\">Klikk p\u00e5 \"Assets\"-menyen \u00f8verst til h\u00f8yre p\u00e5 nettsiden.<\/span><\/p>\n<p><img loading=\"lazy\" decoding=\"async\" class=\"alignnone wp-image-3273 size-full\" src=\"https:\/\/coinkickoff.com\/wp-content\/uploads\/kucoin-deposit.png\" alt=\"kucoin innskuddsmidler 1\" width=\"1427\" height=\"758\" srcset=\"https:\/\/coinkickoff.com\/wp-content\/uploads\/kucoin-deposit.png 1427w, https:\/\/coinkickoff.com\/wp-content\/uploads\/kucoin-deposit-300x159.png 300w, https:\/\/coinkickoff.com\/wp-content\/uploads\/kucoin-deposit-1024x544.png 1024w, https:\/\/coinkickoff.com\/wp-content\/uploads\/kucoin-deposit-768x408.png 768w, https:\/\/coinkickoff.com\/wp-content\/uploads\/kucoin-deposit-18x10.png 18w\" sizes=\"auto, (max-width: 1427px) 100vw, 1427px\" \/><\/p>\n<p><span style=\"font-weight: 400;\">Du kan se alle saldiene dine her. Klikk p\u00e5 \"Innskudd\"-knappen og velg den digitale valutaen du vil overf\u00f8re til Kucoin.<\/span><\/p>\n<p><span style=\"font-weight: 400;\">Hvis du for eksempel ga <a href=\"https:\/\/coinkickoff.com\/nb\/tether-usdt\/\" data-internallinksmanager029f6b8e52c=\"3\" title=\"Hva er Tether (USDT)? Hvordan fungerer det og hvor kan jeg kj\u00f8pe det?\">USDT<\/a>, klikk p\u00e5 USDT og du vil f\u00e5 en QR-kode. Denne QR-koden representerer din USDT-adresse p\u00e5 Kucoin. N\u00e5r du vil overf\u00f8re USDT til Kucoin, bruker du denne QR-koden som uttaksadresse.<\/span><\/p>\n<p><span style=\"font-weight: 400;\">Bruk aldri en USDT-lommebokadresse til \u00e5 overf\u00f8re andre kryptovalutaer. Hver lommebokadresse er valutaspesifikk: Du kan bare overf\u00f8re BTC til en <a href=\"https:\/\/coinkickoff.com\/nb\/bitcoin-btc\/\" data-internallinksmanager029f6b8e52c=\"1\" title=\"Hva er Bitcoin (BTC)? Pris, historie og hvor du kan kj\u00f8pe\">Bitcoin<\/a> adresse, ETH til en <a href=\"https:\/\/coinkickoff.com\/nb\/ethereum-eth\/\" data-internallinksmanager029f6b8e52c=\"2\" title=\"Hva er Ethereum (ETH)? Pris, historie og hvor du kan kj\u00f8pe\">Ethereum<\/a> adresse, <a href=\"https:\/\/coinkickoff.com\/nb\/polkadot-dot\/\" data-internallinksmanager029f6b8e52c=\"12\" title=\"Hva er Polkadot (DOT)? Hvordan fungerer det og hvor kan jeg kj\u00f8pe det?\">Polkadot<\/a> til en DOT-adresse, og s\u00e5 videre.<\/span><\/p>\n<h3><span class=\"ez-toc-section\" id=\"4_Navigate_to_the_Relevant_Screen_to_Buy\"><\/span><span style=\"font-weight: 400;\">4. Naviger til det relevante skjermbildet for \u00e5 kj\u00f8pe<\/span><span class=\"ez-toc-section-end\"><\/span><\/h3>\n<p><span style=\"font-weight: 400;\">Klikk p\u00e5 \"Kj\u00f8p krypto\"-menyen p\u00e5 hjemmesiden din. Du vil se flere alternativer, for eksempel \"Fast Trade\", \"P2P\" og \"Third-Party\".<\/span><\/p>\n<p><span style=\"font-weight: 400;\">Du kan ikke kj\u00f8pe Litecoin med P2P-transaksjoner, men de to andre er fullt brukbare og ganske enkle \u00e5 bruke.<\/span><\/p>\n<p><img loading=\"lazy\" decoding=\"async\" class=\"alignnone wp-image-3274 size-full\" src=\"https:\/\/coinkickoff.com\/wp-content\/uploads\/kucoin-buy-crypto.png\" alt=\"kucoin kj\u00f8pe skjerm\" width=\"1418\" height=\"692\" srcset=\"https:\/\/coinkickoff.com\/wp-content\/uploads\/kucoin-buy-crypto.png 1418w, https:\/\/coinkickoff.com\/wp-content\/uploads\/kucoin-buy-crypto-300x146.png 300w, https:\/\/coinkickoff.com\/wp-content\/uploads\/kucoin-buy-crypto-1024x500.png 1024w, https:\/\/coinkickoff.com\/wp-content\/uploads\/kucoin-buy-crypto-768x375.png 768w, https:\/\/coinkickoff.com\/wp-content\/uploads\/kucoin-buy-crypto-18x9.png 18w\" sizes=\"auto, (max-width: 1418px) 100vw, 1418px\" \/><\/p>\n<p><span style=\"font-weight: 400;\">Hovedforskjellen mellom en hurtighandel og en tredjepartstransaksjon er betalingsm\u00e5ten. Med hurtighandel kan du bruke kredittkortet ditt til \u00e5 kj\u00f8pe Litecoin, og med tredjepart kan du bruke betalingsbehandlere som Simplex og Banxa.<\/span><\/p>\n<h4><span class=\"ez-toc-section\" id=\"Fast_Trade\"><\/span><span style=\"font-weight: 400;\">Rask handel<\/span><span class=\"ez-toc-section-end\"><\/span><\/h4>\n<p><span style=\"font-weight: 400;\">Skriv inn bel\u00f8pet du vil investere i kolonnen \"Jeg vil bruke\".<\/span><\/p>\n<h4><img loading=\"lazy\" decoding=\"async\" class=\"alignnone wp-image-3275 size-full\" style=\"font-family: Muli, sans-serif;\" src=\"https:\/\/coinkickoff.com\/wp-content\/uploads\/kucoin-buy-crypto-one-click.png\" alt=\"kucoin ett klikk kj\u00f8p\" width=\"1421\" height=\"770\" srcset=\"https:\/\/coinkickoff.com\/wp-content\/uploads\/kucoin-buy-crypto-one-click.png 1421w, https:\/\/coinkickoff.com\/wp-content\/uploads\/kucoin-buy-crypto-one-click-300x163.png 300w, https:\/\/coinkickoff.com\/wp-content\/uploads\/kucoin-buy-crypto-one-click-1024x555.png 1024w, https:\/\/coinkickoff.com\/wp-content\/uploads\/kucoin-buy-crypto-one-click-768x416.png 768w, https:\/\/coinkickoff.com\/wp-content\/uploads\/kucoin-buy-crypto-one-click-18x10.png 18w\" sizes=\"auto, (max-width: 1421px) 100vw, 1421px\" \/><\/h4>\n<p><span style=\"font-weight: 400;\">Sett kolonnen \"Receive\" til Litecoin.<\/span><\/p>\n<p><img loading=\"lazy\" decoding=\"async\" class=\"alignnone wp-image-3276 size-full\" src=\"https:\/\/coinkickoff.com\/wp-content\/uploads\/kucoin-select-paymnet-method.png\" alt=\"hvordan du kj\u00f8per Polygon p\u00e5 Kucoin\" width=\"1424\" height=\"794\" srcset=\"https:\/\/coinkickoff.com\/wp-content\/uploads\/kucoin-select-paymnet-method.png 1424w, https:\/\/coinkickoff.com\/wp-content\/uploads\/kucoin-select-paymnet-method-300x167.png 300w, https:\/\/coinkickoff.com\/wp-content\/uploads\/kucoin-select-paymnet-method-1024x571.png 1024w, https:\/\/coinkickoff.com\/wp-content\/uploads\/kucoin-select-paymnet-method-768x428.png 768w, https:\/\/coinkickoff.com\/wp-content\/uploads\/kucoin-select-paymnet-method-18x10.png 18w\" sizes=\"auto, (max-width: 1424px) 100vw, 1424px\" \/><\/p>\n<p><span style=\"font-weight: 400;\">Til slutt legger du til en betalingsm\u00e5te. Som du kan se, har du muligheten til \u00e5 legge til et debet- eller kredittkort p\u00e5 Kucoin-kontoen din. N\u00e5r du har lagt til et kort, kan du bruke det til dine neste kj\u00f8p.<\/span><\/p>\n<p><span style=\"font-weight: 400;\">Skriv inn kortopplysningene dine og trykk p\u00e5 \"Kj\u00f8p LTC\". Du f\u00e5r en forh\u00e5ndsvisning av bestillingsdetaljene, inkludert alle avgifter som gjelder. Hvis det ser bra ut, klikker du p\u00e5 \"Bekreft\". Kj\u00f8pet fullf\u00f8res umiddelbart.<\/span><\/p>\n<p><span style=\"font-weight: 400;\">Hva om du ikke kan bruke debet-\/kredittkortet ditt til \u00e5 kj\u00f8pe Litecoin gjennom Fast Trade? Dette kan skyldes flere \u00e5rsaker, blant annet restriksjoner fra banken din og\/eller Fast Trade-feil.<\/span><\/p>\n<p><span style=\"font-weight: 400;\">Alternativt kan du f\u00f8le deg ukomfortabel med \u00e5 legge igjen kortinformasjonen din p\u00e5 Kucoin. I s\u00e5 fall kan du velge \u00e5 kj\u00f8pe fra tredjepart.<\/span><\/p>\n<h4><span class=\"ez-toc-section\" id=\"Third-Party\"><\/span><span style=\"font-weight: 400;\">Tredjepart<\/span><span class=\"ez-toc-section-end\"><\/span><\/h4>\n<p><span style=\"font-weight: 400;\">Med tredjepartskj\u00f8p kan du betale for kj\u00f8pet via uavhengige betalingskanaler. Disse betalingskanalene selger krypto til sine egne priser, som vanligvis er h\u00f8yere enn prisene p\u00e5 spotmarkedet, men som tilsvarer prisene p\u00e5 hurtighandel.<\/span><\/p>\n<p><img loading=\"lazy\" decoding=\"async\" class=\"alignnone wp-image-3278 size-full\" src=\"https:\/\/coinkickoff.com\/wp-content\/uploads\/kucoin-screenshot.png\" alt=\"Slik kj\u00f8per du Cardano p\u00e5 Kucoin slik kj\u00f8per du polkadot p\u00e5 kucoin slik kj\u00f8per du Litecoin p\u00e5 Kucoin\" width=\"1436\" height=\"673\" srcset=\"https:\/\/coinkickoff.com\/wp-content\/uploads\/kucoin-screenshot.png 1436w, https:\/\/coinkickoff.com\/wp-content\/uploads\/kucoin-screenshot-300x141.png 300w, https:\/\/coinkickoff.com\/wp-content\/uploads\/kucoin-screenshot-1024x480.png 1024w, https:\/\/coinkickoff.com\/wp-content\/uploads\/kucoin-screenshot-768x360.png 768w, https:\/\/coinkickoff.com\/wp-content\/uploads\/kucoin-screenshot-18x8.png 18w\" sizes=\"auto, (max-width: 1436px) 100vw, 1436px\" \/><\/p>\n<p><span style=\"font-weight: 400;\">Tredjepartskj\u00f8pet er veldig enkelt \u00e5 navigere: skriv inn bel\u00f8pet du vil bruke, og velg Litecoin som valuta du vil motta.<\/span><\/p>\n<p><span style=\"font-weight: 400;\">Velg betalingsm\u00e5te og betalingsbehandler. Klikk p\u00e5 \"Bekreft\" for \u00e5 fortsette.<\/span><\/p>\n<p><span style=\"font-weight: 400;\">P\u00e5 dette tidspunktet vil du forlate Kucoin-nettstedet for nettstedet til betalingsbehandleren. Hvis du allerede har en konto, kan du fullf\u00f8re transaksjonen umiddelbart. Hvis du ikke har en konto, kan du raskt opprette den og fullf\u00f8re transaksjonen.\u00a0<\/span><\/p>\n<h4><span class=\"ez-toc-section\" id=\"How_to_Buy_Litecoin_with_Crypto\"><\/span><span style=\"font-weight: 400;\">Hvordan kj\u00f8pe Litecoin med krypto<\/span><span class=\"ez-toc-section-end\"><\/span><\/h4>\n<p><span style=\"font-weight: 400;\">Til slutt kan du kj\u00f8pe Litecoin p\u00e5 Kucoin-spotmarkedet med kryptovalutaer.\u00a0<\/span><\/p>\n<p><span style=\"font-weight: 400;\">P\u00e5 dashbordet velger du \"Trade\"-menyen og trykker p\u00e5 Spot Trading.\" Du vil se flere sammenkoblinger p\u00e5 siden, for eksempel BTC\/USDT, ETH\/USDT, <a href=\"https:\/\/coinkickoff.com\/nb\/dogecoin-doge\/\" data-internallinksmanager029f6b8e52c=\"14\" title=\"Hva er Dogecoin (DOGE)? Hvordan fungerer det og hvor kan jeg kj\u00f8pe det?\">DOGE<\/a>\/USDT, og s\u00e5 videre.\u00a0<\/span><\/p>\n<p><span style=\"font-weight: 400;\">En betydelig del av all kryptohandel foreg\u00e5r i USDT, s\u00e5 du kan kj\u00f8pe og selge det meste av coins for USDT, inkludert Litecoin.\u00a0<\/span><\/p>\n<p><span style=\"font-weight: 400;\">Hvis du for eksempel har Polkadot, kan du kanskje ikke bytte den direkte mot Litecoin, men du kan bytte den mot USDT og deretter bruke USDT til \u00e5 kj\u00f8pe LTC.<\/span><\/p>\n<p><span style=\"font-weight: 400;\">F\u00f8rst velger du handelsparet du vil bytte (for eksempel LTC\/USDT). Deretter fyller du ut bestillingsskjemaet ved \u00e5 justere mengden USDT du vil bruke p\u00e5 LTC.<\/span><\/p>\n<p><span style=\"font-weight: 400;\">Kucoin lar deg legge inn \"Market\"- og \"Limit\"-ordrer. For nybegynnere foresl\u00e5r vi at du velger en markedsordre. Hvis du \u00f8nsker \u00e5 utforske andre alternativer, kan du lese mer om <\/span><a href=\"https:\/\/www.kucoin.com\/support\/900006714063\" target=\"_blank\" rel=\"noopener\"><span style=\"font-weight: 400;\">forskjellige ordretyper<\/span><\/a><span style=\"font-weight: 400;\"> f\u00f8r du fortsetter<\/span><\/p>\n<p><span style=\"font-weight: 400;\">N\u00e5r du er ferdig, klikker du p\u00e5 \"Kj\u00f8p\".<\/span><\/p>\n<p><span style=\"font-weight: 400;\">Du vet n\u00e5 tre forskjellige m\u00e5ter \u00e5 kj\u00f8pe Litecoin p\u00e5 Kucoin! Hvis du likte v\u00e5r \"<\/span><i><span style=\"font-weight: 400;\">Hvordan kj\u00f8pe Litecoin p\u00e5 Kucoin\"<\/span><\/i><span style=\"font-weight: 400;\"> guide, vil du kanskje ogs\u00e5 like v\u00e5r <\/span><a href=\"https:\/\/coinkickoff.com\/nb\/crypto-exchanges\/\"><span style=\"font-weight: 400;\">utveksle vurderinger<\/span><\/a><span style=\"font-weight: 400;\"> og <a href=\"https:\/\/coinkickoff.com\/nb\/how-to-buy-bitcoin\/\">andre guider<\/a>.<\/span><\/p>","protected":false},"excerpt":{"rendered":"<p>Hvordan kj\u00f8pe Litecoin p\u00e5 Kucoin Hvis du trenger litt veiledning om hvordan du kj\u00f8per Litecoin p\u00e5 Kucoin, er du p\u00e5 rett sted! La oss se hvordan du kj\u00f8per LTC p\u00e5 Kucoin i noen f\u00e5 enkle trinn. En trinnvis veiledning om hvordan du kj\u00f8per Litecoin p\u00e5 Kucoin 1. Registrer en konto G\u00e5 til Kucoin [...]<\/p>","protected":false},"author":3,"featured_media":0,"parent":4392,"menu_order":0,"comment_status":"closed","ping_status":"closed","template":"","meta":{"_genesis_hide_title":false,"_genesis_hide_breadcrumbs":false,"_genesis_hide_singular_image":false,"_genesis_hide_footer_widgets":false,"_genesis_custom_body_class":"","_genesis_custom_post_class":"","_genesis_layout":"","_glsr_average":0,"_glsr_ranking":0,"_glsr_reviews":0,"footnotes":""},"class_list":{"0":"post-4404","1":"page","2":"type-page","3":"status-publish","5":"entry"},"featured_image_src":null,"featured_image_src_square":null,"_links":{"self":[{"href":"https:\/\/coinkickoff.com\/nb\/wp-json\/wp\/v2\/pages\/4404","targetHints":{"allow":["GET"]}}],"collection":[{"href":"https:\/\/coinkickoff.com\/nb\/wp-json\/wp\/v2\/pages"}],"about":[{"href":"https:\/\/coinkickoff.com\/nb\/wp-json\/wp\/v2\/types\/page"}],"author":[{"embeddable":true,"href":"https:\/\/coinkickoff.com\/nb\/wp-json\/wp\/v2\/users\/3"}],"replies":[{"embeddable":true,"href":"https:\/\/coinkickoff.com\/nb\/wp-json\/wp\/v2\/comments?post=4404"}],"version-history":[{"count":2,"href":"https:\/\/coinkickoff.com\/nb\/wp-json\/wp\/v2\/pages\/4404\/revisions"}],"predecessor-version":[{"id":4406,"href":"https:\/\/coinkickoff.com\/nb\/wp-json\/wp\/v2\/pages\/4404\/revisions\/4406"}],"up":[{"embeddable":true,"href":"https:\/\/coinkickoff.com\/nb\/wp-json\/wp\/v2\/pages\/4392"}],"wp:attachment":[{"href":"https:\/\/coinkickoff.com\/nb\/wp-json\/wp\/v2\/media?parent=4404"}],"curies":[{"name":"wp","href":"https:\/\/api.w.org\/{rel}","templated":true}]}}