{"id":4232,"date":"2026-01-08T14:07:07","date_gmt":"2026-01-08T14:07:07","guid":{"rendered":"https:\/\/coinkickoff.com\/?page_id=4232"},"modified":"2026-01-08T14:07:07","modified_gmt":"2026-01-08T14:07:07","slug":"how-to-buy-polkadot-on-coinbase","status":"publish","type":"page","link":"https:\/\/coinkickoff.com\/nb\/how-to-buy-polkadot\/how-to-buy-polkadot-on-coinbase\/","title":{"rendered":"Hvordan kj\u00f8pe Polkadot p\u00e5 Coinbase"},"content":{"rendered":"<div id=\"ez-toc-container\" class=\"ez-toc-v2_0_80 counter-hierarchy ez-toc-counter ez-toc-transparent ez-toc-container-direction\">\n<div class=\"ez-toc-title-container\">\n<p class=\"ez-toc-title\" style=\"cursor:inherit\">Seksjoner<\/p>\n<span class=\"ez-toc-title-toggle\"><a href=\"#\" class=\"ez-toc-pull-right ez-toc-btn ez-toc-btn-xs ez-toc-btn-default ez-toc-toggle\" aria-label=\"Bytt innholdsfortegnelse\"><span class=\"ez-toc-js-icon-con\"><span class=\"\"><span class=\"eztoc-hide\" style=\"display:none;\">Toggle<\/span><span class=\"ez-toc-icon-toggle-span\"><svg style=\"fill: #999;color:#999\" xmlns=\"http:\/\/www.w3.org\/2000\/svg\" class=\"list-377408\" width=\"20px\" height=\"20px\" viewbox=\"0 0 24 24\" fill=\"none\"><path d=\"M6 6H4v2h2V6zm14 0H8v2h12V6zM4 11h2v2H4v-2zm16 0H8v2h12v-2zM4 16h2v2H4v-2zm16 0H8v2h12v-2z\" fill=\"currentColor\"><\/path><\/svg><svg style=\"fill: #999;color:#999\" class=\"arrow-unsorted-368013\" xmlns=\"http:\/\/www.w3.org\/2000\/svg\" width=\"10px\" height=\"10px\" viewbox=\"0 0 24 24\" version=\"1.2\" baseprofile=\"tiny\"><path d=\"M18.2 9.3l-6.2-6.3-6.2 6.3c-.2.2-.3.4-.3.7s.1.5.3.7c.2.2.4.3.7.3h11c.3 0 .5-.1.7-.3.2-.2.3-.5.3-.7s-.1-.5-.3-.7zM5.8 14.7l6.2 6.3 6.2-6.3c.2-.2.3-.5.3-.7s-.1-.5-.3-.7c-.2-.2-.4-.3-.7-.3h-11c-.3 0-.5.1-.7.3-.2.2-.3.5-.3.7s.1.5.3.7z\"\/><\/svg><\/span><\/span><\/span><\/a><\/span><\/div>\n<nav><ul class='ez-toc-list ez-toc-list-level-1 eztoc-toggle-hide-by-default' ><li class='ez-toc-page-1 ez-toc-heading-level-2'><a class=\"ez-toc-link ez-toc-heading-1\" href=\"https:\/\/coinkickoff.com\/nb\/how-to-buy-polkadot\/how-to-buy-polkadot-on-coinbase\/#How_to_Buy_Polkadot_on_Coinbase\" >Hvordan kj\u00f8pe Polkadot p\u00e5 Coinbase<\/a><\/li><li class='ez-toc-page-1 ez-toc-heading-level-2'><a class=\"ez-toc-link ez-toc-heading-2\" href=\"https:\/\/coinkickoff.com\/nb\/how-to-buy-polkadot\/how-to-buy-polkadot-on-coinbase\/#A_Step-By-Step_Guide_on_How_to_Buy_Polkadot_on_Coinbase\" >En trinnvis veiledning om hvordan du kj\u00f8per Polkadot p\u00e5 Coinbase<\/a><ul class='ez-toc-list-level-3' ><li class='ez-toc-heading-level-3'><a class=\"ez-toc-link ez-toc-heading-3\" href=\"https:\/\/coinkickoff.com\/nb\/how-to-buy-polkadot\/how-to-buy-polkadot-on-coinbase\/#1_Register_an_Account\" >1. Registrer en konto<\/a><\/li><li class='ez-toc-page-1 ez-toc-heading-level-3'><a class=\"ez-toc-link ez-toc-heading-4\" href=\"https:\/\/coinkickoff.com\/nb\/how-to-buy-polkadot\/how-to-buy-polkadot-on-coinbase\/#2_Verify_Your_Account\" >2. Bekreft kontoen din<\/a><\/li><li class='ez-toc-page-1 ez-toc-heading-level-3'><a class=\"ez-toc-link ez-toc-heading-5\" href=\"https:\/\/coinkickoff.com\/nb\/how-to-buy-polkadot\/how-to-buy-polkadot-on-coinbase\/#3_Add_a_Payment_Method\" >3. Legg til en betalingsm\u00e5te<\/a><\/li><li class='ez-toc-page-1 ez-toc-heading-level-3'><a class=\"ez-toc-link ez-toc-heading-6\" href=\"https:\/\/coinkickoff.com\/nb\/how-to-buy-polkadot\/how-to-buy-polkadot-on-coinbase\/#4_Navigate_to_the_Relevant_Screen_to_Buy\" >4. Naviger til det relevante skjermbildet for \u00e5 kj\u00f8pe<\/a><\/li><\/ul><\/li><\/ul><\/nav><\/div>\n<h2><span class=\"ez-toc-section\" id=\"How_to_Buy_Polkadot_on_Coinbase\"><\/span><span style=\"font-weight: 400;\">Hvordan kj\u00f8pe Polkadot p\u00e5 Coinbase<\/span><span class=\"ez-toc-section-end\"><\/span><\/h2>\n<p><span style=\"font-weight: 400;\">La oss se hvordan du kj\u00f8per <a href=\"https:\/\/coinkickoff.com\/nb\/polkadot-dot\/\" data-internallinksmanager029f6b8e52c=\"12\" title=\"Hva er Polkadot (DOT)? Hvordan fungerer det og hvor kan jeg kj\u00f8pe det?\">Polkadot<\/a> p\u00e5 <\/span><a href=\"https:\/\/coinkickoff.com\/nb\/coinbase-review\/\"><span style=\"font-weight: 400;\">Coinbase<\/span><\/a><span style=\"font-weight: 400;\"> med fiat-valutaer.<\/span><\/p>\n<h2><span class=\"ez-toc-section\" id=\"A_Step-By-Step_Guide_on_How_to_Buy_Polkadot_on_Coinbase\"><\/span><span style=\"font-weight: 400;\">En trinnvis veiledning om hvordan du kj\u00f8per Polkadot p\u00e5 Coinbase<\/span><span class=\"ez-toc-section-end\"><\/span><\/h2>\n<h3><span class=\"ez-toc-section\" id=\"1_Register_an_Account\"><\/span><span style=\"font-weight: 400;\">1. Registrer en konto<\/span><span class=\"ez-toc-section-end\"><\/span><\/h3>\n<p><img loading=\"lazy\" decoding=\"async\" class=\"alignnone wp-image-3527 size-large\" src=\"https:\/\/coinkickoff.com\/wp-content\/uploads\/Screen-Shot-2023-03-30-at-7.13.25-AM-e1686183370122-1024x538.png\" alt=\"\" width=\"1024\" height=\"538\" srcset=\"https:\/\/coinkickoff.com\/wp-content\/uploads\/Screen-Shot-2023-03-30-at-7.13.25-AM-e1686183370122-1024x538.png 1024w, https:\/\/coinkickoff.com\/wp-content\/uploads\/Screen-Shot-2023-03-30-at-7.13.25-AM-e1686183370122-300x158.png 300w, https:\/\/coinkickoff.com\/wp-content\/uploads\/Screen-Shot-2023-03-30-at-7.13.25-AM-e1686183370122-768x404.png 768w, https:\/\/coinkickoff.com\/wp-content\/uploads\/Screen-Shot-2023-03-30-at-7.13.25-AM-e1686183370122-18x9.png 18w, https:\/\/coinkickoff.com\/wp-content\/uploads\/Screen-Shot-2023-03-30-at-7.13.25-AM-e1686183370122.png 1277w\" sizes=\"auto, (max-width: 1024px) 100vw, 1024px\" \/><\/p>\n<p><span style=\"font-weight: 400;\">F\u00f8lg v\u00e5r lenke til <\/span><a href=\"https:\/\/coinbase-consumer.sjv.io\/ORPoaG\" target=\"_blank\" rel=\"noopener\"><span style=\"font-weight: 400;\">Coinbase<\/span><\/a><span style=\"font-weight: 400;\"> og registrer deg for en konto. <\/span><span style=\"font-weight: 400;\">Skriv inn fornavn, etternavn og e-postadresse for \u00e5 registrere deg.\u00a0<\/span><\/p>\n<h3><span class=\"ez-toc-section\" id=\"2_Verify_Your_Account\"><\/span><span style=\"font-weight: 400;\">2. Bekreft kontoen din<\/span><span class=\"ez-toc-section-end\"><\/span><\/h3>\n<p><span style=\"font-weight: 400;\">Du kan ikke kj\u00f8pe eller handle p\u00e5 <a href=\"https:\/\/coinkickoff.com\/nb\/coinbase-review\/\" data-internallinksmanager029f6b8e52c=\"142\" title=\"Coinbase Anmeldelser 2024: Funksjoner, avgifter, sikkerhet, fordeler og ulemper\">Coinbase<\/a> uten bekreftelse. N\u00e5r du har logget inn, klikker du p\u00e5 \"Bekreft ID-en din\".<\/span><\/p>\n<p><img loading=\"lazy\" decoding=\"async\" class=\"alignnone wp-image-3526 size-large\" src=\"https:\/\/coinkickoff.com\/wp-content\/uploads\/Screen-Shot-2023-03-30-at-6.16.20-AM-e1683779340546-1024x470.png\" alt=\"\" width=\"1024\" height=\"470\" srcset=\"https:\/\/coinkickoff.com\/wp-content\/uploads\/Screen-Shot-2023-03-30-at-6.16.20-AM-e1683779340546-1024x470.png 1024w, https:\/\/coinkickoff.com\/wp-content\/uploads\/Screen-Shot-2023-03-30-at-6.16.20-AM-e1683779340546-300x138.png 300w, https:\/\/coinkickoff.com\/wp-content\/uploads\/Screen-Shot-2023-03-30-at-6.16.20-AM-e1683779340546-768x352.png 768w, https:\/\/coinkickoff.com\/wp-content\/uploads\/Screen-Shot-2023-03-30-at-6.16.20-AM-e1683779340546-18x8.png 18w, https:\/\/coinkickoff.com\/wp-content\/uploads\/Screen-Shot-2023-03-30-at-6.16.20-AM-e1683779340546.png 1389w\" sizes=\"auto, (max-width: 1024px) 100vw, 1024px\" \/><\/p>\n<p><span style=\"font-weight: 400;\">Fyll ut skjemaet for ID-verifisering og klikk p\u00e5 Fortsett. Personopplysningene dine m\u00e5 stemme overens med ID-en din for at verifiseringen skal lykkes.<\/span><\/p>\n<p><img loading=\"lazy\" decoding=\"async\" class=\"alignnone wp-image-3525 size-full\" src=\"https:\/\/coinkickoff.com\/wp-content\/uploads\/Screen-Shot-2023-03-30-at-6.15.03-AM-e1683779367919.png\" alt=\"\" width=\"1436\" height=\"806\" srcset=\"https:\/\/coinkickoff.com\/wp-content\/uploads\/Screen-Shot-2023-03-30-at-6.15.03-AM-e1683779367919.png 1436w, https:\/\/coinkickoff.com\/wp-content\/uploads\/Screen-Shot-2023-03-30-at-6.15.03-AM-e1683779367919-300x168.png 300w, https:\/\/coinkickoff.com\/wp-content\/uploads\/Screen-Shot-2023-03-30-at-6.15.03-AM-e1683779367919-1024x575.png 1024w, https:\/\/coinkickoff.com\/wp-content\/uploads\/Screen-Shot-2023-03-30-at-6.15.03-AM-e1683779367919-768x431.png 768w, https:\/\/coinkickoff.com\/wp-content\/uploads\/Screen-Shot-2023-03-30-at-6.15.03-AM-e1683779367919-18x10.png 18w, https:\/\/coinkickoff.com\/wp-content\/uploads\/Screen-Shot-2023-03-30-at-6.15.03-AM-e1683779367919-600x338.png 600w\" sizes=\"auto, (max-width: 1436px) 100vw, 1436px\" \/><\/p>\n<p><span style=\"font-weight: 400;\">Til slutt m\u00e5 du sende inn en offisiell ID som f\u00f8rerkort eller pass. N\u00e5r du er bekreftet, kan du legge til betalingsmetoder eller sette inn kryptovaluta p\u00e5 kontoen din.<\/span><\/p>\n<h3><span class=\"ez-toc-section\" id=\"3_Add_a_Payment_Method\"><\/span><span style=\"font-weight: 400;\">3. Legg til en betalingsm\u00e5te<\/span><span class=\"ez-toc-section-end\"><\/span><\/h3>\n<p><span style=\"font-weight: 400;\">Klikk p\u00e5 profillogoen din for \u00e5 g\u00e5 til siden \"Innstillinger\". <\/span><\/p>\n<p><img loading=\"lazy\" decoding=\"async\" class=\"alignnone wp-image-3521 size-full\" src=\"https:\/\/coinkickoff.com\/wp-content\/uploads\/Screen-Shot-2023-03-29-at-10.44.01-PM-e1683779393247.png\" alt=\"\" width=\"1396\" height=\"673\" srcset=\"https:\/\/coinkickoff.com\/wp-content\/uploads\/Screen-Shot-2023-03-29-at-10.44.01-PM-e1683779393247.png 1396w, https:\/\/coinkickoff.com\/wp-content\/uploads\/Screen-Shot-2023-03-29-at-10.44.01-PM-e1683779393247-300x145.png 300w, https:\/\/coinkickoff.com\/wp-content\/uploads\/Screen-Shot-2023-03-29-at-10.44.01-PM-e1683779393247-1024x494.png 1024w, https:\/\/coinkickoff.com\/wp-content\/uploads\/Screen-Shot-2023-03-29-at-10.44.01-PM-e1683779393247-768x370.png 768w, https:\/\/coinkickoff.com\/wp-content\/uploads\/Screen-Shot-2023-03-29-at-10.44.01-PM-e1683779393247-18x9.png 18w\" sizes=\"auto, (max-width: 1396px) 100vw, 1396px\" \/><\/p>\n<p><span style=\"font-weight: 400;\">Velg \"Betalingsm\u00e5ter\".<\/span><\/p>\n<p><img loading=\"lazy\" decoding=\"async\" class=\"alignnone wp-image-3522 size-full\" src=\"https:\/\/coinkickoff.com\/wp-content\/uploads\/Screen-Shot-2023-03-29-at-10.44.08-PM-e1683779417928.png\" alt=\"\" width=\"1414\" height=\"719\" srcset=\"https:\/\/coinkickoff.com\/wp-content\/uploads\/Screen-Shot-2023-03-29-at-10.44.08-PM-e1683779417928.png 1414w, https:\/\/coinkickoff.com\/wp-content\/uploads\/Screen-Shot-2023-03-29-at-10.44.08-PM-e1683779417928-300x153.png 300w, https:\/\/coinkickoff.com\/wp-content\/uploads\/Screen-Shot-2023-03-29-at-10.44.08-PM-e1683779417928-1024x521.png 1024w, https:\/\/coinkickoff.com\/wp-content\/uploads\/Screen-Shot-2023-03-29-at-10.44.08-PM-e1683779417928-768x391.png 768w, https:\/\/coinkickoff.com\/wp-content\/uploads\/Screen-Shot-2023-03-29-at-10.44.08-PM-e1683779417928-18x9.png 18w\" sizes=\"auto, (max-width: 1414px) 100vw, 1414px\" \/><\/p>\n<p><span style=\"font-weight: 400;\">Klikk p\u00e5 knappen \"Legg til en betalingsm\u00e5te\".<\/span><\/p>\n<p><img loading=\"lazy\" decoding=\"async\" class=\"alignnone wp-image-3523 size-full\" src=\"https:\/\/coinkickoff.com\/wp-content\/uploads\/Screen-Shot-2023-03-29-at-10.44.22-PM-e1683779442560.png\" alt=\"\" width=\"1403\" height=\"737\" srcset=\"https:\/\/coinkickoff.com\/wp-content\/uploads\/Screen-Shot-2023-03-29-at-10.44.22-PM-e1683779442560.png 1403w, https:\/\/coinkickoff.com\/wp-content\/uploads\/Screen-Shot-2023-03-29-at-10.44.22-PM-e1683779442560-300x158.png 300w, https:\/\/coinkickoff.com\/wp-content\/uploads\/Screen-Shot-2023-03-29-at-10.44.22-PM-e1683779442560-1024x538.png 1024w, https:\/\/coinkickoff.com\/wp-content\/uploads\/Screen-Shot-2023-03-29-at-10.44.22-PM-e1683779442560-768x403.png 768w, https:\/\/coinkickoff.com\/wp-content\/uploads\/Screen-Shot-2023-03-29-at-10.44.22-PM-e1683779442560-18x9.png 18w\" sizes=\"auto, (max-width: 1403px) 100vw, 1403px\" \/><\/p>\n<p><span style=\"font-weight: 400;\">Velg \"Kreditt- og debetkort\". Du kan ogs\u00e5 legge til en nettbankkonto for bankinnskudd.<\/span><\/p>\n<p><span style=\"font-weight: 400;\">Selv om bankinnskudd er billigere enn kredittkortkj\u00f8p, kan det ta noen dager f\u00f8r de blir gjennomf\u00f8rt. Hvis du er villig til \u00e5 vente, klikker du p\u00e5 \"Bankinnskudd\" og f\u00f8lger instruksjonene p\u00e5 skjermen.\u00a0<\/span><\/p>\n<p><span style=\"font-weight: 400;\">Klikk p\u00e5 \"Legg til et kort\" og skriv inn kortopplysningene dine for kj\u00f8p med en gang.<\/span><\/p>\n<p><img loading=\"lazy\" decoding=\"async\" class=\"alignnone wp-image-3524 size-full\" src=\"https:\/\/coinkickoff.com\/wp-content\/uploads\/Screen-Shot-2023-03-29-at-10.44.29-PM-e1683779464552.png\" alt=\"\" width=\"1407\" height=\"730\" srcset=\"https:\/\/coinkickoff.com\/wp-content\/uploads\/Screen-Shot-2023-03-29-at-10.44.29-PM-e1683779464552.png 1407w, https:\/\/coinkickoff.com\/wp-content\/uploads\/Screen-Shot-2023-03-29-at-10.44.29-PM-e1683779464552-300x156.png 300w, https:\/\/coinkickoff.com\/wp-content\/uploads\/Screen-Shot-2023-03-29-at-10.44.29-PM-e1683779464552-1024x531.png 1024w, https:\/\/coinkickoff.com\/wp-content\/uploads\/Screen-Shot-2023-03-29-at-10.44.29-PM-e1683779464552-768x398.png 768w, https:\/\/coinkickoff.com\/wp-content\/uploads\/Screen-Shot-2023-03-29-at-10.44.29-PM-e1683779464552-18x9.png 18w\" sizes=\"auto, (max-width: 1407px) 100vw, 1407px\" \/><\/p>\n<p><span style=\"font-weight: 400;\">N\u00e5r du har lagt til et kort, kan du bruke det til \u00e5 kj\u00f8pe krypto p\u00e5 Coinbases \"Instant Buy\"-funksjon.<\/span><\/p>\n<h3><span class=\"ez-toc-section\" id=\"4_Navigate_to_the_Relevant_Screen_to_Buy\"><\/span><span style=\"font-weight: 400;\">4. Naviger til det relevante skjermbildet for \u00e5 kj\u00f8pe<\/span><span class=\"ez-toc-section-end\"><\/span><\/h3>\n<p><span style=\"font-weight: 400;\">Klikk p\u00e5 \"Kj\u00f8p og salg\" p\u00e5 startsiden. <\/span><\/p>\n<p><img loading=\"lazy\" decoding=\"async\" class=\"alignnone wp-image-3811 size-full\" src=\"https:\/\/coinkickoff.com\/wp-content\/uploads\/Screen-Shot-2023-06-08-at-3.20.32-AM-1-e1686183860887.png\" alt=\"hvordan kj\u00f8pe cardano p\u00e5 coinbase hvordan kj\u00f8pe polkadot p\u00e5 coinbase\" width=\"1440\" height=\"900\" \/><\/p>\n<p><span style=\"font-weight: 400;\">I bestillingsskjemaet velger du Polkadot (DOT) og en betalingsm\u00e5te. \u00d8verst angir du bel\u00f8pet du \u00f8nsker \u00e5 investere.<\/span><\/p>\n<p><span style=\"font-weight: 400;\">N\u00e5r du klikker p\u00e5 \"Forh\u00e5ndsvis kj\u00f8p\", viser Coinbase detaljene for kj\u00f8pet, inkludert hvor mye Polkadot du vil motta. <\/span><\/p>\n<p><img loading=\"lazy\" decoding=\"async\" class=\"alignnone wp-image-3519 size-full\" src=\"https:\/\/coinkickoff.com\/wp-content\/uploads\/Screen-Shot-2023-03-29-at-10.39.23-PM-e1683779487708.png\" alt=\"Hvordan kj\u00f8pe Polygon p\u00e5 Coinbase\" width=\"1439\" height=\"763\" srcset=\"https:\/\/coinkickoff.com\/wp-content\/uploads\/Screen-Shot-2023-03-29-at-10.39.23-PM-e1683779487708.png 1439w, https:\/\/coinkickoff.com\/wp-content\/uploads\/Screen-Shot-2023-03-29-at-10.39.23-PM-e1683779487708-300x159.png 300w, https:\/\/coinkickoff.com\/wp-content\/uploads\/Screen-Shot-2023-03-29-at-10.39.23-PM-e1683779487708-1024x543.png 1024w, https:\/\/coinkickoff.com\/wp-content\/uploads\/Screen-Shot-2023-03-29-at-10.39.23-PM-e1683779487708-768x407.png 768w, https:\/\/coinkickoff.com\/wp-content\/uploads\/Screen-Shot-2023-03-29-at-10.39.23-PM-e1683779487708-18x10.png 18w\" sizes=\"auto, (max-width: 1439px) 100vw, 1439px\" \/><\/p>\n<p><span style=\"font-weight: 400;\">Klikk p\u00e5 \"Kj\u00f8p n\u00e5\" for \u00e5 fullf\u00f8re transaksjonen. Din Polkadot vil dukke opp i lommeboken din.<\/span><\/p>\n<p><span style=\"font-weight: 400;\">Og det er slik du kj\u00f8per Polkadot p\u00e5 Coinbase! Du kan ogs\u00e5 ha glede av v\u00e5r <a href=\"https:\/\/coinkickoff.com\/nb\/crypto-exchanges\/\">utveksle vurderinger<\/a> og veiledninger om hvordan du kj\u00f8per andre valutaer, f.eks. <a href=\"https:\/\/coinkickoff.com\/nb\/how-to-buy-polygon\/\">MATIC<\/a>, <a href=\"https:\/\/coinkickoff.com\/nb\/how-to-buy-ethereum\/\">ETH<\/a>og <a href=\"https:\/\/coinkickoff.com\/nb\/how-to-buy-bitcoin\/\">BTC<\/a>.<\/span><\/p>","protected":false},"excerpt":{"rendered":"<p>Hvordan kj\u00f8pe Polkadot p\u00e5 Coinbase La oss se hvordan du kj\u00f8per Polkadot p\u00e5 Coinbase med fiat-valutaer. En trinnvis veiledning om hvordan du kj\u00f8per Polkadot p\u00e5 Coinbase 1. Registrer en konto F\u00f8lg lenken v\u00e5r til Coinbase og registrer deg for en konto. Skriv inn fornavn, etternavn og e-postadresse for \u00e5 registrere deg.  2. [...]<\/p>","protected":false},"author":3,"featured_media":0,"parent":4215,"menu_order":0,"comment_status":"closed","ping_status":"closed","template":"","meta":{"_genesis_hide_title":false,"_genesis_hide_breadcrumbs":false,"_genesis_hide_singular_image":false,"_genesis_hide_footer_widgets":false,"_genesis_custom_body_class":"","_genesis_custom_post_class":"","_genesis_layout":"","_glsr_average":0,"_glsr_ranking":0,"_glsr_reviews":0,"footnotes":""},"class_list":{"0":"post-4232","1":"page","2":"type-page","3":"status-publish","5":"entry"},"featured_image_src":null,"featured_image_src_square":null,"_links":{"self":[{"href":"https:\/\/coinkickoff.com\/nb\/wp-json\/wp\/v2\/pages\/4232","targetHints":{"allow":["GET"]}}],"collection":[{"href":"https:\/\/coinkickoff.com\/nb\/wp-json\/wp\/v2\/pages"}],"about":[{"href":"https:\/\/coinkickoff.com\/nb\/wp-json\/wp\/v2\/types\/page"}],"author":[{"embeddable":true,"href":"https:\/\/coinkickoff.com\/nb\/wp-json\/wp\/v2\/users\/3"}],"replies":[{"embeddable":true,"href":"https:\/\/coinkickoff.com\/nb\/wp-json\/wp\/v2\/comments?post=4232"}],"version-history":[{"count":2,"href":"https:\/\/coinkickoff.com\/nb\/wp-json\/wp\/v2\/pages\/4232\/revisions"}],"predecessor-version":[{"id":4234,"href":"https:\/\/coinkickoff.com\/nb\/wp-json\/wp\/v2\/pages\/4232\/revisions\/4234"}],"up":[{"embeddable":true,"href":"https:\/\/coinkickoff.com\/nb\/wp-json\/wp\/v2\/pages\/4215"}],"wp:attachment":[{"href":"https:\/\/coinkickoff.com\/nb\/wp-json\/wp\/v2\/media?parent=4232"}],"curies":[{"name":"wp","href":"https:\/\/api.w.org\/{rel}","templated":true}]}}