{"id":4172,"date":"2026-01-08T14:07:22","date_gmt":"2026-01-08T14:07:22","guid":{"rendered":"https:\/\/coinkickoff.com\/?page_id=4172"},"modified":"2026-01-08T14:07:22","modified_gmt":"2026-01-08T14:07:22","slug":"__trashed","status":"publish","type":"page","link":"https:\/\/coinkickoff.com\/nb\/how-to-buy-ethereum\/__trashed\/","title":{"rendered":"Hvordan kj\u00f8pe Ethereum p\u00e5 Bitfinex"},"content":{"rendered":"<div id=\"ez-toc-container\" class=\"ez-toc-v2_0_80 counter-hierarchy ez-toc-counter ez-toc-transparent ez-toc-container-direction\">\n<div class=\"ez-toc-title-container\">\n<p class=\"ez-toc-title\" style=\"cursor:inherit\">Seksjoner<\/p>\n<span class=\"ez-toc-title-toggle\"><a href=\"#\" class=\"ez-toc-pull-right ez-toc-btn ez-toc-btn-xs ez-toc-btn-default ez-toc-toggle\" aria-label=\"Bytt innholdsfortegnelse\"><span class=\"ez-toc-js-icon-con\"><span class=\"\"><span class=\"eztoc-hide\" style=\"display:none;\">Toggle<\/span><span class=\"ez-toc-icon-toggle-span\"><svg style=\"fill: #999;color:#999\" xmlns=\"http:\/\/www.w3.org\/2000\/svg\" class=\"list-377408\" width=\"20px\" height=\"20px\" viewbox=\"0 0 24 24\" fill=\"none\"><path d=\"M6 6H4v2h2V6zm14 0H8v2h12V6zM4 11h2v2H4v-2zm16 0H8v2h12v-2zM4 16h2v2H4v-2zm16 0H8v2h12v-2z\" fill=\"currentColor\"><\/path><\/svg><svg style=\"fill: #999;color:#999\" class=\"arrow-unsorted-368013\" xmlns=\"http:\/\/www.w3.org\/2000\/svg\" width=\"10px\" height=\"10px\" viewbox=\"0 0 24 24\" version=\"1.2\" baseprofile=\"tiny\"><path d=\"M18.2 9.3l-6.2-6.3-6.2 6.3c-.2.2-.3.4-.3.7s.1.5.3.7c.2.2.4.3.7.3h11c.3 0 .5-.1.7-.3.2-.2.3-.5.3-.7s-.1-.5-.3-.7zM5.8 14.7l6.2 6.3 6.2-6.3c.2-.2.3-.5.3-.7s-.1-.5-.3-.7c-.2-.2-.4-.3-.7-.3h-11c-.3 0-.5.1-.7.3-.2.2-.3.5-.3.7s.1.5.3.7z\"\/><\/svg><\/span><\/span><\/span><\/a><\/span><\/div>\n<nav><ul class='ez-toc-list ez-toc-list-level-1 eztoc-toggle-hide-by-default' ><li class='ez-toc-page-1 ez-toc-heading-level-1'><a class=\"ez-toc-link ez-toc-heading-1\" href=\"https:\/\/coinkickoff.com\/nb\/how-to-buy-ethereum\/__trashed\/#How_to_Buy_Ethereum_on_Bitfinex\" >Hvordan kj\u00f8pe Ethereum p\u00e5 Bitfinex<\/a><ul class='ez-toc-list-level-2' ><li class='ez-toc-heading-level-2'><a class=\"ez-toc-link ez-toc-heading-2\" href=\"https:\/\/coinkickoff.com\/nb\/how-to-buy-ethereum\/__trashed\/#A_Step-By-Step_Guide_on_How_to_Buy_Ethereum_on_Bitfinex\" >En trinnvis veiledning om hvordan du kj\u00f8per Ethereum p\u00e5 Bitfinex<\/a><ul class='ez-toc-list-level-3' ><li class='ez-toc-heading-level-3'><a class=\"ez-toc-link ez-toc-heading-3\" href=\"https:\/\/coinkickoff.com\/nb\/how-to-buy-ethereum\/__trashed\/#1_Register_an_Account_on_Bitfinex\" >1. Registrer en konto p\u00e5 Bitfinex<\/a><\/li><li class='ez-toc-page-1 ez-toc-heading-level-3'><a class=\"ez-toc-link ez-toc-heading-4\" href=\"https:\/\/coinkickoff.com\/nb\/how-to-buy-ethereum\/__trashed\/#2_Get_Verified_on_Bitfinex\" >2. Bli verifisert p\u00e5 Bitfinex<\/a><\/li><li class='ez-toc-page-1 ez-toc-heading-level-3'><a class=\"ez-toc-link ez-toc-heading-5\" href=\"https:\/\/coinkickoff.com\/nb\/how-to-buy-ethereum\/__trashed\/#3_Deposit_FundsCrypto\" >3. Innskuddsmidler\/krypto<\/a><\/li><li class='ez-toc-page-1 ez-toc-heading-level-3'><a class=\"ez-toc-link ez-toc-heading-6\" href=\"https:\/\/coinkickoff.com\/nb\/how-to-buy-ethereum\/__trashed\/#4_Navigate_to_the_Relevant_Screen_to_Buy\" >4. Naviger til det relevante skjermbildet for \u00e5 kj\u00f8pe<\/a><\/li><\/ul><\/li><\/ul><\/li><\/ul><\/nav><\/div>\n<h1><span class=\"ez-toc-section\" id=\"How_to_Buy_Ethereum_on_Bitfinex\"><\/span><span style=\"font-weight: 400;\">Hvordan kj\u00f8pe Ethereum p\u00e5 Bitfinex<\/span><span class=\"ez-toc-section-end\"><\/span><\/h1>\n<p><span style=\"font-weight: 400;\">\u00d8nsker du \u00e5 kj\u00f8pe <a href=\"https:\/\/coinkickoff.com\/nb\/ethereum-eth\/\" data-internallinksmanager029f6b8e52c=\"2\" title=\"Hva er Ethereum (ETH)? Pris, historie og hvor du kan kj\u00f8pe\">Ethereum<\/a> p\u00e5 <a href=\"https:\/\/coinkickoff.com\/nb\/bitfinex-review\/\">Bitfinex<\/a>? Vi har akkurat den rette guiden for deg med trinnvise instruksjoner. Slik kj\u00f8per du Ethereum p\u00e5 <a href=\"https:\/\/coinkickoff.com\/nb\/bitfinex-review\/\" data-internallinksmanager029f6b8e52c=\"151\" title=\"Bitfinex anmeldelser 2023: Avgifter, funksjoner, sikkerhet, fordeler og ulemper\">Bitfinex<\/a>.<\/span><\/p>\n<h2><span class=\"ez-toc-section\" id=\"A_Step-By-Step_Guide_on_How_to_Buy_Ethereum_on_Bitfinex\"><\/span><span style=\"font-weight: 400;\">En trinnvis veiledning om hvordan du kj\u00f8per Ethereum p\u00e5 Bitfinex<\/span><span class=\"ez-toc-section-end\"><\/span><\/h2>\n<h3><span class=\"ez-toc-section\" id=\"1_Register_an_Account_on_Bitfinex\"><\/span><span style=\"font-weight: 400;\">1. Registrer en konto p\u00e5 Bitfinex<\/span><span class=\"ez-toc-section-end\"><\/span><\/h3>\n<p><span style=\"font-weight: 400;\">Til \u00e5 begynne med trenger du en <\/span><a href=\"https:\/\/www.bitfinex.com\/sign-up?refcode=kjCYk-CZD\" target=\"_blank\" rel=\"noopener\"><span style=\"font-weight: 400;\">Bitfinex-konto.<\/span><\/a><\/p>\n<p><img loading=\"lazy\" decoding=\"async\" class=\"alignnone wp-image-3138 size-full\" src=\"https:\/\/coinkickoff.com\/wp-content\/uploads\/bitfinex-exchange.jpg\" alt=\"Bitfinex Exchange Hvordan kj\u00f8pe Ethereum p\u00e5 Bitfinex\" width=\"1876\" height=\"916\" srcset=\"https:\/\/coinkickoff.com\/wp-content\/uploads\/bitfinex-exchange.jpg 1876w, https:\/\/coinkickoff.com\/wp-content\/uploads\/bitfinex-exchange-300x146.jpg 300w, https:\/\/coinkickoff.com\/wp-content\/uploads\/bitfinex-exchange-1024x500.jpg 1024w, https:\/\/coinkickoff.com\/wp-content\/uploads\/bitfinex-exchange-768x375.jpg 768w, https:\/\/coinkickoff.com\/wp-content\/uploads\/bitfinex-exchange-1536x750.jpg 1536w, https:\/\/coinkickoff.com\/wp-content\/uploads\/bitfinex-exchange-18x9.jpg 18w\" sizes=\"auto, (max-width: 1876px) 100vw, 1876px\" \/><\/p>\n<p><span style=\"font-weight: 400;\">N\u00e5r du har registrert deg, aktiverer du tofaktorautentisering for \u00e5 sikre kontoen din.<\/span><\/p>\n<p><span style=\"font-weight: 400;\">Du kan sl\u00e5 av 2FA etter f\u00f8rste innlogging, men det anbefales at du beholder det aktivert for \u00e5 beskytte kontoen din mot hackere.<\/span><\/p>\n<p><span style=\"font-weight: 400;\">Det er ganske enkelt \u00e5 aktivere tofaktorautentisering: Velg en av metodene som tilbys, og trykk p\u00e5 \u201cSetup\u201d.\u201d<\/span><\/p>\n<p><span style=\"font-weight: 400;\">Du trenger selvf\u00f8lgelig Google Authenticator-appen for \u00e5 f\u00e5 det til \u00e5 fungere. F\u00f8lg instruksjonene p\u00e5 skjermen for \u00e5 fortsette. N\u00e5r du er ferdig, vil Bitfinex sende deg en e-post for \u00e5 bekrefte at du har aktivert 2FA.<\/span><\/p>\n<h3><span class=\"ez-toc-section\" id=\"2_Get_Verified_on_Bitfinex\"><\/span><span style=\"font-weight: 400;\">2. Bli verifisert p\u00e5 Bitfinex<\/span><span class=\"ez-toc-section-end\"><\/span><\/h3>\n<p><span style=\"font-weight: 400;\">Neste trinn er \u00e5 verifisere ID-en din p\u00e5 plattformen. Som de fleste b\u00f8rser har Bitfinex en standard ID-verifiseringsprosess. For \u00e5 starte, g\u00e5 til profilen din via profillogoen p\u00e5 dashbordet og velg \u201cVerifisering\u201d.\u201d<\/span><\/p>\n<p><span style=\"font-weight: 400;\">Du m\u00e5 fullf\u00f8re minst mellomniv\u00e5verifisering for \u00e5 kj\u00f8pe digitale eiendeler som Ethereum p\u00e5 b\u00f8rsen med fiat-penger. Selvf\u00f8lgelig, hvis alt du vil gj\u00f8re er \u00e5 handle kryptovalutapar, for eksempel \u00e5 handle <a href=\"https:\/\/coinkickoff.com\/nb\/bitcoin-btc\/\" data-internallinksmanager029f6b8e52c=\"1\" title=\"Hva er Bitcoin (BTC)? Pris, historie og hvor du kan kj\u00f8pe\">Bitcoin<\/a> for Ethereum, kan du hoppe over dette trinnet.<\/span><\/p>\n<p><span style=\"font-weight: 400;\">Mellomliggende verifisering lar deg kj\u00f8pe ETH med et kredittkort gjennom Bitfinex Pay Merchants eller gj\u00f8re kontantinnskudd via SEPA. Du kan foreta bankinnskudd etter \u00e5 ha fullf\u00f8rt full verifisering.<\/span><\/p>\n<p><span style=\"font-weight: 400;\">Trykk p\u00e5 \u201cStart verifisering\u201d for \u00e5 fortsette.<\/span><\/p>\n<p><span style=\"font-weight: 400;\">Skriv inn navnet p\u00e5 landet du bor i, for \u00e5 se de anbefalte ID-typene. Velg ID-en du vil sende inn, og trykk p\u00e5 \u201cFortsett\u201d.\u201d<\/span><\/p>\n<p><span style=\"font-weight: 400;\">Du trenger en mobil enhet for \u00e5 fortsette: Bruk mobilkameraet til \u00e5 skanne koden og \u00e5pne opplastingssiden. Deretter kan du sende inn de n\u00f8dvendige bildene.<\/span><\/p>\n<h3><span class=\"ez-toc-section\" id=\"3_Deposit_FundsCrypto\"><\/span><span style=\"font-weight: 400;\">3. Innskuddsmidler\/krypto<\/span><span class=\"ez-toc-section-end\"><\/span><\/h3>\n<p><span style=\"font-weight: 400;\">N\u00e5 er det p\u00e5 tide \u00e5 gj\u00f8re et innskudd: Hvis du har digitale eiendeler som du \u00f8nsker \u00e5 handle for Ethereum p\u00e5 Bitfinex, m\u00e5 du f\u00f8rst overf\u00f8re disse eiendelene til Bitfinex-kontoen din. Velg \u201cInnskudd\u201d for \u00e5 se en liste over aktiva du kan sende til plattformen.<\/span><\/p>\n<p><span style=\"font-weight: 400;\">N\u00e5r du har valgt eiendelen din, vil Bitfinex generere en lommebokadresse for \u00e5 sende kryptovalutaen din. N\u00e5r du har fullf\u00f8rt innskuddet, vil eiendelene dine vises i \u201cSaldoer\u201d-fanen.<\/span><\/p>\n<h3><span class=\"ez-toc-section\" id=\"4_Navigate_to_the_Relevant_Screen_to_Buy\"><\/span><span style=\"font-weight: 400;\">4. Naviger til det relevante skjermbildet for \u00e5 kj\u00f8pe<\/span><span class=\"ez-toc-section-end\"><\/span><\/h3>\n<p><span style=\"font-weight: 400;\">Du tror kanskje at du er klar til \u00e5 kj\u00f8pe digitale aktiva n\u00e5 som innskuddet ditt er fullf\u00f8rt, men det er ett steg til f\u00f8r det: Bitfinex sender automatisk innskuddet ditt til din \u201cFunding Wallet\u201d, men vi vil ha dem i v\u00e5r \u201cExchange Wallet\u201d.\u201d<\/span><\/p>\n<p><span style=\"font-weight: 400;\">Heldigvis er det en enkel operasjon: I \u201cBalances\u201d-fanen velger du midlene du \u00f8nsker \u00e5 veksle og klikker p\u00e5 \u201cTransfer\u201d. N\u00e5r de er i lommeboken, kan du bytte dem mot Ether.<\/span><\/p>\n<p><span style=\"font-weight: 400;\">For \u00e5 starte, g\u00e5 til \u201cTrading\u201d -fanen. N\u00e5, hvis du har deponert digitale eiendeler, vil du s\u00f8ke etter Ethereum-markedet for den eiendelen. For eksempel, hvis du har <a href=\"https:\/\/coinkickoff.com\/nb\/tether-usdt\/\" data-internallinksmanager029f6b8e52c=\"3\" title=\"Hva er Tether (USDT)? Hvordan fungerer det og hvor kan jeg kj\u00f8pe det?\">USDT<\/a>, s\u00f8k etter ETH\/USDT.\u00a0<\/span><\/p>\n<p><span style=\"font-weight: 400;\">For fiat-valuta, s\u00f8k etter ETH\/USD- eller ETH\/EUR-paringer. N\u00e5r du har funnet den \u00f8nskede sammenkoblingen, klikker du p\u00e5 den for \u00e5 se handelsgrensesnittet.\u00a0<\/span><\/p>\n<p><span style=\"font-weight: 400;\">Bare skriv inn hvor mye Ethereum du \u00f8nsker \u00e5 kj\u00f8pe for eiendelene dine. Du kan justere prisen du er villig til \u00e5 betale manuelt. N\u00e5r skjemaet er fullf\u00f8rt, trykker du p\u00e5 \u201cExchange Buy\u201d.\u201d<\/span><\/p>\n<p><span style=\"font-weight: 400;\">Og det er slik du kj\u00f8per Ethereum p\u00e5 Bitfinex. Hvis du bestemmer deg for \u00e5 kj\u00f8pe Ethereum p\u00e5 en annen b\u00f8rs, kan du ogs\u00e5 se p\u00e5 v\u00e5re ulike <a href=\"https:\/\/coinkickoff.com\/nb\/crypto-exchanges\/\">exchnage anmeldelser<\/a> og <a href=\"https:\/\/coinkickoff.com\/nb\/how-to-buy-ethereum\/\">Veiledninger<\/a>.<\/span><\/p>","protected":false},"excerpt":{"rendered":"<p>Hvordan kj\u00f8pe Ethereum p\u00e5 Bitfinex Vil du kj\u00f8pe Ethereum p\u00e5 Bitfinex? Vi har akkurat den rette guiden for deg med trinnvise instruksjoner. Slik kj\u00f8per du Ethereum p\u00e5 Bitfinex. En trinnvis veiledning om hvordan du kj\u00f8per Ethereum p\u00e5 Bitfinex 1. Registrer en konto p\u00e5 Bitfinex For \u00e5 starte, trenger du en [...]<\/p>","protected":false},"author":3,"featured_media":0,"parent":3937,"menu_order":0,"comment_status":"closed","ping_status":"closed","template":"","meta":{"_genesis_hide_title":false,"_genesis_hide_breadcrumbs":false,"_genesis_hide_singular_image":false,"_genesis_hide_footer_widgets":false,"_genesis_custom_body_class":"","_genesis_custom_post_class":"","_genesis_layout":"","_glsr_average":0,"_glsr_ranking":0,"_glsr_reviews":0,"footnotes":""},"class_list":{"0":"post-4172","1":"page","2":"type-page","3":"status-publish","5":"entry"},"featured_image_src":null,"featured_image_src_square":null,"_links":{"self":[{"href":"https:\/\/coinkickoff.com\/nb\/wp-json\/wp\/v2\/pages\/4172","targetHints":{"allow":["GET"]}}],"collection":[{"href":"https:\/\/coinkickoff.com\/nb\/wp-json\/wp\/v2\/pages"}],"about":[{"href":"https:\/\/coinkickoff.com\/nb\/wp-json\/wp\/v2\/types\/page"}],"author":[{"embeddable":true,"href":"https:\/\/coinkickoff.com\/nb\/wp-json\/wp\/v2\/users\/3"}],"replies":[{"embeddable":true,"href":"https:\/\/coinkickoff.com\/nb\/wp-json\/wp\/v2\/comments?post=4172"}],"version-history":[{"count":1,"href":"https:\/\/coinkickoff.com\/nb\/wp-json\/wp\/v2\/pages\/4172\/revisions"}],"predecessor-version":[{"id":4173,"href":"https:\/\/coinkickoff.com\/nb\/wp-json\/wp\/v2\/pages\/4172\/revisions\/4173"}],"up":[{"embeddable":true,"href":"https:\/\/coinkickoff.com\/nb\/wp-json\/wp\/v2\/pages\/3937"}],"wp:attachment":[{"href":"https:\/\/coinkickoff.com\/nb\/wp-json\/wp\/v2\/media?parent=4172"}],"curies":[{"name":"wp","href":"https:\/\/api.w.org\/{rel}","templated":true}]}}