{"id":3899,"date":"2026-01-08T14:07:44","date_gmt":"2026-01-08T14:07:44","guid":{"rendered":"https:\/\/coinkickoff.com\/?page_id=3899"},"modified":"2026-01-08T14:07:44","modified_gmt":"2026-01-08T14:07:44","slug":"how-to-buy-bitcoin-on-coinbase","status":"publish","type":"page","link":"https:\/\/coinkickoff.com\/nb\/how-to-buy-bitcoin\/how-to-buy-bitcoin-on-coinbase\/","title":{"rendered":"Hvordan kj\u00f8pe Bitcoin p\u00e5 Coinbase"},"content":{"rendered":"<div id=\"ez-toc-container\" class=\"ez-toc-v2_0_80 counter-hierarchy ez-toc-counter ez-toc-transparent ez-toc-container-direction\">\n<div class=\"ez-toc-title-container\">\n<p class=\"ez-toc-title\" style=\"cursor:inherit\">Seksjoner<\/p>\n<span class=\"ez-toc-title-toggle\"><a href=\"#\" class=\"ez-toc-pull-right ez-toc-btn ez-toc-btn-xs ez-toc-btn-default ez-toc-toggle\" aria-label=\"Bytt innholdsfortegnelse\"><span class=\"ez-toc-js-icon-con\"><span class=\"\"><span class=\"eztoc-hide\" style=\"display:none;\">Toggle<\/span><span class=\"ez-toc-icon-toggle-span\"><svg style=\"fill: #999;color:#999\" xmlns=\"http:\/\/www.w3.org\/2000\/svg\" class=\"list-377408\" width=\"20px\" height=\"20px\" viewbox=\"0 0 24 24\" fill=\"none\"><path d=\"M6 6H4v2h2V6zm14 0H8v2h12V6zM4 11h2v2H4v-2zm16 0H8v2h12v-2zM4 16h2v2H4v-2zm16 0H8v2h12v-2z\" fill=\"currentColor\"><\/path><\/svg><svg style=\"fill: #999;color:#999\" class=\"arrow-unsorted-368013\" xmlns=\"http:\/\/www.w3.org\/2000\/svg\" width=\"10px\" height=\"10px\" viewbox=\"0 0 24 24\" version=\"1.2\" baseprofile=\"tiny\"><path d=\"M18.2 9.3l-6.2-6.3-6.2 6.3c-.2.2-.3.4-.3.7s.1.5.3.7c.2.2.4.3.7.3h11c.3 0 .5-.1.7-.3.2-.2.3-.5.3-.7s-.1-.5-.3-.7zM5.8 14.7l6.2 6.3 6.2-6.3c.2-.2.3-.5.3-.7s-.1-.5-.3-.7c-.2-.2-.4-.3-.7-.3h-11c-.3 0-.5.1-.7.3-.2.2-.3.5-.3.7s.1.5.3.7z\"\/><\/svg><\/span><\/span><\/span><\/a><\/span><\/div>\n<nav><ul class='ez-toc-list ez-toc-list-level-1 eztoc-toggle-hide-by-default' ><li class='ez-toc-page-1 ez-toc-heading-level-2'><a class=\"ez-toc-link ez-toc-heading-1\" href=\"https:\/\/coinkickoff.com\/nb\/how-to-buy-bitcoin\/how-to-buy-bitcoin-on-coinbase\/#How_to_Buy_Bitcoin_on_Coinbase\" >Hvordan kj\u00f8pe Bitcoin p\u00e5 Coinbase<\/a><\/li><li class='ez-toc-page-1 ez-toc-heading-level-2'><a class=\"ez-toc-link ez-toc-heading-2\" href=\"https:\/\/coinkickoff.com\/nb\/how-to-buy-bitcoin\/how-to-buy-bitcoin-on-coinbase\/#A_Step-By-Step_Guide_on_How_to_Buy_Bitcoin_on_Coinbase\" >En trinnvis veiledning om hvordan du kj\u00f8per Bitcoin p\u00e5 Coinbase<\/a><ul class='ez-toc-list-level-3' ><li class='ez-toc-heading-level-3'><a class=\"ez-toc-link ez-toc-heading-3\" href=\"https:\/\/coinkickoff.com\/nb\/how-to-buy-bitcoin\/how-to-buy-bitcoin-on-coinbase\/#1_Register_an_Account\" >1. Registrer en konto<\/a><\/li><li class='ez-toc-page-1 ez-toc-heading-level-3'><a class=\"ez-toc-link ez-toc-heading-4\" href=\"https:\/\/coinkickoff.com\/nb\/how-to-buy-bitcoin\/how-to-buy-bitcoin-on-coinbase\/#2_Verify_Your_Account\" >2. Bekreft kontoen din<\/a><\/li><li class='ez-toc-page-1 ez-toc-heading-level-3'><a class=\"ez-toc-link ez-toc-heading-5\" href=\"https:\/\/coinkickoff.com\/nb\/how-to-buy-bitcoin\/how-to-buy-bitcoin-on-coinbase\/#3_Deposit_FundsCrypto\" >3. Innskuddsmidler\/krypto<\/a><\/li><li class='ez-toc-page-1 ez-toc-heading-level-3'><a class=\"ez-toc-link ez-toc-heading-6\" href=\"https:\/\/coinkickoff.com\/nb\/how-to-buy-bitcoin\/how-to-buy-bitcoin-on-coinbase\/#4_Navigate_to_the_Relevant_Screen_to_Buy\" >4. Naviger til det relevante skjermbildet for \u00e5 kj\u00f8pe<\/a><\/li><\/ul><\/li><\/ul><\/nav><\/div>\n<h2><span class=\"ez-toc-section\" id=\"How_to_Buy_Bitcoin_on_Coinbase\"><\/span><span style=\"font-weight: 400;\">Hvordan kj\u00f8pe Bitcoin p\u00e5 Coinbase<\/span><span class=\"ez-toc-section-end\"><\/span><\/h2>\n<p><span style=\"font-weight: 400;\">Hvis du vet litt om <a href=\"https:\/\/coinkickoff.com\/nb\/bitcoin-btc\/\" data-internallinksmanager029f6b8e52c=\"1\" title=\"Hva er Bitcoin (BTC)? Pris, historie og hvor du kan kj\u00f8pe\">Bitcoin<\/a>har du kanskje allerede h\u00f8rt om <a href=\"https:\/\/coinkickoff.com\/nb\/coinbase-review\/\" data-internallinksmanager029f6b8e52c=\"142\" title=\"Coinbase Anmeldelser 2024: Funksjoner, avgifter, sikkerhet, fordeler og ulemper\">Coinbase<\/a>, en av de fremste <a href=\"https:\/\/coinkickoff.com\/nb\/crypto-exchanges\/\" data-internallinksmanager029f6b8e52c=\"141\" title=\"De 21 beste b\u00f8rsene og appene for kryptovaluta i 2024\">utveksling av kryptovaluta<\/a> i verden.<\/span><\/p>\n<p><span style=\"font-weight: 400;\">Coinbase er en USA-basert digital b\u00f8rs som er kjent for \u00e5 v\u00e6re enkel \u00e5 bruke og for \u00e5 overholde lover og regler i landene der den opererer. I et hav av ville og ofte uregulerte kryptob\u00f8rser er den fortsatt et fyrt\u00e5rn av stabilitet og blir derfor ofte anbefalt til nybegynnere som et p\u00e5litelig alternativ.\u00a0<\/span><\/p>\n<p><span style=\"font-weight: 400;\">Hvis du vil starte din egen kryptoreise for \u00e5 kj\u00f8pe noen BTC, <\/span><a href=\"https:\/\/coinkickoff.com\/nb\/coinbase-review\/\"><span style=\"font-weight: 400;\">Coinbase<\/span><\/a><span style=\"font-weight: 400;\"> er et logisk valg. I denne veiledningen forklarer vi hvordan du kj\u00f8per Bitcoin p\u00e5 Coinbase med trinnvise instruksjoner.<\/span><\/p>\n<h2><span class=\"ez-toc-section\" id=\"A_Step-By-Step_Guide_on_How_to_Buy_Bitcoin_on_Coinbase\"><\/span><span style=\"font-weight: 400;\">En trinnvis veiledning om hvordan du kj\u00f8per Bitcoin p\u00e5 Coinbase<\/span><span class=\"ez-toc-section-end\"><\/span><\/h2>\n<h3><span class=\"ez-toc-section\" id=\"1_Register_an_Account\"><\/span><span style=\"font-weight: 400;\">1. Registrer en konto<\/span><span class=\"ez-toc-section-end\"><\/span><\/h3>\n<h2><img loading=\"lazy\" decoding=\"async\" class=\"alignnone wp-image-3527 size-large\" style=\"font-size: 18px; font-family: Muli, sans-serif;\" src=\"https:\/\/coinkickoff.com\/wp-content\/uploads\/Screen-Shot-2023-03-30-at-7.13.25-AM-e1686183370122-1024x538.png\" alt=\"\" width=\"1024\" height=\"538\" srcset=\"https:\/\/coinkickoff.com\/wp-content\/uploads\/Screen-Shot-2023-03-30-at-7.13.25-AM-e1686183370122-1024x538.png 1024w, https:\/\/coinkickoff.com\/wp-content\/uploads\/Screen-Shot-2023-03-30-at-7.13.25-AM-e1686183370122-300x158.png 300w, https:\/\/coinkickoff.com\/wp-content\/uploads\/Screen-Shot-2023-03-30-at-7.13.25-AM-e1686183370122-768x404.png 768w, https:\/\/coinkickoff.com\/wp-content\/uploads\/Screen-Shot-2023-03-30-at-7.13.25-AM-e1686183370122-18x9.png 18w, https:\/\/coinkickoff.com\/wp-content\/uploads\/Screen-Shot-2023-03-30-at-7.13.25-AM-e1686183370122.png 1277w\" sizes=\"auto, (max-width: 1024px) 100vw, 1024px\" \/><\/h2>\n<p><span style=\"font-weight: 400;\">F\u00f8rst og fremst kan du bruke lenken v\u00e5r til \u00e5 g\u00e5 til <\/span><a href=\"https:\/\/coinbase-consumer.sjv.io\/ORPoaG\" target=\"_blank\" rel=\"noopener\"><span style=\"font-weight: 400;\">Coinbasens offisielle nettsted<\/span><\/a><span style=\"font-weight: 400;\"> og \u00e5pne en vekslingskonto.<\/span><\/p>\n<p><span style=\"font-weight: 400;\">Du m\u00e5 registrere deg med ditt offisielle navn. Siden Coinbase har en streng KYC-policy, er det viktig at personopplysningene dine stemmer overens med ID-en din n\u00e5r du registrerer deg f\u00f8rste gang.<\/span><\/p>\n<p><span style=\"font-weight: 400;\">N\u00e5r du har fylt ut skjemaet, klikker du p\u00e5 \"Opprett konto\". Coinbase sender deg en e-post med en bekreftelseskobling. Klikk p\u00e5 lenken for \u00e5 bekrefte e-postadressen din.\u00a0<\/span><\/p>\n<p><span style=\"font-weight: 400;\">Coinbase krever ogs\u00e5 at du bekrefter mobilnummeret ditt for \u00e5 logge p\u00e5 kontoen din. Skriv inn nummeret ditt n\u00e5r du blir bedt om det, og bruk SMS-koden du mottar for \u00e5 logge p\u00e5.<\/span><\/p>\n<h3><span class=\"ez-toc-section\" id=\"2_Verify_Your_Account\"><\/span><span style=\"font-weight: 400;\">2. Bekreft kontoen din<\/span><span class=\"ez-toc-section-end\"><\/span><\/h3>\n<p><span style=\"font-weight: 400;\">Identitetsverifisering er et must p\u00e5 Coinbase. Heldigvis er det en enkel prosess. Bare klikk p\u00e5 knappen \"Verifiser ID-en din\" som dukker opp n\u00e5r du logger inn f\u00f8rste gang. <\/span><\/p>\n<p><img loading=\"lazy\" decoding=\"async\" class=\"alignnone wp-image-3526 size-large\" src=\"https:\/\/coinkickoff.com\/wp-content\/uploads\/Screen-Shot-2023-03-30-at-6.16.20-AM-e1683779340546-1024x470.png\" alt=\"\" width=\"1024\" height=\"470\" srcset=\"https:\/\/coinkickoff.com\/wp-content\/uploads\/Screen-Shot-2023-03-30-at-6.16.20-AM-e1683779340546-1024x470.png 1024w, https:\/\/coinkickoff.com\/wp-content\/uploads\/Screen-Shot-2023-03-30-at-6.16.20-AM-e1683779340546-300x138.png 300w, https:\/\/coinkickoff.com\/wp-content\/uploads\/Screen-Shot-2023-03-30-at-6.16.20-AM-e1683779340546-768x352.png 768w, https:\/\/coinkickoff.com\/wp-content\/uploads\/Screen-Shot-2023-03-30-at-6.16.20-AM-e1683779340546-18x8.png 18w, https:\/\/coinkickoff.com\/wp-content\/uploads\/Screen-Shot-2023-03-30-at-6.16.20-AM-e1683779340546.png 1389w\" sizes=\"auto, (max-width: 1024px) 100vw, 1024px\" \/><\/p>\n<p><span style=\"font-weight: 400;\">Hvis du ved et uhell har lukket popup-varselet om bekreftelse, trenger du ikke \u00e5 bekymre deg. Du trenger bare \u00e5 klikke p\u00e5 \"Kj\u00f8p og salg\"-fanen som er uthevet i bl\u00e5tt for \u00e5 starte en ny bekreftelsesforesp\u00f8rsel. Du kan ogs\u00e5 klikke p\u00e5 profilikonet ditt og g\u00e5 til \"Bekreftelse\"-fanen for \u00e5 starte prosessen manuelt.<\/span><\/p>\n<p><img loading=\"lazy\" decoding=\"async\" class=\"alignnone wp-image-3525 size-full\" src=\"https:\/\/coinkickoff.com\/wp-content\/uploads\/Screen-Shot-2023-03-30-at-6.15.03-AM-e1683779367919.png\" alt=\"\" width=\"1436\" height=\"806\" srcset=\"https:\/\/coinkickoff.com\/wp-content\/uploads\/Screen-Shot-2023-03-30-at-6.15.03-AM-e1683779367919.png 1436w, https:\/\/coinkickoff.com\/wp-content\/uploads\/Screen-Shot-2023-03-30-at-6.15.03-AM-e1683779367919-300x168.png 300w, https:\/\/coinkickoff.com\/wp-content\/uploads\/Screen-Shot-2023-03-30-at-6.15.03-AM-e1683779367919-1024x575.png 1024w, https:\/\/coinkickoff.com\/wp-content\/uploads\/Screen-Shot-2023-03-30-at-6.15.03-AM-e1683779367919-768x431.png 768w, https:\/\/coinkickoff.com\/wp-content\/uploads\/Screen-Shot-2023-03-30-at-6.15.03-AM-e1683779367919-18x10.png 18w, https:\/\/coinkickoff.com\/wp-content\/uploads\/Screen-Shot-2023-03-30-at-6.15.03-AM-e1683779367919-600x338.png 600w\" sizes=\"auto, (max-width: 1436px) 100vw, 1436px\" \/><\/p>\n<p><span style=\"font-weight: 400;\">Coinbase gir deg et detaljert sp\u00f8rreskjema \u00e5 fylle ut. S\u00f8rg for at du fyller ut skjemaet med n\u00f8yaktig informasjon. Un\u00f8yaktige eller manglende opplysninger kan f\u00f8re til forsinkelser i godkjenningen.\u00a0\u00a0<\/span><\/p>\n<p><span style=\"font-weight: 400;\">N\u00e5r du har fylt ut skjemaet, laster du opp en offisiell foto-ID, for eksempel en passside eller et f\u00f8rerkort til plattformen. Verifisering tar vanligvis noen minutter, og du vil kunne sette inn penger og kj\u00f8pe BTC n\u00e5r det er gjort.<\/span><\/p>\n<h3><span class=\"ez-toc-section\" id=\"3_Deposit_FundsCrypto\"><\/span><span style=\"font-weight: 400;\">3. Innskuddsmidler\/krypto<\/span><span class=\"ez-toc-section-end\"><\/span><\/h3>\n<p><span style=\"font-weight: 400;\">Neste trinn er \u00e5 legge til en betalingsm\u00e5te i Coinbase-kontoen din. Klikk p\u00e5 profilikonet ditt (\u00f8verst til h\u00f8yre) for \u00e5 g\u00e5 til kontoinnstillingene. <\/span><\/p>\n<p><img loading=\"lazy\" decoding=\"async\" class=\"alignnone wp-image-3521 size-full\" src=\"https:\/\/coinkickoff.com\/wp-content\/uploads\/Screen-Shot-2023-03-29-at-10.44.01-PM-e1683779393247.png\" alt=\"\" width=\"1396\" height=\"673\" srcset=\"https:\/\/coinkickoff.com\/wp-content\/uploads\/Screen-Shot-2023-03-29-at-10.44.01-PM-e1683779393247.png 1396w, https:\/\/coinkickoff.com\/wp-content\/uploads\/Screen-Shot-2023-03-29-at-10.44.01-PM-e1683779393247-300x145.png 300w, https:\/\/coinkickoff.com\/wp-content\/uploads\/Screen-Shot-2023-03-29-at-10.44.01-PM-e1683779393247-1024x494.png 1024w, https:\/\/coinkickoff.com\/wp-content\/uploads\/Screen-Shot-2023-03-29-at-10.44.01-PM-e1683779393247-768x370.png 768w, https:\/\/coinkickoff.com\/wp-content\/uploads\/Screen-Shot-2023-03-29-at-10.44.01-PM-e1683779393247-18x9.png 18w\" sizes=\"auto, (max-width: 1396px) 100vw, 1396px\" \/><\/p>\n<p><span style=\"font-weight: 400;\">Klikk p\u00e5 fanen \"Betalingsm\u00e5ter\".<\/span><\/p>\n<p><img loading=\"lazy\" decoding=\"async\" class=\"alignnone wp-image-3522 size-full\" src=\"https:\/\/coinkickoff.com\/wp-content\/uploads\/Screen-Shot-2023-03-29-at-10.44.08-PM-e1683779417928.png\" alt=\"\" width=\"1414\" height=\"719\" srcset=\"https:\/\/coinkickoff.com\/wp-content\/uploads\/Screen-Shot-2023-03-29-at-10.44.08-PM-e1683779417928.png 1414w, https:\/\/coinkickoff.com\/wp-content\/uploads\/Screen-Shot-2023-03-29-at-10.44.08-PM-e1683779417928-300x153.png 300w, https:\/\/coinkickoff.com\/wp-content\/uploads\/Screen-Shot-2023-03-29-at-10.44.08-PM-e1683779417928-1024x521.png 1024w, https:\/\/coinkickoff.com\/wp-content\/uploads\/Screen-Shot-2023-03-29-at-10.44.08-PM-e1683779417928-768x391.png 768w, https:\/\/coinkickoff.com\/wp-content\/uploads\/Screen-Shot-2023-03-29-at-10.44.08-PM-e1683779417928-18x9.png 18w\" sizes=\"auto, (max-width: 1414px) 100vw, 1414px\" \/><\/p>\n<p><span style=\"font-weight: 400;\">Trykk p\u00e5 knappen \"Legg til betalingsm\u00e5te\" for \u00e5 se alternativene.<\/span><\/p>\n<p><img loading=\"lazy\" decoding=\"async\" class=\"alignnone wp-image-3523 size-full\" src=\"https:\/\/coinkickoff.com\/wp-content\/uploads\/Screen-Shot-2023-03-29-at-10.44.22-PM-e1683779442560.png\" alt=\"\" width=\"1403\" height=\"737\" srcset=\"https:\/\/coinkickoff.com\/wp-content\/uploads\/Screen-Shot-2023-03-29-at-10.44.22-PM-e1683779442560.png 1403w, https:\/\/coinkickoff.com\/wp-content\/uploads\/Screen-Shot-2023-03-29-at-10.44.22-PM-e1683779442560-300x158.png 300w, https:\/\/coinkickoff.com\/wp-content\/uploads\/Screen-Shot-2023-03-29-at-10.44.22-PM-e1683779442560-1024x538.png 1024w, https:\/\/coinkickoff.com\/wp-content\/uploads\/Screen-Shot-2023-03-29-at-10.44.22-PM-e1683779442560-768x403.png 768w, https:\/\/coinkickoff.com\/wp-content\/uploads\/Screen-Shot-2023-03-29-at-10.44.22-PM-e1683779442560-18x9.png 18w\" sizes=\"auto, (max-width: 1403px) 100vw, 1403px\" \/><\/p>\n<p><span style=\"font-weight: 400;\">Betalingsm\u00e5tene varierer fra land til land. USA-baserte brukere kan enkelt koble sin amerikanske bankkonto til plattformen for \u00e5 gj\u00f8re innskudd i fiat-valuta. Europeiske brukere kan ogs\u00e5 bruke SEPA og bankoverf\u00f8ringer.<\/span><\/p>\n<p><span style=\"font-weight: 400;\">De vanligste betalingsmetodene som nesten alle kan bruke, er debet- og kredittkort. Det er veldig enkelt og raskt \u00e5 kj\u00f8pe digitale eiendeler med debet- og kredittkort. Dessverre er det en ulempe at det tilkommer gebyrer for betalingsbehandling. Vanligvis tar Coinbase et gebyr p\u00e5 3-5% for alle kreditt- og debet coin-kj\u00f8p.<\/span><\/p>\n<p><span style=\"font-weight: 400;\">Klikk p\u00e5 metoden du \u00f8nsker \u00e5 bruke. Hvis du velger bankoverf\u00f8ring, f\u00f8lger du instruksjonene p\u00e5 skjermen for \u00e5 koble bankkontoen din til Coinbase-kontoen.<\/span><\/p>\n<p><span style=\"font-weight: 400;\">Du kan ogs\u00e5 velge kreditt-\/debetkort og f\u00f8lge instruksjonene nedenfor.<\/span><\/p>\n<p><img loading=\"lazy\" decoding=\"async\" class=\"alignnone wp-image-3524 size-full\" src=\"https:\/\/coinkickoff.com\/wp-content\/uploads\/Screen-Shot-2023-03-29-at-10.44.29-PM-e1683779464552.png\" alt=\"\" width=\"1407\" height=\"730\" srcset=\"https:\/\/coinkickoff.com\/wp-content\/uploads\/Screen-Shot-2023-03-29-at-10.44.29-PM-e1683779464552.png 1407w, https:\/\/coinkickoff.com\/wp-content\/uploads\/Screen-Shot-2023-03-29-at-10.44.29-PM-e1683779464552-300x156.png 300w, https:\/\/coinkickoff.com\/wp-content\/uploads\/Screen-Shot-2023-03-29-at-10.44.29-PM-e1683779464552-1024x531.png 1024w, https:\/\/coinkickoff.com\/wp-content\/uploads\/Screen-Shot-2023-03-29-at-10.44.29-PM-e1683779464552-768x398.png 768w, https:\/\/coinkickoff.com\/wp-content\/uploads\/Screen-Shot-2023-03-29-at-10.44.29-PM-e1683779464552-18x9.png 18w\" sizes=\"auto, (max-width: 1407px) 100vw, 1407px\" \/><\/p>\n<p><span style=\"font-weight: 400;\">Skriv f\u00f8rst inn navnet ditt slik det st\u00e5r p\u00e5 kortet. V\u00e6r oppmerksom p\u00e5 at navnet p\u00e5 kortet m\u00e5 stemme overens med det offisielle navnet som st\u00e5r p\u00e5 legitimasjonen din. Skriv inn kortnummer, utl\u00f8psdato og CVC. CVC er vanligvis en tresifret kode som st\u00e5r p\u00e5 baksiden av kortet. Til slutt skriver du inn postnummeret ditt og trykker p\u00e5 knappen \"Legg til kort\".<\/span><\/p>\n<h3><span class=\"ez-toc-section\" id=\"4_Navigate_to_the_Relevant_Screen_to_Buy\"><\/span><span style=\"font-weight: 400;\">4. Naviger til det relevante skjermbildet for \u00e5 kj\u00f8pe<\/span><span class=\"ez-toc-section-end\"><\/span><\/h3>\n<p><span style=\"font-weight: 400;\">G\u00e5 til hjemmesiden din og klikk p\u00e5 \"Kj\u00f8p og salg\"-knappen som er markert med bl\u00e5tt. Dette \u00e5pner kj\u00f8psskjemaet med ett klikk. <\/span><\/p>\n<p><img loading=\"lazy\" decoding=\"async\" class=\"alignnone wp-image-3811 size-full\" src=\"https:\/\/coinkickoff.com\/wp-content\/uploads\/Screen-Shot-2023-06-08-at-3.20.32-AM-1-e1686183860887.png\" alt=\"hvordan kj\u00f8pe shiba inu p\u00e5 coinbase\" width=\"1295\" height=\"655\" \/><\/p>\n<p><span style=\"font-weight: 400;\">Bare skriv inn bel\u00f8pet du vil bruke. Kj\u00f8p-widgeten er satt til BTC som standard, men du kan endre den til andre digitale eiendeler ved \u00e5 klikke p\u00e5 pilen ved siden av.<\/span><\/p>\n<p><span style=\"font-weight: 400;\">Klikk p\u00e5 boksen \"Betal med\" og velg kreditt- eller debetkort som betalingsm\u00e5te.<\/span><\/p>\n<p><span style=\"font-weight: 400;\">Hvis du ser under bel\u00f8pet du har angitt, vil du se en annen boks der det st\u00e5r \"Engangskj\u00f8p\". Igjen er dette standardinnstillingen, men du kan endre den slik at Coinbase automatisk foretar tilbakevendende kj\u00f8p for deg hver uke eller hver m\u00e5ned.\u00a0<\/span><\/p>\n<p><span style=\"font-weight: 400;\">N\u00e5r du har fylt ut skjemaet, klikker du p\u00e5 \"Forh\u00e5ndsvis kj\u00f8p\". <\/span><\/p>\n<p><img loading=\"lazy\" decoding=\"async\" class=\"alignnone wp-image-3519 size-full\" src=\"https:\/\/coinkickoff.com\/wp-content\/uploads\/Screen-Shot-2023-03-29-at-10.39.23-PM-e1683779487708.png\" alt=\"hvordan kj\u00f8pe dogecoin p\u00e5 coinbasehvordan kj\u00f8pe Bitcoin p\u00e5 Coinbase\" width=\"1439\" height=\"763\" srcset=\"https:\/\/coinkickoff.com\/wp-content\/uploads\/Screen-Shot-2023-03-29-at-10.39.23-PM-e1683779487708.png 1439w, https:\/\/coinkickoff.com\/wp-content\/uploads\/Screen-Shot-2023-03-29-at-10.39.23-PM-e1683779487708-300x159.png 300w, https:\/\/coinkickoff.com\/wp-content\/uploads\/Screen-Shot-2023-03-29-at-10.39.23-PM-e1683779487708-1024x543.png 1024w, https:\/\/coinkickoff.com\/wp-content\/uploads\/Screen-Shot-2023-03-29-at-10.39.23-PM-e1683779487708-768x407.png 768w, https:\/\/coinkickoff.com\/wp-content\/uploads\/Screen-Shot-2023-03-29-at-10.39.23-PM-e1683779487708-18x10.png 18w\" sizes=\"auto, (max-width: 1439px) 100vw, 1439px\" \/><\/p>\n<p><span style=\"font-weight: 400;\">Coinbase vil vise mengden BTC du vil motta, samt eventuelle avgifter du blir belastet med. Hvis du er forn\u00f8yd med bestillingen din, kan du klikke p\u00e5 \"Kj\u00f8p n\u00e5\" for \u00e5 fullf\u00f8re den.\u00a0<\/span><\/p>","protected":false},"excerpt":{"rendered":"<p>Hvordan kj\u00f8pe Bitcoin p\u00e5 Coinbase Hvis du vet litt om Bitcoin, har du kanskje allerede h\u00f8rt om Coinbase, en av de fremste kryptovalutab\u00f8rsene i verden. Coinbase er en USA-basert digital b\u00f8rs som er kjent for sin brukervennlighet og overholdelse av lover og forskrifter i landene den opererer i. [...]<\/p>","protected":false},"author":3,"featured_media":0,"parent":3885,"menu_order":0,"comment_status":"closed","ping_status":"closed","template":"","meta":{"_genesis_hide_title":false,"_genesis_hide_breadcrumbs":false,"_genesis_hide_singular_image":false,"_genesis_hide_footer_widgets":false,"_genesis_custom_body_class":"","_genesis_custom_post_class":"","_genesis_layout":"","_glsr_average":0,"_glsr_ranking":0,"_glsr_reviews":0,"footnotes":""},"class_list":{"0":"post-3899","1":"page","2":"type-page","3":"status-publish","5":"entry"},"featured_image_src":null,"featured_image_src_square":null,"_links":{"self":[{"href":"https:\/\/coinkickoff.com\/nb\/wp-json\/wp\/v2\/pages\/3899","targetHints":{"allow":["GET"]}}],"collection":[{"href":"https:\/\/coinkickoff.com\/nb\/wp-json\/wp\/v2\/pages"}],"about":[{"href":"https:\/\/coinkickoff.com\/nb\/wp-json\/wp\/v2\/types\/page"}],"author":[{"embeddable":true,"href":"https:\/\/coinkickoff.com\/nb\/wp-json\/wp\/v2\/users\/3"}],"replies":[{"embeddable":true,"href":"https:\/\/coinkickoff.com\/nb\/wp-json\/wp\/v2\/comments?post=3899"}],"version-history":[{"count":1,"href":"https:\/\/coinkickoff.com\/nb\/wp-json\/wp\/v2\/pages\/3899\/revisions"}],"predecessor-version":[{"id":3900,"href":"https:\/\/coinkickoff.com\/nb\/wp-json\/wp\/v2\/pages\/3899\/revisions\/3900"}],"up":[{"embeddable":true,"href":"https:\/\/coinkickoff.com\/nb\/wp-json\/wp\/v2\/pages\/3885"}],"wp:attachment":[{"href":"https:\/\/coinkickoff.com\/nb\/wp-json\/wp\/v2\/media?parent=3899"}],"curies":[{"name":"wp","href":"https:\/\/api.w.org\/{rel}","templated":true}]}}