{"id":3885,"date":"2026-01-08T14:07:52","date_gmt":"2026-01-08T14:07:52","guid":{"rendered":"https:\/\/coinkickoff.com\/?page_id=3885"},"modified":"2026-01-08T14:07:52","modified_gmt":"2026-01-08T14:07:52","slug":"how-to-buy-bitcoin","status":"publish","type":"page","link":"https:\/\/coinkickoff.com\/nb\/how-to-buy-bitcoin\/","title":{"rendered":"Slik kj\u00f8per du Bitcoin (BTC)"},"content":{"rendered":"<div id=\"ez-toc-container\" class=\"ez-toc-v2_0_80 counter-hierarchy ez-toc-counter ez-toc-transparent ez-toc-container-direction\">\n<div class=\"ez-toc-title-container\">\n<p class=\"ez-toc-title\" style=\"cursor:inherit\">Seksjoner<\/p>\n<span class=\"ez-toc-title-toggle\"><a href=\"#\" class=\"ez-toc-pull-right ez-toc-btn ez-toc-btn-xs ez-toc-btn-default ez-toc-toggle\" aria-label=\"Bytt innholdsfortegnelse\"><span class=\"ez-toc-js-icon-con\"><span class=\"\"><span class=\"eztoc-hide\" style=\"display:none;\">Toggle<\/span><span class=\"ez-toc-icon-toggle-span\"><svg style=\"fill: #999;color:#999\" xmlns=\"http:\/\/www.w3.org\/2000\/svg\" class=\"list-377408\" width=\"20px\" height=\"20px\" viewbox=\"0 0 24 24\" fill=\"none\"><path d=\"M6 6H4v2h2V6zm14 0H8v2h12V6zM4 11h2v2H4v-2zm16 0H8v2h12v-2zM4 16h2v2H4v-2zm16 0H8v2h12v-2z\" fill=\"currentColor\"><\/path><\/svg><svg style=\"fill: #999;color:#999\" class=\"arrow-unsorted-368013\" xmlns=\"http:\/\/www.w3.org\/2000\/svg\" width=\"10px\" height=\"10px\" viewbox=\"0 0 24 24\" version=\"1.2\" baseprofile=\"tiny\"><path d=\"M18.2 9.3l-6.2-6.3-6.2 6.3c-.2.2-.3.4-.3.7s.1.5.3.7c.2.2.4.3.7.3h11c.3 0 .5-.1.7-.3.2-.2.3-.5.3-.7s-.1-.5-.3-.7zM5.8 14.7l6.2 6.3 6.2-6.3c.2-.2.3-.5.3-.7s-.1-.5-.3-.7c-.2-.2-.4-.3-.7-.3h-11c-.3 0-.5.1-.7.3-.2.2-.3.5-.3.7s.1.5.3.7z\"\/><\/svg><\/span><\/span><\/span><\/a><\/span><\/div>\n<nav><ul class='ez-toc-list ez-toc-list-level-1 eztoc-toggle-hide-by-default' ><li class='ez-toc-page-1 ez-toc-heading-level-2'><a class=\"ez-toc-link ez-toc-heading-1\" href=\"https:\/\/coinkickoff.com\/nb\/how-to-buy-bitcoin\/#How_to_Buy_Bitcoin\" >Hvordan kj\u00f8pe Bitcoin\u00a0<\/a><\/li><li class='ez-toc-page-1 ez-toc-heading-level-2'><a class=\"ez-toc-link ez-toc-heading-2\" href=\"https:\/\/coinkickoff.com\/nb\/how-to-buy-bitcoin\/#What_Is_Bitcoin\" >Hva er Bitcoin?<\/a><\/li><li class='ez-toc-page-1 ez-toc-heading-level-2'><a class=\"ez-toc-link ez-toc-heading-3\" href=\"https:\/\/coinkickoff.com\/nb\/how-to-buy-bitcoin\/#Where_Can_I_Buy_Bitcoin\" >Hvor kan jeg kj\u00f8pe Bitcoin?<\/a><\/li><li class='ez-toc-page-1 ez-toc-heading-level-2'><a class=\"ez-toc-link ez-toc-heading-4\" href=\"https:\/\/coinkickoff.com\/nb\/how-to-buy-bitcoin\/#How_to_Buy_Bitcoin-2\" >Hvordan kj\u00f8pe Bitcoin<\/a><ul class='ez-toc-list-level-3' ><li class='ez-toc-heading-level-3'><a class=\"ez-toc-link ez-toc-heading-5\" href=\"https:\/\/coinkickoff.com\/nb\/how-to-buy-bitcoin\/#Deciding_on_an_Exchange\" >Bestemme seg for en b\u00f8rs<\/a><\/li><li class='ez-toc-page-1 ez-toc-heading-level-3'><a class=\"ez-toc-link ez-toc-heading-6\" href=\"https:\/\/coinkickoff.com\/nb\/how-to-buy-bitcoin\/#Buying_Bitcoin\" >Kj\u00f8pe Bitcoin<\/a><\/li><li class='ez-toc-page-1 ez-toc-heading-level-3'><a class=\"ez-toc-link ez-toc-heading-7\" href=\"https:\/\/coinkickoff.com\/nb\/how-to-buy-bitcoin\/#Where_to_Store_Bitcoin\" >Oppbevaring av Bitcoin<\/a><\/li><li class='ez-toc-page-1 ez-toc-heading-level-3'><a class=\"ez-toc-link ez-toc-heading-8\" href=\"https:\/\/coinkickoff.com\/nb\/how-to-buy-bitcoin\/#BTC_Hard_Wallets\" >BTC harde lommeb\u00f8ker<\/a><ul class='ez-toc-list-level-4' ><li class='ez-toc-heading-level-4'><a class=\"ez-toc-link ez-toc-heading-9\" href=\"https:\/\/coinkickoff.com\/nb\/how-to-buy-bitcoin\/#Exchange_Wallet\" >Bytt lommebok<\/a><\/li><li class='ez-toc-page-1 ez-toc-heading-level-4'><a class=\"ez-toc-link ez-toc-heading-10\" href=\"https:\/\/coinkickoff.com\/nb\/how-to-buy-bitcoin\/#Self-Custody_Hot_Wallets\" >Hot Wallets med egen forvaring<\/a><\/li><\/ul><\/li><\/ul><\/li><\/ul><\/nav><\/div>\n<h2><span class=\"ez-toc-section\" id=\"How_to_Buy_Bitcoin\"><\/span><span style=\"font-weight: 400;\">Hvordan kj\u00f8pe Bitcoin\u00a0<\/span><span class=\"ez-toc-section-end\"><\/span><\/h2>\n<p><span style=\"font-weight: 400;\">S\u00e5 du har lyst til \u00e5 kaste deg ut i kryptomarkedet og kj\u00f8pe <a href=\"https:\/\/coinkickoff.com\/nb\/bitcoin-btc\/\">Bitcoin<\/a>! Da har du kommet til rett sted. I denne artikkelen vil vi kort forklare hva som er <a href=\"https:\/\/coinkickoff.com\/nb\/bitcoin-btc\/\" data-internallinksmanager029f6b8e52c=\"1\" title=\"Hva er Bitcoin (BTC)? Pris, historie og hvor du kan kj\u00f8pe\">Bitcoin<\/a> er, hvordan det fungerer og hvor du kan kj\u00f8pe det s\u00e5kalte digitale gullet.<\/span><\/p>\n<h2><span class=\"ez-toc-section\" id=\"What_Is_Bitcoin\"><\/span><span style=\"font-weight: 400;\">Hva er Bitcoin?<\/span><span class=\"ez-toc-section-end\"><\/span><\/h2>\n<p><span style=\"font-weight: 400;\">Hvis du ikke har sovet det siste ti\u00e5ret, er sjansen stor for at du allerede kjenner til Bitcoin. Det er OG-kryptovalutaen, GOAT, den som startet det hele. Etter at Bitcoin ble lansert i 2009 av en pseudonym programmerer, rant den rundt p\u00e5 nettet fra den ene nerdens kjeller til den andre i noen \u00e5r, helt til den en dag endelig ble til en enorm kryptob\u00f8lge som rystet verdens\u00f8konomien.\u00a0\u00a0<\/span><\/p>\n<p><span style=\"font-weight: 400;\">Men Bitcoin er ikke bare verdens f\u00f8rste kryptovaluta. Til tross for tusenvis av andre digitale aktiva som fulgte etter, er den fortsatt den mest verdifulle kryptovalutaen som finnes.<\/span><\/p>\n<p><span style=\"font-weight: 400;\">Bitcoin er verdifull av flere grunner: Den har et begrenset antall og god likviditet, slik at du kan bruke den til umiddelbare verdioverf\u00f8ringer. Mange ser p\u00e5 den som en langsiktig investering siden verdien har \u00f8kt fra sm\u00e5penger til tusenvis av dollar siden den ble lansert. Siden den brukes og utvinnes av mange mennesker, er den relativt tryggere enn tilsvarende valutaer, som er mindre motstandsdyktige mot hackingfors\u00f8k.<\/span><\/p>\n<p><span style=\"font-weight: 400;\">Det finnes selvsagt ogs\u00e5 ulemper. Det er en ustabil valuta, og noen har hevdet at de skyh\u00f8ye prisstigningene har blitt skapt av markedsmanipulatorer. Det er en tregere betalingsmetode sammenlignet med andre tradisjonelle alternativer og kryptoalternativer, og det kan v\u00e6re ganske dyrt \u00e5 flytte rundt p\u00e5 BTC. Det er ogs\u00e5 det faktum at <\/span><a href=\"https:\/\/www.ecb.europa.eu\/pub\/financial-stability\/macroprudential-bulletin\/html\/ecb.mpbu202207_3~d9614ea8e6.en.html\" target=\"_blank\" rel=\"noopener\"><span style=\"font-weight: 400;\">Bitcoin-gruvedrift utgj\u00f8r en alvorlig trussel<\/span><\/a><span style=\"font-weight: 400;\"> til v\u00e5r allerede <\/span><a href=\"https:\/\/www.theguardian.com\/technology\/2023\/apr\/26\/bitcoin-mining-climate-crisis-environmental-impact\" target=\"_blank\" rel=\"noopener\"><span style=\"font-weight: 400;\">skj\u00f8rt klima<\/span><\/a><span style=\"font-weight: 400;\">.<\/span><\/p>\n<p><span style=\"font-weight: 400;\">For \u00e5 si det enkelt: Bitcoin er et veddem\u00e5l. Tilhengerne mener at det kan v\u00e6re fremtidens gull, mens andre mener at det vil forsvinne med tiden. Men forel\u00f8pig er det et av de st\u00f8rste kryptomarkedene i verden.\u00a0<\/span><\/p>\n<h2><span class=\"ez-toc-section\" id=\"Where_Can_I_Buy_Bitcoin\"><\/span><span style=\"font-weight: 400;\">Hvor kan jeg kj\u00f8pe Bitcoin?<\/span><span class=\"ez-toc-section-end\"><\/span><\/h2>\n<p><span style=\"font-weight: 400;\">Du kan kj\u00f8pe Bitcoin fra flere steder og leverand\u00f8rer. Mens <a href=\"https:\/\/coinkickoff.com\/nb\/crypto-exchanges\/\" data-internallinksmanager029f6b8e52c=\"141\" title=\"De 21 beste b\u00f8rsene og appene for kryptovaluta i 2024\">utveksling av kryptovaluta<\/a> er de prim\u00e6re markedene for Bitcoin, men du kan ogs\u00e5 bruke betalingsapper som PayPal eller finansielle investeringsapper som Robinhood eller eToro til \u00e5 kj\u00f8pe den. Siden Bitcoin er s\u00e5 popul\u00e6rt, har de fleste vanlige finansappene begynt \u00e5 inkludere BTC i tilbudet sitt.<\/span><\/p>\n<p><span style=\"font-weight: 400;\">Med s\u00e5 mange alternativer er det selvsagt vanskelig \u00e5 vite hvor du skal begynne. Kryptovalutab\u00f8rser tilbyr vanligvis de beste prisene og gebyrene: Du kan \u00e5pne en gratiskonto p\u00e5 en hvilken som helst kryptob\u00f8rs og kj\u00f8pe BTC i bytte mot USD, EUR eller annen fiat-valuta.\u00a0<\/span><\/p>\n<p><span style=\"font-weight: 400;\">I l\u00f8pet av de siste \u00e5rene har de fleste kryptob\u00f8rser implementert enkle kj\u00f8pswidgets for \u00e5 sikre en smidig brukeropplevelse, slik at du ikke trenger \u00e5 l\u00e6re deg en masse nye ting for \u00e5 investere i BTC. For eksempel, <\/span><a href=\"https:\/\/coinkickoff.com\/nb\/coinbase-review\/\"><span style=\"font-weight: 400;\">Coinbase<\/span><\/a><span style=\"font-weight: 400;\">, <\/span><a href=\"https:\/\/coinkickoff.com\/nb\/binance-review\/\"><span style=\"font-weight: 400;\">Binance<\/span><\/a><span style=\"font-weight: 400;\">, <\/span><a href=\"https:\/\/coinkickoff.com\/nb\/kraken-review\/\"><span style=\"font-weight: 400;\">Kraken<\/span><\/a><span style=\"font-weight: 400;\">og Gemini er alle kryptob\u00f8rser.<\/span><\/p>\n<p><span style=\"font-weight: 400;\">Hvis du allerede bruker en app for finansielle investeringer som <\/span><a href=\"https:\/\/coinkickoff.com\/nb\/etoro-review\/\"><span style=\"font-weight: 400;\">eToro<\/span><\/a><span style=\"font-weight: 400;\"> eller Robinhood eller nettbanken din tilbyr BTC som BTC som <\/span><a href=\"https:\/\/coinkickoff.com\/nb\/revolut-review\/\"><span style=\"font-weight: 400;\">Revolut<\/span><\/a><span style=\"font-weight: 400;\">kan du ogs\u00e5 kj\u00f8pe BTC der. Disse leverand\u00f8rene tar imidlertid vanligvis h\u00f8yere gebyrer enn vanlige b\u00f8rser, selger BTC til h\u00f8yere priser og tilbyr begrensede handelsmuligheter. De kan v\u00e6re et godt alternativ hvis du vil kj\u00f8pe BTC og deretter beholde den i \u00e5revis uten \u00e5 gj\u00f8re noe med den.<\/span><\/p>\n<p><span style=\"font-weight: 400;\">Du kan ogs\u00e5 kj\u00f8pe Bitcoin p\u00e5 desentraliserte b\u00f8rser. Dette er markedsplasser der du kan bytte og handle kryptovalutaer. De er imidlertid ikke et godt utgangspunkt, ettersom du ikke kan kj\u00f8pe kryptovaluta fra disse b\u00f8rsene med fiat-penger. Du m\u00e5 f\u00f8rst kj\u00f8pe en kryptovaluta fra en sentralisert b\u00f8rs, og deretter bytte den mot BTC p\u00e5 desentraliserte apper som <\/span><a href=\"https:\/\/www.sushi.com\/\" target=\"_blank\" rel=\"noopener\"><span style=\"font-weight: 400;\">SushiSwap<\/span><\/a><span style=\"font-weight: 400;\"> eller <\/span><a href=\"https:\/\/uniswap.org\/\" target=\"_blank\" rel=\"noopener\"><span style=\"font-weight: 400;\">Uniswap<\/span><\/a><span style=\"font-weight: 400;\">.<\/span><\/p>\n<h2><span class=\"ez-toc-section\" id=\"How_to_Buy_Bitcoin-2\"><\/span><span style=\"font-weight: 400;\">Hvordan kj\u00f8pe Bitcoin<\/span><span class=\"ez-toc-section-end\"><\/span><\/h2>\n<p><span style=\"font-weight: 400;\">Som vi sa ovenfor, har det blitt veldig enkelt \u00e5 kj\u00f8pe Bitcoin de siste par \u00e5rene. Du trenger ikke \u00e5 ha noen tekniske kunnskaper for \u00e5 skaffe deg BTC. Det er vanligvis like enkelt som \u00e5 \u00e5pne en konto p\u00e5 en kryptovalutab\u00f8rs og klikke p\u00e5 KJ\u00d8P.<\/span><\/p>\n<p><span style=\"font-weight: 400;\">Imidlertid er det fortsatt en god ide \u00e5 i det minste forst\u00e5 hva BTC er og hvordan det i utgangspunktet fungerer f\u00f8r du faktisk bruker mye penger p\u00e5 BTC og l\u00e6rer hvordan du kan holde pengene dine trygge.<\/span><\/p>\n<p><span style=\"font-weight: 400;\">Du m\u00e5 forst\u00e5 at tillit og sikkerhet er alt i kryptospillet, og at sikkerhet er et mangesidig konsept i krypto: Hvis du pr\u00f8ver \u00e5 kj\u00f8pe coins fra en ikke-p\u00e5litelig b\u00f8rs, kan du miste pengene dine. Hvis lommeboken din ikke er sikker, kan du bli frastj\u00e5let coins. Hvis du investerer i et svindelprosjekt, kan du miste alt.<\/span><\/p>\n<p><span style=\"font-weight: 400;\">Den gode nyheten er at du ikke trenger \u00e5 bekymre deg for det siste med Bitcoin: P\u00e5 dette tidspunktet er det sv\u00e6rt lite sannsynlig at Bitcoin er en svindel: Hvis Satoshi Nakamoto (den pseudonyme grunnleggeren) hadde planlagt \u00e5 utf\u00f8re en svindel, ville de sannsynligvis ha gjort det n\u00e5.\u00a0<\/span><\/p>\n<p><span style=\"font-weight: 400;\">Men de to andre advarslene st\u00e5r ved lag: Du m\u00e5 velge en p\u00e5litelig b\u00f8rs for \u00e5 kj\u00f8pe Bitcoin, og deretter m\u00e5 du bestemme deg for en sikker lagringsmetode.<\/span><\/p>\n<p><span style=\"font-weight: 400;\">La oss se n\u00e6rmere p\u00e5 disse trinnene.<\/span><\/p>\n<h3><span class=\"ez-toc-section\" id=\"Deciding_on_an_Exchange\"><\/span><span style=\"font-weight: 400;\">Bestemme seg for en b\u00f8rs<\/span><span class=\"ez-toc-section-end\"><\/span><\/h3>\n<p><span style=\"font-weight: 400;\">Det er ikke lett \u00e5 bestemme seg for en b\u00f8rs. Det finnes hundrevis av kryptob\u00f8rser p\u00e5 nettet, og de fleste er fulle av svindel. Selv de beste er kjent for \u00e5 ha sine problemer: Noen har h\u00f8ye gebyrer, andre blir hacket og mister pengene dine, og noen g\u00e5r konkurs og tar pengene dine med seg.<\/span><\/p>\n<p><span style=\"font-weight: 400;\">S\u00e5 det er viktig \u00e5 velge en p\u00e5litelig b\u00f8rs n\u00e5r du kj\u00f8per BTC. Vi anbefaler at du sjekker ut v\u00e5re anmeldelser p\u00e5 <\/span><a href=\"https:\/\/coinkickoff.com\/nb\/crypto-exchanges\/\"><span style=\"font-weight: 400;\">de 22 beste kryptob\u00f8rsene<\/span><\/a><span style=\"font-weight: 400;\"> i markedet f\u00f8r du bestemmer deg. Du kan ogs\u00e5 finne mer detaljerte anmeldelser og sammenligninger p\u00e5 bloggen v\u00e5r.<\/span><\/p>\n<p><span style=\"font-weight: 400;\">Nybegynnere, spesielt hvis de er basert i USA, anbefales ofte \u00e5 begynne p\u00e5 <a href=\"https:\/\/coinkickoff.com\/nb\/coinbase-review\/\" data-internallinksmanager029f6b8e52c=\"142\" title=\"Coinbase Anmeldelser 2024: Funksjoner, avgifter, sikkerhet, fordeler og ulemper\">Coinbase<\/a>. Det er en USA-basert, regulert b\u00f8rs som har v\u00e6rt i drift i over ti \u00e5r. Hvis du er en internasjonal, <a href=\"https:\/\/coinkickoff.com\/nb\/binance-review\/\" data-internallinksmanager029f6b8e52c=\"152\" title=\"Binance Anmeldelser 2024: Funksjoner, avgifter, sikkerhet, fordeler og ulemper\">Binance<\/a> er et annet popul\u00e6rt alternativ. Til tross for selskapets problemer med myndighetene, vil du ikke ha problemer med \u00e5 kj\u00f8pe krypto p\u00e5 Binance.<\/span><\/p>\n<h3><span class=\"ez-toc-section\" id=\"Buying_Bitcoin\"><\/span><span style=\"font-weight: 400;\">Kj\u00f8pe Bitcoin<\/span><span class=\"ez-toc-section-end\"><\/span><\/h3>\n<p><span style=\"font-weight: 400;\">Har du bestemt deg for \u00e5 bytte? S\u00e5 bra! N\u00e5 trenger du bare \u00e5 \u00e5pne en konto og velge betalingsm\u00e5te.\u00a0<\/span><\/p>\n<p><img loading=\"lazy\" decoding=\"async\" class=\"alignnone wp-image-3252 size-full\" src=\"https:\/\/coinkickoff.com\/wp-content\/uploads\/binance-crypto-buy-sell-5.png\" alt=\"Hvordan kj\u00f8pe Bitcoin binance\" width=\"1047\" height=\"640\" srcset=\"https:\/\/coinkickoff.com\/wp-content\/uploads\/binance-crypto-buy-sell-5.png 1047w, https:\/\/coinkickoff.com\/wp-content\/uploads\/binance-crypto-buy-sell-5-300x183.png 300w, https:\/\/coinkickoff.com\/wp-content\/uploads\/binance-crypto-buy-sell-5-1024x626.png 1024w, https:\/\/coinkickoff.com\/wp-content\/uploads\/binance-crypto-buy-sell-5-768x469.png 768w, https:\/\/coinkickoff.com\/wp-content\/uploads\/binance-crypto-buy-sell-5-18x12.png 18w\" sizes=\"auto, (max-width: 1047px) 100vw, 1047px\" \/><\/p>\n<p><span style=\"font-weight: 400;\">Som vi sa, har de fleste b\u00f8rser gjort det veldig enkelt \u00e5 kj\u00f8pe Bitcoin. Du kan vanligvis bare klikke p\u00e5 \"Kj\u00f8p krypto\" for \u00e5 f\u00e5 tilgang til et enkelt kj\u00f8p-salg-grensesnitt. Disse b\u00f8rsene samarbeider med tredjeparts betalingsleverand\u00f8rer slik at du kan kj\u00f8pe BTC og andre digitale eiendeler med kredittkort, bankkonto eller andre alternativer som Apple Pay og Google Pay.<\/span><\/p>\n<p><span style=\"font-weight: 400;\">Du kan ogs\u00e5 sette inn penger p\u00e5 b\u00f8rskontoen din via nettbank. N\u00e5r du har satt inn penger, har du ogs\u00e5 muligheten til \u00e5 kj\u00f8pe BTC p\u00e5 b\u00f8rsens handelsmarked. Det er vanligvis f\u00e6rre gebyrer involvert, og prisene er bedre. Du finner mer informasjon i v\u00e5re guider om hvordan du kj\u00f8per Bitcoin p\u00e5 ulike b\u00f8rser.<\/span><\/p>\n<p><span style=\"font-weight: 400;\">Et annet viktig skritt er \u00e5 bestemme hvor mye du vil bruke p\u00e5 BTC. Bitcoin er en delbar eiendel, s\u00e5 selv om 1 BTC er verdt tusenvis av dollar, kan du alltid kj\u00f8pe for eksempel 20 USD verdt BTC. Teknisk sett kan du ogs\u00e5 kj\u00f8pe BTC for 1 USD, men kryptob\u00f8rser har vanligvis en minimumsgrense p\u00e5 20 USD.\u00a0<\/span><\/p>\n<h3><span class=\"ez-toc-section\" id=\"Where_to_Store_Bitcoin\"><\/span><span style=\"font-weight: 400;\">Oppbevaring av Bitcoin<\/span><span class=\"ez-toc-section-end\"><\/span><\/h3>\n<p><span style=\"font-weight: 400;\">Lagring er kanskje det viktigste aspektet ved \u00e5 eie Bitcoin: Hvis du ikke oppbevarer BTC i en sikker lommebok, kan du si farvel til pengene dine.\u00a0<\/span><\/p>\n<p><span style=\"font-weight: 400;\">Lommeb\u00f8ker og lagring er selvf\u00f8lgelig symbolske m\u00e5ter \u00e5 beskrive BTC-operasjoner p\u00e5. Du vet allerede at Bitcoin ikke er en fysisk eiendel. Det er en digital eiendel.\u00a0<\/span><\/p>\n<p><span style=\"font-weight: 400;\">Men i motsetning til hva de fleste tror, er det ikke som en fil du sender fra en datamaskin til en annen. Du lagrer faktisk ikke BTC i en lommebok. Bitcoin lagres ikke en gang strengt tatt, den bare administreres.<\/span><\/p>\n<p><span style=\"font-weight: 400;\">Enkelt sagt er Bitcoin en gigantisk, kryptografisk sikret <a href=\"https:\/\/coinkickoff.com\/nb\/what-is-ledger-wallet\/\" data-internallinksmanager029f6b8e52c=\"167\" title=\"Ledger Wallet anmeldelser 2023: Avgifter, funksjoner, sikkerhet, fordeler og ulemper\">hovedbok<\/a>. N\u00e5r du oppretter en Bitcoin-lommebok, legger du til en ny konto i denne hovedboken. Lommebokn\u00f8kkelen (tenk p\u00e5 den som et passord) sikrer at du kontrollerer kontoen, og at ingen andre kan justere hovedboken p\u00e5 dine vegne.\u00a0<\/span><\/p>\n<p><span style=\"font-weight: 400;\">S\u00e5 du lagrer faktisk ikke BTC i lommeboken; lommeboken er i bunn og grunn programvare for tilgang til og administrasjon av Bitcoin-hovedboken. Det lommeboken oppbevarer er Bitcoin-adressen og -n\u00f8kkelen din.<\/span><\/p>\n<p><span style=\"font-weight: 400;\">Det er derfor Bitcoin-entusiaster stadig gjentar \"Not your keys, not your coins\" p\u00e5 internettforum. Hvis du ikke oppbevarer n\u00f8kkelen til lommeboken din p\u00e5 en sikker m\u00e5te, kan hvem som helst med riktig n\u00f8kkel flytte penger fra kontoen din til en annens konto, uten at noen kan gj\u00f8re noe med det.<\/span><\/p>\n<p><span style=\"font-weight: 400;\">Men \u00e5 oppbevare egne n\u00f8kler er ogs\u00e5 en byrde. Hvem kan holde viktig informasjon helt sikker i disse tider med piratkopiering p\u00e5 internett? Det er her de ulike lommebokalternativene kommer inn i bildet.<\/span><\/p>\n<h3><span class=\"ez-toc-section\" id=\"BTC_Hard_Wallets\"><\/span><span style=\"font-weight: 400;\">BTC harde lommeb\u00f8ker<\/span><span class=\"ez-toc-section-end\"><\/span><\/h3>\n<p><span style=\"font-weight: 400;\">Lommeb\u00f8ker er uten tvil den sikreste m\u00e5ten \u00e5 oppbevare Bitcoin p\u00e5. Dette er USB-lignende enheter som inneholder lommebokprogramvare. Siden de er frakoblet fra internett, er n\u00f8klene dine beskyttet mot hackeres gr\u00e5dige hender.\u00a0<\/span><\/p>\n<p><span style=\"font-weight: 400;\">Kritikerne mener at lommeb\u00f8ker kan bli forlagt eller stj\u00e5let. Men det finnes l\u00f8sninger for slike situasjoner: De fleste lommeb\u00f8ker er PIN-beskyttet, og du kan fortsatt f\u00e5 tilgang til pengene dine hvis du oppretter et reservepassord.<\/span><\/p>\n<p><span style=\"font-weight: 400;\">Problemet med harde lommeb\u00f8ker er at de er dyre: De fleste b\u00f8rser tilbyr gratis lommeb\u00f8ker, og det finnes flere gratis alternativer for programvarelommeb\u00f8ker, mens disse babyene kan koste alt fra 60 til 200 USD.<\/span><\/p>\n<p><span style=\"font-weight: 400;\">Hvis du er en sporadisk trader eller planlegger \u00e5 kj\u00f8pe 20 USD av BTC bare for \u00e5 pr\u00f8ve, kan det v\u00e6re overkill \u00e5 investere i en hard wallet. I s\u00e5 fall er det sannsynligvis bedre \u00e5 bruke en b\u00f8rslommebok.\u00a0<\/span><\/p>\n<p><span style=\"font-weight: 400;\">Men hvis du bestemmer deg for \u00e5 kj\u00f8pe mer Bitcoin eller investere et par hundre dollar i krypto, er det verdt \u00e5 kj\u00f8pe en hard lommebok for \u00e5 sikre pengene dine. Vi foresl\u00e5r at du tar en titt p\u00e5 <\/span><a href=\"https:\/\/trezor.io\/\" target=\"_blank\" rel=\"noopener\"><span style=\"font-weight: 400;\">Trezor<\/span><\/a><span style=\"font-weight: 400;\"> og <\/span><a href=\"https:\/\/www.ledger.com\/\" target=\"_blank\" rel=\"noopener\"><span style=\"font-weight: 400;\">Hovedbok<\/span><\/a><span style=\"font-weight: 400;\"> harde lommeb\u00f8ker. Begge selskapene tilbyr enkle modeller til en god inngangspris.<\/span><\/p>\n<h4><span class=\"ez-toc-section\" id=\"Exchange_Wallet\"><\/span><span style=\"font-weight: 400;\">Bytt lommebok<\/span><span class=\"ez-toc-section-end\"><\/span><\/h4>\n<p><span style=\"font-weight: 400;\">Dette er det vanligste alternativet for mange handelsmenn der ute: Kryptob\u00f8rser driver sine egne lommeb\u00f8ker der de lagrer Bitcoin p\u00e5 dine vegne. Disse er ogs\u00e5 kjent som depotlommeb\u00f8ker.<\/span><\/p>\n<p><span style=\"font-weight: 400;\">La oss for eksempel si at du \u00e5pnet en Binance-konto og kj\u00f8pte Bitcoin. Dine BTC blir automatisk satt inn i Bitcoin-lommeboken din p\u00e5 Binance. Deretter kan du handle coins p\u00e5 Binance-markedet, overf\u00f8re pengene dine til en annen b\u00f8rs eller lommebok, eller selge og ta ut pengene dine.\u00a0<\/span><\/p>\n<p><span style=\"font-weight: 400;\">Det er veldig praktisk \u00e5 bruke en b\u00f8rslommebok, for alt du trenger \u00e5 gj\u00f8re for \u00e5 handle krypto er \u00e5 logge inn p\u00e5 kontoen din og gj\u00f8re noen f\u00e5 klikk. Du trenger ikke \u00e5 bekymre deg (for mye) for sikkerheten utover \u00e5 holde passordet ditt for deg selv. De fleste b\u00f8rser h\u00e5ndhever ogs\u00e5 tofaktorautentisering og andre forholdsregler for \u00e5 sikre at pengene dine forblir trygge selv om passordet ditt blir stj\u00e5let.<\/span><\/p>\n<p><span style=\"font-weight: 400;\">Ulempen med dette alternativet er imidlertid at du ikke har n\u00f8klene til lommeboken din. B\u00f8rsen har den ytterste kontrollen over midlene: Hvis de g\u00e5r konkurs, tar de pengene dine med seg, siden du ikke bare kan bruke n\u00f8klene dine til \u00e5 flytte pengene dine til et annet sted.<\/span><\/p>\n<h4><span class=\"ez-toc-section\" id=\"Self-Custody_Hot_Wallets\"><\/span><span style=\"font-weight: 400;\">Hot Wallets med egen forvaring<\/span><span class=\"ez-toc-section-end\"><\/span><\/h4>\n<p><span style=\"font-weight: 400;\">S\u00e5 du vil ikke overlate din Bitcoin til en b\u00f8rslommebok, men du er usikker p\u00e5 om du b\u00f8r kj\u00f8pe en hard lommebok enn\u00e5. Det er her lommeb\u00f8kene med selvforvaring kommer inn i bildet.<\/span><\/p>\n<p><span style=\"font-weight: 400;\">Lommeb\u00f8ker med egen forvaring er i utgangspunktet programvarelommeb\u00f8ker du kan laste ned p\u00e5 datamaskinen eller mobilenheten din. De er den opprinnelige l\u00f8sningen for Bitcoin og kryptolagring. Da BTC f\u00f8rst ble lansert, fulgte det ogs\u00e5 med en lommebokl\u00f8sning som erfarne brukere kunne kj\u00f8re p\u00e5 datamaskinene sine. Da Bitcoin begynte \u00e5 bli vanlig, begynte utviklerne \u00e5 utvikle enklere lagringsalternativer som folk uten teknisk erfaring kunne bruke.<\/span><\/p>\n<p><span style=\"font-weight: 400;\">Disse lommeb\u00f8kene lagres p\u00e5 enheter som er koblet til internett, og dermed lagres ogs\u00e5 lommebokn\u00f8kkelen din p\u00e5 enheten. Fordelen med en lommebok som du selv oppbevarer (for eksempel Exodus), er at den gir deg stor kontroll over pengene dine.<\/span><\/p>\n<p><span style=\"font-weight: 400;\">Men dessverre kan de v\u00e6re ganske ustabile n\u00e5r det gjelder sikkerhet. Hvis datamaskinen eller telefonen din blir hacket, kan hackere enkelt f\u00e5 tilgang til n\u00f8klene som er lagret p\u00e5 enheten. Selv om de fleste b\u00f8rser har r\u00e5d til sikkerhetstiltak p\u00e5 industrielt niv\u00e5, er de fleste enkeltpersoner avhengige av gammeldagse l\u00f8sninger som ikke kan hamle opp med det 21. \u00e5rhundrets pirater. Det gj\u00f8r dessverre lommeb\u00f8ker til det minst sikre lagringsalternativet.<\/span><\/p>\n<p><span style=\"font-weight: 400;\">N\u00e5r det er sagt, hvis du er en uformell trader som vil ha litt erfaring, er det noen f\u00e5 Bitcoin-lommeb\u00f8ker du kan sette opp og bruke p\u00e5 egen h\u00e5nd (selvf\u00f8lgelig med tilstrekkelig beskyttelse). Exodus er en BTC- og kryptolommebok som lar deg lagre og overf\u00f8re krypto. Den har ogs\u00e5 en handels- og byttetjeneste i appen, noe som er veldig praktisk. Du kan lese mer om hvordan du oppbevarer BTC i Exodus i v\u00e5r Exodus-anmeldelse.<\/span><\/p>","protected":false},"excerpt":{"rendered":"<p>Hvordan kj\u00f8pe Bitcoin S\u00e5 du \u00f8nsker \u00e5 dyppe t\u00e6rne i kryptomarkedet og kj\u00f8pe Bitcoin! Da har du kommet til rett sted. I denne artikkelen forklarer vi kort hva Bitcoin er, hvordan det fungerer og hvor du kan kj\u00f8pe det s\u00e5kalte digitale gullet. Hva er Bitcoin? Hvis du ikke har sovet gjennom [...]<\/p>","protected":false},"author":3,"featured_media":0,"parent":0,"menu_order":0,"comment_status":"closed","ping_status":"closed","template":"","meta":{"_genesis_hide_title":false,"_genesis_hide_breadcrumbs":false,"_genesis_hide_singular_image":false,"_genesis_hide_footer_widgets":false,"_genesis_custom_body_class":"","_genesis_custom_post_class":"","_genesis_layout":"","_glsr_average":0,"_glsr_ranking":0,"_glsr_reviews":0,"footnotes":""},"class_list":{"0":"post-3885","1":"page","2":"type-page","3":"status-publish","5":"entry"},"featured_image_src":null,"featured_image_src_square":null,"_links":{"self":[{"href":"https:\/\/coinkickoff.com\/nb\/wp-json\/wp\/v2\/pages\/3885","targetHints":{"allow":["GET"]}}],"collection":[{"href":"https:\/\/coinkickoff.com\/nb\/wp-json\/wp\/v2\/pages"}],"about":[{"href":"https:\/\/coinkickoff.com\/nb\/wp-json\/wp\/v2\/types\/page"}],"author":[{"embeddable":true,"href":"https:\/\/coinkickoff.com\/nb\/wp-json\/wp\/v2\/users\/3"}],"replies":[{"embeddable":true,"href":"https:\/\/coinkickoff.com\/nb\/wp-json\/wp\/v2\/comments?post=3885"}],"version-history":[{"count":3,"href":"https:\/\/coinkickoff.com\/nb\/wp-json\/wp\/v2\/pages\/3885\/revisions"}],"predecessor-version":[{"id":4467,"href":"https:\/\/coinkickoff.com\/nb\/wp-json\/wp\/v2\/pages\/3885\/revisions\/4467"}],"wp:attachment":[{"href":"https:\/\/coinkickoff.com\/nb\/wp-json\/wp\/v2\/media?parent=3885"}],"curies":[{"name":"wp","href":"https:\/\/api.w.org\/{rel}","templated":true}]}}