{"id":3877,"date":"2026-01-08T14:06:52","date_gmt":"2026-01-08T14:06:52","guid":{"rendered":"https:\/\/coinkickoff.com\/?page_id=3877"},"modified":"2026-01-08T14:06:52","modified_gmt":"2026-01-08T14:06:52","slug":"how-to-buy-shiba-inu-on-kraken","status":"publish","type":"page","link":"https:\/\/coinkickoff.com\/nb\/how-to-buy-shiba-inu\/how-to-buy-shiba-inu-on-kraken\/","title":{"rendered":"Slik kj\u00f8per du Shiba Inu p\u00e5 Kraken"},"content":{"rendered":"<div id=\"ez-toc-container\" class=\"ez-toc-v2_0_80 counter-hierarchy ez-toc-counter ez-toc-transparent ez-toc-container-direction\">\n<div class=\"ez-toc-title-container\">\n<p class=\"ez-toc-title\" style=\"cursor:inherit\">Seksjoner<\/p>\n<span class=\"ez-toc-title-toggle\"><a href=\"#\" class=\"ez-toc-pull-right ez-toc-btn ez-toc-btn-xs ez-toc-btn-default ez-toc-toggle\" aria-label=\"Bytt innholdsfortegnelse\"><span class=\"ez-toc-js-icon-con\"><span class=\"\"><span class=\"eztoc-hide\" style=\"display:none;\">Toggle<\/span><span class=\"ez-toc-icon-toggle-span\"><svg style=\"fill: #999;color:#999\" xmlns=\"http:\/\/www.w3.org\/2000\/svg\" class=\"list-377408\" width=\"20px\" height=\"20px\" viewbox=\"0 0 24 24\" fill=\"none\"><path d=\"M6 6H4v2h2V6zm14 0H8v2h12V6zM4 11h2v2H4v-2zm16 0H8v2h12v-2zM4 16h2v2H4v-2zm16 0H8v2h12v-2z\" fill=\"currentColor\"><\/path><\/svg><svg style=\"fill: #999;color:#999\" class=\"arrow-unsorted-368013\" xmlns=\"http:\/\/www.w3.org\/2000\/svg\" width=\"10px\" height=\"10px\" viewbox=\"0 0 24 24\" version=\"1.2\" baseprofile=\"tiny\"><path d=\"M18.2 9.3l-6.2-6.3-6.2 6.3c-.2.2-.3.4-.3.7s.1.5.3.7c.2.2.4.3.7.3h11c.3 0 .5-.1.7-.3.2-.2.3-.5.3-.7s-.1-.5-.3-.7zM5.8 14.7l6.2 6.3 6.2-6.3c.2-.2.3-.5.3-.7s-.1-.5-.3-.7c-.2-.2-.4-.3-.7-.3h-11c-.3 0-.5.1-.7.3-.2.2-.3.5-.3.7s.1.5.3.7z\"\/><\/svg><\/span><\/span><\/span><\/a><\/span><\/div>\n<nav><ul class='ez-toc-list ez-toc-list-level-1 eztoc-toggle-hide-by-default' ><li class='ez-toc-page-1 ez-toc-heading-level-2'><a class=\"ez-toc-link ez-toc-heading-1\" href=\"https:\/\/coinkickoff.com\/nb\/how-to-buy-shiba-inu\/how-to-buy-shiba-inu-on-kraken\/#How_to_Buy_Shiba_Inu_on_Kraken_Exchange\" >Slik kj\u00f8per du Shiba Inu p\u00e5 Kraken-b\u00f8rsen<\/a><\/li><li class='ez-toc-page-1 ez-toc-heading-level-2'><a class=\"ez-toc-link ez-toc-heading-2\" href=\"https:\/\/coinkickoff.com\/nb\/how-to-buy-shiba-inu\/how-to-buy-shiba-inu-on-kraken\/#A_Step-By-Step_Guide_on_How_to_Buy_Shiba_Inu_on_Kraken\" >En trinnvis veiledning om hvordan du kj\u00f8per Shiba Inu p\u00e5 Kraken<\/a><ul class='ez-toc-list-level-3' ><li class='ez-toc-heading-level-3'><a class=\"ez-toc-link ez-toc-heading-3\" href=\"https:\/\/coinkickoff.com\/nb\/how-to-buy-shiba-inu\/how-to-buy-shiba-inu-on-kraken\/#1_Register_an_Account_on_Kraken\" >1. Registrer en konto p\u00e5 Kraken<\/a><\/li><li class='ez-toc-page-1 ez-toc-heading-level-3'><a class=\"ez-toc-link ez-toc-heading-4\" href=\"https:\/\/coinkickoff.com\/nb\/how-to-buy-shiba-inu\/how-to-buy-shiba-inu-on-kraken\/#2_Verify_Your_Account\" >2. Bekreft kontoen din<\/a><\/li><li class='ez-toc-page-1 ez-toc-heading-level-3'><a class=\"ez-toc-link ez-toc-heading-5\" href=\"https:\/\/coinkickoff.com\/nb\/how-to-buy-shiba-inu\/how-to-buy-shiba-inu-on-kraken\/#3_Enable_2FA\" >3. Aktiver 2FA<\/a><\/li><li class='ez-toc-page-1 ez-toc-heading-level-3'><a class=\"ez-toc-link ez-toc-heading-6\" href=\"https:\/\/coinkickoff.com\/nb\/how-to-buy-shiba-inu\/how-to-buy-shiba-inu-on-kraken\/#4_Add_an_Instant_Payment_Method\" >4. Legg til en umiddelbar betalingsm\u00e5te<\/a><\/li><li class='ez-toc-page-1 ez-toc-heading-level-3'><a class=\"ez-toc-link ez-toc-heading-7\" href=\"https:\/\/coinkickoff.com\/nb\/how-to-buy-shiba-inu\/how-to-buy-shiba-inu-on-kraken\/#4_Navigate_to_the_Relevant_Screen_to_Buy\" >4. Naviger til det relevante skjermbildet for \u00e5 kj\u00f8pe<\/a><\/li><\/ul><\/li><\/ul><\/nav><\/div>\n<h2><span class=\"ez-toc-section\" id=\"How_to_Buy_Shiba_Inu_on_Kraken_Exchange\"><\/span><span style=\"font-weight: 400;\">Slik kj\u00f8per du Shiba Inu p\u00e5 Kraken-b\u00f8rsen<\/span><span class=\"ez-toc-section-end\"><\/span><\/h2>\n<p><span style=\"font-weight: 400;\">Som de fleste kryptovalutaer, <a href=\"https:\/\/coinkickoff.com\/nb\/shiba-inu-shib\/\">Shiba Inu (SHIB)<\/a> er en spekulativ eiendel: Prisen kan stige og falle avhengig av innfall fra kjendiser, markedsf\u00f8rere og til og med Reddit-kommentatorer. Som et meme coin uten bruksomr\u00e5de, <a href=\"https:\/\/coinkickoff.com\/nb\/shiba-inu-shib\/\" data-internallinksmanager029f6b8e52c=\"16\" title=\"Hva er Shiba Inu (SHIB)? Hvordan fungerer det og hvor kan jeg kj\u00f8pe det?\">SHIB<\/a> er spesielt s\u00e5rbar for store og plutselige kurssvingninger, noe som gj\u00f8r den potensielt l\u00f8nnsom og risikabel.<\/span><\/p>\n<p><span style=\"font-weight: 400;\">Du kan kj\u00f8pe SHIB p\u00e5 flere <a href=\"https:\/\/coinkickoff.com\/nb\/crypto-exchanges\/\" data-internallinksmanager029f6b8e52c=\"141\" title=\"De 21 beste b\u00f8rsene og appene for kryptovaluta i 2024\">kryptob\u00f8rser<\/a>takket v\u00e6re populariteten. I denne guiden vil vi forklare hvordan du kan kj\u00f8pe Shiba Inu p\u00e5 <a href=\"https:\/\/coinkickoff.com\/nb\/kraken-review\/\">Kraken<\/a>en USA-basert veteranb\u00f8rs som er kjent for sine h\u00f8ye sikkerhetsstandarder.<\/span><\/p>\n<h2><span class=\"ez-toc-section\" id=\"A_Step-By-Step_Guide_on_How_to_Buy_Shiba_Inu_on_Kraken\"><\/span><span style=\"font-weight: 400;\">En trinnvis veiledning om hvordan du kj\u00f8per Shiba Inu p\u00e5 Kraken<\/span><span class=\"ez-toc-section-end\"><\/span><\/h2>\n<h3><span class=\"ez-toc-section\" id=\"1_Register_an_Account_on_Kraken\"><\/span><span style=\"font-weight: 400;\">1. Registrer en konto p\u00e5 Kraken<\/span><span class=\"ez-toc-section-end\"><\/span><\/h3>\n<p><img loading=\"lazy\" decoding=\"async\" class=\"alignnone wp-image-3406 size-full\" src=\"https:\/\/coinkickoff.com\/wp-content\/uploads\/kraken1-e1682502957481.png\" alt=\"hvordan kj\u00f8pe Dogecoin p\u00e5 Kraken\" width=\"1339\" height=\"763\" srcset=\"https:\/\/coinkickoff.com\/wp-content\/uploads\/kraken1-e1682502957481.png 1339w, https:\/\/coinkickoff.com\/wp-content\/uploads\/kraken1-e1682502957481-300x171.png 300w, https:\/\/coinkickoff.com\/wp-content\/uploads\/kraken1-e1682502957481-1024x584.png 1024w, https:\/\/coinkickoff.com\/wp-content\/uploads\/kraken1-e1682502957481-768x438.png 768w, https:\/\/coinkickoff.com\/wp-content\/uploads\/kraken1-e1682502957481-18x10.png 18w\" sizes=\"auto, (max-width: 1339px) 100vw, 1339px\" \/><\/p>\n<p><span style=\"font-weight: 400;\">Det viktigste f\u00f8rst: G\u00e5 til <a href=\"https:\/\/coinkickoff.com\/nb\/kraken-review\/\" data-internallinksmanager029f6b8e52c=\"171\" title=\"Kraken anmeldelser 2023: Avgifter, funksjoner, sikkerhet, fordeler og ulemper\">Kraken<\/a>'s offisielle nettside og opprett en konto. Fyll ut registreringsskjemaet ved \u00e5 oppgi all n\u00f8dvendig informasjon. Forsikre deg om at du oppgir en gyldig e-post: Kraken bruker den til \u00e5 sende deg en aktiveringslenke.<\/span><\/p>\n<h3><span class=\"ez-toc-section\" id=\"2_Verify_Your_Account\"><\/span><span style=\"font-weight: 400;\">2. Bekreft kontoen din<\/span><span class=\"ez-toc-section-end\"><\/span><\/h3>\n<p><span style=\"font-weight: 400;\">N\u00e5r du har logget inn, er det p\u00e5 tide \u00e5 fullf\u00f8re identitetsbekreftelsen. Kraken er ganske streng med identitetsbekreftelse, s\u00e5 du kan ikke hoppe over dette trinnet. Faktisk, s\u00e5 snart du pr\u00f8ver \u00e5 klikke p\u00e5 \"Buy Crypto\" -fanen \u00f8verst p\u00e5 dashbordet, blir du bedt om \u00e5 bekrefte identiteten din.<\/span><\/p>\n<p><img loading=\"lazy\" decoding=\"async\" class=\"alignnone wp-image-3407 size-full\" src=\"https:\/\/coinkickoff.com\/wp-content\/uploads\/kraken2-e1686524781685.png\" alt=\"kraken verifiseringsadvarsel\" width=\"1360\" height=\"791\" srcset=\"https:\/\/coinkickoff.com\/wp-content\/uploads\/kraken2-e1686524781685.png 1360w, https:\/\/coinkickoff.com\/wp-content\/uploads\/kraken2-e1686524781685-300x174.png 300w, https:\/\/coinkickoff.com\/wp-content\/uploads\/kraken2-e1686524781685-1024x596.png 1024w, https:\/\/coinkickoff.com\/wp-content\/uploads\/kraken2-e1686524781685-768x447.png 768w, https:\/\/coinkickoff.com\/wp-content\/uploads\/kraken2-e1686524781685-18x10.png 18w\" sizes=\"auto, (max-width: 1360px) 100vw, 1360px\" \/><\/p>\n<p><span style=\"font-weight: 400;\">Kraken-bekreftelsesordningen er ganske standard: du m\u00e5 oppgi navn, adresse og personlige opplysninger og laste opp ID-dokumenter.<\/span><\/p>\n<p><img loading=\"lazy\" decoding=\"async\" class=\"alignnone wp-image-3408 size-full\" src=\"https:\/\/coinkickoff.com\/wp-content\/uploads\/kraken3-e1682503223180.png\" alt=\"\" width=\"1375\" height=\"777\" srcset=\"https:\/\/coinkickoff.com\/wp-content\/uploads\/kraken3-e1682503223180.png 1375w, https:\/\/coinkickoff.com\/wp-content\/uploads\/kraken3-e1682503223180-300x170.png 300w, https:\/\/coinkickoff.com\/wp-content\/uploads\/kraken3-e1682503223180-1024x579.png 1024w, https:\/\/coinkickoff.com\/wp-content\/uploads\/kraken3-e1682503223180-768x434.png 768w, https:\/\/coinkickoff.com\/wp-content\/uploads\/kraken3-e1682503223180-18x10.png 18w, https:\/\/coinkickoff.com\/wp-content\/uploads\/kraken3-e1682503223180-600x338.png 600w\" sizes=\"auto, (max-width: 1375px) 100vw, 1375px\" \/><\/p>\n<p><span style=\"font-weight: 400;\">Skriv inn all n\u00f8dvendig informasjon og klikk p\u00e5 \"Fortsett\". Last opp de n\u00f8dvendige dokumentene n\u00e5r du blir bedt om det. Du kan fullf\u00f8re prosessen p\u00e5 noen f\u00e5 minutter.\u00a0<\/span><\/p>\n<h3><span class=\"ez-toc-section\" id=\"3_Enable_2FA\"><\/span><span style=\"font-weight: 400;\">3. Aktiver 2FA<\/span><span class=\"ez-toc-section-end\"><\/span><\/h3>\n<p><span style=\"font-weight: 400;\">N\u00e5r du er en verifisert bruker, kan du sette inn penger p\u00e5 Kraken. Det er imidlertid lurt \u00e5 aktivere tofaktorautentisering (2FA) f\u00f8r du setter inn penger p\u00e5 kontoen din. 2FA reduserer sjansene for at kontoen din (og pengene dine) blir stj\u00e5let.<\/span><\/p>\n<p><span style=\"font-weight: 400;\">Klikk p\u00e5 brukernavnet ditt som vises \u00f8verst til h\u00f8yre p\u00e5 skjermen, og g\u00e5 til 2FA-innstillinger.<\/span><\/p>\n<p><img loading=\"lazy\" decoding=\"async\" class=\"alignnone wp-image-3409 size-full\" src=\"https:\/\/coinkickoff.com\/wp-content\/uploads\/kraken4-e1682503267822.png\" alt=\"\" width=\"1360\" height=\"795\" srcset=\"https:\/\/coinkickoff.com\/wp-content\/uploads\/kraken4-e1682503267822.png 1360w, https:\/\/coinkickoff.com\/wp-content\/uploads\/kraken4-e1682503267822-300x175.png 300w, https:\/\/coinkickoff.com\/wp-content\/uploads\/kraken4-e1682503267822-1024x599.png 1024w, https:\/\/coinkickoff.com\/wp-content\/uploads\/kraken4-e1682503267822-768x449.png 768w, https:\/\/coinkickoff.com\/wp-content\/uploads\/kraken4-e1682503267822-18x12.png 18w\" sizes=\"auto, (max-width: 1360px) 100vw, 1360px\" \/><\/p>\n<p><span style=\"font-weight: 400;\">Du m\u00e5 aktivere 2FA for kontoinnlogging, men du kan ogs\u00e5 aktivere den for andre operasjoner som handel og finansiering. Klikk p\u00e5 den uthevede knappen \"Aktiver n\u00e5\" for \u00e5 starte.<\/span><\/p>\n<p><span style=\"font-weight: 400;\"><img loading=\"lazy\" decoding=\"async\" class=\"alignnone wp-image-3405 size-full\" src=\"https:\/\/coinkickoff.com\/wp-content\/uploads\/kraken-5-e1682503294785.png\" alt=\"\" width=\"1357\" height=\"770\" srcset=\"https:\/\/coinkickoff.com\/wp-content\/uploads\/kraken-5-e1682503294785.png 1357w, https:\/\/coinkickoff.com\/wp-content\/uploads\/kraken-5-e1682503294785-300x170.png 300w, https:\/\/coinkickoff.com\/wp-content\/uploads\/kraken-5-e1682503294785-1024x581.png 1024w, https:\/\/coinkickoff.com\/wp-content\/uploads\/kraken-5-e1682503294785-768x436.png 768w, https:\/\/coinkickoff.com\/wp-content\/uploads\/kraken-5-e1682503294785-18x10.png 18w\" sizes=\"auto, (max-width: 1357px) 100vw, 1357px\" \/><\/span><\/p>\n<p><span style=\"font-weight: 400;\">Krakens nettsted forklarer hvordan 2FA fungerer i detalj og gir deg instruksjoner om hvordan du g\u00e5r frem. Alt du trenger \u00e5 gj\u00f8re, er \u00e5 skaffe deg Google Authenticator-appen og bruke den til \u00e5 skanne QR-koden som Kraken genererer for deg. Appen vil gi deg en autentiseringskode for \u00e5 bekrefte sikkerheten din. Skriv inn koden fra appen, og klikk p\u00e5 \"Bekreft\".<\/span><\/p>\n<p><img loading=\"lazy\" decoding=\"async\" class=\"alignnone wp-image-3410 size-full\" src=\"https:\/\/coinkickoff.com\/wp-content\/uploads\/kraken6-e1682503322525.png\" alt=\"\" width=\"1357\" height=\"791\" \/><\/p>\n<p><span style=\"font-weight: 400;\">Du bruker Google Authenticator-appen hver gang du logger p\u00e5 kontoen din.\u00a0<\/span><\/p>\n<h3><span class=\"ez-toc-section\" id=\"4_Add_an_Instant_Payment_Method\"><\/span><span style=\"font-weight: 400;\">4. Legg til en umiddelbar betalingsm\u00e5te<\/span><span class=\"ez-toc-section-end\"><\/span><\/h3>\n<p><span style=\"font-weight: 400;\">Den raskeste m\u00e5ten \u00e5 kj\u00f8pe Shiba Inu (eller andre kryptovalutaer) p\u00e5 Kraken er \u00e5 legge til en umiddelbar betalingsmetode p\u00e5 kontoen din. Du kan koble til kreditt- og debetkort eller nettbankkontoen din for \u00e5 veksle.<\/span><\/p>\n<p><span style=\"font-weight: 400;\">Klikk p\u00e5 fanen \"Kj\u00f8p krypto\" for \u00e5 koble et kort til kontoen din. Du vil bli omdirigert til siden Kryptokj\u00f8psmetoder, der du kan legge til en betalingsm\u00e5te.<\/span><\/p>\n<p><img loading=\"lazy\" decoding=\"async\" class=\"alignnone wp-image-3412 size-full\" src=\"https:\/\/coinkickoff.com\/wp-content\/uploads\/kraken8-e1682503364155.png\" alt=\"hvordan kj\u00f8pe Shiba Inu p\u00e5 Kraken\" width=\"1206\" height=\"781\" srcset=\"https:\/\/coinkickoff.com\/wp-content\/uploads\/kraken8-e1682503364155.png 1206w, https:\/\/coinkickoff.com\/wp-content\/uploads\/kraken8-e1682503364155-300x194.png 300w, https:\/\/coinkickoff.com\/wp-content\/uploads\/kraken8-e1682503364155-1024x663.png 1024w, https:\/\/coinkickoff.com\/wp-content\/uploads\/kraken8-e1682503364155-768x497.png 768w, https:\/\/coinkickoff.com\/wp-content\/uploads\/kraken8-e1682503364155-18x12.png 18w\" sizes=\"auto, (max-width: 1206px) 100vw, 1206px\" \/><\/p>\n<p><span style=\"font-weight: 400;\">Klikk p\u00e5 \"Legg til betalingsm\u00e5ter\". <\/span><\/p>\n<p><img loading=\"lazy\" decoding=\"async\" class=\"alignnone wp-image-3413 size-full\" src=\"https:\/\/coinkickoff.com\/wp-content\/uploads\/kraken9-e1682503407337.png\" alt=\"\" width=\"1196\" height=\"776\" srcset=\"https:\/\/coinkickoff.com\/wp-content\/uploads\/kraken9-e1682503407337.png 1196w, https:\/\/coinkickoff.com\/wp-content\/uploads\/kraken9-e1682503407337-300x195.png 300w, https:\/\/coinkickoff.com\/wp-content\/uploads\/kraken9-e1682503407337-1024x664.png 1024w, https:\/\/coinkickoff.com\/wp-content\/uploads\/kraken9-e1682503407337-768x498.png 768w, https:\/\/coinkickoff.com\/wp-content\/uploads\/kraken9-e1682503407337-18x12.png 18w\" sizes=\"auto, (max-width: 1196px) 100vw, 1196px\" \/><\/p>\n<p><span style=\"font-weight: 400;\">Du kan legge til et debet- eller kredittkort ved \u00e5 legge inn kortinformasjonen din. Du kan ogs\u00e5 sette inn kontanter via nettbank, selv om det ikke er like raskt som det f\u00f8rste alternativet.<\/span><\/p>\n<h3><span class=\"ez-toc-section\" id=\"4_Navigate_to_the_Relevant_Screen_to_Buy\"><\/span><span style=\"font-weight: 400;\">4. Naviger til det relevante skjermbildet for \u00e5 kj\u00f8pe<\/span><span class=\"ez-toc-section-end\"><\/span><\/h3>\n<p><span style=\"font-weight: 400;\">N\u00e5r du har lagt til en betalingsm\u00e5te p\u00e5 Kraken-kontoen din, er det veldig enkelt \u00e5 kj\u00f8pe SHIB. Klikk p\u00e5 \"Kj\u00f8p\" p\u00e5 siden \"Kj\u00f8p krypto\".<\/span><\/p>\n<p><span style=\"font-weight: 400;\">Du kan se hvilke ressurser som tilbys i rullegardinmenyen. Velg Shiba Inu fra listen (du finner den oppf\u00f8rt som SHIB). Angi bel\u00f8pet du vil bruke p\u00e5 Shib, velg betalingsm\u00e5te og klikk p\u00e5 bekreft.<\/span><\/p>\n<p><span style=\"font-weight: 400;\">Selv om dette alternativet er veldig raskt, kan kreditt- og debetkortkj\u00f8p via den enkle kj\u00f8pswidgeten v\u00e6re veldig kostbart. Hvis du ikke vil betale h\u00f8ye gebyrer for \u00e5 kj\u00f8pe Shiba Inu, kan du bruke den andre metoden vi vil beskrive nedenfor.<\/span><\/p>\n<p><span style=\"font-weight: 400;\">Du kan handle utvalgte fiat-valutaer, inkludert USD, for Shiba Inu p\u00e5 Kraken. V\u00e6r oppmerksom p\u00e5 at du m\u00e5 sette inn penger p\u00e5 kontoen din for \u00e5 dra nytte av Krakens billigere gebyrer. Du kan ikke bruke debet- eller kredittkort til \u00e5 handle p\u00e5 Kraken.<\/span><\/p>\n<p><span style=\"font-weight: 400;\">Du kan konvertere USD til Shiba Inu p\u00e5 Kraken p\u00e5 to m\u00e5ter: Du kan bruke <\/span><a href=\"https:\/\/kraken.pxf.io\/B0Rny4convert\/shib\/usd\" target=\"_blank\" rel=\"noopener\"><span style=\"font-weight: 400;\">Krakens automatiske omformer<\/span><\/a><span style=\"font-weight: 400;\"> eller utf\u00f8re en handel ved \u00e5 legge inn en ordre p\u00e5 Shiba Inu.<\/span><\/p>\n<p><span style=\"font-weight: 400;\">Aute-converter er den enkleste m\u00e5ten \u00e5 handle USD for Kraken p\u00e5, men hvis du vil bestemme din egen pris, er det best \u00e5 legge inn en ordre.<\/span><\/p>\n<p><span style=\"font-weight: 400;\">Hvis du vil legge inn en ordre, g\u00e5r du til fanen \"Handel\" og klikker p\u00e5 \"Ny ordre\". Velg handelsparet USD\/SHIB.<\/span><\/p>\n<p><span style=\"font-weight: 400;\">Bestillingsskjemaet kan se forvirrende ut, men det er superenkelt: Bare skriv inn hvor mye du \u00f8nsker \u00e5 bruke. Du kan enten godta markedsprisen for SHIB eller sette en pris for deg selv. Hvis du setter en for lav pris, kan det ta en stund f\u00f8r bestillingen din blir oppfylt.<\/span><\/p>\n<p><span style=\"font-weight: 400;\">N\u00e5 vet du hvordan du kj\u00f8per Shiba Inu p\u00e5 Kraken. Du vet n\u00e5 hvordan du kj\u00f8per Shiba Inu p\u00e5 Kraken.<\/span><\/p>","protected":false},"excerpt":{"rendered":"<p>Hvordan kj\u00f8pe Shiba Inu p\u00e5 Kraken Exchange Som de fleste kryptovalutaer er Shiba Inu (SHIB) en spekulativ eiendel: Prisen kan stige og falle avhengig av innfall fra kjendiser, markedsf\u00f8rere og til og med Reddit-kommentatorer. Som en meme coin uten bruksomr\u00e5de er SHIB spesielt s\u00e5rbar for store og plutselige prissvingninger, noe som gj\u00f8r den [...].<\/p>","protected":false},"author":3,"featured_media":0,"parent":3709,"menu_order":0,"comment_status":"closed","ping_status":"closed","template":"","meta":{"_genesis_hide_title":false,"_genesis_hide_breadcrumbs":false,"_genesis_hide_singular_image":false,"_genesis_hide_footer_widgets":false,"_genesis_custom_body_class":"","_genesis_custom_post_class":"","_genesis_layout":"","_glsr_average":0,"_glsr_ranking":0,"_glsr_reviews":0,"footnotes":""},"class_list":{"0":"post-3877","1":"page","2":"type-page","3":"status-publish","5":"entry"},"featured_image_src":null,"featured_image_src_square":null,"_links":{"self":[{"href":"https:\/\/coinkickoff.com\/nb\/wp-json\/wp\/v2\/pages\/3877","targetHints":{"allow":["GET"]}}],"collection":[{"href":"https:\/\/coinkickoff.com\/nb\/wp-json\/wp\/v2\/pages"}],"about":[{"href":"https:\/\/coinkickoff.com\/nb\/wp-json\/wp\/v2\/types\/page"}],"author":[{"embeddable":true,"href":"https:\/\/coinkickoff.com\/nb\/wp-json\/wp\/v2\/users\/3"}],"replies":[{"embeddable":true,"href":"https:\/\/coinkickoff.com\/nb\/wp-json\/wp\/v2\/comments?post=3877"}],"version-history":[{"count":3,"href":"https:\/\/coinkickoff.com\/nb\/wp-json\/wp\/v2\/pages\/3877\/revisions"}],"predecessor-version":[{"id":3880,"href":"https:\/\/coinkickoff.com\/nb\/wp-json\/wp\/v2\/pages\/3877\/revisions\/3880"}],"up":[{"embeddable":true,"href":"https:\/\/coinkickoff.com\/nb\/wp-json\/wp\/v2\/pages\/3709"}],"wp:attachment":[{"href":"https:\/\/coinkickoff.com\/nb\/wp-json\/wp\/v2\/media?parent=3877"}],"curies":[{"name":"wp","href":"https:\/\/api.w.org\/{rel}","templated":true}]}}