{"id":3424,"date":"2026-01-08T14:07:30","date_gmt":"2026-01-08T14:07:30","guid":{"rendered":"https:\/\/coinkickoff.com\/?page_id=3424"},"modified":"2026-01-08T14:07:30","modified_gmt":"2026-01-08T14:07:30","slug":"how-to-buy-dogecoin-on-mexc","status":"publish","type":"page","link":"https:\/\/coinkickoff.com\/nb\/how-to-buy-dogecoin\/how-to-buy-dogecoin-on-mexc\/","title":{"rendered":"Slik kj\u00f8per du Dogecoin (DOGE) p\u00e5 MEXC"},"content":{"rendered":"<h2><span style=\"font-weight: 400;\"><img loading=\"lazy\" decoding=\"async\" class=\"alignnone wp-image-155 size-full\" src=\"https:\/\/coinkickoff.com\/wp-content\/uploads\/2022\/06\/Dogecoin-DOGE.jpg\" alt=\"hvordan kj\u00f8pe dogecoin\" width=\"1000\" height=\"800\" srcset=\"https:\/\/coinkickoff.com\/wp-content\/uploads\/2022\/06\/Dogecoin-DOGE.jpg 1000w, https:\/\/coinkickoff.com\/wp-content\/uploads\/2022\/06\/Dogecoin-DOGE-300x240.jpg 300w, https:\/\/coinkickoff.com\/wp-content\/uploads\/2022\/06\/Dogecoin-DOGE-768x614.jpg 768w, https:\/\/coinkickoff.com\/wp-content\/uploads\/2022\/06\/Dogecoin-DOGE-15x12.jpg 15w\" sizes=\"auto, (max-width: 1000px) 100vw, 1000px\" \/><\/span><\/h2>\n<div id=\"ez-toc-container\" class=\"ez-toc-v2_0_80 counter-hierarchy ez-toc-counter ez-toc-transparent ez-toc-container-direction\">\n<div class=\"ez-toc-title-container\">\n<p class=\"ez-toc-title\" style=\"cursor:inherit\">Seksjoner<\/p>\n<span class=\"ez-toc-title-toggle\"><a href=\"#\" class=\"ez-toc-pull-right ez-toc-btn ez-toc-btn-xs ez-toc-btn-default ez-toc-toggle\" aria-label=\"Bytt innholdsfortegnelse\"><span class=\"ez-toc-js-icon-con\"><span class=\"\"><span class=\"eztoc-hide\" style=\"display:none;\">Toggle<\/span><span class=\"ez-toc-icon-toggle-span\"><svg style=\"fill: #999;color:#999\" xmlns=\"http:\/\/www.w3.org\/2000\/svg\" class=\"list-377408\" width=\"20px\" height=\"20px\" viewbox=\"0 0 24 24\" fill=\"none\"><path d=\"M6 6H4v2h2V6zm14 0H8v2h12V6zM4 11h2v2H4v-2zm16 0H8v2h12v-2zM4 16h2v2H4v-2zm16 0H8v2h12v-2z\" fill=\"currentColor\"><\/path><\/svg><svg style=\"fill: #999;color:#999\" class=\"arrow-unsorted-368013\" xmlns=\"http:\/\/www.w3.org\/2000\/svg\" width=\"10px\" height=\"10px\" viewbox=\"0 0 24 24\" version=\"1.2\" baseprofile=\"tiny\"><path d=\"M18.2 9.3l-6.2-6.3-6.2 6.3c-.2.2-.3.4-.3.7s.1.5.3.7c.2.2.4.3.7.3h11c.3 0 .5-.1.7-.3.2-.2.3-.5.3-.7s-.1-.5-.3-.7zM5.8 14.7l6.2 6.3 6.2-6.3c.2-.2.3-.5.3-.7s-.1-.5-.3-.7c-.2-.2-.4-.3-.7-.3h-11c-.3 0-.5.1-.7.3-.2.2-.3.5-.3.7s.1.5.3.7z\"\/><\/svg><\/span><\/span><\/span><\/a><\/span><\/div>\n<nav><ul class='ez-toc-list ez-toc-list-level-1 eztoc-toggle-hide-by-default' ><li class='ez-toc-page-1 ez-toc-heading-level-2'><a class=\"ez-toc-link ez-toc-heading-1\" href=\"https:\/\/coinkickoff.com\/nb\/how-to-buy-dogecoin\/how-to-buy-dogecoin-on-mexc\/#How_to_Buy_Dogecoin_on_MEXC\" >Hvordan kj\u00f8pe Dogecoin p\u00e5 MEXC<\/a><\/li><li class='ez-toc-page-1 ez-toc-heading-level-2'><a class=\"ez-toc-link ez-toc-heading-2\" href=\"https:\/\/coinkickoff.com\/nb\/how-to-buy-dogecoin\/how-to-buy-dogecoin-on-mexc\/#A_Step-By-Step_Guide_on_How_to_Buy_Dogecoin_on_MEXC\" >En trinnvis veiledning om hvordan du kj\u00f8per Dogecoin p\u00e5 MEXC<\/a><ul class='ez-toc-list-level-3' ><li class='ez-toc-heading-level-3'><a class=\"ez-toc-link ez-toc-heading-3\" href=\"https:\/\/coinkickoff.com\/nb\/how-to-buy-dogecoin\/how-to-buy-dogecoin-on-mexc\/#1_Register_an_Account\" >1. Registrer en konto<\/a><\/li><li class='ez-toc-page-1 ez-toc-heading-level-3'><a class=\"ez-toc-link ez-toc-heading-4\" href=\"https:\/\/coinkickoff.com\/nb\/how-to-buy-dogecoin\/how-to-buy-dogecoin-on-mexc\/#2_Verify_Your_Account\" >2. Bekreft kontoen din<\/a><\/li><li class='ez-toc-page-1 ez-toc-heading-level-3'><a class=\"ez-toc-link ez-toc-heading-5\" href=\"https:\/\/coinkickoff.com\/nb\/how-to-buy-dogecoin\/how-to-buy-dogecoin-on-mexc\/#3_Buy_Crypto\" >3. Kj\u00f8p krypto<\/a><\/li><li class='ez-toc-page-1 ez-toc-heading-level-3'><a class=\"ez-toc-link ez-toc-heading-6\" href=\"https:\/\/coinkickoff.com\/nb\/how-to-buy-dogecoin\/how-to-buy-dogecoin-on-mexc\/#4_Trade_USDT_for_DOGE\" >4. Bytt USDT mot DOGE<\/a><\/li><\/ul><\/li><\/ul><\/nav><\/div>\n<h2><span class=\"ez-toc-section\" id=\"How_to_Buy_Dogecoin_on_MEXC\"><\/span><span style=\"font-weight: 400;\">Hvordan kj\u00f8pe Dogecoin p\u00e5 MEXC<\/span><span class=\"ez-toc-section-end\"><\/span><\/h2>\n<p><span style=\"font-weight: 400;\"><a href=\"https:\/\/coinkickoff.com\/nb\/dogecoin-doge\/\" data-internallinksmanager029f6b8e52c=\"14\" title=\"Hva er Dogecoin (DOGE)? Hvordan fungerer det og hvor kan jeg kj\u00f8pe det?\">Dogecoin<\/a>, selv om det er en kjent kryptovaluta, er egentlig ikke som <a href=\"https:\/\/coinkickoff.com\/nb\/ethereum-eth\/\" data-internallinksmanager029f6b8e52c=\"2\" title=\"Hva er Ethereum (ETH)? Pris, historie og hvor du kan kj\u00f8pe\">Ethereum<\/a> eller <a href=\"https:\/\/coinkickoff.com\/nb\/bitcoin-btc\/\" data-internallinksmanager029f6b8e52c=\"1\" title=\"Hva er Bitcoin (BTC)? Pris, historie og hvor du kan kj\u00f8pe\">Bitcoin<\/a>. Denne velkjente meme coin er ganske mye verdil\u00f8s av design, da den f\u00f8rst ble lansert som en vits. Imidlertid er det n\u00e5 ganske allestedsn\u00e6rv\u00e6rende, for det meste takket v\u00e6re Reddit og Elon Musk, og du kan finne det p\u00e5 nesten alle b\u00f8rser, inkludert <a href=\"https:\/\/coinkickoff.com\/nb\/mexc-global-review\/\">MEXC<\/a>.<\/span><\/p>\n<p><span style=\"font-weight: 400;\">Hvis du vil v\u00e6re med p\u00e5 vitsen ved \u00e5 kj\u00f8pe noen Dogecoin, men ikke vet hvor du skal begynne, er du p\u00e5 rett sted. Her er en trinn-for-trinn-guide om hvordan du kj\u00f8per Dogecoin p\u00e5 <a href=\"https:\/\/coinkickoff.com\/nb\/mexc-global-review\/\" data-internallinksmanager029f6b8e52c=\"154\" title=\"MEXC Globale vurderinger 2023: Avgifter, funksjoner, sikkerhet, fordeler og ulemper\">MEXC<\/a> utveksling.<\/span><\/p>\n<h2><span class=\"ez-toc-section\" id=\"A_Step-By-Step_Guide_on_How_to_Buy_Dogecoin_on_MEXC\"><\/span><span style=\"font-weight: 400;\">En trinnvis veiledning om hvordan du kj\u00f8per Dogecoin p\u00e5 MEXC<\/span><span class=\"ez-toc-section-end\"><\/span><\/h2>\n<h3><span class=\"ez-toc-section\" id=\"1_Register_an_Account\"><\/span><span style=\"font-weight: 400;\">1. Registrer en konto<\/span><span class=\"ez-toc-section-end\"><\/span><\/h3>\n<p><img loading=\"lazy\" decoding=\"async\" class=\"alignnone wp-image-3441 size-full\" src=\"https:\/\/coinkickoff.com\/wp-content\/uploads\/mexc-register.png\" alt=\"hvordan kj\u00f8pe dogecoin p\u00e5 mexc\" width=\"1328\" height=\"783\" srcset=\"https:\/\/coinkickoff.com\/wp-content\/uploads\/mexc-register.png 1328w, https:\/\/coinkickoff.com\/wp-content\/uploads\/mexc-register-300x177.png 300w, https:\/\/coinkickoff.com\/wp-content\/uploads\/mexc-register-1024x604.png 1024w, https:\/\/coinkickoff.com\/wp-content\/uploads\/mexc-register-768x453.png 768w, https:\/\/coinkickoff.com\/wp-content\/uploads\/mexc-register-18x12.png 18w\" sizes=\"auto, (max-width: 1328px) 100vw, 1328px\" \/><\/p>\n<p><span style=\"font-weight: 400;\">Opprett f\u00f8rst en MEXC-konto ved \u00e5 g\u00e5 til nettstedet <a href=\"https:\/\/www.mexc.com\/en-US\/register?inviteCode=mexc-1WwwX\" target=\"_blank\" rel=\"noopener\">MEXC-nettstedet<\/a> og klikke p\u00e5 \"Registrer deg\". <\/span><\/p>\n<p><span style=\"font-weight: 400;\">Du kan registrere deg med mobilnummeret eller e-postadressen din. Du vil motta en bekreftelseskode p\u00e5 e-postadressen din. Bruk koden for \u00e5 logge p\u00e5 kontoen din.\u00a0\u00a0<\/span><\/p>\n<h3><span class=\"ez-toc-section\" id=\"2_Verify_Your_Account\"><\/span><span style=\"font-weight: 400;\">2. Bekreft kontoen din<\/span><span class=\"ez-toc-section-end\"><\/span><\/h3>\n<p><span style=\"font-weight: 400;\">Du trenger ikke \u00e5 fullf\u00f8re identitetsbekreftelse for \u00e5 handle p\u00e5 MEXC, men du trenger det for \u00e5 handle med fiat. Hvis du allerede har digitale eiendeler du kan sende til MEXC-lommeboken din, kan du hoppe over dette trinnet.<\/span><\/p>\n<p><span style=\"font-weight: 400;\">Alternativt kan du hoppe over dette trinnet hvis du vil bruke tredjepartsleverand\u00f8rer som Banxa, Moonpay eller Mercuyo til \u00e5 kj\u00f8pe krypto. De har sine egne ID-verifiseringsprosesser.<\/span><\/p>\n<p><span style=\"font-weight: 400;\">Hvis du fullf\u00f8rer ID-verifiseringen, kan du kj\u00f8pe krypto gjennom en bankkonto, kredittkort og andre midler. Dette gj\u00f8r du ved \u00e5 klikke p\u00e5 profilsymbolet \u00f8verst til h\u00f8yre p\u00e5 dashbordet og velge \"Profil\".<\/span><\/p>\n<p><span style=\"font-weight: 400;\">P\u00e5 profilsiden velger du \"Identifikasjon\" og klikker p\u00e5 \"Prim\u00e6r KYC\".<\/span><\/p>\n<p><img loading=\"lazy\" decoding=\"async\" class=\"alignnone wp-image-3439 size-full\" src=\"https:\/\/coinkickoff.com\/wp-content\/uploads\/mexc-id.png\" alt=\"\" width=\"1436\" height=\"810\" srcset=\"https:\/\/coinkickoff.com\/wp-content\/uploads\/mexc-id.png 1436w, https:\/\/coinkickoff.com\/wp-content\/uploads\/mexc-id-300x169.png 300w, https:\/\/coinkickoff.com\/wp-content\/uploads\/mexc-id-1024x578.png 1024w, https:\/\/coinkickoff.com\/wp-content\/uploads\/mexc-id-768x433.png 768w, https:\/\/coinkickoff.com\/wp-content\/uploads\/mexc-id-18x10.png 18w, https:\/\/coinkickoff.com\/wp-content\/uploads\/mexc-id-600x338.png 600w\" sizes=\"auto, (max-width: 1436px) 100vw, 1436px\" \/><\/p>\n<p><span style=\"font-weight: 400;\">Du vil bli videresendt til KYC-siden, der du enten kan g\u00e5 til <\/span><i><span style=\"font-weight: 400;\">Prim\u00e6r KYC<\/span><\/i><span style=\"font-weight: 400;\"> eller <\/span><i><span style=\"font-weight: 400;\">Avansert KYC<\/span><\/i><span style=\"font-weight: 400;\">. Avansert KYC er n\u00f8dvendig for de fleste innskudd i fiat-valuta.<\/span><\/p>\n<p><img loading=\"lazy\" decoding=\"async\" class=\"alignnone wp-image-3440 size-full\" src=\"https:\/\/coinkickoff.com\/wp-content\/uploads\/mexc-id2.png\" alt=\"\" width=\"1436\" height=\"582\" srcset=\"https:\/\/coinkickoff.com\/wp-content\/uploads\/mexc-id2.png 1436w, https:\/\/coinkickoff.com\/wp-content\/uploads\/mexc-id2-300x122.png 300w, https:\/\/coinkickoff.com\/wp-content\/uploads\/mexc-id2-1024x415.png 1024w, https:\/\/coinkickoff.com\/wp-content\/uploads\/mexc-id2-768x311.png 768w, https:\/\/coinkickoff.com\/wp-content\/uploads\/mexc-id2-18x7.png 18w\" sizes=\"auto, (max-width: 1436px) 100vw, 1436px\" \/><\/p>\n<p><span style=\"font-weight: 400;\">Klikk p\u00e5 \"Bekreft\" for \u00e5 starte bekreftelsesprosessen. Last opp de n\u00f8dvendige dokumentene, s\u00e5 er du klar til \u00e5 begynne.<\/span><\/p>\n<h3><span class=\"ez-toc-section\" id=\"3_Buy_Crypto\"><\/span><span style=\"font-weight: 400;\">3. Kj\u00f8p krypto<\/span><span class=\"ez-toc-section-end\"><\/span><\/h3>\n<p><span style=\"font-weight: 400;\">Klikk p\u00e5 \"Buy Crypto\" \u00f8verst til venstre. P\u00e5 den nye siden velger du ett av de tilgjengelige alternativene. Hvis du fullf\u00f8rer identitetsbekreftelsen, kan du bruke kreditt-\/debetkort, bankoverf\u00f8ringer, ekspressbetalinger og P2P-markedet til \u00e5 kj\u00f8pe kryptovaluta. Hvis ikke, velger du \"Tredjepart\" fra listen.<\/span><\/p>\n<p><img loading=\"lazy\" decoding=\"async\" class=\"alignnone wp-image-3438 size-full\" src=\"https:\/\/coinkickoff.com\/wp-content\/uploads\/mexc-buy-payment.png\" alt=\"\" width=\"1403\" height=\"778\" srcset=\"https:\/\/coinkickoff.com\/wp-content\/uploads\/mexc-buy-payment.png 1403w, https:\/\/coinkickoff.com\/wp-content\/uploads\/mexc-buy-payment-300x166.png 300w, https:\/\/coinkickoff.com\/wp-content\/uploads\/mexc-buy-payment-1024x568.png 1024w, https:\/\/coinkickoff.com\/wp-content\/uploads\/mexc-buy-payment-768x426.png 768w, https:\/\/coinkickoff.com\/wp-content\/uploads\/mexc-buy-payment-18x10.png 18w\" sizes=\"auto, (max-width: 1403px) 100vw, 1403px\" \/><\/p>\n<p><span style=\"font-weight: 400;\">Angi hvor mye du vil bruke, og velg hvilken kryptovaluta du vil kj\u00f8pe. Dessverre kan du ikke bare kj\u00f8pe DOGE med kontanter, s\u00e5 du m\u00e5 f\u00f8rst kj\u00f8pe en annen coin, for eksempel <a href=\"https:\/\/coinkickoff.com\/nb\/tether-usdt\/\" data-internallinksmanager029f6b8e52c=\"3\" title=\"Hva er Tether (USDT)? Hvordan fungerer det og hvor kan jeg kj\u00f8pe det?\">USDT<\/a> eller <a href=\"https:\/\/coinkickoff.com\/nb\/usd-coin-usdc\/\" data-internallinksmanager029f6b8e52c=\"8\" title=\"Hva er USD Coin (USDC)? Hvordan fungerer det og hvor kan jeg kj\u00f8pe det?\">USDC<\/a>, og deretter bytte den med DOGE senere.<\/span><\/p>\n<p><span style=\"font-weight: 400;\">N\u00e5r du har angitt bel\u00f8pet du vil kj\u00f8pe, m\u00e5 du velge en betalingskanal. MEXC tilbyr ganske mange tredjepartsalternativer \u00e5 velge mellom og foresl\u00e5r at du bruker det rimeligste alternativet.<\/span><\/p>\n<p><span style=\"font-weight: 400;\">G\u00e5 gjennom betalingsopplysningene og klikk p\u00e5 \"Fortsett\". Du blir omdirigert til betalingskanalsiden for \u00e5 bekrefte bestillingen. G\u00e5 gjennom opplysningene dine og klikk p\u00e5 \"Kj\u00f8p\".<\/span><\/p>\n<p><img loading=\"lazy\" decoding=\"async\" class=\"alignnone wp-image-3436 size-full\" src=\"https:\/\/coinkickoff.com\/wp-content\/uploads\/mercuryo-mexc1u.png\" alt=\"\" width=\"1360\" height=\"791\" srcset=\"https:\/\/coinkickoff.com\/wp-content\/uploads\/mercuryo-mexc1u.png 1360w, https:\/\/coinkickoff.com\/wp-content\/uploads\/mercuryo-mexc1u-300x174.png 300w, https:\/\/coinkickoff.com\/wp-content\/uploads\/mercuryo-mexc1u-1024x596.png 1024w, https:\/\/coinkickoff.com\/wp-content\/uploads\/mercuryo-mexc1u-768x447.png 768w, https:\/\/coinkickoff.com\/wp-content\/uploads\/mercuryo-mexc1u-18x10.png 18w\" sizes=\"auto, (max-width: 1360px) 100vw, 1360px\" \/><\/p>\n<p><img loading=\"lazy\" decoding=\"async\" class=\"alignnone wp-image-3435 size-full\" src=\"https:\/\/coinkickoff.com\/wp-content\/uploads\/mercuryo-mexc.png\" alt=\"\" width=\"1407\" height=\"796\" srcset=\"https:\/\/coinkickoff.com\/wp-content\/uploads\/mercuryo-mexc.png 1407w, https:\/\/coinkickoff.com\/wp-content\/uploads\/mercuryo-mexc-300x170.png 300w, https:\/\/coinkickoff.com\/wp-content\/uploads\/mercuryo-mexc-1024x579.png 1024w, https:\/\/coinkickoff.com\/wp-content\/uploads\/mercuryo-mexc-768x434.png 768w, https:\/\/coinkickoff.com\/wp-content\/uploads\/mercuryo-mexc-18x10.png 18w, https:\/\/coinkickoff.com\/wp-content\/uploads\/mercuryo-mexc-600x338.png 600w\" sizes=\"auto, (max-width: 1407px) 100vw, 1407px\" \/><\/p>\n<p><span style=\"font-weight: 400;\">P\u00e5 dette tidspunktet m\u00e5 du oppgi e-postadressen din p\u00e5 betalingskanalen. Hvis du ikke har en konto hos leverand\u00f8ren, blir du omdirigert til \u00e5 \u00e5pne en konto.<\/span><\/p>\n<h3><span class=\"ez-toc-section\" id=\"4_Trade_USDT_for_DOGE\"><\/span><span style=\"font-weight: 400;\">4. Bytt USDT mot DOGE<\/span><span class=\"ez-toc-section-end\"><\/span><\/h3>\n<p><span style=\"font-weight: 400;\">N\u00e5r du kj\u00f8per en stabilcoin som USDT, kan du bytte den mot DOGE p\u00e5 MEXC. Klikk p\u00e5 \"Handel\" p\u00e5 dashbordet. I venstre hj\u00f8rne av det nye skjermbildet s\u00f8ker du etter DOGE.<\/span><\/p>\n<p><img loading=\"lazy\" decoding=\"async\" class=\"alignnone wp-image-3443 size-full\" src=\"https:\/\/coinkickoff.com\/wp-content\/uploads\/mexctrade1.png\" alt=\"\" width=\"1436\" height=\"736\" srcset=\"https:\/\/coinkickoff.com\/wp-content\/uploads\/mexctrade1.png 1436w, https:\/\/coinkickoff.com\/wp-content\/uploads\/mexctrade1-300x154.png 300w, https:\/\/coinkickoff.com\/wp-content\/uploads\/mexctrade1-1024x525.png 1024w, https:\/\/coinkickoff.com\/wp-content\/uploads\/mexctrade1-768x394.png 768w, https:\/\/coinkickoff.com\/wp-content\/uploads\/mexctrade1-18x9.png 18w\" sizes=\"auto, (max-width: 1436px) 100vw, 1436px\" \/><\/p>\n<p><span style=\"font-weight: 400;\">Blant resultatene velger du DOGE\/USDT for \u00e5 handle mellom to eiendeler.<\/span><\/p>\n<p><img loading=\"lazy\" decoding=\"async\" class=\"alignnone wp-image-3442 size-full\" src=\"https:\/\/coinkickoff.com\/wp-content\/uploads\/mexc-trade-2.png\" alt=\"\" width=\"1392\" height=\"748\" srcset=\"https:\/\/coinkickoff.com\/wp-content\/uploads\/mexc-trade-2.png 1392w, https:\/\/coinkickoff.com\/wp-content\/uploads\/mexc-trade-2-300x161.png 300w, https:\/\/coinkickoff.com\/wp-content\/uploads\/mexc-trade-2-1024x550.png 1024w, https:\/\/coinkickoff.com\/wp-content\/uploads\/mexc-trade-2-768x413.png 768w, https:\/\/coinkickoff.com\/wp-content\/uploads\/mexc-trade-2-18x10.png 18w\" sizes=\"auto, (max-width: 1392px) 100vw, 1392px\" \/><\/p>\n<p><span style=\"font-weight: 400;\">N\u00e5 trenger du bare \u00e5 skrive inn hvor mye DOGE du vil kj\u00f8pe (eller hvor mye USDT du vil selge) i boksen nederst p\u00e5 skjermen. Du kan justere bel\u00f8pet du vil kj\u00f8pe i det vinduet.<\/span><\/p>\n<p><span style=\"font-weight: 400;\">N\u00e5r du er klar til \u00e5 legge inn bestillingen, klikker du p\u00e5 Kj\u00f8p DOGE. Det var alt.<\/span><\/p>\n<p><span style=\"font-weight: 400;\">For mer informasjon, se artiklene v\u00e5re om Dogecoin og MEXC-b\u00f8rsen.<\/span><\/p>","protected":false},"excerpt":{"rendered":"<p>Hvordan kj\u00f8pe Dogecoin p\u00e5 MEXC Dogecoin, mens en ber\u00f8mt kryptovaluta, er egentlig ikke som Ethereum eller Bitcoin. Denne velkjente meme coin er ganske mye verdil\u00f8s av design, da den f\u00f8rst ble lansert som en vits. Imidlertid er det n\u00e5 ganske allestedsn\u00e6rv\u00e6rende, hovedsakelig takket v\u00e6re Reddit og Elon Musk, og du kan finne det p\u00e5 nesten [...]].<\/p>","protected":false},"author":3,"featured_media":155,"parent":3196,"menu_order":0,"comment_status":"closed","ping_status":"closed","template":"","meta":{"_genesis_hide_title":false,"_genesis_hide_breadcrumbs":false,"_genesis_hide_singular_image":false,"_genesis_hide_footer_widgets":false,"_genesis_custom_body_class":"","_genesis_custom_post_class":"","_genesis_layout":"","_glsr_average":0,"_glsr_ranking":0,"_glsr_reviews":0,"footnotes":""},"class_list":{"0":"post-3424","1":"page","2":"type-page","3":"status-publish","4":"has-post-thumbnail","6":"entry"},"featured_image_src":"https:\/\/coinkickoff.com\/wp-content\/uploads\/2022\/06\/Dogecoin-DOGE-600x400.jpg","featured_image_src_square":"https:\/\/coinkickoff.com\/wp-content\/uploads\/2022\/06\/Dogecoin-DOGE-600x600.jpg","_links":{"self":[{"href":"https:\/\/coinkickoff.com\/nb\/wp-json\/wp\/v2\/pages\/3424","targetHints":{"allow":["GET"]}}],"collection":[{"href":"https:\/\/coinkickoff.com\/nb\/wp-json\/wp\/v2\/pages"}],"about":[{"href":"https:\/\/coinkickoff.com\/nb\/wp-json\/wp\/v2\/types\/page"}],"author":[{"embeddable":true,"href":"https:\/\/coinkickoff.com\/nb\/wp-json\/wp\/v2\/users\/3"}],"replies":[{"embeddable":true,"href":"https:\/\/coinkickoff.com\/nb\/wp-json\/wp\/v2\/comments?post=3424"}],"version-history":[{"count":3,"href":"https:\/\/coinkickoff.com\/nb\/wp-json\/wp\/v2\/pages\/3424\/revisions"}],"predecessor-version":[{"id":4496,"href":"https:\/\/coinkickoff.com\/nb\/wp-json\/wp\/v2\/pages\/3424\/revisions\/4496"}],"up":[{"embeddable":true,"href":"https:\/\/coinkickoff.com\/nb\/wp-json\/wp\/v2\/pages\/3196"}],"wp:featuredmedia":[{"embeddable":true,"href":"https:\/\/coinkickoff.com\/nb\/wp-json\/wp\/v2\/media\/155"}],"wp:attachment":[{"href":"https:\/\/coinkickoff.com\/nb\/wp-json\/wp\/v2\/media?parent=3424"}],"curies":[{"name":"wp","href":"https:\/\/api.w.org\/{rel}","templated":true}]}}