{"id":3404,"date":"2026-01-08T14:07:29","date_gmt":"2026-01-08T14:07:29","guid":{"rendered":"https:\/\/coinkickoff.com\/?page_id=3404"},"modified":"2026-01-08T14:07:29","modified_gmt":"2026-01-08T14:07:29","slug":"how-to-buy-dogecoin-on-kraken","status":"publish","type":"page","link":"https:\/\/coinkickoff.com\/nb\/how-to-buy-dogecoin\/how-to-buy-dogecoin-on-kraken\/","title":{"rendered":"Slik kj\u00f8per du Dogecoin (DOGE) p\u00e5 Kraken"},"content":{"rendered":"<div id=\"ez-toc-container\" class=\"ez-toc-v2_0_80 counter-hierarchy ez-toc-counter ez-toc-transparent ez-toc-container-direction\">\n<div class=\"ez-toc-title-container\">\n<p class=\"ez-toc-title\" style=\"cursor:inherit\">Seksjoner<\/p>\n<span class=\"ez-toc-title-toggle\"><a href=\"#\" class=\"ez-toc-pull-right ez-toc-btn ez-toc-btn-xs ez-toc-btn-default ez-toc-toggle\" aria-label=\"Bytt innholdsfortegnelse\"><span class=\"ez-toc-js-icon-con\"><span class=\"\"><span class=\"eztoc-hide\" style=\"display:none;\">Toggle<\/span><span class=\"ez-toc-icon-toggle-span\"><svg style=\"fill: #999;color:#999\" xmlns=\"http:\/\/www.w3.org\/2000\/svg\" class=\"list-377408\" width=\"20px\" height=\"20px\" viewbox=\"0 0 24 24\" fill=\"none\"><path d=\"M6 6H4v2h2V6zm14 0H8v2h12V6zM4 11h2v2H4v-2zm16 0H8v2h12v-2zM4 16h2v2H4v-2zm16 0H8v2h12v-2z\" fill=\"currentColor\"><\/path><\/svg><svg style=\"fill: #999;color:#999\" class=\"arrow-unsorted-368013\" xmlns=\"http:\/\/www.w3.org\/2000\/svg\" width=\"10px\" height=\"10px\" viewbox=\"0 0 24 24\" version=\"1.2\" baseprofile=\"tiny\"><path d=\"M18.2 9.3l-6.2-6.3-6.2 6.3c-.2.2-.3.4-.3.7s.1.5.3.7c.2.2.4.3.7.3h11c.3 0 .5-.1.7-.3.2-.2.3-.5.3-.7s-.1-.5-.3-.7zM5.8 14.7l6.2 6.3 6.2-6.3c.2-.2.3-.5.3-.7s-.1-.5-.3-.7c-.2-.2-.4-.3-.7-.3h-11c-.3 0-.5.1-.7.3-.2.2-.3.5-.3.7s.1.5.3.7z\"\/><\/svg><\/span><\/span><\/span><\/a><\/span><\/div>\n<nav><ul class='ez-toc-list ez-toc-list-level-1 eztoc-toggle-hide-by-default' ><li class='ez-toc-page-1 ez-toc-heading-level-2'><a class=\"ez-toc-link ez-toc-heading-1\" href=\"https:\/\/coinkickoff.com\/nb\/how-to-buy-dogecoin\/how-to-buy-dogecoin-on-kraken\/#How_to_Buy_Dogecoin_on_Kraken\" >Hvordan kj\u00f8pe Dogecoin p\u00e5 Kraken<\/a><\/li><li class='ez-toc-page-1 ez-toc-heading-level-2'><a class=\"ez-toc-link ez-toc-heading-2\" href=\"https:\/\/coinkickoff.com\/nb\/how-to-buy-dogecoin\/how-to-buy-dogecoin-on-kraken\/#A_Step-By-Step_Guide_on_How_to_Buy_Dogecoin_on_Kraken\" >En trinnvis veiledning om hvordan du kj\u00f8per Dogecoin p\u00e5 Kraken<\/a><ul class='ez-toc-list-level-3' ><li class='ez-toc-heading-level-3'><a class=\"ez-toc-link ez-toc-heading-3\" href=\"https:\/\/coinkickoff.com\/nb\/how-to-buy-dogecoin\/how-to-buy-dogecoin-on-kraken\/#1_Register_an_Account_on_Kraken\" >1. Registrer en konto p\u00e5 Kraken<\/a><\/li><li class='ez-toc-page-1 ez-toc-heading-level-3'><a class=\"ez-toc-link ez-toc-heading-4\" href=\"https:\/\/coinkickoff.com\/nb\/how-to-buy-dogecoin\/how-to-buy-dogecoin-on-kraken\/#2_Verify_Your_Account\" >2. Bekreft kontoen din<\/a><\/li><li class='ez-toc-page-1 ez-toc-heading-level-3'><a class=\"ez-toc-link ez-toc-heading-5\" href=\"https:\/\/coinkickoff.com\/nb\/how-to-buy-dogecoin\/how-to-buy-dogecoin-on-kraken\/#3_Deposit_FundsCrypto\" >3. Innskuddsmidler\/krypto<\/a><\/li><li class='ez-toc-page-1 ez-toc-heading-level-3'><a class=\"ez-toc-link ez-toc-heading-6\" href=\"https:\/\/coinkickoff.com\/nb\/how-to-buy-dogecoin\/how-to-buy-dogecoin-on-kraken\/#4_Navigate_to_the_Relevant_Screen_to_Buy\" >4. Naviger til det relevante skjermbildet for \u00e5 kj\u00f8pe<\/a><\/li><\/ul><\/li><\/ul><\/nav><\/div>\n<h2><span class=\"ez-toc-section\" id=\"How_to_Buy_Dogecoin_on_Kraken\"><\/span><span style=\"font-weight: 400;\">Hvordan kj\u00f8pe Dogecoin p\u00e5 Kraken<\/span><span class=\"ez-toc-section-end\"><\/span><\/h2>\n<p><span style=\"font-weight: 400;\"><a href=\"https:\/\/coinkickoff.com\/nb\/dogecoin-doge\/\" data-internallinksmanager029f6b8e52c=\"14\" title=\"Hva er Dogecoin (DOGE)? Hvordan fungerer det og hvor kan jeg kj\u00f8pe det?\">Dogecoin<\/a> (DOGE) er en av de st\u00f8rste kryptovalutaene etter markedsverdi, til tross for eller kanskje p\u00e5 grunn av sin status som verdens f\u00f8rste meme coin. token ble for det meste lansert som en sp\u00f8k, inspirert av \"doge meme\", men ble raskt popul\u00e6r takket v\u00e6re internett og sosiale medier.<\/span><\/p>\n<p><span style=\"font-weight: 400;\">Hvis du vil kj\u00f8pe <a href=\"https:\/\/coinkickoff.com\/nb\/dogecoin-doge\/\">Dogecoin<\/a> p\u00e5 <a href=\"https:\/\/coinkickoff.com\/nb\/kraken-review\/\">Kraken<\/a> men er ikke sikker p\u00e5 hvordan du er p\u00e5 rett sted. Her er en trinnvis oversikt over hvordan du kj\u00f8per Dogecoin p\u00e5 <a href=\"https:\/\/coinkickoff.com\/nb\/kraken-review\/\" data-internallinksmanager029f6b8e52c=\"171\" title=\"Kraken anmeldelser 2023: Avgifter, funksjoner, sikkerhet, fordeler og ulemper\">Kraken<\/a>.<\/span><\/p>\n<h2><span class=\"ez-toc-section\" id=\"A_Step-By-Step_Guide_on_How_to_Buy_Dogecoin_on_Kraken\"><\/span><span style=\"font-weight: 400;\">En trinnvis veiledning om hvordan du kj\u00f8per Dogecoin p\u00e5 Kraken<\/span><span class=\"ez-toc-section-end\"><\/span><\/h2>\n<h3><span class=\"ez-toc-section\" id=\"1_Register_an_Account_on_Kraken\"><\/span><span style=\"font-weight: 400;\">1. Registrer en konto p\u00e5 Kraken<\/span><span class=\"ez-toc-section-end\"><\/span><\/h3>\n<p><img loading=\"lazy\" decoding=\"async\" class=\"alignnone wp-image-3406 size-full\" src=\"https:\/\/coinkickoff.com\/wp-content\/uploads\/kraken1-e1682502957481.png\" alt=\"hvordan kj\u00f8pe Dogecoin p\u00e5 Kraken\" width=\"1339\" height=\"763\" srcset=\"https:\/\/coinkickoff.com\/wp-content\/uploads\/kraken1-e1682502957481.png 1339w, https:\/\/coinkickoff.com\/wp-content\/uploads\/kraken1-e1682502957481-300x171.png 300w, https:\/\/coinkickoff.com\/wp-content\/uploads\/kraken1-e1682502957481-1024x584.png 1024w, https:\/\/coinkickoff.com\/wp-content\/uploads\/kraken1-e1682502957481-768x438.png 768w, https:\/\/coinkickoff.com\/wp-content\/uploads\/kraken1-e1682502957481-18x10.png 18w\" sizes=\"auto, (max-width: 1339px) 100vw, 1339px\" \/> I<span style=\"font-weight: 400;\">Hvis du ikke allerede har en Kraken-konto, kan du g\u00e5 inn p\u00e5 f\u00f8lgende adresse <a href=\"https:\/\/kraken.pxf.io\/B0Rny4\" rel=\"nofollow noopener\" target=\"_blank\">Krakens offisielle nettsted<\/a> og klikk p\u00e5 \"Opprett en konto\". Skriv inn e-postadresse, brukernavn og et sterkt passord med tall og spesialtegn. Velg bostedsland og -stat, og opprett kontoen din.\u00a0<\/span><\/p>\n<p><span style=\"font-weight: 400;\">Kraken vil sende deg en bekreftelses-e-post og en lenke for \u00e5 aktivere kontoen din. F\u00f8lg lenken for \u00e5 logge p\u00e5 kontoen din.<\/span><\/p>\n<h3><span class=\"ez-toc-section\" id=\"2_Verify_Your_Account\"><\/span><span style=\"font-weight: 400;\">2. Bekreft kontoen din<\/span><span class=\"ez-toc-section-end\"><\/span><\/h3>\n<p><span style=\"font-weight: 400;\">For \u00e5 kj\u00f8pe krypto p\u00e5 Kraken, m\u00e5 du overholde deres KYC krav og oppgi personlig informasjon og bevis p\u00e5 ID. S\u00e5 det andre trinnet er \u00e5 bekrefte identiteten din.<\/span><\/p>\n<p><span style=\"font-weight: 400;\">Noen b\u00f8rser lar deg sette inn krypto p\u00e5 plattformen deres uten \u00e5 fullf\u00f8re ID-verifisering. V\u00e6r oppmerksom p\u00e5 at Kraken er <\/span><i><span style=\"font-weight: 400;\">ikke <\/span><\/i><span style=\"font-weight: 400;\">en av disse utvekslingene. <\/span><b>Du m\u00e5 bekrefte identiteten din f\u00f8r du setter inn penger p\u00e5 plattformen.<\/b><\/p>\n<p><span style=\"font-weight: 400;\">Kraken sender deg en e-post for \u00e5 minne deg p\u00e5 \u00e5 bekrefte kontoen din. Du kan ogs\u00e5 klikke p\u00e5 \"Kj\u00f8p\"-ikonet p\u00e5 venstre side av hovedsiden, der Kraken umiddelbart ber deg om \u00e5 fullf\u00f8re ID-verifiseringen.<\/span><\/p>\n<p><img loading=\"lazy\" decoding=\"async\" class=\"alignnone wp-image-3407 size-full\" src=\"https:\/\/coinkickoff.com\/wp-content\/uploads\/kraken2-e1682502904796.png\" alt=\"kraken verifiseringsadvarsel\" width=\"1378\" height=\"770\" \/><\/p>\n<p><span style=\"font-weight: 400;\">Bare klikk p\u00e5 Bekreft, s\u00e5 blir du omdirigert til den relevante siden. Skriv inn ditt juridiske navn, f\u00f8dselsdato, adresse og telefonnummer for \u00e5 starte bekreftelsesprosessen. Klikk p\u00e5 Fortsett.<\/span><\/p>\n<p><img loading=\"lazy\" decoding=\"async\" class=\"alignnone wp-image-3408 size-full\" src=\"https:\/\/coinkickoff.com\/wp-content\/uploads\/kraken3-e1682503223180.png\" alt=\"\" width=\"1375\" height=\"777\" srcset=\"https:\/\/coinkickoff.com\/wp-content\/uploads\/kraken3-e1682503223180.png 1375w, https:\/\/coinkickoff.com\/wp-content\/uploads\/kraken3-e1682503223180-300x170.png 300w, https:\/\/coinkickoff.com\/wp-content\/uploads\/kraken3-e1682503223180-1024x579.png 1024w, https:\/\/coinkickoff.com\/wp-content\/uploads\/kraken3-e1682503223180-768x434.png 768w, https:\/\/coinkickoff.com\/wp-content\/uploads\/kraken3-e1682503223180-18x10.png 18w, https:\/\/coinkickoff.com\/wp-content\/uploads\/kraken3-e1682503223180-600x338.png 600w\" sizes=\"auto, (max-width: 1375px) 100vw, 1375px\" \/><\/p>\n<p><span style=\"font-weight: 400;\">P\u00e5 neste side vil du bli bedt om \u00e5 oppgi ytterligere dokumenter, inkludert legitimasjon med bilde, for eksempel en passside eller et f\u00f8rerkort.<\/span><\/p>\n<h3><span class=\"ez-toc-section\" id=\"3_Deposit_FundsCrypto\"><\/span><span style=\"font-weight: 400;\">3. Innskuddsmidler\/krypto<\/span><span class=\"ez-toc-section-end\"><\/span><\/h3>\n<p><span style=\"font-weight: 400;\">Hvis du allerede eier krypto, kan du sette inn coins til Kraken og bytte dem mot DOGE. Ellers kj\u00f8per du ganske enkelt DOGE p\u00e5 Kraken med fiat-valuta.\u00a0<\/span><\/p>\n<p><span style=\"font-weight: 400;\">Vi anbefaler p\u00e5 det sterkeste at du sikrer kontoen din med tofaktorautentisering (2FA) f\u00f8r du legger til en betalingsmetode eller foretar innskudd. 2FA legger til et ekstra sikkerhetslag p\u00e5 kontoen din.<\/span><\/p>\n<p><span style=\"font-weight: 400;\">For \u00e5 aktivere 2FA klikker du p\u00e5 profilnavnet ditt (\u00f8verst til h\u00f8yre) og velger \"Sikkerhet\" fra rullegardinmenyen. Klikk p\u00e5 \"2FA-innstillinger\" for \u00e5 justere innstillingene dine.<\/span><\/p>\n<p><img loading=\"lazy\" decoding=\"async\" class=\"alignnone wp-image-3409 size-full\" src=\"https:\/\/coinkickoff.com\/wp-content\/uploads\/kraken4-e1682503267822.png\" alt=\"\" width=\"1360\" height=\"795\" srcset=\"https:\/\/coinkickoff.com\/wp-content\/uploads\/kraken4-e1682503267822.png 1360w, https:\/\/coinkickoff.com\/wp-content\/uploads\/kraken4-e1682503267822-300x175.png 300w, https:\/\/coinkickoff.com\/wp-content\/uploads\/kraken4-e1682503267822-1024x599.png 1024w, https:\/\/coinkickoff.com\/wp-content\/uploads\/kraken4-e1682503267822-768x449.png 768w, https:\/\/coinkickoff.com\/wp-content\/uploads\/kraken4-e1682503267822-18x12.png 18w\" sizes=\"auto, (max-width: 1360px) 100vw, 1360px\" \/><\/p>\n<p><span style=\"font-weight: 400;\">Kraken tilbyr flere 2FA-alternativer. Du kan aktivere 2FA for forskjellige handlinger som p\u00e5logging, finansiering, handel og uttak.<\/span><\/p>\n<p><span style=\"font-weight: 400;\"><img loading=\"lazy\" decoding=\"async\" class=\"alignnone wp-image-3405 size-full\" src=\"https:\/\/coinkickoff.com\/wp-content\/uploads\/kraken-5-e1682503294785.png\" alt=\"\" width=\"1357\" height=\"770\" srcset=\"https:\/\/coinkickoff.com\/wp-content\/uploads\/kraken-5-e1682503294785.png 1357w, https:\/\/coinkickoff.com\/wp-content\/uploads\/kraken-5-e1682503294785-300x170.png 300w, https:\/\/coinkickoff.com\/wp-content\/uploads\/kraken-5-e1682503294785-1024x581.png 1024w, https:\/\/coinkickoff.com\/wp-content\/uploads\/kraken-5-e1682503294785-768x436.png 768w, https:\/\/coinkickoff.com\/wp-content\/uploads\/kraken-5-e1682503294785-18x10.png 18w\" sizes=\"auto, (max-width: 1357px) 100vw, 1357px\" \/><\/span><\/p>\n<p><span style=\"font-weight: 400;\">Det er ganske enkelt \u00e5 sette opp 2FA. Last ned Google Authenticator-appen og skann QR-koden p\u00e5 skjermen. Appen genererer en kode du kan taste inn for \u00e5 aktivere 2FA.\u00a0<\/span><\/p>\n<p><img loading=\"lazy\" decoding=\"async\" class=\"alignnone wp-image-3410 size-full\" src=\"https:\/\/coinkickoff.com\/wp-content\/uploads\/kraken6-e1682503322525.png\" alt=\"\" width=\"1357\" height=\"791\" \/><\/p>\n<p><span style=\"font-weight: 400;\">N\u00e5r du har aktivert 2FA, m\u00e5 du bruke Google Authenticator-appen for \u00e5 logge p\u00e5 kontoen din. Appen genererer et unikt engangspassord for hver p\u00e5logging.<\/span><\/p>\n<p><span style=\"font-weight: 400;\">N\u00e5r du har aktivert 2FA, er du klar til \u00e5 finansiere Kraken-kontoen din. Det er to m\u00e5ter du kan kj\u00f8pe DOGE p\u00e5 Kraken. Du kan legge til en \u00f8yeblikkelig betalingsmetode som et kredittkort p\u00e5 kontoen din eller koble bankkontoen din til Kraken for \u00e5 overf\u00f8re penger enkelt.<\/span><\/p>\n<p><span style=\"font-weight: 400;\">Det er raskere og enklere \u00e5 legge til en umiddelbar betalingsm\u00e5te. Bare klikk p\u00e5 \"Buy Crypto\" i toppmenyen.<\/span><\/p>\n<p><img loading=\"lazy\" decoding=\"async\" class=\"alignnone wp-image-3412 size-full\" src=\"https:\/\/coinkickoff.com\/wp-content\/uploads\/kraken8-e1682503364155.png\" alt=\"\" width=\"1206\" height=\"781\" srcset=\"https:\/\/coinkickoff.com\/wp-content\/uploads\/kraken8-e1682503364155.png 1206w, https:\/\/coinkickoff.com\/wp-content\/uploads\/kraken8-e1682503364155-300x194.png 300w, https:\/\/coinkickoff.com\/wp-content\/uploads\/kraken8-e1682503364155-1024x663.png 1024w, https:\/\/coinkickoff.com\/wp-content\/uploads\/kraken8-e1682503364155-768x497.png 768w, https:\/\/coinkickoff.com\/wp-content\/uploads\/kraken8-e1682503364155-18x12.png 18w\" sizes=\"auto, (max-width: 1206px) 100vw, 1206px\" \/><\/p>\n<p><span style=\"font-weight: 400;\">P\u00e5 den nye siden velger du \"Betalingsm\u00e5ter\".<\/span><\/p>\n<p><span style=\"font-weight: 400;\">Klikk p\u00e5 \"Legg til betalingsm\u00e5ter\". Du kan legge til en <\/span><a href=\"https:\/\/support.kraken.com\/hc\/en-us\/articles\/360048212832-Visa-and-MasterCard-purchases\" target=\"_blank\" rel=\"noopener\"><span style=\"font-weight: 400;\">Visa og Mastercard debet-\/kredittkort<\/span><\/a><span style=\"font-weight: 400;\"> eller sette inn kontanter p\u00e5 kontoen din via nettbank.<\/span><\/p>\n<p><img loading=\"lazy\" decoding=\"async\" class=\"alignnone wp-image-3413 size-full\" src=\"https:\/\/coinkickoff.com\/wp-content\/uploads\/kraken9-e1682503407337.png\" alt=\"\" width=\"1196\" height=\"776\" srcset=\"https:\/\/coinkickoff.com\/wp-content\/uploads\/kraken9-e1682503407337.png 1196w, https:\/\/coinkickoff.com\/wp-content\/uploads\/kraken9-e1682503407337-300x195.png 300w, https:\/\/coinkickoff.com\/wp-content\/uploads\/kraken9-e1682503407337-1024x664.png 1024w, https:\/\/coinkickoff.com\/wp-content\/uploads\/kraken9-e1682503407337-768x498.png 768w, https:\/\/coinkickoff.com\/wp-content\/uploads\/kraken9-e1682503407337-18x12.png 18w\" sizes=\"auto, (max-width: 1196px) 100vw, 1196px\" \/><\/p>\n<p><span style=\"font-weight: 400;\">Klikk p\u00e5 den foretrukne metoden og legg inn den relevante informasjonen.\u00a0<\/span><\/p>\n<p><span style=\"font-weight: 400;\">Kj\u00f8p med kreditt- og debetkort er raskere, men vanligvis dyrere ettersom kortleverand\u00f8rene krever ekstra gebyrer.<\/span><\/p>\n<p><span style=\"font-weight: 400;\">Hvis du velger kontantinnskudd, kan du sette inn penger p\u00e5 kontoen din via nettbank. Velg valutaen du \u00f8nsker \u00e5 sette inn, og velg innskuddsmetode.<\/span><\/p>\n<p><img loading=\"lazy\" decoding=\"async\" class=\"alignnone wp-image-3414 size-full\" src=\"https:\/\/coinkickoff.com\/wp-content\/uploads\/kraken-deposit.png\" alt=\"\" width=\"752\" height=\"298\" srcset=\"https:\/\/coinkickoff.com\/wp-content\/uploads\/kraken-deposit.png 752w, https:\/\/coinkickoff.com\/wp-content\/uploads\/kraken-deposit-300x119.png 300w, https:\/\/coinkickoff.com\/wp-content\/uploads\/kraken-deposit-18x7.png 18w\" sizes=\"auto, (max-width: 752px) 100vw, 752px\" \/> <img loading=\"lazy\" decoding=\"async\" class=\"alignnone wp-image-3415 size-full\" src=\"https:\/\/coinkickoff.com\/wp-content\/uploads\/kraken-deposit-2.png\" alt=\"\" width=\"808\" height=\"547\" srcset=\"https:\/\/coinkickoff.com\/wp-content\/uploads\/kraken-deposit-2.png 808w, https:\/\/coinkickoff.com\/wp-content\/uploads\/kraken-deposit-2-300x203.png 300w, https:\/\/coinkickoff.com\/wp-content\/uploads\/kraken-deposit-2-768x520.png 768w, https:\/\/coinkickoff.com\/wp-content\/uploads\/kraken-deposit-2-18x12.png 18w\" sizes=\"auto, (max-width: 808px) 100vw, 808px\" \/><\/p>\n<p><span style=\"font-weight: 400;\">Les n\u00f8ye gjennom alle instruksjonene n\u00e5r du sender penger til Kraken-kontoen din. Det kan hende du m\u00e5 oppgi en referansekode for \u00e5 sikre at innskuddet ditt n\u00e5r frem til Kraken.<\/span><\/p>\n<p><span style=\"font-weight: 400;\">Pengene b\u00f8r komme inn p\u00e5 kontoen din i l\u00f8pet av et par dager, men v\u00e6r oppmerksom p\u00e5 bankferier og andre mulige forsinkelser. Du kan sjekke om pengene dine er ankommet ved \u00e5 klikke p\u00e5 fanene \"Handel\" eller \"Finansiering\".<\/span><\/p>\n<h3><span class=\"ez-toc-section\" id=\"4_Navigate_to_the_Relevant_Screen_to_Buy\"><\/span><span style=\"font-weight: 400;\">4. Naviger til det relevante skjermbildet for \u00e5 kj\u00f8pe<\/span><span class=\"ez-toc-section-end\"><\/span><\/h3>\n<p><span style=\"font-weight: 400;\">Det er to m\u00e5ter \u00e5 kj\u00f8pe DOGE p\u00e5 Kraken. Den f\u00f8rste og enkleste er \u00e5 bruke den enkle Kj\u00f8p\/Salg-widgeten. Klikk p\u00e5 \"Buy Crypto\"-fanen p\u00e5 dashbordet (\u00f8verst i midten), og velg \"Buy\".<\/span><\/p>\n<p><span style=\"font-weight: 400;\">Velg DOGE fra rullegardinmenyen p\u00e5 widgeten og angi hvor mye du vil bruke. Velg en betalingsm\u00e5te (kreditt-\/debetkort eller kontanter).<\/span><\/p>\n<p><span style=\"font-weight: 400;\">Kraken viser hvor mye DOGE du vil motta for pengene dine og eventuelle relevante gebyrer som gjelder for kj\u00f8pet ditt. Klikk p\u00e5 bekreft, og du er ferdig.\u00a0<\/span><\/p>\n<p><span style=\"font-weight: 400;\">Selv om denne metoden er flott for f\u00f8rstegangsbrukere, er det faktisk en billigere metode for \u00e5 kj\u00f8pe DOGE p\u00e5 Kraken.<\/span><\/p>\n<p><img loading=\"lazy\" decoding=\"async\" class=\"alignnone wp-image-3416 size-full\" src=\"https:\/\/coinkickoff.com\/wp-content\/uploads\/kraken-trade1.png\" alt=\"\" width=\"1139\" height=\"206\" srcset=\"https:\/\/coinkickoff.com\/wp-content\/uploads\/kraken-trade1.png 1139w, https:\/\/coinkickoff.com\/wp-content\/uploads\/kraken-trade1-300x54.png 300w, https:\/\/coinkickoff.com\/wp-content\/uploads\/kraken-trade1-1024x185.png 1024w, https:\/\/coinkickoff.com\/wp-content\/uploads\/kraken-trade1-768x139.png 768w, https:\/\/coinkickoff.com\/wp-content\/uploads\/kraken-trade1-18x3.png 18w\" sizes=\"auto, (max-width: 1139px) 100vw, 1139px\" \/><\/p>\n<p><span style=\"font-weight: 400;\">P\u00e5 hovedoversikten velger du \"Handel\". Klikk p\u00e5 fanen \"Ny ordre\" og velg \"Enkel ordre\".\u00a0<\/span>\u00a0\u00a0<img loading=\"lazy\" decoding=\"async\" class=\"alignnone wp-image-3419 size-full\" src=\"https:\/\/coinkickoff.com\/wp-content\/uploads\/kraken-trade4-e1682504018815.png\" alt=\"\" width=\"1220\" height=\"309\" srcset=\"https:\/\/coinkickoff.com\/wp-content\/uploads\/kraken-trade4-e1682504018815.png 1220w, https:\/\/coinkickoff.com\/wp-content\/uploads\/kraken-trade4-e1682504018815-300x76.png 300w, https:\/\/coinkickoff.com\/wp-content\/uploads\/kraken-trade4-e1682504018815-1024x259.png 1024w, https:\/\/coinkickoff.com\/wp-content\/uploads\/kraken-trade4-e1682504018815-768x195.png 768w, https:\/\/coinkickoff.com\/wp-content\/uploads\/kraken-trade4-e1682504018815-18x5.png 18w\" sizes=\"auto, (max-width: 1220px) 100vw, 1220px\" \/><span style=\"font-weight: 400;\">Juster valutatypene p\u00e5 bestillingsskjemaet. Du kan for eksempel justere utgiftskolonnen til USD og kj\u00f8pskolonnen til DOGE.<\/span><\/p>\n<p><span style=\"font-weight: 400;\">Skriv inn hvor mye du vil bruke i utgiftskolonnen. I prisfanen angir du prisen du \u00f8nsker \u00e5 kj\u00f8pe DOGE for. Du vil automatisk bli tilbudt en fast markedspris, men du kan ogs\u00e5 angi en pris selv.<\/span><\/p>\n<p><span style=\"font-weight: 400;\">N\u00e5r du aksepterer den tilbudte markedsprisen, legger du inn en markedsordre. Det betyr ganske enkelt at ordren din vil bli oppfylt ganske raskt fordi du aksepterer andres tilbud om \u00e5 selge deg DOGE til den prisen de setter.\u00a0<\/span><\/p>\n<p><span style=\"font-weight: 400;\">N\u00e5r du setter en pris selv, kan det ta litt lengre tid \u00e5 gjennomf\u00f8re salget fordi noen andre m\u00e5 godta \u00e5 selge deg DOGE til den prisen. Det er ellers kjent som en limit-ordre.<\/span><\/p>\n<p><span style=\"font-weight: 400;\">G\u00e5 gjennom bestillingen din og klikk p\u00e5 \"Kj\u00f8p\".<\/span><\/p>\n<p><span style=\"font-weight: 400;\">Du kan klikke p\u00e5 bestillingsfanen for \u00e5 se om transaksjonen er fullf\u00f8rt. Hvis bestillingen er avsluttet, har du kj\u00f8pt coin. Hvis bestillingen er \u00e5pen, venter du fortsatt p\u00e5 at noen skal selge deg DOGE.<\/span><\/p>\n<p><span style=\"font-weight: 400;\">S\u00e5nn, ja. Gratulerer!\u00a0<\/span><\/p>","protected":false},"excerpt":{"rendered":"<p>Hvordan kj\u00f8pe Dogecoin p\u00e5 Kraken Dogecoin (DOGE) er en av de st\u00f8rste kryptovalutaene etter markedsverdi, til tross for eller kanskje p\u00e5 grunn av sin status som verdens f\u00f8rste meme coin. token ble lansert mest som en vits, inspirert av \"doge-meme\", men ble raskt popul\u00e6r takket v\u00e6re internett og sosiale medier. Hvis [...]<\/p>","protected":false},"author":3,"featured_media":155,"parent":3196,"menu_order":0,"comment_status":"closed","ping_status":"closed","template":"","meta":{"_genesis_hide_title":false,"_genesis_hide_breadcrumbs":false,"_genesis_hide_singular_image":false,"_genesis_hide_footer_widgets":false,"_genesis_custom_body_class":"","_genesis_custom_post_class":"","_genesis_layout":"","_glsr_average":0,"_glsr_ranking":0,"_glsr_reviews":0,"footnotes":""},"class_list":{"0":"post-3404","1":"page","2":"type-page","3":"status-publish","4":"has-post-thumbnail","6":"entry"},"featured_image_src":"https:\/\/coinkickoff.com\/wp-content\/uploads\/2022\/06\/Dogecoin-DOGE-600x400.jpg","featured_image_src_square":"https:\/\/coinkickoff.com\/wp-content\/uploads\/2022\/06\/Dogecoin-DOGE-600x600.jpg","_links":{"self":[{"href":"https:\/\/coinkickoff.com\/nb\/wp-json\/wp\/v2\/pages\/3404","targetHints":{"allow":["GET"]}}],"collection":[{"href":"https:\/\/coinkickoff.com\/nb\/wp-json\/wp\/v2\/pages"}],"about":[{"href":"https:\/\/coinkickoff.com\/nb\/wp-json\/wp\/v2\/types\/page"}],"author":[{"embeddable":true,"href":"https:\/\/coinkickoff.com\/nb\/wp-json\/wp\/v2\/users\/3"}],"replies":[{"embeddable":true,"href":"https:\/\/coinkickoff.com\/nb\/wp-json\/wp\/v2\/comments?post=3404"}],"version-history":[{"count":3,"href":"https:\/\/coinkickoff.com\/nb\/wp-json\/wp\/v2\/pages\/3404\/revisions"}],"predecessor-version":[{"id":4494,"href":"https:\/\/coinkickoff.com\/nb\/wp-json\/wp\/v2\/pages\/3404\/revisions\/4494"}],"up":[{"embeddable":true,"href":"https:\/\/coinkickoff.com\/nb\/wp-json\/wp\/v2\/pages\/3196"}],"wp:featuredmedia":[{"embeddable":true,"href":"https:\/\/coinkickoff.com\/nb\/wp-json\/wp\/v2\/media\/155"}],"wp:attachment":[{"href":"https:\/\/coinkickoff.com\/nb\/wp-json\/wp\/v2\/media?parent=3404"}],"curies":[{"name":"wp","href":"https:\/\/api.w.org\/{rel}","templated":true}]}}