{"id":3285,"date":"2026-01-08T14:07:35","date_gmt":"2026-01-08T14:07:35","guid":{"rendered":"https:\/\/coinkickoff.com\/?page_id=3285"},"modified":"2026-01-08T14:07:35","modified_gmt":"2026-01-08T14:07:35","slug":"how-to-buy-dogecoin-on-okx","status":"publish","type":"page","link":"https:\/\/coinkickoff.com\/nb\/how-to-buy-dogecoin\/how-to-buy-dogecoin-on-okx\/","title":{"rendered":"Slik kj\u00f8per du Dogecoin (DOGE) p\u00e5 OKX"},"content":{"rendered":"<div id=\"ez-toc-container\" class=\"ez-toc-v2_0_80 counter-hierarchy ez-toc-counter ez-toc-transparent ez-toc-container-direction\">\n<div class=\"ez-toc-title-container\">\n<p class=\"ez-toc-title\" style=\"cursor:inherit\">Seksjoner<\/p>\n<span class=\"ez-toc-title-toggle\"><a href=\"#\" class=\"ez-toc-pull-right ez-toc-btn ez-toc-btn-xs ez-toc-btn-default ez-toc-toggle\" aria-label=\"Bytt innholdsfortegnelse\"><span class=\"ez-toc-js-icon-con\"><span class=\"\"><span class=\"eztoc-hide\" style=\"display:none;\">Toggle<\/span><span class=\"ez-toc-icon-toggle-span\"><svg style=\"fill: #999;color:#999\" xmlns=\"http:\/\/www.w3.org\/2000\/svg\" class=\"list-377408\" width=\"20px\" height=\"20px\" viewbox=\"0 0 24 24\" fill=\"none\"><path d=\"M6 6H4v2h2V6zm14 0H8v2h12V6zM4 11h2v2H4v-2zm16 0H8v2h12v-2zM4 16h2v2H4v-2zm16 0H8v2h12v-2z\" fill=\"currentColor\"><\/path><\/svg><svg style=\"fill: #999;color:#999\" class=\"arrow-unsorted-368013\" xmlns=\"http:\/\/www.w3.org\/2000\/svg\" width=\"10px\" height=\"10px\" viewbox=\"0 0 24 24\" version=\"1.2\" baseprofile=\"tiny\"><path d=\"M18.2 9.3l-6.2-6.3-6.2 6.3c-.2.2-.3.4-.3.7s.1.5.3.7c.2.2.4.3.7.3h11c.3 0 .5-.1.7-.3.2-.2.3-.5.3-.7s-.1-.5-.3-.7zM5.8 14.7l6.2 6.3 6.2-6.3c.2-.2.3-.5.3-.7s-.1-.5-.3-.7c-.2-.2-.4-.3-.7-.3h-11c-.3 0-.5.1-.7.3-.2.2-.3.5-.3.7s.1.5.3.7z\"\/><\/svg><\/span><\/span><\/span><\/a><\/span><\/div>\n<nav><ul class='ez-toc-list ez-toc-list-level-1 eztoc-toggle-hide-by-default' ><li class='ez-toc-page-1 ez-toc-heading-level-2'><a class=\"ez-toc-link ez-toc-heading-1\" href=\"https:\/\/coinkickoff.com\/nb\/how-to-buy-dogecoin\/how-to-buy-dogecoin-on-okx\/#How_to_Buy_Dogecoin_on_OKX\" >Hvordan kj\u00f8pe Dogecoin p\u00e5 OKX<\/a><\/li><li class='ez-toc-page-1 ez-toc-heading-level-2'><a class=\"ez-toc-link ez-toc-heading-2\" href=\"https:\/\/coinkickoff.com\/nb\/how-to-buy-dogecoin\/how-to-buy-dogecoin-on-okx\/#A_Step-By-Step_Guide_on_How_to_Buy_Dogecoin_on_OKX\" >En trinnvis veiledning om hvordan du kj\u00f8per Dogecoin p\u00e5 OKX<\/a><ul class='ez-toc-list-level-3' ><li class='ez-toc-heading-level-3'><a class=\"ez-toc-link ez-toc-heading-3\" href=\"https:\/\/coinkickoff.com\/nb\/how-to-buy-dogecoin\/how-to-buy-dogecoin-on-okx\/#1_Register_an_Account\" >1. Registrer en konto<\/a><\/li><li class='ez-toc-page-1 ez-toc-heading-level-3'><a class=\"ez-toc-link ez-toc-heading-4\" href=\"https:\/\/coinkickoff.com\/nb\/how-to-buy-dogecoin\/how-to-buy-dogecoin-on-okx\/#2_Verify_Your_Account\" >2. Bekreft kontoen din<\/a><\/li><li class='ez-toc-page-1 ez-toc-heading-level-3'><a class=\"ez-toc-link ez-toc-heading-5\" href=\"https:\/\/coinkickoff.com\/nb\/how-to-buy-dogecoin\/how-to-buy-dogecoin-on-okx\/#3_Deposit_FundsCrypto\" >3. Innskuddsmidler\/krypto<\/a><\/li><li class='ez-toc-page-1 ez-toc-heading-level-3'><a class=\"ez-toc-link ez-toc-heading-6\" href=\"https:\/\/coinkickoff.com\/nb\/how-to-buy-dogecoin\/how-to-buy-dogecoin-on-okx\/#4_Navigate_to_the_Relevant_Screen_to_Buy\" >4. Naviger til det relevante skjermbildet for \u00e5 kj\u00f8pe<\/a><\/li><\/ul><\/li><\/ul><\/nav><\/div>\n<h2><span class=\"ez-toc-section\" id=\"How_to_Buy_Dogecoin_on_OKX\"><\/span><span style=\"font-weight: 400;\">Hvordan kj\u00f8pe Dogecoin p\u00e5 OKX<\/span><span class=\"ez-toc-section-end\"><\/span><\/h2>\n<p><span style=\"font-weight: 400;\">Designet hovedsakelig som en vits coin, DOGE har ikke et klart bruksomr\u00e5de eller mye verdi. N\u00e5r <a href=\"https:\/\/coinkickoff.com\/nb\/dogecoin-doge\/\" data-internallinksmanager029f6b8e52c=\"14\" title=\"Hva er Dogecoin (DOGE)? Hvordan fungerer det og hvor kan jeg kj\u00f8pe det?\">Dogecoin<\/a> ble lansert i 2013, forventet ingen at denne meme-baserte coin skulle f\u00e5 mye trekkraft. Men i 2021, p\u00e5 h\u00f8yden av krypto-craze, n\u00f8t DOGE grundig sine 15 minutter med internettber\u00f8mmelse og er fortsatt en av de mest ber\u00f8mte digitale eiendelene. <a href=\"https:\/\/www.coindesk.com\/markets\/2023\/04\/06\/dogecoin-drops-after-elon-musks-twitter-stops-using-its-logo\/\" target=\"_blank\" rel=\"noopener\">takket v\u00e6re sosiale medier<\/a>.<\/span><\/p>\n<p><span style=\"font-weight: 400;\">Hvis du vil v\u00e6re med p\u00e5 vitsen ved \u00e5 kj\u00f8pe noen Dogecoin, men ikke vet hvor du skal begynne, ingen bekymringer. I denne artikkelen vil vi forklare hvordan du kj\u00f8per Dogecoin p\u00e5 <a href=\"https:\/\/www.okx.com\/join\/65358827\" target=\"_blank\" rel=\"noopener\">OKX-b\u00f8rs<\/a> trinn for trinn. N\u00e5 er vi i gang.<\/span><\/p>\n<h2><span class=\"ez-toc-section\" id=\"A_Step-By-Step_Guide_on_How_to_Buy_Dogecoin_on_OKX\"><\/span><span style=\"font-weight: 400;\">En trinnvis veiledning om hvordan du kj\u00f8per Dogecoin p\u00e5 OKX<\/span><span class=\"ez-toc-section-end\"><\/span><\/h2>\n<h3><span class=\"ez-toc-section\" id=\"1_Register_an_Account\"><\/span><span style=\"font-weight: 400;\">1. Registrer en konto<\/span><span class=\"ez-toc-section-end\"><\/span><\/h3>\n<p><span style=\"font-weight: 400;\">G\u00e5 f\u00f8rst til <a href=\"https:\/\/coinkickoff.com\/nb\/okx-review\/\" data-internallinksmanager029f6b8e52c=\"150\" title=\"OKX vurderinger 2023: Avgifter, funksjoner, sikkerhet, fordeler og ulemper\">OKX<\/a>og klikk p\u00e5 \"Registrer deg\" for \u00e5 opprette en konto.\u00a0<\/span><\/p>\n<p><img loading=\"lazy\" decoding=\"async\" class=\"alignnone wp-image-3286 size-full\" src=\"https:\/\/coinkickoff.com\/wp-content\/uploads\/okx-sign-up.png\" alt=\"hvordan kj\u00f8pe dogecoin p\u00e5 okx sign up\" width=\"1410\" height=\"721\" srcset=\"https:\/\/coinkickoff.com\/wp-content\/uploads\/okx-sign-up.png 1410w, https:\/\/coinkickoff.com\/wp-content\/uploads\/okx-sign-up-300x153.png 300w, https:\/\/coinkickoff.com\/wp-content\/uploads\/okx-sign-up-1024x524.png 1024w, https:\/\/coinkickoff.com\/wp-content\/uploads\/okx-sign-up-768x393.png 768w, https:\/\/coinkickoff.com\/wp-content\/uploads\/okx-sign-up-18x9.png 18w\" sizes=\"auto, (max-width: 1410px) 100vw, 1410px\" \/><\/p>\n<p><span style=\"font-weight: 400;\">Det tar bare et minutt \u00e5 \u00e5pne en OKX-konto: Du kan registrere deg med en e-postadresse eller et telefonnummer. Du kan ogs\u00e5 registrere deg med Google eller Telegram.\u00a0\u00a0<\/span><\/p>\n<h3><span class=\"ez-toc-section\" id=\"2_Verify_Your_Account\"><\/span><span style=\"font-weight: 400;\">2. Bekreft kontoen din<\/span><span class=\"ez-toc-section-end\"><\/span><\/h3>\n<p><span style=\"font-weight: 400;\">Du trenger ikke \u00e5 bekrefte identiteten din for \u00e5 handle krypto p\u00e5 OKX. Du kan sende dine digitale eiendeler til OKX-kontoen din og umiddelbart begynne \u00e5 handle p\u00e5 plattformen.<\/span><\/p>\n<p><span style=\"font-weight: 400;\">Men hvis du vil kj\u00f8pe krypto med fiat-valuta p\u00e5 plattformen, m\u00e5 du fullf\u00f8re ID-verifisering. Klikk p\u00e5 profiltegnet \u00f8verst til h\u00f8yre og velg \"Oversikt\".\u00a0<\/span><\/p>\n<p><img loading=\"lazy\" decoding=\"async\" class=\"alignnone wp-image-3287 size-full\" src=\"https:\/\/coinkickoff.com\/wp-content\/uploads\/okx-verif.png\" alt=\"\" width=\"1417\" height=\"694\" srcset=\"https:\/\/coinkickoff.com\/wp-content\/uploads\/okx-verif.png 1417w, https:\/\/coinkickoff.com\/wp-content\/uploads\/okx-verif-300x147.png 300w, https:\/\/coinkickoff.com\/wp-content\/uploads\/okx-verif-1024x502.png 1024w, https:\/\/coinkickoff.com\/wp-content\/uploads\/okx-verif-768x376.png 768w, https:\/\/coinkickoff.com\/wp-content\/uploads\/okx-verif-18x9.png 18w\" sizes=\"auto, (max-width: 1417px) 100vw, 1417px\" \/><\/p>\n<p><span style=\"font-weight: 400;\">Velg bekreftelsesfanen for \u00e5 starte prosessen.<\/span><\/p>\n<p><img loading=\"lazy\" decoding=\"async\" class=\"alignnone wp-image-3288 size-full\" src=\"https:\/\/coinkickoff.com\/wp-content\/uploads\/okx-ver2.png\" alt=\"\" width=\"1426\" height=\"486\" srcset=\"https:\/\/coinkickoff.com\/wp-content\/uploads\/okx-ver2.png 1426w, https:\/\/coinkickoff.com\/wp-content\/uploads\/okx-ver2-300x102.png 300w, https:\/\/coinkickoff.com\/wp-content\/uploads\/okx-ver2-1024x349.png 1024w, https:\/\/coinkickoff.com\/wp-content\/uploads\/okx-ver2-768x262.png 768w, https:\/\/coinkickoff.com\/wp-content\/uploads\/okx-ver2-18x6.png 18w\" sizes=\"auto, (max-width: 1426px) 100vw, 1426px\" \/><\/p>\n<p><span style=\"font-weight: 400;\">Velg den enkelte kontoen og klikk p\u00e5 \"Fortsett\".<\/span><\/p>\n<p><img loading=\"lazy\" decoding=\"async\" class=\"alignnone wp-image-3289 size-full\" src=\"https:\/\/coinkickoff.com\/wp-content\/uploads\/okx-ver3.png\" alt=\"\" width=\"1427\" height=\"666\" srcset=\"https:\/\/coinkickoff.com\/wp-content\/uploads\/okx-ver3.png 1427w, https:\/\/coinkickoff.com\/wp-content\/uploads\/okx-ver3-300x140.png 300w, https:\/\/coinkickoff.com\/wp-content\/uploads\/okx-ver3-1024x478.png 1024w, https:\/\/coinkickoff.com\/wp-content\/uploads\/okx-ver3-768x358.png 768w, https:\/\/coinkickoff.com\/wp-content\/uploads\/okx-ver3-18x8.png 18w\" sizes=\"auto, (max-width: 1427px) 100vw, 1427px\" \/><\/p>\n<p><span style=\"font-weight: 400;\">OKX har sannsynligvis den enkleste ID-verifiseringsprosessen noensinne, ettersom plattformen ikke engang ber om bilde-ID. Bare skriv navnet ditt, velg ID-type og skriv inn ID-nummeret ditt. Klikk p\u00e5 \"Send\", og du er ferdig.<\/span><\/p>\n<h3><span class=\"ez-toc-section\" id=\"3_Deposit_FundsCrypto\"><\/span><span style=\"font-weight: 400;\">3. Innskuddsmidler\/krypto<\/span><span class=\"ez-toc-section-end\"><\/span><\/h3>\n<p><span style=\"font-weight: 400;\">N\u00e5r du har fullf\u00f8rt identitetsbekreftelsen, kan du sette inn fiat-valuta p\u00e5 kontoen din, eller du kan kj\u00f8pe DOGE med et kredittkort eller en alternativ betalingsm\u00e5te.\u00a0<\/span><\/p>\n<p><span style=\"font-weight: 400;\">Klikk p\u00e5 profillogoen din og velg \"Oversikt\" for \u00e5 velge innskudds- og kj\u00f8psalternativer. Hvis du vil gj\u00f8re et innskudd, klikker du p\u00e5 \"Innskudd\".<\/span><\/p>\n<p><img loading=\"lazy\" decoding=\"async\" class=\"alignnone wp-image-3290 size-full\" src=\"https:\/\/coinkickoff.com\/wp-content\/uploads\/okx-verif-1.png\" alt=\"\" width=\"1417\" height=\"694\" srcset=\"https:\/\/coinkickoff.com\/wp-content\/uploads\/okx-verif-1.png 1417w, https:\/\/coinkickoff.com\/wp-content\/uploads\/okx-verif-1-300x147.png 300w, https:\/\/coinkickoff.com\/wp-content\/uploads\/okx-verif-1-1024x502.png 1024w, https:\/\/coinkickoff.com\/wp-content\/uploads\/okx-verif-1-768x376.png 768w, https:\/\/coinkickoff.com\/wp-content\/uploads\/okx-verif-1-18x9.png 18w\" sizes=\"auto, (max-width: 1417px) 100vw, 1417px\" \/><\/p>\n<h3><span class=\"ez-toc-section\" id=\"4_Navigate_to_the_Relevant_Screen_to_Buy\"><\/span><span style=\"font-weight: 400;\">4. Naviger til det relevante skjermbildet for \u00e5 kj\u00f8pe<\/span><span class=\"ez-toc-section-end\"><\/span><\/h3>\n<p><span style=\"font-weight: 400;\">P\u00e5 oversiktssiden velger du alternativet \"Kj\u00f8p med kort\". Da kommer du til siden for enkelt kj\u00f8p\/salg.<\/span><\/p>\n<p><img loading=\"lazy\" decoding=\"async\" class=\"alignnone wp-image-3291 size-full\" src=\"https:\/\/coinkickoff.com\/wp-content\/uploads\/Screen-Shot-2023-03-24-at-5.59.53-AM-e1686184973371.png\" alt=\"\" width=\"1428\" height=\"802\" srcset=\"https:\/\/coinkickoff.com\/wp-content\/uploads\/Screen-Shot-2023-03-24-at-5.59.53-AM-e1686184973371.png 1428w, https:\/\/coinkickoff.com\/wp-content\/uploads\/Screen-Shot-2023-03-24-at-5.59.53-AM-e1686184973371-300x168.png 300w, https:\/\/coinkickoff.com\/wp-content\/uploads\/Screen-Shot-2023-03-24-at-5.59.53-AM-e1686184973371-1024x575.png 1024w, https:\/\/coinkickoff.com\/wp-content\/uploads\/Screen-Shot-2023-03-24-at-5.59.53-AM-e1686184973371-768x431.png 768w, https:\/\/coinkickoff.com\/wp-content\/uploads\/Screen-Shot-2023-03-24-at-5.59.53-AM-e1686184973371-18x10.png 18w, https:\/\/coinkickoff.com\/wp-content\/uploads\/Screen-Shot-2023-03-24-at-5.59.53-AM-e1686184973371-600x338.png 600w\" sizes=\"auto, (max-width: 1428px) 100vw, 1428px\" \/><\/p>\n<p><span style=\"font-weight: 400;\">Angi hvor mye du vil bruke p\u00e5 kj\u00f8pet, og velg kryptovalutaen du vil kj\u00f8pe (DOGE). Klikk p\u00e5 \"Kj\u00f8p Doge\".<\/span><\/p>\n<p><img loading=\"lazy\" decoding=\"async\" class=\"alignnone wp-image-3292 size-full\" src=\"https:\/\/coinkickoff.com\/wp-content\/uploads\/buydogeend.png\" alt=\"\" width=\"1432\" height=\"798\" srcset=\"https:\/\/coinkickoff.com\/wp-content\/uploads\/buydogeend.png 1432w, https:\/\/coinkickoff.com\/wp-content\/uploads\/buydogeend-300x167.png 300w, https:\/\/coinkickoff.com\/wp-content\/uploads\/buydogeend-1024x571.png 1024w, https:\/\/coinkickoff.com\/wp-content\/uploads\/buydogeend-768x428.png 768w, https:\/\/coinkickoff.com\/wp-content\/uploads\/buydogeend-18x10.png 18w\" sizes=\"auto, (max-width: 1432px) 100vw, 1432px\" \/><\/p>\n<p><span style=\"font-weight: 400;\">P\u00e5 neste side vil du velge metode og se et sammendrag av kj\u00f8pet ditt, inkludert hvor mye DOGE du vil motta n\u00e5r du har fullf\u00f8rt transaksjonen.<\/span><\/p>\n<p><span style=\"font-weight: 400;\">Betalingsm\u00e5tene varierer avhengig av hvilken fiat-valuta du vil bruke. Som du kan se, er det flere alternativer du kan velge, inkludert Payoneer, Revolut, AirTM og mer. Du kan ogs\u00e5 velge tredjepartsleverand\u00f8rer som Simplex og Banxa.<\/span><\/p>\n<p><span style=\"font-weight: 400;\">Klikk p\u00e5 \"Bekreft\" for \u00e5 fullf\u00f8re kj\u00f8pet. Gratulerer med kj\u00f8pet!<\/span><\/p>\n<p><span style=\"font-weight: 400;\">For mer informasjon, se artiklene v\u00e5re om <a href=\"https:\/\/coinkickoff.com\/nb\/dogecoin-doge\/\">Dogecoin<\/a> og <a href=\"https:\/\/coinkickoff.com\/nb\/?s=okx+review\">OKX-b\u00f8rs<\/a>.<\/span><\/p>","protected":false},"excerpt":{"rendered":"<p>Hvordan kj\u00f8pe Dogecoin p\u00e5 OKX Designet hovedsakelig som en vits coin, DOGE har ikke en klar brukssak eller mye verdi. Da Dogecoin ble lansert i 2013, forventet ingen at denne meme-baserte coin skulle f\u00e5 mye trekkraft. Men i 2021, p\u00e5 h\u00f8yden av krypto-mani, likte DOGE grundig sine 15 minutter med internettber\u00f8mmelse og [...].<\/p>","protected":false},"author":3,"featured_media":3291,"parent":3196,"menu_order":0,"comment_status":"closed","ping_status":"closed","template":"","meta":{"_genesis_hide_title":false,"_genesis_hide_breadcrumbs":false,"_genesis_hide_singular_image":false,"_genesis_hide_footer_widgets":false,"_genesis_custom_body_class":"","_genesis_custom_post_class":"","_genesis_layout":"","_glsr_average":0,"_glsr_ranking":0,"_glsr_reviews":0,"footnotes":""},"class_list":{"0":"post-3285","1":"page","2":"type-page","3":"status-publish","4":"has-post-thumbnail","6":"entry"},"featured_image_src":"https:\/\/coinkickoff.com\/wp-content\/uploads\/Screen-Shot-2023-03-24-at-5.59.53-AM-e1686184973371-600x400.png","featured_image_src_square":"https:\/\/coinkickoff.com\/wp-content\/uploads\/Screen-Shot-2023-03-24-at-5.59.53-AM-e1686184973371-600x600.png","_links":{"self":[{"href":"https:\/\/coinkickoff.com\/nb\/wp-json\/wp\/v2\/pages\/3285","targetHints":{"allow":["GET"]}}],"collection":[{"href":"https:\/\/coinkickoff.com\/nb\/wp-json\/wp\/v2\/pages"}],"about":[{"href":"https:\/\/coinkickoff.com\/nb\/wp-json\/wp\/v2\/types\/page"}],"author":[{"embeddable":true,"href":"https:\/\/coinkickoff.com\/nb\/wp-json\/wp\/v2\/users\/3"}],"replies":[{"embeddable":true,"href":"https:\/\/coinkickoff.com\/nb\/wp-json\/wp\/v2\/comments?post=3285"}],"version-history":[{"count":4,"href":"https:\/\/coinkickoff.com\/nb\/wp-json\/wp\/v2\/pages\/3285\/revisions"}],"predecessor-version":[{"id":4497,"href":"https:\/\/coinkickoff.com\/nb\/wp-json\/wp\/v2\/pages\/3285\/revisions\/4497"}],"up":[{"embeddable":true,"href":"https:\/\/coinkickoff.com\/nb\/wp-json\/wp\/v2\/pages\/3196"}],"wp:featuredmedia":[{"embeddable":true,"href":"https:\/\/coinkickoff.com\/nb\/wp-json\/wp\/v2\/media\/3291"}],"wp:attachment":[{"href":"https:\/\/coinkickoff.com\/nb\/wp-json\/wp\/v2\/media?parent=3285"}],"curies":[{"name":"wp","href":"https:\/\/api.w.org\/{rel}","templated":true}]}}