{"id":3,"date":"2026-01-08T14:06:39","date_gmt":"2026-01-08T14:06:39","guid":{"rendered":"http:\/\/coinkickoff.com\/?page_id=3"},"modified":"2026-01-08T14:06:39","modified_gmt":"2026-01-08T14:06:39","slug":"privacy-policy","status":"publish","type":"page","link":"https:\/\/coinkickoff.com\/nb\/privacy-policy\/","title":{"rendered":"Retningslinjer for personvern"},"content":{"rendered":"<p>Denne personvernerkl\u00e6ringen er utarbeidet av Coin Kickoff (eid av Brilliant British Ltd, selskapsnummer 10490224 (registrert i England og Wales), registrert kontoradresse: 2nd Floor 167-169 Great Portland Street, London, Storbritannia, W1W 5PF) for \u00e5 bedre betjene dem som er opptatt av hvordan deres \"personlig identifiserbare opplysninger\" (PII) brukes p\u00e5 nettet. PII, slik det brukes i britisk personvernlovgivning og informasjonssikkerhet, er informasjon som kan brukes alene eller sammen med annen informasjon for \u00e5 identifisere, kontakte eller lokalisere en enkeltperson, eller for \u00e5 identifisere en person i en sammenheng.<\/p>\n\n\n\n<p>Les personvernerkl\u00e6ringen v\u00e5r n\u00f8ye for \u00e5 f\u00e5 en klar forst\u00e5else av hvordan vi samler inn, bruker, beskytter eller p\u00e5 annen m\u00e5te h\u00e5ndterer dine personopplysninger i samsvar med nettstedet v\u00e5rt.<\/p>\n\n\n\n<p><strong>Behandling av data i henhold til den generelle personvernforordningen (GDPR)<\/strong><\/p>\n\n\n\n<p>V\u00e5rt rettslige grunnlag for behandling av opplysninger er <strong>legitim interesse.<\/strong> Vi er f\u00f8rst og fremst et informasjonsnettsted, og selv om vi teknisk sett er behandlingsansvarlig, behandler vi minimale mengder personopplysninger og bruker bare standardverkt\u00f8y fra tredjeparter.<\/p>\n\n\n\n<p>Her er verkt\u00f8yene og plattformene vi bruker, hvorfor vi bruker dem og hvordan du kan administrere dataene dine p\u00e5 dem. Hvis du \u00f8nsker \u00e5 blokkere tilgangen til disse verkt\u00f8yene, ikke bare p\u00e5 nettstedet v\u00e5rt, men p\u00e5 hele nettet, anbefaler vi at du ser p\u00e5 en l\u00f8sning som for eksempel <a href=\"https:\/\/www.ghostery.com\/\" target=\"_blank\" rel=\"noopener\">Ghostery<\/a>.<\/p>\n\n\n\n<ul class=\"wp-block-list\">\n<li><strong>Troverdig:<\/strong> Dette brukes til \u00e5 spore bruken av nettstedet samlet sett. Vi bruker dem ikke til \u00e5 spore enkeltbrukere. Du kan finne ut <a href=\"https:\/\/plausible.io\/\" target=\"_blank\" rel=\"noopener\">mer her<\/a>.<\/li>\n\n\n\n<li><strong>Facebook Social Graph:<\/strong> Dette gj\u00f8r det enklere \u00e5 dele innholdet v\u00e5rt p\u00e5 Facebook og viser hvor ofte innholdet har blitt delt p\u00e5 Facebook. Se Facebooks <a href=\"https:\/\/www.facebook.com\/help\/1701730696756992\/?helpref=hc_fnav\" rel=\"noreferrer noopener\" target=\"_blank\">Data Side<\/a> for mer informasjon om hvordan de bruker dataene dine.<\/li>\n\n\n\n<li><strong>Samtykke til informasjonskapsler:<\/strong> Dette brukes til \u00e5 informere brukerne om at vi bruker informasjonskapsler og andre tredjepartsverkt\u00f8y og plattformer. Det leveres av Silktide, og du kan <a href=\"https:\/\/cookieconsent.insites.com\/\" rel=\"noreferrer noopener\" target=\"_blank\">les mer her<\/a>.<\/li>\n\n\n\n<li><strong>Kinsta:<\/strong> De er vert for nettstedet v\u00e5rt og kan ha logger om alle bes\u00f8kende p\u00e5 dette nettstedet, selv om vi ikke har direkte tilgang til dem. Du kan finne ut mer om hvilke opplysninger de kan ha p\u00e5 deres <a href=\"https:\/\/kinsta.com\/legal\/privacy-policy\/\" rel=\"noreferrer noopener\" target=\"_blank\">Retningslinjer for personvern<\/a>.<\/li>\n\n\n\n<li><strong>Deling i sosiale medier:<\/strong> I tillegg til Facebook Social Graph har vi ogs\u00e5 delingsknapper for Twitter, LinkedIn og Pintrest p\u00e5 nettstedet v\u00e5rt for \u00e5 gj\u00f8re det enklere \u00e5 dele innholdet v\u00e5rt p\u00e5 disse plattformene. Du kan se <a href=\"https:\/\/www.linkedin.com\/legal\/privacy-policy\" target=\"_blank\" rel=\"noreferrer noopener\">LinkedIn personvernerkl\u00e6ring her<\/a>, <a href=\"https:\/\/policy.pinterest.com\/en-gb\/privacy-policy\" target=\"_blank\" rel=\"noreferrer noopener\">Personvernerkl\u00e6ring for Pintrest<\/a> og Twitters <a href=\"https:\/\/twitter.com\/en\/privacy\" target=\"_blank\" rel=\"noreferrer noopener\">Retningslinjer for personvern<\/a> her<\/li>\n\n\n\n<li><strong>Beehiiv:<\/strong> De er v\u00e5r leverand\u00f8r av nyhetsbrev p\u00e5 e-post. Du kan l\u00e6re mer om dem <a href=\"https:\/\/www.beehiiv.com\/\" target=\"_blank\" rel=\"noreferrer noopener\">her<\/a>. <\/li>\n\n\n\n<li><strong>Tilknyttede\/eksterne lenker:<\/strong> Vi kan av og til inkludere tilknyttede lenker for \u00e5 bidra til \u00e5 st\u00f8tte nettstedet. Vanligvis vil vi gj\u00f8re oppmerksom p\u00e5 disse enten i selve artikkelen eller i artikkelens bunntekst. Enhver form for sporing skjer bare hvis du klikker p\u00e5 en ekstern lenke. Hvis du er bekymret for dette, er det enkleste alternativet \u00e5 ikke klikke p\u00e5 eksterne lenker fra nettstedet v\u00e5rt.<\/li>\n<\/ul>\n\n\n\n<p><strong>Hvilke personopplysninger samler vi inn fra de som bes\u00f8ker nettstedet v\u00e5rt?<\/strong><\/p>\n\n\n\n<p>Vi samler ikke inn personopplysninger direkte, med mindre du velger \u00e5 abonnere p\u00e5 nyhetsbrevet v\u00e5rt, men noen opplysninger kan samles inn av ett eller flere av verkt\u00f8yene eller plattformene ovenfor.<\/p>\n\n\n\n<p><strong>N\u00e5r samler vi inn informasjon?<\/strong><\/p>\n\n\n\n<p>Informasjon kan samles inn n\u00e5r du navigerer rundt p\u00e5 nettstedet.<\/p>\n\n\n\n<p><strong>Hvordan bruker vi opplysningene dine?<\/strong><\/p>\n\n\n\n<p>Vi kan bruke opplysningene vi samler inn fra deg n\u00e5r du surfer p\u00e5 nettstedet, eller bruker visse andre funksjoner p\u00e5 nettstedet, p\u00e5 f\u00f8lgende m\u00e5ter:<\/p>\n\n\n\n<ul class=\"wp-block-list\">\n<li>For \u00e5 forbedre nettstedet v\u00e5rt slik at vi kan betjene deg bedre.<\/li>\n\n\n\n<li>\u00c5 tjene penger p\u00e5 nettstedet for \u00e5 bidra til \u00e5 holde tilgangen gratis.<\/li>\n<\/ul>\n\n\n\n<p><strong>Hvordan beskytter vi informasjon om bes\u00f8kende?<\/strong><\/p>\n\n\n\n<p>Vi bruker ikke s\u00e5rbarhetsskanning og\/eller skanning i henhold til PCI-standarder. Vi bruker et SSL-sertifikat. Vi leverer bare artikler og informasjon og behandler ikke noen form for betalingsdata eller annen sensitiv informasjon.<\/p>\n\n\n\n<p><strong>Bruker vi \"informasjonskapsler\"?<\/strong><\/p>\n\n\n\n<p>Ja. Informasjonskapsler er sm\u00e5 filer som et nettsted eller dets tjenesteleverand\u00f8r overf\u00f8rer til datamaskinens harddisk via nettleseren din (hvis du tillater det), og som gj\u00f8r det mulig for nettstedets eller tjenesteleverand\u00f8rens systemer \u00e5 gjenkjenne nettleseren din og registrere og huske visse opplysninger.<\/p>\n\n\n\n<p>De brukes ogs\u00e5 til \u00e5 hjelpe oss med \u00e5 forst\u00e5 preferansene dine basert p\u00e5 tidligere eller n\u00e5v\u00e6rende aktivitet p\u00e5 nettstedet, slik at vi kan gi deg bedre tjenester. Vi bruker ogs\u00e5 informasjonskapsler til \u00e5 samle inn data om trafikken p\u00e5 nettstedet og interaksjonen p\u00e5 nettstedet, slik at vi kan tilby bedre opplevelser og verkt\u00f8y p\u00e5 nettstedet i fremtiden.<\/p>\n\n\n\n<p><strong>Vi bruker informasjonskapsler for \u00e5:<\/strong><\/p>\n\n\n\n<ul class=\"wp-block-list\">\n<li>Hold oversikt over annonser.<\/li>\n\n\n\n<li>Samle aggregerte data om nettstedstrafikk og interaksjoner p\u00e5 nettstedet for \u00e5 kunne tilby bedre nettstedopplevelser og verkt\u00f8y i fremtiden.<\/li>\n\n\n\n<li>Vi kan ogs\u00e5 bruke p\u00e5litelige tredjepartstjenester som sporer denne informasjonen p\u00e5 v\u00e5re vegne.<\/li>\n<\/ul>\n\n\n\n<p>Du kan velge \u00e5 la datamaskinen varsle deg hver gang en informasjonskapsel sendes, eller du kan velge \u00e5 sl\u00e5 av alle informasjonskapsler. Dette gj\u00f8r du via nettleseren din (som Internet Explorer, Chrome, Firefox...), <a href=\"https:\/\/coinkickoff.com\/nb\/ethereum-classic-etc\/\" data-internallinksmanager029f6b8e52c=\"29\" title=\"Hva er Ethereum Classic (ETC) Hvordan fungerer det og hvor kan jeg kj\u00f8pe det?\">osv.<\/a>.) innstillinger. Hver nettleser er litt forskjellig, s\u00e5 se i nettleserens Hjelp-meny for \u00e5 finne ut hvordan du endrer informasjonskapslene dine.<\/p>\n\n\n\n<p>Hvis du deaktiverer informasjonskapsler, vil noen funksjoner bli deaktivert. Det vil ikke p\u00e5virke brukeropplevelsen som gj\u00f8r nettstedet ditt mer effektivt, og noen av tjenestene v\u00e5re vil ikke fungere som de skal.<\/p>\n\n\n\n<p><strong>Utlevering til tredjepart<\/strong><\/p>\n\n\n\n<p>Vi verken selger, bytter eller p\u00e5 annen m\u00e5te overf\u00f8rer dine personopplysninger til utenforst\u00e5ende parter med mindre vi gir deg beskjed p\u00e5 forh\u00e5nd. Dette omfatter ikke nettstedsvertspartnere og andre parter som hjelper oss med \u00e5 drifte nettstedet v\u00e5rt, drive virksomheten v\u00e5r eller betjene deg, s\u00e5 lenge disse partene samtykker i \u00e5 holde opplysningene konfidensielle. Vi kan ogs\u00e5 utlevere opplysningene dine n\u00e5r vi mener det er hensiktsmessig for \u00e5 overholde loven, h\u00e5ndheve retningslinjene for nettstedet v\u00e5rt eller beskytte v\u00e5re eller andres rettigheter, eiendom eller sikkerhet.<\/p>\n\n\n\n<p>Ikke-personlig identifiserbar informasjon om bes\u00f8kende kan imidlertid gis til andre parter for markedsf\u00f8ring, reklame eller annen bruk.<\/p>\n\n\n\n<p><strong>Tredjeparts lenker<\/strong><\/p>\n\n\n\n<p>Av og til kan vi etter eget skj\u00f8nn inkludere eller tilby produkter eller tjenester fra tredjeparter p\u00e5 nettstedet v\u00e5rt. Disse tredjepartsnettstedene har egne og uavhengige retningslinjer for personvern. Vi har derfor ikke noe ansvar for innholdet og aktivitetene p\u00e5 disse lenkede nettstedene. Ikke desto mindre s\u00f8ker vi \u00e5 beskytte integriteten til nettstedet v\u00e5rt og tar gjerne imot tilbakemeldinger om disse nettstedene.<\/p>\n\n\n\n<p><strong>Google<\/strong><\/p>\n\n\n\n<p>Googles annonseringskrav kan oppsummeres i Googles annonseringsprinsipper. De er innf\u00f8rt for \u00e5 gi brukerne en positiv opplevelse. <a href=\"https:\/\/support.google.com\/adwordspolicy\/answer\/1316548?hl=en\" target=\"_blank\" rel=\"noreferrer noopener\">https:\/\/support.google.com\/adwordspolicy\/answer\/1316548?hl=en<\/a><\/p>\n\n\n\n<p>Vi kan bruke Google AdSense-annonsering p\u00e5 nettstedet v\u00e5rt.<\/p>\n\n\n\n<p>Google, som tredjepartsleverand\u00f8r, bruker informasjonskapsler for \u00e5 vise annonser p\u00e5 nettstedet v\u00e5rt. Googles bruk av DART-informasjonskapselen gj\u00f8r det mulig \u00e5 vise annonser til brukerne v\u00e5re basert p\u00e5 deres bes\u00f8k p\u00e5 nettstedet v\u00e5rt og andre nettsteder p\u00e5 Internett. Brukere kan velge bort bruken av DART-informasjonskapselen ved \u00e5 g\u00e5 til nettstedet <a href=\"https:\/\/www.google.com\/ads\/preferences\" target=\"_blank\" rel=\"noreferrer noopener\">Innstillinger for Google-annonser<\/a> og retningslinjer for personvern for innholdsnettverk.<\/p>\n\n\n\n<p>Sammen med tredjepartsleverand\u00f8rer, som Google, bruker vi f\u00f8rsteparts informasjonskapsler (som Google Analytics-informasjonskapsler) og tredjeparts informasjonskapsler (som DoubleClick-informasjonskapsel) eller andre tredjeparts identifikatorer sammen for \u00e5 samle inn data om brukerinteraksjoner med annonsevisninger og andre annonsetjenestefunksjoner i forbindelse med nettstedet v\u00e5rt.<\/p>\n\n\n\n<p><strong>\u00c5 melde seg ut:<\/strong><\/p>\n\n\n\n<p>Brukere kan angi preferanser for hvordan Google annonserer til deg ved hjelp av <a href=\"https:\/\/www.google.com\/ads\/preferences\" target=\"_blank\" rel=\"noreferrer noopener\">Innstillinger for Google-annonser<\/a>. Alternativt kan du melde deg ut ved \u00e5 g\u00e5 til siden for \u00e5 melde deg ut av nettverksannonsering eller permanent ved \u00e5 bruke nettlesertillegget Google Analytics Opt Out.<\/p>\n\n\n\n<p><strong>Lov om beskyttelse av personvernet p\u00e5 nettet i California<\/strong><\/p>\n\n\n\n<p>CalOPPA er den f\u00f8rste delstatsloven i landet som krever at kommersielle nettsteder og nettjenester legger ut en personvernerkl\u00e6ring. Lovens rekkevidde strekker seg langt utover California og krever at en person eller et selskap i USA (og muligens i hele verden) som driver nettsteder som samler inn personlig identifiserbar informasjon fra forbrukere i California, skal legge ut en i\u00f8ynefallende personvernpolicy p\u00e5 nettstedet sitt som angir n\u00f8yaktig hvilken informasjon som samles inn og hvilke personer den deles med, og \u00e5 overholde denne policyen. - Se mer p\u00e5: <a href=\"http:\/\/consumercal.org\/california-online-privacy-protection-act-caloppa\/#sthash.0FdRbT51.dpuf\" target=\"_blank\" rel=\"noreferrer noopener\">http:\/\/consumercal.org\/california-online-privacy-protection-act-caloppa\/#sthash.0FdRbT51.dpuf<\/a><\/p>\n\n\n\n<p><strong>I henhold til CalOPPA godtar vi f\u00f8lgende:<\/strong><\/p>\n\n\n\n<p>Brukere kan bes\u00f8ke nettstedet v\u00e5rt anonymt. N\u00e5r denne personvernerkl\u00e6ringen er opprettet, vil vi legge til en lenke til den p\u00e5 hjemmesiden v\u00e5r, eller som et minimum p\u00e5 den f\u00f8rste viktige siden etter at du har kommet inn p\u00e5 nettstedet v\u00e5rt. Lenken til personvernreglene v\u00e5re inneholder ordet \"Personvern\", og kan lett finnes p\u00e5 siden som er angitt ovenfor.<\/p>\n\n\n\n<p>Brukerne vil bli varslet om eventuelle endringer i personvernreglene:<\/p>\n\n\n\n<ul class=\"wp-block-list\">\n<li>P\u00e5 v\u00e5r side om personvern<\/li>\n<\/ul>\n\n\n\n<p>Brukerne kan endre personopplysningene sine:<\/p>\n\n\n\n<ul class=\"wp-block-list\">\n<li>Ved \u00e5 sende oss en e-post<\/li>\n<\/ul>\n\n\n\n<p><strong>Hvordan h\u00e5ndterer nettstedet v\u00e5rt ikke sporingssignaler?<\/strong><\/p>\n\n\n\n<p>Vi respekterer ikke sporingssignaler og sporer ikke, planter ikke informasjonskapsler eller bruker reklame n\u00e5r en DNT-nettlesermekanisme (Do Not Track) er p\u00e5 plass.<\/p>\n\n\n\n<p><strong>Tillater nettstedet v\u00e5rt atferdssporing fra tredjeparter?<\/strong><\/p>\n\n\n\n<p>Det er ogs\u00e5 viktig \u00e5 merke seg at vi ikke tillater atferdssporing fra tredjeparter.<\/p>\n\n\n\n<p><strong>COPPA (lov om beskyttelse av barns personvern p\u00e5 nettet)<\/strong><\/p>\n\n\n\n<p>N\u00e5r det gjelder innsamling av personopplysninger fra barn under 13 \u00e5r, gir Children's Online Privacy Protection Act (COPPA) foreldrene kontroll. Federal Trade Commission, landets forbrukermyndighet, h\u00e5ndhever COPPA-regelen, som beskriver hva operat\u00f8rer av nettsteder og nettjenester m\u00e5 gj\u00f8re for \u00e5 beskytte barns personvern og sikkerhet p\u00e5 nettet.<\/p>\n\n\n\n<p>Vi markedsf\u00f8rer ikke spesifikt til barn under 13 \u00e5r, og dette nettstedet er rettet mot et publikum som er over 18 \u00e5r.<\/p>\n\n\n\n<p><strong>CAN SPAM-loven<\/strong><\/p>\n\n\n\n<p>CAN-SPAM-loven er en lov som fastsetter regler for kommersiell e-post, fastsetter krav til kommersielle meldinger, gir mottakere rett til \u00e5 f\u00e5 e-postmeldinger stoppet fra \u00e5 bli sendt til dem, og fastsetter strenge straffer for overtredelser.<\/p>\n\n\n\n<p><strong>Vi samler inn e-postadressen din for \u00e5:<\/strong><\/p>\n\n\n\n<ul class=\"wp-block-list\">\n<li>Sende informasjon, svare p\u00e5 henvendelser og\/eller andre foresp\u00f8rsler eller sp\u00f8rsm\u00e5l.<\/li>\n\n\n\n<li>Marked til v\u00e5r adresseliste<\/li>\n<\/ul>\n\n\n\n<p><strong>For \u00e5 v\u00e6re i samsvar med CANSPAM godtar vi f\u00f8lgende:<\/strong><\/p>\n\n\n\n<ul class=\"wp-block-list\">\n<li>IKKE bruk falske eller villedende emner eller e-postadresser.<\/li>\n\n\n\n<li>Identifiser meldingen som en annonse p\u00e5 en rimelig m\u00e5te.<\/li>\n\n\n\n<li>Oppgi den fysiske adressen til virksomhetens eller anleggets hovedkontor.<\/li>\n\n\n\n<li>Overv\u00e5ke tredjeparts e-postmarkedsf\u00f8ringstjenester for samsvar, hvis slike brukes.<\/li>\n\n\n\n<li>Honorere foresp\u00f8rsler om utmelding\/avmelding raskt<\/li>\n\n\n\n<li>La brukerne avslutte abonnementet ved \u00e5 bruke lenken nederst i hver e-post.<\/li>\n<\/ul>\n\n\n\n<p><strong><br>Hvis du n\u00e5r som helst \u00f8nsker \u00e5 melde deg av fremtidige e-poster, kan du gj\u00f8re f\u00f8lgende<\/strong> F\u00f8lg instruksjonene nederst i hver e-post. og vi vil umiddelbart fjerne deg fra <strong>ALLE<\/strong> korrespondanse.<\/p>\n\n\n\n<p><strong>Kontakt oss<\/strong><\/p>\n\n\n\n<p>Hvis du har sp\u00f8rsm\u00e5l om denne personvernerkl\u00e6ringen, kan du ta kontakt med <a href=\"https:\/\/fleetlogging.com\/contact-us\/\" rel=\"noreferrer noopener\" target=\"_blank\">kontakt oss her<\/a>.<\/p>\n\n\n\n<div id=\"ez-toc-container\" class=\"ez-toc-v2_0_80 counter-hierarchy ez-toc-counter ez-toc-transparent ez-toc-container-direction\">\n<div class=\"ez-toc-title-container\">\n<p class=\"ez-toc-title\" style=\"cursor:inherit\">Seksjoner<\/p>\n<span class=\"ez-toc-title-toggle\"><a href=\"#\" class=\"ez-toc-pull-right ez-toc-btn ez-toc-btn-xs ez-toc-btn-default ez-toc-toggle\" aria-label=\"Bytt innholdsfortegnelse\"><span class=\"ez-toc-js-icon-con\"><span class=\"\"><span class=\"eztoc-hide\" style=\"display:none;\">Toggle<\/span><span class=\"ez-toc-icon-toggle-span\"><svg style=\"fill: #999;color:#999\" xmlns=\"http:\/\/www.w3.org\/2000\/svg\" class=\"list-377408\" width=\"20px\" height=\"20px\" viewbox=\"0 0 24 24\" fill=\"none\"><path d=\"M6 6H4v2h2V6zm14 0H8v2h12V6zM4 11h2v2H4v-2zm16 0H8v2h12v-2zM4 16h2v2H4v-2zm16 0H8v2h12v-2z\" fill=\"currentColor\"><\/path><\/svg><svg style=\"fill: #999;color:#999\" class=\"arrow-unsorted-368013\" xmlns=\"http:\/\/www.w3.org\/2000\/svg\" width=\"10px\" height=\"10px\" viewbox=\"0 0 24 24\" version=\"1.2\" baseprofile=\"tiny\"><path d=\"M18.2 9.3l-6.2-6.3-6.2 6.3c-.2.2-.3.4-.3.7s.1.5.3.7c.2.2.4.3.7.3h11c.3 0 .5-.1.7-.3.2-.2.3-.5.3-.7s-.1-.5-.3-.7zM5.8 14.7l6.2 6.3 6.2-6.3c.2-.2.3-.5.3-.7s-.1-.5-.3-.7c-.2-.2-.4-.3-.7-.3h-11c-.3 0-.5.1-.7.3-.2.2-.3.5-.3.7s.1.5.3.7z\"\/><\/svg><\/span><\/span><\/span><\/a><\/span><\/div>\n<nav><ul class='ez-toc-list ez-toc-list-level-1 eztoc-toggle-hide-by-default' ><li class='ez-toc-page-1 ez-toc-heading-level-2'><a class=\"ez-toc-link ez-toc-heading-1\" href=\"https:\/\/coinkickoff.com\/nb\/privacy-policy\/#Comments\" >Kommentarer<\/a><\/li><li class='ez-toc-page-1 ez-toc-heading-level-2'><a class=\"ez-toc-link ez-toc-heading-2\" href=\"https:\/\/coinkickoff.com\/nb\/privacy-policy\/#Media\" >Medier<\/a><\/li><li class='ez-toc-page-1 ez-toc-heading-level-2'><a class=\"ez-toc-link ez-toc-heading-3\" href=\"https:\/\/coinkickoff.com\/nb\/privacy-policy\/#Cookies\" >Informasjonskapsler<\/a><\/li><li class='ez-toc-page-1 ez-toc-heading-level-2'><a class=\"ez-toc-link ez-toc-heading-4\" href=\"https:\/\/coinkickoff.com\/nb\/privacy-policy\/#Embedded_content_from_other_websites\" >Innebygd innhold fra andre nettsteder<\/a><\/li><li class='ez-toc-page-1 ez-toc-heading-level-2'><a class=\"ez-toc-link ez-toc-heading-5\" href=\"https:\/\/coinkickoff.com\/nb\/privacy-policy\/#Who_we_share_your_data_with\" >Hvem vi deler opplysningene dine med<\/a><\/li><li class='ez-toc-page-1 ez-toc-heading-level-2'><a class=\"ez-toc-link ez-toc-heading-6\" href=\"https:\/\/coinkickoff.com\/nb\/privacy-policy\/#What_rights_you_have_over_your_data\" >Hvilke rettigheter du har over dataene dine<\/a><\/li><li class='ez-toc-page-1 ez-toc-heading-level-2'><a class=\"ez-toc-link ez-toc-heading-7\" href=\"https:\/\/coinkickoff.com\/nb\/privacy-policy\/#Where_we_send_your_data\" >Hvor vi sender dataene dine<\/a><\/li><\/ul><\/nav><\/div>\n<h2 class=\"wp-block-heading\"><span class=\"ez-toc-section\" id=\"Comments\"><\/span>Kommentarer<span class=\"ez-toc-section-end\"><\/span><\/h2>\n\n\n\n<p>N\u00e5r bes\u00f8kende legger igjen kommentarer p\u00e5 nettstedet, samler vi inn dataene som vises i kommentarskjemaet, og ogs\u00e5 den bes\u00f8kendes IP-adresse og nettleserens brukeragentstreng for \u00e5 bidra til \u00e5 oppdage spam.<\/p>\n\n\n\n<p>En anonymisert streng opprettet fra e-postadressen din (ogs\u00e5 kalt en hash) kan bli gitt til Gravatar-tjenesten for \u00e5 se om du bruker den. Personvernerkl\u00e6ringen for Gravatar-tjenesten er tilgjengelig her: https:\/\/automattic.com\/privacy\/. Etter at kommentaren din er godkjent, er profilbildet ditt synlig for offentligheten i sammenheng med kommentaren din.<\/p>\n\n\n\n<h2 class=\"wp-block-heading\"><span class=\"ez-toc-section\" id=\"Media\"><\/span>Medier<span class=\"ez-toc-section-end\"><\/span><\/h2>\n\n\n\n<p>Hvis du laster opp bilder til nettstedet, b\u00f8r du unng\u00e5 \u00e5 laste opp bilder med innebygde posisjonsdata (EXIF GPS). Bes\u00f8kende p\u00e5 nettstedet kan laste ned og hente ut stedsdata fra bilder p\u00e5 nettstedet.<\/p>\n\n\n\n<h2 class=\"wp-block-heading\"><span class=\"ez-toc-section\" id=\"Cookies\"><\/span>Informasjonskapsler<span class=\"ez-toc-section-end\"><\/span><\/h2>\n\n\n\n<p>Hvis du legger igjen en kommentar p\u00e5 nettstedet v\u00e5rt, kan du velge \u00e5 lagre navn, e-postadresse og nettsted i informasjonskapsler. Disse er til for din bekvemmelighet, slik at du ikke trenger \u00e5 fylle inn opplysningene dine p\u00e5 nytt n\u00e5r du legger igjen en ny kommentar. Disse informasjonskapslene vil vare i ett \u00e5r.<\/p>\n\n\n\n<p>Hvis du bes\u00f8ker p\u00e5loggingssiden v\u00e5r, setter vi en midlertidig informasjonskapsel for \u00e5 avgj\u00f8re om nettleseren din godtar informasjonskapsler. Denne informasjonskapselen inneholder ingen personopplysninger og slettes n\u00e5r du lukker nettleseren.<\/p>\n\n\n\n<p>N\u00e5r du logger inn, vil vi ogs\u00e5 opprette flere informasjonskapsler for \u00e5 lagre p\u00e5loggingsinformasjonen din og skjermvisningsvalgene dine. Informasjonskapsler for p\u00e5logging varer i to dager, og informasjonskapsler for skjermalternativer varer i ett \u00e5r. Hvis du velger \"Husk meg\", vil p\u00e5loggingen din vedvare i to uker. Hvis du logger ut av kontoen din, blir innloggingsinformasjonskapslene fjernet.<\/p>\n\n\n\n<p>Hvis du redigerer eller publiserer en artikkel, lagres en ekstra informasjonskapsel i nettleseren din. Denne informasjonskapselen inneholder ingen personopplysninger og angir bare innleggs-ID-en til artikkelen du nettopp har redigert. Den utl\u00f8per etter \u00e9n dag.<\/p>\n\n\n\n<h2 class=\"wp-block-heading\"><span class=\"ez-toc-section\" id=\"Embedded_content_from_other_websites\"><\/span>Innebygd innhold fra andre nettsteder<span class=\"ez-toc-section-end\"><\/span><\/h2>\n\n\n\n<p>Artikler p\u00e5 dette nettstedet kan inneholde innebygd innhold (f.eks. videoer, bilder, artikler osv.). Innebygd innhold fra andre nettsteder oppf\u00f8rer seg p\u00e5 n\u00f8yaktig samme m\u00e5te som om den bes\u00f8kende har bes\u00f8kt det andre nettstedet.<\/p>\n\n\n\n<p>Disse nettstedene kan samle inn opplysninger om deg, bruke informasjonskapsler, legge inn ytterligere sporing fra tredjeparter og overv\u00e5ke samhandlingen din med det innebygde innholdet, inkludert sporing av samhandlingen din med det innebygde innholdet hvis du har en konto og er logget inn p\u00e5 det nettstedet.<\/p>\n\n\n\n<h2 class=\"wp-block-heading\"><span class=\"ez-toc-section\" id=\"Who_we_share_your_data_with\"><\/span>Hvem vi deler opplysningene dine med<span class=\"ez-toc-section-end\"><\/span><\/h2>\n\n\n\n<p>Hvor lenge vi lagrer opplysningene dine<\/p>\n\n\n\n<p>Hvis du legger igjen en kommentar, beholdes kommentaren og metadataene p\u00e5 ubestemt tid. Dette er for at vi skal kunne gjenkjenne og godkjenne eventuelle oppf\u00f8lgingskommentarer automatisk i stedet for \u00e5 holde dem i en modereringsk\u00f8.<\/p>\n\n\n\n<p>For brukere som registrerer seg p\u00e5 nettstedet v\u00e5rt (hvis noen), lagrer vi ogs\u00e5 personopplysningene de oppgir i brukerprofilen sin. Alle brukere kan n\u00e5r som helst se, redigere eller slette personopplysningene sine (bortsett fra at de ikke kan endre brukernavnet sitt). Nettstedets administratorer kan ogs\u00e5 se og redigere disse opplysningene.<\/p>\n\n\n\n<h2 class=\"wp-block-heading\"><span class=\"ez-toc-section\" id=\"What_rights_you_have_over_your_data\"><\/span>Hvilke rettigheter du har over dataene dine<span class=\"ez-toc-section-end\"><\/span><\/h2>\n\n\n\n<p>Hvis du har en konto p\u00e5 dette nettstedet, eller har lagt igjen kommentarer, kan du be om \u00e5 motta en eksportert fil med personopplysningene vi har om deg, inkludert eventuelle opplysninger du har gitt oss. Du kan ogs\u00e5 be om at vi sletter alle personopplysninger vi har om deg. Dette omfatter ikke opplysninger vi er forpliktet til \u00e5 oppbevare av administrative, juridiske eller sikkerhetsmessige \u00e5rsaker.<\/p>\n\n\n\n<h2 class=\"wp-block-heading\"><span class=\"ez-toc-section\" id=\"Where_we_send_your_data\"><\/span>Hvor vi sender dataene dine<span class=\"ez-toc-section-end\"><\/span><\/h2>\n\n\n\n<p>Bes\u00f8kendes kommentarer kan kontrolleres gjennom en automatisert spamdeteksjonstjeneste.<\/p>","protected":false},"excerpt":{"rendered":"<p>Denne personvernerkl\u00e6ringen er utarbeidet av Coin Kickoff (eid av Brilliant British Ltd, selskapsnummer 10490224 (registrert i England og Wales), registrert kontoradresse: 3rd Floor Great Titchfield House, 14-18 Great Titchfield Street, London, United Kingdom, W1W 8BD.) for bedre \u00e5 kunne betjene de som er bekymret for hvordan deres \"personlig identifiserbare informasjon\" (PII) blir behandlet [...].<\/p>","protected":false},"author":1,"featured_media":0,"parent":0,"menu_order":0,"comment_status":"closed","ping_status":"open","template":"","meta":{"_genesis_hide_title":false,"_genesis_hide_breadcrumbs":false,"_genesis_hide_singular_image":false,"_genesis_hide_footer_widgets":false,"_genesis_custom_body_class":"","_genesis_custom_post_class":"","_genesis_layout":"","_glsr_average":0,"_glsr_ranking":0,"_glsr_reviews":0,"footnotes":""},"class_list":{"0":"post-3","1":"page","2":"type-page","3":"status-publish","5":"entry"},"featured_image_src":null,"featured_image_src_square":null,"_links":{"self":[{"href":"https:\/\/coinkickoff.com\/nb\/wp-json\/wp\/v2\/pages\/3","targetHints":{"allow":["GET"]}}],"collection":[{"href":"https:\/\/coinkickoff.com\/nb\/wp-json\/wp\/v2\/pages"}],"about":[{"href":"https:\/\/coinkickoff.com\/nb\/wp-json\/wp\/v2\/types\/page"}],"author":[{"embeddable":true,"href":"https:\/\/coinkickoff.com\/nb\/wp-json\/wp\/v2\/users\/1"}],"replies":[{"embeddable":true,"href":"https:\/\/coinkickoff.com\/nb\/wp-json\/wp\/v2\/comments?post=3"}],"version-history":[{"count":1,"href":"https:\/\/coinkickoff.com\/nb\/wp-json\/wp\/v2\/pages\/3\/revisions"}],"predecessor-version":[{"id":1779,"href":"https:\/\/coinkickoff.com\/nb\/wp-json\/wp\/v2\/pages\/3\/revisions\/1779"}],"wp:attachment":[{"href":"https:\/\/coinkickoff.com\/nb\/wp-json\/wp\/v2\/media?parent=3"}],"curies":[{"name":"wp","href":"https:\/\/api.w.org\/{rel}","templated":true}]}}