{"id":9,"date":"2026-01-08T14:07:51","date_gmt":"2026-01-08T14:07:51","guid":{"rendered":"https:\/\/coinkickoff.com\/?page_id=9"},"modified":"2026-01-08T14:07:51","modified_gmt":"2026-01-08T14:07:51","slug":"par-mums","status":"publish","type":"page","link":"https:\/\/coinkickoff.com\/lv\/par-mums\/","title":{"rendered":"Par"},"content":{"rendered":"<h1 class=\"wp-block-genesis-blocks-gb-spacer gb-block-spacer gb-divider-solid gb-divider-size-1\" style=\"color: #ddd;\">Par Coin Kickoff\u00a0<\/h1>\r\n<div class=\"wp-block-columns has-2-columns\">\r\n<div class=\"wp-block-column\">\r\n<p>Es izveidoju Coin Kickoff, jo dom\u0101ju, ka kripto\/<a href=\"https:\/\/coinkickoff.com\/lv\/what-is-web-3-0\/\" data-internallinksmanager029f6b8e52c=\"184\" title=\"Kas ir Web 3.0?\">Web3<\/a> ir p\u0101r\u0101k sare\u017e\u0123\u012bta.<\/p>\r\n\r\n\r\n\r\n<p>Mans v\u0101rds ir Ian Wright, un es s\u0101ku nodarboties ar kriptogr\u0101fiju jau agr\u0101k. <strong>2017<\/strong> kad <a href=\"https:\/\/coinkickoff.com\/lv\/bitcoin-btc\/\" data-internallinksmanager029f6b8e52c=\"1\" title=\"Kas ir Bitcoin (BTC)? Cena, v\u0113sture un kur nopirkt\">Bitcoin<\/a> veica savu pirmo bull palaist l\u012bdz gandr\u012bz <strong>$20,000<\/strong> katrs.<\/p>\r\n\r\n\r\n\r\n<p>Man paveic\u0101s, ka taj\u0101 laik\u0101 man patie\u0161\u0101m izdev\u0101s nopeln\u012bt nedaudz naudas. P\u0113c tam es nekav\u0113joties aizmirsu par kriptoval\u016btu.<\/p>\r\n\r\n\r\n\r\n<p>Es uzskat\u012bju, ka burbulis ir izspr\u0101dzis. Man paveic\u0101s, ka izk\u013cuvu no t\u0101, kad izk\u013cuvu.<\/p>\r\n\r\n\r\n\r\n<p>Tas viss \u0161\u0137ita k\u0101 milzu kr\u0101p\u0161ana, kas galu gal\u0101 vienk\u0101r\u0161i pazud\u012bs.<\/p>\r\n\r\n\r\n\r\n<p><strong>Tad notika kaut kas d\u012bvains.<\/strong><\/p>\r\n\r\n\r\n\r\n<p>Ruden\u012b <strong>2020<\/strong> Es atkal s\u0101ku dzird\u0113t cilv\u0113kus run\u0101jam par Bitcoin un kriptogr\u0101fiju.<\/p>\r\n\r\n\r\n\r\n<p>S\u0101kum\u0101 es to noraid\u012bju. Bitcoin bija tik <strong>2017<\/strong>.<\/p>\r\n\r\n\r\n\r\n<p>Turkl\u0101t t\u0101 vienalga bija kr\u0101p\u0161ana.<\/p>\r\n\r\n\r\n\r\n<p>Ta\u010du galu gal\u0101 es p\u0101rdom\u0101ju, kad Bitcoin cena pieauga virs iepriek\u0161\u0113j\u0101s visu laiku augst\u0101k\u0101s v\u0113rt\u012bbas.<\/p>\r\n\r\n\r\n\r\n<p>Manupr\u0101t, tam nevajadz\u0113ja notikt.<\/p>\r\n\r\n\r\n\r\n<p>Es biju un joproj\u0101m esmu skeptisks par Bitcoin, kripto, web3 un Blockchain v\u0113rt\u012bbu.<\/p>\r\n\r\n\r\n\r\n<p>Ta\u010du man vairs ne\u0161\u0137iet, ka t\u0101s dr\u012bzum\u0101 izzud\u012bs.<\/p>\r\n\r\n\r\n\r\n<p><strong>Es pat nol\u0113mu atkal ieguld\u012bt. <\/strong><\/p>\r\n\r\n\r\n\r\n<p>Ta\u010du at\u0161\u0137ir\u012bb\u0101 no iepriek\u0161\u0113j\u0101s reizes es zaud\u0113ju naudu. Bu\u013c\u013cu tirg\u016b!<\/p>\r\n\r\n\r\n\r\n<p>T\u0101p\u0113c es nol\u0113mu izgl\u012btoties.<\/p>\r\n\r\n\r\n\r\n<p>T\u0101p\u0113c es izveidoju Coin Kickoff.<\/p>\r\n\r\n\r\n\r\n<p>M\u0113r\u0137is ir vienk\u0101r\u0161s: izskaidrot, kas ir da\u017e\u0101di coin, ko tie dara un kur tos ieg\u0101d\u0101ties.<\/p>\r\n\r\n\r\n\r\n<p>Tas viss vienk\u0101r\u0161\u0101 un viegli saprotam\u0101 veid\u0101.<\/p>\r\n\r\n\r\n\r\n<p>Un, lai b\u016btu skaidrs, man nav ne jausmas, ko es daru. Nekas \u0161aj\u0101 t\u012bmek\u013ca vietn\u0113 nav j\u0101uztver k\u0101 jebk\u0101da veida ieguld\u012bjumu veicin\u0101\u0161ana.<\/p>\r\n\r\n\r\n\r\n<p>Es sagaidu, ka liel\u0101k\u0101 da\u013ca coin <strong>b\u016bs nulle<\/strong>.<\/p>\r\n\r\n\r\n\r\n<p>Uzskatiet Coin Kickoff par s\u0101kumpunktu, lai uzzin\u0101tu v\u0113l vair\u0101k par da\u017e\u0101d\u0101m kriptoval\u016btu iesp\u0113j\u0101m.<\/p>\r\n\r\n\r\n\r\n<p>Visi amati un ce\u013cve\u017ei ir paredz\u0113ti tikai informat\u012bviem nol\u016bkiem.<\/p>\r\n\r\n\r\n\r\n<p>Un nekad neieguldiet vair\u0101k naudas, nek\u0101 varat at\u013cauties zaud\u0113t.<\/p>\r\n\r\n\r\n\r\n<p>&nbsp;<\/p>\r\n<\/div>\r\n<!-- \/wp:post-content --><\/div>\r\n<!-- \/wp:columns -->\r\n\r\n<!-- wp:paragraph -->\r\n<p>&nbsp;<\/p>\r\n<!-- \/wp:paragraph -->","protected":false},"excerpt":{"rendered":"<p>Mans v\u0101rds ir Ians Raits, un es s\u0101ku nodarboties ar kriptonauda dar\u012b\u0161anu 2017. gad\u0101, kad Bitcoin pirmo reizi sasniedza gandr\u012bz $20 000. Man paveic\u0101s, ka taj\u0101 laik\u0101 man patie\u0161\u0101m izdev\u0101s nedaudz nopeln\u012bt. P\u0113c tam es nekav\u0113joties aizmirsu par kripto. Es uzskat\u012bju, ka burbulis ir uzspr\u0101dzis. I [...]<\/p>","protected":false},"author":1,"featured_media":10,"parent":0,"menu_order":0,"comment_status":"closed","ping_status":"closed","template":"","meta":{"_genesis_hide_title":true,"_genesis_hide_breadcrumbs":true,"_genesis_hide_singular_image":true,"_genesis_hide_footer_widgets":false,"_genesis_custom_body_class":"","_genesis_custom_post_class":"","_genesis_layout":"full-width-content","_glsr_average":0,"_glsr_ranking":0,"_glsr_reviews":0,"footnotes":""},"class_list":{"0":"post-9","1":"page","2":"type-page","3":"status-publish","4":"has-post-thumbnail","6":"entry"},"featured_image_src":"https:\/\/coinkickoff.com\/wp-content\/uploads\/2022\/03\/about-600x400.jpg","featured_image_src_square":"https:\/\/coinkickoff.com\/wp-content\/uploads\/2022\/03\/about-600x600.jpg","_links":{"self":[{"href":"https:\/\/coinkickoff.com\/lv\/wp-json\/wp\/v2\/pages\/9","targetHints":{"allow":["GET"]}}],"collection":[{"href":"https:\/\/coinkickoff.com\/lv\/wp-json\/wp\/v2\/pages"}],"about":[{"href":"https:\/\/coinkickoff.com\/lv\/wp-json\/wp\/v2\/types\/page"}],"author":[{"embeddable":true,"href":"https:\/\/coinkickoff.com\/lv\/wp-json\/wp\/v2\/users\/1"}],"replies":[{"embeddable":true,"href":"https:\/\/coinkickoff.com\/lv\/wp-json\/wp\/v2\/comments?post=9"}],"version-history":[{"count":6,"href":"https:\/\/coinkickoff.com\/lv\/wp-json\/wp\/v2\/pages\/9\/revisions"}],"predecessor-version":[{"id":79,"href":"https:\/\/coinkickoff.com\/lv\/wp-json\/wp\/v2\/pages\/9\/revisions\/79"}],"wp:featuredmedia":[{"embeddable":true,"href":"https:\/\/coinkickoff.com\/lv\/wp-json\/wp\/v2\/media\/10"}],"wp:attachment":[{"href":"https:\/\/coinkickoff.com\/lv\/wp-json\/wp\/v2\/media?parent=9"}],"curies":[{"name":"wp","href":"https:\/\/api.w.org\/{rel}","templated":true}]}}