{"id":812,"date":"2026-01-08T14:06:26","date_gmt":"2026-01-08T14:06:26","guid":{"rendered":"https:\/\/coinkickoff.com\/?page_id=812"},"modified":"2026-01-08T14:06:26","modified_gmt":"2026-01-08T14:06:26","slug":"prices-jpy","status":"publish","type":"page","link":"https:\/\/coinkickoff.com\/lv\/prices\/prices-jpy\/","title":{"rendered":"Top 100 Live Cryptocurrency Cenas Jap\u0101nas jenas (JPY)"},"content":{"rendered":"<p>Skatiet re\u0101llaika cenu atjaunin\u0101jumus Jap\u0101nas jen\u0101s (JPY) par <a href=\"https:\/\/coinkickoff.com\/lv\/bitcoin-btc\/\" data-internallinksmanager029f6b8e52c=\"1\" title=\"Kas ir Bitcoin (BTC)? Cena, v\u0113sture un kur nopirkt\">bitcoin<\/a> un citas 100 lab\u0101k\u0101s kriptoval\u016btas zem\u0101k. <\/p>\n<!-- Cryptocurrency Widgets PRO 4.1.2  !--><div  class=\"ccpw-widget\" id=\"ccpw-list-widget-1305\" ><div class=\"ccpw_react_widget\" id=\"ccpw_react_widgets_13051842851680\" data-attribute=\"{&quot;type&quot;:&quot;list-widget&quot;,&quot;selected_currency&quot;:&quot;JPY&quot;,&quot;design&quot;:&quot;style-4&quot;,&quot;header&quot;:&quot;&quot;,&quot;show_chart&quot;:&quot;&quot;,&quot;custom_currency&quot;:&quot;&quot;,&quot;show_coins&quot;:&quot;100&quot;,&quot;MbFormating&quot;:&quot;on&quot;,&quot;live_changes&quot;:&quot;&quot;,&quot;display_changes&quot;:&quot;on&quot;}\"><\/div><\/div><style type='text\/css'>\r\n\t\t\t  .ccpw-widget #ccpw-list-widget-1305{background-color:#ffffff;color:#000;}\r\n\t\t\t  .ccpw-widget .ccpw_table tr #ccpw-list-widget-1305 {background-color:#ffffff;}\r\n\t\t\t  .ccpw-widget #ccpw-list-widget-1305.table {background-color:#ffffff;color:#000; box-shadow:inset 0px 0px 0px 3px rgba(0,0,0,0.25);}\r\n\t\t\t  #ccpw-list-widget-1305 .ccpw_table > tbody > tr > td,\r\n\t\t\t  #ccpw-list-widget-1305 .ccpw_table > tbody > tr > td .ticker-price,\r\n\t\t\t  #ccpw-list-widget-1305 .ccpw_table > tbody > tr > td.price,\r\n\t\t\t  #ccpw-list-widget-1305 .ccpw_table.table tr ,\r\n\t\t\t  #ccpw-list-widget-1305 .ccpw_table.table > thead > tr > th {border-color:rgba(0,0,0,0.25) !important;color:#000;background-color:#ffffff;}\r\n\t\t\t   .ccpw_table span.symbol { position:initial !Important; }<\/style>\n<div class=\"cg-choice-box-six   cg-blue\" ><div class=\"cg-cb-row\"><div class=\"cg-cb-items\" id=\"product-265843\"><div class=\"cg-cb-top-head\"><div class=\"cg-cb-top-pick\">Liel\u0101k\u0101 da\u013ca Coins<\/div><\/div><a href=\"https:\/\/accounts.binance.com\/register?ref=BLJQ60RW\" target=\"_blank\" rel=\"nofollow noopener\" class=\"cg-aff-link cg-cb-img\" data-post-title=\"Binance\" data-aff-link=\"https:\/\/accounts.binance.com\/register?ref=BLJQ60RW\" data-post-type=\"top\" data-post-id=\"127750\"><img decoding=\"async\" src=\"https:\/\/coinkickoff.com\/wp-content\/uploads\/2022\/10\/Binance_logo.png\" class=\"cg-img-1\" alt=\"Binance\" style=\"\"><\/a><div class=\"cg-cb-title\"><a href=\"https:\/\/accounts.binance.com\/register?ref=BLJQ60RW\" class=\"cg-aff-link\" data-post-id=\"127750\" data-post-type=\"top\" data-aff-link=\"https:\/\/accounts.binance.com\/register?ref=BLJQ60RW\" data-post-title=\"Binance\" target=\"\" rel=\"nofollow noopener\">Binance<\/a><\/span><\/div><div class=\"cg-cb-content\"><ul><li><strong>350+<\/strong> Uzskait\u012bt\u0101s kriptoval\u016btas<\/li><li><strong>&lt;0.10%<\/strong> Dar\u012bjumu maksas<\/li><li><strong>120 miljoni<\/strong> Re\u0123istr\u0113tie lietot\u0101ji<\/li><li>Dro\u0161s akt\u012bvu fonds lietot\u0101jiem<\/li><li>Pe\u013c\u0146a no noguld\u012bjumiem<\/li><\/ul><\/div><div class=\"cg-cb-btn\"><span class='cta-copy'><a href=\"https:\/\/accounts.binance.com\/register?ref=BLJQ60RW\" class=\"cg-one-button cg-btn cg-red  cg-aff-link cg-btn-lg\" data-post-id=\"127750\" data-post-type=\"top\" data-aff-link=\"https:\/\/accounts.binance.com\/register?ref=BLJQ60RW\" data-style=\"default\" data-post-title=\"Binance\" data-extra=\"arrow\" style=\"\" target=\"\" rel=\"nofollow noopener\">S\u0101kt<\/a><\/span><\/span><\/div><\/div><div class=\"cg-cb-items\" id=\"product-265829\"><div class=\"cg-cb-top-head\"><div class=\"cg-cb-top-pick\">Liel\u0101k\u0101 da\u013ca valstu<\/div><\/div><a href=\"https:\/\/kraken.pxf.io\/756J3y\" target=\"_blank\" rel=\"nofollow noopener\" class=\"cg-aff-link cg-cb-img\" data-post-title=\"Kraken\" data-aff-link=\"https:\/\/kraken.pxf.io\/756J3y\" data-post-type=\"top\" data-post-id=\"127750\"><img decoding=\"async\" src=\"https:\/\/coinkickoff.com\/wp-content\/uploads\/Kraken-logo.webp\" class=\"cg-img-1\" alt=\"Krakens\" style=\"\"><\/a><div class=\"cg-cb-title\"><a href=\"https:\/\/kraken.pxf.io\/756J3y\" class=\"cg-aff-link\" data-post-id=\"127750\" data-post-type=\"top\" data-aff-link=\"https:\/\/kraken.pxf.io\/756J3y\" data-post-title=\"Kraken\" target=\"\" rel=\"nofollow noopener\">Krakens<\/a><\/span><\/div><div class=\"cg-cb-content\"><ul><li>ASV b\u0101z\u0113ta<\/li><li>S\u0101ciet ar tik maz <strong>$10<\/strong><\/li><li>Pirkt un p\u0101rdot <strong>200+<\/strong> kriptoval\u016btas<\/li><li>Pro risin\u0101jums liel\u0101kiem tirgot\u0101jiem<\/li><li>Pieejams <strong>190+<\/strong> valstis<\/li><\/ul><\/div><div class=\"cg-cb-btn\"><span class='cta-copy'><a href=\"https:\/\/kraken.pxf.io\/756J3y\" class=\"cg-one-button cg-btn cg-red  cg-aff-link cg-btn-lg\" data-post-id=\"127750\" data-post-type=\"top\" data-aff-link=\"https:\/\/kraken.pxf.io\/756J3y\" data-style=\"default\" data-post-title=\"Kraken\" data-extra=\"arrow\" style=\"\" target=\"\" rel=\"nofollow noopener\">S\u0101kt<\/a><\/span><\/span><\/div><\/div><div class=\"cg-cb-items\" id=\"product-265822\"><div class=\"cg-cb-top-head\"><div class=\"cg-cb-top-pick\">ASV b\u0101z\u0113ta<\/div><\/div><a href=\"https:\/\/coinbase-consumer.sjv.io\/ORPoaG\" target=\"_blank\" rel=\"nofollow noopener\" class=\"cg-aff-link cg-cb-img\" data-post-title=\"Coinbase\" data-aff-link=\"https:\/\/coinbase-consumer.sjv.io\/ORPoaG\" data-post-type=\"top\" data-post-id=\"127750\"><img decoding=\"async\" src=\"https:\/\/coinkickoff.com\/wp-content\/uploads\/2022\/10\/Coinbase.png\" class=\"cg-img-1\" alt=\"Coinbase\" style=\"\"><\/a><div class=\"cg-cb-title\"><a href=\"https:\/\/coinbase-consumer.sjv.io\/ORPoaG\" class=\"cg-aff-link\" data-post-id=\"127750\" data-post-type=\"top\" data-aff-link=\"https:\/\/coinbase-consumer.sjv.io\/ORPoaG\" data-post-title=\"Coinbase\" target=\"\" rel=\"nofollow noopener\">Coinbase<\/a><\/span><\/div><div class=\"cg-cb-content\"><ul><li><strong>200+<\/strong> Uzskait\u012bt\u0101s kriptoval\u016btas<\/li><li>Sa\u0146emiet kriptoval\u016btu p\u0113c pirm\u0101s pirk\u0161anas<\/li><li>Aizsarg\u0101ts ar apdro\u0161in\u0101\u0161anu&nbsp;<\/li><li>Dro\u0161a uzglab\u0101\u0161ana ar seifa aizsardz\u012bbu<\/li><li>Uzticam\u0101k\u0101 kriptoval\u016btas platforma<\/li><\/ul><\/div><div class=\"cg-cb-btn\"><span class='cta-copy'><a href=\"https:\/\/coinbase-consumer.sjv.io\/ORPoaG\" class=\"cg-one-button cg-btn cg-red  cg-aff-link cg-btn-lg\" data-post-id=\"127750\" data-post-type=\"top\" data-aff-link=\"https:\/\/coinbase-consumer.sjv.io\/ORPoaG\" data-style=\"default\" data-post-title=\"Coinbase\" data-extra=\"arrow\" style=\"\" target=\"\" rel=\"nofollow noopener\">S\u0101kt<\/a><\/span><\/span><\/div><\/div><\/div><\/div>\n\n<h2>Kriptoval\u016btu cenu kalkulators (JPY)<\/h2>\n<p>Izmantojiet zem\u0101k eso\u0161o kalkulatoru, lai uzzin\u0101tu re\u0101l\u0101 laika mai\u0146as kursu starp JPY un daudz\u0101m popul\u0101r\u0101m kriptoval\u016bt\u0101m.<\/p>\n<div class=\"ccpw_react_widget ccpw_calculator\" id=\"ccpw_react_widgets_1306_69d5f2f50dad6\" data-attribute=\"{&quot;type&quot;:&quot;calculator&quot;,&quot;baseCurrency&quot;:&quot;bitcoin&quot;,&quot;targetCurrency&quot;:&quot;JPY&quot;}\"><\/div><style type='text\/css'>\r\n\t\t\t  #ccpw_react_widgets_1306 .ccpw-Converter {\r\n\t\t\t\t  background-color: #ffffff;\r\n\t\t\t\t  color: #000;\r\n\t\t\t  }<\/style>\n<h2>Cenu izmai\u0146u karstumkarte: Top 20 kriptoval\u016btas<\/h2>\n<!-- Cryptocurrency Widgets PRO 4.1.2  !--><div class=\"ccpw-coingecko-widget\" style=\"width:100%;\"> \r\n    <gecko-coin-heatmap-widget  height=\"400\"  locale=\"en\" outlined=\"true\" top=\"20\"><\/gecko-coin-heatmap-widget>\r\n    <\/div><style type='text\/css'><\/style>\n<p>Cenas skatiet ar\u012b:<\/p>\n<ul>\n<li> <a href=\"https:\/\/coinkickoff.com\/lv\/prices\/\">ASV dol\u0101ri (USD)<\/a><\/li>\n<li> <a href=\"https:\/\/coinkickoff.com\/lv\/prices\/prices-euros\/\">Euro (EUD)<\/li>\n<li> <a href=\"https:\/\/coinkickoff.com\/lv\/prices\/prices-gbp\/\">Lielbrit\u0101nijas sterli\u0146u m\u0101rci\u0146as (GBP)<\/a><\/li>\n<li> <a href=\"https:\/\/coinkickoff.com\/lv\/prices\/prices-cad\/\">Kan\u0101das dol\u0101ri (CAD)<\/a><\/li>\n<li> <a href=\"https:\/\/coinkickoff.com\/lv\/prices\/prices-aud\/\" data-internallinksmanager029f6b8e52c=\"116\" title=\"Top 100 Live Cryptocurrency Cenas Austr\u0101lijas dol\u0101ri (AUD)\">Austr\u0101lijas dol\u0101ri (AUD)<\/a><\/li>\n<li> Jap\u0101nas jena (JPY)<\/li>\n<li> <a href=\"https:\/\/coinkickoff.com\/lv\/prices\/prices-mxn\/\" data-internallinksmanager029f6b8e52c=\"119\" title=\"Top 100 Live kriptonauda cenas Meksikas peso (MXN)\">Meksikas peso (MXN)<\/a><\/li>\n<li> <a href=\"https:\/\/coinkickoff.com\/lv\/prices\/prices-brl\/\" data-internallinksmanager029f6b8e52c=\"120\" title=\"Top 100 Live Cryptocurrency Cenas Braz\u012blijas Real (BRL)\">Braz\u012blijas re\u0101ls (BRL)<\/a><\/li>\n<li> <a href=\"https:\/\/coinkickoff.com\/lv\/prices\/prices-cny\/\" data-internallinksmanager029f6b8e52c=\"121\" title=\"Top 100 Live Cryptocurrency cenas \u0136\u012bnas renminbi (CNY)\">\u0136\u012bnas renminbi (CNY)<\/a><\/li>\n<li> <a href=\"https:\/\/coinkickoff.com\/lv\/prices\/prices-chf\/\" data-internallinksmanager029f6b8e52c=\"122\" title=\"Top 100 Live Cryptocurrency cenas \u0160veices frankos (CHF)\">\u0160veices franks (CHF)<\/a><\/li>\n<li> <a href=\"https:\/\/coinkickoff.com\/lv\/prices\/prices-hkd\/\" data-internallinksmanager029f6b8e52c=\"123\" title=\"Top 100 Live Cryptocurrency cenas Honkongas dol\u0101ros (HKD)\">Honkongas dol\u0101ri (HKD)<\/a><\/li>\n<li> <a href=\"https:\/\/coinkickoff.com\/lv\/prices\/prices-sgd\/\" data-internallinksmanager029f6b8e52c=\"124\" title=\"Top 100 Live Cryptocurrency cenas Singap\u016bras dol\u0101ru (SGD)\">Singap\u016bras dol\u0101rs (SGD)<\/a><\/li>\n<li> <a href=\"https:\/\/coinkickoff.com\/lv\/prices\/prices-sek\/\" data-internallinksmanager029f6b8e52c=\"125\" title=\"Top 100 Live Cryptocurrency cenas Zviedrijas kron\u0101s (SEK)\">Zviedrijas kronas (SEK)<\/a><\/li>\n<li> <a href=\"https:\/\/coinkickoff.com\/lv\/prices\/prices-nzd\/\" data-internallinksmanager029f6b8e52c=\"126\" title=\"Top 100 Live Cryptocurrency cenas Jaunz\u0113landes dol\u0101ru (NZD)\">Jaunz\u0113landes dol\u0101rs (NZD)<\/a><\/li>\n<li> <a href=\"https:\/\/coinkickoff.com\/lv\/prices\/prices-inr\/\" data-internallinksmanager029f6b8e52c=\"127\" title=\"Top 100 Live Cryptocurrency cenas Indijas r\u016bpij\u0101s (INR)\">Indijas r\u016bpija (INR)<\/a><\/li>\n<li> <a href=\"https:\/\/coinkickoff.com\/lv\/prices\/prices-twd\/\" data-internallinksmanager029f6b8e52c=\"128\" title=\"Top 100 Live Cryptocurrency Cenas Jaunaj\u0101 Taiv\u0101nas dol\u0101ru (TWD)\">Jaunie Taiv\u0101nas dol\u0101ri (TWD)<\/a><\/li>\n<li> <a href=\"https:\/\/coinkickoff.com\/lv\/prices\/prices-zar\/\" data-internallinksmanager029f6b8e52c=\"129\" title=\"Top 100 Live Cryptocurrency Cenas Dienvid\u0101frikas Randu (ZAR)\">Dienvid\u0101frikas rands (ZAR)<\/a><\/li>\n<li> <a href=\"https:\/\/coinkickoff.com\/lv\/prices\/prices-dkk\/\" data-internallinksmanager029f6b8e52c=\"130\" title=\"Top 100 Live Cryptocurrency cenas D\u0101nijas kron\u0101s (DKK)\">D\u0101nijas krona (DKK)<\/a><\/li>\n<li> <a href=\"https:\/\/coinkickoff.com\/lv\/prices\/prices-pln\/\" data-internallinksmanager029f6b8e52c=\"131\" title=\"Top 100 Live Cryptocurrency cenas Polijas zlots (PLN)\">Polijas zlots (PLN)<\/a><\/li>\n<li> <a href=\"https:\/\/coinkickoff.com\/lv\/prices\/prices-czk\/\" data-internallinksmanager029f6b8e52c=\"132\" title=\"Top 100 Live Cryptocurrency cenas \u010cehijas kronas (CZK)\">\u010cehijas kronas (CZK)<\/a><\/li>\n<li> <a href=\"https:\/\/coinkickoff.com\/lv\/prices\/prices-huf\/\" data-internallinksmanager029f6b8e52c=\"133\" title=\"Top 100 Live Cryptocurrency Cenas Ung\u0101rijas forintu (HUF)\">Ung\u0101rijas forints (HUF)<\/a><\/li>\n<li> <a href=\"https:\/\/coinkickoff.com\/lv\/prices\/prices-rub\/\" data-internallinksmanager029f6b8e52c=\"134\" title=\"Top 100 Live Cryptocurrency cenas Krievijas rublis (RUB)\">Krievijas rublis (RUB)<\/a><\/li>\n<\/ul>","protected":false},"excerpt":{"rendered":"<p>Skatiet re\u0101llaika cenas atjaunin\u0101jumus Jap\u0101nas jen\u0101 (JPY) bitcoin un p\u0101r\u0113j\u0101s 100 lab\u0101k\u0101s kriptoval\u016btas zem\u0101k. Kriptoval\u016btu cenu kalkulators (JPY) Izmantojiet zem\u0101k eso\u0161o kalkulatoru, lai uzzin\u0101tu re\u0101llaika mai\u0146as kursu starp JPY un daudz\u0101m popul\u0101r\u0101m kriptoval\u016bt\u0101m Cenu izmai\u0146u karstuma karte: 20 popul\u0101r\u0101k\u0101s kriptoval\u016btas Cenas skat\u012bt ar\u012b: ASV dol\u0101ri (USD) Eiro (EUD) Lielbrit\u0101nijas sterli\u0146u m\u0101rci\u0146as (GBP) Kan\u0101das [...]<\/p>","protected":false},"author":1,"featured_media":738,"parent":708,"menu_order":0,"comment_status":"closed","ping_status":"closed","template":"","meta":{"_genesis_hide_title":false,"_genesis_hide_breadcrumbs":false,"_genesis_hide_singular_image":false,"_genesis_hide_footer_widgets":false,"_genesis_custom_body_class":"","_genesis_custom_post_class":"","_genesis_layout":"","_glsr_average":0,"_glsr_ranking":0,"_glsr_reviews":0,"footnotes":""},"class_list":{"0":"post-812","1":"page","2":"type-page","3":"status-publish","4":"has-post-thumbnail","6":"entry"},"featured_image_src":"https:\/\/coinkickoff.com\/wp-content\/uploads\/crypto-prices-600x400.jpg","featured_image_src_square":"https:\/\/coinkickoff.com\/wp-content\/uploads\/crypto-prices-600x586.jpg","_links":{"self":[{"href":"https:\/\/coinkickoff.com\/lv\/wp-json\/wp\/v2\/pages\/812","targetHints":{"allow":["GET"]}}],"collection":[{"href":"https:\/\/coinkickoff.com\/lv\/wp-json\/wp\/v2\/pages"}],"about":[{"href":"https:\/\/coinkickoff.com\/lv\/wp-json\/wp\/v2\/types\/page"}],"author":[{"embeddable":true,"href":"https:\/\/coinkickoff.com\/lv\/wp-json\/wp\/v2\/users\/1"}],"replies":[{"embeddable":true,"href":"https:\/\/coinkickoff.com\/lv\/wp-json\/wp\/v2\/comments?post=812"}],"version-history":[{"count":5,"href":"https:\/\/coinkickoff.com\/lv\/wp-json\/wp\/v2\/pages\/812\/revisions"}],"predecessor-version":[{"id":1308,"href":"https:\/\/coinkickoff.com\/lv\/wp-json\/wp\/v2\/pages\/812\/revisions\/1308"}],"up":[{"embeddable":true,"href":"https:\/\/coinkickoff.com\/lv\/wp-json\/wp\/v2\/pages\/708"}],"wp:featuredmedia":[{"embeddable":true,"href":"https:\/\/coinkickoff.com\/lv\/wp-json\/wp\/v2\/media\/738"}],"wp:attachment":[{"href":"https:\/\/coinkickoff.com\/lv\/wp-json\/wp\/v2\/media?parent=812"}],"curies":[{"name":"wp","href":"https:\/\/api.w.org\/{rel}","templated":true}]}}