{"id":4628,"date":"2026-01-08T14:08:02","date_gmt":"2026-01-08T14:08:02","guid":{"rendered":"https:\/\/coinkickoff.com\/?page_id=4628"},"modified":"2026-01-08T14:08:02","modified_gmt":"2026-01-08T14:08:02","slug":"how-are-bitcoin-slots-different","status":"publish","type":"page","link":"https:\/\/coinkickoff.com\/lv\/bitcoin-casino\/how-are-bitcoin-slots-different\/","title":{"rendered":"Ar ko Bitcoin sp\u0113\u013cu autom\u0101ti at\u0161\u0137iras no tradicion\u0101lajiem kazino sp\u0113\u013cu autom\u0101tiem?"},"content":{"rendered":"<p><em>Atruna: Azartsp\u0113les ir saist\u012btas ar iev\u0113rojamu finansi\u0101lu risku. L\u016bdzu, sp\u0113l\u0113jiet tikai ar naudu, kuru varat at\u013cauties zaud\u0113t. Turpm\u0101k sniegt\u0101 inform\u0101cija ir tikai informat\u012bvos nol\u016bkos. M\u0113s varam sa\u0146emt komisijas maksu, ja j\u016bs re\u0123istr\u0113jaties un zaud\u0113jat naudu k\u0101d\u0101 no turpm\u0101k min\u0113taj\u0101m sp\u0113l\u0113m. <a href=\"https:\/\/coinkickoff.com\/lv\/bitcoin-casino\/\" data-internallinksmanager029f6b8e52c=\"200\" title=\"3 lab\u0101kie Bitcoin kriptonauda kazino ar bonusiem\">kazino<\/a>. Ne visi kazino ir pieejami vis\u0101s valst\u012bs. M\u0113s uzskat\u0101m, ka visa inform\u0101cija ir pareiza public\u0113\u0161anas br\u012bd\u012b, ta\u010du t\u0101 var b\u016bt main\u012bjusies.<\/em><\/p>\n<div id=\"ez-toc-container\" class=\"ez-toc-v2_0_80 counter-hierarchy ez-toc-counter ez-toc-transparent ez-toc-container-direction\">\n<div class=\"ez-toc-title-container\">\n<p class=\"ez-toc-title\" style=\"cursor:inherit\">Sada\u013cas<\/p>\n<span class=\"ez-toc-title-toggle\"><a href=\"#\" class=\"ez-toc-pull-right ez-toc-btn ez-toc-btn-xs ez-toc-btn-default ez-toc-toggle\" aria-label=\"P\u0101rsl\u0113gt satura tabulu\"><span class=\"ez-toc-js-icon-con\"><span class=\"\"><span class=\"eztoc-hide\" style=\"display:none;\">P\u0101rsl\u0113gt<\/span><span class=\"ez-toc-icon-toggle-span\"><svg style=\"fill: #999;color:#999\" xmlns=\"http:\/\/www.w3.org\/2000\/svg\" class=\"list-377408\" width=\"20px\" height=\"20px\" viewbox=\"0 0 24 24\" fill=\"none\"><path d=\"M6 6H4v2h2V6zm14 0H8v2h12V6zM4 11h2v2H4v-2zm16 0H8v2h12v-2zM4 16h2v2H4v-2zm16 0H8v2h12v-2z\" fill=\"currentColor\"><\/path><\/svg><svg style=\"fill: #999;color:#999\" class=\"arrow-unsorted-368013\" xmlns=\"http:\/\/www.w3.org\/2000\/svg\" width=\"10px\" height=\"10px\" viewbox=\"0 0 24 24\" version=\"1.2\" baseprofile=\"tiny\"><path d=\"M18.2 9.3l-6.2-6.3-6.2 6.3c-.2.2-.3.4-.3.7s.1.5.3.7c.2.2.4.3.7.3h11c.3 0 .5-.1.7-.3.2-.2.3-.5.3-.7s-.1-.5-.3-.7zM5.8 14.7l6.2 6.3 6.2-6.3c.2-.2.3-.5.3-.7s-.1-.5-.3-.7c-.2-.2-.4-.3-.7-.3h-11c-.3 0-.5.1-.7.3-.2.2-.3.5-.3.7s.1.5.3.7z\"\/><\/svg><\/span><\/span><\/span><\/a><\/span><\/div>\n<nav><ul class='ez-toc-list ez-toc-list-level-1 eztoc-toggle-hide-by-default' ><li class='ez-toc-page-1 ez-toc-heading-level-2'><a class=\"ez-toc-link ez-toc-heading-1\" href=\"https:\/\/coinkickoff.com\/lv\/bitcoin-casino\/how-are-bitcoin-slots-different\/#Overview_of_Bitcoin_Slots\" >Bitcoin slotu p\u0101rskats<\/a><ul class='ez-toc-list-level-3' ><li class='ez-toc-heading-level-3'><a class=\"ez-toc-link ez-toc-heading-2\" href=\"https:\/\/coinkickoff.com\/lv\/bitcoin-casino\/how-are-bitcoin-slots-different\/#Definition_of_Bitcoin_Slots\" >Bitcoin slotu defin\u012bcija<\/a><\/li><li class='ez-toc-page-1 ez-toc-heading-level-3'><a class=\"ez-toc-link ez-toc-heading-3\" href=\"https:\/\/coinkickoff.com\/lv\/bitcoin-casino\/how-are-bitcoin-slots-different\/#Primary_Characteristics\" >Prim\u0101rais raksturojums<\/a><\/li><li class='ez-toc-page-1 ez-toc-heading-level-3'><a class=\"ez-toc-link ez-toc-heading-4\" href=\"https:\/\/coinkickoff.com\/lv\/bitcoin-casino\/how-are-bitcoin-slots-different\/#Comparison_with_Traditional_Slots\" >Sal\u012bdzin\u0101jums ar tradicion\u0101lajiem sp\u0113\u013cu autom\u0101tiem<\/a><\/li><\/ul><\/li><li class='ez-toc-page-1 ez-toc-heading-level-2'><a class=\"ez-toc-link ez-toc-heading-5\" href=\"https:\/\/coinkickoff.com\/lv\/bitcoin-casino\/how-are-bitcoin-slots-different\/#Operational_Mechanisms\" >Darb\u012bbas meh\u0101nismi<\/a><ul class='ez-toc-list-level-3' ><li class='ez-toc-heading-level-3'><a class=\"ez-toc-link ez-toc-heading-6\" href=\"https:\/\/coinkickoff.com\/lv\/bitcoin-casino\/how-are-bitcoin-slots-different\/#Underlying_Technology\" >Pamattehnolo\u0123ija<\/a><\/li><li class='ez-toc-page-1 ez-toc-heading-level-3'><a class=\"ez-toc-link ez-toc-heading-7\" href=\"https:\/\/coinkickoff.com\/lv\/bitcoin-casino\/how-are-bitcoin-slots-different\/#Random_Number_Generation\" >Nejau\u0161o skait\u013cu \u0123ener\u0113\u0161ana<\/a><\/li><li class='ez-toc-page-1 ez-toc-heading-level-3'><a class=\"ez-toc-link ez-toc-heading-8\" href=\"https:\/\/coinkickoff.com\/lv\/bitcoin-casino\/how-are-bitcoin-slots-different\/#Transaction_Process\" >Dar\u012bjuma process<\/a><\/li><\/ul><\/li><li class='ez-toc-page-1 ez-toc-heading-level-2'><a class=\"ez-toc-link ez-toc-heading-9\" href=\"https:\/\/coinkickoff.com\/lv\/bitcoin-casino\/how-are-bitcoin-slots-different\/#User_Experience_and_Accessibility\" >Lietot\u0101ja pieredze un pieejam\u012bba<\/a><ul class='ez-toc-list-level-3' ><li class='ez-toc-heading-level-3'><a class=\"ez-toc-link ez-toc-heading-10\" href=\"https:\/\/coinkickoff.com\/lv\/bitcoin-casino\/how-are-bitcoin-slots-different\/#Interface_and_Design_Differences\" >Saskarnes un dizaina at\u0161\u0137ir\u012bbas<\/a><\/li><li class='ez-toc-page-1 ez-toc-heading-level-3'><a class=\"ez-toc-link ez-toc-heading-11\" href=\"https:\/\/coinkickoff.com\/lv\/bitcoin-casino\/how-are-bitcoin-slots-different\/#Payment_and_Withdrawal_Methods\" >Maks\u0101jumu un iz\u0146em\u0161anas metodes<\/a><\/li><li class='ez-toc-page-1 ez-toc-heading-level-3'><a class=\"ez-toc-link ez-toc-heading-12\" href=\"https:\/\/coinkickoff.com\/lv\/bitcoin-casino\/how-are-bitcoin-slots-different\/#Anonymity_and_Security\" >Anonimit\u0101te un dro\u0161\u012bba<\/a><\/li><\/ul><\/li><li class='ez-toc-page-1 ez-toc-heading-level-2'><a class=\"ez-toc-link ez-toc-heading-13\" href=\"https:\/\/coinkickoff.com\/lv\/bitcoin-casino\/how-are-bitcoin-slots-different\/#Frequently_Asked_Questions\" >Bie\u017e\u0101k uzdotie jaut\u0101jumi<\/a><ul class='ez-toc-list-level-3' ><li class='ez-toc-heading-level-3'><a class=\"ez-toc-link ez-toc-heading-14\" href=\"https:\/\/coinkickoff.com\/lv\/bitcoin-casino\/how-are-bitcoin-slots-different\/#What_advantages_do_Bitcoin_slots_offer_over_traditional_slot_machines\" >K\u0101das ir Bitcoin sp\u0113\u013cu autom\u0101tu priek\u0161roc\u012bbas sal\u012bdzin\u0101jum\u0101 ar tradicion\u0101lajiem sp\u0113\u013cu autom\u0101tiem?<\/a><\/li><li class='ez-toc-page-1 ez-toc-heading-level-3'><a class=\"ez-toc-link ez-toc-heading-15\" href=\"https:\/\/coinkickoff.com\/lv\/bitcoin-casino\/how-are-bitcoin-slots-different\/#How_do_crypto-based_slot_games_ensure_fairness\" >K\u0101 uz kriptoval\u016bt\u0101m balst\u012bt\u0101s sp\u0113\u013cu autom\u0101tu sp\u0113les nodro\u0161ina god\u012bgumu?<\/a><\/li><li class='ez-toc-page-1 ez-toc-heading-level-3'><a class=\"ez-toc-link ez-toc-heading-16\" href=\"https:\/\/coinkickoff.com\/lv\/bitcoin-casino\/how-are-bitcoin-slots-different\/#Can_players_use_Bitcoin_on_all_online_slot_platforms\" >Vai sp\u0113l\u0113t\u0101ji var izmantot Bitcoin vis\u0101s tie\u0161saistes sp\u0113\u013cu autom\u0101tu platform\u0101s?<\/a><\/li><li class='ez-toc-page-1 ez-toc-heading-level-3'><a class=\"ez-toc-link ez-toc-heading-17\" href=\"https:\/\/coinkickoff.com\/lv\/bitcoin-casino\/how-are-bitcoin-slots-different\/#What_are_the_legal_implications_of_using_Bitcoin_for_gambling\" >K\u0101das ir Bitcoin izmanto\u0161anas azartsp\u0113l\u0113m juridisk\u0101s sekas?<\/a><\/li><li class='ez-toc-page-1 ez-toc-heading-level-3'><a class=\"ez-toc-link ez-toc-heading-18\" href=\"https:\/\/coinkickoff.com\/lv\/bitcoin-casino\/how-are-bitcoin-slots-different\/#Why_might_Bitcoin_slots_offer_more_privacy_than_regular_slots\" >K\u0101p\u0113c Bitcoin sp\u0113\u013cu autom\u0101ti var\u0113tu nodro\u0161in\u0101t liel\u0101ku priv\u0101tumu nek\u0101 parastie sp\u0113\u013cu autom\u0101ti?<\/a><\/li><li class='ez-toc-page-1 ez-toc-heading-level-3'><a class=\"ez-toc-link ez-toc-heading-19\" href=\"https:\/\/coinkickoff.com\/lv\/bitcoin-casino\/how-are-bitcoin-slots-different\/#In_what_ways_can_the_payouts_differ_between_Bitcoin_slots_and_conventional_slots\" >K\u0101d\u0101 veid\u0101 var at\u0161\u0137irties Bitcoin sp\u0113\u013cu autom\u0101tu un parasto sp\u0113\u013cu autom\u0101tu vinnesti?<\/a><\/li><\/ul><\/li><\/ul><\/nav><\/div>\n<h2><span class=\"ez-toc-section\" id=\"Overview_of_Bitcoin_Slots\"><\/span>Bitcoin slotu p\u0101rskats<span class=\"ez-toc-section-end\"><\/span><\/h2>\n<p><img decoding=\"async\" src=\"https:\/\/coinkickoff.com\/wp-content\/uploads\/v2-3dh2w-v0uhq.jpg\" alt=\"\"><\/p>\n<p><a href=\"https:\/\/coinkickoff.com\/lv\/bitcoin-casino\/how-to-play-crypto-slots\/\" data-internallinksmanager029f6b8e52c=\"205\" title=\"K\u0101 sp\u0113l\u0113t Crypto Slots: J\u016bsu soli pa solim ce\u013cvedis\">Bitcoin slots<\/a> integr\u0113t kriptoval\u016btas izmanto\u0161anu likm\u0113s un dar\u012bjumos, nodro\u0161inot m\u016bsdien\u012bgu sp\u0113\u013cu autom\u0101tu sp\u0113\u013cu pav\u0113rsienu.<\/p>\n<h3><span class=\"ez-toc-section\" id=\"Definition_of_Bitcoin_Slots\"><\/span>Bitcoin slotu defin\u012bcija<span class=\"ez-toc-section-end\"><\/span><\/h3>\n<p>Bitcoin sp\u0113\u013cu autom\u0101ti ir kazino sp\u0113\u013cu autom\u0101ti, kuros k\u0101 val\u016bta tiek izmantots Bitcoin. \u0160ie sp\u0113\u013cu autom\u0101ti atrodas tie\u0161saistes platform\u0101s, kas atbalsta blok\u0137\u0113des tehnolo\u0123iju un ir paredz\u0113tas tie\u0161i kriptoval\u016btas lietot\u0101jiem.<\/p>\n<h3><span class=\"ez-toc-section\" id=\"Primary_Characteristics\"><\/span>Prim\u0101rais raksturojums<span class=\"ez-toc-section-end\"><\/span><\/h3>\n<p><strong>Decentraliz\u0101cija<\/strong>: Bitcoin sp\u0113\u013cu autom\u0101ti darbojas decentraliz\u0113t\u0101 t\u012bkl\u0101, kas nav saist\u012bts ar tradicion\u0101laj\u0101m banku sist\u0113m\u0101m.<br \/>\n<strong>Konfidencialit\u0101te<\/strong>: Lietot\u0101ji var baud\u012bt liel\u0101ku priv\u0101tumu, jo personas dati nav saist\u012bti ar dar\u012bjumiem.<br \/>\n<strong>Iesp\u0113jami god\u012bgi<\/strong>: Tajos ir iek\u013cauti pier\u0101d\u0101mi god\u012bgi algoritmi, kas \u013cauj sp\u0113l\u0113t\u0101jiem neatkar\u012bgi p\u0101rbaud\u012bt katra grieziena god\u012bgumu.<br \/>\n<strong>\u0100tri dar\u012bjumi<\/strong>: Noguld\u012bjumi un iz\u0146em\u0161ana parasti ir \u0101tr\u0101ki nek\u0101 tradicion\u0101laj\u0101 val\u016bt\u0101, pateicoties blok\u0137\u0113des b\u016bt\u012bbai.<br \/>\n<strong>Ekskluz\u012bvi bonusi<\/strong>: Da\u017ei Bitcoin sp\u0113\u013cu autom\u0101ti pied\u0101v\u0101 \u012bpa\u0161us bonusus lietot\u0101jiem, kuri sp\u0113l\u0113 ar kriptoval\u016btu.<\/p>\n<h3><span class=\"ez-toc-section\" id=\"Comparison_with_Traditional_Slots\"><\/span>Sal\u012bdzin\u0101jums ar tradicion\u0101lajiem sp\u0113\u013cu autom\u0101tiem<span class=\"ez-toc-section-end\"><\/span><\/h3>\n<ul>\n<li><strong>Val\u016bta<\/strong>: Tradicion\u0101lie sp\u0113\u013cu autom\u0101ti izmanto fiat val\u016btu, Bitcoin sp\u0113\u013cu autom\u0101ti izmanto kriptoval\u016btu.<\/li>\n<li><strong>Maks\u0101jumu apstr\u0101de<\/strong>: Tradicion\u0101lie sp\u0113\u013cu autom\u0101ti balst\u0101s uz standarta banku metod\u0113m; Bitcoin sp\u0113\u013cu autom\u0101ti izmanto blok\u0137\u0113di, kas var pa\u0101trin\u0101t apstr\u0101des laiku.<\/li>\n<li><strong>Regula<\/strong>: Bitcoin sp\u0113\u013cu autom\u0101ti var saskarties ar da\u017e\u0101diem noteikumiem, jo kriptoval\u016bta ir decentraliz\u0113ta.<\/li>\n<\/ul>\n<h2><span class=\"ez-toc-section\" id=\"Operational_Mechanisms\"><\/span>Darb\u012bbas meh\u0101nismi<span class=\"ez-toc-section-end\"><\/span><\/h2>\n<p><img decoding=\"async\" src=\"https:\/\/coinkickoff.com\/wp-content\/uploads\/v2-3dh39-38urg.jpg\" alt=\"\"><\/p>\n<p>Bitcoin sp\u0113\u013cu autom\u0101ti at\u0161\u0137ir\u012bgi izmanto kriptoval\u016btas tehnolo\u0123isk\u0101s prasmes, kam\u0113r parastie sp\u0113\u013cu autom\u0101ti tradicion\u0101li ir saist\u012bti ar fiat val\u016bt\u0101m. \u0160\u012bs darb\u012bbas at\u0161\u0137ir\u012bbas uzsver Bitcoin sp\u0113\u013cu autom\u0101tu unikalit\u0101ti azartsp\u0113\u013cu nozar\u0113.<\/p>\n<h3><span class=\"ez-toc-section\" id=\"Underlying_Technology\"><\/span>Pamattehnolo\u0123ija<span class=\"ez-toc-section-end\"><\/span><\/h3>\n<p>Bitcoin slots darbojas ar <strong>blok\u0137\u0113des tehnolo\u0123ija<\/strong>nodro\u0161inot p\u0101rredzam\u012bbu un nemain\u012bgumu. Dar\u012bjumi \u0161ajos laika ni\u0161\u0101s tiek re\u0123istr\u0113ti izplat\u012bt\u0101 <a href=\"https:\/\/coinkickoff.com\/lv\/what-is-ledger-wallet\/\" data-internallinksmanager029f6b8e52c=\"167\" title=\"Ledger Wallet Atsauksmes 2023: Maks\u0101jumi, funkcijas, dro\u0161\u012bba, plusi un m\u012bnusi\">virsgr\u0101mata<\/a>, kas ir visiem redzams, bet nevienam nav groz\u0101ms, t\u0101d\u0113j\u0101di veicinot augstu uztic\u012bbas l\u012bmeni. Savuk\u0101rt parastie sp\u0113\u013cu autom\u0101ti izmanto sp\u0113\u013cu programmat\u016bru, kas izvietota priv\u0101tos serveros, un sp\u0113l\u0113t\u0101jiem ir j\u0101pa\u013caujas uz kazino reput\u0101ciju attiec\u012bb\u0101 uz god\u012bgumu un dro\u0161\u012bbu.<\/p>\n<h3><span class=\"ez-toc-section\" id=\"Random_Number_Generation\"><\/span>Nejau\u0161o skait\u013cu \u0123ener\u0113\u0161ana<span class=\"ez-toc-section-end\"><\/span><\/h3>\n<p>Gan Bitcoin, gan parastie slots izmanto <strong>Gad\u012bjuma skait\u013cu \u0123eneratori (RNG)<\/strong> lai nodro\u0161in\u0101tu, ka katra grieziena izn\u0101kums ir piln\u012bgi nejau\u0161s. Tom\u0113r Bitcoin sp\u0113\u013cu autom\u0101ti bie\u017ei izmanto <strong>pier\u0101d\u0101mi god\u012bgi algoritmi<\/strong>, kas \u013cauj sp\u0113l\u0113t\u0101jiem neatkar\u012bgi p\u0101rbaud\u012bt katra rezult\u0101ta nejau\u0161\u012bbu. Tas ir pretstat\u0101 parastajiem sp\u0113\u013cu autom\u0101tiem, kuros izmanto patent\u0113tus RNG, kuru god\u012bgumu p\u0101rbauda neatkar\u012bgas firmas.<\/p>\n<ul>\n<li><strong>Iesp\u0113jami god\u012bgs algoritms<\/strong>: Kriptogr\u0101fijas metode, kas nodro\u0161ina sp\u0113\u013cu god\u012bgumu.<\/li>\n<li><strong>Patent\u0113ti RNG<\/strong>: Sl\u0113gtas sist\u0113mas, ko izmanto regul\u0101r\u0101s laika ni\u0161\u0101s un kas ir pak\u013cautas rev\u012bzijai.<\/li>\n<\/ul>\n<h3><span class=\"ez-toc-section\" id=\"Transaction_Process\"><\/span>Dar\u012bjuma process<span class=\"ez-toc-section-end\"><\/span><\/h3>\n<p>Dar\u012bjumu process Bitcoin slotos ir b\u016btiski at\u0161\u0137ir\u012bgs, pied\u0101v\u0101jot. <strong>t\u016bl\u012bt\u0113ji savstarp\u0113ji dar\u012bjumi.<\/strong> kas \u013cauj sp\u0113l\u0113t\u0101jiem iemaks\u0101t un iz\u0146emt naudu gandr\u012bz uzreiz.<\/p>\n<ul>\n<li><strong>Noguld\u012bjumi<\/strong>: Nos\u016bt\u012bts tie\u0161i no sp\u0113l\u0113t\u0101ja Bitcoin maka uz kazino maku.<\/li>\n<li><strong>Naudas iz\u0146em\u0161ana<\/strong>: P\u0101rskait\u012bts atpaka\u013c uz sp\u0113l\u0113t\u0101ja maku, bie\u017ei vien bez nepiecie\u0161am\u012bbas sa\u0146emt bankas iest\u0101des apstiprin\u0101jumu.<\/li>\n<\/ul>\n<p>No otras puses, parastie sp\u0113\u013cu autom\u0101ti ir saist\u012bti ar bank\u0101m vai citiem finan\u0161u starpniekiem, kas var aizkav\u0113t dar\u012bjumu apstr\u0101di un noteikt papildu maksu.<\/p>\n<h2><span class=\"ez-toc-section\" id=\"User_Experience_and_Accessibility\"><\/span>Lietot\u0101ja pieredze un pieejam\u012bba<span class=\"ez-toc-section-end\"><\/span><\/h2>\n<p><img decoding=\"async\" src=\"https:\/\/coinkickoff.com\/wp-content\/uploads\/v2-3dh3q-bmbhr.jpg\" alt=\"\"><\/p>\n<p>Bitcoin sp\u0113\u013cu autom\u0101ti ir p\u0101rveidoju\u0161i lietot\u0101ju mijiedarb\u012bbu un pieejam\u012bbu tie\u0161saistes sp\u0113l\u0113s, izmantojot at\u0161\u0137ir\u012bgas saskarnes, maks\u0101jumu veidus un uzlabotu konfidencialit\u0101ti.<\/p>\n<h3><span class=\"ez-toc-section\" id=\"Interface_and_Design_Differences\"><\/span>Saskarnes un dizaina at\u0161\u0137ir\u012bbas<span class=\"ez-toc-section-end\"><\/span><\/h3>\n<p>Bitcoin sp\u0113\u013cu autom\u0101ti bie\u017ei ir apr\u012bkoti ar <strong>m\u016bsdien\u012bga un intuit\u012bva saskarne<\/strong>, p\u0101r\u0146emot t\u012bmek\u013ca dizaina tendences. Sp\u0113l\u0113t\u0101ji var sastapties ar interakt\u012bviem elementiem, piem\u0113ram:<\/p>\n<ul>\n<li>Progresa sekot\u0101ji bonusiem.<\/li>\n<li>Re\u0101llaika <a href=\"https:\/\/coinkickoff.com\/lv\/crypto-exchanges\/\" data-internallinksmanager029f6b8e52c=\"141\" title=\"21 Lab\u0101k\u0101s kriptoval\u016btas mai\u0146as un lietotnes 2024. gad\u0101\">kriptoval\u016btas apmai\u0146a<\/a> likmes.<\/li>\n<\/ul>\n<p>Regul\u0101ri laika ni\u0161as m\u0113dz <a href=\"https:\/\/coinkickoff.com\/lv\/uphold-review\/\" data-internallinksmanager029f6b8e52c=\"156\" title=\"Atbalst\u012bt Atsauksmes 2023: Maks\u0101jumi, funkcijas, dro\u0161\u012bba, plusi un m\u012bnusi\">atbalst\u012bt<\/a> a <strong>klasisk\u0101 dizaina \u0113tika<\/strong>ar saskarn\u0113m, kuru priorit\u0101te ir vienk\u0101r\u0161a un saprotama, piem\u0113ram, statiski d\u017eekpota displeji.<\/p>\n<h3><span class=\"ez-toc-section\" id=\"Payment_and_Withdrawal_Methods\"><\/span>Maks\u0101jumu un iz\u0146em\u0161anas metodes<span class=\"ez-toc-section-end\"><\/span><\/h3>\n<table>\n<thead>\n<tr>\n<th>Metode<\/th>\n<th>Bitcoin slots<\/th>\n<th>Parastie sp\u0113\u013cu autom\u0101ti<\/th>\n<\/tr>\n<\/thead>\n<tbody>\n<tr>\n<td>Noguld\u012bjumi<\/td>\n<td>Tie\u0161i no kriptonauda makiem, gandr\u012bz uzreiz.<\/td>\n<td>Ar bankas kart\u0113m, e-maks\u0101jumiem vai bankas p\u0101rskait\u012bjumiem, un to apstr\u0101des laiks ir main\u012bgs.<\/td>\n<\/tr>\n<tr>\n<td>Naudas iz\u0146em\u0161ana<\/td>\n<td>Parasti tiek apstr\u0101d\u0101ti da\u017eu min\u016b\u0161u vai stundu laik\u0101.<\/td>\n<td>Tas var ilgt vair\u0101kas dienas, un bie\u017ei vien ir noteikts minim\u0101lais izmaksas limits.<\/td>\n<\/tr>\n<\/tbody>\n<\/table>\n<p>Bitcoin slotu platformas parasti pied\u0101v\u0101 <strong>dar\u012bjumi bez berzes<\/strong> blok\u0137\u0113des tehnolo\u0123ijas b\u016bt\u012bbas d\u0113\u013c.<\/p>\n<h3><span class=\"ez-toc-section\" id=\"Anonymity_and_Security\"><\/span>Anonimit\u0101te un dro\u0161\u012bba<span class=\"ez-toc-section-end\"><\/span><\/h3>\n<p>Bitcoin sp\u0113\u013cu autom\u0101ti sp\u0113l\u0113t\u0101jiem nodro\u0161ina liel\u0101ku <strong>anonimit\u0101te<\/strong>. Vi\u0146i:<\/p>\n<ul>\n<li>Jums nav j\u0101dal\u0101s ar tik daudz personisk\u0101s inform\u0101cijas.<\/li>\n<li>g\u016bstiet labumu no blok\u0137\u0113des tehnolo\u0123ijai piem\u012bto\u0161aj\u0101m dro\u0161\u012bbas funkcij\u0101m.<\/li>\n<\/ul>\n<p>Savuk\u0101rt regul\u0101rajiem laika ni\u0161\u0101m ir j\u0101iev\u0113ro stingra <strong>regul\u0113\u0161anas un verifik\u0101cijas procesi<\/strong>, kas bie\u017ei vien pieprasa detaliz\u0113tus lietot\u0101ju personas datus.<\/p>\n<h2><span class=\"ez-toc-section\" id=\"Frequently_Asked_Questions\"><\/span>Bie\u017e\u0101k uzdotie jaut\u0101jumi<span class=\"ez-toc-section-end\"><\/span><\/h2>\n<p><img decoding=\"async\" src=\"https:\/\/coinkickoff.com\/wp-content\/uploads\/v2-3dh42-3zxyj.jpg\" alt=\"\"><\/p>\n<p>\u0160aj\u0101 sada\u013c\u0101 apl\u016bkoti bie\u017e\u0101k uzdotie jaut\u0101jumi par at\u0161\u0137ir\u012bb\u0101m starp Bitcoin sp\u0113\u013cu autom\u0101tiem un tradicion\u0101laj\u0101m sp\u0113\u013cu autom\u0101tu sp\u0113l\u0113m, piev\u0113r\u0161ot uzman\u012bbu t\u0101diem aspektiem k\u0101 priek\u0161roc\u012bbas, god\u012bgums, pieejam\u012bba, juridiskie apsv\u0113rumi, priv\u0101tums un izmaksu vari\u0101cijas.<\/p>\n<h3><span class=\"ez-toc-section\" id=\"What_advantages_do_Bitcoin_slots_offer_over_traditional_slot_machines\"><\/span>K\u0101das ir Bitcoin sp\u0113\u013cu autom\u0101tu priek\u0161roc\u012bbas sal\u012bdzin\u0101jum\u0101 ar tradicion\u0101lajiem sp\u0113\u013cu autom\u0101tiem?<span class=\"ez-toc-section-end\"><\/span><\/h3>\n<p>Bitcoin sp\u0113\u013cu autom\u0101ti parasti nodro\u0161ina lietot\u0101jiem liel\u0101ku konfidencialit\u0101ti, jo dar\u012bjumiem ne vienm\u0113r ir nepiecie\u0161ama personiska inform\u0101cija. Tie pied\u0101v\u0101 ar\u012b \u0101tr\u0101ku dar\u012bjumu veik\u0161anas laiku sal\u012bdzin\u0101jum\u0101 ar tradicion\u0101laj\u0101m banku metod\u0113m, jo Bitcoin dar\u012bjumus var \u0101tri apstr\u0101d\u0101t bez centr\u0101l\u0101s iest\u0101des kl\u0101tb\u016btnes.<\/p>\n<h3><span class=\"ez-toc-section\" id=\"How_do_crypto-based_slot_games_ensure_fairness\"><\/span>K\u0101 uz kriptoval\u016bt\u0101m balst\u012bt\u0101s sp\u0113\u013cu autom\u0101tu sp\u0113les nodro\u0161ina god\u012bgumu?<span class=\"ez-toc-section-end\"><\/span><\/h3>\n<p>Uz kriptoval\u016bt\u0101m balst\u012bt\u0101s sp\u0113\u013cu autom\u0101tu sp\u0113l\u0113s bie\u017ei tiek izmantoti pier\u0101d\u0101mi god\u012bgi algoritmi, kas \u013cauj sp\u0113l\u0113t\u0101jiem neatkar\u012bgi p\u0101rbaud\u012bt katra grieziena god\u012bgumu. \u0160\u012b sist\u0113ma nodro\u0161ina p\u0101rredzam\u012bbu, izmantojot kriptogr\u0101fijas metodes, lai pier\u0101d\u012btu, ka sp\u0113les izn\u0101kums nav manipul\u0113ts.<\/p>\n<h3><span class=\"ez-toc-section\" id=\"Can_players_use_Bitcoin_on_all_online_slot_platforms\"><\/span>Vai sp\u0113l\u0113t\u0101ji var izmantot Bitcoin vis\u0101s tie\u0161saistes sp\u0113\u013cu autom\u0101tu platform\u0101s?<span class=\"ez-toc-section-end\"><\/span><\/h3>\n<p>Ne visas tie\u0161saistes sp\u0113\u013cu autom\u0101tu platformas pie\u0146em Bitcoin. Lai gan pieaug to platformu skaits, kas atbalsta kriptoval\u016btas, sp\u0113l\u0113t\u0101jiem ir j\u0101p\u0101rbauda katras vietnes maks\u0101jumu iesp\u0113jas, lai noteiktu, vai Bitcoin tiek pie\u0146emts.<\/p>\n<h3><span class=\"ez-toc-section\" id=\"What_are_the_legal_implications_of_using_Bitcoin_for_gambling\"><\/span>K\u0101das ir Bitcoin izmanto\u0161anas azartsp\u0113l\u0113m juridisk\u0101s sekas?<span class=\"ez-toc-section-end\"><\/span><\/h3>\n<p>Bitcoin izmanto\u0161anas azartsp\u0113l\u0113m juridisk\u0101s sekas at\u0161\u0137iras atkar\u012bb\u0101 no jurisdikcijas. Sp\u0113l\u0113t\u0101ji ir atbild\u012bgi par viet\u0113jo likumu izpratni un iev\u0113ro\u0161anu attiec\u012bb\u0101 uz tie\u0161saistes azartsp\u0113l\u0113m un kriptoval\u016btas izmanto\u0161anu.<\/p>\n<h3><span class=\"ez-toc-section\" id=\"Why_might_Bitcoin_slots_offer_more_privacy_than_regular_slots\"><\/span>K\u0101p\u0113c Bitcoin sp\u0113\u013cu autom\u0101ti var\u0113tu nodro\u0161in\u0101t liel\u0101ku priv\u0101tumu nek\u0101 parastie sp\u0113\u013cu autom\u0101ti?<span class=\"ez-toc-section-end\"><\/span><\/h3>\n<p>Bitcoin sp\u0113\u013cu autom\u0101ti var nodro\u0161in\u0101t liel\u0101ku priv\u0101tumu, jo dar\u012bjumi ar Bitcoin ne vienm\u0113r ir saist\u012bti ar personisk\u0101s bankas inform\u0101cijas izpau\u0161anu. Tas \u013cauj sp\u0113l\u0113t\u0101jiem sp\u0113l\u0113t, un finan\u0161u iest\u0101des nevar viegli izsekot vi\u0146u darb\u012bbu.<\/p>\n<h3><span class=\"ez-toc-section\" id=\"In_what_ways_can_the_payouts_differ_between_Bitcoin_slots_and_conventional_slots\"><\/span>K\u0101d\u0101 veid\u0101 var at\u0161\u0137irties Bitcoin sp\u0113\u013cu autom\u0101tu un parasto sp\u0113\u013cu autom\u0101tu vinnesti?<span class=\"ez-toc-section-end\"><\/span><\/h3>\n<p>Izmaksas Bitcoin sp\u0113\u013cu autom\u0101tos var b\u016bt iev\u0113rojam\u0101kas, jo kriptoval\u016btas dar\u012bjumu darb\u012bbas izmaksas ir potenci\u0101li zem\u0101kas. Turkl\u0101t da\u017ei Bitcoin sp\u0113\u013cu autom\u0101ti pied\u0101v\u0101 unik\u0101lus d\u017eekpotus, kas tiek izmaks\u0101ti kriptoval\u016bt\u0101, kuras v\u0113rt\u012bba var sv\u0101rst\u012bties, da\u017ek\u0101rt palielinot izmaksas v\u0113rt\u012bbu fiat val\u016bt\u0101.<\/p>","protected":false},"excerpt":{"rendered":"<p>Atruna: Azartsp\u0113les ir saist\u012btas ar iev\u0113rojamu finansi\u0101lu risku. L\u016bdzu, sp\u0113l\u0113jiet tikai ar naudu, kuru varat at\u013cauties zaud\u0113t. Turpm\u0101k sniegt\u0101 inform\u0101cija ir tikai informat\u012bvos nol\u016bkos. M\u0113s varam sa\u0146emt komisijas maksu, ja j\u016bs re\u0123istr\u0113jaties un zaud\u0113jat naudu k\u0101d\u0101 no \u0161iem kazino. Ne visi kazino ir pieejami vis\u0101s valst\u012bs. Visa inform\u0101cija, ko m\u0113s [...]<\/p>","protected":false},"author":1,"featured_media":4631,"parent":4440,"menu_order":0,"comment_status":"closed","ping_status":"closed","template":"","meta":{"_genesis_hide_title":false,"_genesis_hide_breadcrumbs":false,"_genesis_hide_singular_image":false,"_genesis_hide_footer_widgets":false,"_genesis_custom_body_class":"","_genesis_custom_post_class":"","_genesis_layout":"","_glsr_average":0,"_glsr_ranking":0,"_glsr_reviews":0,"footnotes":""},"class_list":{"0":"post-4628","1":"page","2":"type-page","3":"status-publish","4":"has-post-thumbnail","6":"entry"},"featured_image_src":"https:\/\/coinkickoff.com\/wp-content\/uploads\/v2-3dh3q-bmbhr-600x400.jpg","featured_image_src_square":"https:\/\/coinkickoff.com\/wp-content\/uploads\/v2-3dh3q-bmbhr-600x600.jpg","_links":{"self":[{"href":"https:\/\/coinkickoff.com\/lv\/wp-json\/wp\/v2\/pages\/4628","targetHints":{"allow":["GET"]}}],"collection":[{"href":"https:\/\/coinkickoff.com\/lv\/wp-json\/wp\/v2\/pages"}],"about":[{"href":"https:\/\/coinkickoff.com\/lv\/wp-json\/wp\/v2\/types\/page"}],"author":[{"embeddable":true,"href":"https:\/\/coinkickoff.com\/lv\/wp-json\/wp\/v2\/users\/1"}],"replies":[{"embeddable":true,"href":"https:\/\/coinkickoff.com\/lv\/wp-json\/wp\/v2\/comments?post=4628"}],"version-history":[{"count":3,"href":"https:\/\/coinkickoff.com\/lv\/wp-json\/wp\/v2\/pages\/4628\/revisions"}],"predecessor-version":[{"id":4635,"href":"https:\/\/coinkickoff.com\/lv\/wp-json\/wp\/v2\/pages\/4628\/revisions\/4635"}],"up":[{"embeddable":true,"href":"https:\/\/coinkickoff.com\/lv\/wp-json\/wp\/v2\/pages\/4440"}],"wp:featuredmedia":[{"embeddable":true,"href":"https:\/\/coinkickoff.com\/lv\/wp-json\/wp\/v2\/media\/4631"}],"wp:attachment":[{"href":"https:\/\/coinkickoff.com\/lv\/wp-json\/wp\/v2\/media?parent=4628"}],"curies":[{"name":"wp","href":"https:\/\/api.w.org\/{rel}","templated":true}]}}