{"id":4605,"date":"2026-01-08T14:07:58","date_gmt":"2026-01-08T14:07:58","guid":{"rendered":"https:\/\/coinkickoff.com\/?page_id=4605"},"modified":"2026-01-08T14:07:58","modified_gmt":"2026-01-08T14:07:58","slug":"how-is-bitcoin-poker-different","status":"publish","type":"page","link":"https:\/\/coinkickoff.com\/lv\/bitcoin-casino\/how-is-bitcoin-poker-different\/","title":{"rendered":"Ar ko Bitcoin pokers at\u0161\u0137iras no tie\u0161saistes pokera?"},"content":{"rendered":"<p><em>Atruna: Azartsp\u0113les ir saist\u012btas ar iev\u0113rojamu finansi\u0101lu risku. L\u016bdzu, sp\u0113l\u0113jiet tikai ar naudu, kuru varat at\u013cauties zaud\u0113t. Turpm\u0101k sniegt\u0101 inform\u0101cija ir tikai informat\u012bvos nol\u016bkos. M\u0113s varam sa\u0146emt komisijas maksu, ja j\u016bs re\u0123istr\u0113jaties un zaud\u0113jat naudu k\u0101d\u0101 no turpm\u0101k min\u0113taj\u0101m sp\u0113l\u0113m. <a href=\"https:\/\/coinkickoff.com\/lv\/bitcoin-casino\/\" data-internallinksmanager029f6b8e52c=\"200\" title=\"3 lab\u0101kie Bitcoin kriptonauda kazino ar bonusiem\">kazino<\/a>. Ne visi kazino ir pieejami vis\u0101s valst\u012bs. M\u0113s uzskat\u0101m, ka visa inform\u0101cija ir pareiza public\u0113\u0161anas br\u012bd\u012b, ta\u010du t\u0101 var b\u016bt main\u012bjusies.<\/em><\/p>\n<div id=\"ez-toc-container\" class=\"ez-toc-v2_0_80 counter-hierarchy ez-toc-counter ez-toc-transparent ez-toc-container-direction\">\n<div class=\"ez-toc-title-container\">\n<p class=\"ez-toc-title\" style=\"cursor:inherit\">Sada\u013cas<\/p>\n<span class=\"ez-toc-title-toggle\"><a href=\"#\" class=\"ez-toc-pull-right ez-toc-btn ez-toc-btn-xs ez-toc-btn-default ez-toc-toggle\" aria-label=\"P\u0101rsl\u0113gt satura tabulu\"><span class=\"ez-toc-js-icon-con\"><span class=\"\"><span class=\"eztoc-hide\" style=\"display:none;\">P\u0101rsl\u0113gt<\/span><span class=\"ez-toc-icon-toggle-span\"><svg style=\"fill: #999;color:#999\" xmlns=\"http:\/\/www.w3.org\/2000\/svg\" class=\"list-377408\" width=\"20px\" height=\"20px\" viewbox=\"0 0 24 24\" fill=\"none\"><path d=\"M6 6H4v2h2V6zm14 0H8v2h12V6zM4 11h2v2H4v-2zm16 0H8v2h12v-2zM4 16h2v2H4v-2zm16 0H8v2h12v-2z\" fill=\"currentColor\"><\/path><\/svg><svg style=\"fill: #999;color:#999\" class=\"arrow-unsorted-368013\" xmlns=\"http:\/\/www.w3.org\/2000\/svg\" width=\"10px\" height=\"10px\" viewbox=\"0 0 24 24\" version=\"1.2\" baseprofile=\"tiny\"><path d=\"M18.2 9.3l-6.2-6.3-6.2 6.3c-.2.2-.3.4-.3.7s.1.5.3.7c.2.2.4.3.7.3h11c.3 0 .5-.1.7-.3.2-.2.3-.5.3-.7s-.1-.5-.3-.7zM5.8 14.7l6.2 6.3 6.2-6.3c.2-.2.3-.5.3-.7s-.1-.5-.3-.7c-.2-.2-.4-.3-.7-.3h-11c-.3 0-.5.1-.7.3-.2.2-.3.5-.3.7s.1.5.3.7z\"\/><\/svg><\/span><\/span><\/span><\/a><\/span><\/div>\n<nav><ul class='ez-toc-list ez-toc-list-level-1 eztoc-toggle-hide-by-default' ><li class='ez-toc-page-1 ez-toc-heading-level-2'><a class=\"ez-toc-link ez-toc-heading-1\" href=\"https:\/\/coinkickoff.com\/lv\/bitcoin-casino\/how-is-bitcoin-poker-different\/#Understanding_Bitcoin_Poker\" >Izpratne par Bitcoin pokeru<\/a><ul class='ez-toc-list-level-3' ><li class='ez-toc-heading-level-3'><a class=\"ez-toc-link ez-toc-heading-2\" href=\"https:\/\/coinkickoff.com\/lv\/bitcoin-casino\/how-is-bitcoin-poker-different\/#Definition_and_Concept_of_Bitcoin_Poker\" >Pokera Bitcoin defin\u012bcija un j\u0113dziens<\/a><\/li><li class='ez-toc-page-1 ez-toc-heading-level-3'><a class=\"ez-toc-link ez-toc-heading-3\" href=\"https:\/\/coinkickoff.com\/lv\/bitcoin-casino\/how-is-bitcoin-poker-different\/#Key_Differences_Between_Bitcoin_Poker_and_Online_Poker\" >Galven\u0101s at\u0161\u0137ir\u012bbas starp Bitcoin pokeru un tie\u0161saistes pokeru<\/a><\/li><li class='ez-toc-page-1 ez-toc-heading-level-3'><a class=\"ez-toc-link ez-toc-heading-4\" href=\"https:\/\/coinkickoff.com\/lv\/bitcoin-casino\/how-is-bitcoin-poker-different\/#The_Role_of_Cryptocurrency_in_Poker\" >Kriptoval\u016btas loma pokera sp\u0113l\u0113s<\/a><\/li><\/ul><\/li><li class='ez-toc-page-1 ez-toc-heading-level-2'><a class=\"ez-toc-link ez-toc-heading-5\" href=\"https:\/\/coinkickoff.com\/lv\/bitcoin-casino\/how-is-bitcoin-poker-different\/#The_Gameplay_Experience\" >Sp\u0113\u013cu sp\u0113l\u0113\u0161anas pieredze<\/a><ul class='ez-toc-list-level-3' ><li class='ez-toc-heading-level-3'><a class=\"ez-toc-link ez-toc-heading-6\" href=\"https:\/\/coinkickoff.com\/lv\/bitcoin-casino\/how-is-bitcoin-poker-different\/#Account_Funding_and_Withdrawals\" >Konta finans\u0113\u0161ana un iz\u0146em\u0161ana<\/a><\/li><li class='ez-toc-page-1 ez-toc-heading-level-3'><a class=\"ez-toc-link ez-toc-heading-7\" href=\"https:\/\/coinkickoff.com\/lv\/bitcoin-casino\/how-is-bitcoin-poker-different\/#Anonymity_and_Security_Features\" >Anonimit\u0101tes un dro\u0161\u012bbas funkcijas<\/a><\/li><li class='ez-toc-page-1 ez-toc-heading-level-3'><a class=\"ez-toc-link ez-toc-heading-8\" href=\"https:\/\/coinkickoff.com\/lv\/bitcoin-casino\/how-is-bitcoin-poker-different\/#Poker_Variants_and_Software_Differences\" >Pokera varianti un programmat\u016bras at\u0161\u0137ir\u012bbas<\/a><\/li><\/ul><\/li><li class='ez-toc-page-1 ez-toc-heading-level-2'><a class=\"ez-toc-link ez-toc-heading-9\" href=\"https:\/\/coinkickoff.com\/lv\/bitcoin-casino\/how-is-bitcoin-poker-different\/#Regulatory_and_Legal_Landscape\" >Normat\u012bv\u0101 un juridisk\u0101 vide<\/a><ul class='ez-toc-list-level-3' ><li class='ez-toc-heading-level-3'><a class=\"ez-toc-link ez-toc-heading-10\" href=\"https:\/\/coinkickoff.com\/lv\/bitcoin-casino\/how-is-bitcoin-poker-different\/#Jurisdictional_Variations_in_Bitcoin_Poker\" >Jurisdikciju at\u0161\u0137ir\u012bbas Bitcoin pokera sp\u0113l\u0113s<\/a><\/li><li class='ez-toc-page-1 ez-toc-heading-level-3'><a class=\"ez-toc-link ez-toc-heading-11\" href=\"https:\/\/coinkickoff.com\/lv\/bitcoin-casino\/how-is-bitcoin-poker-different\/#Legal_Implications_for_Players_and_Operators\" >Juridisk\u0101s sekas sp\u0113l\u0113t\u0101jiem un operatoriem<\/a><\/li><li class='ez-toc-page-1 ez-toc-heading-level-3'><a class=\"ez-toc-link ez-toc-heading-12\" href=\"https:\/\/coinkickoff.com\/lv\/bitcoin-casino\/how-is-bitcoin-poker-different\/#Compliance_and_Fair_Play_Standards\" >Atbilst\u012bba un god\u012bgas sp\u0113les standarti<\/a><\/li><\/ul><\/li><li class='ez-toc-page-1 ez-toc-heading-level-2'><a class=\"ez-toc-link ez-toc-heading-13\" href=\"https:\/\/coinkickoff.com\/lv\/bitcoin-casino\/how-is-bitcoin-poker-different\/#Frequently_Asked_Questions\" >Bie\u017e\u0101k uzdotie jaut\u0101jumi<\/a><ul class='ez-toc-list-level-3' ><li class='ez-toc-heading-level-3'><a class=\"ez-toc-link ez-toc-heading-14\" href=\"https:\/\/coinkickoff.com\/lv\/bitcoin-casino\/how-is-bitcoin-poker-different\/#What_are_the_advantages_of_playing_poker_using_Bitcoin\" >K\u0101das ir pokera sp\u0113l\u0113\u0161anas priek\u0161roc\u012bbas, izmantojot Bitcoin?<\/a><\/li><li class='ez-toc-page-1 ez-toc-heading-level-3'><a class=\"ez-toc-link ez-toc-heading-15\" href=\"https:\/\/coinkickoff.com\/lv\/bitcoin-casino\/how-is-bitcoin-poker-different\/#Can_Bitcoin_transactions_affect_the_speed_of_online_poker_play\" >Vai Bitcoin dar\u012bjumi var ietekm\u0113t tie\u0161saistes pokera sp\u0113les \u0101trumu?<\/a><\/li><li class='ez-toc-page-1 ez-toc-heading-level-3'><a class=\"ez-toc-link ez-toc-heading-16\" href=\"https:\/\/coinkickoff.com\/lv\/bitcoin-casino\/how-is-bitcoin-poker-different\/#Are_there_any_legal_differences_in_playing_poker_with_Bitcoin_versus_traditional_currencies\" >Vai ir k\u0101das juridiskas at\u0161\u0137ir\u012bbas, sp\u0113l\u0113jot pokeru ar Bitcoin, sal\u012bdzin\u0101jum\u0101 ar tradicion\u0101laj\u0101m val\u016bt\u0101m?<\/a><\/li><li class='ez-toc-page-1 ez-toc-heading-level-3'><a class=\"ez-toc-link ez-toc-heading-17\" href=\"https:\/\/coinkickoff.com\/lv\/bitcoin-casino\/how-is-bitcoin-poker-different\/#How_does_provable_fairness_in_Bitcoin_poker_compare_to_regular_online_poker_games\" >K\u0101 Bitcoin pokera god\u012bgums ir pier\u0101d\u0101ms sal\u012bdzin\u0101jum\u0101 ar parastaj\u0101m tie\u0161saistes pokera sp\u0113l\u0113m?<\/a><\/li><li class='ez-toc-page-1 ez-toc-heading-level-3'><a class=\"ez-toc-link ez-toc-heading-18\" href=\"https:\/\/coinkickoff.com\/lv\/bitcoin-casino\/how-is-bitcoin-poker-different\/#Does_the_use_of_Bitcoin_offer_more_anonymity_in_online_poker\" >Vai Bitcoin izmanto\u0161ana nodro\u0161ina liel\u0101ku anonimit\u0101ti tie\u0161saistes pokera sp\u0113l\u0113?<\/a><\/li><li class='ez-toc-page-1 ez-toc-heading-level-3'><a class=\"ez-toc-link ez-toc-heading-19\" href=\"https:\/\/coinkickoff.com\/lv\/bitcoin-casino\/how-is-bitcoin-poker-different\/#What_impact_does_cryptocurrency_volatility_have_on_Bitcoin_poker_stakes\" >K\u0101 kriptoval\u016btas sv\u0101rst\u012bgums ietekm\u0113 Bitcoin pokera likmes?<\/a><\/li><\/ul><\/li><\/ul><\/nav><\/div>\n<h2><span class=\"ez-toc-section\" id=\"Understanding_Bitcoin_Poker\"><\/span>Izpratne par Bitcoin pokeru<span class=\"ez-toc-section-end\"><\/span><\/h2>\n<p><img decoding=\"async\" src=\"https:\/\/coinkickoff.com\/wp-content\/uploads\/v2-3dh0j-a3sgg.jpg\" alt=\"\"><\/p>\n<p><a href=\"https:\/\/coinkickoff.com\/lv\/bitcoin-casino\/how-to-play-crypto-poker\/\" data-internallinksmanager029f6b8e52c=\"203\" title=\"K\u0101 sp\u0113l\u0113t kripto pokeru: K\u0101 apg\u016bt Bitcoin likmju likmi?\">Bitcoin Pokers<\/a> apvieno klasisko pokera sp\u0113li ar m\u016bsdien\u012bgu blok\u0137\u0113des tehnolo\u0123iju, pied\u0101v\u0101jot t\u0101das unik\u0101las priek\u0161roc\u012bbas k\u0101 liel\u0101ku priv\u0101tumu un \u0101tr\u0101kus dar\u012bjumus.<\/p>\n<h3><span class=\"ez-toc-section\" id=\"Definition_and_Concept_of_Bitcoin_Poker\"><\/span>Pokera Bitcoin defin\u012bcija un j\u0113dziens<span class=\"ez-toc-section-end\"><\/span><\/h3>\n<p>Bitcoin pokers apz\u012bm\u0113 tie\u0161saistes pokera versiju, kur\u0101 k\u0101 val\u016bta iemaks\u0101m, likm\u0113m un iz\u0146em\u0161anai tiek izmantots Bitcoin. At\u0161\u0137ir\u012bb\u0101 no tradicion\u0101laj\u0101m tie\u0161saistes pokera sp\u0113l\u0113m, kur\u0101s tiek izmantota fiat val\u016bta, Bitcoin Poker darbojas ar digit\u0101lo val\u016btu, izmantojot blok\u0137\u0113des tehnolo\u0123ijas decentraliz\u0101cijas un vien\u0101dranga aspektu.<\/p>\n<h3><span class=\"ez-toc-section\" id=\"Key_Differences_Between_Bitcoin_Poker_and_Online_Poker\"><\/span>Galven\u0101s at\u0161\u0137ir\u012bbas starp Bitcoin pokeru un tie\u0161saistes pokeru<span class=\"ez-toc-section-end\"><\/span><\/h3>\n<p><strong>Anonimit\u0101te:<\/strong> Viena no galvenaj\u0101m at\u0161\u0137ir\u012bb\u0101m ir Bitcoin pied\u0101v\u0101tais anonimit\u0101tes l\u012bmenis. Tradicion\u0101laj\u0101s tie\u0161saistes pokera vietn\u0113s bie\u017ei vien tiek piepras\u012bta person\u012bga finan\u0161u inform\u0101cija, savuk\u0101rt Bitcoin pokera vietnes \u013cauj lietot\u0101jiem sp\u0113l\u0113t sal\u012bdzino\u0161i anon\u012bmi.<\/p>\n<p><strong>Dar\u012bjumu \u0101trums:<\/strong> Bitcoin dar\u012bjumi var b\u016bt iev\u0113rojami \u0101tr\u0101ki nek\u0101 fiat dar\u012bjumi, kas sp\u0113l\u0113t\u0101jiem \u013cauj \u0101tr\u0101k iemaks\u0101t un iz\u0146emt naudu.<\/p>\n<p><strong>Satura at\u0161\u0137ir\u012bbas:<\/strong><\/p>\n<table>\n<thead>\n<tr>\n<th>Funkcija<\/th>\n<th>Bitcoin Pokers<\/th>\n<th>Tie\u0161saistes pokers<\/th>\n<\/tr>\n<\/thead>\n<tbody>\n<tr>\n<td>Val\u016btas veids<\/td>\n<td>Kriptoval\u016bta (Bitcoin)<\/td>\n<td>Fiat val\u016bta (USD, EUR, <a href=\"https:\/\/coinkickoff.com\/lv\/ethereum-classic-etc\/\" data-internallinksmanager029f6b8e52c=\"29\" title=\"Kas ir Ethereum Classic (ETC), k\u0101 tas darbojas un kur to ieg\u0101d\u0101ties?\">utt.<\/a>.)<\/td>\n<\/tr>\n<tr>\n<td>Anonimit\u0101tes l\u012bmenis<\/td>\n<td>Augsts<\/td>\n<td>Vid\u0113js l\u012bdz zems<\/td>\n<\/tr>\n<tr>\n<td>Dar\u012bjumu \u0101trums<\/td>\n<td>\u0100tri (min\u016btes l\u012bdz stundas)<\/td>\n<td>Main\u012bgs (no stund\u0101m l\u012bdz dien\u0101m)<\/td>\n<\/tr>\n<tr>\n<td>Finan\u0161u inform\u0101cijas pras\u012bba<\/td>\n<td>Minim\u0101ls<\/td>\n<td>Bie\u017ei pla\u0161a<\/td>\n<\/tr>\n<\/tbody>\n<\/table>\n<h3><span class=\"ez-toc-section\" id=\"The_Role_of_Cryptocurrency_in_Poker\"><\/span>Kriptoval\u016btas loma pokera sp\u0113l\u0113s<span class=\"ez-toc-section-end\"><\/span><\/h3>\n<p>T\u0101das kriptoval\u016btas k\u0101 Bitcoin ir p\u0101rveidoju\u0161as tie\u0161saistes pokera vidi, pied\u0101v\u0101jot alternat\u012bvus l\u012bdzek\u013cus dar\u012bjumu veik\u0161anai. T\u0101s pied\u0101v\u0101 decentraliz\u0113tu pokera ekonomiku, novirza kontroli no centr\u0101l\u0101s iest\u0101des un veicina glob\u0101las pokera kopienas izveidi, kuru nesaista tradicion\u0101lie banku noteikumi.<\/p>\n<h2><span class=\"ez-toc-section\" id=\"The_Gameplay_Experience\"><\/span>Sp\u0113\u013cu sp\u0113l\u0113\u0161anas pieredze<span class=\"ez-toc-section-end\"><\/span><\/h2>\n<p><img decoding=\"async\" src=\"https:\/\/coinkickoff.com\/wp-content\/uploads\/v2-3dh10-d5088.jpg\" alt=\"\"><\/p>\n<p>Lai gan galven\u0101 pokera sp\u0113le ir l\u012bdz\u012bga, Bitcoin pokers sal\u012bdzin\u0101jum\u0101 ar tradicion\u0101lo tie\u0161saistes pokeru pied\u0101v\u0101 at\u0161\u0137ir\u012bgu konta p\u0101rvald\u012bbas, konfidencialit\u0101tes un programmat\u016bras iesp\u0113ju pieredzi.<\/p>\n<h3><span class=\"ez-toc-section\" id=\"Account_Funding_and_Withdrawals\"><\/span>Konta finans\u0113\u0161ana un iz\u0146em\u0161ana<span class=\"ez-toc-section-end\"><\/span><\/h3>\n<ul>\n<li><strong>Bitcoin Dar\u012bjumi<\/strong>: Sp\u0113l\u0113t\u0101ji papildina savus kontus un iz\u0146em <a href=\"https:\/\/coinkickoff.com\/lv\/bitcoin-casino\/cash-in-bitcoin-casino-winnings\/\" data-internallinksmanager029f6b8e52c=\"211\" title=\"K\u0101 sa\u0146emt Bitcoin kazino laimestus: Soli pa solim: k\u0101 sp\u0113l\u0113t kazino kazino: soli pa solim\">vinnesti<\/a> izmantojot Bitcoin, un, pateicoties kriptoval\u016btas decentraliz\u0113tajam raksturam, dar\u012bjumi bie\u017ei vien tiek veikti \u0101tr\u0101k.<\/li>\n<li><strong>Val\u016btas sv\u0101rst\u012bbas<\/strong>: Bitcoin v\u0113rt\u012bba var b\u016bt nepast\u0101v\u012bga, kas noz\u012bm\u0113, ka sp\u0113l\u0113t\u0101ju bankas naudas l\u012bdzek\u013cu v\u0113rt\u012bba var sv\u0101rst\u012bties neatkar\u012bgi no vi\u0146u pokera rezult\u0101tiem.<\/li>\n<\/ul>\n<h3><span class=\"ez-toc-section\" id=\"Anonymity_and_Security_Features\"><\/span>Anonimit\u0101tes un dro\u0161\u012bbas funkcijas<span class=\"ez-toc-section-end\"><\/span><\/h3>\n<ul>\n<li><strong>Konfidencialit\u0101te<\/strong>: Bitcoin pokera platformas var pied\u0101v\u0101t liel\u0101ku anonimit\u0101ti, jo person\u012bg\u0101 finan\u0161u inform\u0101cija nav nepiecie\u0161ama t\u0101d\u0101 pa\u0161\u0101 veid\u0101 k\u0101 fiat val\u016btas vietn\u0113s.<\/li>\n<li><strong>Dro\u0161\u012bbas pas\u0101kumi<\/strong>: Dar\u012bjumi ir nodro\u0161in\u0101ti, izmantojot blok\u0137\u0113des tehnolo\u0123iju, kas nodro\u0161ina p\u0101rredzamu un pret viltojumiem dro\u0161u ierakstu par visiem p\u0101rskait\u012bjumiem.<\/li>\n<\/ul>\n<h3><span class=\"ez-toc-section\" id=\"Poker_Variants_and_Software_Differences\"><\/span>Pokera varianti un programmat\u016bras at\u0161\u0137ir\u012bbas<span class=\"ez-toc-section-end\"><\/span><\/h3>\n<ul>\n<li><strong>Sp\u0113\u013cu daudzveid\u012bba<\/strong>: Da\u017eas Bitcoin pokera vietnes var pied\u0101v\u0101t unik\u0101lus pokera variantus, kas nav atrodami tradicion\u0101laj\u0101s platform\u0101s.<\/li>\n<li><strong>Programmat\u016bras saskarnes<\/strong>: Saskarne un lietot\u0101ja pieredze var at\u0161\u0137irties, da\u017ek\u0101rt pied\u0101v\u0101jot modern\u0101kus statistikas r\u012bkus, kas paredz\u0113ti tie\u0161i kriptoval\u016btu lietot\u0101jiem.<\/li>\n<\/ul>\n<h2><span class=\"ez-toc-section\" id=\"Regulatory_and_Legal_Landscape\"><\/span>Normat\u012bv\u0101 un juridisk\u0101 vide<span class=\"ez-toc-section-end\"><\/span><\/h2>\n<p><img decoding=\"async\" src=\"https:\/\/coinkickoff.com\/wp-content\/uploads\/v2-3dh1d-kf9ye.jpg\" alt=\"\"><\/p>\n<p>Bitcoin pokera regulat\u012bvie un juridiskie aspekti vis\u0101 pasaul\u0113 iev\u0113rojami at\u0161\u0137iras, un tiem ir at\u0161\u0137ir\u012bga ietekme gan uz sp\u0113l\u0113t\u0101jiem, gan operatoriem, jo ir sp\u0113k\u0101 stingri atbilst\u012bbas un god\u012bgas sp\u0113les standarti.<\/p>\n<h3><span class=\"ez-toc-section\" id=\"Jurisdictional_Variations_in_Bitcoin_Poker\"><\/span>Jurisdikciju at\u0161\u0137ir\u012bbas Bitcoin pokera sp\u0113l\u0113s<span class=\"ez-toc-section-end\"><\/span><\/h3>\n<p>Da\u017e\u0101d\u0101s valst\u012bs ir at\u0161\u0137ir\u012bgi noteikumi attiec\u012bb\u0101 uz t\u0101du kriptoval\u016btu k\u0101 Bitcoin izmanto\u0161anu azartsp\u0113l\u0113m. Da\u017eas valstis to ir piln\u012bb\u0101 pie\u0146\u0113mu\u0161as, ievie\u0161ot skaidrus noteikumus, savuk\u0101rt citas darbojas \"pel\u0113kaj\u0101 zon\u0101\" vai ar\u012b ir noteiku\u0161as piln\u012bgus aizliegumus. Piem\u0113ram:<\/p>\n<ul>\n<li><strong>Amerikas Savienot\u0101s Valstis:<\/strong> Atkar\u012bb\u0101 no \u0161tata ir at\u0161\u0137ir\u012bgi; da\u017eos \u0161tatos Bitcoin pokers ir at\u013cauts, bet citos tie\u0161saistes azartsp\u0113les visp\u0101r nav at\u013cautas.<\/li>\n<li><strong>Apvienot\u0101 Karaliste:<\/strong> Piln\u012bb\u0101 regul\u0113ts ar \u012bpa\u0161\u0101m vadl\u012bnij\u0101m par kriptoval\u016btas izmanto\u0161anu.<\/li>\n<li><strong>\u0136\u012bna:<\/strong> Tie\u0161saistes azartsp\u0113les, tostarp Bitcoin pokers, ir nelikum\u012bgas.<\/li>\n<\/ul>\n<h3><span class=\"ez-toc-section\" id=\"Legal_Implications_for_Players_and_Operators\"><\/span>Juridisk\u0101s sekas sp\u0113l\u0113t\u0101jiem un operatoriem<span class=\"ez-toc-section-end\"><\/span><\/h3>\n<p><strong>Sp\u0113l\u0113t\u0101ji<\/strong> lai izvair\u012btos no juridiska riska, ir j\u0101p\u0101rzina savas valsts likumi attiec\u012bb\u0101 uz kriptoval\u016btu un tie\u0161saistes azartsp\u0113l\u0113m. Sankcijas par p\u0101rk\u0101pumiem var b\u016bt da\u017e\u0101das - no naudas sodiem l\u012bdz krimin\u0101lvaj\u0101\u0161anai.<\/p>\n<p><strong>Operatori<\/strong> no Bitcoin pokera vietn\u0113m ir j\u0101iev\u0113ro licenc\u0113\u0161anas pras\u012bbas, nelikum\u012bgi ieg\u016btu l\u012bdzek\u013cu legaliz\u0101cijas nov\u0113r\u0161anas (AML) proced\u016bras un \"paz\u012bsti savu klientu\" (KYC) politika.<\/p>\n<ul>\n<li><strong>Licenc\u0113\u0161anas pras\u012bbas:<\/strong> J\u0101ieg\u016bst atbilsto\u0161as licences, ja tie\u0161saistes azartsp\u0113les ir reglament\u0113tas.<\/li>\n<li><strong>AML proced\u016bras:<\/strong> j\u0101ievie\u0161 sist\u0113mas finan\u0161u noziegumu nov\u0113r\u0161anai.<\/li>\n<li><strong>KYC politika:<\/strong> J\u0101p\u0101rbauda klientu identit\u0101te.<\/li>\n<\/ul>\n<h3><span class=\"ez-toc-section\" id=\"Compliance_and_Fair_Play_Standards\"><\/span>Atbilst\u012bba un god\u012bgas sp\u0113les standarti<span class=\"ez-toc-section-end\"><\/span><\/h3>\n<p>Operatoriem ir j\u0101iev\u0113ro standarti, kas nodro\u0161ina taisn\u012bgumu un dro\u0161\u012bbu.<\/p>\n<ul>\n<li><strong>RNG sertifik\u0101cija:<\/strong> Neatkar\u012bg\u0101m iest\u0101d\u0113m ir j\u0101sertific\u0113 nejau\u0161o skait\u013cu \u0123eneratori.<\/li>\n<li><strong>Dro\u0161\u012bbas protokoli:<\/strong> SSL \u0161ifr\u0113\u0161anas un citu kiberdro\u0161\u012bbas pas\u0101kumu ievie\u0161ana.<\/li>\n<li><strong>Iesp\u0113jami god\u012bgas sist\u0113mas:<\/strong> Bitcoin sp\u0113l\u0113s ir unik\u0101la iesp\u0113ja, kas \u013cauj sp\u0113l\u0113t\u0101jiem p\u0101rbaud\u012bt katras izsp\u0113les god\u012bgumu.<\/li>\n<\/ul>\n<h2><span class=\"ez-toc-section\" id=\"Frequently_Asked_Questions\"><\/span>Bie\u017e\u0101k uzdotie jaut\u0101jumi<span class=\"ez-toc-section-end\"><\/span><\/h2>\n<p><img decoding=\"async\" src=\"https:\/\/coinkickoff.com\/wp-content\/uploads\/v2-3dh1y-p4uhr.jpg\" alt=\"\"><\/p>\n<p>Atbildot uz bie\u017e\u0101k uzdotajiem jaut\u0101jumiem, \u0161aj\u0101 sada\u013c\u0101 ir izkl\u0101st\u012btas at\u0161\u0137ir\u012bbas starp Bitcoin pokeru un standarta tie\u0161saistes pokeru attiec\u012bb\u0101 uz priek\u0161roc\u012bb\u0101m, \u0101trumu, likum\u012bbu, god\u012bgumu, anonimit\u0101ti un kriptoval\u016btas sv\u0101rst\u012bguma ietekmi.<\/p>\n<h3><span class=\"ez-toc-section\" id=\"What_are_the_advantages_of_playing_poker_using_Bitcoin\"><\/span>K\u0101das ir pokera sp\u0113l\u0113\u0161anas priek\u0161roc\u012bbas, izmantojot Bitcoin?<span class=\"ez-toc-section-end\"><\/span><\/h3>\n<p>Sp\u0113l\u0113t\u0101ji, kas pokera sp\u0113l\u0113 izmanto Bitcoin, var izmantot \u0101tr\u0101ku dar\u012bjumu veik\u0161anas laiku, zem\u0101ku apstr\u0101des maksu un iesp\u0113ju sp\u0113l\u0113t no re\u0123ioniem, kuros tradicion\u0101lo banku dar\u012bjumi ar pokera vietn\u0113m ir ierobe\u017eoti. \u0160\u012bs priek\u0161roc\u012bbas izriet no kriptoval\u016btu decentraliz\u0113t\u0101 rakstura.<\/p>\n<h3><span class=\"ez-toc-section\" id=\"Can_Bitcoin_transactions_affect_the_speed_of_online_poker_play\"><\/span>Vai Bitcoin dar\u012bjumi var ietekm\u0113t tie\u0161saistes pokera sp\u0113les \u0101trumu?<span class=\"ez-toc-section-end\"><\/span><\/h3>\n<p>J\u0101, Bitcoin var pa\u0101trin\u0101t iemaksu un izmaksu procesu, \u013caujot sp\u0113l\u0113t\u0101jiem s\u0101kt sp\u0113l\u0113t \u0101tr\u0101k un sa\u0146emt vinnestus bez ilgas bankas aizkav\u0113\u0161an\u0101s. \u0160o vienk\u0101r\u0161oto darb\u012bbu nodro\u0161ina Bitcoin rakstur\u012bg\u0101 vien\u0101dranga dar\u012bjumu sist\u0113ma.<\/p>\n<h3><span class=\"ez-toc-section\" id=\"Are_there_any_legal_differences_in_playing_poker_with_Bitcoin_versus_traditional_currencies\"><\/span>Vai ir k\u0101das juridiskas at\u0161\u0137ir\u012bbas, sp\u0113l\u0113jot pokeru ar Bitcoin, sal\u012bdzin\u0101jum\u0101 ar tradicion\u0101laj\u0101m val\u016bt\u0101m?<span class=\"ez-toc-section-end\"><\/span><\/h3>\n<p>Bitcoin pokera juridisk\u0101 vide var iev\u0113rojami at\u0161\u0137irties, jo da\u017e\u0101s jurisdikcij\u0101s, kas regul\u0113 vai aizliedz tie\u0161saistes azartsp\u0113les, kriptoval\u016btas v\u0113l nav skaidri apl\u016bkotas. \u0160\u012b situ\u0101cija var rad\u012bt neskaidr\u012bbas, kas var ietekm\u0113t Bitcoin pokera juridisko statusu noteikt\u0101s jom\u0101s.<\/p>\n<h3><span class=\"ez-toc-section\" id=\"How_does_provable_fairness_in_Bitcoin_poker_compare_to_regular_online_poker_games\"><\/span>K\u0101 Bitcoin pokera god\u012bgums ir pier\u0101d\u0101ms sal\u012bdzin\u0101jum\u0101 ar parastaj\u0101m tie\u0161saistes pokera sp\u0113l\u0113m?<span class=\"ez-toc-section-end\"><\/span><\/h3>\n<p>Bitcoin pokera platform\u0101s bie\u017ei tiek izmantoti pier\u0101d\u0101mi god\u012bguma algoritmi, kas \u013cauj sp\u0113l\u0113t\u0101jiem p\u0101rbaud\u012bt katras izsp\u0113les nejau\u0161\u012bbu un god\u012bgumu. Tradicion\u0101laj\u0101s tie\u0161saistes pokera sp\u0113l\u0113s \u0161\u0101ds p\u0101rredzam\u012bbas l\u012bmenis parasti nav pieejams, un tas Bitcoin pokera sp\u0113l\u0113t\u0101jiem sniedz papildu uztic\u012bbas l\u012bmeni.<\/p>\n<h3><span class=\"ez-toc-section\" id=\"Does_the_use_of_Bitcoin_offer_more_anonymity_in_online_poker\"><\/span>Vai Bitcoin izmanto\u0161ana nodro\u0161ina liel\u0101ku anonimit\u0101ti tie\u0161saistes pokera sp\u0113l\u0113?<span class=\"ez-toc-section-end\"><\/span><\/h3>\n<p>Bitcoin dar\u012bjumi nodro\u0161ina liel\u0101ku anonimit\u0101ti sal\u012bdzin\u0101jum\u0101 ar tradicion\u0101laj\u0101m tie\u0161saistes maks\u0101jumu metod\u0113m, jo tiem nav nepiecie\u0161ama person\u012bg\u0101 bankas inform\u0101cija. Sp\u0113l\u0113t\u0101ji tiek identific\u0113ti p\u0113c maku adres\u0113m, nevis personas datiem, lai gan piln\u012bga anonimit\u0101te nav garant\u0113ta, jo blok\u0137\u0113des dar\u012bjumus var izsekot.<\/p>\n<h3><span class=\"ez-toc-section\" id=\"What_impact_does_cryptocurrency_volatility_have_on_Bitcoin_poker_stakes\"><\/span>K\u0101 kriptoval\u016btas sv\u0101rst\u012bgums ietekm\u0113 Bitcoin pokera likmes?<span class=\"ez-toc-section-end\"><\/span><\/h3>\n<p>Bitcoin v\u0113rt\u012bba var iev\u0113rojami sv\u0101rst\u012bties, un tas var ietekm\u0113t Bitcoin pokera dal\u012bbas maksu un vinnestu re\u0101lo v\u0113rt\u012bbu. Lai gan da\u017ei sp\u0113l\u0113t\u0101ji nov\u0113rt\u0113 potenci\u0101lo v\u0113rt\u012bbas pieaugumu, citiem neparedzam\u012bba var ietekm\u0113t vi\u0146u iesp\u0113jas. <a href=\"https:\/\/coinkickoff.com\/lv\/bitcoin-casino\/bankroll-management\/\" data-internallinksmanager029f6b8e52c=\"210\" title=\"Bankroll p\u0101rvald\u012bba, veicot likmes ar Bitcoin\">bankas l\u012bdzek\u013cu p\u0101rvald\u012bba<\/a> un visp\u0101r\u0113jo strat\u0113\u0123iju.<\/p>","protected":false},"excerpt":{"rendered":"<p>Atruna: Azartsp\u0113les ir saist\u012btas ar iev\u0113rojamu finansi\u0101lu risku. L\u016bdzu, sp\u0113l\u0113jiet tikai ar naudu, kuru varat at\u013cauties zaud\u0113t. Turpm\u0101k sniegt\u0101 inform\u0101cija ir tikai informat\u012bvos nol\u016bkos. M\u0113s varam sa\u0146emt komisijas maksu, ja j\u016bs re\u0123istr\u0113jaties un zaud\u0113jat naudu k\u0101d\u0101 no \u0161iem kazino. Ne visi kazino ir pieejami vis\u0101s valst\u012bs. Visa inform\u0101cija, ko m\u0113s [...]<\/p>","protected":false},"author":1,"featured_media":4609,"parent":4440,"menu_order":0,"comment_status":"closed","ping_status":"closed","template":"","meta":{"_genesis_hide_title":false,"_genesis_hide_breadcrumbs":false,"_genesis_hide_singular_image":false,"_genesis_hide_footer_widgets":false,"_genesis_custom_body_class":"","_genesis_custom_post_class":"","_genesis_layout":"","_glsr_average":0,"_glsr_ranking":0,"_glsr_reviews":0,"footnotes":""},"class_list":{"0":"post-4605","1":"page","2":"type-page","3":"status-publish","4":"has-post-thumbnail","6":"entry"},"featured_image_src":"https:\/\/coinkickoff.com\/wp-content\/uploads\/v2-3dh1y-p4uhr-600x400.jpg","featured_image_src_square":"https:\/\/coinkickoff.com\/wp-content\/uploads\/v2-3dh1y-p4uhr-600x600.jpg","_links":{"self":[{"href":"https:\/\/coinkickoff.com\/lv\/wp-json\/wp\/v2\/pages\/4605","targetHints":{"allow":["GET"]}}],"collection":[{"href":"https:\/\/coinkickoff.com\/lv\/wp-json\/wp\/v2\/pages"}],"about":[{"href":"https:\/\/coinkickoff.com\/lv\/wp-json\/wp\/v2\/types\/page"}],"author":[{"embeddable":true,"href":"https:\/\/coinkickoff.com\/lv\/wp-json\/wp\/v2\/users\/1"}],"replies":[{"embeddable":true,"href":"https:\/\/coinkickoff.com\/lv\/wp-json\/wp\/v2\/comments?post=4605"}],"version-history":[{"count":3,"href":"https:\/\/coinkickoff.com\/lv\/wp-json\/wp\/v2\/pages\/4605\/revisions"}],"predecessor-version":[{"id":4614,"href":"https:\/\/coinkickoff.com\/lv\/wp-json\/wp\/v2\/pages\/4605\/revisions\/4614"}],"up":[{"embeddable":true,"href":"https:\/\/coinkickoff.com\/lv\/wp-json\/wp\/v2\/pages\/4440"}],"wp:featuredmedia":[{"embeddable":true,"href":"https:\/\/coinkickoff.com\/lv\/wp-json\/wp\/v2\/media\/4609"}],"wp:attachment":[{"href":"https:\/\/coinkickoff.com\/lv\/wp-json\/wp\/v2\/media?parent=4605"}],"curies":[{"name":"wp","href":"https:\/\/api.w.org\/{rel}","templated":true}]}}