{"id":4595,"date":"2026-01-08T14:07:58","date_gmt":"2026-01-08T14:07:58","guid":{"rendered":"https:\/\/coinkickoff.com\/?page_id=4595"},"modified":"2026-01-08T14:07:58","modified_gmt":"2026-01-08T14:07:58","slug":"how-is-bitcoin-roulette-different","status":"publish","type":"page","link":"https:\/\/coinkickoff.com\/lv\/bitcoin-casino\/how-is-bitcoin-roulette-different\/","title":{"rendered":"Ar ko Bitcoin rulete at\u0161\u0137iras no tradicion\u0101l\u0101s kazino ruletes?"},"content":{"rendered":"<p>Atruna: Azartsp\u0113les ir saist\u012btas ar iev\u0113rojamu finansi\u0101lu risku. L\u016bdzu, sp\u0113l\u0113jiet tikai ar naudu, kuru varat at\u013cauties zaud\u0113t. Turpm\u0101k sniegt\u0101 inform\u0101cija ir tikai informat\u012bvos nol\u016bkos. M\u0113s varam sa\u0146emt komisijas maksu, ja j\u016bs re\u0123istr\u0113jaties un zaud\u0113jat naudu k\u0101d\u0101 no turpm\u0101k min\u0113taj\u0101m sp\u0113l\u0113m. <a href=\"https:\/\/coinkickoff.com\/lv\/bitcoin-casino\/\" data-internallinksmanager029f6b8e52c=\"200\" title=\"3 lab\u0101kie Bitcoin kriptonauda kazino ar bonusiem\">kazino<\/a>. Ne visi kazino ir pieejami vis\u0101s valst\u012bs. M\u0113s uzskat\u0101m, ka visa inform\u0101cija ir pareiza public\u0113\u0161anas br\u012bd\u012b, ta\u010du t\u0101 var b\u016bt main\u012bjusies.<\/p>\n<div id=\"ez-toc-container\" class=\"ez-toc-v2_0_80 counter-hierarchy ez-toc-counter ez-toc-transparent ez-toc-container-direction\">\n<div class=\"ez-toc-title-container\">\n<p class=\"ez-toc-title\" style=\"cursor:inherit\">Sada\u013cas<\/p>\n<span class=\"ez-toc-title-toggle\"><a href=\"#\" class=\"ez-toc-pull-right ez-toc-btn ez-toc-btn-xs ez-toc-btn-default ez-toc-toggle\" aria-label=\"P\u0101rsl\u0113gt satura tabulu\"><span class=\"ez-toc-js-icon-con\"><span class=\"\"><span class=\"eztoc-hide\" style=\"display:none;\">P\u0101rsl\u0113gt<\/span><span class=\"ez-toc-icon-toggle-span\"><svg style=\"fill: #999;color:#999\" xmlns=\"http:\/\/www.w3.org\/2000\/svg\" class=\"list-377408\" width=\"20px\" height=\"20px\" viewbox=\"0 0 24 24\" fill=\"none\"><path d=\"M6 6H4v2h2V6zm14 0H8v2h12V6zM4 11h2v2H4v-2zm16 0H8v2h12v-2zM4 16h2v2H4v-2zm16 0H8v2h12v-2z\" fill=\"currentColor\"><\/path><\/svg><svg style=\"fill: #999;color:#999\" class=\"arrow-unsorted-368013\" xmlns=\"http:\/\/www.w3.org\/2000\/svg\" width=\"10px\" height=\"10px\" viewbox=\"0 0 24 24\" version=\"1.2\" baseprofile=\"tiny\"><path d=\"M18.2 9.3l-6.2-6.3-6.2 6.3c-.2.2-.3.4-.3.7s.1.5.3.7c.2.2.4.3.7.3h11c.3 0 .5-.1.7-.3.2-.2.3-.5.3-.7s-.1-.5-.3-.7zM5.8 14.7l6.2 6.3 6.2-6.3c.2-.2.3-.5.3-.7s-.1-.5-.3-.7c-.2-.2-.4-.3-.7-.3h-11c-.3 0-.5.1-.7.3-.2.2-.3.5-.3.7s.1.5.3.7z\"\/><\/svg><\/span><\/span><\/span><\/a><\/span><\/div>\n<nav><ul class='ez-toc-list ez-toc-list-level-1 eztoc-toggle-hide-by-default' ><li class='ez-toc-page-1 ez-toc-heading-level-2'><a class=\"ez-toc-link ez-toc-heading-1\" href=\"https:\/\/coinkickoff.com\/lv\/bitcoin-casino\/how-is-bitcoin-roulette-different\/#Fundamentals_of_Bitcoin_Roulette\" >Bitcoin ruletes pamati<\/a><ul class='ez-toc-list-level-3' ><li class='ez-toc-heading-level-3'><a class=\"ez-toc-link ez-toc-heading-2\" href=\"https:\/\/coinkickoff.com\/lv\/bitcoin-casino\/how-is-bitcoin-roulette-different\/#Definition_and_Mechanism\" >Defin\u012bcija un meh\u0101nisms<\/a><\/li><li class='ez-toc-page-1 ez-toc-heading-level-3'><a class=\"ez-toc-link ez-toc-heading-3\" href=\"https:\/\/coinkickoff.com\/lv\/bitcoin-casino\/how-is-bitcoin-roulette-different\/#Basic_Rules_Comparison\" >Pamatnoteikumu sal\u012bdzin\u0101jums<\/a><\/li><\/ul><\/li><li class='ez-toc-page-1 ez-toc-heading-level-2'><a class=\"ez-toc-link ez-toc-heading-4\" href=\"https:\/\/coinkickoff.com\/lv\/bitcoin-casino\/how-is-bitcoin-roulette-different\/#Technological_Aspects\" >Tehnolo\u0123iskie aspekti<\/a><ul class='ez-toc-list-level-3' ><li class='ez-toc-heading-level-3'><a class=\"ez-toc-link ez-toc-heading-5\" href=\"https:\/\/coinkickoff.com\/lv\/bitcoin-casino\/how-is-bitcoin-roulette-different\/#Software_and_Fairness\" >Programmat\u016bra un god\u012bgums<\/a><\/li><li class='ez-toc-page-1 ez-toc-heading-level-3'><a class=\"ez-toc-link ez-toc-heading-6\" href=\"https:\/\/coinkickoff.com\/lv\/bitcoin-casino\/how-is-bitcoin-roulette-different\/#Transaction_Security_and_Anonymity\" >Dar\u012bjumu dro\u0161\u012bba un anonimit\u0101te<\/a><\/li><\/ul><\/li><li class='ez-toc-page-1 ez-toc-heading-level-2'><a class=\"ez-toc-link ez-toc-heading-7\" href=\"https:\/\/coinkickoff.com\/lv\/bitcoin-casino\/how-is-bitcoin-roulette-different\/#Practical_Considerations\" >Praktiski apsv\u0113rumi<\/a><ul class='ez-toc-list-level-3' ><li class='ez-toc-heading-level-3'><a class=\"ez-toc-link ez-toc-heading-8\" href=\"https:\/\/coinkickoff.com\/lv\/bitcoin-casino\/how-is-bitcoin-roulette-different\/#Accessibility_and_Jurisdiction\" >Pieejam\u012bba un jurisdikcija<\/a><\/li><li class='ez-toc-page-1 ez-toc-heading-level-3'><a class=\"ez-toc-link ez-toc-heading-9\" href=\"https:\/\/coinkickoff.com\/lv\/bitcoin-casino\/how-is-bitcoin-roulette-different\/#Payment_Processing_Times\" >Maks\u0101jumu apstr\u0101des laiks<\/a><\/li><li class='ez-toc-page-1 ez-toc-heading-level-3'><a class=\"ez-toc-link ez-toc-heading-10\" href=\"https:\/\/coinkickoff.com\/lv\/bitcoin-casino\/how-is-bitcoin-roulette-different\/#Casino_Bonuses_and_Incentives\" >Kazino pr\u0113mijas un stimuli<\/a><\/li><\/ul><\/li><li class='ez-toc-page-1 ez-toc-heading-level-2'><a class=\"ez-toc-link ez-toc-heading-11\" href=\"https:\/\/coinkickoff.com\/lv\/bitcoin-casino\/how-is-bitcoin-roulette-different\/#Frequently_Asked_Questions\" >Bie\u017e\u0101k uzdotie jaut\u0101jumi<\/a><ul class='ez-toc-list-level-3' ><li class='ez-toc-heading-level-3'><a class=\"ez-toc-link ez-toc-heading-12\" href=\"https:\/\/coinkickoff.com\/lv\/bitcoin-casino\/how-is-bitcoin-roulette-different\/#What_are_the_distinctive_features_of_Bitcoin_roulette_compared_to_traditional_roulette\" >K\u0101das ir Bitcoin ruletes \u012bpatn\u012bbas sal\u012bdzin\u0101jum\u0101 ar tradicion\u0101lo ruleti?<\/a><\/li><li class='ez-toc-page-1 ez-toc-heading-level-3'><a class=\"ez-toc-link ez-toc-heading-13\" href=\"https:\/\/coinkickoff.com\/lv\/bitcoin-casino\/how-is-bitcoin-roulette-different\/#Can_you_use_Bitcoin_to_play_any_version_of_roulette\" >Vai ar Bitcoin var sp\u0113l\u0113t jebkuru ruletes versiju?<\/a><\/li><li class='ez-toc-page-1 ez-toc-heading-level-3'><a class=\"ez-toc-link ez-toc-heading-14\" href=\"https:\/\/coinkickoff.com\/lv\/bitcoin-casino\/how-is-bitcoin-roulette-different\/#What_advantages_do_Bitcoin_casinos_offer_for_roulette_players\" >K\u0101das priek\u0161roc\u012bbas Bitcoin kazino pied\u0101v\u0101 ruletes sp\u0113l\u0113t\u0101jiem?<\/a><\/li><li class='ez-toc-page-1 ez-toc-heading-level-3'><a class=\"ez-toc-link ez-toc-heading-15\" href=\"https:\/\/coinkickoff.com\/lv\/bitcoin-casino\/how-is-bitcoin-roulette-different\/#How_does_the_integration_of_Bitcoin_affect_the_gameplay_of_roulette\" >K\u0101 Bitcoin integr\u0101cija ietekm\u0113 ruletes sp\u0113li?<\/a><\/li><li class='ez-toc-page-1 ez-toc-heading-level-3'><a class=\"ez-toc-link ez-toc-heading-16\" href=\"https:\/\/coinkickoff.com\/lv\/bitcoin-casino\/how-is-bitcoin-roulette-different\/#Are_there_any_unique_betting_options_available_in_Bitcoin_roulette\" >Vai Bitcoin rulet\u0113 ir pieejamas k\u0101das unik\u0101las likmju izdar\u012b\u0161anas iesp\u0113jas?<\/a><\/li><li class='ez-toc-page-1 ez-toc-heading-level-3'><a class=\"ez-toc-link ez-toc-heading-17\" href=\"https:\/\/coinkickoff.com\/lv\/bitcoin-casino\/how-is-bitcoin-roulette-different\/#What_should_players_know_about_the_security_of_Bitcoin_roulette_games\" >Kas sp\u0113l\u0113t\u0101jiem j\u0101zina par Bitcoin ruletes sp\u0113\u013cu dro\u0161\u012bbu?<\/a><\/li><\/ul><\/li><\/ul><\/nav><\/div>\n<h2><span class=\"ez-toc-section\" id=\"Fundamentals_of_Bitcoin_Roulette\"><\/span>Bitcoin ruletes pamati<span class=\"ez-toc-section-end\"><\/span><\/h2>\n<p><img decoding=\"async\" src=\"https:\/\/coinkickoff.com\/wp-content\/uploads\/v2-3dgyd-6ia5o.jpg\" alt=\"\"><\/p>\n<p><a href=\"https:\/\/coinkickoff.com\/lv\/bitcoin-casino\/how-to-play-crypto-roulette\/\" data-internallinksmanager029f6b8e52c=\"206\" title=\"K\u0101 sp\u0113l\u0113t kriptogr\u0101fisko ruleti: J\u016bsu ce\u013cvedis blok\u0137\u0113\u017eu likmju veik\u0161an\u0101\">Bitcoin Roulette<\/a> darbojas p\u0113c t\u0101diem pa\u0161iem pamatprincipiem k\u0101 tradicion\u0101l\u0101 rulete, ta\u010du tiek sp\u0113l\u0113ts ar Bitcoin, nevis fiat val\u016btu, kas ietekm\u0113 dar\u012bjumu \u0101trumu un anonimit\u0101ti.<\/p>\n<h3><span class=\"ez-toc-section\" id=\"Definition_and_Mechanism\"><\/span>Defin\u012bcija un meh\u0101nisms<span class=\"ez-toc-section-end\"><\/span><\/h3>\n<p>Bitcoin rulete ir klasisk\u0101s kazino sp\u0113les digit\u0101l\u0101 vari\u0101cija, kur\u0101 der\u012bb\u0101m un dar\u012bjumiem tiek izmantots Bitcoin. Sp\u0113l\u0113t\u0101ji veic likmes par to, kur bumbi\u0146a piezem\u0113sies uz rot\u0113jo\u0161a rata, kas sadal\u012bts numur\u0113t\u0101s un kr\u0101sain\u0101s da\u013c\u0101s. Meh\u0101nisms ir l\u012bdz\u012bgs standarta ruletes meh\u0101nismam, bet galven\u0101 at\u0161\u0137ir\u012bba ir izmantot\u0101 val\u016bta. Bitcoin rulet\u0113 katrs dar\u012bjums tiek apstr\u0101d\u0101ts, izmantojot blok\u0137\u0113di, kas nodro\u0161ina p\u0101rredzam\u012bbu un samazina kr\u0101p\u0161anas iesp\u0113jam\u012bbu.<\/p>\n<ul>\n<li><strong>Dar\u012bjumu \u0101trums<\/strong>: Dar\u012bjumi ar Bitcoin ir \u0101tr\u0101ki, parasti tie aiz\u0146em da\u017eas min\u016btes.<\/li>\n<li><strong>Anonimit\u0101te<\/strong>: Sp\u0113l\u0113t\u0101ji var saglab\u0101t anonimit\u0101ti, jo, lai veiktu Bitcoin dar\u012bjumus, nav nepiecie\u0161ama personiska inform\u0101cija.<\/li>\n<\/ul>\n<h3><span class=\"ez-toc-section\" id=\"Basic_Rules_Comparison\"><\/span>Pamatnoteikumu sal\u012bdzin\u0101jums<span class=\"ez-toc-section-end\"><\/span><\/h3>\n<p>Bitcoin ruletes un parast\u0101s ruletes pamatnoteikumi b\u016bt\u012bb\u0101 ir vien\u0101di. Sp\u0113l\u0113t\u0101ji var likt likmes uz vienu skaitli, da\u017e\u0101d\u0101m skait\u013cu grup\u0101m, sarkanu vai melnu kr\u0101su, nep\u0101ra vai p\u0101ra kr\u0101su, lieliem (19-36) vai maziem (1-18) skait\u013ciem.<\/p>\n<ul>\n<li><strong>Der\u012bbu iesp\u0113jas<\/strong>:\n<ul>\n<li><strong>Viens numurs<\/strong>: Liel\u0101ks vinnests; zem\u0101kas izredzes.<\/li>\n<li><strong>Grupu numuri<\/strong>: Likmes uz skait\u013cu kop\u0101m; da\u017e\u0101di vinnesti.<\/li>\n<li><strong>Kr\u0101sas<\/strong>: Likme uz sarkano vai melno kr\u0101su; gandr\u012bz 50\/50 iesp\u0113ja.<\/li>\n<li><strong>Nep\u0101ra vai p\u0101ra<\/strong>: Der\u012bbas par to, vai skaitlis ir nep\u0101ra vai p\u0101ra.<\/li>\n<li><strong>Augsts vai zems<\/strong>: St\u0101viet uz lieliem (19-36) vai maziem (1-18) skait\u013ciem.<\/li>\n<\/ul>\n<\/li>\n<\/ul>\n<p>Noteikumos skaidri nodal\u012bta val\u016btas apstr\u0101de un iesp\u0113jam\u0101s izmaksas. Bitcoin cenu sv\u0101rst\u012bgums var ietekm\u0113t faktisko v\u0113rt\u012bbu. <a href=\"https:\/\/coinkickoff.com\/lv\/bitcoin-casino\/cash-in-bitcoin-casino-winnings\/\" data-internallinksmanager029f6b8e52c=\"211\" title=\"K\u0101 sa\u0146emt Bitcoin kazino laimestus: Soli pa solim: k\u0101 sp\u0113l\u0113t kazino kazino: soli pa solim\">vinnesti<\/a> vai zaud\u0113jumus, un minim\u0101l\u0101s un maksim\u0101l\u0101s likmes var at\u0161\u0137irties atkar\u012bb\u0101 no sp\u0113les. <a href=\"https:\/\/coinkickoff.com\/lv\/bitcoin-casino\/what-is-a-bitcoin-casino\/\" data-internallinksmanager029f6b8e52c=\"201\" title=\"Kas ir Bitcoin kazino? Izpratne par Crytpo der\u012bbu platform\u0101m\">Bitcoin kazino<\/a>politiku.<\/p>\n<h2><span class=\"ez-toc-section\" id=\"Technological_Aspects\"><\/span>Tehnolo\u0123iskie aspekti<span class=\"ez-toc-section-end\"><\/span><\/h2>\n<p><img decoding=\"async\" src=\"https:\/\/coinkickoff.com\/wp-content\/uploads\/v2-3dgyu-2s6kd.jpg\" alt=\"\"><\/p>\n<p>Sal\u012bdzinot Bitcoin ruleti ar tradicion\u0101lo ruleti, j\u0101\u0146em v\u0113r\u0101 divi galvenie tehnolo\u0123iskie apsv\u0113rumi: meh\u0101nismi, kas nodro\u0161ina programmat\u016bras god\u012bgumu, un protokoli, kas nodro\u0161ina dar\u012bjumu dro\u0161\u012bbu un anonimit\u0101ti.<\/p>\n<h3><span class=\"ez-toc-section\" id=\"Software_and_Fairness\"><\/span>Programmat\u016bra un god\u012bgums<span class=\"ez-toc-section-end\"><\/span><\/h3>\n<p>Bitcoin ruletes sp\u0113les balst\u0101s uz <strong>Iesp\u0113jami god\u012bgi<\/strong> tehnolo\u0123ija, kas \u013cauj sp\u0113l\u0113t\u0101jiem p\u0101rbaud\u012bt katras sp\u0113les rezult\u0101tus. \u0160\u012b sist\u0113ma izmanto kriptogr\u0101fijas algoritmus, lai <strong>\u0123ener\u0113t nejau\u0161as s\u0113klas.<\/strong>t\u0101d\u0113j\u0101di nodro\u0161inot, ka katrs grieziens ir nejau\u0161s un god\u012bgs. Sp\u0113l\u0113t\u0101ji parasti var p\u0101rbaud\u012bt god\u012bgumu, izmantojot <strong>verifik\u0101cijas r\u012bks<\/strong> kazino sniegto pakalpojumu.<\/p>\n<ul>\n<li>nejau\u0161o skait\u013cu \u0123ener\u0113\u0161ana (RNG): Algoritmiski rada neparedzamus rezult\u0101tus.<\/li>\n<li>P\u0101rbaudes r\u012bki: Pied\u0101v\u0101jiet p\u0101rredzamus un p\u0101rbaud\u0101mus sp\u0113les rezult\u0101tus.<\/li>\n<\/ul>\n<h3><span class=\"ez-toc-section\" id=\"Transaction_Security_and_Anonymity\"><\/span>Dar\u012bjumu dro\u0161\u012bba un anonimit\u0101te<span class=\"ez-toc-section-end\"><\/span><\/h3>\n<p>Bitcoin dar\u012bjumos izmanto <strong>blok\u0137\u0113des tehnolo\u0123ija<\/strong>, kas nodro\u0161ina noguld\u012bjumu un izmaksu dro\u0161\u012bbu, izmantojot nemain\u012bgu <a href=\"https:\/\/coinkickoff.com\/lv\/what-is-ledger-wallet\/\" data-internallinksmanager029f6b8e52c=\"167\" title=\"Ledger Wallet Atsauksmes 2023: Maks\u0101jumi, funkcijas, dro\u0161\u012bba, plusi un m\u012bnusi\">virsgr\u0101mata<\/a>, uzlabojot dro\u0161\u012bbu un nodro\u0161inot zin\u0101mu anonimit\u0101ti.<\/p>\n<ul>\n<li><strong>Dro\u0161\u012bba<\/strong>: \u0161ifr\u0113ti dar\u012bjumi, ko aizsarg\u0101 blok\u0137\u0113des tehnolo\u0123ija.<\/li>\n<li><strong>Anonimit\u0101te<\/strong>: Maz\u0101ka personas datu izpau\u0161ana sal\u012bdzin\u0101jum\u0101 ar tradicion\u0101laj\u0101m maks\u0101jumu metod\u0113m.<\/li>\n<\/ul>\n<table>\n<thead>\n<tr>\n<th>Aspect<\/th>\n<th>Ieguvums<\/th>\n<\/tr>\n<\/thead>\n<tbody>\n<tr>\n<td>\u0160ifr\u0113ti dar\u012bjumi<\/td>\n<td>Papildu dro\u0161\u012bbas l\u012bmenis pret kr\u0101p\u0161anu<\/td>\n<\/tr>\n<tr>\n<td>Nemain\u012bga virsgr\u0101mata<\/td>\n<td>Nodro\u0161ina dar\u012bjumu past\u0101v\u012bbu un izsekojam\u012bbu.<\/td>\n<\/tr>\n<tr>\n<td>Samazin\u0101ta datu izpau\u0161ana<\/td>\n<td>Sp\u0113l\u0113t\u0101ju person\u012bg\u0101 inform\u0101cija ir maz\u0101k atkl\u0101ta<\/td>\n<\/tr>\n<\/tbody>\n<\/table>\n<h2><span class=\"ez-toc-section\" id=\"Practical_Considerations\"><\/span>Praktiski apsv\u0113rumi<span class=\"ez-toc-section-end\"><\/span><\/h2>\n<p><img decoding=\"async\" src=\"https:\/\/coinkickoff.com\/wp-content\/uploads\/v2-3dgz8-pee1q.jpg\" alt=\"\"><\/p>\n<p>Iesaistoties Bitcoin rulet\u0113, lietot\u0101jiem j\u0101\u0146em v\u0113r\u0101 pieejam\u012bbas at\u0161\u0137ir\u012bbas, apstr\u0101des laiks un pied\u0101v\u0101tie unik\u0101lie bonusi, kas at\u0161\u0137iras no tradicion\u0101l\u0101s ruletes pieredzes.<\/p>\n<h3><span class=\"ez-toc-section\" id=\"Accessibility_and_Jurisdiction\"><\/span>Pieejam\u012bba un jurisdikcija<span class=\"ez-toc-section-end\"><\/span><\/h3>\n<p>Bitcoin rulete bie\u017ei vien ir pieejama sp\u0113l\u0113t\u0101jiem jurisdikcij\u0101s, kur tie\u0161saistes azartsp\u0113les ir ierobe\u017eotas vai kur nav iesp\u0113jams izmantot tradicion\u0101l\u0101s maks\u0101jumu metodes. <strong>Kriptoval\u016bta<\/strong> k\u0101 inform\u0101cijas nes\u0113js apiet daudzus reglament\u0113jo\u0161os ierobe\u017eojumus, padarot to pieejam\u0101ku. Tom\u0113r lietot\u0101jiem vajadz\u0113tu b\u016bt inform\u0113tiem par viet\u0113jiem likumiem, jo azartsp\u0113\u013cu ar kriptoval\u016bt\u0101m likum\u012bba da\u017e\u0101dos re\u0123ionos var iev\u0113rojami at\u0161\u0137irties.<\/p>\n<h3><span class=\"ez-toc-section\" id=\"Payment_Processing_Times\"><\/span>Maks\u0101jumu apstr\u0101des laiks<span class=\"ez-toc-section-end\"><\/span><\/h3>\n<ul>\n<li><strong>Bitcoin Noguld\u012bjumi:<\/strong> Parasti uzreiz vai da\u017eu min\u016b\u0161u laik\u0101.<\/li>\n<li><strong>Bitcoin iz\u0146em\u0161ana:<\/strong> Var b\u016bt no da\u017e\u0101m min\u016bt\u0113m l\u012bdz vair\u0101k\u0101m stund\u0101m.<\/li>\n<li><strong>Tradicion\u0101l\u0101s bankas metodes:<\/strong> Bie\u017ei vien gan noguld\u012bjumiem, gan izmaksu veik\u0161anai ir nepiecie\u0161amas vair\u0101kas dienas.<\/li>\n<\/ul>\n<p>Izmantojot Bitcoin, var iev\u0113rojami samazin\u0101t gaid\u012b\u0161anas laiku, kas saist\u012bts ar maks\u0101jumu apstr\u0101di tie\u0161saistes azartsp\u0113\u013cu jom\u0101. Sal\u012bdzinot ar tradicion\u0101laj\u0101m maks\u0101jumu metod\u0113m, sp\u0113l\u0113t\u0101ji bie\u017ei vien var \u0101tr\u0101k s\u0101kt sp\u0113l\u0113t un \u0101tr\u0101k sa\u0146emt savus laimestus.<\/p>\n<h3><span class=\"ez-toc-section\" id=\"Casino_Bonuses_and_Incentives\"><\/span>Kazino pr\u0113mijas un stimuli<span class=\"ez-toc-section-end\"><\/span><\/h3>\n<ul>\n<li><strong>Apsveikuma pr\u0113mijas:<\/strong> Daudzi Bitcoin kazino pied\u0101v\u0101 iev\u0113rojamus bonusus jaunajiem sp\u0113l\u0113t\u0101jiem.<\/li>\n<li><strong>Lojalit\u0101tes balvas:<\/strong> Regul\u0101ru lietot\u0101ju priek\u0161roc\u012bbas bie\u017ei vien ir liel\u0101kas pr\u0113mijas vai VIP re\u017e\u012bms.<\/li>\n<li><strong>Ekskluz\u012bvas akcijas:<\/strong> Da\u017ei kazino pied\u0101v\u0101 akcijas, kas \u012bpa\u0161i piel\u0101gotas Bitcoin lietot\u0101jiem.<\/li>\n<\/ul>\n<p>Bitcoin ruletes platform\u0101s var b\u016bt d\u0101sn\u0101kas pr\u0113mijas un stimuli, sal\u012bdzinot ar parastajiem tie\u0161saistes kazino. \u0160ie bonusi ir paredz\u0113ti, lai piesaist\u012btu un notur\u0113tu sp\u0113l\u0113t\u0101jus, kuri dod priek\u0161roku kriptoval\u016btas izmanto\u0161anai. Sp\u0113l\u0113t\u0101jiem ir svar\u012bgi izlas\u012bt ar \u0161iem bonusiem saist\u012btos noteikumus un nosac\u012bjumus, lai piln\u012bb\u0101 saprastu, k\u0101 tos var izmantot.<\/p>\n<h2><span class=\"ez-toc-section\" id=\"Frequently_Asked_Questions\"><\/span>Bie\u017e\u0101k uzdotie jaut\u0101jumi<span class=\"ez-toc-section-end\"><\/span><\/h2>\n<p><img decoding=\"async\" src=\"https:\/\/coinkickoff.com\/wp-content\/uploads\/v2-3dgzp-ju7x7.jpg\" alt=\"\"><\/p>\n<p>\u0160aj\u0101 sada\u013c\u0101 ir apl\u016bkoti bie\u017e\u0101k uzdotie jaut\u0101jumi par at\u0161\u0137ir\u012bb\u0101m starp Bitcoin ruleti un tradicion\u0101lo ruleti, un t\u0101 ir piel\u0101gota sp\u0113l\u0113t\u0101jiem, kuri mekl\u0113 skaidr\u012bbu \u0161aj\u0101 jaut\u0101jum\u0101.<\/p>\n<h3><span class=\"ez-toc-section\" id=\"What_are_the_distinctive_features_of_Bitcoin_roulette_compared_to_traditional_roulette\"><\/span>K\u0101das ir Bitcoin ruletes \u012bpatn\u012bbas sal\u012bdzin\u0101jum\u0101 ar tradicion\u0101lo ruleti?<span class=\"ez-toc-section-end\"><\/span><\/h3>\n<p>Bitcoin rulete darbojas l\u012bdz\u012bgi k\u0101 tradicion\u0101l\u0101 rulete. Galven\u0101 at\u0161\u0137ir\u012bba ir t\u0101, ka Bitcoin tiek izmantots k\u0101 val\u016bta, kas bie\u017ei vien nodro\u0161ina \u0101tr\u0101ku dar\u012bjumu veik\u0161anas laiku un liel\u0101ku sp\u0113l\u0113t\u0101ju anonimit\u0101ti.<\/p>\n<h3><span class=\"ez-toc-section\" id=\"Can_you_use_Bitcoin_to_play_any_version_of_roulette\"><\/span>Vai ar Bitcoin var sp\u0113l\u0113t jebkuru ruletes versiju?<span class=\"ez-toc-section-end\"><\/span><\/h3>\n<p>Liel\u0101k\u0101 da\u013ca Bitcoin kazino pied\u0101v\u0101 da\u017e\u0101das ruletes versijas, tostarp amerik\u0101\u0146u, Eiropas un fran\u010du ruleti. Sp\u0113l\u0113t\u0101ji, izmantojot Bitcoin, var veikt likmes \u0161aj\u0101s da\u017e\u0101d\u0101s versij\u0101s, atkar\u012bb\u0101 no kazino pied\u0101v\u0101juma.<\/p>\n<h3><span class=\"ez-toc-section\" id=\"What_advantages_do_Bitcoin_casinos_offer_for_roulette_players\"><\/span>K\u0101das priek\u0161roc\u012bbas Bitcoin kazino pied\u0101v\u0101 ruletes sp\u0113l\u0113t\u0101jiem?<span class=\"ez-toc-section-end\"><\/span><\/h3>\n<p>Bitcoin kazino bie\u017ei sniedz sp\u0113l\u0113t\u0101jiem t\u0101das priek\u0161roc\u012bbas k\u0101 zem\u0101kas dar\u012bjumu maksas, pier\u0101d\u012bti god\u012bgas sp\u0113les un iesp\u0113ja sp\u0113l\u0113t un iz\u0146emt l\u012bdzek\u013cus bez personisk\u0101s finan\u0161u inform\u0101cijas.<\/p>\n<h3><span class=\"ez-toc-section\" id=\"How_does_the_integration_of_Bitcoin_affect_the_gameplay_of_roulette\"><\/span>K\u0101 Bitcoin integr\u0101cija ietekm\u0113 ruletes sp\u0113li?<span class=\"ez-toc-section-end\"><\/span><\/h3>\n<p>Bitcoin integr\u0113\u0161ana parasti nemaina ruletes sp\u0113les pamatprincipus. Tom\u0113r t\u0101 var \u013caut \u0101tr\u0101k veikt likmju lik\u0161anu un naudas iz\u0146em\u0161anu, t\u0101d\u0113j\u0101di uzlabojot kop\u0113jo sp\u0113les tempu.<\/p>\n<h3><span class=\"ez-toc-section\" id=\"Are_there_any_unique_betting_options_available_in_Bitcoin_roulette\"><\/span>Vai Bitcoin rulet\u0113 ir pieejamas k\u0101das unik\u0101las likmju izdar\u012b\u0161anas iesp\u0113jas?<span class=\"ez-toc-section-end\"><\/span><\/h3>\n<p>Bitcoin rulete parasti pied\u0101v\u0101 t\u0101das pa\u0161as likmju izdar\u012b\u0161anas iesp\u0113jas k\u0101 parast\u0101 rulete. Tom\u0113r da\u017ei Bitcoin kazino var ieviest unik\u0101las akcijas vai likmes, lai piesaist\u012btu pla\u0161\u0101ku kriptoval\u016btas entuziastu auditoriju.<\/p>\n<h3><span class=\"ez-toc-section\" id=\"What_should_players_know_about_the_security_of_Bitcoin_roulette_games\"><\/span>Kas sp\u0113l\u0113t\u0101jiem j\u0101zina par Bitcoin ruletes sp\u0113\u013cu dro\u0161\u012bbu?<span class=\"ez-toc-section-end\"><\/span><\/h3>\n<p>Bitcoin ruletes dro\u0161\u012bba ir atkar\u012bga gan no Bitcoin pamat\u0101 eso\u0161\u0101s kriptogr\u0101fijas tehnolo\u0123ijas robustuma, gan no kazino \u012bstenotajiem dro\u0161\u012bbas pas\u0101kumiem. Sp\u0113l\u0113t\u0101jiem ir \u013coti svar\u012bgi p\u0101rliecin\u0101ties par kazino uzticam\u012bbu un t\u0101 sp\u0113\u013cu god\u012bgumu.<\/p>","protected":false},"excerpt":{"rendered":"<p>Atruna: Azartsp\u0113les ir saist\u012btas ar iev\u0113rojamu finansi\u0101lu risku. L\u016bdzu, sp\u0113l\u0113jiet tikai ar naudu, kuru varat at\u013cauties zaud\u0113t. Turpm\u0101k sniegt\u0101 inform\u0101cija ir tikai informat\u012bvos nol\u016bkos. M\u0113s varam sa\u0146emt komisijas maksu, ja j\u016bs re\u0123istr\u0113jaties un zaud\u0113jat naudu k\u0101d\u0101 no \u0161iem kazino. Ne visi kazino ir pieejami vis\u0101s valst\u012bs. Visa inform\u0101cija, ko m\u0113s [...]<\/p>","protected":false},"author":1,"featured_media":4599,"parent":4440,"menu_order":0,"comment_status":"closed","ping_status":"closed","template":"","meta":{"_genesis_hide_title":false,"_genesis_hide_breadcrumbs":false,"_genesis_hide_singular_image":false,"_genesis_hide_footer_widgets":false,"_genesis_custom_body_class":"","_genesis_custom_post_class":"","_genesis_layout":"","_glsr_average":0,"_glsr_ranking":0,"_glsr_reviews":0,"footnotes":""},"class_list":{"0":"post-4595","1":"page","2":"type-page","3":"status-publish","4":"has-post-thumbnail","6":"entry"},"featured_image_src":"https:\/\/coinkickoff.com\/wp-content\/uploads\/v2-3dgz8-pee1q-600x400.jpg","featured_image_src_square":"https:\/\/coinkickoff.com\/wp-content\/uploads\/v2-3dgz8-pee1q-600x600.jpg","_links":{"self":[{"href":"https:\/\/coinkickoff.com\/lv\/wp-json\/wp\/v2\/pages\/4595","targetHints":{"allow":["GET"]}}],"collection":[{"href":"https:\/\/coinkickoff.com\/lv\/wp-json\/wp\/v2\/pages"}],"about":[{"href":"https:\/\/coinkickoff.com\/lv\/wp-json\/wp\/v2\/types\/page"}],"author":[{"embeddable":true,"href":"https:\/\/coinkickoff.com\/lv\/wp-json\/wp\/v2\/users\/1"}],"replies":[{"embeddable":true,"href":"https:\/\/coinkickoff.com\/lv\/wp-json\/wp\/v2\/comments?post=4595"}],"version-history":[{"count":3,"href":"https:\/\/coinkickoff.com\/lv\/wp-json\/wp\/v2\/pages\/4595\/revisions"}],"predecessor-version":[{"id":4602,"href":"https:\/\/coinkickoff.com\/lv\/wp-json\/wp\/v2\/pages\/4595\/revisions\/4602"}],"up":[{"embeddable":true,"href":"https:\/\/coinkickoff.com\/lv\/wp-json\/wp\/v2\/pages\/4440"}],"wp:featuredmedia":[{"embeddable":true,"href":"https:\/\/coinkickoff.com\/lv\/wp-json\/wp\/v2\/media\/4599"}],"wp:attachment":[{"href":"https:\/\/coinkickoff.com\/lv\/wp-json\/wp\/v2\/media?parent=4595"}],"curies":[{"name":"wp","href":"https:\/\/api.w.org\/{rel}","templated":true}]}}