{"id":4585,"date":"2026-01-08T14:07:59","date_gmt":"2026-01-08T14:07:59","guid":{"rendered":"https:\/\/coinkickoff.com\/?page_id=4585"},"modified":"2026-01-08T14:07:59","modified_gmt":"2026-01-08T14:07:59","slug":"how-is-bitcoin-blackjack-different","status":"publish","type":"page","link":"https:\/\/coinkickoff.com\/lv\/bitcoin-casino\/how-is-bitcoin-blackjack-different\/","title":{"rendered":"Ar ko Bitcoin blekd\u017eeks at\u0161\u0137iras no parast\u0101 blekd\u017eeka?"},"content":{"rendered":"<p><em>Atruna: Azartsp\u0113les ir saist\u012btas ar iev\u0113rojamu finansi\u0101lu risku. L\u016bdzu, sp\u0113l\u0113jiet tikai ar naudu, kuru varat at\u013cauties zaud\u0113t. Turpm\u0101k sniegt\u0101 inform\u0101cija ir tikai informat\u012bvos nol\u016bkos. M\u0113s varam sa\u0146emt komisijas maksu, ja j\u016bs re\u0123istr\u0113jaties un zaud\u0113jat naudu k\u0101d\u0101 no turpm\u0101k min\u0113taj\u0101m sp\u0113l\u0113m. <a href=\"https:\/\/coinkickoff.com\/lv\/bitcoin-casino\/\" data-internallinksmanager029f6b8e52c=\"200\" title=\"3 lab\u0101kie Bitcoin kriptonauda kazino ar bonusiem\">kazino<\/a>. Ne visi kazino ir pieejami vis\u0101s valst\u012bs. M\u0113s uzskat\u0101m, ka visa inform\u0101cija ir pareiza public\u0113\u0161anas br\u012bd\u012b, ta\u010du t\u0101 var b\u016bt main\u012bjusies.<\/em><\/p>\n<div id=\"ez-toc-container\" class=\"ez-toc-v2_0_80 counter-hierarchy ez-toc-counter ez-toc-transparent ez-toc-container-direction\">\n<div class=\"ez-toc-title-container\">\n<p class=\"ez-toc-title\" style=\"cursor:inherit\">Sada\u013cas<\/p>\n<span class=\"ez-toc-title-toggle\"><a href=\"#\" class=\"ez-toc-pull-right ez-toc-btn ez-toc-btn-xs ez-toc-btn-default ez-toc-toggle\" aria-label=\"P\u0101rsl\u0113gt satura tabulu\"><span class=\"ez-toc-js-icon-con\"><span class=\"\"><span class=\"eztoc-hide\" style=\"display:none;\">P\u0101rsl\u0113gt<\/span><span class=\"ez-toc-icon-toggle-span\"><svg style=\"fill: #999;color:#999\" xmlns=\"http:\/\/www.w3.org\/2000\/svg\" class=\"list-377408\" width=\"20px\" height=\"20px\" viewbox=\"0 0 24 24\" fill=\"none\"><path d=\"M6 6H4v2h2V6zm14 0H8v2h12V6zM4 11h2v2H4v-2zm16 0H8v2h12v-2zM4 16h2v2H4v-2zm16 0H8v2h12v-2z\" fill=\"currentColor\"><\/path><\/svg><svg style=\"fill: #999;color:#999\" class=\"arrow-unsorted-368013\" xmlns=\"http:\/\/www.w3.org\/2000\/svg\" width=\"10px\" height=\"10px\" viewbox=\"0 0 24 24\" version=\"1.2\" baseprofile=\"tiny\"><path d=\"M18.2 9.3l-6.2-6.3-6.2 6.3c-.2.2-.3.4-.3.7s.1.5.3.7c.2.2.4.3.7.3h11c.3 0 .5-.1.7-.3.2-.2.3-.5.3-.7s-.1-.5-.3-.7zM5.8 14.7l6.2 6.3 6.2-6.3c.2-.2.3-.5.3-.7s-.1-.5-.3-.7c-.2-.2-.4-.3-.7-.3h-11c-.3 0-.5.1-.7.3-.2.2-.3.5-.3.7s.1.5.3.7z\"\/><\/svg><\/span><\/span><\/span><\/a><\/span><\/div>\n<nav><ul class='ez-toc-list ez-toc-list-level-1 eztoc-toggle-hide-by-default' ><li class='ez-toc-page-1 ez-toc-heading-level-2'><a class=\"ez-toc-link ez-toc-heading-1\" href=\"https:\/\/coinkickoff.com\/lv\/bitcoin-casino\/how-is-bitcoin-blackjack-different\/#Fundamentals_of_Bitcoin_Blackjack\" >Bitcoin blekd\u017eeka pamati<\/a><ul class='ez-toc-list-level-3' ><li class='ez-toc-heading-level-3'><a class=\"ez-toc-link ez-toc-heading-2\" href=\"https:\/\/coinkickoff.com\/lv\/bitcoin-casino\/how-is-bitcoin-blackjack-different\/#Definition_and_Operation\" >Defin\u012bcija un darb\u012bba<\/a><\/li><li class='ez-toc-page-1 ez-toc-heading-level-3'><a class=\"ez-toc-link ez-toc-heading-3\" href=\"https:\/\/coinkickoff.com\/lv\/bitcoin-casino\/how-is-bitcoin-blackjack-different\/#Key_Differences_From_Traditional_Blackjack\" >Galven\u0101s at\u0161\u0137ir\u012bbas no tradicion\u0101l\u0101 blekd\u017eeka<\/a><\/li><\/ul><\/li><li class='ez-toc-page-1 ez-toc-heading-level-2'><a class=\"ez-toc-link ez-toc-heading-4\" href=\"https:\/\/coinkickoff.com\/lv\/bitcoin-casino\/how-is-bitcoin-blackjack-different\/#Gameplay_Specifics\" >Sp\u0113les specifika<\/a><ul class='ez-toc-list-level-3' ><li class='ez-toc-heading-level-3'><a class=\"ez-toc-link ez-toc-heading-5\" href=\"https:\/\/coinkickoff.com\/lv\/bitcoin-casino\/how-is-bitcoin-blackjack-different\/#Digital_Transactions_in_Gameplay\" >Digit\u0101lie dar\u012bjumi sp\u0113l\u0113s<\/a><\/li><li class='ez-toc-page-1 ez-toc-heading-level-3'><a class=\"ez-toc-link ez-toc-heading-6\" href=\"https:\/\/coinkickoff.com\/lv\/bitcoin-casino\/how-is-bitcoin-blackjack-different\/#Use_of_Provably_Fair_Algorithms\" >Apliecino\u0161i god\u012bgu algoritmu izmanto\u0161ana<\/a><\/li><li class='ez-toc-page-1 ez-toc-heading-level-3'><a class=\"ez-toc-link ez-toc-heading-7\" href=\"https:\/\/coinkickoff.com\/lv\/bitcoin-casino\/how-is-bitcoin-blackjack-different\/#Privacy_and_Anonymity_Aspects\" >Priv\u0101tuma un anonimit\u0101tes aspekti<\/a><\/li><\/ul><\/li><li class='ez-toc-page-1 ez-toc-heading-level-2'><a class=\"ez-toc-link ez-toc-heading-8\" href=\"https:\/\/coinkickoff.com\/lv\/bitcoin-casino\/how-is-bitcoin-blackjack-different\/#Considerations_for_Players\" >Apsv\u0113rumi sp\u0113l\u0113t\u0101jiem<\/a><ul class='ez-toc-list-level-3' ><li class='ez-toc-heading-level-3'><a class=\"ez-toc-link ez-toc-heading-9\" href=\"https:\/\/coinkickoff.com\/lv\/bitcoin-casino\/how-is-bitcoin-blackjack-different\/#Volatility_of_Bitcoin_Value\" >Bitcoin v\u0113rt\u012bbas sv\u0101rst\u012bgums<\/a><\/li><li class='ez-toc-page-1 ez-toc-heading-level-3'><a class=\"ez-toc-link ez-toc-heading-10\" href=\"https:\/\/coinkickoff.com\/lv\/bitcoin-casino\/how-is-bitcoin-blackjack-different\/#Legal_and_Regulatory_Implications\" >Juridisk\u0101s un normat\u012bv\u0101s sekas<\/a><\/li><li class='ez-toc-page-1 ez-toc-heading-level-3'><a class=\"ez-toc-link ez-toc-heading-11\" href=\"https:\/\/coinkickoff.com\/lv\/bitcoin-casino\/how-is-bitcoin-blackjack-different\/#Security_and_Trustworthiness\" >Dro\u0161\u012bba un uzticam\u012bba<\/a><\/li><\/ul><\/li><li class='ez-toc-page-1 ez-toc-heading-level-2'><a class=\"ez-toc-link ez-toc-heading-12\" href=\"https:\/\/coinkickoff.com\/lv\/bitcoin-casino\/how-is-bitcoin-blackjack-different\/#Frequently_Asked_Questions\" >Bie\u017e\u0101k uzdotie jaut\u0101jumi<\/a><ul class='ez-toc-list-level-3' ><li class='ez-toc-heading-level-3'><a class=\"ez-toc-link ez-toc-heading-13\" href=\"https:\/\/coinkickoff.com\/lv\/bitcoin-casino\/how-is-bitcoin-blackjack-different\/#What_are_the_differences_in_transaction_methods_between_Bitcoin_Blackjack_and_traditional_Blackjack\" >K\u0101das ir Bitcoin blekd\u017eeka un tradicion\u0101l\u0101 blekd\u017eeka dar\u012bjumu meto\u017eu at\u0161\u0137ir\u012bbas?<\/a><\/li><li class='ez-toc-page-1 ez-toc-heading-level-3'><a class=\"ez-toc-link ez-toc-heading-14\" href=\"https:\/\/coinkickoff.com\/lv\/bitcoin-casino\/how-is-bitcoin-blackjack-different\/#Does_the_use_of_Bitcoin_in_Blackjack_affect_game_anonymity\" >Vai Bitcoin izmanto\u0161ana blekd\u017eeka sp\u0113l\u0113 ietekm\u0113 sp\u0113les anonimit\u0101ti?<\/a><\/li><li class='ez-toc-page-1 ez-toc-heading-level-3'><a class=\"ez-toc-link ez-toc-heading-15\" href=\"https:\/\/coinkickoff.com\/lv\/bitcoin-casino\/how-is-bitcoin-blackjack-different\/#Are_there_any_variations_in_game_rules_for_Blackjack_when_playing_with_Bitcoin\" >Vai, sp\u0113l\u0113jot ar Bitcoin, ir k\u0101das izmai\u0146as blekd\u017eeka sp\u0113les noteikumos?<\/a><\/li><li class='ez-toc-page-1 ez-toc-heading-level-3'><a class=\"ez-toc-link ez-toc-heading-16\" href=\"https:\/\/coinkickoff.com\/lv\/bitcoin-casino\/how-is-bitcoin-blackjack-different\/#How_do_the_odds_or_payouts_differ_in_Bitcoin_Blackjack_compared_to_regular_Blackjack\" >K\u0101 Bitcoin blekd\u017eeka izredzes vai vinnesti at\u0161\u0137iras no parast\u0101 blekd\u017eeka?<\/a><\/li><li class='ez-toc-page-1 ez-toc-heading-level-3'><a class=\"ez-toc-link ez-toc-heading-17\" href=\"https:\/\/coinkickoff.com\/lv\/bitcoin-casino\/how-is-bitcoin-blackjack-different\/#What_security_measures_are_unique_to_Bitcoin_Blackjack_games\" >K\u0101di dro\u0161\u012bbas pas\u0101kumi ir unik\u0101li Bitcoin blekd\u017eeka sp\u0113l\u0113m?<\/a><\/li><li class='ez-toc-page-1 ez-toc-heading-level-3'><a class=\"ez-toc-link ez-toc-heading-18\" href=\"https:\/\/coinkickoff.com\/lv\/bitcoin-casino\/how-is-bitcoin-blackjack-different\/#Can_Bitcoin_Blackjack_be_played_from_regions_where_traditional_online_gambling_is_restricted\" >Vai Bitcoin blekd\u017eeku var sp\u0113l\u0113t re\u0123ionos, kuros tradicion\u0101l\u0101s tie\u0161saistes azartsp\u0113les ir ierobe\u017eotas?<\/a><\/li><\/ul><\/li><\/ul><\/nav><\/div>\n<h2><span class=\"ez-toc-section\" id=\"Fundamentals_of_Bitcoin_Blackjack\"><\/span>Bitcoin blekd\u017eeka pamati<span class=\"ez-toc-section-end\"><\/span><\/h2>\n<p><img decoding=\"async\" src=\"https:\/\/coinkickoff.com\/wp-content\/uploads\/v2-3dgvp-hoj5o.jpg\" alt=\"\"><\/p>\n<p><a href=\"https:\/\/coinkickoff.com\/lv\/bitcoin-casino\/how-to-play-crypto-blackjack\/\" data-internallinksmanager029f6b8e52c=\"204\" title=\"K\u0101 sp\u0113l\u0113t kriptonauda blekd\u017eeku: k\u0101 apg\u016bt \u0161o sp\u0113li tie\u0161saist\u0113\">Bitcoin Blackjack<\/a> apvieno kriptoval\u016btu tehnolo\u0123iju ar tradicion\u0101lo n\u016bju sp\u0113li, pied\u0101v\u0101jot unik\u0101las iesp\u0113jas, kas atbilst m\u016bsdienu tehnolo\u0123iju tendenc\u0113m.<\/p>\n<h3><span class=\"ez-toc-section\" id=\"Definition_and_Operation\"><\/span>Defin\u012bcija un darb\u012bba<span class=\"ez-toc-section-end\"><\/span><\/h3>\n<p>Bitcoin blekd\u017eeks ir tradicion\u0101l\u0101s kazino sp\u0113les digit\u0101lais variants, kur\u0101 tiek izmantota digit\u0101l\u0101 val\u016bta Bitcoin. Sp\u0113l\u0113t\u0101ji var likt likmes, sa\u0146emt vinnestus un veikt visus finan\u0161u dar\u012bjumus, izmantojot Bitcoin. Darb\u012bbas pamat\u0101 ir blok\u0137\u0113de, kas nodro\u0161ina p\u0101rredzam\u012bbu un dro\u0161\u012bbu. Galvenie komponenti ir \u0161\u0101di:<\/p>\n<ul>\n<li>Bitcoin Maki: Sp\u0113l\u0113t\u0101ji tos izmanto, lai iemaks\u0101tu un iz\u0146emtu l\u012bdzek\u013cus.<\/li>\n<li>Iesp\u0113jami god\u012bga tehnolo\u0123ija: \u013bauj sp\u0113l\u0113t\u0101jiem p\u0101rbaud\u012bt katras izsp\u0113les vai izsp\u0113les god\u012bgumu.<\/li>\n<\/ul>\n<h3><span class=\"ez-toc-section\" id=\"Key_Differences_From_Traditional_Blackjack\"><\/span>Galven\u0101s at\u0161\u0137ir\u012bbas no tradicion\u0101l\u0101 blekd\u017eeka<span class=\"ez-toc-section-end\"><\/span><\/h3>\n<p>Sal\u012bdzinot ar tradicion\u0101lo kol\u0113\u0123i, Bitcoin Blackjack ir at\u0161\u0137ir\u012bgs:<\/p>\n<p><strong>Finan\u0161u dar\u012bjumi<\/strong>: Bitcoin Blackjack garant\u0113 t\u016bl\u012bt\u0113ju iemaksu un izmaksu, apejot tradicion\u0101los banku procesus un komisijas maksas.<\/p>\n<p><strong>Anonimit\u0101te<\/strong>: Sp\u0113l\u0113t\u0101ji bie\u017ei bauda liel\u0101ku priv\u0101tumu, jo Bitcoin dar\u012bjumiem nav nepiecie\u0161ama t\u0101da pati personas inform\u0101cija k\u0101 fiat val\u016bt\u0101m.<\/p>\n<p><strong>Glob\u0101l\u0101 piek\u013cuve<\/strong>: T\u0101 k\u0101 Bitcoin nav piesaist\u012bts centr\u0101lajai bankai, tas \u013cauj sp\u0113l\u0113t\u0101jiem no da\u017e\u0101d\u0101m jurisdikcij\u0101m piedal\u012bties bez viet\u0113jo azartsp\u0113\u013cu noteikumu ierobe\u017eojumiem.<\/p>\n<p><strong>Sp\u0113les god\u012bgums<\/strong>: Blok\u0137\u0113des tehnolo\u0123ijas izmanto\u0161ana pied\u0101v\u0101 pier\u0101d\u0101mi god\u012bgu sist\u0113mu, kas \u013cauj sp\u0113l\u0113t\u0101jiem p\u0101rbaud\u012bt katra sp\u0113les raunda nejau\u0161\u012bbu un god\u012bgumu.<\/p>\n<h2><span class=\"ez-toc-section\" id=\"Gameplay_Specifics\"><\/span>Sp\u0113les specifika<span class=\"ez-toc-section-end\"><\/span><\/h2>\n<p><img decoding=\"async\" src=\"https:\/\/coinkickoff.com\/wp-content\/uploads\/v2-3dgw4-jjeu5.jpg\" alt=\"\"><\/p>\n<p>Tie\u0161saistes azartsp\u0113\u013cu jom\u0101 Bitcoin Blackjack ievie\u0161 iev\u0113rojamas izmai\u0146as dar\u012bjumu procesos un dro\u0161\u012bbas protokolos, t\u0101d\u0113j\u0101di iev\u0113rojami uzlabojot sp\u0113l\u0113t\u0101ju pieredzi.<\/p>\n<h3><span class=\"ez-toc-section\" id=\"Digital_Transactions_in_Gameplay\"><\/span>Digit\u0101lie dar\u012bjumi sp\u0113l\u0113s<span class=\"ez-toc-section-end\"><\/span><\/h3>\n<p>Bitcoin Blackjack ir at\u013cauts izmantot kriptoval\u016btu likm\u0113m un vinnestiem. Sp\u0113l\u0113t\u0101jiem ir nepiecie\u0161ams <strong>depoz\u012bts Bitcoin<\/strong> sav\u0101 kazino maku, lai s\u0101ktu, un <a href=\"https:\/\/coinkickoff.com\/lv\/bitcoin-casino\/cash-in-bitcoin-casino-winnings\/\" data-internallinksmanager029f6b8e52c=\"211\" title=\"K\u0101 sa\u0146emt Bitcoin kazino laimestus: Soli pa solim: k\u0101 sp\u0113l\u0113t kazino kazino: soli pa solim\">vinnesti<\/a> ir <strong>izmaks\u0101ts Bitcoin<\/strong>, kas parasti nodro\u0161ina \u0101tr\u0101ku dar\u012bjuma veik\u0161anas laiku nek\u0101 tradicion\u0101l\u0101 val\u016bta.<\/p>\n<h3><span class=\"ez-toc-section\" id=\"Use_of_Provably_Fair_Algorithms\"><\/span>Apliecino\u0161i god\u012bgu algoritmu izmanto\u0161ana<span class=\"ez-toc-section-end\"><\/span><\/h3>\n<p>Bitcoin blekd\u017eeka tehnolo\u0123ij\u0101 tiek izmantota <strong>pier\u0101d\u0101mi god\u012bgi algoritmi<\/strong>, nodro\u0161inot p\u0101rredzam\u012bbu un taisn\u012bgumu. Sp\u0113l\u0113t\u0101ji sa\u0146em \u0161ifr\u0113tu izmantoto k\u0101r\u0161u komplektu, un p\u0113c sp\u0113les vi\u0146i var p\u0101rbaud\u012bt, vai izdal\u012bt\u0101s k\u0101rtis patie\u0161\u0101m ir biju\u0161as nejau\u0161as, izmantojot \u0161os so\u013cus:<\/p>\n<ol>\n<li>Pirms sp\u0113les s\u0101kuma sa\u0146emiet \u0161ifr\u0113tu hash.<\/li>\n<li>Sp\u0113les laik\u0101 \u0146emiet v\u0113r\u0101 k\u0101r\u0161u rezult\u0101tus.<\/li>\n<li>P\u0113c sp\u0113les izmantojiet algoritmu, lai at\u0161ifr\u0113tu hash un sal\u012bdzin\u0101tu to ar sp\u0113les izn\u0101kumu.<\/li>\n<\/ol>\n<h3><span class=\"ez-toc-section\" id=\"Privacy_and_Anonymity_Aspects\"><\/span>Priv\u0101tuma un anonimit\u0101tes aspekti<span class=\"ez-toc-section-end\"><\/span><\/h3>\n<p>Bitcoin dar\u012bjumiem nav nepiecie\u0161ama personiska inform\u0101cija, t\u0101d\u0113j\u0101di nodro\u0161inot liel\u0101ku konfidencialit\u0101ti. Sp\u0113l\u0113t\u0101ji var iesaist\u012bties Blackjack sp\u0113l\u0113s, neatkl\u0101jot sensit\u012bvus datus, t\u0101d\u0113j\u0101di piesaistot personas, kur\u0101m priorit\u0101te ir <em>anonimit\u0101te<\/em> tie\u0161saistes aktivit\u0101t\u0113s.<\/p>\n<h2><span class=\"ez-toc-section\" id=\"Considerations_for_Players\"><\/span>Apsv\u0113rumi sp\u0113l\u0113t\u0101jiem<span class=\"ez-toc-section-end\"><\/span><\/h2>\n<p><img decoding=\"async\" src=\"https:\/\/coinkickoff.com\/wp-content\/uploads\/v2-3dgws-32uf3.jpg\" alt=\"\"><\/p>\n<p>Kad sp\u0113l\u0113t\u0101ji p\u0101riet no tradicion\u0101l\u0101 blackjack uz Bitcoin blackjack, vi\u0146iem ir j\u0101\u0146em v\u0113r\u0101 t\u0101di faktori k\u0101 kriptoval\u016btas sv\u0101rst\u012bgums, juridiskie aspekti un tie\u0161saistes platformu dro\u0161\u012bbas pas\u0101kumi.<\/p>\n<h3><span class=\"ez-toc-section\" id=\"Volatility_of_Bitcoin_Value\"><\/span>Bitcoin v\u0113rt\u012bbas sv\u0101rst\u012bgums<span class=\"ez-toc-section-end\"><\/span><\/h3>\n<p><strong>Bitcoin cena sv\u0101rst\u0101s<\/strong> iev\u0113rojami, kas var ietekm\u0113t sp\u0113l\u0113t\u0101ju likmju summu. Piem\u0113ram:<\/p>\n<ul>\n<li><strong>Kad Bitcoin v\u0113rt\u012bba palielin\u0101s<\/strong>: Likme 0,01 BTC vien\u0101 dien\u0101 var b\u016bt v\u0113rta $50, bet n\u0101kamaj\u0101 - $100.<\/li>\n<li><strong>Kad Bitcoin v\u0113rt\u012bba samazin\u0101s<\/strong>: L\u012bdz br\u012bdim, kad vinnesti tiek iz\u0146emti, tie var zaud\u0113t savu v\u0113rt\u012bbu, t\u0101d\u0113j\u0101di ietekm\u0113jot kop\u0113jo rentabilit\u0101ti.<\/li>\n<\/ul>\n<h3><span class=\"ez-toc-section\" id=\"Legal_and_Regulatory_Implications\"><\/span>Juridisk\u0101s un normat\u012bv\u0101s sekas<span class=\"ez-toc-section-end\"><\/span><\/h3>\n<p>Da\u017e\u0101d\u0101s jurisdikcij\u0101s ir at\u0161\u0137ir\u012bgi ties\u012bbu akti attiec\u012bb\u0101 uz <strong>kriptoval\u016btas azartsp\u0113les<\/strong>. Sp\u0113l\u0113t\u0101jiem j\u0101apsver:<\/p>\n<ul>\n<li><strong>Likum\u012bba<\/strong>: Da\u017eos re\u0123ionos Bitcoin izmanto\u0161ana n\u016bju sp\u0113l\u0113\u0161anai ir likum\u012bga, bet citos t\u0101 ir reglament\u0113ta vai aizliegta.<\/li>\n<li><strong>Ietekme uz nodok\u013ciem<\/strong>: Uz Bitcoin vinnestiem var attiekties at\u0161\u0137ir\u012bgs nodok\u013cu re\u017e\u012bms nek\u0101 tradicion\u0101laj\u0101 val\u016bt\u0101, t\u0101p\u0113c ir nepiecie\u0161ama papildu pien\u0101c\u012bga p\u0101rbaude.<\/li>\n<\/ul>\n<h3><span class=\"ez-toc-section\" id=\"Security_and_Trustworthiness\"><\/span>Dro\u0161\u012bba un uzticam\u012bba<span class=\"ez-toc-section-end\"><\/span><\/h3>\n<p>\u013boti svar\u012bgi ir izv\u0113l\u0113ties uzticamu Bitcoin blackjack pakalpojumu sniedz\u0113ju. Sp\u0113l\u0113t\u0101jiem vajadz\u0113tu mekl\u0113t:<\/p>\n<ul>\n<li><strong>P\u0101rredzamas darb\u012bbas<\/strong>: Uzskat\u0101m\u0101s vietnes sniedz skaidru inform\u0101ciju par savu sp\u0113\u013cu god\u012bgumu un darb\u012bbas licenc\u0113m.<\/li>\n<li><strong>Dro\u0161\u012bbas pas\u0101kumi<\/strong>: Atbilsto\u0161a aizsardz\u012bba, piem\u0113ram <strong>divu faktoru autentifik\u0101cija<\/strong> un <strong>SSL \u0161ifr\u0113\u0161ana<\/strong> aizsarg\u0101t sp\u0113l\u0113t\u0101ju l\u012bdzek\u013cus un personas datus.<\/li>\n<\/ul>\n<h2><span class=\"ez-toc-section\" id=\"Frequently_Asked_Questions\"><\/span>Bie\u017e\u0101k uzdotie jaut\u0101jumi<span class=\"ez-toc-section-end\"><\/span><\/h2>\n<p><img decoding=\"async\" src=\"https:\/\/coinkickoff.com\/wp-content\/uploads\/v2-3dgx9-wx3hk.jpg\" alt=\"\"><\/p>\n<p>Turpm\u0101kaj\u0101s apak\u0161ieda\u013c\u0101s ir apl\u016bkoti bie\u017e\u0101k uzdotie jaut\u0101jumi par Bitcoin blekd\u017eeka un t\u0101 tradicion\u0101l\u0101 analoga at\u0161\u0137ir\u012bb\u0101m, piev\u0113r\u0161ot uzman\u012bbu dar\u012bjumu at\u0161\u0137ir\u012bb\u0101m, anonimit\u0101tei, sp\u0113les noteikumiem, izredz\u0113m, dro\u0161\u012bbas pas\u0101kumiem un pieejam\u012bbai.<\/p>\n<h3><span class=\"ez-toc-section\" id=\"What_are_the_differences_in_transaction_methods_between_Bitcoin_Blackjack_and_traditional_Blackjack\"><\/span>K\u0101das ir Bitcoin blekd\u017eeka un tradicion\u0101l\u0101 blekd\u017eeka dar\u012bjumu meto\u017eu at\u0161\u0137ir\u012bbas?<span class=\"ez-toc-section-end\"><\/span><\/h3>\n<p>Bitcoin Blackjack izmanto kriptoval\u016btas, galvenok\u0101rt Bitcoin, der\u012bb\u0101m un vinnestiem, kas \u013cauj veikt \u0101tr\u0101kus dar\u012bjumus un bie\u017ei samazina apstr\u0101des maksu. Tradicion\u0101lais Blackjack parasti izmanto fiat val\u016btas, kas tiek apstr\u0101d\u0101tas, izmantojot da\u017e\u0101das maks\u0101jumu sist\u0113mas, piem\u0113ram, kred\u012btkartes, bankas p\u0101rskait\u012bjumus vai e-naudas makus.<\/p>\n<h3><span class=\"ez-toc-section\" id=\"Does_the_use_of_Bitcoin_in_Blackjack_affect_game_anonymity\"><\/span>Vai Bitcoin izmanto\u0161ana blekd\u017eeka sp\u0113l\u0113 ietekm\u0113 sp\u0113les anonimit\u0101ti?<span class=\"ez-toc-section-end\"><\/span><\/h3>\n<p>Sp\u0113l\u0113jot blekd\u017eeku ar Bitcoin, var ieg\u016bt liel\u0101ku anonimit\u0101ti, jo dar\u012bjumiem nav nepiecie\u0161ama person\u012bga finan\u0161u inform\u0101cija. Tom\u0113r sp\u0113l\u0113t\u0101jiem j\u0101\u0146em v\u0113r\u0101, ka piln\u012bgu anonimit\u0101ti var negarant\u0113t platformas politikas vai regulat\u012bvo pras\u012bbu d\u0113\u013c.<\/p>\n<h3><span class=\"ez-toc-section\" id=\"Are_there_any_variations_in_game_rules_for_Blackjack_when_playing_with_Bitcoin\"><\/span>Vai, sp\u0113l\u0113jot ar Bitcoin, ir k\u0101das izmai\u0146as blekd\u017eeka sp\u0113les noteikumos?<span class=\"ez-toc-section-end\"><\/span><\/h3>\n<p>Bitcoin blekd\u017eeka galvenie noteikumi nav main\u012bju\u0161ies. Sp\u0113l\u0113t\u0101ju m\u0113r\u0137is ir p\u0101rsp\u0113t d\u012bleri, pietuvojoties kop\u0113jai 21, nep\u0101rsniedzot to. Tom\u0113r da\u017ei Bitcoin kazino var pied\u0101v\u0101t unik\u0101las vari\u0101cijas vai blakus likmes, kas ir rakstur\u012bgas to platformai.<\/p>\n<h3><span class=\"ez-toc-section\" id=\"How_do_the_odds_or_payouts_differ_in_Bitcoin_Blackjack_compared_to_regular_Blackjack\"><\/span>K\u0101 Bitcoin blekd\u017eeka izredzes vai vinnesti at\u0161\u0137iras no parast\u0101 blekd\u017eeka?<span class=\"ez-toc-section-end\"><\/span><\/h3>\n<p>Bitcoin blekd\u017eeka izredzes un vinnesti parasti ir t\u0101di pa\u0161i k\u0101 tradicion\u0101laj\u0101 blekd\u017eeka sp\u0113l\u0113, iev\u0113rojot standarta kazino praksi. Tom\u0113r Bitcoin kazino var pied\u0101v\u0101t pievilc\u012bg\u0101kas izredzes vai bonusu izmaksas, lai piesaist\u012btu sp\u0113l\u0113t\u0101jus izmantot kriptoval\u016btas.<\/p>\n<h3><span class=\"ez-toc-section\" id=\"What_security_measures_are_unique_to_Bitcoin_Blackjack_games\"><\/span>K\u0101di dro\u0161\u012bbas pas\u0101kumi ir unik\u0101li Bitcoin blekd\u017eeka sp\u0113l\u0113m?<span class=\"ez-toc-section-end\"><\/span><\/h3>\n<p>Bitcoin Blackjack izmanto blok\u0137\u0113des tehnolo\u0123iju, kas nodro\u0161ina decentraliz\u0113tu dar\u012bjumu verifik\u0101ciju un uzlabotu dro\u0161\u012bbu. Da\u017ei kazino pied\u0101v\u0101 ar\u012b pier\u0101d\u0101mi god\u012bgus algoritmus, kas \u013cauj sp\u0113l\u0113t\u0101jiem p\u0101rbaud\u012bt katras izsp\u0113les god\u012bgumu p\u0113c t\u0101s izsp\u0113les.<\/p>\n<h3><span class=\"ez-toc-section\" id=\"Can_Bitcoin_Blackjack_be_played_from_regions_where_traditional_online_gambling_is_restricted\"><\/span>Vai Bitcoin blekd\u017eeku var sp\u0113l\u0113t re\u0123ionos, kuros tradicion\u0101l\u0101s tie\u0161saistes azartsp\u0113les ir ierobe\u017eotas?<span class=\"ez-toc-section-end\"><\/span><\/h3>\n<p>Bitcoin blekd\u017eeka sp\u0113lei da\u017ek\u0101rt var piek\u013c\u016bt no jurisdikcij\u0101m, kur\u0101s tradicion\u0101l\u0101s tie\u0161saistes azartsp\u0113les ir ierobe\u017eotas, jo Bitcoin ir decentraliz\u0113ta. Tom\u0113r sp\u0113l\u0113t\u0101jiem ir j\u0101zina viet\u0113jie likumi, jo noteikumi var iev\u0113rojami at\u0161\u0137irties un laika gait\u0101 main\u012bties.<\/p>","protected":false},"excerpt":{"rendered":"<p>Atruna: Azartsp\u0113les ir saist\u012btas ar iev\u0113rojamu finansi\u0101lu risku. L\u016bdzu, sp\u0113l\u0113jiet tikai ar naudu, kuru varat at\u013cauties zaud\u0113t. Turpm\u0101k sniegt\u0101 inform\u0101cija ir tikai informat\u012bvos nol\u016bkos. M\u0113s varam sa\u0146emt komisijas maksu, ja j\u016bs re\u0123istr\u0113jaties un zaud\u0113jat naudu k\u0101d\u0101 no \u0161iem kazino. Ne visi kazino ir pieejami vis\u0101s valst\u012bs. Visa inform\u0101cija, ko m\u0113s [...]<\/p>","protected":false},"author":1,"featured_media":4586,"parent":4440,"menu_order":0,"comment_status":"closed","ping_status":"closed","template":"","meta":{"_genesis_hide_title":false,"_genesis_hide_breadcrumbs":false,"_genesis_hide_singular_image":false,"_genesis_hide_footer_widgets":false,"_genesis_custom_body_class":"","_genesis_custom_post_class":"","_genesis_layout":"","_glsr_average":0,"_glsr_ranking":0,"_glsr_reviews":0,"footnotes":""},"class_list":{"0":"post-4585","1":"page","2":"type-page","3":"status-publish","4":"has-post-thumbnail","6":"entry"},"featured_image_src":"https:\/\/coinkickoff.com\/wp-content\/uploads\/v2-3dgvp-hoj5o-600x400.jpg","featured_image_src_square":"https:\/\/coinkickoff.com\/wp-content\/uploads\/v2-3dgvp-hoj5o-600x600.jpg","_links":{"self":[{"href":"https:\/\/coinkickoff.com\/lv\/wp-json\/wp\/v2\/pages\/4585","targetHints":{"allow":["GET"]}}],"collection":[{"href":"https:\/\/coinkickoff.com\/lv\/wp-json\/wp\/v2\/pages"}],"about":[{"href":"https:\/\/coinkickoff.com\/lv\/wp-json\/wp\/v2\/types\/page"}],"author":[{"embeddable":true,"href":"https:\/\/coinkickoff.com\/lv\/wp-json\/wp\/v2\/users\/1"}],"replies":[{"embeddable":true,"href":"https:\/\/coinkickoff.com\/lv\/wp-json\/wp\/v2\/comments?post=4585"}],"version-history":[{"count":3,"href":"https:\/\/coinkickoff.com\/lv\/wp-json\/wp\/v2\/pages\/4585\/revisions"}],"predecessor-version":[{"id":4592,"href":"https:\/\/coinkickoff.com\/lv\/wp-json\/wp\/v2\/pages\/4585\/revisions\/4592"}],"up":[{"embeddable":true,"href":"https:\/\/coinkickoff.com\/lv\/wp-json\/wp\/v2\/pages\/4440"}],"wp:featuredmedia":[{"embeddable":true,"href":"https:\/\/coinkickoff.com\/lv\/wp-json\/wp\/v2\/media\/4586"}],"wp:attachment":[{"href":"https:\/\/coinkickoff.com\/lv\/wp-json\/wp\/v2\/media?parent=4585"}],"curies":[{"name":"wp","href":"https:\/\/api.w.org\/{rel}","templated":true}]}}