{"id":4575,"date":"2026-01-08T14:08:04","date_gmt":"2026-01-08T14:08:04","guid":{"rendered":"https:\/\/coinkickoff.com\/?page_id=4575"},"modified":"2026-01-08T14:08:04","modified_gmt":"2026-01-08T14:08:04","slug":"how-are-bitcoin-casinos-different","status":"publish","type":"page","link":"https:\/\/coinkickoff.com\/lv\/bitcoin-casino\/how-are-bitcoin-casinos-different\/","title":{"rendered":"Ar ko Bitcoin kazino at\u0161\u0137iras no tradicion\u0101lajiem kazino?"},"content":{"rendered":"<p><em>Atruna: Azartsp\u0113les ir saist\u012btas ar iev\u0113rojamu finansi\u0101lu risku. L\u016bdzu, sp\u0113l\u0113jiet tikai ar naudu, kuru varat at\u013cauties zaud\u0113t. Turpm\u0101k sniegt\u0101 inform\u0101cija ir tikai informat\u012bvos nol\u016bkos. M\u0113s varam sa\u0146emt komisijas maksu, ja j\u016bs re\u0123istr\u0113jaties un zaud\u0113jat naudu k\u0101d\u0101 no turpm\u0101k min\u0113taj\u0101m sp\u0113l\u0113m. <a href=\"https:\/\/coinkickoff.com\/lv\/bitcoin-casino\/\" data-internallinksmanager029f6b8e52c=\"200\" title=\"3 lab\u0101kie Bitcoin kriptonauda kazino ar bonusiem\">kazino<\/a>. Ne visi kazino ir pieejami vis\u0101s valst\u012bs. M\u0113s uzskat\u0101m, ka visa inform\u0101cija ir pareiza public\u0113\u0161anas br\u012bd\u012b, ta\u010du t\u0101 var b\u016bt main\u012bjusies.<\/em><\/p>\n<div id=\"ez-toc-container\" class=\"ez-toc-v2_0_80 counter-hierarchy ez-toc-counter ez-toc-transparent ez-toc-container-direction\">\n<div class=\"ez-toc-title-container\">\n<p class=\"ez-toc-title\" style=\"cursor:inherit\">Sada\u013cas<\/p>\n<span class=\"ez-toc-title-toggle\"><a href=\"#\" class=\"ez-toc-pull-right ez-toc-btn ez-toc-btn-xs ez-toc-btn-default ez-toc-toggle\" aria-label=\"P\u0101rsl\u0113gt satura tabulu\"><span class=\"ez-toc-js-icon-con\"><span class=\"\"><span class=\"eztoc-hide\" style=\"display:none;\">P\u0101rsl\u0113gt<\/span><span class=\"ez-toc-icon-toggle-span\"><svg style=\"fill: #999;color:#999\" xmlns=\"http:\/\/www.w3.org\/2000\/svg\" class=\"list-377408\" width=\"20px\" height=\"20px\" viewbox=\"0 0 24 24\" fill=\"none\"><path d=\"M6 6H4v2h2V6zm14 0H8v2h12V6zM4 11h2v2H4v-2zm16 0H8v2h12v-2zM4 16h2v2H4v-2zm16 0H8v2h12v-2z\" fill=\"currentColor\"><\/path><\/svg><svg style=\"fill: #999;color:#999\" class=\"arrow-unsorted-368013\" xmlns=\"http:\/\/www.w3.org\/2000\/svg\" width=\"10px\" height=\"10px\" viewbox=\"0 0 24 24\" version=\"1.2\" baseprofile=\"tiny\"><path d=\"M18.2 9.3l-6.2-6.3-6.2 6.3c-.2.2-.3.4-.3.7s.1.5.3.7c.2.2.4.3.7.3h11c.3 0 .5-.1.7-.3.2-.2.3-.5.3-.7s-.1-.5-.3-.7zM5.8 14.7l6.2 6.3 6.2-6.3c.2-.2.3-.5.3-.7s-.1-.5-.3-.7c-.2-.2-.4-.3-.7-.3h-11c-.3 0-.5.1-.7.3-.2.2-.3.5-.3.7s.1.5.3.7z\"\/><\/svg><\/span><\/span><\/span><\/a><\/span><\/div>\n<nav><ul class='ez-toc-list ez-toc-list-level-1 eztoc-toggle-hide-by-default' ><li class='ez-toc-page-1 ez-toc-heading-level-2'><a class=\"ez-toc-link ez-toc-heading-1\" href=\"https:\/\/coinkickoff.com\/lv\/bitcoin-casino\/how-are-bitcoin-casinos-different\/#Fundamental_Differences_Between_Bitcoin_and_Traditional_Casinos\" >Pamatat\u0161\u0137ir\u012bbas starp Bitcoin un tradicion\u0101lajiem kazino<\/a><ul class='ez-toc-list-level-3' ><li class='ez-toc-heading-level-3'><a class=\"ez-toc-link ez-toc-heading-2\" href=\"https:\/\/coinkickoff.com\/lv\/bitcoin-casino\/how-are-bitcoin-casinos-different\/#Currency_Used_for_Transactions\" >Dar\u012bjumiem izmantot\u0101 val\u016bta<\/a><\/li><li class='ez-toc-page-1 ez-toc-heading-level-3'><a class=\"ez-toc-link ez-toc-heading-3\" href=\"https:\/\/coinkickoff.com\/lv\/bitcoin-casino\/how-are-bitcoin-casinos-different\/#Operational_Transparency\" >Darb\u012bbas p\u0101rredzam\u012bba<\/a><\/li><li class='ez-toc-page-1 ez-toc-heading-level-3'><a class=\"ez-toc-link ez-toc-heading-4\" href=\"https:\/\/coinkickoff.com\/lv\/bitcoin-casino\/how-are-bitcoin-casinos-different\/#Legal_and_Regulatory_Landscape\" >Juridisk\u0101 un normat\u012bv\u0101 vide<\/a><\/li><\/ul><\/li><li class='ez-toc-page-1 ez-toc-heading-level-2'><a class=\"ez-toc-link ez-toc-heading-5\" href=\"https:\/\/coinkickoff.com\/lv\/bitcoin-casino\/how-are-bitcoin-casinos-different\/#Technological_Aspects_of_Bitcoin_Casinos\" >Bitcoin kazino tehnolo\u0123iskie aspekti<\/a><ul class='ez-toc-list-level-3' ><li class='ez-toc-heading-level-3'><a class=\"ez-toc-link ez-toc-heading-6\" href=\"https:\/\/coinkickoff.com\/lv\/bitcoin-casino\/how-are-bitcoin-casinos-different\/#Blockchain_Technology_Implementation\" >Blok\u0137\u0113des tehnolo\u0123ijas ievie\u0161ana<\/a><\/li><li class='ez-toc-page-1 ez-toc-heading-level-3'><a class=\"ez-toc-link ez-toc-heading-7\" href=\"https:\/\/coinkickoff.com\/lv\/bitcoin-casino\/how-are-bitcoin-casinos-different\/#Provably_Fair_Gaming_Mechanisms\" >Iesp\u0113jami god\u012bgi sp\u0113\u013cu meh\u0101nismi<\/a><\/li><li class='ez-toc-page-1 ez-toc-heading-level-3'><a class=\"ez-toc-link ez-toc-heading-8\" href=\"https:\/\/coinkickoff.com\/lv\/bitcoin-casino\/how-are-bitcoin-casinos-different\/#Anonymity_and_Security_Features\" >Anonimit\u0101tes un dro\u0161\u012bbas funkcijas<\/a><\/li><\/ul><\/li><li class='ez-toc-page-1 ez-toc-heading-level-2'><a class=\"ez-toc-link ez-toc-heading-9\" href=\"https:\/\/coinkickoff.com\/lv\/bitcoin-casino\/how-are-bitcoin-casinos-different\/#User_Experience_in_Bitcoin_versus_Regular_Casinos\" >Lietot\u0101ja pieredze Bitcoin sal\u012bdzin\u0101jum\u0101 ar parastajiem kazino<\/a><ul class='ez-toc-list-level-3' ><li class='ez-toc-heading-level-3'><a class=\"ez-toc-link ez-toc-heading-10\" href=\"https:\/\/coinkickoff.com\/lv\/bitcoin-casino\/how-are-bitcoin-casinos-different\/#Account_Funding_and_Withdrawal_Process\" >Konta finans\u0113\u0161anas un iz\u0146em\u0161anas process<\/a><\/li><li class='ez-toc-page-1 ez-toc-heading-level-3'><a class=\"ez-toc-link ez-toc-heading-11\" href=\"https:\/\/coinkickoff.com\/lv\/bitcoin-casino\/how-are-bitcoin-casinos-different\/#Bonuses_and_Incentives\" >Pr\u0113mijas un stimuli<\/a><\/li><li class='ez-toc-page-1 ez-toc-heading-level-3'><a class=\"ez-toc-link ez-toc-heading-12\" href=\"https:\/\/coinkickoff.com\/lv\/bitcoin-casino\/how-are-bitcoin-casinos-different\/#Geographical_Accessibility_and_Restrictions\" >\u0122eogr\u0101fisk\u0101 pieejam\u012bba un ierobe\u017eojumi<\/a><\/li><\/ul><\/li><li class='ez-toc-page-1 ez-toc-heading-level-2'><a class=\"ez-toc-link ez-toc-heading-13\" href=\"https:\/\/coinkickoff.com\/lv\/bitcoin-casino\/how-are-bitcoin-casinos-different\/#Frequently_Asked_Questions\" >Bie\u017e\u0101k uzdotie jaut\u0101jumi<\/a><ul class='ez-toc-list-level-3' ><li class='ez-toc-heading-level-3'><a class=\"ez-toc-link ez-toc-heading-14\" href=\"https:\/\/coinkickoff.com\/lv\/bitcoin-casino\/how-are-bitcoin-casinos-different\/#What_factors_make_crypto_casinos_more_advantageous_than_traditional_ones\" >K\u0101di faktori padara kriptogr\u0101fiskos kazino izdev\u012bg\u0101kus par tradicion\u0101lajiem?<\/a><\/li><li class='ez-toc-page-1 ez-toc-heading-level-3'><a class=\"ez-toc-link ez-toc-heading-15\" href=\"https:\/\/coinkickoff.com\/lv\/bitcoin-casino\/how-are-bitcoin-casinos-different\/#Are_there_any_risks_associated_with_using_Bitcoin_for_online_gambling\" >Vai ir k\u0101di riski, kas saist\u012bti ar Bitcoin izmanto\u0161anu tie\u0161saistes azartsp\u0113\u013cu sp\u0113l\u0113\u0161anai?<\/a><\/li><li class='ez-toc-page-1 ez-toc-heading-level-3'><a class=\"ez-toc-link ez-toc-heading-16\" href=\"https:\/\/coinkickoff.com\/lv\/bitcoin-casino\/how-are-bitcoin-casinos-different\/#How_do_the_security_measures_in_Bitcoin_casinos_compare_to_those_in_traditional_casinos\" >K\u0101 Bitcoin kazino dro\u0161\u012bbas pas\u0101kumi ir sal\u012bdzin\u0101mi ar tradicion\u0101lo kazino dro\u0161\u012bbas pas\u0101kumiem?<\/a><\/li><li class='ez-toc-page-1 ez-toc-heading-level-3'><a class=\"ez-toc-link ez-toc-heading-17\" href=\"https:\/\/coinkickoff.com\/lv\/bitcoin-casino\/how-are-bitcoin-casinos-different\/#Can_players_expect_provably_fair_gaming_in_Bitcoin_casinos\" >Vai Bitcoin kazino sp\u0113l\u0113t\u0101ji var sagaid\u012bt pier\u0101d\u0101mi god\u012bgas sp\u0113les?<\/a><\/li><li class='ez-toc-page-1 ez-toc-heading-level-3'><a class=\"ez-toc-link ez-toc-heading-18\" href=\"https:\/\/coinkickoff.com\/lv\/bitcoin-casino\/how-are-bitcoin-casinos-different\/#What_are_the_unique_benefits_of_gambling_with_Bitcoin\" >K\u0101das ir unik\u0101l\u0101s priek\u0161roc\u012bbas, sp\u0113l\u0113jot Bitcoin?<\/a><\/li><li class='ez-toc-page-1 ez-toc-heading-level-3'><a class=\"ez-toc-link ez-toc-heading-19\" href=\"https:\/\/coinkickoff.com\/lv\/bitcoin-casino\/how-are-bitcoin-casinos-different\/#How_does_the_regulatory_landscape_for_Bitcoin_casinos_differ_from_traditional_gambling_venues\" >K\u0101 Bitcoin kazino regul\u0113jums at\u0161\u0137iras no tradicion\u0101laj\u0101m azartsp\u0113\u013cu viet\u0101m?<\/a><\/li><\/ul><\/li><\/ul><\/nav><\/div>\n<h2><span class=\"ez-toc-section\" id=\"Fundamental_Differences_Between_Bitcoin_and_Traditional_Casinos\"><\/span>Pamatat\u0161\u0137ir\u012bbas starp Bitcoin un tradicion\u0101lajiem kazino<span class=\"ez-toc-section-end\"><\/span><\/h2>\n<p><img decoding=\"async\" src=\"https:\/\/coinkickoff.com\/wp-content\/uploads\/v2-3dgrx-7h0pa.jpg\" alt=\"\"><\/p>\n<p><a href=\"https:\/\/coinkickoff.com\/lv\/bitcoin-btc\/\" data-internallinksmanager029f6b8e52c=\"1\" title=\"Kas ir Bitcoin (BTC)? Cena, v\u0113sture un kur nopirkt\">Bitcoin<\/a> kazino un tradicion\u0101lie kazino at\u0161\u0137iras galvenok\u0101rt p\u0113c val\u016btas nes\u0113ja, p\u0101rredzam\u012bbas l\u012bme\u0146a un regul\u0113juma vides, kur\u0101 tie darbojas.<\/p>\n<h3><span class=\"ez-toc-section\" id=\"Currency_Used_for_Transactions\"><\/span>Dar\u012bjumiem izmantot\u0101 val\u016bta<span class=\"ez-toc-section-end\"><\/span><\/h3>\n<p><strong>Bitcoin Kazino:<\/strong> Dar\u012bjumi tiek veikti, izmantojot kriptoval\u016btas, piem\u0113ram, Bitcoin, <a href=\"https:\/\/coinkickoff.com\/lv\/ethereum-eth\/\" data-internallinksmanager029f6b8e52c=\"2\" title=\"Kas ir Ethereum (ETH)? Cena, v\u0113sture un kur nopirkt\">Ethereum<\/a>vai citu altcoins. \u0160\u012bs digit\u0101l\u0101s val\u016btas atvieglo anon\u012bmus dar\u012bjumus, bie\u017ei vien ar zem\u0101ku komisijas maksu un \u0101tr\u0101ku apstr\u0101des laiku sal\u012bdzin\u0101jum\u0101 ar fiat val\u016bt\u0101m.<\/p>\n<ul>\n<li><strong>Anonimit\u0101te:<\/strong> Lietot\u0101ji var veikt dar\u012bjumus, neatkl\u0101jot personisko inform\u0101ciju.<\/li>\n<li><strong>Nodevas:<\/strong> Bie\u017ei vien tie ir zem\u0101ki nek\u0101 ar kred\u012btkart\u0113m vai bankas p\u0101rskait\u012bjumiem saist\u012btie maks\u0101jumi.<\/li>\n<li><strong>\u0100trums:<\/strong> Dar\u012bjumi tiek apstr\u0101d\u0101ti \u0101tri, da\u017ek\u0101rt da\u017eu min\u016b\u0161u laik\u0101.<\/li>\n<\/ul>\n<p><strong>Tradicion\u0101lie kazino:<\/strong> \u0160aj\u0101s iest\u0101d\u0113s visiem dar\u012bjumiem parasti izmanto fiat val\u016btas, piem\u0113ram, USD, EUR vai GBP. \u0160\u012b tradicion\u0101l\u0101 banku darb\u012bba ietver detaliz\u0113tu uzskaiti un identit\u0101tes p\u0101rbaudes procesus.<\/p>\n<ul>\n<li><strong>Personas dati:<\/strong> Dar\u012bjumiem ir nepiecie\u0161ama personas datu izpau\u0161ana.<\/li>\n<li><strong>Nodevas:<\/strong> Par dar\u012bjumiem var tikt piem\u0113rota augst\u0101ka maksa.<\/li>\n<li><strong>Apstr\u0101des laiks:<\/strong> L\u012bdzek\u013cu p\u0101rskait\u012b\u0161ana vai dz\u0113\u0161ana var aiz\u0146emt vair\u0101kas dienas.<\/li>\n<\/ul>\n<h3><span class=\"ez-toc-section\" id=\"Operational_Transparency\"><\/span>Darb\u012bbas p\u0101rredzam\u012bba<span class=\"ez-toc-section-end\"><\/span><\/h3>\n<p><strong>Bitcoin Kazino:<\/strong> Pateicoties blok\u0137\u0113des tehnolo\u0123ijai, kas ir kriptoval\u016btu dar\u012bjumu pamat\u0101, t\u0101s parasti nodro\u0161ina augst\u0101ku p\u0101rredzam\u012bbas pak\u0101pi. Blok\u0137\u0113de nodro\u0161ina publisku, nemain\u012bgu <a href=\"https:\/\/coinkickoff.com\/lv\/what-is-ledger-wallet\/\" data-internallinksmanager029f6b8e52c=\"167\" title=\"Ledger Wallet Atsauksmes 2023: Maks\u0101jumi, funkcijas, dro\u0161\u012bba, plusi un m\u012bnusi\">virsgr\u0101mata<\/a>, padarot dar\u012bjumu v\u0113sturi viegli pieejamu un p\u0101rbaud\u0101mu.<\/p>\n<ul>\n<li><strong>Iesp\u0113jami god\u012bgi:<\/strong> Da\u017ei Bitcoin kazino izmanto \"Provably Fair\" algoritmus, kas \u013cauj sp\u0113l\u0113t\u0101jiem p\u0101rbaud\u012bt katras sp\u0113les rezult\u0101tu god\u012bgumu.<\/li>\n<\/ul>\n<p><strong>Tradicion\u0101lie kazino:<\/strong> P\u0101rredzam\u012bbu regul\u0113 azartsp\u0113\u013cu iest\u0101des, ta\u010du iek\u0161\u0113j\u0101 darb\u012bba un sp\u0113\u013cu algoritmi parasti nav pieejami publiskai rev\u012bzijai vai p\u0101rbaudei.<\/p>\n<ul>\n<li><strong>Regul\u0113ts god\u012bgums:<\/strong> Sp\u0113\u013cu god\u012bgumu ir sertific\u0113ju\u0161as regulat\u012bv\u0101s iest\u0101des, ta\u010du detaliz\u0113ti programmat\u016bras meh\u0101nismi netiek publiski atkl\u0101ti.<\/li>\n<\/ul>\n<h3><span class=\"ez-toc-section\" id=\"Legal_and_Regulatory_Landscape\"><\/span>Juridisk\u0101 un normat\u012bv\u0101 vide<span class=\"ez-toc-section-end\"><\/span><\/h3>\n<p><strong>Bitcoin Kazino:<\/strong> T\u0101s darbojas strauji main\u012bg\u0101 tiesiskaj\u0101 regul\u0113jum\u0101. Daudzos re\u0123ionos v\u0113l nav izstr\u0101d\u0101ti skaidri ties\u012bbu akti, kas reglament\u0113 kriptoval\u016btu izmanto\u0161anu azartsp\u0113l\u0113s, un t\u0101d\u0113j\u0101di atbilst\u012bbas pras\u012bbas ir neviendab\u012bgas.<\/p>\n<ul>\n<li><strong>Main\u012bgs regul\u0113jums:<\/strong> Juridiskais statuss var \u0101tri main\u012bties, un atbilst\u012bba at\u0161\u0137iras atkar\u012bb\u0101 no jurisdikcijas.<\/li>\n<li><strong>Glob\u0101l\u0101 piek\u013cuve:<\/strong> Atkar\u012bb\u0101 no viet\u0113jiem ties\u012bbu aktiem bie\u017ei vien ir pieejami vis\u0101 pasaul\u0113.<\/li>\n<\/ul>\n<p><strong>Tradicion\u0101lie kazino:<\/strong> Vis\u0101 pasaul\u0113 to stingri reglament\u0113 noteiktas valsts iest\u0101des. T\u0101s ir pak\u013cautas stingriem likumiem un noteikumiem, kas reglament\u0113 to licenc\u0113\u0161anu, darb\u012bbas praksi un finan\u0161u p\u0101rskatu snieg\u0161anu.<\/p>\n<ul>\n<li><strong>Stingra uzraudz\u012bba:<\/strong> Ir oblig\u0101ti j\u0101iev\u0113ro daudzi juridiskie un finan\u0161u noteikumi.<\/li>\n<li><strong>\u0122eogr\u0101fiskie ierobe\u017eojumi:<\/strong> Parasti t\u0101m ir pien\u0101kums darboties savas licenc\u0113\u0161anas iest\u0101des jurisdikcij\u0101.<\/li>\n<\/ul>\n<h2><span class=\"ez-toc-section\" id=\"Technological_Aspects_of_Bitcoin_Casinos\"><\/span>Bitcoin kazino tehnolo\u0123iskie aspekti<span class=\"ez-toc-section-end\"><\/span><\/h2>\n<p><img decoding=\"async\" src=\"https:\/\/coinkickoff.com\/wp-content\/uploads\/v2-3dgss-o0d7k.jpg\" alt=\"\"><\/p>\n<p>Bitcoin kazino at\u0161\u0137iras ar modern\u0101m tehnolo\u0123ij\u0101m, kas pied\u0101v\u0101 uzlabotu dro\u0161\u012bbu, god\u012bgumu un p\u0101rredzam\u012bbu. \u0160\u012b tehnolo\u0123isk\u0101 priek\u0161roc\u012bba ir redzama, apstr\u0101d\u0101jot dar\u012bjumus, p\u0101rbaudot god\u012bgumu un aizsarg\u0101jot priv\u0101tumu.<\/p>\n<h3><span class=\"ez-toc-section\" id=\"Blockchain_Technology_Implementation\"><\/span>Blok\u0137\u0113des tehnolo\u0123ijas ievie\u0161ana<span class=\"ez-toc-section-end\"><\/span><\/h3>\n<p><strong>Bitcoin kazino<\/strong> izmantot blok\u0137\u0113des tehnolo\u0123iju, lai atvieglotu dar\u012bjumus ar kriptoval\u016btu. . <strong>blok\u0137\u0113de<\/strong> ir decentraliz\u0113ta virsgr\u0101mata, kur\u0101 tiek re\u0123istr\u0113ti visi dar\u012bjumi datoru t\u012bkl\u0101. Tas nodro\u0161ina, ka:<\/p>\n<ul>\n<li><strong>Dar\u012bjumi<\/strong> ir <strong>caursp\u012bd\u012bgs<\/strong> un <strong>nemain\u012bgs<\/strong>.<\/li>\n<li>Sp\u0113l\u0113t\u0101ji var iemaks\u0101t un iz\u0146emt <strong>bitcoins<\/strong> tie\u0161i, <strong>nov\u0113r\u0161ot nepiecie\u0161am\u012bbu p\u0113c tre\u0161o pu\u0161u banku iest\u0101d\u0113m.<\/strong>.<\/li>\n<\/ul>\n<h3><span class=\"ez-toc-section\" id=\"Provably_Fair_Gaming_Mechanisms\"><\/span>Iesp\u0113jami god\u012bgi sp\u0113\u013cu meh\u0101nismi<span class=\"ez-toc-section-end\"><\/span><\/h3>\n<p>Bitcoin kazino rakstur\u012bga iez\u012bme ir pier\u0101d\u0101mi god\u012bgas azartsp\u0113les. \u0160\u012b sist\u0113ma izmanto kriptogr\u0101fijas algoritmus, lai nodro\u0161in\u0101tu katras sp\u0113les god\u012bgumu. Noz\u012bm\u012bg\u0101kie punkti ir \u0161\u0101di:<\/p>\n<ul>\n<li>T\u0101 \u013cauj sp\u0113l\u0113t\u0101jiem <strong>p\u0101rbaud\u012bt nejau\u0161\u012bbu<\/strong> sp\u0113\u013cu rezult\u0101tu.<\/li>\n<li>Kazino nodro\u0161ina <strong>hash atsl\u0113ga<\/strong> ko var analiz\u0113t p\u0113c sp\u0113les, lai apstiprin\u0101tu sp\u0113les god\u012bgumu.<\/li>\n<\/ul>\n<h3><span class=\"ez-toc-section\" id=\"Anonymity_and_Security_Features\"><\/span>Anonimit\u0101tes un dro\u0161\u012bbas funkcijas<span class=\"ez-toc-section-end\"><\/span><\/h3>\n<p>Bitcoin kazino pied\u0101v\u0101 liel\u0101ku <strong>anonimit\u0101te<\/strong> un <strong>dro\u0161\u012bba<\/strong>. Tajos ir ieviestas da\u017e\u0101das funkcijas, kas aizsarg\u0101 gan sp\u0113l\u0113t\u0101ja identit\u0101ti, gan l\u012bdzek\u013cus, piem\u0113ram:<\/p>\n<ul>\n<li><strong>Divu faktoru autentifik\u0101cija (2FA)<\/strong> lietot\u0101ju kontu aizsardz\u012bbai.<\/li>\n<li><strong>Minim\u0101la personisk\u0101 inform\u0101cija<\/strong> nepiecie\u0161ama konta izveidei, saglab\u0101jot lietot\u0101ja <strong>anonimit\u0101te<\/strong>.<\/li>\n<\/ul>\n<h2><span class=\"ez-toc-section\" id=\"User_Experience_in_Bitcoin_versus_Regular_Casinos\"><\/span>Lietot\u0101ja pieredze Bitcoin sal\u012bdzin\u0101jum\u0101 ar parastajiem kazino<span class=\"ez-toc-section-end\"><\/span><\/h2>\n<p><img decoding=\"async\" src=\"https:\/\/coinkickoff.com\/wp-content\/uploads\/v2-3dgt7-n76he.jpg\" alt=\"\"><\/p>\n<p>Lietot\u0101ju pieredze Bitcoin kazino pied\u0101v\u0101 at\u0161\u0137ir\u012bgas funkcijas sal\u012bdzin\u0101jum\u0101 ar tradicion\u0101lajiem kazino, jo \u012bpa\u0161i attiec\u012bb\u0101 uz konta p\u0101rvald\u012bbu, pr\u0113mij\u0101m un glob\u0101lo pieejam\u012bbu.<\/p>\n<h3><span class=\"ez-toc-section\" id=\"Account_Funding_and_Withdrawal_Process\"><\/span>Konta finans\u0113\u0161anas un iz\u0146em\u0161anas process<span class=\"ez-toc-section-end\"><\/span><\/h3>\n<p>Bitcoin kazino \u013cauj lietot\u0101jiem <strong>finans\u0113t savus kontus.<\/strong> tie\u0161i izmantojot kriptoval\u016btas, kas parasti rada <em>\u0101tr\u0101ks dar\u012bjumu veik\u0161anas laiks<\/em> un <em>zem\u0101kas nodevas.<\/em> nek\u0101 parastie kazino, kas izmanto tradicion\u0101l\u0101s bankas metodes.<\/p>\n<p><strong>Iz\u0146em\u0161anas laiks<\/strong>, savuk\u0101rt, parasti ir ar\u012b <strong>\u0101tr\u0101k<\/strong> Bitcoin kazino, jo vairs nav nepiecie\u0161ams bankas apstr\u0101des laiks. \u0160ie kazino bie\u017ei var lepoties ar <strong>t\u016bl\u012bt\u0113ja vai gandr\u012bz t\u016bl\u012bt\u0113ja izmaksa<\/strong> iesp\u0113ju, kas ir pretstat\u0101 kav\u0113tajam apstr\u0101des laikam, k\u0101ds bie\u017ei vien ir parastajos kazino.<\/p>\n<h3><span class=\"ez-toc-section\" id=\"Bonuses_and_Incentives\"><\/span>Pr\u0113mijas un stimuli<span class=\"ez-toc-section-end\"><\/span><\/h3>\n<p>Strukt\u016bra <strong>pr\u0113mijas un stimuli<\/strong> var iev\u0113rojami at\u0161\u0137irties. Bitcoin kazino var pied\u0101v\u0101t:<\/p>\n<ul>\n<li>Augst\u0101k\u0101 <strong>laipni l\u016bdzam bonusus<\/strong><\/li>\n<li><strong>Lojalit\u0101tes balvas<\/strong> Bitcoin vai citu kriptoval\u016btu veid\u0101.<\/li>\n<\/ul>\n<p>Tradicion\u0101lie kazino bie\u017ei vien pied\u0101v\u0101 da\u017e\u0101dus bonusus, ta\u010du tie var neatbilst ienes\u012bgajiem pied\u0101v\u0101jumiem, kas atrodami Bitcoin kazino, jo digit\u0101lo val\u016btu dar\u012bjumu un darb\u012bbas izmaksas ir zem\u0101kas.<\/p>\n<h3><span class=\"ez-toc-section\" id=\"Geographical_Accessibility_and_Restrictions\"><\/span>\u0122eogr\u0101fisk\u0101 pieejam\u012bba un ierobe\u017eojumi<span class=\"ez-toc-section-end\"><\/span><\/h3>\n<p>Bitcoin kazino parasti pied\u0101v\u0101 <strong>augst\u0101ka pieejam\u012bbas pak\u0101pe<\/strong> jo uz tiem neattiecas tie pa\u0161i regulat\u012bvie ierobe\u017eojumi, kas attiecas uz parastajiem kazino.<\/p>\n<ul>\n<li>Darb\u012bbas <strong>vair\u0101kas jurisdikcijas<\/strong> bez nepiecie\u0161am\u012bbas p\u0113c viet\u0113j\u0101s banku infrastrukt\u016bras.<\/li>\n<li>Pie\u0146em sp\u0113l\u0113t\u0101jus no <strong>re\u0123ioni ar stingriem azartsp\u0113\u013cu noteikumiem<\/strong>, saska\u0146\u0101 ar viet\u0113jiem ties\u012bbu aktiem<\/li>\n<\/ul>\n<p>Tom\u0113r lietot\u0101jiem tiek ieteikts palikt <strong>inform\u0113ti par viet\u0113jiem ties\u012bbu aktiem.<\/strong> lai nodro\u0161in\u0101tu atbilst\u012bbu, piek\u013c\u016bstot Bitcoin kazino, pat ar to pla\u0161\u0101ku p\u0101rkl\u0101jumu.<\/p>\n<h2><span class=\"ez-toc-section\" id=\"Frequently_Asked_Questions\"><\/span>Bie\u017e\u0101k uzdotie jaut\u0101jumi<span class=\"ez-toc-section-end\"><\/span><\/h2>\n<p><img decoding=\"async\" src=\"https:\/\/coinkickoff.com\/wp-content\/uploads\/v2-3dgtr-7frp8.jpg\" alt=\"\"><\/p>\n<p>\u0160aj\u0101 sada\u013c\u0101 ir apl\u016bkoti bie\u017e\u0101k uzdotie jaut\u0101jumi par at\u0161\u0137ir\u012bb\u0101m starp Bitcoin kazino un tradicion\u0101lajiem kazino, lai sniegtu skaidr\u0101ku izpratni par \u0161iem diviem kazino.<\/p>\n<h3><span class=\"ez-toc-section\" id=\"What_factors_make_crypto_casinos_more_advantageous_than_traditional_ones\"><\/span>K\u0101di faktori padara kriptogr\u0101fiskos kazino izdev\u012bg\u0101kus par tradicion\u0101lajiem?<span class=\"ez-toc-section-end\"><\/span><\/h3>\n<p>Kripto kazino pied\u0101v\u0101 unik\u0101las priek\u0161roc\u012bbas, tostarp t\u016bl\u012bt\u0113jus dar\u012bjumus un samazin\u0101tas dar\u012bjumu maksas. Tie lietot\u0101jiem nodro\u0161ina ar\u012b augst\u0101ku anonimit\u0101tes l\u012bmeni, ko tradicion\u0101lie kazino nevar nodro\u0161in\u0101t, jo tie ir atkar\u012bgi no bankas un personas inform\u0101cijas.<\/p>\n<h3><span class=\"ez-toc-section\" id=\"Are_there_any_risks_associated_with_using_Bitcoin_for_online_gambling\"><\/span>Vai ir k\u0101di riski, kas saist\u012bti ar Bitcoin izmanto\u0161anu tie\u0161saistes azartsp\u0113\u013cu sp\u0113l\u0113\u0161anai?<span class=\"ez-toc-section-end\"><\/span><\/h3>\n<p>Lietot\u0101ji saskaras ar zin\u0101miem riskiem, piem\u0113ram, Bitcoin v\u0113rt\u012bbas lielu sv\u0101rst\u012bgumu un iesp\u0113jamiem dro\u0161\u012bbas apdraud\u0113jumiem, piem\u0113ram, uzlau\u0161anu. Turkl\u0101t regul\u0113juma tr\u016bkums var b\u016bt div\u0113j\u0101ds zobens, kas rada gan br\u012bv\u012bbu, gan risku.<\/p>\n<h3><span class=\"ez-toc-section\" id=\"How_do_the_security_measures_in_Bitcoin_casinos_compare_to_those_in_traditional_casinos\"><\/span>K\u0101 Bitcoin kazino dro\u0161\u012bbas pas\u0101kumi ir sal\u012bdzin\u0101mi ar tradicion\u0101lo kazino dro\u0161\u012bbas pas\u0101kumiem?<span class=\"ez-toc-section-end\"><\/span><\/h3>\n<p>Bitcoin kazino parasti izmanto progres\u012bvas \u0161ifr\u0113\u0161anas tehnolo\u0123ijas un ir veidoti uz dro\u0161iem blok\u0137\u0113des t\u012bkliem. Tas kontrast\u0113 ar tradicion\u0101lajiem kazino, kas ir atkar\u012bgi no tradicion\u0101laj\u0101m dro\u0161\u012bbas un finan\u0161u sist\u0113m\u0101m, kuras ir neaizsarg\u0101tas pret da\u017e\u0101da veida riskiem.<\/p>\n<h3><span class=\"ez-toc-section\" id=\"Can_players_expect_provably_fair_gaming_in_Bitcoin_casinos\"><\/span>Vai Bitcoin kazino sp\u0113l\u0113t\u0101ji var sagaid\u012bt pier\u0101d\u0101mi god\u012bgas sp\u0113les?<span class=\"ez-toc-section-end\"><\/span><\/h3>\n<p>Daudzi Bitcoin kazino pied\u0101v\u0101 pier\u0101d\u0101mi god\u012bgas sp\u0113les, kas \u013cauj sp\u0113l\u0113t\u0101jiem p\u0101rbaud\u012bt katras sp\u0113les god\u012bgumu, izmantojot blok\u0137\u0113des tehnolo\u0123iju. Tas ir p\u0101rredzam\u012bbas l\u012bmenis, ko tradicion\u0101l\u0101s tie\u0161saistes azartsp\u0113\u013cu vietnes nevar nodro\u0161in\u0101t.<\/p>\n<h3><span class=\"ez-toc-section\" id=\"What_are_the_unique_benefits_of_gambling_with_Bitcoin\"><\/span>K\u0101das ir unik\u0101l\u0101s priek\u0161roc\u012bbas, sp\u0113l\u0113jot Bitcoin?<span class=\"ez-toc-section-end\"><\/span><\/h3>\n<p>Sp\u0113l\u0113jot ar Bitcoin, dar\u012bjumi ir diskr\u0113ti un dro\u0161i, jo tiek izmantota blok\u0137\u0113des tehnolo\u0123ija. T\u0101 pied\u0101v\u0101 ar\u012b potenci\u0101li zem\u0101kas komisijas maksas un nodro\u0161ina, ka sp\u0113l\u0113t\u0101ji var sp\u0113l\u0113t bez \u0123eogr\u0101fiskiem ierobe\u017eojumiem.<\/p>\n<h3><span class=\"ez-toc-section\" id=\"How_does_the_regulatory_landscape_for_Bitcoin_casinos_differ_from_traditional_gambling_venues\"><\/span>K\u0101 Bitcoin kazino regul\u0113jums at\u0161\u0137iras no tradicion\u0101laj\u0101m azartsp\u0113\u013cu viet\u0101m?<span class=\"ez-toc-section-end\"><\/span><\/h3>\n<p>Bitcoin kazino bie\u017ei vien darbojas maz\u0101k regul\u0113t\u0101 vid\u0113, jo daudzas vald\u012bbas kriptoval\u016btas neatz\u012bst par ofici\u0101lu val\u016btu. Tas kontrast\u0113 ar tradicion\u0101lajiem kazino, uz kuriem attiecas stingra regulat\u012bv\u0101 sist\u0113ma.<\/p>","protected":false},"excerpt":{"rendered":"<p>Atruna: Azartsp\u0113les ir saist\u012btas ar iev\u0113rojamu finansi\u0101lu risku. L\u016bdzu, sp\u0113l\u0113jiet tikai ar naudu, kuru varat at\u013cauties zaud\u0113t. Turpm\u0101k sniegt\u0101 inform\u0101cija ir tikai informat\u012bvos nol\u016bkos. M\u0113s varam sa\u0146emt komisijas maksu, ja j\u016bs re\u0123istr\u0113jaties un zaud\u0113jat naudu k\u0101d\u0101 no \u0161iem kazino. Ne visi kazino ir pieejami vis\u0101s valst\u012bs. Visa inform\u0101cija, ko m\u0113s [...]<\/p>","protected":false},"author":1,"featured_media":4576,"parent":4440,"menu_order":0,"comment_status":"closed","ping_status":"closed","template":"","meta":{"_genesis_hide_title":false,"_genesis_hide_breadcrumbs":false,"_genesis_hide_singular_image":false,"_genesis_hide_footer_widgets":false,"_genesis_custom_body_class":"","_genesis_custom_post_class":"","_genesis_layout":"","_glsr_average":0,"_glsr_ranking":0,"_glsr_reviews":0,"footnotes":""},"class_list":{"0":"post-4575","1":"page","2":"type-page","3":"status-publish","4":"has-post-thumbnail","6":"entry"},"featured_image_src":"https:\/\/coinkickoff.com\/wp-content\/uploads\/v2-3dgrx-7h0pa-600x400.jpg","featured_image_src_square":"https:\/\/coinkickoff.com\/wp-content\/uploads\/v2-3dgrx-7h0pa-600x600.jpg","_links":{"self":[{"href":"https:\/\/coinkickoff.com\/lv\/wp-json\/wp\/v2\/pages\/4575","targetHints":{"allow":["GET"]}}],"collection":[{"href":"https:\/\/coinkickoff.com\/lv\/wp-json\/wp\/v2\/pages"}],"about":[{"href":"https:\/\/coinkickoff.com\/lv\/wp-json\/wp\/v2\/types\/page"}],"author":[{"embeddable":true,"href":"https:\/\/coinkickoff.com\/lv\/wp-json\/wp\/v2\/users\/1"}],"replies":[{"embeddable":true,"href":"https:\/\/coinkickoff.com\/lv\/wp-json\/wp\/v2\/comments?post=4575"}],"version-history":[{"count":3,"href":"https:\/\/coinkickoff.com\/lv\/wp-json\/wp\/v2\/pages\/4575\/revisions"}],"predecessor-version":[{"id":4582,"href":"https:\/\/coinkickoff.com\/lv\/wp-json\/wp\/v2\/pages\/4575\/revisions\/4582"}],"up":[{"embeddable":true,"href":"https:\/\/coinkickoff.com\/lv\/wp-json\/wp\/v2\/pages\/4440"}],"wp:featuredmedia":[{"embeddable":true,"href":"https:\/\/coinkickoff.com\/lv\/wp-json\/wp\/v2\/media\/4576"}],"wp:attachment":[{"href":"https:\/\/coinkickoff.com\/lv\/wp-json\/wp\/v2\/media?parent=4575"}],"curies":[{"name":"wp","href":"https:\/\/api.w.org\/{rel}","templated":true}]}}