{"id":4404,"date":"2026-01-08T14:07:11","date_gmt":"2026-01-08T14:07:11","guid":{"rendered":"https:\/\/coinkickoff.com\/?page_id=4404"},"modified":"2026-01-08T14:07:11","modified_gmt":"2026-01-08T14:07:11","slug":"how-to-buy-litecoin-on-kucoin","status":"publish","type":"page","link":"https:\/\/coinkickoff.com\/lv\/how-to-buy-litecoin\/how-to-buy-litecoin-on-kucoin\/","title":{"rendered":"K\u0101 ieg\u0101d\u0101ties Litecoin par Kucoin"},"content":{"rendered":"<div id=\"ez-toc-container\" class=\"ez-toc-v2_0_80 counter-hierarchy ez-toc-counter ez-toc-transparent ez-toc-container-direction\">\n<div class=\"ez-toc-title-container\">\n<p class=\"ez-toc-title\" style=\"cursor:inherit\">Sada\u013cas<\/p>\n<span class=\"ez-toc-title-toggle\"><a href=\"#\" class=\"ez-toc-pull-right ez-toc-btn ez-toc-btn-xs ez-toc-btn-default ez-toc-toggle\" aria-label=\"P\u0101rsl\u0113gt satura tabulu\"><span class=\"ez-toc-js-icon-con\"><span class=\"\"><span class=\"eztoc-hide\" style=\"display:none;\">P\u0101rsl\u0113gt<\/span><span class=\"ez-toc-icon-toggle-span\"><svg style=\"fill: #999;color:#999\" xmlns=\"http:\/\/www.w3.org\/2000\/svg\" class=\"list-377408\" width=\"20px\" height=\"20px\" viewbox=\"0 0 24 24\" fill=\"none\"><path d=\"M6 6H4v2h2V6zm14 0H8v2h12V6zM4 11h2v2H4v-2zm16 0H8v2h12v-2zM4 16h2v2H4v-2zm16 0H8v2h12v-2z\" fill=\"currentColor\"><\/path><\/svg><svg style=\"fill: #999;color:#999\" class=\"arrow-unsorted-368013\" xmlns=\"http:\/\/www.w3.org\/2000\/svg\" width=\"10px\" height=\"10px\" viewbox=\"0 0 24 24\" version=\"1.2\" baseprofile=\"tiny\"><path d=\"M18.2 9.3l-6.2-6.3-6.2 6.3c-.2.2-.3.4-.3.7s.1.5.3.7c.2.2.4.3.7.3h11c.3 0 .5-.1.7-.3.2-.2.3-.5.3-.7s-.1-.5-.3-.7zM5.8 14.7l6.2 6.3 6.2-6.3c.2-.2.3-.5.3-.7s-.1-.5-.3-.7c-.2-.2-.4-.3-.7-.3h-11c-.3 0-.5.1-.7.3-.2.2-.3.5-.3.7s.1.5.3.7z\"\/><\/svg><\/span><\/span><\/span><\/a><\/span><\/div>\n<nav><ul class='ez-toc-list ez-toc-list-level-1 eztoc-toggle-hide-by-default' ><li class='ez-toc-page-1 ez-toc-heading-level-2'><a class=\"ez-toc-link ez-toc-heading-1\" href=\"https:\/\/coinkickoff.com\/lv\/how-to-buy-litecoin\/how-to-buy-litecoin-on-kucoin\/#How_to_Buy_Litecoin_on_Kucoin\" >K\u0101 ieg\u0101d\u0101ties Litecoin par Kucoin<\/a><\/li><li class='ez-toc-page-1 ez-toc-heading-level-2'><a class=\"ez-toc-link ez-toc-heading-2\" href=\"https:\/\/coinkickoff.com\/lv\/how-to-buy-litecoin\/how-to-buy-litecoin-on-kucoin\/#A_Step-By-Step_Guide_on_How_to_Buy_Litecoin_on_Kucoin\" >Soli-pa-solim ce\u013cvedis par to, k\u0101 ieg\u0101d\u0101ties Litecoin par Kucoin<\/a><ul class='ez-toc-list-level-3' ><li class='ez-toc-heading-level-3'><a class=\"ez-toc-link ez-toc-heading-3\" href=\"https:\/\/coinkickoff.com\/lv\/how-to-buy-litecoin\/how-to-buy-litecoin-on-kucoin\/#1_Register_an_Account\" >1. Re\u0123istr\u0113t kontu<\/a><\/li><li class='ez-toc-page-1 ez-toc-heading-level-3'><a class=\"ez-toc-link ez-toc-heading-4\" href=\"https:\/\/coinkickoff.com\/lv\/how-to-buy-litecoin\/how-to-buy-litecoin-on-kucoin\/#2_Verify_Your_Account\" >2. P\u0101rbaudiet savu kontu<\/a><\/li><li class='ez-toc-page-1 ez-toc-heading-level-3'><a class=\"ez-toc-link ez-toc-heading-5\" href=\"https:\/\/coinkickoff.com\/lv\/how-to-buy-litecoin\/how-to-buy-litecoin-on-kucoin\/#3_Deposit_Crypto\" >3. Noguld\u012bjums Crypto<\/a><\/li><li class='ez-toc-page-1 ez-toc-heading-level-3'><a class=\"ez-toc-link ez-toc-heading-6\" href=\"https:\/\/coinkickoff.com\/lv\/how-to-buy-litecoin\/how-to-buy-litecoin-on-kucoin\/#4_Navigate_to_the_Relevant_Screen_to_Buy\" >4. P\u0101rejiet uz attiec\u012bgo ekr\u0101nu, lai ieg\u0101d\u0101tos<\/a><ul class='ez-toc-list-level-4' ><li class='ez-toc-heading-level-4'><a class=\"ez-toc-link ez-toc-heading-7\" href=\"https:\/\/coinkickoff.com\/lv\/how-to-buy-litecoin\/how-to-buy-litecoin-on-kucoin\/#Fast_Trade\" >\u0100tra tirdzniec\u012bba<\/a><\/li><li class='ez-toc-page-1 ez-toc-heading-level-4'><a class=\"ez-toc-link ez-toc-heading-8\" href=\"https:\/\/coinkickoff.com\/lv\/how-to-buy-litecoin\/how-to-buy-litecoin-on-kucoin\/#Third-Party\" >Tre\u0161\u0101s puses<\/a><\/li><li class='ez-toc-page-1 ez-toc-heading-level-4'><a class=\"ez-toc-link ez-toc-heading-9\" href=\"https:\/\/coinkickoff.com\/lv\/how-to-buy-litecoin\/how-to-buy-litecoin-on-kucoin\/#How_to_Buy_Litecoin_with_Crypto\" >K\u0101 ieg\u0101d\u0101ties Litecoin ar kriptonaudu<\/a><\/li><\/ul><\/li><\/ul><\/li><\/ul><\/nav><\/div>\n<h2><span class=\"ez-toc-section\" id=\"How_to_Buy_Litecoin_on_Kucoin\"><\/span><span style=\"font-weight: 400;\">K\u0101 ieg\u0101d\u0101ties Litecoin par Kucoin<\/span><span class=\"ez-toc-section-end\"><\/span><\/h2>\n<p><span style=\"font-weight: 400;\">Ja jums ir nepiecie\u0161ami nor\u0101d\u012bjumi par to, k\u0101 ieg\u0101d\u0101ties <a href=\"https:\/\/coinkickoff.com\/lv\/litecoin-ltc\/\" data-internallinksmanager029f6b8e52c=\"21\" title=\"Kas ir Litecoin (LTC)? Cena, v\u0113sture un kur nopirkt\">Litecoin<\/a> vietn\u0113 <a href=\"https:\/\/coinkickoff.com\/lv\/kucoin-review\/\" data-internallinksmanager029f6b8e52c=\"153\" title=\"KuCoin Atsauksmes 2023: Maks\u0101jumi, dro\u0161\u012bba, Pro &amp; m\u012bnusi\">Kucoin<\/a>, j\u016bs atrodaties \u012bstaj\u0101 viet\u0101! Apskat\u012bsim, k\u0101 ar da\u017eiem vienk\u0101r\u0161iem so\u013ciem ieg\u0101d\u0101ties LTC par Kucoin.<\/span><\/p>\n<h2><span class=\"ez-toc-section\" id=\"A_Step-By-Step_Guide_on_How_to_Buy_Litecoin_on_Kucoin\"><\/span><span style=\"font-weight: 400;\">Soli-pa-solim ce\u013cvedis par to, k\u0101 ieg\u0101d\u0101ties Litecoin par Kucoin<\/span><span class=\"ez-toc-section-end\"><\/span><\/h2>\n<h3><span class=\"ez-toc-section\" id=\"1_Register_an_Account\"><\/span><span style=\"font-weight: 400;\">1. Re\u0123istr\u0113t kontu<\/span><span class=\"ez-toc-section-end\"><\/span><\/h3>\n<p><img loading=\"lazy\" decoding=\"async\" class=\"alignnone wp-image-3269 size-full\" src=\"https:\/\/coinkickoff.com\/wp-content\/uploads\/kucoin-register.png\" alt=\"pirkt doge par kucoin re\u0123istr\u0101\" width=\"1421\" height=\"788\" srcset=\"https:\/\/coinkickoff.com\/wp-content\/uploads\/kucoin-register.png 1421w, https:\/\/coinkickoff.com\/wp-content\/uploads\/kucoin-register-300x166.png 300w, https:\/\/coinkickoff.com\/wp-content\/uploads\/kucoin-register-1024x568.png 1024w, https:\/\/coinkickoff.com\/wp-content\/uploads\/kucoin-register-768x426.png 768w, https:\/\/coinkickoff.com\/wp-content\/uploads\/kucoin-register-18x10.png 18w\" sizes=\"auto, (max-width: 1421px) 100vw, 1421px\" \/><\/p>\n<p><span style=\"font-weight: 400;\">Dodieties uz <\/span><a href=\"https:\/\/www.kucoin.com\/r\/af\/rMJPV3B\" target=\"_blank\" rel=\"noopener\"><span style=\"font-weight: 400;\">Kucoin<\/span><\/a><span style=\"font-weight: 400;\"> vietn\u0113 un re\u0123istr\u0113jieties, nor\u0101dot savu e-pasta adresi vai t\u0101lru\u0146a numuru.\u00a0<\/span><\/p>\n<h3><span class=\"ez-toc-section\" id=\"2_Verify_Your_Account\"><\/span><span style=\"font-weight: 400;\">2. P\u0101rbaudiet savu kontu<\/span><span class=\"ez-toc-section-end\"><\/span><\/h3>\n<p><span style=\"font-weight: 400;\">Ja jums pieder digit\u0101lie akt\u012bvi, kurus varat apmain\u012bt pret Litecoin, jums nav nepiecie\u0161ams p\u0101rbaud\u012bt savu identit\u0101ti. J\u016bs varat doties uz n\u0101kamo soli, lai uzzin\u0101tu, k\u0101 iemaks\u0101t kriptonauda l\u012bdzek\u013cus Kucoin.<\/span><\/p>\n<p><span style=\"font-weight: 400;\">Ja jums v\u0113l nav nek\u0101du digit\u0101lo akt\u012bvu, nav j\u0101uztraucas! Identit\u0101tes p\u0101rbaude ir \u013coti vienk\u0101r\u0161a un to var veikt da\u017eu min\u016b\u0161u laik\u0101.<\/span><\/p>\n<p><span style=\"font-weight: 400;\">Savu lietot\u0101jv\u0101rdu redz\u0113siet lapas aug\u0161\u0113j\u0101 labaj\u0101 pus\u0113. Tas j\u016bs aizved\u012bs uz j\u016bsu lietot\u0101ja profilu.<\/span><\/p>\n<p><span style=\"font-weight: 400;\">Dodieties uz sava profila cilni \"Identit\u0101tes verifik\u0101cija\" un noklik\u0161\u0137iniet uz \"Verify\" (Verific\u0113t) sada\u013c\u0101 \"Advanced Features\" (Papla\u0161in\u0101t\u0101s funkcijas).<\/span><\/p>\n<p><img loading=\"lazy\" decoding=\"async\" class=\"alignnone wp-image-3272 size-full\" src=\"https:\/\/coinkickoff.com\/wp-content\/uploads\/kucoin-identity-verification.png\" alt=\"kucoin identit\u0101tes p\u0101rbaude 1\" width=\"1420\" height=\"785\" srcset=\"https:\/\/coinkickoff.com\/wp-content\/uploads\/kucoin-identity-verification.png 1420w, https:\/\/coinkickoff.com\/wp-content\/uploads\/kucoin-identity-verification-300x166.png 300w, https:\/\/coinkickoff.com\/wp-content\/uploads\/kucoin-identity-verification-1024x566.png 1024w, https:\/\/coinkickoff.com\/wp-content\/uploads\/kucoin-identity-verification-768x425.png 768w, https:\/\/coinkickoff.com\/wp-content\/uploads\/kucoin-identity-verification-18x10.png 18w\" sizes=\"auto, (max-width: 1420px) 100vw, 1420px\" \/><\/p>\n<p><span style=\"font-weight: 400;\">Pabeigta uzlabota verifik\u0101cija \u013cauj jums iemaks\u0101t un iz\u0146emt fiat naudu par Kucoin. Tas ar\u012b iev\u0113rojami palielin\u0101s j\u016bsu tirdzniec\u012bbas un izmaksu limitus.<\/span><\/p>\n<p><span style=\"font-weight: 400;\">Verifik\u0101cijas sist\u0113ma ir vienk\u0101r\u0161a - vienk\u0101r\u0161i aizpildiet personas inform\u0101cijas anketu, aug\u0161upiel\u0101d\u0113jiet valsts izdotu personu apliecino\u0161u dokumentu, lai p\u0101rbaud\u012btu j\u016bsu inform\u0101ciju, un pabeidziet verifik\u0101ciju sej\u0101.<\/span><\/p>\n<p><img loading=\"lazy\" decoding=\"async\" class=\"alignnone wp-image-3270 size-full\" src=\"https:\/\/coinkickoff.com\/wp-content\/uploads\/kucoin-id-verification-2.png\" alt=\"kucoin identit\u0101tes p\u0101rbaude 2\" width=\"1407\" height=\"706\" srcset=\"https:\/\/coinkickoff.com\/wp-content\/uploads\/kucoin-id-verification-2.png 1407w, https:\/\/coinkickoff.com\/wp-content\/uploads\/kucoin-id-verification-2-300x151.png 300w, https:\/\/coinkickoff.com\/wp-content\/uploads\/kucoin-id-verification-2-1024x514.png 1024w, https:\/\/coinkickoff.com\/wp-content\/uploads\/kucoin-id-verification-2-768x385.png 768w, https:\/\/coinkickoff.com\/wp-content\/uploads\/kucoin-id-verification-2-18x9.png 18w\" sizes=\"auto, (max-width: 1407px) 100vw, 1407px\" \/><\/p>\n<p><span style=\"font-weight: 400;\">Lai apliecin\u0101tu savu identit\u0101ti, varat izmantot valsts ID karti, autovad\u012bt\u0101ja apliec\u012bbu vai pases lapu. Sagatavojiet personu apliecino\u0161u dokumentu un noklik\u0161\u0137iniet uz \"Piekr\u012btu un turpinu\".<\/span><\/p>\n<p><img loading=\"lazy\" decoding=\"async\" class=\"alignnone wp-image-3271 size-full\" src=\"https:\/\/coinkickoff.com\/wp-content\/uploads\/kucoin-id-verification-3.png\" alt=\"kucoin identit\u0101tes p\u0101rbaude 3 \" width=\"1412\" height=\"789\" srcset=\"https:\/\/coinkickoff.com\/wp-content\/uploads\/kucoin-id-verification-3.png 1412w, https:\/\/coinkickoff.com\/wp-content\/uploads\/kucoin-id-verification-3-300x168.png 300w, https:\/\/coinkickoff.com\/wp-content\/uploads\/kucoin-id-verification-3-1024x572.png 1024w, https:\/\/coinkickoff.com\/wp-content\/uploads\/kucoin-id-verification-3-768x429.png 768w, https:\/\/coinkickoff.com\/wp-content\/uploads\/kucoin-id-verification-3-18x10.png 18w\" sizes=\"auto, (max-width: 1412px) 100vw, 1412px\" \/><\/p>\n<p><span style=\"font-weight: 400;\">Ievadiet savu inform\u0101ciju un noklik\u0161\u0137iniet uz \"T\u0101l\u0101k\". Lai pabeigtu identit\u0101tes p\u0101rbaudi, izpildiet ekr\u0101n\u0101 sniegtos nor\u0101d\u012bjumus.<\/span><\/p>\n<h3><span class=\"ez-toc-section\" id=\"3_Deposit_Crypto\"><\/span><span style=\"font-weight: 400;\">3. Noguld\u012bjums Crypto<\/span><span class=\"ez-toc-section-end\"><\/span><\/h3>\n<p><span style=\"font-weight: 400;\">Ja jums ir digit\u0101lie akt\u012bvi \u0101r\u0113j\u0101 mak\u0101, varat tos p\u0101rskait\u012bt uz Kucoin un apmain\u012bt pret LTC t\u016bl\u012bt\u0113ju dar\u012bjumu tirg\u016b. Ja jums \u0161\u0101da iesp\u0113ja nav pieejama, turpiniet n\u0101kamo soli, lai uzzin\u0101tu, k\u0101 ieg\u0101d\u0101ties Litecoin par fiat naudu.<\/span><\/p>\n<p><span style=\"font-weight: 400;\">Weblapas aug\u0161\u0113j\u0101 labaj\u0101 pus\u0113 noklik\u0161\u0137iniet uz izv\u0113lnes \"Akt\u012bvi\".<\/span><\/p>\n<p><img loading=\"lazy\" decoding=\"async\" class=\"alignnone wp-image-3273 size-full\" src=\"https:\/\/coinkickoff.com\/wp-content\/uploads\/kucoin-deposit.png\" alt=\"kucoin depoz\u012bta l\u012bdzek\u013ci 1\" width=\"1427\" height=\"758\" srcset=\"https:\/\/coinkickoff.com\/wp-content\/uploads\/kucoin-deposit.png 1427w, https:\/\/coinkickoff.com\/wp-content\/uploads\/kucoin-deposit-300x159.png 300w, https:\/\/coinkickoff.com\/wp-content\/uploads\/kucoin-deposit-1024x544.png 1024w, https:\/\/coinkickoff.com\/wp-content\/uploads\/kucoin-deposit-768x408.png 768w, https:\/\/coinkickoff.com\/wp-content\/uploads\/kucoin-deposit-18x10.png 18w\" sizes=\"auto, (max-width: 1427px) 100vw, 1427px\" \/><\/p>\n<p><span style=\"font-weight: 400;\">Visus savus atlikumus varat apskat\u012bt \u0161eit. Noklik\u0161\u0137iniet uz pogas \"Noguld\u012bjums\" un izv\u0113lieties digit\u0101lo val\u016btu, kuru v\u0113laties p\u0101rskait\u012bt uz Kucoin.<\/span><\/p>\n<p><span style=\"font-weight: 400;\">Piem\u0113ram, ja esat devis <a href=\"https:\/\/coinkickoff.com\/lv\/tether-usdt\/\" data-internallinksmanager029f6b8e52c=\"3\" title=\"Kas ir Tether (USDT)? K\u0101 tas darbojas un kur to ieg\u0101d\u0101ties?\">USDT<\/a>, noklik\u0161\u0137iniet uz USDT, un par\u0101d\u012bsies QR kods. \u0160is QR kods nor\u0101da j\u016bsu USDT adresi Kucoin. Ja v\u0113laties p\u0101rskait\u012bt USDT uz Kucoin, izmantojiet \u0161o QR kodu k\u0101 iz\u0146em\u0161anas adresi.<\/span><\/p>\n<p><span style=\"font-weight: 400;\">L\u016bdzu, nekad neizmantojiet USDT maka adresi, lai p\u0101rskait\u012btu citas kriptoval\u016btas. Katra maku adrese ir atkar\u012bga no val\u016btas: j\u016bs varat p\u0101rskait\u012bt tikai BTC uz BTC. <a href=\"https:\/\/coinkickoff.com\/lv\/bitcoin-btc\/\" data-internallinksmanager029f6b8e52c=\"1\" title=\"Kas ir Bitcoin (BTC)? Cena, v\u0113sture un kur nopirkt\">Bitcoin<\/a> adresi, ETH uz <a href=\"https:\/\/coinkickoff.com\/lv\/ethereum-eth\/\" data-internallinksmanager029f6b8e52c=\"2\" title=\"Kas ir Ethereum (ETH)? Cena, v\u0113sture un kur nopirkt\">Ethereum<\/a> adrese, <a href=\"https:\/\/coinkickoff.com\/lv\/polkadot-dot\/\" data-internallinksmanager029f6b8e52c=\"12\" title=\"Kas ir Polkadot (DOT)? K\u0101 tas darbojas un kur to ieg\u0101d\u0101ties?\">Polkadot<\/a> uz DOT adresi un t\u0101 t\u0101l\u0101k.<\/span><\/p>\n<h3><span class=\"ez-toc-section\" id=\"4_Navigate_to_the_Relevant_Screen_to_Buy\"><\/span><span style=\"font-weight: 400;\">4. P\u0101rejiet uz attiec\u012bgo ekr\u0101nu, lai ieg\u0101d\u0101tos<\/span><span class=\"ez-toc-section-end\"><\/span><\/h3>\n<p><span style=\"font-weight: 400;\">S\u0101kumlap\u0101 noklik\u0161\u0137iniet uz izv\u0113lnes \"Pirkt kriptonauda\". J\u016bs redz\u0113siet vair\u0101kas iesp\u0113jas, piem\u0113ram, \"\u0100tr\u0101 tirdzniec\u012bba\", \"P2P\" un \"Tre\u0161\u0101s puses\".<\/span><\/p>\n<p><span style=\"font-weight: 400;\">J\u016bs nevarat ieg\u0101d\u0101ties Litecoin ar P2P dar\u012bjumiem, bet p\u0101r\u0113jie divi ir piln\u012bgi dz\u012bvotsp\u0113j\u012bgi un diezgan viegli lietojami.<\/span><\/p>\n<p><img loading=\"lazy\" decoding=\"async\" class=\"alignnone wp-image-3274 size-full\" src=\"https:\/\/coinkickoff.com\/wp-content\/uploads\/kucoin-buy-crypto.png\" alt=\"kucoin ieg\u0101d\u0101ties ekr\u0101nu\" width=\"1418\" height=\"692\" srcset=\"https:\/\/coinkickoff.com\/wp-content\/uploads\/kucoin-buy-crypto.png 1418w, https:\/\/coinkickoff.com\/wp-content\/uploads\/kucoin-buy-crypto-300x146.png 300w, https:\/\/coinkickoff.com\/wp-content\/uploads\/kucoin-buy-crypto-1024x500.png 1024w, https:\/\/coinkickoff.com\/wp-content\/uploads\/kucoin-buy-crypto-768x375.png 768w, https:\/\/coinkickoff.com\/wp-content\/uploads\/kucoin-buy-crypto-18x9.png 18w\" sizes=\"auto, (max-width: 1418px) 100vw, 1418px\" \/><\/p>\n<p><span style=\"font-weight: 400;\">Galven\u0101 at\u0161\u0137ir\u012bba starp \u0101tro tirdzniec\u012bbu un tre\u0161\u0101s puses dar\u012bjumu ir maks\u0101juma metode. Izmantojot \u0101tro tirdzniec\u012bbu, Litecoin ieg\u0101dei varat izmantot savu kred\u012btkarti, bet, izmantojot tre\u0161\u0101s puses dar\u012bjumu, varat izmantot t\u0101dus maks\u0101jumu apstr\u0101d\u0101t\u0101jus k\u0101 Simplex un Banxa.<\/span><\/p>\n<h4><span class=\"ez-toc-section\" id=\"Fast_Trade\"><\/span><span style=\"font-weight: 400;\">\u0100tra tirdzniec\u012bba<\/span><span class=\"ez-toc-section-end\"><\/span><\/h4>\n<p><span style=\"font-weight: 400;\">Slej\u0101 \"Es gribu t\u0113r\u0113t\" ievadiet summu, ko v\u0113laties ieguld\u012bt.<\/span><\/p>\n<h4><img loading=\"lazy\" decoding=\"async\" class=\"alignnone wp-image-3275 size-full\" style=\"font-family: Muli, sans-serif;\" src=\"https:\/\/coinkickoff.com\/wp-content\/uploads\/kucoin-buy-crypto-one-click.png\" alt=\"kucoin ieg\u0101d\u0101ties ar vienu klik\u0161\u0137i\" width=\"1421\" height=\"770\" srcset=\"https:\/\/coinkickoff.com\/wp-content\/uploads\/kucoin-buy-crypto-one-click.png 1421w, https:\/\/coinkickoff.com\/wp-content\/uploads\/kucoin-buy-crypto-one-click-300x163.png 300w, https:\/\/coinkickoff.com\/wp-content\/uploads\/kucoin-buy-crypto-one-click-1024x555.png 1024w, https:\/\/coinkickoff.com\/wp-content\/uploads\/kucoin-buy-crypto-one-click-768x416.png 768w, https:\/\/coinkickoff.com\/wp-content\/uploads\/kucoin-buy-crypto-one-click-18x10.png 18w\" sizes=\"auto, (max-width: 1421px) 100vw, 1421px\" \/><\/h4>\n<p><span style=\"font-weight: 400;\">Iestatiet ail\u0113 \"Sa\u0146emt\" v\u0113rt\u012bbu Litecoin.<\/span><\/p>\n<p><img loading=\"lazy\" decoding=\"async\" class=\"alignnone wp-image-3276 size-full\" src=\"https:\/\/coinkickoff.com\/wp-content\/uploads\/kucoin-select-paymnet-method.png\" alt=\"k\u0101 nopirkt Polygon par Kucoin\" width=\"1424\" height=\"794\" srcset=\"https:\/\/coinkickoff.com\/wp-content\/uploads\/kucoin-select-paymnet-method.png 1424w, https:\/\/coinkickoff.com\/wp-content\/uploads\/kucoin-select-paymnet-method-300x167.png 300w, https:\/\/coinkickoff.com\/wp-content\/uploads\/kucoin-select-paymnet-method-1024x571.png 1024w, https:\/\/coinkickoff.com\/wp-content\/uploads\/kucoin-select-paymnet-method-768x428.png 768w, https:\/\/coinkickoff.com\/wp-content\/uploads\/kucoin-select-paymnet-method-18x10.png 18w\" sizes=\"auto, (max-width: 1424px) 100vw, 1424px\" \/><\/p>\n<p><span style=\"font-weight: 400;\">Visbeidzot, pievienojiet maks\u0101juma metodi. K\u0101 redzat, jums ir iesp\u0113ja pievienot debetkarti vai kred\u012btkarti savam Kucoin kontam. Kad esat pievienojis karti, varat to izmantot n\u0101kamajiem pirkumiem.<\/span><\/p>\n<p><span style=\"font-weight: 400;\">Ievadiet savas kartes inform\u0101ciju un nospiediet \"Pirkt LTC\". Jums tiks par\u0101d\u012bta pas\u016bt\u012bjuma inform\u0101cijas priek\u0161skat\u012bjums, tostarp visas piem\u0113rojam\u0101s maksas. Ja viss izskat\u0101s labi, noklik\u0161\u0137iniet uz \"Apstiprin\u0101t\". J\u016bsu pirkums tiks pabeigts uzreiz.<\/span><\/p>\n<p><span style=\"font-weight: 400;\">Ko dar\u012bt, ja nevarat izmantot debetkarti\/kred\u012btkarti, lai ieg\u0101d\u0101tos Litecoin, izmantojot \u0101tro tirdzniec\u012bbu? Tas var notikt vair\u0101ku iemeslu d\u0113\u013c, tostarp j\u016bsu bankas ieviesto ierobe\u017eojumu un\/vai Fast Trade neveiksmes d\u0113\u013c.<\/span><\/p>\n<p><span style=\"font-weight: 400;\">Vai ar\u012b jums var b\u016bt ne\u0113rti atst\u0101t savas kartes inform\u0101ciju Kucoin. T\u0101d\u0101 gad\u012bjum\u0101 varat izmantot tre\u0161\u0101s puses pirkumu.<\/span><\/p>\n<h4><span class=\"ez-toc-section\" id=\"Third-Party\"><\/span><span style=\"font-weight: 400;\">Tre\u0161\u0101s puses<\/span><span class=\"ez-toc-section-end\"><\/span><\/h4>\n<p><span style=\"font-weight: 400;\">Tre\u0161\u0101s puses pirkums \u013cauj nor\u0113\u0137in\u0101ties par pirkumu, izmantojot neatkar\u012bgus maks\u0101jumu kan\u0101lus. \u0160ie maks\u0101jumu kan\u0101li p\u0101rdod jums kriptoval\u016btu p\u0113c saviem kursiem, kas parasti ir augst\u0101ki sal\u012bdzin\u0101jum\u0101 ar t\u016bl\u012bt\u0113j\u0101s tirdzniec\u012bbas tirgus kursiem, bet vien\u0101di ar \u0101tr\u0101s tirdzniec\u012bbas cen\u0101m.<\/span><\/p>\n<p><img loading=\"lazy\" decoding=\"async\" class=\"alignnone wp-image-3278 size-full\" src=\"https:\/\/coinkickoff.com\/wp-content\/uploads\/kucoin-screenshot.png\" alt=\"K\u0101 nopirkt Cardano par Kucoin k\u0101 nopirkt polkadot par kucoin k\u0101 nopirkt Litecoin par Kucoin\" width=\"1436\" height=\"673\" srcset=\"https:\/\/coinkickoff.com\/wp-content\/uploads\/kucoin-screenshot.png 1436w, https:\/\/coinkickoff.com\/wp-content\/uploads\/kucoin-screenshot-300x141.png 300w, https:\/\/coinkickoff.com\/wp-content\/uploads\/kucoin-screenshot-1024x480.png 1024w, https:\/\/coinkickoff.com\/wp-content\/uploads\/kucoin-screenshot-768x360.png 768w, https:\/\/coinkickoff.com\/wp-content\/uploads\/kucoin-screenshot-18x8.png 18w\" sizes=\"auto, (max-width: 1436px) 100vw, 1436px\" \/><\/p>\n<p><span style=\"font-weight: 400;\">Tre\u0161\u0101s puses pirkumu ir \u013coti viegli vad\u012bt: ievadiet summu, ko v\u0113laties izt\u0113r\u0113t, un k\u0101 val\u016btu, ko v\u0113laties sa\u0146emt, izv\u0113lieties Litecoin.<\/span><\/p>\n<p><span style=\"font-weight: 400;\">Izv\u0113lieties maks\u0101juma metodi un maks\u0101jumu apstr\u0101d\u0101t\u0101ju. Lai turpin\u0101tu, noklik\u0161\u0137iniet uz \"Apstiprin\u0101t\".<\/span><\/p>\n<p><span style=\"font-weight: 400;\">\u0160aj\u0101 br\u012bd\u012b j\u016bs atst\u0101siet Kucoin t\u012bmek\u013ca vietni un dosieties uz maks\u0101jumu apstr\u0101d\u0101t\u0101ja t\u012bmek\u013ca vietni. Ja jums jau ir konts, varat nekav\u0113joties pabeigt dar\u012bjumu. Ja jums nav konta, varat to \u0101tri izveidot un pabeigt dar\u012bjumu.\u00a0<\/span><\/p>\n<h4><span class=\"ez-toc-section\" id=\"How_to_Buy_Litecoin_with_Crypto\"><\/span><span style=\"font-weight: 400;\">K\u0101 ieg\u0101d\u0101ties Litecoin ar kriptonaudu<\/span><span class=\"ez-toc-section-end\"><\/span><\/h4>\n<p><span style=\"font-weight: 400;\">Visbeidzot, j\u016bs varat ieg\u0101d\u0101ties Litecoin Kucoin t\u016bl\u012bt\u0113j\u0101 tirg\u016b ar kriptoval\u016bt\u0101m.\u00a0<\/span><\/p>\n<p><span style=\"font-weight: 400;\">Vad\u012bbas pane\u013ca izv\u0113ln\u0113 izv\u0113lieties \"Tirdzniec\u012bba\" un nospiediet \"Spot Trading\".\" Lap\u0101 redz\u0113siet vair\u0101kus p\u0101rus, piem\u0113ram, BTC\/USDT, ETH\/USDT, <a href=\"https:\/\/coinkickoff.com\/lv\/dogecoin-doge\/\" data-internallinksmanager029f6b8e52c=\"14\" title=\"Kas ir Dogecoin (DOGE)? K\u0101 tas darbojas un kur to ieg\u0101d\u0101ties?\">DOGE<\/a>\/USDT un t\u0101 t\u0101l\u0101k.\u00a0<\/span><\/p>\n<p><span style=\"font-weight: 400;\">Iev\u0113rojama da\u013ca visu kriptonaudu dar\u012bjumu ir denomin\u0113ti USDT, t\u0101p\u0113c liel\u0101ko da\u013cu coins var nopirkt un p\u0101rdot par USDT, tostarp Litecoin.\u00a0<\/span><\/p>\n<p><span style=\"font-weight: 400;\">Piem\u0113ram, ja jums ir Polkadot, j\u016bs, iesp\u0113jams, nevar\u0113siet to tie\u0161i apmain\u012bt pret Litecoin, bet varat to apmain\u012bt pret USDT un p\u0113c tam izmantot USDT, lai ieg\u0101d\u0101tos LTC.<\/span><\/p>\n<p><span style=\"font-weight: 400;\">Vispirms izv\u0113lieties tirdzniec\u012bbas p\u0101ri, kuru v\u0113laties apmain\u012bt (piem\u0113ram, LTC\/USDT). P\u0113c tam aizpildiet pas\u016bt\u012bjuma veidlapu, piel\u0101gojot USDT summu, ko v\u0113laties izt\u0113r\u0113t par LTC.<\/span><\/p>\n<p><span style=\"font-weight: 400;\">Kucoin \u013cauj veikt \"Market\" un \"Limit\" r\u012bkojumus. Ies\u0101c\u0113jiem iesak\u0101m izv\u0113l\u0113ties tirgus r\u012bkojumu. Ja v\u0113laties izp\u0113t\u012bt citas iesp\u0113jas, uzziniet vair\u0101k par <\/span><a href=\"https:\/\/www.kucoin.com\/support\/900006714063\" target=\"_blank\" rel=\"noopener\"><span style=\"font-weight: 400;\">da\u017e\u0101di pas\u016bt\u012bjumu veidi<\/span><\/a><span style=\"font-weight: 400;\"> pirms turpin\u0101t<\/span><\/p>\n<p><span style=\"font-weight: 400;\">Kad esat pabeidzis, noklik\u0161\u0137iniet uz \"Pirkt\".<\/span><\/p>\n<p><span style=\"font-weight: 400;\">Tagad j\u016bs zin\u0101t tr\u012bs da\u017e\u0101dus veidus, k\u0101 ieg\u0101d\u0101ties Litecoin par Kucoin! Ja jums patika m\u016bsu \"<\/span><i><span style=\"font-weight: 400;\">K\u0101 ieg\u0101d\u0101ties Litecoin par Kucoin\"<\/span><\/i><span style=\"font-weight: 400;\"> ce\u013cvedis, jums var ar\u012b patikt m\u016bsu <\/span><a href=\"https:\/\/coinkickoff.com\/lv\/crypto-exchanges\/\"><span style=\"font-weight: 400;\">apmai\u0146as atsauksmes<\/span><\/a><span style=\"font-weight: 400;\"> un <a href=\"https:\/\/coinkickoff.com\/lv\/how-to-buy-bitcoin\/\">citi ce\u013cve\u017ei<\/a>.<\/span><\/p>","protected":false},"excerpt":{"rendered":"<p>K\u0101 nopirkt Litecoin par Kucoin Ja jums ir nepiecie\u0161ami nor\u0101d\u012bjumi par to, k\u0101 nopirkt Litecoin par Kucoin, j\u016bs esat \u012bstaj\u0101 viet\u0101! Apskat\u012bsim, k\u0101 da\u017eos vienk\u0101r\u0161os so\u013cos ieg\u0101d\u0101ties LTC Kucoin. Soli pa solim, k\u0101 nopirkt Litecoin Kucoin 1. Re\u0123istr\u0113t kontu Iet uz Kucoin [...]<\/p>","protected":false},"author":3,"featured_media":0,"parent":4392,"menu_order":0,"comment_status":"closed","ping_status":"closed","template":"","meta":{"_genesis_hide_title":false,"_genesis_hide_breadcrumbs":false,"_genesis_hide_singular_image":false,"_genesis_hide_footer_widgets":false,"_genesis_custom_body_class":"","_genesis_custom_post_class":"","_genesis_layout":"","_glsr_average":0,"_glsr_ranking":0,"_glsr_reviews":0,"footnotes":""},"class_list":{"0":"post-4404","1":"page","2":"type-page","3":"status-publish","5":"entry"},"featured_image_src":null,"featured_image_src_square":null,"_links":{"self":[{"href":"https:\/\/coinkickoff.com\/lv\/wp-json\/wp\/v2\/pages\/4404","targetHints":{"allow":["GET"]}}],"collection":[{"href":"https:\/\/coinkickoff.com\/lv\/wp-json\/wp\/v2\/pages"}],"about":[{"href":"https:\/\/coinkickoff.com\/lv\/wp-json\/wp\/v2\/types\/page"}],"author":[{"embeddable":true,"href":"https:\/\/coinkickoff.com\/lv\/wp-json\/wp\/v2\/users\/3"}],"replies":[{"embeddable":true,"href":"https:\/\/coinkickoff.com\/lv\/wp-json\/wp\/v2\/comments?post=4404"}],"version-history":[{"count":2,"href":"https:\/\/coinkickoff.com\/lv\/wp-json\/wp\/v2\/pages\/4404\/revisions"}],"predecessor-version":[{"id":4406,"href":"https:\/\/coinkickoff.com\/lv\/wp-json\/wp\/v2\/pages\/4404\/revisions\/4406"}],"up":[{"embeddable":true,"href":"https:\/\/coinkickoff.com\/lv\/wp-json\/wp\/v2\/pages\/4392"}],"wp:attachment":[{"href":"https:\/\/coinkickoff.com\/lv\/wp-json\/wp\/v2\/media?parent=4404"}],"curies":[{"name":"wp","href":"https:\/\/api.w.org\/{rel}","templated":true}]}}