{"id":4239,"date":"2026-01-08T14:07:08","date_gmt":"2026-01-08T14:07:08","guid":{"rendered":"https:\/\/coinkickoff.com\/?page_id=4239"},"modified":"2026-01-08T14:07:08","modified_gmt":"2026-01-08T14:07:08","slug":"how-to-buy-polkadot-on-kucoin","status":"publish","type":"page","link":"https:\/\/coinkickoff.com\/lv\/how-to-buy-polkadot\/how-to-buy-polkadot-on-kucoin\/","title":{"rendered":"K\u0101 ieg\u0101d\u0101ties Polkadot par Kucoin"},"content":{"rendered":"<div id=\"ez-toc-container\" class=\"ez-toc-v2_0_80 counter-hierarchy ez-toc-counter ez-toc-transparent ez-toc-container-direction\">\n<div class=\"ez-toc-title-container\">\n<p class=\"ez-toc-title\" style=\"cursor:inherit\">Sada\u013cas<\/p>\n<span class=\"ez-toc-title-toggle\"><a href=\"#\" class=\"ez-toc-pull-right ez-toc-btn ez-toc-btn-xs ez-toc-btn-default ez-toc-toggle\" aria-label=\"P\u0101rsl\u0113gt satura tabulu\"><span class=\"ez-toc-js-icon-con\"><span class=\"\"><span class=\"eztoc-hide\" style=\"display:none;\">P\u0101rsl\u0113gt<\/span><span class=\"ez-toc-icon-toggle-span\"><svg style=\"fill: #999;color:#999\" xmlns=\"http:\/\/www.w3.org\/2000\/svg\" class=\"list-377408\" width=\"20px\" height=\"20px\" viewbox=\"0 0 24 24\" fill=\"none\"><path d=\"M6 6H4v2h2V6zm14 0H8v2h12V6zM4 11h2v2H4v-2zm16 0H8v2h12v-2zM4 16h2v2H4v-2zm16 0H8v2h12v-2z\" fill=\"currentColor\"><\/path><\/svg><svg style=\"fill: #999;color:#999\" class=\"arrow-unsorted-368013\" xmlns=\"http:\/\/www.w3.org\/2000\/svg\" width=\"10px\" height=\"10px\" viewbox=\"0 0 24 24\" version=\"1.2\" baseprofile=\"tiny\"><path d=\"M18.2 9.3l-6.2-6.3-6.2 6.3c-.2.2-.3.4-.3.7s.1.5.3.7c.2.2.4.3.7.3h11c.3 0 .5-.1.7-.3.2-.2.3-.5.3-.7s-.1-.5-.3-.7zM5.8 14.7l6.2 6.3 6.2-6.3c.2-.2.3-.5.3-.7s-.1-.5-.3-.7c-.2-.2-.4-.3-.7-.3h-11c-.3 0-.5.1-.7.3-.2.2-.3.5-.3.7s.1.5.3.7z\"\/><\/svg><\/span><\/span><\/span><\/a><\/span><\/div>\n<nav><ul class='ez-toc-list ez-toc-list-level-1 eztoc-toggle-hide-by-default' ><li class='ez-toc-page-1 ez-toc-heading-level-2'><a class=\"ez-toc-link ez-toc-heading-1\" href=\"https:\/\/coinkickoff.com\/lv\/how-to-buy-polkadot\/how-to-buy-polkadot-on-kucoin\/#How_to_Buy_Polkadot_on_Kucoin\" >K\u0101 ieg\u0101d\u0101ties Polkadot par Kucoin<\/a><\/li><li class='ez-toc-page-1 ez-toc-heading-level-2'><a class=\"ez-toc-link ez-toc-heading-2\" href=\"https:\/\/coinkickoff.com\/lv\/how-to-buy-polkadot\/how-to-buy-polkadot-on-kucoin\/#A_Step-By-Step_Guide_on_How_to_Buy_Polkadot_on_Kucoin\" >Soli-pa-solim ce\u013cvedis par to, k\u0101 ieg\u0101d\u0101ties Polkadot par Kucoin<\/a><ul class='ez-toc-list-level-3' ><li class='ez-toc-heading-level-3'><a class=\"ez-toc-link ez-toc-heading-3\" href=\"https:\/\/coinkickoff.com\/lv\/how-to-buy-polkadot\/how-to-buy-polkadot-on-kucoin\/#1_Register_an_Account\" >1. Re\u0123istr\u0113t kontu<\/a><\/li><li class='ez-toc-page-1 ez-toc-heading-level-3'><a class=\"ez-toc-link ez-toc-heading-4\" href=\"https:\/\/coinkickoff.com\/lv\/how-to-buy-polkadot\/how-to-buy-polkadot-on-kucoin\/#2_Verify_Your_Account\" >2. P\u0101rbaudiet savu kontu<\/a><\/li><li class='ez-toc-page-1 ez-toc-heading-level-3'><a class=\"ez-toc-link ez-toc-heading-5\" href=\"https:\/\/coinkickoff.com\/lv\/how-to-buy-polkadot\/how-to-buy-polkadot-on-kucoin\/#3_Deposit_Crypto\" >3. Noguld\u012bjums Crypto<\/a><\/li><li class='ez-toc-page-1 ez-toc-heading-level-3'><a class=\"ez-toc-link ez-toc-heading-6\" href=\"https:\/\/coinkickoff.com\/lv\/how-to-buy-polkadot\/how-to-buy-polkadot-on-kucoin\/#4_Navigate_to_the_Relevant_Screen_to_Buy\" >4. P\u0101rejiet uz attiec\u012bgo ekr\u0101nu, lai ieg\u0101d\u0101tos<\/a><ul class='ez-toc-list-level-4' ><li class='ez-toc-heading-level-4'><a class=\"ez-toc-link ez-toc-heading-7\" href=\"https:\/\/coinkickoff.com\/lv\/how-to-buy-polkadot\/how-to-buy-polkadot-on-kucoin\/#Fast_Trade\" >\u0100tra tirdzniec\u012bba<\/a><\/li><li class='ez-toc-page-1 ez-toc-heading-level-4'><a class=\"ez-toc-link ez-toc-heading-8\" href=\"https:\/\/coinkickoff.com\/lv\/how-to-buy-polkadot\/how-to-buy-polkadot-on-kucoin\/#Third-Party\" >Tre\u0161\u0101s puses<\/a><\/li><li class='ez-toc-page-1 ez-toc-heading-level-4'><a class=\"ez-toc-link ez-toc-heading-9\" href=\"https:\/\/coinkickoff.com\/lv\/how-to-buy-polkadot\/how-to-buy-polkadot-on-kucoin\/#How_to_Buy_Polkadot_with_Crypto\" >K\u0101 ieg\u0101d\u0101ties Polkadot ar kriptonaudu<\/a><\/li><\/ul><\/li><\/ul><\/li><\/ul><\/nav><\/div>\n<h2><span class=\"ez-toc-section\" id=\"How_to_Buy_Polkadot_on_Kucoin\"><\/span><span style=\"font-weight: 400;\">K\u0101 ieg\u0101d\u0101ties Polkadot par Kucoin<\/span><span class=\"ez-toc-section-end\"><\/span><\/h2>\n<p><span style=\"font-weight: 400;\">K\u0101 ieg\u0101d\u0101ties <a href=\"https:\/\/coinkickoff.com\/lv\/polkadot-dot\/\" data-internallinksmanager029f6b8e52c=\"12\" title=\"Kas ir Polkadot (DOT)? K\u0101 tas darbojas un kur to ieg\u0101d\u0101ties?\">Polkadot<\/a> vietn\u0113 <a href=\"https:\/\/coinkickoff.com\/lv\/kucoin-review\/\" data-internallinksmanager029f6b8e52c=\"153\" title=\"KuCoin Atsauksmes 2023: Maks\u0101jumi, dro\u0161\u012bba, Pro &amp; m\u012bnusi\">Kucoin<\/a>vai j\u016bs jaut\u0101jat? Ir tik daudz veidu! \u0160eit ir ce\u013cvedis, k\u0101 ieg\u0101d\u0101ties DOT par Kucoin ar fiat naudu un\/vai digit\u0101laj\u0101m val\u016bt\u0101m.<\/span><\/p>\n<h2><span class=\"ez-toc-section\" id=\"A_Step-By-Step_Guide_on_How_to_Buy_Polkadot_on_Kucoin\"><\/span><span style=\"font-weight: 400;\">Soli-pa-solim ce\u013cvedis par to, k\u0101 ieg\u0101d\u0101ties Polkadot par Kucoin<\/span><span class=\"ez-toc-section-end\"><\/span><\/h2>\n<h3><span class=\"ez-toc-section\" id=\"1_Register_an_Account\"><\/span><span style=\"font-weight: 400;\">1. Re\u0123istr\u0113t kontu<\/span><span class=\"ez-toc-section-end\"><\/span><\/h3>\n<p><img loading=\"lazy\" decoding=\"async\" class=\"alignnone wp-image-3269 size-full\" src=\"https:\/\/coinkickoff.com\/wp-content\/uploads\/kucoin-register.png\" alt=\"pirkt doge par kucoin re\u0123istr\u0101\" width=\"1421\" height=\"788\" srcset=\"https:\/\/coinkickoff.com\/wp-content\/uploads\/kucoin-register.png 1421w, https:\/\/coinkickoff.com\/wp-content\/uploads\/kucoin-register-300x166.png 300w, https:\/\/coinkickoff.com\/wp-content\/uploads\/kucoin-register-1024x568.png 1024w, https:\/\/coinkickoff.com\/wp-content\/uploads\/kucoin-register-768x426.png 768w, https:\/\/coinkickoff.com\/wp-content\/uploads\/kucoin-register-18x10.png 18w\" sizes=\"auto, (max-width: 1421px) 100vw, 1421px\" \/><\/p>\n<p><span style=\"font-weight: 400;\">S\u0101ciet, atverot bezmaksas <\/span><a href=\"https:\/\/www.kucoin.com\/r\/af\/rMJPV3B\" target=\"_blank\" rel=\"noopener\"><span style=\"font-weight: 400;\">Kucoin<\/span><\/a><span style=\"font-weight: 400;\"> kontu.\u00a0<\/span><\/p>\n<h3><span class=\"ez-toc-section\" id=\"2_Verify_Your_Account\"><\/span><span style=\"font-weight: 400;\">2. P\u0101rbaudiet savu kontu<\/span><span class=\"ez-toc-section-end\"><\/span><\/h3>\n<p><span style=\"font-weight: 400;\">\u0160o soli varat izlaist, ja pl\u0101nojat ieg\u0101d\u0101ties Polkadot ar cit\u0101m kriptoval\u016bt\u0101m.\u00a0<\/span><\/p>\n<p><span style=\"font-weight: 400;\">Ja v\u0113laties izmantot fiat naudu (valstu val\u016btas, piem\u0113ram, USD, AUD, EUR, GBP u. c.), jums ir j\u0101verific\u0113 savs konts.\u00a0\u00a0<\/span><\/p>\n<p><span style=\"font-weight: 400;\">Noklik\u0161\u0137iniet uz sava lietot\u0101jv\u0101rda, lai atv\u0113rtu savu lietot\u0101ja profilu. P\u0113c tam noklik\u0161\u0137iniet uz cilnes \"Identit\u0101tes p\u0101rbaude\".<\/span><\/p>\n<p><img loading=\"lazy\" decoding=\"async\" class=\"alignnone wp-image-3272 size-full\" src=\"https:\/\/coinkickoff.com\/wp-content\/uploads\/kucoin-identity-verification.png\" alt=\"kucoin identit\u0101tes p\u0101rbaude 1\" width=\"1420\" height=\"785\" srcset=\"https:\/\/coinkickoff.com\/wp-content\/uploads\/kucoin-identity-verification.png 1420w, https:\/\/coinkickoff.com\/wp-content\/uploads\/kucoin-identity-verification-300x166.png 300w, https:\/\/coinkickoff.com\/wp-content\/uploads\/kucoin-identity-verification-1024x566.png 1024w, https:\/\/coinkickoff.com\/wp-content\/uploads\/kucoin-identity-verification-768x425.png 768w, https:\/\/coinkickoff.com\/wp-content\/uploads\/kucoin-identity-verification-18x10.png 18w\" sizes=\"auto, (max-width: 1420px) 100vw, 1420px\" \/><\/p>\n<p><span style=\"font-weight: 400;\">Jums jau ir pieejamas visas pamatfunkcijas, tostarp kriptogr\u0101fijas tirdzniec\u012bba. Piek\u013cuve uzlabotaj\u0101m funkcij\u0101m \u013cauj tirgot un iz\u0146emt liel\u0101kas kriptonaudas summas, k\u0101 ar\u012b pirkt kriptonaudas par fiat. <\/span><\/p>\n<p><img loading=\"lazy\" decoding=\"async\" class=\"alignnone wp-image-3270 size-full\" src=\"https:\/\/coinkickoff.com\/wp-content\/uploads\/kucoin-id-verification-2.png\" alt=\"kucoin identit\u0101tes p\u0101rbaude 2\" width=\"1407\" height=\"706\" srcset=\"https:\/\/coinkickoff.com\/wp-content\/uploads\/kucoin-id-verification-2.png 1407w, https:\/\/coinkickoff.com\/wp-content\/uploads\/kucoin-id-verification-2-300x151.png 300w, https:\/\/coinkickoff.com\/wp-content\/uploads\/kucoin-id-verification-2-1024x514.png 1024w, https:\/\/coinkickoff.com\/wp-content\/uploads\/kucoin-id-verification-2-768x385.png 768w, https:\/\/coinkickoff.com\/wp-content\/uploads\/kucoin-id-verification-2-18x9.png 18w\" sizes=\"auto, (max-width: 1407px) 100vw, 1407px\" \/><\/p>\n<p><span style=\"font-weight: 400;\">Sagatavojiet ofici\u0101lu personu apliecino\u0161u dokumentu, piem\u0113ram, pasi vai autovad\u012bt\u0101ja apliec\u012bbu. P\u0101rbaudes process ir diezgan \u012bss un aiz\u0146em tikai da\u017eas min\u016btes. <\/span><\/p>\n<p><img loading=\"lazy\" decoding=\"async\" class=\"alignnone wp-image-3271 size-full\" src=\"https:\/\/coinkickoff.com\/wp-content\/uploads\/kucoin-id-verification-3.png\" alt=\"kucoin identit\u0101tes p\u0101rbaude 3 \" width=\"1412\" height=\"789\" srcset=\"https:\/\/coinkickoff.com\/wp-content\/uploads\/kucoin-id-verification-3.png 1412w, https:\/\/coinkickoff.com\/wp-content\/uploads\/kucoin-id-verification-3-300x168.png 300w, https:\/\/coinkickoff.com\/wp-content\/uploads\/kucoin-id-verification-3-1024x572.png 1024w, https:\/\/coinkickoff.com\/wp-content\/uploads\/kucoin-id-verification-3-768x429.png 768w, https:\/\/coinkickoff.com\/wp-content\/uploads\/kucoin-id-verification-3-18x10.png 18w\" sizes=\"auto, (max-width: 1412px) 100vw, 1412px\" \/><\/p>\n<p><span style=\"font-weight: 400;\">Aizpildiet inform\u0101cijas veidlapu, p\u0101rliecinoties, ka j\u016bsu personas dati sakr\u012bt ar ofici\u0101laj\u0101 personas apliec\u012bb\u0101 nor\u0101d\u012btajiem datiem. Nospiediet \"T\u0101l\u0101k\". Lai pabeigtu \u0161o posmu, jums ir j\u0101iel\u0101d\u0113 sava personu apliecino\u0161a dokumenta fotoatt\u0113ls un j\u0101iesniedz tas verifik\u0101cijai.<\/span><\/p>\n<h3><span class=\"ez-toc-section\" id=\"3_Deposit_Crypto\"><\/span><span style=\"font-weight: 400;\">3. Noguld\u012bjums Crypto<\/span><span class=\"ez-toc-section-end\"><\/span><\/h3>\n<p><span style=\"font-weight: 400;\">K\u0101 jau min\u0113j\u0101m iepriek\u0161, j\u016bs varat ieg\u0101d\u0101ties Polkadot par Kucoin ar cit\u0101m digit\u0101laj\u0101m val\u016bt\u0101m. Ja jums pieder digit\u0101lie akt\u012bvi un j\u016bs interes\u0113 \u0161\u012b iesp\u0113ja, turpiniet las\u012bt. Ja n\u0113, \u0161o soli varat izlaist.\u00a0<\/span><\/p>\n<p><span style=\"font-weight: 400;\">Lai skat\u012btu p\u0101rskatu par saviem atlikumiem, noklik\u0161\u0137iniet uz pane\u013ca cilnes \"Akt\u012bvi\". Nospiediet \"Depoz\u012bts\" un izv\u0113lieties digit\u0101lo akt\u012bvu, kuru v\u0113laties p\u0101rskait\u012bt uz Kucoin.<\/span><\/p>\n<p><img loading=\"lazy\" decoding=\"async\" class=\"alignnone wp-image-3273 size-full\" src=\"https:\/\/coinkickoff.com\/wp-content\/uploads\/kucoin-deposit.png\" alt=\"kucoin depoz\u012bta l\u012bdzek\u013ci 1\" width=\"1427\" height=\"758\" srcset=\"https:\/\/coinkickoff.com\/wp-content\/uploads\/kucoin-deposit.png 1427w, https:\/\/coinkickoff.com\/wp-content\/uploads\/kucoin-deposit-300x159.png 300w, https:\/\/coinkickoff.com\/wp-content\/uploads\/kucoin-deposit-1024x544.png 1024w, https:\/\/coinkickoff.com\/wp-content\/uploads\/kucoin-deposit-768x408.png 768w, https:\/\/coinkickoff.com\/wp-content\/uploads\/kucoin-deposit-18x10.png 18w\" sizes=\"auto, (max-width: 1427px) 100vw, 1427px\" \/><\/p>\n<p><span style=\"font-weight: 400;\">Sa\u0146emsiet izv\u0113l\u0113t\u0101 coin atsauk\u0161anas adresi. Dodieties uz savu \u0101r\u0113jo maku un izmantojiet \u0161o adresi, lai iz\u0146emtu savu coins uz Kucoin!<\/span><\/p>\n<p><span style=\"font-weight: 400;\">Tom\u0113r vienm\u0113r j\u0101atceras viens noteikums: katrai kriptoval\u016btai ir nepiecie\u0161ama atsevi\u0161\u0137a maku adrese. Pie\u0146emsim, ka esat izveidojis adresi <a href=\"https:\/\/coinkickoff.com\/lv\/tether-usdt\/\" data-internallinksmanager029f6b8e52c=\"3\" title=\"Kas ir Tether (USDT)? K\u0101 tas darbojas un kur to ieg\u0101d\u0101ties?\">USDT<\/a>. \u0160o adresi dr\u012bkst izmantot tikai USDT p\u0101rs\u016bt\u012bjumiem. Ja m\u0113\u0123in\u0101siet nos\u016bt\u012bt citu kriptoval\u016btu, t\u0101 var pazust, un j\u016bs varat zaud\u0113t savus l\u012bdzek\u013cus.\u00a0<\/span><\/p>\n<h3><span class=\"ez-toc-section\" id=\"4_Navigate_to_the_Relevant_Screen_to_Buy\"><\/span><span style=\"font-weight: 400;\">4. P\u0101rejiet uz attiec\u012bgo ekr\u0101nu, lai ieg\u0101d\u0101tos<\/span><span class=\"ez-toc-section-end\"><\/span><\/h3>\n<p><span style=\"font-weight: 400;\">Lai ieg\u0101d\u0101tos Polkadot ar fiat val\u016btu, nospiediet \"Pirkt kriptonauda\" un izv\u0113lieties \"\u0100tr\u0101 tirdzniec\u012bba\" vai \"Tre\u0161\u0101s puses\". P2P dar\u012bjumi Polkadot nav pieejami.<\/span><\/p>\n<p><img loading=\"lazy\" decoding=\"async\" class=\"alignnone wp-image-3274 size-full\" src=\"https:\/\/coinkickoff.com\/wp-content\/uploads\/kucoin-buy-crypto.png\" alt=\"kucoin ieg\u0101d\u0101ties ekr\u0101nu\" width=\"1418\" height=\"692\" srcset=\"https:\/\/coinkickoff.com\/wp-content\/uploads\/kucoin-buy-crypto.png 1418w, https:\/\/coinkickoff.com\/wp-content\/uploads\/kucoin-buy-crypto-300x146.png 300w, https:\/\/coinkickoff.com\/wp-content\/uploads\/kucoin-buy-crypto-1024x500.png 1024w, https:\/\/coinkickoff.com\/wp-content\/uploads\/kucoin-buy-crypto-768x375.png 768w, https:\/\/coinkickoff.com\/wp-content\/uploads\/kucoin-buy-crypto-18x9.png 18w\" sizes=\"auto, (max-width: 1418px) 100vw, 1418px\" \/><\/p>\n<p><span style=\"font-weight: 400;\">Izmantojot Fast Trade, varat pievienot kred\u012btkarti vai debetkarti savam Kucoin kontam, lai veiktu t\u016bl\u012bt\u0113jus pirkumus.\u00a0<\/span><\/p>\n<p><span style=\"font-weight: 400;\">Tre\u0161\u0101s puses \u013cauj ieg\u0101d\u0101ties DOT, izmantojot tre\u0161o pu\u0161u kan\u0101lus, piem\u0113ram, Banxa, Simplex, un <a href=\"https:\/\/coinkickoff.com\/lv\/bitcoin-btc\/\" data-internallinksmanager029f6b8e52c=\"1\" title=\"Kas ir Bitcoin (BTC)? Cena, v\u0113sture un kur nopirkt\">BTC<\/a> Tie\u0161\u0101 veid\u0101.<\/span><\/p>\n<h4><span class=\"ez-toc-section\" id=\"Fast_Trade\"><\/span><span style=\"font-weight: 400;\">\u0100tra tirdzniec\u012bba<\/span><span class=\"ez-toc-section-end\"><\/span><\/h4>\n<p><span style=\"font-weight: 400;\">Ja izv\u0113laties \u0101tro tirdzniec\u012bbu, Polkadot varat ieg\u0101d\u0101ties, aizpildot vienk\u0101r\u0161u pas\u016bt\u012bjuma formu. <\/span><\/p>\n<h4><img loading=\"lazy\" decoding=\"async\" class=\"alignnone wp-image-3275 size-full\" style=\"font-family: Muli, sans-serif;\" src=\"https:\/\/coinkickoff.com\/wp-content\/uploads\/kucoin-buy-crypto-one-click.png\" alt=\"kucoin ieg\u0101d\u0101ties ar vienu klik\u0161\u0137i\" width=\"1421\" height=\"770\" srcset=\"https:\/\/coinkickoff.com\/wp-content\/uploads\/kucoin-buy-crypto-one-click.png 1421w, https:\/\/coinkickoff.com\/wp-content\/uploads\/kucoin-buy-crypto-one-click-300x163.png 300w, https:\/\/coinkickoff.com\/wp-content\/uploads\/kucoin-buy-crypto-one-click-1024x555.png 1024w, https:\/\/coinkickoff.com\/wp-content\/uploads\/kucoin-buy-crypto-one-click-768x416.png 768w, https:\/\/coinkickoff.com\/wp-content\/uploads\/kucoin-buy-crypto-one-click-18x10.png 18w\" sizes=\"auto, (max-width: 1421px) 100vw, 1421px\" \/><\/h4>\n<p><span style=\"font-weight: 400;\">Ir daudz maks\u0101jumu veidu, tostarp kred\u012btkartes un debetkartes.<\/span><\/p>\n<p><img loading=\"lazy\" decoding=\"async\" class=\"alignnone wp-image-3276 size-full\" src=\"https:\/\/coinkickoff.com\/wp-content\/uploads\/kucoin-select-paymnet-method.png\" alt=\"k\u0101 nopirkt Polygon par Kucoin\" width=\"1424\" height=\"794\" srcset=\"https:\/\/coinkickoff.com\/wp-content\/uploads\/kucoin-select-paymnet-method.png 1424w, https:\/\/coinkickoff.com\/wp-content\/uploads\/kucoin-select-paymnet-method-300x167.png 300w, https:\/\/coinkickoff.com\/wp-content\/uploads\/kucoin-select-paymnet-method-1024x571.png 1024w, https:\/\/coinkickoff.com\/wp-content\/uploads\/kucoin-select-paymnet-method-768x428.png 768w, https:\/\/coinkickoff.com\/wp-content\/uploads\/kucoin-select-paymnet-method-18x10.png 18w\" sizes=\"auto, (max-width: 1424px) 100vw, 1424px\" \/><\/p>\n<p><span style=\"font-weight: 400;\">Izv\u0113lieties maks\u0101juma metodi, kuru v\u0113laties izmantot. Noklik\u0161\u0137inot uz \"Pievienot karti\", varat ievad\u012bt kartes inform\u0101ciju un izmantot to pirkumam.<\/span><\/p>\n<p><span style=\"font-weight: 400;\">Noklik\u0161\u0137iniet uz \"Pirkt DOT\", lai pabeigtu dar\u012bjumu. Pirms dar\u012bjuma pabeig\u0161anas j\u016bs varat redz\u0113t aptuveno summu, cik daudz DOT j\u016bs sa\u0146emsiet, k\u0101 ar\u012b visas piem\u0113rojam\u0101s maksas.<\/span><\/p>\n<h4><span class=\"ez-toc-section\" id=\"Third-Party\"><\/span><span style=\"font-weight: 400;\">Tre\u0161\u0101s puses<\/span><span class=\"ez-toc-section-end\"><\/span><\/h4>\n<p><span style=\"font-weight: 400;\">Ja k\u0101da iemesla d\u0113\u013c nevarat ieg\u0101d\u0101ties DOT, izmantojot Easy Buy, vienm\u0113r varat izmantot tre\u0161\u0101s puses pakalpojumu, piem\u0113ram, Banxa vai Simplex.<\/span><\/p>\n<p><span style=\"font-weight: 400;\">\u0160ie tre\u0161o pu\u0161u apstr\u0101d\u0101t\u0101ji p\u0101rdod kriptoval\u016btas par noteiktiem tarifiem un pievieno nelielu apstr\u0101des maksu. Tom\u0113r to kursi parasti ir d\u0101rg\u0101ki sal\u012bdzin\u0101jum\u0101 ar bir\u017eas cen\u0101m, jo ir lielas starp\u012bbas.<\/span><\/p>\n<p><span style=\"font-weight: 400;\">Aizpildiet tre\u0161\u0101s puses pas\u016bt\u012bjuma veidlapu. Vispirms izv\u0113lieties DOT k\u0101 akt\u012bvu, kuru v\u0113laties sa\u0146emt, un ievadiet summu, ko v\u0113laties ieguld\u012bt Polkadot.<\/span><\/p>\n<p><img loading=\"lazy\" decoding=\"async\" class=\"alignnone wp-image-3278 size-full\" src=\"https:\/\/coinkickoff.com\/wp-content\/uploads\/kucoin-screenshot.png\" alt=\"K\u0101 nopirkt Cardano par kucoin k\u0101 nopirkt polkadot par kucoin\" width=\"1436\" height=\"673\" srcset=\"https:\/\/coinkickoff.com\/wp-content\/uploads\/kucoin-screenshot.png 1436w, https:\/\/coinkickoff.com\/wp-content\/uploads\/kucoin-screenshot-300x141.png 300w, https:\/\/coinkickoff.com\/wp-content\/uploads\/kucoin-screenshot-1024x480.png 1024w, https:\/\/coinkickoff.com\/wp-content\/uploads\/kucoin-screenshot-768x360.png 768w, https:\/\/coinkickoff.com\/wp-content\/uploads\/kucoin-screenshot-18x8.png 18w\" sizes=\"auto, (max-width: 1436px) 100vw, 1436px\" \/><\/p>\n<p><span style=\"font-weight: 400;\">P\u0101rbaudiet pieejamos maks\u0101\u0161anas veidus. Da\u017ei maks\u0101jumu apstr\u0101d\u0101t\u0101ji var pied\u0101v\u0101t izdev\u012bg\u0101kas cenas vai l\u0113t\u0101kas komisijas maksas.<\/span><\/p>\n<p>&nbsp;<\/p>\n<p><span style=\"font-weight: 400;\">Kad nospied\u012bsiet \"Apstiprin\u0101t\", tiksiet novirz\u012bts uz maks\u0101juma lapu. Apstipriniet dar\u012bjumu, un viss ir izdar\u012bts.<\/span><\/p>\n<h4><span class=\"ez-toc-section\" id=\"How_to_Buy_Polkadot_with_Crypto\"><\/span><span style=\"font-weight: 400;\">K\u0101 ieg\u0101d\u0101ties Polkadot ar kriptonaudu<\/span><span class=\"ez-toc-section-end\"><\/span><\/h4>\n<p><span style=\"font-weight: 400;\">Ja p\u0101rvedat digit\u0101los akt\u012bvus uz Kucoin, t\u016bl\u012bt\u0113ju dar\u012bjumu tirg\u016b tos varat apmain\u012bt pret Polkadot. Kucoin, t\u0101pat k\u0101 daudzas bir\u017eas, pied\u0101v\u0101 stabiluscoin p\u0101rus vairumam altcoins, tostarp Polkadot. T\u0101tad, ja jums ir USDT vai <a href=\"https:\/\/coinkickoff.com\/lv\/usd-coin-usdc\/\" data-internallinksmanager029f6b8e52c=\"8\" title=\"Kas ir USD Coin (USDC)? K\u0101 tas darbojas un kur to ieg\u0101d\u0101ties?\">USDC<\/a>, j\u016bs varat tos diezgan viegli apmain\u012bt pret DOT.<\/span><\/p>\n<p><span style=\"font-weight: 400;\">Ja jums ir cits digit\u0101lais akt\u012bvs, vispirms to varat apmain\u012bt pret USDT vai USDC.\u00a0<\/span><\/p>\n<p><span style=\"font-weight: 400;\">Noklik\u0161\u0137iniet uz \"Trade\" un dodieties uz \"Spot Trading\". Interfeisa saskarn\u0113 tirgus panel\u012b ierakstiet \"DOT\", lai izv\u0113l\u0113tos p\u0101ro\u0161anu.<\/span><\/p>\n<p><span style=\"font-weight: 400;\">T\u0101l\u0101k varat veikt pas\u016bt\u012bjumu, lai ieg\u0101d\u0101tos DOT. Vienk\u0101r\u0161i ievadiet summu, ko v\u0113laties izt\u0113r\u0113t, un nospiediet \"Pirkt\", lai pabeigtu pirkumu.<\/span><\/p>\n<p><span style=\"font-weight: 400;\">Ja j\u016bs izdosiet r\u012bkojumu \"Tirgus\", j\u016bsu pirkums tiks izpild\u012bts \u013coti dr\u012bz par tirgus cenu. Ja j\u016bs izvietojat ierobe\u017eotu r\u012bkojumu, j\u016bs varat noteikt cenu, k\u0101du esat gatavs maks\u0101t par DOT, un j\u016bsu r\u012bkojums tiks izpild\u012bts, tikl\u012bdz akt\u012bvu cenas samazin\u0101sies.<\/span><\/p>\n<p><span style=\"font-weight: 400;\">Un tas ir <\/span><i><span style=\"font-weight: 400;\">K\u0101 ieg\u0101d\u0101ties Polkadot par Kucoin<\/span><\/i><span style=\"font-weight: 400;\"> ce\u013cvedis! Ja tas jums ir noder\u012bgs, apskatiet m\u016bsu <\/span><a href=\"https:\/\/coinkickoff.com\/lv\/crypto-exchanges\/\"><span style=\"font-weight: 400;\">apmai\u0146as atsauksmes<\/span><\/a><span style=\"font-weight: 400;\"> un citi <a href=\"https:\/\/coinkickoff.com\/lv\/how-to-buy-ethereum\/\">ce\u013cve\u017ei<\/a>.<\/span><\/p>","protected":false},"excerpt":{"rendered":"<p>K\u0101 nopirkt Polkadot Kucoin K\u0101 nopirkt Polkadot Kucoin, j\u016bs jaut\u0101jat? Ir tik daudz veidu! \u0160eit atrad\u012bsi ce\u013cvedi, k\u0101 ieg\u0101d\u0101ties DOT Kucoin par fiat naudu un\/vai digit\u0101laj\u0101m val\u016bt\u0101m. Soli pa solim, k\u0101 nopirkt Polkadot port\u0101l\u0101 Kucoin 1. Re\u0123istr\u0113t kontu S\u0101ciet, atverot bezmaksas [...]<\/p>","protected":false},"author":3,"featured_media":0,"parent":4215,"menu_order":0,"comment_status":"closed","ping_status":"closed","template":"","meta":{"_genesis_hide_title":false,"_genesis_hide_breadcrumbs":false,"_genesis_hide_singular_image":false,"_genesis_hide_footer_widgets":false,"_genesis_custom_body_class":"","_genesis_custom_post_class":"","_genesis_layout":"","_glsr_average":0,"_glsr_ranking":0,"_glsr_reviews":0,"footnotes":""},"class_list":{"0":"post-4239","1":"page","2":"type-page","3":"status-publish","5":"entry"},"featured_image_src":null,"featured_image_src_square":null,"_links":{"self":[{"href":"https:\/\/coinkickoff.com\/lv\/wp-json\/wp\/v2\/pages\/4239","targetHints":{"allow":["GET"]}}],"collection":[{"href":"https:\/\/coinkickoff.com\/lv\/wp-json\/wp\/v2\/pages"}],"about":[{"href":"https:\/\/coinkickoff.com\/lv\/wp-json\/wp\/v2\/types\/page"}],"author":[{"embeddable":true,"href":"https:\/\/coinkickoff.com\/lv\/wp-json\/wp\/v2\/users\/3"}],"replies":[{"embeddable":true,"href":"https:\/\/coinkickoff.com\/lv\/wp-json\/wp\/v2\/comments?post=4239"}],"version-history":[{"count":2,"href":"https:\/\/coinkickoff.com\/lv\/wp-json\/wp\/v2\/pages\/4239\/revisions"}],"predecessor-version":[{"id":4241,"href":"https:\/\/coinkickoff.com\/lv\/wp-json\/wp\/v2\/pages\/4239\/revisions\/4241"}],"up":[{"embeddable":true,"href":"https:\/\/coinkickoff.com\/lv\/wp-json\/wp\/v2\/pages\/4215"}],"wp:attachment":[{"href":"https:\/\/coinkickoff.com\/lv\/wp-json\/wp\/v2\/media?parent=4239"}],"curies":[{"name":"wp","href":"https:\/\/api.w.org\/{rel}","templated":true}]}}