{"id":4236,"date":"2026-01-08T14:07:08","date_gmt":"2026-01-08T14:07:08","guid":{"rendered":"https:\/\/coinkickoff.com\/?page_id=4236"},"modified":"2026-01-08T14:07:08","modified_gmt":"2026-01-08T14:07:08","slug":"how-to-buy-polkadot-on-gemini","status":"publish","type":"page","link":"https:\/\/coinkickoff.com\/lv\/how-to-buy-polkadot\/how-to-buy-polkadot-on-gemini\/","title":{"rendered":"K\u0101 nopirkt Polkadot Gemini vietn\u0113"},"content":{"rendered":"<div id=\"ez-toc-container\" class=\"ez-toc-v2_0_80 counter-hierarchy ez-toc-counter ez-toc-transparent ez-toc-container-direction\">\n<div class=\"ez-toc-title-container\">\n<p class=\"ez-toc-title\" style=\"cursor:inherit\">Sada\u013cas<\/p>\n<span class=\"ez-toc-title-toggle\"><a href=\"#\" class=\"ez-toc-pull-right ez-toc-btn ez-toc-btn-xs ez-toc-btn-default ez-toc-toggle\" aria-label=\"P\u0101rsl\u0113gt satura tabulu\"><span class=\"ez-toc-js-icon-con\"><span class=\"\"><span class=\"eztoc-hide\" style=\"display:none;\">P\u0101rsl\u0113gt<\/span><span class=\"ez-toc-icon-toggle-span\"><svg style=\"fill: #999;color:#999\" xmlns=\"http:\/\/www.w3.org\/2000\/svg\" class=\"list-377408\" width=\"20px\" height=\"20px\" viewbox=\"0 0 24 24\" fill=\"none\"><path d=\"M6 6H4v2h2V6zm14 0H8v2h12V6zM4 11h2v2H4v-2zm16 0H8v2h12v-2zM4 16h2v2H4v-2zm16 0H8v2h12v-2z\" fill=\"currentColor\"><\/path><\/svg><svg style=\"fill: #999;color:#999\" class=\"arrow-unsorted-368013\" xmlns=\"http:\/\/www.w3.org\/2000\/svg\" width=\"10px\" height=\"10px\" viewbox=\"0 0 24 24\" version=\"1.2\" baseprofile=\"tiny\"><path d=\"M18.2 9.3l-6.2-6.3-6.2 6.3c-.2.2-.3.4-.3.7s.1.5.3.7c.2.2.4.3.7.3h11c.3 0 .5-.1.7-.3.2-.2.3-.5.3-.7s-.1-.5-.3-.7zM5.8 14.7l6.2 6.3 6.2-6.3c.2-.2.3-.5.3-.7s-.1-.5-.3-.7c-.2-.2-.4-.3-.7-.3h-11c-.3 0-.5.1-.7.3-.2.2-.3.5-.3.7s.1.5.3.7z\"\/><\/svg><\/span><\/span><\/span><\/a><\/span><\/div>\n<nav><ul class='ez-toc-list ez-toc-list-level-1 eztoc-toggle-hide-by-default' ><li class='ez-toc-page-1 ez-toc-heading-level-2'><a class=\"ez-toc-link ez-toc-heading-1\" href=\"https:\/\/coinkickoff.com\/lv\/how-to-buy-polkadot\/how-to-buy-polkadot-on-gemini\/#How_to_Buy_Polkadot_on_Gemini\" >K\u0101 nopirkt Polkadot Gemini vietn\u0113<\/a><\/li><li class='ez-toc-page-1 ez-toc-heading-level-2'><a class=\"ez-toc-link ez-toc-heading-2\" href=\"https:\/\/coinkickoff.com\/lv\/how-to-buy-polkadot\/how-to-buy-polkadot-on-gemini\/#A_Step-By-Step_Guide_on_How_to_Buy_Polkadot_on_Gemini\" >Soli-pa-solim ce\u013cvedis par to, k\u0101 nopirkt Polkadot par Gemini<\/a><ul class='ez-toc-list-level-3' ><li class='ez-toc-heading-level-3'><a class=\"ez-toc-link ez-toc-heading-3\" href=\"https:\/\/coinkickoff.com\/lv\/how-to-buy-polkadot\/how-to-buy-polkadot-on-gemini\/#1_Register_an_Account_and_Verify_Your_Identity\" >1. Re\u0123istr\u0113jiet kontu un p\u0101rbaudiet savu identit\u0101ti<\/a><\/li><li class='ez-toc-page-1 ez-toc-heading-level-3'><a class=\"ez-toc-link ez-toc-heading-4\" href=\"https:\/\/coinkickoff.com\/lv\/how-to-buy-polkadot\/how-to-buy-polkadot-on-gemini\/#2_Add_a_Payment_Method\" >2. Pievienojiet maks\u0101juma metodi<\/a><\/li><li class='ez-toc-page-1 ez-toc-heading-level-3'><a class=\"ez-toc-link ez-toc-heading-5\" href=\"https:\/\/coinkickoff.com\/lv\/how-to-buy-polkadot\/how-to-buy-polkadot-on-gemini\/#3_Navigate_to_the_Relevant_Screen_to_Buy\" >3. P\u0101rejiet uz attiec\u012bgo ekr\u0101nu, lai ieg\u0101d\u0101tos<\/a><ul class='ez-toc-list-level-4' ><li class='ez-toc-heading-level-4'><a class=\"ez-toc-link ez-toc-heading-6\" href=\"https:\/\/coinkickoff.com\/lv\/how-to-buy-polkadot\/how-to-buy-polkadot-on-gemini\/#Active_Trading\" >Akt\u012bv\u0101 tirdzniec\u012bba<\/a><\/li><\/ul><\/li><\/ul><\/li><\/ul><\/nav><\/div>\n<h2><span class=\"ez-toc-section\" id=\"How_to_Buy_Polkadot_on_Gemini\"><\/span><span style=\"font-weight: 400;\">K\u0101 nopirkt Polkadot Gemini vietn\u0113<\/span><span class=\"ez-toc-section-end\"><\/span><\/h2>\n<p><span style=\"font-weight: 400;\">Ja v\u0113laties ieg\u0101d\u0101ties <a href=\"https:\/\/coinkickoff.com\/lv\/polkadot-dot\/\">Polkadot<\/a> (DOT) par Gemini, j\u016bs atrodaties \u012bstaj\u0101 viet\u0101. Sekojiet m\u016bsu tr\u012bs so\u013cu ce\u013cvedim, lai uzzin\u0101tu, k\u0101 ieg\u0101d\u0101ties <a href=\"https:\/\/coinkickoff.com\/lv\/polkadot-dot\/\" data-internallinksmanager029f6b8e52c=\"12\" title=\"Kas ir Polkadot (DOT)? K\u0101 tas darbojas un kur to ieg\u0101d\u0101ties?\">Polkadot<\/a> par Gemini.<\/span><\/p>\n<p><span style=\"font-weight: 400;\">Bet, pirms s\u0101kat, l\u016bdzu, p\u0101rbaudiet m\u016bsu <\/span><a href=\"https:\/\/coinkickoff.com\/lv\/gemini-review\/\"><span style=\"font-weight: 400;\">Dv\u012b\u0146u p\u0101rskats<\/span><\/a><span style=\"font-weight: 400;\">. Gemini Earn klienti ir <\/span><a href=\"https:\/\/www.bloomberg.com\/news\/articles\/2023-07-07\/winklevoss-s-gemini-crypto-exchange-sues-barry-silbert-and-dcg\" target=\"_blank\" rel=\"noopener\"><span style=\"font-weight: 400;\">nevar atsaukt<\/span><\/a><span style=\"font-weight: 400;\"> savus akt\u012bvus no platformas m\u0113ne\u0161iem ilgi, un vislab\u0101k ir iepaz\u012bties ar situ\u0101ciju, lai saprastu kriptonauda tur\u0113\u0161anas riskus Gemini.<\/span><\/p>\n<p><span style=\"font-weight: 400;\">T\u0101l\u0101k par to, k\u0101 nopirkt Polkadot Gemini.<\/span><\/p>\n<h2><span class=\"ez-toc-section\" id=\"A_Step-By-Step_Guide_on_How_to_Buy_Polkadot_on_Gemini\"><\/span><span style=\"font-weight: 400;\">Soli-pa-solim ce\u013cvedis par to, k\u0101 nopirkt Polkadot par Gemini<\/span><span class=\"ez-toc-section-end\"><\/span><\/h2>\n<h3><span class=\"ez-toc-section\" id=\"1_Register_an_Account_and_Verify_Your_Identity\"><\/span><span style=\"font-weight: 400;\">1. Re\u0123istr\u0113jiet kontu un p\u0101rbaudiet savu identit\u0101ti<\/span><span class=\"ez-toc-section-end\"><\/span><\/h3>\n<p><span style=\"font-weight: 400;\">Dosimies uz <\/span><a href=\"https:\/\/gemini.com\" target=\"_blank\" rel=\"noopener\"><span style=\"font-weight: 400;\">Dv\u012b\u0146i<\/span><\/a><span style=\"font-weight: 400;\"> vietn\u0113 un noklik\u0161\u0137iniet uz \"Re\u0123istr\u0113ties\".<\/span><\/p>\n<p><span style=\"font-weight: 400;\">Re\u0123istr\u0113joties Gemini pieprasa daudz inform\u0101cijas, tostarp j\u016bsu uzv\u0101rdu, dzim\u0161anas datumu un adresi. Jums j\u0101ievada visa inform\u0101cija, kas nor\u0101d\u012bta j\u016bsu personas apliec\u012bb\u0101.<\/span><\/p>\n<p><span style=\"font-weight: 400;\"><img loading=\"lazy\" decoding=\"async\" class=\"alignnone wp-image-3690 size-full\" src=\"https:\/\/coinkickoff.com\/wp-content\/uploads\/Screen-Shot-2023-04-10-at-7.45.50-AM-e1684925675301.png\" alt=\"\" width=\"1439\" height=\"791\" srcset=\"https:\/\/coinkickoff.com\/wp-content\/uploads\/Screen-Shot-2023-04-10-at-7.45.50-AM-e1684925675301.png 1439w, https:\/\/coinkickoff.com\/wp-content\/uploads\/Screen-Shot-2023-04-10-at-7.45.50-AM-e1684925675301-300x165.png 300w, https:\/\/coinkickoff.com\/wp-content\/uploads\/Screen-Shot-2023-04-10-at-7.45.50-AM-e1684925675301-1024x563.png 1024w, https:\/\/coinkickoff.com\/wp-content\/uploads\/Screen-Shot-2023-04-10-at-7.45.50-AM-e1684925675301-768x422.png 768w, https:\/\/coinkickoff.com\/wp-content\/uploads\/Screen-Shot-2023-04-10-at-7.45.50-AM-e1684925675301-18x10.png 18w\" sizes=\"auto, (max-width: 1439px) 100vw, 1439px\" \/><\/span><\/p>\n<p><span style=\"font-weight: 400;\">Lai turpin\u0101tu, nospiediet \"Izveidot kontu\". <\/span><\/p>\n<p><span style=\"font-weight: 400;\"><img loading=\"lazy\" decoding=\"async\" class=\"alignnone wp-image-3697 size-full\" src=\"https:\/\/coinkickoff.com\/wp-content\/uploads\/Screen-Shot-2023-04-10-at-7.52.01-AM-e1684925865857.png\" alt=\"\" width=\"1274\" height=\"669\" srcset=\"https:\/\/coinkickoff.com\/wp-content\/uploads\/Screen-Shot-2023-04-10-at-7.52.01-AM-e1684925865857.png 1274w, https:\/\/coinkickoff.com\/wp-content\/uploads\/Screen-Shot-2023-04-10-at-7.52.01-AM-e1684925865857-300x158.png 300w, https:\/\/coinkickoff.com\/wp-content\/uploads\/Screen-Shot-2023-04-10-at-7.52.01-AM-e1684925865857-1024x538.png 1024w, https:\/\/coinkickoff.com\/wp-content\/uploads\/Screen-Shot-2023-04-10-at-7.52.01-AM-e1684925865857-768x403.png 768w, https:\/\/coinkickoff.com\/wp-content\/uploads\/Screen-Shot-2023-04-10-at-7.52.01-AM-e1684925865857-18x9.png 18w\" sizes=\"auto, (max-width: 1274px) 100vw, 1274px\" \/><\/span><\/p>\n<p><span style=\"font-weight: 400;\">Izv\u0113lieties dokumenta veidu, kuru v\u0113laties aug\u0161upiel\u0101d\u0113t, lai apliecin\u0101tu savu identit\u0101ti. <\/span><\/p>\n<p><span style=\"font-weight: 400;\"><img loading=\"lazy\" decoding=\"async\" class=\"alignnone wp-image-3698 size-full\" src=\"https:\/\/coinkickoff.com\/wp-content\/uploads\/Screen-Shot-2023-04-10-at-7.52.08-AM-e1684925892934.png\" alt=\"\" width=\"1249\" height=\"701\" srcset=\"https:\/\/coinkickoff.com\/wp-content\/uploads\/Screen-Shot-2023-04-10-at-7.52.08-AM-e1684925892934.png 1249w, https:\/\/coinkickoff.com\/wp-content\/uploads\/Screen-Shot-2023-04-10-at-7.52.08-AM-e1684925892934-300x168.png 300w, https:\/\/coinkickoff.com\/wp-content\/uploads\/Screen-Shot-2023-04-10-at-7.52.08-AM-e1684925892934-1024x575.png 1024w, https:\/\/coinkickoff.com\/wp-content\/uploads\/Screen-Shot-2023-04-10-at-7.52.08-AM-e1684925892934-768x431.png 768w, https:\/\/coinkickoff.com\/wp-content\/uploads\/Screen-Shot-2023-04-10-at-7.52.08-AM-e1684925892934-18x10.png 18w, https:\/\/coinkickoff.com\/wp-content\/uploads\/Screen-Shot-2023-04-10-at-7.52.08-AM-e1684925892934-600x338.png 600w\" sizes=\"auto, (max-width: 1249px) 100vw, 1249px\" \/><\/span><\/p>\n<p><span style=\"font-weight: 400;\">Nospiediet \"Sa\u0146emt dro\u0161u saiti\". T\u0101lrun\u012b noklik\u0161\u0137iniet uz saites, lai piek\u013c\u016btu aug\u0161upiel\u0101des lapai un pabeigtu re\u0123istr\u0101ciju. Neaizveriet t\u012bmek\u013ca lapu, l\u012bdz verifik\u0101cija nav pabeigta.<\/span><\/p>\n<h3><span class=\"ez-toc-section\" id=\"2_Add_a_Payment_Method\"><\/span><span style=\"font-weight: 400;\">2. Pievienojiet maks\u0101juma metodi<\/span><span class=\"ez-toc-section-end\"><\/span><\/h3>\n<p><span style=\"font-weight: 400;\">Nospiediet pogu \"Konts\" sav\u0101 vad\u012bbas panel\u012b un izv\u0113lieties <\/span><a href=\"https:\/\/exchange.gemini.com\/settings\/bank\" target=\"_blank\" rel=\"noopener\"><span style=\"font-weight: 400;\">Maks\u0101jumu metodes<\/span><\/a><span style=\"font-weight: 400;\">. P\u0113c tam pievienojiet maks\u0101juma metodi.<\/span><\/p>\n<p><span style=\"font-weight: 400;\">Ja noklik\u0161\u0137in\u0101siet uz \"Pievienot bankas kontu manu\u0101li\", sa\u0146emsiet nor\u0101d\u012bjumus, k\u0101 piesl\u0113gt savu tie\u0161saistes bankas kontu Gemini. Iek\u0161zemes bankas p\u0101rskait\u012bjumi parasti ir bez maksas, ta\u010du tie var aiz\u0146emt l\u012bdz 5 darba dien\u0101m.\u00a0<\/span><\/p>\n<p><span style=\"font-weight: 400;\">Varat ar\u012b pievienot debetkarti savam kontam, lai veiktu t\u016bl\u012bt\u0113jus pirkumus kriptoval\u016bt\u0101s. Kad pievienojat karti, varat ieg\u0101d\u0101ties Polkadot un citas val\u016btas da\u017eu min\u016b\u0161u laik\u0101, izmantojot Gemini funkciju Easy Buy.<\/span><\/p>\n<p><span style=\"font-weight: 400;\">Tom\u0113r debetkar\u0161u pirkumi ir d\u0101rg\u0101ki nek\u0101 bankas p\u0101rskait\u012bjumi. <\/span><\/p>\n<p><span style=\"font-weight: 400;\"><img loading=\"lazy\" decoding=\"async\" class=\"alignnone wp-image-3699 size-full\" src=\"https:\/\/coinkickoff.com\/wp-content\/uploads\/Screen-Shot-2023-04-10-at-8.05.13-AM-e1684925923198.png\" alt=\"\" width=\"1331\" height=\"680\" srcset=\"https:\/\/coinkickoff.com\/wp-content\/uploads\/Screen-Shot-2023-04-10-at-8.05.13-AM-e1684925923198.png 1331w, https:\/\/coinkickoff.com\/wp-content\/uploads\/Screen-Shot-2023-04-10-at-8.05.13-AM-e1684925923198-300x153.png 300w, https:\/\/coinkickoff.com\/wp-content\/uploads\/Screen-Shot-2023-04-10-at-8.05.13-AM-e1684925923198-1024x523.png 1024w, https:\/\/coinkickoff.com\/wp-content\/uploads\/Screen-Shot-2023-04-10-at-8.05.13-AM-e1684925923198-768x392.png 768w, https:\/\/coinkickoff.com\/wp-content\/uploads\/Screen-Shot-2023-04-10-at-8.05.13-AM-e1684925923198-18x9.png 18w\" sizes=\"auto, (max-width: 1331px) 100vw, 1331px\" \/><\/span><\/p>\n<p><span style=\"font-weight: 400;\">Izv\u0113lieties metodi, kuru v\u0113laties pievienot, un noklik\u0161\u0137iniet uz \"Pievienot\". Varat pievienot vair\u0101kas maks\u0101jumu metodes.<\/span><\/p>\n<p><span style=\"font-weight: 400;\">Ja izv\u0113laties \"Bankas konts manu\u0101li\", izpildiet ekr\u0101n\u0101 sniegtos nor\u0101d\u012bjumus. Lai pievienotu debetkarti, izpildiet t\u0101l\u0101k sniegtos nor\u0101d\u012bjumus.<\/span><\/p>\n<p><span style=\"font-weight: 400;\"><img loading=\"lazy\" decoding=\"async\" class=\"alignnone wp-image-3700 size-full\" src=\"https:\/\/coinkickoff.com\/wp-content\/uploads\/Screen-Shot-2023-04-10-at-8.07.32-AM-e1684925955355.png\" alt=\"\" width=\"1180\" height=\"759\" srcset=\"https:\/\/coinkickoff.com\/wp-content\/uploads\/Screen-Shot-2023-04-10-at-8.07.32-AM-e1684925955355.png 1180w, https:\/\/coinkickoff.com\/wp-content\/uploads\/Screen-Shot-2023-04-10-at-8.07.32-AM-e1684925955355-300x193.png 300w, https:\/\/coinkickoff.com\/wp-content\/uploads\/Screen-Shot-2023-04-10-at-8.07.32-AM-e1684925955355-1024x659.png 1024w, https:\/\/coinkickoff.com\/wp-content\/uploads\/Screen-Shot-2023-04-10-at-8.07.32-AM-e1684925955355-768x494.png 768w, https:\/\/coinkickoff.com\/wp-content\/uploads\/Screen-Shot-2023-04-10-at-8.07.32-AM-e1684925955355-18x12.png 18w\" sizes=\"auto, (max-width: 1180px) 100vw, 1180px\" \/><\/span><\/p>\n<p><span style=\"font-weight: 400;\">Izv\u0113lieties debetkartes val\u016btu. Gemini atbalsta USD, EUR, CAD, AUD, GBP, HKD un SGD.<\/span><\/p>\n<p><span style=\"font-weight: 400;\"><img loading=\"lazy\" decoding=\"async\" class=\"alignnone wp-image-3701 size-full\" src=\"https:\/\/coinkickoff.com\/wp-content\/uploads\/Screen-Shot-2023-04-10-at-8.07.43-AM-e1684925980171.png\" alt=\"\" width=\"1231\" height=\"777\" srcset=\"https:\/\/coinkickoff.com\/wp-content\/uploads\/Screen-Shot-2023-04-10-at-8.07.43-AM-e1684925980171.png 1231w, https:\/\/coinkickoff.com\/wp-content\/uploads\/Screen-Shot-2023-04-10-at-8.07.43-AM-e1684925980171-300x189.png 300w, https:\/\/coinkickoff.com\/wp-content\/uploads\/Screen-Shot-2023-04-10-at-8.07.43-AM-e1684925980171-1024x646.png 1024w, https:\/\/coinkickoff.com\/wp-content\/uploads\/Screen-Shot-2023-04-10-at-8.07.43-AM-e1684925980171-768x485.png 768w, https:\/\/coinkickoff.com\/wp-content\/uploads\/Screen-Shot-2023-04-10-at-8.07.43-AM-e1684925980171-18x12.png 18w\" sizes=\"auto, (max-width: 1231px) 100vw, 1231px\" \/><\/span><\/p>\n<p><span style=\"font-weight: 400;\">Pievienot nor\u0113\u0137inu adresi.<\/span><\/p>\n<p><span style=\"font-weight: 400;\"><img loading=\"lazy\" decoding=\"async\" class=\"alignnone wp-image-3702 size-full\" src=\"https:\/\/coinkickoff.com\/wp-content\/uploads\/Screen-Shot-2023-04-10-at-8.08.21-AM-e1684926023269.png\" alt=\"\" width=\"1206\" height=\"770\" srcset=\"https:\/\/coinkickoff.com\/wp-content\/uploads\/Screen-Shot-2023-04-10-at-8.08.21-AM-e1684926023269.png 1206w, https:\/\/coinkickoff.com\/wp-content\/uploads\/Screen-Shot-2023-04-10-at-8.08.21-AM-e1684926023269-300x192.png 300w, https:\/\/coinkickoff.com\/wp-content\/uploads\/Screen-Shot-2023-04-10-at-8.08.21-AM-e1684926023269-1024x654.png 1024w, https:\/\/coinkickoff.com\/wp-content\/uploads\/Screen-Shot-2023-04-10-at-8.08.21-AM-e1684926023269-768x490.png 768w, https:\/\/coinkickoff.com\/wp-content\/uploads\/Screen-Shot-2023-04-10-at-8.08.21-AM-e1684926023269-18x12.png 18w\" sizes=\"auto, (max-width: 1206px) 100vw, 1206px\" \/><\/span><\/p>\n<p><span style=\"font-weight: 400;\">P\u0101rbaudiet savu adreses inform\u0101ciju.<\/span><\/p>\n<p><span style=\"font-weight: 400;\"><img loading=\"lazy\" decoding=\"async\" class=\"alignnone wp-image-3703 size-full\" src=\"https:\/\/coinkickoff.com\/wp-content\/uploads\/Screen-Shot-2023-04-10-at-8.08.37-AM-e1684926046103.png\" alt=\"\" width=\"1216\" height=\"752\" srcset=\"https:\/\/coinkickoff.com\/wp-content\/uploads\/Screen-Shot-2023-04-10-at-8.08.37-AM-e1684926046103.png 1216w, https:\/\/coinkickoff.com\/wp-content\/uploads\/Screen-Shot-2023-04-10-at-8.08.37-AM-e1684926046103-300x186.png 300w, https:\/\/coinkickoff.com\/wp-content\/uploads\/Screen-Shot-2023-04-10-at-8.08.37-AM-e1684926046103-1024x633.png 1024w, https:\/\/coinkickoff.com\/wp-content\/uploads\/Screen-Shot-2023-04-10-at-8.08.37-AM-e1684926046103-768x475.png 768w, https:\/\/coinkickoff.com\/wp-content\/uploads\/Screen-Shot-2023-04-10-at-8.08.37-AM-e1684926046103-18x12.png 18w\" sizes=\"auto, (max-width: 1216px) 100vw, 1216px\" \/><\/span><\/p>\n<p><span style=\"font-weight: 400;\">Ievadiet savas kartes inform\u0101ciju. L\u016bdzu, \u0146emiet v\u0113r\u0101, ka tiek atbalst\u012btas tikai debetkartes - kred\u012btkartes tiks noraid\u012btas.<\/span><\/p>\n<h3><span class=\"ez-toc-section\" id=\"3_Navigate_to_the_Relevant_Screen_to_Buy\"><\/span><span style=\"font-weight: 400;\">3. P\u0101rejiet uz attiec\u012bgo ekr\u0101nu, lai ieg\u0101d\u0101tos<\/span><span class=\"ez-toc-section-end\"><\/span><\/h3>\n<p><span style=\"font-weight: 400;\">Pane\u013ca panel\u012b noklik\u0161\u0137iniet uz \"Tirgus\". Lai skat\u012btu Polkadot, lauk\u0101 \"Mekl\u0113t tirg\u016b\" ierakstiet \"DOT\".<\/span><\/p>\n<p><span style=\"font-weight: 400;\"><img loading=\"lazy\" decoding=\"async\" class=\"alignnone wp-image-3704 size-full\" src=\"https:\/\/coinkickoff.com\/wp-content\/uploads\/Screen-Shot-2023-04-10-at-8.17.54-AM-e1684926106937.png\" alt=\"\" width=\"1393\" height=\"766\" srcset=\"https:\/\/coinkickoff.com\/wp-content\/uploads\/Screen-Shot-2023-04-10-at-8.17.54-AM-e1684926106937.png 1393w, https:\/\/coinkickoff.com\/wp-content\/uploads\/Screen-Shot-2023-04-10-at-8.17.54-AM-e1684926106937-300x165.png 300w, https:\/\/coinkickoff.com\/wp-content\/uploads\/Screen-Shot-2023-04-10-at-8.17.54-AM-e1684926106937-1024x563.png 1024w, https:\/\/coinkickoff.com\/wp-content\/uploads\/Screen-Shot-2023-04-10-at-8.17.54-AM-e1684926106937-768x422.png 768w, https:\/\/coinkickoff.com\/wp-content\/uploads\/Screen-Shot-2023-04-10-at-8.17.54-AM-e1684926106937-18x10.png 18w\" sizes=\"auto, (max-width: 1393px) 100vw, 1393px\" \/><\/span><\/p>\n<p><span style=\"font-weight: 400;\">Noklik\u0161\u0137inot uz \"Apskat\u012bt inform\u0101ciju\", tiksiet nos\u016bt\u012bts uz Polkadot \"Easy Buy\" lapu. <\/span><\/p>\n<p><img loading=\"lazy\" decoding=\"async\" class=\"alignnone wp-image-3706 size-full\" src=\"https:\/\/coinkickoff.com\/wp-content\/uploads\/Screen-Shot-2023-04-10-at-8.20.19-AM-e1684926155864.png\" alt=\"K\u0101 nopirkt Cardano par Gemini k\u0101 nopirkt Polygon par Gemini k\u0101 nopirkt polkadot par gemini\" width=\"1393\" height=\"766\" srcset=\"https:\/\/coinkickoff.com\/wp-content\/uploads\/Screen-Shot-2023-04-10-at-8.20.19-AM-e1684926155864.png 1393w, https:\/\/coinkickoff.com\/wp-content\/uploads\/Screen-Shot-2023-04-10-at-8.20.19-AM-e1684926155864-300x165.png 300w, https:\/\/coinkickoff.com\/wp-content\/uploads\/Screen-Shot-2023-04-10-at-8.20.19-AM-e1684926155864-1024x563.png 1024w, https:\/\/coinkickoff.com\/wp-content\/uploads\/Screen-Shot-2023-04-10-at-8.20.19-AM-e1684926155864-768x422.png 768w, https:\/\/coinkickoff.com\/wp-content\/uploads\/Screen-Shot-2023-04-10-at-8.20.19-AM-e1684926155864-18x10.png 18w\" sizes=\"auto, (max-width: 1393px) 100vw, 1393px\" \/><\/p>\n<p><span style=\"font-weight: 400;\">Lai redz\u0113tu Polkadot cenu dinamiku laika gait\u0101, varat izmantot kreisaj\u0101 pus\u0113 eso\u0161\u0101s diagrammas.\u00a0<\/span><\/p>\n<p><span style=\"font-weight: 400;\">Labaj\u0101 pus\u0113 redz\u0113siet vienk\u0101r\u0161u pirkuma veidlapu.\u00a0<\/span><\/p>\n<p><span style=\"font-weight: 400;\">\"Cik bie\u017ei?\" ir iestat\u012bts uz \"Vienreiz\", ta\u010du to var p\u0101rsl\u0113gt, lai izdotu periodiskus autom\u0101tisk\u0101s pirk\u0161anas pas\u016bt\u012bjumus. Piem\u0113ram, j\u016bs varat iestat\u012bt, lai Gemini katru ned\u0113\u013cu ieg\u0101d\u0101tos DOT par 10 dol\u0101riem, lai att\u012bst\u012btu savu portfeli.<\/span><\/p>\n<p><span style=\"font-weight: 400;\">Lai pabeigtu pirkumu, ievadiet summu, ko v\u0113laties ieguld\u012bt Polkadot, un izv\u0113lieties maks\u0101juma veidu.\u00a0<\/span><\/p>\n<p><span style=\"font-weight: 400;\">Noklik\u0161\u0137iniet uz \"P\u0101rskat\u012bt pas\u016bt\u012bjumu\" un noskaidrojiet, k\u0101du maksu iekas\u0113 Gemini. J\u016bs redz\u0113siet, cik daudz DOT j\u016bs sa\u0146emsiet. Ja piekr\u012btat, noklik\u0161\u0137iniet uz \"Pirkt\". Paturiet pr\u0101t\u0101, ka \"Easy Buy\" cen\u0101s ir iek\u013cauta sl\u0113pt\u0101 \"starp\u012bbas maksa\", kas parasti tiek pieskait\u012bta akt\u012bva cenai.<\/span><\/p>\n<p><span style=\"font-weight: 400;\">J\u016bsu DOT token tiks pievienoti j\u016bsu Gemini makam.<\/span><\/p>\n<h4><span class=\"ez-toc-section\" id=\"Active_Trading\"><\/span><span style=\"font-weight: 400;\">Akt\u012bv\u0101 tirdzniec\u012bba<\/span><span class=\"ez-toc-section-end\"><\/span><\/h4>\n<p><span style=\"font-weight: 400;\">Ja esat pievienojis bankas kontu un veicis skaidras naudas iemaksu Gemini vai ja j\u016bsu Gemini mak\u0101 ir digit\u0101l\u0101s val\u016btas, varat izmantot t\u016bl\u012bt\u0113ju dar\u012bjumu tirgu, lai ieg\u0101d\u0101tos Polkadot un citas kriptoval\u016btas.<\/span><\/p>\n<p><span style=\"font-weight: 400;\">Spot tirgus cenas ir daudz zem\u0101kas nek\u0101 \"Easy Buy\", un komisijas maksa ir maz\u0101ka.\u00a0<\/span><\/p>\n<p><span style=\"font-weight: 400;\">Lai piek\u013c\u016btu t\u016bl\u012bt\u0113ju dar\u012bjumu tirgum, lap\u0101 \"Easy Buy\" noklik\u0161\u0137iniet uz \"Switch to Active Trader\".\u00a0<\/span><\/p>\n<p><span style=\"font-weight: 400;\">Izmantojiet tirgus mekl\u0113\u0161anas funkciju, lai mekl\u0113tu DOT p\u0101rus. Ja neredzat DOT\/USD vai DOT\/EUR p\u0101rus, varat ieg\u0101d\u0101ties. <a href=\"https:\/\/coinkickoff.com\/lv\/tether-usdt\/\" data-internallinksmanager029f6b8e52c=\"3\" title=\"Kas ir Tether (USDT)? K\u0101 tas darbojas un kur to ieg\u0101d\u0101ties?\">USDT<\/a> vai <a href=\"https:\/\/coinkickoff.com\/lv\/usd-coin-usdc\/\" data-internallinksmanager029f6b8e52c=\"8\" title=\"Kas ir USD Coin (USDC)? K\u0101 tas darbojas un kur to ieg\u0101d\u0101ties?\">USDC<\/a> ar savu fiat val\u016btu un p\u0113c tam apmainiet \u0161os token pret DOT.<\/span><\/p>\n<p><span style=\"font-weight: 400;\">Aizpildiet pirkuma pas\u016bt\u012bjuma veidlapu, lai pabeigtu pirkumu.<\/span><\/p>\n<p><span style=\"font-weight: 400;\">Ja jums patika m\u016bsu \"<\/span><i><span style=\"font-weight: 400;\">K\u0101 ieg\u0101d\u0101ties DOT par Gemini\" <\/span><\/i><span style=\"font-weight: 400;\">ce\u013cvedi, iesp\u0113jams, v\u0113l\u0113sieties iepaz\u012bties ar m\u016bsu <\/span><a href=\"https:\/\/coinkickoff.com\/lv\/crypto-exchanges\/\"><span style=\"font-weight: 400;\">apmai\u0146as atsauksmes<\/span><\/a><span style=\"font-weight: 400;\"> un citiem ce\u013cve\u017eiem.<\/span><\/p>","protected":false},"excerpt":{"rendered":"<p>K\u0101 nopirkt Polkadot Gemini Ja v\u0113laties ieg\u0101d\u0101ties Polkadot (DOT) Gemini, j\u016bs atrodaties \u012bstaj\u0101 viet\u0101. Sekojiet m\u016bsu tr\u012bs so\u013cu ce\u013cvedim, lai uzzin\u0101tu, k\u0101 nopirkt Polkadot Gemini. Bet pirms s\u0101kat, l\u016bdzu, izlasiet m\u016bsu Gemini p\u0101rskatu. Gemini nopeln\u012bju\u0161ie klienti nav var\u0113ju\u0161i iz\u0146emt savus akt\u012bvus no [...]<\/p>","protected":false},"author":3,"featured_media":0,"parent":4215,"menu_order":0,"comment_status":"closed","ping_status":"closed","template":"","meta":{"_genesis_hide_title":false,"_genesis_hide_breadcrumbs":false,"_genesis_hide_singular_image":false,"_genesis_hide_footer_widgets":false,"_genesis_custom_body_class":"","_genesis_custom_post_class":"","_genesis_layout":"","_glsr_average":0,"_glsr_ranking":0,"_glsr_reviews":0,"footnotes":""},"class_list":{"0":"post-4236","1":"page","2":"type-page","3":"status-publish","5":"entry"},"featured_image_src":null,"featured_image_src_square":null,"_links":{"self":[{"href":"https:\/\/coinkickoff.com\/lv\/wp-json\/wp\/v2\/pages\/4236","targetHints":{"allow":["GET"]}}],"collection":[{"href":"https:\/\/coinkickoff.com\/lv\/wp-json\/wp\/v2\/pages"}],"about":[{"href":"https:\/\/coinkickoff.com\/lv\/wp-json\/wp\/v2\/types\/page"}],"author":[{"embeddable":true,"href":"https:\/\/coinkickoff.com\/lv\/wp-json\/wp\/v2\/users\/3"}],"replies":[{"embeddable":true,"href":"https:\/\/coinkickoff.com\/lv\/wp-json\/wp\/v2\/comments?post=4236"}],"version-history":[{"count":2,"href":"https:\/\/coinkickoff.com\/lv\/wp-json\/wp\/v2\/pages\/4236\/revisions"}],"predecessor-version":[{"id":4238,"href":"https:\/\/coinkickoff.com\/lv\/wp-json\/wp\/v2\/pages\/4236\/revisions\/4238"}],"up":[{"embeddable":true,"href":"https:\/\/coinkickoff.com\/lv\/wp-json\/wp\/v2\/pages\/4215"}],"wp:attachment":[{"href":"https:\/\/coinkickoff.com\/lv\/wp-json\/wp\/v2\/media?parent=4236"}],"curies":[{"name":"wp","href":"https:\/\/api.w.org\/{rel}","templated":true}]}}