{"id":4172,"date":"2026-01-08T14:07:22","date_gmt":"2026-01-08T14:07:22","guid":{"rendered":"https:\/\/coinkickoff.com\/?page_id=4172"},"modified":"2026-01-08T14:07:22","modified_gmt":"2026-01-08T14:07:22","slug":"__trashed","status":"publish","type":"page","link":"https:\/\/coinkickoff.com\/lv\/how-to-buy-ethereum\/__trashed\/","title":{"rendered":"K\u0101 nopirkt Ethereum Bitfinex veikal\u0101"},"content":{"rendered":"<div id=\"ez-toc-container\" class=\"ez-toc-v2_0_80 counter-hierarchy ez-toc-counter ez-toc-transparent ez-toc-container-direction\">\n<div class=\"ez-toc-title-container\">\n<p class=\"ez-toc-title\" style=\"cursor:inherit\">Sada\u013cas<\/p>\n<span class=\"ez-toc-title-toggle\"><a href=\"#\" class=\"ez-toc-pull-right ez-toc-btn ez-toc-btn-xs ez-toc-btn-default ez-toc-toggle\" aria-label=\"P\u0101rsl\u0113gt satura tabulu\"><span class=\"ez-toc-js-icon-con\"><span class=\"\"><span class=\"eztoc-hide\" style=\"display:none;\">P\u0101rsl\u0113gt<\/span><span class=\"ez-toc-icon-toggle-span\"><svg style=\"fill: #999;color:#999\" xmlns=\"http:\/\/www.w3.org\/2000\/svg\" class=\"list-377408\" width=\"20px\" height=\"20px\" viewbox=\"0 0 24 24\" fill=\"none\"><path d=\"M6 6H4v2h2V6zm14 0H8v2h12V6zM4 11h2v2H4v-2zm16 0H8v2h12v-2zM4 16h2v2H4v-2zm16 0H8v2h12v-2z\" fill=\"currentColor\"><\/path><\/svg><svg style=\"fill: #999;color:#999\" class=\"arrow-unsorted-368013\" xmlns=\"http:\/\/www.w3.org\/2000\/svg\" width=\"10px\" height=\"10px\" viewbox=\"0 0 24 24\" version=\"1.2\" baseprofile=\"tiny\"><path d=\"M18.2 9.3l-6.2-6.3-6.2 6.3c-.2.2-.3.4-.3.7s.1.5.3.7c.2.2.4.3.7.3h11c.3 0 .5-.1.7-.3.2-.2.3-.5.3-.7s-.1-.5-.3-.7zM5.8 14.7l6.2 6.3 6.2-6.3c.2-.2.3-.5.3-.7s-.1-.5-.3-.7c-.2-.2-.4-.3-.7-.3h-11c-.3 0-.5.1-.7.3-.2.2-.3.5-.3.7s.1.5.3.7z\"\/><\/svg><\/span><\/span><\/span><\/a><\/span><\/div>\n<nav><ul class='ez-toc-list ez-toc-list-level-1 eztoc-toggle-hide-by-default' ><li class='ez-toc-page-1 ez-toc-heading-level-1'><a class=\"ez-toc-link ez-toc-heading-1\" href=\"https:\/\/coinkickoff.com\/lv\/how-to-buy-ethereum\/__trashed\/#How_to_Buy_Ethereum_on_Bitfinex\" >K\u0101 nopirkt Ethereum Bitfinex veikal\u0101<\/a><ul class='ez-toc-list-level-2' ><li class='ez-toc-heading-level-2'><a class=\"ez-toc-link ez-toc-heading-2\" href=\"https:\/\/coinkickoff.com\/lv\/how-to-buy-ethereum\/__trashed\/#A_Step-By-Step_Guide_on_How_to_Buy_Ethereum_on_Bitfinex\" >Soli-pa-solim ce\u013cvedis par to, k\u0101 nopirkt Ethereum Bitfinex aizdevumu tirg\u016b<\/a><ul class='ez-toc-list-level-3' ><li class='ez-toc-heading-level-3'><a class=\"ez-toc-link ez-toc-heading-3\" href=\"https:\/\/coinkickoff.com\/lv\/how-to-buy-ethereum\/__trashed\/#1_Register_an_Account_on_Bitfinex\" >1. Re\u0123istr\u0113t kontu Bitfinex<\/a><\/li><li class='ez-toc-page-1 ez-toc-heading-level-3'><a class=\"ez-toc-link ez-toc-heading-4\" href=\"https:\/\/coinkickoff.com\/lv\/how-to-buy-ethereum\/__trashed\/#2_Get_Verified_on_Bitfinex\" >2. Sa\u0146emiet verific\u0113tu Bitfinex<\/a><\/li><li class='ez-toc-page-1 ez-toc-heading-level-3'><a class=\"ez-toc-link ez-toc-heading-5\" href=\"https:\/\/coinkickoff.com\/lv\/how-to-buy-ethereum\/__trashed\/#3_Deposit_FundsCrypto\" >3. Noguld\u012bjumu fondi \/ kriptogr\u0101fija<\/a><\/li><li class='ez-toc-page-1 ez-toc-heading-level-3'><a class=\"ez-toc-link ez-toc-heading-6\" href=\"https:\/\/coinkickoff.com\/lv\/how-to-buy-ethereum\/__trashed\/#4_Navigate_to_the_Relevant_Screen_to_Buy\" >4. P\u0101rejiet uz attiec\u012bgo ekr\u0101nu, lai ieg\u0101d\u0101tos<\/a><\/li><\/ul><\/li><\/ul><\/li><\/ul><\/nav><\/div>\n<h1><span class=\"ez-toc-section\" id=\"How_to_Buy_Ethereum_on_Bitfinex\"><\/span><span style=\"font-weight: 400;\">K\u0101 nopirkt Ethereum Bitfinex veikal\u0101<\/span><span class=\"ez-toc-section-end\"><\/span><\/h1>\n<p><span style=\"font-weight: 400;\">Vai v\u0113laties ieg\u0101d\u0101ties <a href=\"https:\/\/coinkickoff.com\/lv\/ethereum-eth\/\" data-internallinksmanager029f6b8e52c=\"2\" title=\"Kas ir Ethereum (ETH)? Cena, v\u0113sture un kur nopirkt\">Ethereum<\/a> vietn\u0113 <a href=\"https:\/\/coinkickoff.com\/lv\/bitfinex-review\/\">Bitfinex<\/a>? M\u0113s esam sagatavoju\u0161i jums piem\u0113rotu ce\u013cvedi ar soli pa solim detaliz\u0113tiem nor\u0101d\u012bjumiem. L\u016bk, k\u0101 nopirkt Ethereum par <a href=\"https:\/\/coinkickoff.com\/lv\/bitfinex-review\/\" data-internallinksmanager029f6b8e52c=\"151\" title=\"Bitfinex Atsauksmes 2023: Nodevas, funkcijas, dro\u0161\u012bba, Pro &amp; m\u012bnusi\">Bitfinex<\/a>.<\/span><\/p>\n<h2><span class=\"ez-toc-section\" id=\"A_Step-By-Step_Guide_on_How_to_Buy_Ethereum_on_Bitfinex\"><\/span><span style=\"font-weight: 400;\">Soli-pa-solim ce\u013cvedis par to, k\u0101 nopirkt Ethereum Bitfinex aizdevumu tirg\u016b<\/span><span class=\"ez-toc-section-end\"><\/span><\/h2>\n<h3><span class=\"ez-toc-section\" id=\"1_Register_an_Account_on_Bitfinex\"><\/span><span style=\"font-weight: 400;\">1. Re\u0123istr\u0113t kontu Bitfinex<\/span><span class=\"ez-toc-section-end\"><\/span><\/h3>\n<p><span style=\"font-weight: 400;\">Lai s\u0101ktu, jums b\u016bs nepiecie\u0161ams <\/span><a href=\"https:\/\/www.bitfinex.com\/sign-up?refcode=kjCYk-CZD\" target=\"_blank\" rel=\"noopener\"><span style=\"font-weight: 400;\">Bitfinex konts.<\/span><\/a><\/p>\n<p><img loading=\"lazy\" decoding=\"async\" class=\"alignnone wp-image-3138 size-full\" src=\"https:\/\/coinkickoff.com\/wp-content\/uploads\/bitfinex-exchange.jpg\" alt=\"Bitfinex bir\u017ea K\u0101 nopirkt Ethereum Bitfinex bir\u017e\u0101?\" width=\"1876\" height=\"916\" srcset=\"https:\/\/coinkickoff.com\/wp-content\/uploads\/bitfinex-exchange.jpg 1876w, https:\/\/coinkickoff.com\/wp-content\/uploads\/bitfinex-exchange-300x146.jpg 300w, https:\/\/coinkickoff.com\/wp-content\/uploads\/bitfinex-exchange-1024x500.jpg 1024w, https:\/\/coinkickoff.com\/wp-content\/uploads\/bitfinex-exchange-768x375.jpg 768w, https:\/\/coinkickoff.com\/wp-content\/uploads\/bitfinex-exchange-1536x750.jpg 1536w, https:\/\/coinkickoff.com\/wp-content\/uploads\/bitfinex-exchange-18x9.jpg 18w\" sizes=\"auto, (max-width: 1876px) 100vw, 1876px\" \/><\/p>\n<p><span style=\"font-weight: 400;\">P\u0113c re\u0123istr\u0113\u0161an\u0101s iesp\u0113jojiet divu faktoru autentifik\u0101ciju, lai aizsarg\u0101tu savu kontu.<\/span><\/p>\n<p><span style=\"font-weight: 400;\">P\u0113c pirm\u0101s pieteik\u0161an\u0101s varat izsl\u0113gt 2FA, ta\u010du, lai aizsarg\u0101tu kontu no hakeriem, ir ieteicams to saglab\u0101t iesl\u0113gtu.<\/span><\/p>\n<p><span style=\"font-weight: 400;\">\u013boti vienk\u0101r\u0161i ir iesp\u0113jot divu faktoru autentifik\u0101ciju: Izv\u0113lieties vienu no pied\u0101v\u0101taj\u0101m metod\u0113m un nospiediet \u201cIestat\u012bt\u201d.\u201d<\/span><\/p>\n<p><span style=\"font-weight: 400;\">Protams, lai t\u0101 darbotos, ir nepiecie\u0161ama lietotne Google Authenticator. Lai turpin\u0101tu, sekojiet ekr\u0101n\u0101 redzamajiem nor\u0101d\u012bjumiem. Kad b\u016bsiet pabeidzis, Bitfinex nos\u016bt\u012bs jums e-pastu, lai apstiprin\u0101tu, ka esat aktiviz\u0113jis 2FA.<\/span><\/p>\n<h3><span class=\"ez-toc-section\" id=\"2_Get_Verified_on_Bitfinex\"><\/span><span style=\"font-weight: 400;\">2. Sa\u0146emiet verific\u0113tu Bitfinex<\/span><span class=\"ez-toc-section-end\"><\/span><\/h3>\n<p><span style=\"font-weight: 400;\">N\u0101kamais solis ir p\u0101rbaud\u012bt savu ID platform\u0101. T\u0101pat k\u0101 vairumam bir\u017eu, ar\u012b Bitfinex ir standarta ID verifik\u0101cijas process. Lai s\u0101ktu, dodieties uz savu profilu, izmantojot profila logotipu sav\u0101 vad\u012bbas panel\u012b, un izv\u0113lieties \u201cVerifik\u0101cija\u201d.\u201d<\/span><\/p>\n<p><span style=\"font-weight: 400;\">Lai bir\u017e\u0101 par fiat naudu ieg\u0101d\u0101tos t\u0101dus digit\u0101los akt\u012bvus k\u0101 Ethereum, jums ir j\u0101veic vismaz vid\u0113ja l\u012bme\u0146a verifik\u0101cija. Protams, ja viss, ko v\u0113laties dar\u012bt, ir tirgot kriptoval\u016btu p\u0101rus, piem. <a href=\"https:\/\/coinkickoff.com\/lv\/bitcoin-btc\/\" data-internallinksmanager029f6b8e52c=\"1\" title=\"Kas ir Bitcoin (BTC)? Cena, v\u0113sture un kur nopirkt\">Bitcoin<\/a> Ethereum, \u0161o soli varat izlaist.<\/span><\/p>\n<p><span style=\"font-weight: 400;\">Starpposma p\u0101rbaude \u013cauj ieg\u0101d\u0101ties ETH ar kred\u012btkarti, izmantojot Bitfinex Pay Merchants, vai veikt skaidras naudas iemaksas, izmantojot SEPA. P\u0113c piln\u012bgas verifik\u0101cijas pabeig\u0161anas j\u016bs varat veikt iemaksas ar p\u0101rskait\u012bjumu.<\/span><\/p>\n<p><span style=\"font-weight: 400;\">Lai turpin\u0101tu, nospiediet \u201cS\u0101kt verifik\u0101ciju\u201d.<\/span><\/p>\n<p><span style=\"font-weight: 400;\">Ievadiet savas dz\u012bvesvietas valsts nosaukumu, lai redz\u0113tu ieteicamos ID veidus. Izv\u0113lieties ID, kuru v\u0113laties iesniegt, un nospiediet \u201cTurpin\u0101t\u201d.\u201d<\/span><\/p>\n<p><span style=\"font-weight: 400;\">Lai turpin\u0101tu, jums b\u016bs nepiecie\u0161ama mobil\u0101 ier\u012bce: Izmantojiet t\u0101lru\u0146a kameru, lai sken\u0113tu kodu un atv\u0113rtu aug\u0161upiel\u0101des lapu. P\u0113c tam varat iesniegt vajadz\u012bgos att\u0113lus.<\/span><\/p>\n<h3><span class=\"ez-toc-section\" id=\"3_Deposit_FundsCrypto\"><\/span><span style=\"font-weight: 400;\">3. Noguld\u012bjumu fondi \/ kriptogr\u0101fija<\/span><span class=\"ez-toc-section-end\"><\/span><\/h3>\n<p><span style=\"font-weight: 400;\">Tagad ir pien\u0101cis laiks veikt iemaksu: Ja jums ir digit\u0101lie akt\u012bvi, kurus v\u0113laties tirgot par Ethereum Bitfinex, jums vispirms j\u0101p\u0101rskaita \u0161ie akt\u012bvi sav\u0101 Bitfinex kont\u0101. Izv\u0113lieties \u201cDepoz\u012bts\u201d, lai redz\u0113tu to akt\u012bvu sarakstu, kurus varat nos\u016bt\u012bt uz platformu.<\/span><\/p>\n<p><span style=\"font-weight: 400;\">Kad b\u016bsiet izv\u0113l\u0113jies savu akt\u012bvu, Bitfinex izveidos maka adresi, uz kuru nos\u016bt\u012bt savu kriptoval\u016btu. P\u0113c tam, kad b\u016bsiet pabeigu\u0161i iemaksu, j\u016bsu akt\u012bvi par\u0101d\u012bsies j\u016bsu ciln\u0113 \u201cAtlikumi\u201d.<\/span><\/p>\n<h3><span class=\"ez-toc-section\" id=\"4_Navigate_to_the_Relevant_Screen_to_Buy\"><\/span><span style=\"font-weight: 400;\">4. P\u0101rejiet uz attiec\u012bgo ekr\u0101nu, lai ieg\u0101d\u0101tos<\/span><span class=\"ez-toc-section-end\"><\/span><\/h3>\n<p><span style=\"font-weight: 400;\">Jums var \u0161\u0137ist, ka esat gatavs ieg\u0101d\u0101ties digit\u0101los akt\u012bvus, jo depoz\u012bts ir pabeigts, ta\u010du pirms tam ir v\u0113l viens solis: Bitfinex autom\u0101tiski nos\u016bta j\u016bsu depoz\u012btu uz j\u016bsu \u201cfinans\u0113\u0161anas maku\u201d, bet m\u0113s v\u0113lamies, lai tie non\u0101ktu m\u016bsu \u201cbir\u017eas mak\u0101\u201d.\u201d<\/span><\/p>\n<p><span style=\"font-weight: 400;\">Par laimi, t\u0101 ir vienk\u0101r\u0161a oper\u0101cija: Sav\u0101 ciln\u0113 \u201cAtlikumi\u201d atlasiet l\u012bdzek\u013cus, kurus v\u0113laties apmain\u012bt, un noklik\u0161\u0137iniet uz \u201cP\u0101rskait\u012bt\u201d. Kad tie ir non\u0101ku\u0161i apmai\u0146as mak\u0101, varat tos apmain\u012bt pret \u0113teriem.<\/span><\/p>\n<p><span style=\"font-weight: 400;\">Lai s\u0101ktu, atveriet cilni \u201cTirdzniec\u012bba\u201d. Tagad, ja esat depon\u0113jis digit\u0101los akt\u012bvus, j\u016bs v\u0113laties mekl\u0113t Ethereum tirgu \u0161im akt\u012bvam. Piem\u0113ram, ja jums ir <a href=\"https:\/\/coinkickoff.com\/lv\/tether-usdt\/\" data-internallinksmanager029f6b8e52c=\"3\" title=\"Kas ir Tether (USDT)? K\u0101 tas darbojas un kur to ieg\u0101d\u0101ties?\">USDT<\/a>, mekl\u0113jiet ETH\/USDT.\u00a0<\/span><\/p>\n<p><span style=\"font-weight: 400;\">Fiat val\u016btai mekl\u0113jiet ETH\/USD vai ETH\/EUR p\u0101rus. Kad esat ieguvis vajadz\u012bgo p\u0101r\u012b, noklik\u0161\u0137iniet uz t\u0101, lai redz\u0113tu tirdzniec\u012bbas saskarni.\u00a0<\/span><\/p>\n<p><span style=\"font-weight: 400;\">Vienk\u0101r\u0161i ievadiet, cik daudz Ethereum v\u0113laties ieg\u0101d\u0101ties saviem akt\u012bviem. Cenu, ko v\u0113laties maks\u0101t, varat piel\u0101got manu\u0101li. Kad veidlapa ir aizpild\u012bta, nospiediet \u201cExchange Buy.\u201d<\/span><\/p>\n<p><span style=\"font-weight: 400;\">L\u016bk, k\u0101 nopirkt Ethereum Bitfinex. Ja j\u016bs nolemjat ieg\u0101d\u0101ties Ethereum cit\u0101 bir\u017e\u0101, j\u016bs varat ar\u012b apskat\u012bt m\u016bsu da\u017e\u0101dos <a href=\"https:\/\/coinkickoff.com\/lv\/crypto-exchanges\/\">exchnage atsauksmes<\/a> un <a href=\"https:\/\/coinkickoff.com\/lv\/how-to-buy-ethereum\/\">ce\u013cve\u017ei<\/a>.<\/span><\/p>","protected":false},"excerpt":{"rendered":"<p>K\u0101 nopirkt Ethereum Bitfinex Vai v\u0113laties nopirkt Ethereum Bitfinex? Mums ir tie\u0161i jums piem\u0113rots ce\u013cvedis ar soli pa solim detaliz\u0113t\u0101m instrukcij\u0101m. L\u016bk, k\u0101 nopirkt Ethereum Bitfinex. Soli pa solim, k\u0101 nopirkt Ethereum Bitfinex 1. Re\u0123istr\u0113jiet kontu Bitfinex Lai s\u0101ktu, jums b\u016bs nepiecie\u0161ams [...]<\/p>","protected":false},"author":3,"featured_media":0,"parent":3937,"menu_order":0,"comment_status":"closed","ping_status":"closed","template":"","meta":{"_genesis_hide_title":false,"_genesis_hide_breadcrumbs":false,"_genesis_hide_singular_image":false,"_genesis_hide_footer_widgets":false,"_genesis_custom_body_class":"","_genesis_custom_post_class":"","_genesis_layout":"","_glsr_average":0,"_glsr_ranking":0,"_glsr_reviews":0,"footnotes":""},"class_list":{"0":"post-4172","1":"page","2":"type-page","3":"status-publish","5":"entry"},"featured_image_src":null,"featured_image_src_square":null,"_links":{"self":[{"href":"https:\/\/coinkickoff.com\/lv\/wp-json\/wp\/v2\/pages\/4172","targetHints":{"allow":["GET"]}}],"collection":[{"href":"https:\/\/coinkickoff.com\/lv\/wp-json\/wp\/v2\/pages"}],"about":[{"href":"https:\/\/coinkickoff.com\/lv\/wp-json\/wp\/v2\/types\/page"}],"author":[{"embeddable":true,"href":"https:\/\/coinkickoff.com\/lv\/wp-json\/wp\/v2\/users\/3"}],"replies":[{"embeddable":true,"href":"https:\/\/coinkickoff.com\/lv\/wp-json\/wp\/v2\/comments?post=4172"}],"version-history":[{"count":1,"href":"https:\/\/coinkickoff.com\/lv\/wp-json\/wp\/v2\/pages\/4172\/revisions"}],"predecessor-version":[{"id":4173,"href":"https:\/\/coinkickoff.com\/lv\/wp-json\/wp\/v2\/pages\/4172\/revisions\/4173"}],"up":[{"embeddable":true,"href":"https:\/\/coinkickoff.com\/lv\/wp-json\/wp\/v2\/pages\/3937"}],"wp:attachment":[{"href":"https:\/\/coinkickoff.com\/lv\/wp-json\/wp\/v2\/media?parent=4172"}],"curies":[{"name":"wp","href":"https:\/\/api.w.org\/{rel}","templated":true}]}}