{"id":4045,"date":"2026-01-08T14:07:39","date_gmt":"2026-01-08T14:07:39","guid":{"rendered":"https:\/\/coinkickoff.com\/?page_id=4045"},"modified":"2026-01-08T14:07:39","modified_gmt":"2026-01-08T14:07:39","slug":"how-to-buy-cardano-on-kucoin","status":"publish","type":"page","link":"https:\/\/coinkickoff.com\/lv\/how-to-buy-cardano\/how-to-buy-cardano-on-kucoin\/","title":{"rendered":"K\u0101 ieg\u0101d\u0101ties Cardano par Kucoin"},"content":{"rendered":"<div id=\"ez-toc-container\" class=\"ez-toc-v2_0_80 counter-hierarchy ez-toc-counter ez-toc-transparent ez-toc-container-direction\">\n<div class=\"ez-toc-title-container\">\n<p class=\"ez-toc-title\" style=\"cursor:inherit\">Sada\u013cas<\/p>\n<span class=\"ez-toc-title-toggle\"><a href=\"#\" class=\"ez-toc-pull-right ez-toc-btn ez-toc-btn-xs ez-toc-btn-default ez-toc-toggle\" aria-label=\"P\u0101rsl\u0113gt satura tabulu\"><span class=\"ez-toc-js-icon-con\"><span class=\"\"><span class=\"eztoc-hide\" style=\"display:none;\">P\u0101rsl\u0113gt<\/span><span class=\"ez-toc-icon-toggle-span\"><svg style=\"fill: #999;color:#999\" xmlns=\"http:\/\/www.w3.org\/2000\/svg\" class=\"list-377408\" width=\"20px\" height=\"20px\" viewbox=\"0 0 24 24\" fill=\"none\"><path d=\"M6 6H4v2h2V6zm14 0H8v2h12V6zM4 11h2v2H4v-2zm16 0H8v2h12v-2zM4 16h2v2H4v-2zm16 0H8v2h12v-2z\" fill=\"currentColor\"><\/path><\/svg><svg style=\"fill: #999;color:#999\" class=\"arrow-unsorted-368013\" xmlns=\"http:\/\/www.w3.org\/2000\/svg\" width=\"10px\" height=\"10px\" viewbox=\"0 0 24 24\" version=\"1.2\" baseprofile=\"tiny\"><path d=\"M18.2 9.3l-6.2-6.3-6.2 6.3c-.2.2-.3.4-.3.7s.1.5.3.7c.2.2.4.3.7.3h11c.3 0 .5-.1.7-.3.2-.2.3-.5.3-.7s-.1-.5-.3-.7zM5.8 14.7l6.2 6.3 6.2-6.3c.2-.2.3-.5.3-.7s-.1-.5-.3-.7c-.2-.2-.4-.3-.7-.3h-11c-.3 0-.5.1-.7.3-.2.2-.3.5-.3.7s.1.5.3.7z\"\/><\/svg><\/span><\/span><\/span><\/a><\/span><\/div>\n<nav><ul class='ez-toc-list ez-toc-list-level-1 eztoc-toggle-hide-by-default' ><li class='ez-toc-page-1 ez-toc-heading-level-1'><a class=\"ez-toc-link ez-toc-heading-1\" href=\"https:\/\/coinkickoff.com\/lv\/how-to-buy-cardano\/how-to-buy-cardano-on-kucoin\/#How_to_Buy_Cardano_on_Kucoin\" >K\u0101 ieg\u0101d\u0101ties Cardano par Kucoin<\/a><ul class='ez-toc-list-level-2' ><li class='ez-toc-heading-level-2'><a class=\"ez-toc-link ez-toc-heading-2\" href=\"https:\/\/coinkickoff.com\/lv\/how-to-buy-cardano\/how-to-buy-cardano-on-kucoin\/#A_Step-By-Step_Guide_on_How_to_Buy_Cardano_on_Kucoin\" >Soli-pa-solim ce\u013cvedis par to, k\u0101 ieg\u0101d\u0101ties Cardano par Kucoin<\/a><ul class='ez-toc-list-level-3' ><li class='ez-toc-heading-level-3'><a class=\"ez-toc-link ez-toc-heading-3\" href=\"https:\/\/coinkickoff.com\/lv\/how-to-buy-cardano\/how-to-buy-cardano-on-kucoin\/#1_Register_an_Account\" >1. Re\u0123istr\u0113t kontu<\/a><\/li><li class='ez-toc-page-1 ez-toc-heading-level-3'><a class=\"ez-toc-link ez-toc-heading-4\" href=\"https:\/\/coinkickoff.com\/lv\/how-to-buy-cardano\/how-to-buy-cardano-on-kucoin\/#2_Verify_Your_Account\" >2. P\u0101rbaudiet savu kontu<\/a><\/li><li class='ez-toc-page-1 ez-toc-heading-level-3'><a class=\"ez-toc-link ez-toc-heading-5\" href=\"https:\/\/coinkickoff.com\/lv\/how-to-buy-cardano\/how-to-buy-cardano-on-kucoin\/#3_Deposit_Crypto\" >3. Noguld\u012bjums Crypto<\/a><\/li><li class='ez-toc-page-1 ez-toc-heading-level-3'><a class=\"ez-toc-link ez-toc-heading-6\" href=\"https:\/\/coinkickoff.com\/lv\/how-to-buy-cardano\/how-to-buy-cardano-on-kucoin\/#4_Navigate_to_the_Relevant_Screen_to_Buy\" >4. P\u0101rejiet uz attiec\u012bgo ekr\u0101nu, lai ieg\u0101d\u0101tos<\/a><ul class='ez-toc-list-level-4' ><li class='ez-toc-heading-level-4'><a class=\"ez-toc-link ez-toc-heading-7\" href=\"https:\/\/coinkickoff.com\/lv\/how-to-buy-cardano\/how-to-buy-cardano-on-kucoin\/#Fast_Trade_allows_you_to_buy_ADA_with_credit_and_debit_cards_and_Third-party_buy_supports_payment_channels_such_as_Banxa_and_Simplex\" >\u0100tr\u0101 tirdzniec\u012bba \u013cauj ieg\u0101d\u0101ties ADA ar kred\u012btkart\u0113m un debetkart\u0113m, bet tre\u0161o pu\u0161u pirkumi atbalsta t\u0101dus maks\u0101jumu kan\u0101lus k\u0101 Banxa un Simplex.\u00a0<\/a><\/li><li class='ez-toc-page-1 ez-toc-heading-level-4'><a class=\"ez-toc-link ez-toc-heading-8\" href=\"https:\/\/coinkickoff.com\/lv\/how-to-buy-cardano\/how-to-buy-cardano-on-kucoin\/#P2P_is_a_peer_network_where_you_can_use_bank_transfers_to_buy_digital_currencies_however_its_not_possible_to_buy_ADA_with_this_option\" >P2P ir l\u012bdzinieku t\u012bkls, kur\u0101 digit\u0101lo val\u016btu ieg\u0101dei var izmantot bankas p\u0101rskait\u012bjumus, ta\u010du, izmantojot \u0161o iesp\u0113ju, nav iesp\u0113jams ieg\u0101d\u0101ties ADA.<\/a><\/li><li class='ez-toc-page-1 ez-toc-heading-level-4'><a class=\"ez-toc-link ez-toc-heading-9\" href=\"https:\/\/coinkickoff.com\/lv\/how-to-buy-cardano\/how-to-buy-cardano-on-kucoin\/#Fast_Trade\" >\u0100tra tirdzniec\u012bba<\/a><\/li><li class='ez-toc-page-1 ez-toc-heading-level-4'><a class=\"ez-toc-link ez-toc-heading-10\" href=\"https:\/\/coinkickoff.com\/lv\/how-to-buy-cardano\/how-to-buy-cardano-on-kucoin\/#Third-Party\" >Tre\u0161\u0101s puses<\/a><\/li><\/ul><\/li><\/ul><\/li><\/ul><\/li><\/ul><\/nav><\/div>\n<h1><span class=\"ez-toc-section\" id=\"How_to_Buy_Cardano_on_Kucoin\"><\/span><span style=\"font-weight: 400;\">K\u0101 ieg\u0101d\u0101ties Cardano par Kucoin<\/span><span class=\"ez-toc-section-end\"><\/span><\/h1>\n<p><span style=\"font-weight: 400;\">Ja neesat izmantojis <a href=\"https:\/\/coinkickoff.com\/lv\/kucoin-review\/\" data-internallinksmanager029f6b8e52c=\"153\" title=\"KuCoin Atsauksmes 2023: Maks\u0101jumi, dro\u0161\u012bba, Pro &amp; m\u012bnusi\">Kucoin<\/a> pirkt <a href=\"https:\/\/coinkickoff.com\/lv\/cardano-ada\/\" data-internallinksmanager029f6b8e52c=\"9\" title=\"Kas ir Cardano (ADA)? K\u0101 tas darbojas un kur to ieg\u0101d\u0101ties?\">Cardano<\/a> (ADA), iesp\u0113jams, nezin\u0101t, k\u0101 r\u012bkoties. Bet jums nav j\u0101uztraucas: m\u0113s jums par\u0101d\u012bsim, k\u0101 nopirkt Cardano par <\/span><a href=\"https:\/\/coinkickoff.com\/lv\/kucoin-review\/\"><span style=\"font-weight: 400;\">Kucoin<\/span><\/a><span style=\"font-weight: 400;\"> ar soli pa solim sniedzam\u0101m instrukcij\u0101m.<\/span><\/p>\n<h2><span class=\"ez-toc-section\" id=\"A_Step-By-Step_Guide_on_How_to_Buy_Cardano_on_Kucoin\"><\/span><span style=\"font-weight: 400;\">Soli-pa-solim ce\u013cvedis par to, k\u0101 ieg\u0101d\u0101ties Cardano par Kucoin<\/span><span class=\"ez-toc-section-end\"><\/span><\/h2>\n<h3><span class=\"ez-toc-section\" id=\"1_Register_an_Account\"><\/span><span style=\"font-weight: 400;\">1. Re\u0123istr\u0113t kontu<\/span><span class=\"ez-toc-section-end\"><\/span><\/h3>\n<p><img loading=\"lazy\" decoding=\"async\" class=\"alignnone wp-image-3269 size-full\" src=\"https:\/\/coinkickoff.com\/wp-content\/uploads\/kucoin-register.png\" alt=\"pirkt doge par kucoin re\u0123istr\u0101\" width=\"1421\" height=\"788\" srcset=\"https:\/\/coinkickoff.com\/wp-content\/uploads\/kucoin-register.png 1421w, https:\/\/coinkickoff.com\/wp-content\/uploads\/kucoin-register-300x166.png 300w, https:\/\/coinkickoff.com\/wp-content\/uploads\/kucoin-register-1024x568.png 1024w, https:\/\/coinkickoff.com\/wp-content\/uploads\/kucoin-register-768x426.png 768w, https:\/\/coinkickoff.com\/wp-content\/uploads\/kucoin-register-18x10.png 18w\" sizes=\"auto, (max-width: 1421px) 100vw, 1421px\" \/><\/p>\n<p><span style=\"font-weight: 400;\">Jums ir nepiecie\u0161ams <\/span><a href=\"https:\/\/www.kucoin.com\/r\/af\/rMJPV3B\" target=\"_blank\" rel=\"noopener\"><span style=\"font-weight: 400;\">Kucoin<\/span><\/a><span style=\"font-weight: 400;\"> kontu, lai ieg\u0101d\u0101tos ADA platform\u0101, t\u0101p\u0113c s\u0101ciet, re\u0123istr\u0113joties ar savu e-pastu un paroli.<\/span><\/p>\n<h3><span class=\"ez-toc-section\" id=\"2_Verify_Your_Account\"><\/span><span style=\"font-weight: 400;\">2. P\u0101rbaudiet savu kontu<\/span><span class=\"ez-toc-section-end\"><\/span><\/h3>\n<p><span style=\"font-weight: 400;\">P\u0113c re\u0123istr\u0113\u0161an\u0101s varat s\u0101kt verifik\u0101cijas procesu. T\u0101pat k\u0101 liel\u0101k\u0101 da\u013ca citu pasaules bir\u017eu, Kucoin \u013cauj tirgot\u0101jiem apmain\u012bties ar digit\u0101lajiem akt\u012bviem platform\u0101 bez ID verifik\u0101cijas, bet, ja jums v\u0113l nav nek\u0101du digit\u0101lo akt\u012bvu, jums ir j\u0101veic \u0161is solis, lai platform\u0101 ieg\u0101d\u0101tos ADA.<\/span><\/p>\n<p><span style=\"font-weight: 400;\">Tas ir vienk\u0101r\u0161s process: profila lap\u0101 izv\u0113lieties cilni \"Identit\u0101tes verifik\u0101cija\".\u00a0<\/span><\/p>\n<p><img loading=\"lazy\" decoding=\"async\" class=\"alignnone wp-image-3272 size-full\" src=\"https:\/\/coinkickoff.com\/wp-content\/uploads\/kucoin-identity-verification.png\" alt=\"kucoin identit\u0101tes p\u0101rbaude 1\" width=\"1420\" height=\"785\" srcset=\"https:\/\/coinkickoff.com\/wp-content\/uploads\/kucoin-identity-verification.png 1420w, https:\/\/coinkickoff.com\/wp-content\/uploads\/kucoin-identity-verification-300x166.png 300w, https:\/\/coinkickoff.com\/wp-content\/uploads\/kucoin-identity-verification-1024x566.png 1024w, https:\/\/coinkickoff.com\/wp-content\/uploads\/kucoin-identity-verification-768x425.png 768w, https:\/\/coinkickoff.com\/wp-content\/uploads\/kucoin-identity-verification-18x10.png 18w\" sizes=\"auto, (max-width: 1420px) 100vw, 1420px\" \/><\/p>\n<p><span style=\"font-weight: 400;\">Tev ir piek\u013cuve pamatfunkcij\u0101m, bet fiat noguld\u012bjumi tiek uzskat\u012bti par uzlabotu funkciju, t\u0101p\u0113c, lai to izdar\u012btu, tev ir nepiecie\u0161ams p\u0101rbaud\u012bt savu ID.<\/span><\/p>\n<p><img loading=\"lazy\" decoding=\"async\" class=\"alignnone wp-image-3270 size-full\" src=\"https:\/\/coinkickoff.com\/wp-content\/uploads\/kucoin-id-verification-2.png\" alt=\"kucoin identit\u0101tes p\u0101rbaude 2\" width=\"1407\" height=\"706\" srcset=\"https:\/\/coinkickoff.com\/wp-content\/uploads\/kucoin-id-verification-2.png 1407w, https:\/\/coinkickoff.com\/wp-content\/uploads\/kucoin-id-verification-2-300x151.png 300w, https:\/\/coinkickoff.com\/wp-content\/uploads\/kucoin-id-verification-2-1024x514.png 1024w, https:\/\/coinkickoff.com\/wp-content\/uploads\/kucoin-id-verification-2-768x385.png 768w, https:\/\/coinkickoff.com\/wp-content\/uploads\/kucoin-id-verification-2-18x9.png 18w\" sizes=\"auto, (max-width: 1407px) 100vw, 1407px\" \/><\/p>\n<p><span style=\"font-weight: 400;\">Kucoin ir tr\u012bs posmu process: personas inform\u0101cijas snieg\u0161ana, ID verifik\u0101cija, izmantojot ofici\u0101lo ID, un sejas atpaz\u012b\u0161ana, lai p\u0101rliecin\u0101tos, ka esat ID kartes \u012bpa\u0161nieks.<\/span><\/p>\n<p><img loading=\"lazy\" decoding=\"async\" class=\"alignnone wp-image-3271 size-full\" src=\"https:\/\/coinkickoff.com\/wp-content\/uploads\/kucoin-id-verification-3.png\" alt=\"kucoin identit\u0101tes p\u0101rbaude 3 \" width=\"1412\" height=\"789\" srcset=\"https:\/\/coinkickoff.com\/wp-content\/uploads\/kucoin-id-verification-3.png 1412w, https:\/\/coinkickoff.com\/wp-content\/uploads\/kucoin-id-verification-3-300x168.png 300w, https:\/\/coinkickoff.com\/wp-content\/uploads\/kucoin-id-verification-3-1024x572.png 1024w, https:\/\/coinkickoff.com\/wp-content\/uploads\/kucoin-id-verification-3-768x429.png 768w, https:\/\/coinkickoff.com\/wp-content\/uploads\/kucoin-id-verification-3-18x10.png 18w\" sizes=\"auto, (max-width: 1412px) 100vw, 1412px\" \/><\/p>\n<p><span style=\"font-weight: 400;\">Pabeidziet visus tr\u012bs so\u013cus, lai p\u0101rbaud\u012btu savu identit\u0101ti, un varat s\u0101kt iemaks\u0101t l\u012bdzek\u013cus sav\u0101 kont\u0101.<\/span><\/p>\n<h3><span class=\"ez-toc-section\" id=\"3_Deposit_Crypto\"><\/span><span style=\"font-weight: 400;\">3. Noguld\u012bjums Crypto<\/span><span class=\"ez-toc-section-end\"><\/span><\/h3>\n<p><span style=\"font-weight: 400;\">Pa\u0161laik uz Kucoin nav iesp\u0113jams nos\u016bt\u012bt naudu ar bankas p\u0101rskait\u012bjumu, ta\u010du platform\u0101 joproj\u0101m var iemaks\u0101t kriptoval\u016btu. Ja jums \u0161\u0101da iesp\u0113ja nav pieejama, dodieties uz n\u0101kamo sada\u013cu, kur\u0101 m\u0113s izskaidrosim, k\u0101 ieg\u0101d\u0101ties Cardano uz Kucoin ar fiat naudu.<\/span><\/p>\n<p><span style=\"font-weight: 400;\">Ja jums ir digit\u0101lie akt\u012bvi, kurus v\u0113laties apmain\u012bt pret ADA, vispirms tie j\u0101p\u0101rved uz Kucoin. Lai to izdar\u012btu, dodieties uz savu lapu \"Akt\u012bvi\" un izv\u0113lieties \"Depoz\u012bts\".<\/span><\/p>\n<p><img loading=\"lazy\" decoding=\"async\" class=\"alignnone wp-image-3273 size-full\" src=\"https:\/\/coinkickoff.com\/wp-content\/uploads\/kucoin-deposit.png\" alt=\"kucoin depoz\u012bta l\u012bdzek\u013ci 1\" width=\"1427\" height=\"758\" srcset=\"https:\/\/coinkickoff.com\/wp-content\/uploads\/kucoin-deposit.png 1427w, https:\/\/coinkickoff.com\/wp-content\/uploads\/kucoin-deposit-300x159.png 300w, https:\/\/coinkickoff.com\/wp-content\/uploads\/kucoin-deposit-1024x544.png 1024w, https:\/\/coinkickoff.com\/wp-content\/uploads\/kucoin-deposit-768x408.png 768w, https:\/\/coinkickoff.com\/wp-content\/uploads\/kucoin-deposit-18x10.png 18w\" sizes=\"auto, (max-width: 1427px) 100vw, 1427px\" \/><\/p>\n<p><span style=\"font-weight: 400;\">Izv\u0113lieties digit\u0101lo akt\u012bvu, kuru v\u0113laties p\u0101rnest uz savu Kucoin maku. Piem\u0113ram, pie\u0146emsim, ka jums ir da\u017ei <a href=\"https:\/\/coinkickoff.com\/lv\/bitcoin-btc\/\" data-internallinksmanager029f6b8e52c=\"1\" title=\"Kas ir Bitcoin (BTC)? Cena, v\u0113sture un kur nopirkt\">BTC<\/a> J\u016bs v\u0113laties veikt iemaksu platform\u0101. Sarakst\u0101 izv\u0113lieties BTC un nokop\u0113jiet Kucoin nor\u0101d\u012bto maku adresi.<\/span><\/p>\n<p><span style=\"font-weight: 400;\">\u0160\u012b b\u016bs j\u016bsu unik\u0101l\u0101 BTC maka adrese Kucoin platform\u0101. \u0160o adresi varat izmantot, lai p\u0101rskait\u012btu savu BTC uz Kucoin.\u00a0<\/span><\/p>\n<h3><span class=\"ez-toc-section\" id=\"4_Navigate_to_the_Relevant_Screen_to_Buy\"><\/span><span style=\"font-weight: 400;\">4. P\u0101rejiet uz attiec\u012bgo ekr\u0101nu, lai ieg\u0101d\u0101tos<\/span><span class=\"ez-toc-section-end\"><\/span><\/h3>\n<p><span style=\"font-weight: 400;\">Noklik\u0161\u0137iniet uz cilnes \"Pirkt kriptonauda\" sav\u0101 vad\u012bbas panel\u012b.\u00a0<\/span><\/p>\n<p><img loading=\"lazy\" decoding=\"async\" class=\"alignnone wp-image-3274 size-full\" src=\"https:\/\/coinkickoff.com\/wp-content\/uploads\/kucoin-buy-crypto.png\" alt=\"kucoin ieg\u0101d\u0101ties ekr\u0101nu\" width=\"1418\" height=\"692\" srcset=\"https:\/\/coinkickoff.com\/wp-content\/uploads\/kucoin-buy-crypto.png 1418w, https:\/\/coinkickoff.com\/wp-content\/uploads\/kucoin-buy-crypto-300x146.png 300w, https:\/\/coinkickoff.com\/wp-content\/uploads\/kucoin-buy-crypto-1024x500.png 1024w, https:\/\/coinkickoff.com\/wp-content\/uploads\/kucoin-buy-crypto-768x375.png 768w, https:\/\/coinkickoff.com\/wp-content\/uploads\/kucoin-buy-crypto-18x9.png 18w\" sizes=\"auto, (max-width: 1418px) 100vw, 1418px\" \/><\/p>\n<h4><span class=\"ez-toc-section\" id=\"Fast_Trade_allows_you_to_buy_ADA_with_credit_and_debit_cards_and_Third-party_buy_supports_payment_channels_such_as_Banxa_and_Simplex\"><\/span><span style=\"font-weight: 400;\">\u0100tr\u0101 tirdzniec\u012bba \u013cauj ieg\u0101d\u0101ties ADA ar kred\u012btkart\u0113m un debetkart\u0113m, bet tre\u0161o pu\u0161u pirkumi atbalsta t\u0101dus maks\u0101jumu kan\u0101lus k\u0101 Banxa un Simplex.\u00a0<\/span><span class=\"ez-toc-section-end\"><\/span><\/h4>\n<h4><span class=\"ez-toc-section\" id=\"P2P_is_a_peer_network_where_you_can_use_bank_transfers_to_buy_digital_currencies_however_its_not_possible_to_buy_ADA_with_this_option\"><\/span><span style=\"font-weight: 400;\">P2P ir l\u012bdzinieku t\u012bkls, kur\u0101 digit\u0101lo val\u016btu ieg\u0101dei var izmantot bankas p\u0101rskait\u012bjumus, ta\u010du, izmantojot \u0161o iesp\u0113ju, nav iesp\u0113jams ieg\u0101d\u0101ties ADA.<\/span><span class=\"ez-toc-section-end\"><\/span><\/h4>\n<h4><span class=\"ez-toc-section\" id=\"Fast_Trade\"><\/span><span style=\"font-weight: 400;\">\u0100tra tirdzniec\u012bba<\/span><span class=\"ez-toc-section-end\"><\/span><\/h4>\n<p><span style=\"font-weight: 400;\">Ar Fast Trade j\u016bs varat ieg\u0101d\u0101ties ADA, izmantojot Visa un Mastercard debetkartes un kred\u012btkartes, k\u0101 ar\u012b vair\u0101kas citas iesp\u0113jas, piem\u0113ram, SEPA un Paypal. Vienk\u0101r\u0161i aizpildiet pirkuma pas\u016bt\u012bjuma veidlapu, sarakst\u0101 izv\u0113lieties ADA un izv\u0113lieties maks\u0101juma veidu.\u00a0<\/span><\/p>\n<p><img loading=\"lazy\" decoding=\"async\" class=\"alignnone wp-image-3275 size-full\" src=\"https:\/\/coinkickoff.com\/wp-content\/uploads\/kucoin-buy-crypto-one-click.png\" alt=\"kucoin ieg\u0101d\u0101ties ar vienu klik\u0161\u0137i\" width=\"1421\" height=\"770\" srcset=\"https:\/\/coinkickoff.com\/wp-content\/uploads\/kucoin-buy-crypto-one-click.png 1421w, https:\/\/coinkickoff.com\/wp-content\/uploads\/kucoin-buy-crypto-one-click-300x163.png 300w, https:\/\/coinkickoff.com\/wp-content\/uploads\/kucoin-buy-crypto-one-click-1024x555.png 1024w, https:\/\/coinkickoff.com\/wp-content\/uploads\/kucoin-buy-crypto-one-click-768x416.png 768w, https:\/\/coinkickoff.com\/wp-content\/uploads\/kucoin-buy-crypto-one-click-18x10.png 18w\" sizes=\"auto, (max-width: 1421px) 100vw, 1421px\" \/><\/p>\n<p><span style=\"font-weight: 400;\">Ja v\u0113laties maks\u0101t ar kred\u012btkarti vai debetkarti, pirms turpin\u0101\u0161anas ir j\u0101ievada kartes inform\u0101cija.<\/span><\/p>\n<p><img loading=\"lazy\" decoding=\"async\" class=\"alignnone wp-image-3276 size-full\" src=\"https:\/\/coinkickoff.com\/wp-content\/uploads\/kucoin-select-paymnet-method.png\" alt=\"\" width=\"1424\" height=\"794\" srcset=\"https:\/\/coinkickoff.com\/wp-content\/uploads\/kucoin-select-paymnet-method.png 1424w, https:\/\/coinkickoff.com\/wp-content\/uploads\/kucoin-select-paymnet-method-300x167.png 300w, https:\/\/coinkickoff.com\/wp-content\/uploads\/kucoin-select-paymnet-method-1024x571.png 1024w, https:\/\/coinkickoff.com\/wp-content\/uploads\/kucoin-select-paymnet-method-768x428.png 768w, https:\/\/coinkickoff.com\/wp-content\/uploads\/kucoin-select-paymnet-method-18x10.png 18w\" sizes=\"auto, (max-width: 1424px) 100vw, 1424px\" \/><\/p>\n<p><span style=\"font-weight: 400;\">Citas iesp\u0113jas ir Zelle, <a href=\"https:\/\/coinkickoff.com\/lv\/uphold-review\/\" data-internallinksmanager029f6b8e52c=\"156\" title=\"Atbalst\u012bt Atsauksmes 2023: Maks\u0101jumi, funkcijas, dro\u0161\u012bba, plusi un m\u012bnusi\">Atbalst\u012bt<\/a>, Advcash un Payeer. Kad esat iestat\u012bjis savu maks\u0101juma metodi, dodieties uz priek\u0161u un nospiediet pogu \"Pirkt ADA\". J\u016bs redz\u0113siet pas\u016bt\u012bjuma priek\u0161skat\u012bjumu, kur\u0101 b\u016bs apkopots, cik daudz ADA j\u016bs sa\u0146emsiet un visas piem\u0113rojam\u0101s maksas.\u00a0\u00a0<\/span><\/p>\n<p><span style=\"font-weight: 400;\">Apstipriniet savu pas\u016bt\u012bjumu, un j\u016bsu ADA token p\u0113c da\u017e\u0101m min\u016bt\u0113m par\u0101d\u012bsies j\u016bsu mak\u0101.<\/span><\/p>\n<h4><span class=\"ez-toc-section\" id=\"Third-Party\"><\/span><span style=\"font-weight: 400;\">Tre\u0161\u0101s puses<\/span><span class=\"ez-toc-section-end\"><\/span><\/h4>\n<p><img loading=\"lazy\" decoding=\"async\" class=\"alignnone wp-image-3278 size-full\" src=\"https:\/\/coinkickoff.com\/wp-content\/uploads\/kucoin-screenshot.png\" alt=\"K\u0101 ieg\u0101d\u0101ties Cardano par Kucoin\" width=\"1436\" height=\"673\" srcset=\"https:\/\/coinkickoff.com\/wp-content\/uploads\/kucoin-screenshot.png 1436w, https:\/\/coinkickoff.com\/wp-content\/uploads\/kucoin-screenshot-300x141.png 300w, https:\/\/coinkickoff.com\/wp-content\/uploads\/kucoin-screenshot-1024x480.png 1024w, https:\/\/coinkickoff.com\/wp-content\/uploads\/kucoin-screenshot-768x360.png 768w, https:\/\/coinkickoff.com\/wp-content\/uploads\/kucoin-screenshot-18x8.png 18w\" sizes=\"auto, (max-width: 1436px) 100vw, 1436px\" \/><\/p>\n<p><span style=\"font-weight: 400;\">Ja jau izmantojat tre\u0161\u0101s puses maks\u0101jumu kan\u0101lu, piem\u0113ram. <\/span><a href=\"https:\/\/banxa.com\/case-study\/kucoin\/\" target=\"_blank\" rel=\"noopener\"><span style=\"font-weight: 400;\">Banxa<\/span><\/a><span style=\"font-weight: 400;\"> vai <\/span><a href=\"https:\/\/www.simplex.com\" target=\"_blank\" rel=\"noopener\"><span style=\"font-weight: 400;\">Simplex<\/span><\/a><span style=\"font-weight: 400;\">, t\u0101 var b\u016bt \u0113rta izv\u0113le. Ja jums nav Simplex vai Banxa konta, varat to re\u0123istr\u0113t, veicot pas\u016bt\u012bjumu.<\/span><\/p>\n<p><span style=\"font-weight: 400;\">S\u0101ciet, aizpildot pirkuma pas\u016bt\u012bjuma veidlapu: Izv\u0113lieties ADA k\u0101 v\u0113lamo akt\u012bvu, ievadiet summu, ko v\u0113laties izt\u0113r\u0113t, un izv\u0113lieties maks\u0101juma veidu un kan\u0101lu.<\/span><\/p>\n<p><span style=\"font-weight: 400;\">Pirms turpin\u0101t pas\u016bt\u012bjuma veik\u0161anu, tiks par\u0101d\u012btas visas maksas.\u00a0<\/span><\/p>\n<p><span style=\"font-weight: 400;\">Kad nospie\u017eat \"Pirkt\", Kucoin nos\u016bta j\u016bs uz tre\u0161\u0101s puses t\u012bmek\u013ca vietni, lai pabeigtu pas\u016bt\u012bjumu.\u00a0<\/span><\/p>\n<p><span style=\"font-weight: 400;\">Tas ir diezgan daudz par to, k\u0101 ieg\u0101d\u0101ties Cardano par Kucoin. K\u0101 redzat, jums ir diezgan daudz iesp\u0113ju, t\u0101p\u0113c tam vajadz\u0113tu b\u016bt gludam ce\u013cojumam. Ja jums ir k\u0101di jaut\u0101jumi, varat ar\u012b apskat\u012bt m\u016bsu <a href=\"https:\/\/coinkickoff.com\/lv\/crypto-exchanges\/\">apmai\u0146as atsauksmes<\/a> un <a href=\"https:\/\/coinkickoff.com\/lv\/how-to-buy-cardano\/\">k\u0101 ieg\u0101d\u0101ties<\/a> ce\u013cve\u017ei, lai ieg\u016btu vair\u0101k inform\u0101cijas.<\/span><\/p>","protected":false},"excerpt":{"rendered":"<p>K\u0101 ieg\u0101d\u0101ties Cardano Kucoin Ja iepriek\u0161 neesat izmantoju\u0161i Kucoin, lai ieg\u0101d\u0101tos Cardano (ADA), jums var rasties neskaidr\u012bbas, k\u0101 r\u012bkoties. Bet jums nav j\u0101uztraucas: m\u0113s jums par\u0101d\u012bsim, k\u0101 nopirkt Cardano Kucoin, izmantojot soli pa solim. Soli pa solim, k\u0101 nopirkt Cardano par Kucoin [...]<\/p>","protected":false},"author":3,"featured_media":0,"parent":4010,"menu_order":0,"comment_status":"closed","ping_status":"closed","template":"","meta":{"_genesis_hide_title":false,"_genesis_hide_breadcrumbs":false,"_genesis_hide_singular_image":false,"_genesis_hide_footer_widgets":false,"_genesis_custom_body_class":"","_genesis_custom_post_class":"","_genesis_layout":"","_glsr_average":0,"_glsr_ranking":0,"_glsr_reviews":0,"footnotes":""},"class_list":{"0":"post-4045","1":"page","2":"type-page","3":"status-publish","5":"entry"},"featured_image_src":null,"featured_image_src_square":null,"_links":{"self":[{"href":"https:\/\/coinkickoff.com\/lv\/wp-json\/wp\/v2\/pages\/4045","targetHints":{"allow":["GET"]}}],"collection":[{"href":"https:\/\/coinkickoff.com\/lv\/wp-json\/wp\/v2\/pages"}],"about":[{"href":"https:\/\/coinkickoff.com\/lv\/wp-json\/wp\/v2\/types\/page"}],"author":[{"embeddable":true,"href":"https:\/\/coinkickoff.com\/lv\/wp-json\/wp\/v2\/users\/3"}],"replies":[{"embeddable":true,"href":"https:\/\/coinkickoff.com\/lv\/wp-json\/wp\/v2\/comments?post=4045"}],"version-history":[{"count":2,"href":"https:\/\/coinkickoff.com\/lv\/wp-json\/wp\/v2\/pages\/4045\/revisions"}],"predecessor-version":[{"id":4047,"href":"https:\/\/coinkickoff.com\/lv\/wp-json\/wp\/v2\/pages\/4045\/revisions\/4047"}],"up":[{"embeddable":true,"href":"https:\/\/coinkickoff.com\/lv\/wp-json\/wp\/v2\/pages\/4010"}],"wp:attachment":[{"href":"https:\/\/coinkickoff.com\/lv\/wp-json\/wp\/v2\/media?parent=4045"}],"curies":[{"name":"wp","href":"https:\/\/api.w.org\/{rel}","templated":true}]}}