{"id":3968,"date":"2026-01-08T14:07:21","date_gmt":"2026-01-08T14:07:21","guid":{"rendered":"https:\/\/coinkickoff.com\/?page_id=3968"},"modified":"2026-01-08T14:07:21","modified_gmt":"2026-01-08T14:07:21","slug":"how-to-buy-ethereum-on-poloniex","status":"publish","type":"page","link":"https:\/\/coinkickoff.com\/lv\/how-to-buy-ethereum\/how-to-buy-ethereum-on-poloniex\/","title":{"rendered":"K\u0101 nopirkt Ethereum Poloniex"},"content":{"rendered":"<div id=\"ez-toc-container\" class=\"ez-toc-v2_0_80 counter-hierarchy ez-toc-counter ez-toc-transparent ez-toc-container-direction\">\n<div class=\"ez-toc-title-container\">\n<p class=\"ez-toc-title\" style=\"cursor:inherit\">Sada\u013cas<\/p>\n<span class=\"ez-toc-title-toggle\"><a href=\"#\" class=\"ez-toc-pull-right ez-toc-btn ez-toc-btn-xs ez-toc-btn-default ez-toc-toggle\" aria-label=\"P\u0101rsl\u0113gt satura tabulu\"><span class=\"ez-toc-js-icon-con\"><span class=\"\"><span class=\"eztoc-hide\" style=\"display:none;\">P\u0101rsl\u0113gt<\/span><span class=\"ez-toc-icon-toggle-span\"><svg style=\"fill: #999;color:#999\" xmlns=\"http:\/\/www.w3.org\/2000\/svg\" class=\"list-377408\" width=\"20px\" height=\"20px\" viewbox=\"0 0 24 24\" fill=\"none\"><path d=\"M6 6H4v2h2V6zm14 0H8v2h12V6zM4 11h2v2H4v-2zm16 0H8v2h12v-2zM4 16h2v2H4v-2zm16 0H8v2h12v-2z\" fill=\"currentColor\"><\/path><\/svg><svg style=\"fill: #999;color:#999\" class=\"arrow-unsorted-368013\" xmlns=\"http:\/\/www.w3.org\/2000\/svg\" width=\"10px\" height=\"10px\" viewbox=\"0 0 24 24\" version=\"1.2\" baseprofile=\"tiny\"><path d=\"M18.2 9.3l-6.2-6.3-6.2 6.3c-.2.2-.3.4-.3.7s.1.5.3.7c.2.2.4.3.7.3h11c.3 0 .5-.1.7-.3.2-.2.3-.5.3-.7s-.1-.5-.3-.7zM5.8 14.7l6.2 6.3 6.2-6.3c.2-.2.3-.5.3-.7s-.1-.5-.3-.7c-.2-.2-.4-.3-.7-.3h-11c-.3 0-.5.1-.7.3-.2.2-.3.5-.3.7s.1.5.3.7z\"\/><\/svg><\/span><\/span><\/span><\/a><\/span><\/div>\n<nav><ul class='ez-toc-list ez-toc-list-level-1 eztoc-toggle-hide-by-default' ><li class='ez-toc-page-1 ez-toc-heading-level-1'><a class=\"ez-toc-link ez-toc-heading-1\" href=\"https:\/\/coinkickoff.com\/lv\/how-to-buy-ethereum\/how-to-buy-ethereum-on-poloniex\/#How_to_Buy_Ethereum_on_Poloniex\" >K\u0101 nopirkt Ethereum Poloniex<\/a><ul class='ez-toc-list-level-2' ><li class='ez-toc-heading-level-2'><a class=\"ez-toc-link ez-toc-heading-2\" href=\"https:\/\/coinkickoff.com\/lv\/how-to-buy-ethereum\/how-to-buy-ethereum-on-poloniex\/#A_Step-By-Step_Guide_on_How_to_Buy_Ethereum_on_Poloniex\" >Soli pa solim, k\u0101 nopirkt Ethereum Poloniex vietn\u0113<\/a><ul class='ez-toc-list-level-3' ><li class='ez-toc-heading-level-3'><a class=\"ez-toc-link ez-toc-heading-3\" href=\"https:\/\/coinkickoff.com\/lv\/how-to-buy-ethereum\/how-to-buy-ethereum-on-poloniex\/#1_Register_an_Account\" >1. Re\u0123istr\u0113t kontu<\/a><\/li><li class='ez-toc-page-1 ez-toc-heading-level-3'><a class=\"ez-toc-link ez-toc-heading-4\" href=\"https:\/\/coinkickoff.com\/lv\/how-to-buy-ethereum\/how-to-buy-ethereum-on-poloniex\/#2_Verify_Your_Account\" >2. P\u0101rbaudiet savu kontu<\/a><\/li><li class='ez-toc-page-1 ez-toc-heading-level-3'><a class=\"ez-toc-link ez-toc-heading-5\" href=\"https:\/\/coinkickoff.com\/lv\/how-to-buy-ethereum\/how-to-buy-ethereum-on-poloniex\/#3_Buy_Crypto\" >3. Nopirkt kriptogr\u0101fiju<\/a><\/li><\/ul><\/li><\/ul><\/li><\/ul><\/nav><\/div>\n<h1><span class=\"ez-toc-section\" id=\"How_to_Buy_Ethereum_on_Poloniex\"><\/span><span style=\"font-weight: 400;\">K\u0101 nopirkt Ethereum Poloniex<\/span><span class=\"ez-toc-section-end\"><\/span><\/h1>\n<p><span style=\"font-weight: 400;\">Varat ieg\u0101d\u0101ties <a href=\"https:\/\/coinkickoff.com\/lv\/ethereum-eth\/\" data-internallinksmanager029f6b8e52c=\"2\" title=\"Kas ir Ethereum (ETH)? Cena, v\u0113sture un kur nopirkt\">Ethereum<\/a> praktiski jebkur\u0101 bir\u017e\u0101, jo t\u0101 ir viena no popul\u0101r\u0101kaj\u0101m un iev\u0113rojam\u0101kaj\u0101m digit\u0101laj\u0101m val\u016bt\u0101m tirg\u016b. <a href=\"https:\/\/coinkickoff.com\/lv\/poloniex-review\/\" data-internallinksmanager029f6b8e52c=\"164\" title=\"Poloniex Atsauksmes 2023: Maks\u0101jumi, funkcijas, dro\u0161\u012bba, plusi un m\u012bnusi\">Poloniex<\/a> ir viena no \u0161\u0101d\u0101m bir\u017e\u0101m, vismaz lietot\u0101jiem, kas atrodas \u0101rpus ASV.<\/span><\/p>\n<p><span style=\"font-weight: 400;\">Tom\u0113r aicin\u0101m izlas\u012bt m\u016bsu <a href=\"https:\/\/coinkickoff.com\/lv\/poloniex-review\/\">rokasgr\u0101mata par Poloniex<\/a> pirms pirkumu veik\u0161anas platform\u0101, jo ir biju\u0161i gad\u012bjumi. <\/span><a href=\"https:\/\/www.coindesk.com\/policy\/2023\/05\/01\/crypto-exchange-poloniex-agrees-to-76m-fine-settle-sanctions-violation-charges\/\" target=\"_blank\" rel=\"noopener\"><span style=\"font-weight: 400;\">vair\u0101ki jaut\u0101jumi<\/span><\/a><span style=\"font-weight: 400;\"> saist\u012bta ar bir\u017eu, k\u0101 ar\u012b t\u0101s \u012bpa\u0161nieku. <\/span><a href=\"https:\/\/www.cnbc.com\/2023\/03\/22\/sec-hits-jake-paul-lindsey-lohan-justin-sun-with-crypto-violations.html\" target=\"_blank\" rel=\"noopener\"><span style=\"font-weight: 400;\">D\u017eastins Suns<\/span><\/a><span style=\"font-weight: 400;\">.<\/span><\/p>\n<p><span style=\"font-weight: 400;\">Ja esat iestat\u012bts uz bir\u017eu, \u0161eit ir, k\u0101 ieg\u0101d\u0101ties Ethereum par Poloniex.<\/span><\/p>\n<h2><span class=\"ez-toc-section\" id=\"A_Step-By-Step_Guide_on_How_to_Buy_Ethereum_on_Poloniex\"><\/span><span style=\"font-weight: 400;\">Soli pa solim, k\u0101 nopirkt Ethereum Poloniex vietn\u0113<\/span><span class=\"ez-toc-section-end\"><\/span><\/h2>\n<h3><span class=\"ez-toc-section\" id=\"1_Register_an_Account\"><\/span><span style=\"font-weight: 400;\">1. Re\u0123istr\u0113t kontu<\/span><span class=\"ez-toc-section-end\"><\/span><\/h3>\n<p><span style=\"font-weight: 400;\">Vispirms dodieties uz Poloniex vietni un izveidojiet kontu. <\/span><\/p>\n<p><img loading=\"lazy\" decoding=\"async\" class=\"alignnone wp-image-3397 size-full\" src=\"https:\/\/coinkickoff.com\/wp-content\/uploads\/poloniex-sign-up.png\" alt=\"poloniex re\u0123istr\u0113ties\" width=\"1436\" height=\"653\" srcset=\"https:\/\/coinkickoff.com\/wp-content\/uploads\/poloniex-sign-up.png 1436w, https:\/\/coinkickoff.com\/wp-content\/uploads\/poloniex-sign-up-300x136.png 300w, https:\/\/coinkickoff.com\/wp-content\/uploads\/poloniex-sign-up-1024x466.png 1024w, https:\/\/coinkickoff.com\/wp-content\/uploads\/poloniex-sign-up-768x349.png 768w, https:\/\/coinkickoff.com\/wp-content\/uploads\/poloniex-sign-up-18x8.png 18w\" sizes=\"auto, (max-width: 1436px) 100vw, 1436px\" \/><\/p>\n<h3><span class=\"ez-toc-section\" id=\"2_Verify_Your_Account\"><\/span><span style=\"font-weight: 400;\">2. P\u0101rbaudiet savu kontu<\/span><span class=\"ez-toc-section-end\"><\/span><\/h3>\n<p><span style=\"font-weight: 400;\">Tehniski jums nav nepiecie\u0161ams verific\u0113t savu ID Poloniex. Visi lietot\u0101ji, re\u0123istr\u0113joties, tiek verific\u0113ti 1. l\u012bmen\u012b un var ieg\u0101d\u0101ties akt\u012bvus ar kred\u012btkart\u0113m. Otr\u0101 l\u012bme\u0146a verifik\u0101cija \u013cauj izmantot augst\u0101kus iz\u0146em\u0161anas limitus, ta\u010du liel\u0101kajai da\u013cai mazumtirdzniec\u012bbas tirgot\u0101ju t\u0101 nav nepiecie\u0161ama.<\/span><\/p>\n<p><span style=\"font-weight: 400;\">Tom\u0113r, ja v\u0113laties apstiprin\u0101t savu identit\u0101ti, dodieties uz savu profilu, noklik\u0161\u0137inot uz profila simbola uz vad\u012bbas pane\u013ca. <\/span><\/p>\n<p><img loading=\"lazy\" decoding=\"async\" class=\"alignnone wp-image-3398 size-full\" src=\"https:\/\/coinkickoff.com\/wp-content\/uploads\/poloniex-verification.png\" alt=\"poloniex verifik\u0101cija\" width=\"1437\" height=\"679\" srcset=\"https:\/\/coinkickoff.com\/wp-content\/uploads\/poloniex-verification.png 1437w, https:\/\/coinkickoff.com\/wp-content\/uploads\/poloniex-verification-300x142.png 300w, https:\/\/coinkickoff.com\/wp-content\/uploads\/poloniex-verification-1024x484.png 1024w, https:\/\/coinkickoff.com\/wp-content\/uploads\/poloniex-verification-768x363.png 768w, https:\/\/coinkickoff.com\/wp-content\/uploads\/poloniex-verification-18x9.png 18w\" sizes=\"auto, (max-width: 1437px) 100vw, 1437px\" \/><\/p>\n<p><span style=\"font-weight: 400;\">Aizpildiet inform\u0101cijas veidlapu un aug\u0161upiel\u0101d\u0113jiet ofici\u0101lu personu apliecino\u0161u dokumentu ar fotoatt\u0113lu, piem\u0113ram, pasi vai autovad\u012bt\u0101ja apliec\u012bbu. Spiediet \"S\u0101kt\", lai veiktu 2. l\u012bme\u0146a verifik\u0101ciju. Jums b\u016bs nepiecie\u0161ams aug\u0161upiel\u0101d\u0113t personu apliecino\u0161u dokumentu ar fotogr\u0101fiju.<\/span><\/p>\n<h3><span class=\"ez-toc-section\" id=\"3_Buy_Crypto\"><\/span><span style=\"font-weight: 400;\">3. Nopirkt kriptogr\u0101fiju<\/span><span class=\"ez-toc-section-end\"><\/span><\/h3>\n<p><span style=\"font-weight: 400;\">Spiediet \"Pirkt kriptonauda\", lai atv\u0113rtu t\u016bl\u012bt\u0113j\u0101 pas\u016bt\u012bjuma veidlapu. Izv\u0113lieties val\u016btu, kuru v\u0113laties t\u0113r\u0113t (piem\u0113ram, USD), un val\u016btu, kuru v\u0113laties ieg\u0101d\u0101ties (\u0161aj\u0101 gad\u012bjum\u0101 Ethereum vai ETH). Ievadiet summu, ko v\u0113laties samaks\u0101t par pirkumu.<\/span><\/p>\n<p><img loading=\"lazy\" decoding=\"async\" class=\"alignnone wp-image-3399 size-full\" src=\"https:\/\/coinkickoff.com\/wp-content\/uploads\/poloniex-buy-crypto.png\" alt=\"K\u0101 nopirkt Ethereum Poloniex\" width=\"1436\" height=\"793\" srcset=\"https:\/\/coinkickoff.com\/wp-content\/uploads\/poloniex-buy-crypto.png 1436w, https:\/\/coinkickoff.com\/wp-content\/uploads\/poloniex-buy-crypto-300x166.png 300w, https:\/\/coinkickoff.com\/wp-content\/uploads\/poloniex-buy-crypto-1024x565.png 1024w, https:\/\/coinkickoff.com\/wp-content\/uploads\/poloniex-buy-crypto-768x424.png 768w, https:\/\/coinkickoff.com\/wp-content\/uploads\/poloniex-buy-crypto-18x10.png 18w\" sizes=\"auto, (max-width: 1436px) 100vw, 1436px\" \/><\/p>\n<p><span style=\"font-weight: 400;\">Maksa tiks par\u0101d\u012bta labaj\u0101 panel\u012b. Lai veiktu pirkumu, jums b\u016bs nepiecie\u0161ams Simplex vai Mercuryo konts. Ja jums nav neviena no tiem, neuztraucieties, jo varat re\u0123istr\u0113ties p\u0113c tam, kad nospied\u012bsiet \"Nos\u016bt\u012bt\".<\/span><\/p>\n<p><span style=\"font-weight: 400;\">Ja jums jau ir konts, varat pieteikties, un pirkums b\u016bs pabeigts!<\/span><\/p>\n<p><span style=\"font-weight: 400;\">Tas ir viss par to, k\u0101 Ethereum uz Poloniex! Ja p\u0101rbaud\u012bsiet savus akt\u012bvus, redz\u0113siet ETH sav\u0101 mak\u0101.<\/span><\/p>","protected":false},"excerpt":{"rendered":"<p>K\u0101 nopirkt Ethereum par Poloniex J\u016bs varat ieg\u0101d\u0101ties Ethereum praktiski jebkur\u0101 bir\u017e\u0101, jo t\u0101 ir viena no popul\u0101r\u0101kaj\u0101m un iev\u0113rojam\u0101kaj\u0101m digit\u0101laj\u0101m val\u016bt\u0101m tirg\u016b. Poloniex ir viena no \u0161\u012bm bir\u017e\u0101m, vismaz lietot\u0101jiem, kas atrodas \u0101rpus ASV. Tom\u0113r m\u0113s aicin\u0101m j\u016bs izlas\u012bt m\u016bsu rokasgr\u0101matu par Poloniex, pirms veicat [...]<\/p>","protected":false},"author":3,"featured_media":0,"parent":3937,"menu_order":0,"comment_status":"closed","ping_status":"closed","template":"","meta":{"_genesis_hide_title":false,"_genesis_hide_breadcrumbs":false,"_genesis_hide_singular_image":false,"_genesis_hide_footer_widgets":false,"_genesis_custom_body_class":"","_genesis_custom_post_class":"","_genesis_layout":"","_glsr_average":0,"_glsr_ranking":0,"_glsr_reviews":0,"footnotes":""},"class_list":{"0":"post-3968","1":"page","2":"type-page","3":"status-publish","5":"entry"},"featured_image_src":null,"featured_image_src_square":null,"_links":{"self":[{"href":"https:\/\/coinkickoff.com\/lv\/wp-json\/wp\/v2\/pages\/3968","targetHints":{"allow":["GET"]}}],"collection":[{"href":"https:\/\/coinkickoff.com\/lv\/wp-json\/wp\/v2\/pages"}],"about":[{"href":"https:\/\/coinkickoff.com\/lv\/wp-json\/wp\/v2\/types\/page"}],"author":[{"embeddable":true,"href":"https:\/\/coinkickoff.com\/lv\/wp-json\/wp\/v2\/users\/3"}],"replies":[{"embeddable":true,"href":"https:\/\/coinkickoff.com\/lv\/wp-json\/wp\/v2\/comments?post=3968"}],"version-history":[{"count":1,"href":"https:\/\/coinkickoff.com\/lv\/wp-json\/wp\/v2\/pages\/3968\/revisions"}],"predecessor-version":[{"id":3969,"href":"https:\/\/coinkickoff.com\/lv\/wp-json\/wp\/v2\/pages\/3968\/revisions\/3969"}],"up":[{"embeddable":true,"href":"https:\/\/coinkickoff.com\/lv\/wp-json\/wp\/v2\/pages\/3937"}],"wp:attachment":[{"href":"https:\/\/coinkickoff.com\/lv\/wp-json\/wp\/v2\/media?parent=3968"}],"curies":[{"name":"wp","href":"https:\/\/api.w.org\/{rel}","templated":true}]}}