{"id":3951,"date":"2026-01-08T14:07:25","date_gmt":"2026-01-08T14:07:25","guid":{"rendered":"https:\/\/coinkickoff.com\/?page_id=3951"},"modified":"2026-01-08T14:07:25","modified_gmt":"2026-01-08T14:07:25","slug":"how-to-buy-ethereum-on-binance","status":"publish","type":"page","link":"https:\/\/coinkickoff.com\/lv\/how-to-buy-ethereum\/how-to-buy-ethereum-on-binance\/","title":{"rendered":"K\u0101 ieg\u0101d\u0101ties Ethereum par Binance"},"content":{"rendered":"<h1><img loading=\"lazy\" decoding=\"async\" class=\"alignnone wp-image-3662 size-full\" src=\"https:\/\/coinkickoff.com\/wp-content\/uploads\/how-many-eth-are-there.jpg\" alt=\"Cik daudz ir Ethereum (ETH)?\" width=\"1000\" height=\"666\" srcset=\"https:\/\/coinkickoff.com\/wp-content\/uploads\/how-many-eth-are-there.jpg 1000w, https:\/\/coinkickoff.com\/wp-content\/uploads\/how-many-eth-are-there-300x200.jpg 300w, https:\/\/coinkickoff.com\/wp-content\/uploads\/how-many-eth-are-there-768x511.jpg 768w, https:\/\/coinkickoff.com\/wp-content\/uploads\/how-many-eth-are-there-18x12.jpg 18w, https:\/\/coinkickoff.com\/wp-content\/uploads\/how-many-eth-are-there-600x400.jpg 600w\" sizes=\"auto, (max-width: 1000px) 100vw, 1000px\" \/><\/h1>\n<div id=\"ez-toc-container\" class=\"ez-toc-v2_0_80 counter-hierarchy ez-toc-counter ez-toc-transparent ez-toc-container-direction\">\n<div class=\"ez-toc-title-container\">\n<p class=\"ez-toc-title\" style=\"cursor:inherit\">Sada\u013cas<\/p>\n<span class=\"ez-toc-title-toggle\"><a href=\"#\" class=\"ez-toc-pull-right ez-toc-btn ez-toc-btn-xs ez-toc-btn-default ez-toc-toggle\" aria-label=\"P\u0101rsl\u0113gt satura tabulu\"><span class=\"ez-toc-js-icon-con\"><span class=\"\"><span class=\"eztoc-hide\" style=\"display:none;\">P\u0101rsl\u0113gt<\/span><span class=\"ez-toc-icon-toggle-span\"><svg style=\"fill: #999;color:#999\" xmlns=\"http:\/\/www.w3.org\/2000\/svg\" class=\"list-377408\" width=\"20px\" height=\"20px\" viewbox=\"0 0 24 24\" fill=\"none\"><path d=\"M6 6H4v2h2V6zm14 0H8v2h12V6zM4 11h2v2H4v-2zm16 0H8v2h12v-2zM4 16h2v2H4v-2zm16 0H8v2h12v-2z\" fill=\"currentColor\"><\/path><\/svg><svg style=\"fill: #999;color:#999\" class=\"arrow-unsorted-368013\" xmlns=\"http:\/\/www.w3.org\/2000\/svg\" width=\"10px\" height=\"10px\" viewbox=\"0 0 24 24\" version=\"1.2\" baseprofile=\"tiny\"><path d=\"M18.2 9.3l-6.2-6.3-6.2 6.3c-.2.2-.3.4-.3.7s.1.5.3.7c.2.2.4.3.7.3h11c.3 0 .5-.1.7-.3.2-.2.3-.5.3-.7s-.1-.5-.3-.7zM5.8 14.7l6.2 6.3 6.2-6.3c.2-.2.3-.5.3-.7s-.1-.5-.3-.7c-.2-.2-.4-.3-.7-.3h-11c-.3 0-.5.1-.7.3-.2.2-.3.5-.3.7s.1.5.3.7z\"\/><\/svg><\/span><\/span><\/span><\/a><\/span><\/div>\n<nav><ul class='ez-toc-list ez-toc-list-level-1 eztoc-toggle-hide-by-default' ><li class='ez-toc-page-1 ez-toc-heading-level-2'><a class=\"ez-toc-link ez-toc-heading-1\" href=\"https:\/\/coinkickoff.com\/lv\/how-to-buy-ethereum\/how-to-buy-ethereum-on-binance\/#How_to_Buy_Ethereum_on_Binance\" >K\u0101 ieg\u0101d\u0101ties Ethereum par Binance<\/a><\/li><li class='ez-toc-page-1 ez-toc-heading-level-2'><a class=\"ez-toc-link ez-toc-heading-2\" href=\"https:\/\/coinkickoff.com\/lv\/how-to-buy-ethereum\/how-to-buy-ethereum-on-binance\/#A_Step-By-Step_Guide_on_How_to_Buy_Ethereum_on_Binance\" >Soli pa solim ce\u013cvedis par to, k\u0101 nopirkt Ethereum par Binance<\/a><ul class='ez-toc-list-level-3' ><li class='ez-toc-heading-level-3'><a class=\"ez-toc-link ez-toc-heading-3\" href=\"https:\/\/coinkickoff.com\/lv\/how-to-buy-ethereum\/how-to-buy-ethereum-on-binance\/#1_Register_an_Account_on_Binance\" >1. Re\u0123istr\u0113t kontu Binance<\/a><\/li><li class='ez-toc-page-1 ez-toc-heading-level-3'><a class=\"ez-toc-link ez-toc-heading-4\" href=\"https:\/\/coinkickoff.com\/lv\/how-to-buy-ethereum\/how-to-buy-ethereum-on-binance\/#2_Verify_Your_Account\" >2. P\u0101rbaudiet savu kontu<\/a><\/li><li class='ez-toc-page-1 ez-toc-heading-level-3'><a class=\"ez-toc-link ez-toc-heading-5\" href=\"https:\/\/coinkickoff.com\/lv\/how-to-buy-ethereum\/how-to-buy-ethereum-on-binance\/#3_Deposit_FundsCrypto\" >3. Noguld\u012bjumu fondi \/ kriptogr\u0101fija<\/a><\/li><li class='ez-toc-page-1 ez-toc-heading-level-3'><a class=\"ez-toc-link ez-toc-heading-6\" href=\"https:\/\/coinkickoff.com\/lv\/how-to-buy-ethereum\/how-to-buy-ethereum-on-binance\/#Click_on_%E2%80%9CDeposit%E2%80%9D_to_see_all_the_deposit_options_The_three_options_are_depositing_crypto_depositing_fiat_currencies_and_adding_credit_cards_or_other_payment_methods\" >Noklik\u0161\u0137iniet uz \"Depoz\u012bts\", lai redz\u0113tu visas depoz\u012bta iesp\u0113jas. Tr\u012bs iesp\u0113jas ir \u0161\u0101das: iemaks\u0101t kriptoval\u016btu, iemaks\u0101t fiat val\u016btas un pievienot kred\u012btkartes vai citas maks\u0101jumu metodes.<\/a><\/li><li class='ez-toc-page-1 ez-toc-heading-level-3'><a class=\"ez-toc-link ez-toc-heading-7\" href=\"https:\/\/coinkickoff.com\/lv\/how-to-buy-ethereum\/how-to-buy-ethereum-on-binance\/#4_Navigate_to_the_Relevant_Screen_to_Buy\" >4. P\u0101rejiet uz attiec\u012bgo ekr\u0101nu, lai ieg\u0101d\u0101tos<\/a><\/li><\/ul><\/li><\/ul><\/nav><\/div>\n<h2><span class=\"ez-toc-section\" id=\"How_to_Buy_Ethereum_on_Binance\"><\/span><span style=\"font-weight: 400;\">K\u0101 ieg\u0101d\u0101ties Ethereum par Binance<\/span><span class=\"ez-toc-section-end\"><\/span><\/h2>\n<p><span style=\"font-weight: 400;\"><a href=\"https:\/\/coinkickoff.com\/lv\/binance-review\/\" data-internallinksmanager029f6b8e52c=\"152\" title=\"Binance Atsauksmes 2024: Funkcijas, nodevas, dro\u0161\u012bba, plusi un m\u012bnusi\">Binance<\/a> ir pasaul\u0113 liel\u0101kais <a href=\"https:\/\/coinkickoff.com\/lv\/crypto-exchanges\/\" data-internallinksmanager029f6b8e52c=\"141\" title=\"21 Lab\u0101k\u0101s kriptoval\u016btas mai\u0146as un lietotnes 2024. gad\u0101\">kriptoval\u016btas apmai\u0146a<\/a> p\u0113c tirdzniec\u012bbas apjoma, un to izmanto miljoniem cilv\u0113ku vis\u0101 pasaul\u0113, lai ieg\u0101d\u0101tos popul\u0101rus kriptonauda akt\u012bvus, piem\u0113ram. <a href=\"https:\/\/coinkickoff.com\/lv\/bitcoin-btc\/\" data-internallinksmanager029f6b8e52c=\"1\" title=\"Kas ir Bitcoin (BTC)? Cena, v\u0113sture un kur nopirkt\">Bitcoin<\/a> un <a href=\"https:\/\/coinkickoff.com\/lv\/ethereum-eth\/\" data-internallinksmanager029f6b8e52c=\"2\" title=\"Kas ir Ethereum (ETH)? Cena, v\u0113sture un kur nopirkt\">Ethereum<\/a>.<\/span><\/p>\n<p><span style=\"font-weight: 400;\">\u0160aj\u0101 rokasgr\u0101mat\u0101 m\u0113s izskaidrosim, k\u0101 nopirkt Ethereum par Binance, izmantojot soli pa solim.<\/span><\/p>\n<p><span style=\"font-weight: 400;\">Ja esat ASV dz\u012bvojo\u0161s lietot\u0101js, l\u016bdzu, skatiet m\u016bsu ce\u013cvedi par to, k\u0101 ieg\u0101d\u0101ties Ethereum par Binance ASV.<\/span><\/p>\n<h2><span class=\"ez-toc-section\" id=\"A_Step-By-Step_Guide_on_How_to_Buy_Ethereum_on_Binance\"><\/span><span style=\"font-weight: 400;\">Soli pa solim ce\u013cvedis par to, k\u0101 nopirkt Ethereum par Binance<\/span><span class=\"ez-toc-section-end\"><\/span><\/h2>\n<h3><span class=\"ez-toc-section\" id=\"1_Register_an_Account_on_Binance\"><\/span><span style=\"font-weight: 400;\">1. Re\u0123istr\u0113t kontu Binance<\/span><span class=\"ez-toc-section-end\"><\/span><\/h3>\n<h2><img loading=\"lazy\" decoding=\"async\" class=\"alignnone wp-image-3245 size-full\" style=\"font-size: 18px; font-family: Muli, sans-serif;\" src=\"https:\/\/coinkickoff.com\/wp-content\/uploads\/binance-register.png\" alt=\"nopirkt doge par binance re\u0123istr\u0101\" width=\"1430\" height=\"798\" srcset=\"https:\/\/coinkickoff.com\/wp-content\/uploads\/binance-register.png 1430w, https:\/\/coinkickoff.com\/wp-content\/uploads\/binance-register-300x167.png 300w, https:\/\/coinkickoff.com\/wp-content\/uploads\/binance-register-1024x571.png 1024w, https:\/\/coinkickoff.com\/wp-content\/uploads\/binance-register-768x429.png 768w, https:\/\/coinkickoff.com\/wp-content\/uploads\/binance-register-18x10.png 18w\" sizes=\"auto, (max-width: 1430px) 100vw, 1430px\" \/><\/h2>\n<p><span style=\"font-weight: 400;\">Ja jums nav Binance konta, dodieties uz adresi <\/span><a href=\"https:\/\/accounts.binance.com\/register?ref=BLJQ60RW\" target=\"_blank\" rel=\"noopener\"><span style=\"font-weight: 400;\">Binance ofici\u0101l\u0101 t\u012bmek\u013ca vietne<\/span><\/a><span style=\"font-weight: 400;\"> un re\u0123istr\u0113jieties. Varat re\u0123istr\u0113ties, izmantojot t\u0101lru\u0146a numuru vai e-pasta adresi. Sav\u0101 zi\u0146ojumu kast\u012bt\u0113 sa\u0146emsiet konta apstiprin\u0101juma kodu. Piesakieties Binance, izmantojot \u0161o kodu.\u00a0<\/span><\/p>\n<h3><span class=\"ez-toc-section\" id=\"2_Verify_Your_Account\"><\/span><span style=\"font-weight: 400;\">2. P\u0101rbaudiet savu kontu<\/span><span class=\"ez-toc-section-end\"><\/span><\/h3>\n<p><img loading=\"lazy\" decoding=\"async\" class=\"alignnone wp-image-3247 size-full\" src=\"https:\/\/coinkickoff.com\/wp-content\/uploads\/binance-verification-0-e1686527478138.png\" alt=\"binance p\u0101rbaude \" width=\"1438\" height=\"730\" srcset=\"https:\/\/coinkickoff.com\/wp-content\/uploads\/binance-verification-0-e1686527478138.png 1438w, https:\/\/coinkickoff.com\/wp-content\/uploads\/binance-verification-0-e1686527478138-300x152.png 300w, https:\/\/coinkickoff.com\/wp-content\/uploads\/binance-verification-0-e1686527478138-1024x520.png 1024w, https:\/\/coinkickoff.com\/wp-content\/uploads\/binance-verification-0-e1686527478138-768x390.png 768w, https:\/\/coinkickoff.com\/wp-content\/uploads\/binance-verification-0-e1686527478138-18x9.png 18w\" sizes=\"auto, (max-width: 1438px) 100vw, 1438px\" \/><\/p>\n<p><span style=\"font-weight: 400;\">Lapas aug\u0161\u0113j\u0101 labaj\u0101 st\u016br\u012b (tie\u0161i blakus cilnei \"Pas\u016bt\u012bjumi\") ir j\u016bsu profila ikona. Noklik\u0161\u0137iniet uz t\u0101s, lai atv\u0113rtu verifik\u0101cijas lapu. Noklik\u0161\u0137iniet uz \"Get Verified.\"<\/span><\/p>\n<p><img loading=\"lazy\" decoding=\"async\" class=\"alignnone wp-image-3246 size-full\" src=\"https:\/\/coinkickoff.com\/wp-content\/uploads\/binance-verification.png\" alt=\"binance p\u0101rbaude\" width=\"1239\" height=\"752\" srcset=\"https:\/\/coinkickoff.com\/wp-content\/uploads\/binance-verification.png 1239w, https:\/\/coinkickoff.com\/wp-content\/uploads\/binance-verification-300x182.png 300w, https:\/\/coinkickoff.com\/wp-content\/uploads\/binance-verification-1024x622.png 1024w, https:\/\/coinkickoff.com\/wp-content\/uploads\/binance-verification-768x466.png 768w, https:\/\/coinkickoff.com\/wp-content\/uploads\/binance-verification-18x12.png 18w\" sizes=\"auto, (max-width: 1239px) 100vw, 1239px\" \/><\/p>\n<p><span style=\"font-weight: 400;\">Izv\u0113lieties savu dz\u012bvesvietas valsti vai re\u0123ionu no saraksta lapas aug\u0161pus\u0113. Kad esat izv\u0113l\u0113jies savu re\u0123ionu vai valsti, varat skat\u012bt verifik\u0101cijas pras\u012bbas. Lai s\u0101ktu, noklik\u0161\u0137iniet uz \"Verify\" (Verific\u0113t).<\/span><\/p>\n<p><img loading=\"lazy\" decoding=\"async\" class=\"alignnone wp-image-3248 size-full\" src=\"https:\/\/coinkickoff.com\/wp-content\/uploads\/binance-verification-2.png\" alt=\"k\u0101 nopirkt Ethereum par Binance\" width=\"563\" height=\"686\" srcset=\"https:\/\/coinkickoff.com\/wp-content\/uploads\/binance-verification-2.png 563w, https:\/\/coinkickoff.com\/wp-content\/uploads\/binance-verification-2-246x300.png 246w, https:\/\/coinkickoff.com\/wp-content\/uploads\/binance-verification-2-10x12.png 10w\" sizes=\"auto, (max-width: 563px) 100vw, 563px\" \/><\/p>\n<p><span style=\"font-weight: 400;\">Ievadiet nepiecie\u0161amo inform\u0101ciju un noklik\u0161\u0137iniet uz \"Turpin\u0101t\". Jums tiks l\u016bgts aug\u0161upiel\u0101d\u0113t personu apliecino\u0161u fotoatt\u0113lu, lai apstiprin\u0101tu savu inform\u0101ciju. Svar\u012bgi ir p\u0101rliecin\u0101ties, ka j\u016bsu v\u0101rds un dzim\u0161anas datums sakr\u012bt ar personu apliecino\u0161o dokumentu, ko iesniedzat platform\u0101.<\/span><\/p>\n<h3><span class=\"ez-toc-section\" id=\"3_Deposit_FundsCrypto\"><\/span><span style=\"font-weight: 400;\">3. Noguld\u012bjumu fondi \/ kriptogr\u0101fija<\/span><span class=\"ez-toc-section-end\"><\/span><\/h3>\n<p><img loading=\"lazy\" decoding=\"async\" class=\"alignnone wp-image-3254 size-full\" style=\"font-family: 'Helvetica Neue', Helvetica, Arial, sans-serif; font-size: 20px;\" src=\"https:\/\/coinkickoff.com\/wp-content\/uploads\/binance-deposit-2.png\" alt=\"\" width=\"926\" height=\"796\" srcset=\"https:\/\/coinkickoff.com\/wp-content\/uploads\/binance-deposit-2.png 926w, https:\/\/coinkickoff.com\/wp-content\/uploads\/binance-deposit-2-300x258.png 300w, https:\/\/coinkickoff.com\/wp-content\/uploads\/binance-deposit-2-768x660.png 768w, https:\/\/coinkickoff.com\/wp-content\/uploads\/binance-deposit-2-14x12.png 14w\" sizes=\"auto, (max-width: 926px) 100vw, 926px\" \/><\/p>\n<h3><span class=\"ez-toc-section\" id=\"Click_on_%E2%80%9CDeposit%E2%80%9D_to_see_all_the_deposit_options_The_three_options_are_depositing_crypto_depositing_fiat_currencies_and_adding_credit_cards_or_other_payment_methods\"><\/span><span style=\"font-weight: 400;\">Noklik\u0161\u0137iniet uz \"Depoz\u012bts\", lai redz\u0113tu visas depoz\u012bta iesp\u0113jas. Tr\u012bs iesp\u0113jas ir \u0161\u0101das: iemaks\u0101t kriptoval\u016btu, iemaks\u0101t fiat val\u016btas un pievienot kred\u012btkartes vai citas maks\u0101jumu metodes.<\/span><span class=\"ez-toc-section-end\"><\/span><\/h3>\n<p><span style=\"font-weight: 400;\">Ja jums pieder kriptonauda un v\u0113laties to apmain\u012bt pret ETH, varat noklik\u0161\u0137in\u0101t uz \"Depon\u0113t kriptonaudu\", lai sa\u0146emtu depoz\u012bta adresi.\u00a0<\/span><\/p>\n<p><span style=\"font-weight: 400;\">Ta\u010du liel\u0101kajai da\u013cai ies\u0101c\u0113ju \u0161\u0101das iesp\u0113jas nav, un vi\u0146iem ir vai nu j\u0101pievieno maks\u0101jumu metode, vai ar\u012b j\u0101veic fiat iemaksa ar bankas p\u0101rskait\u012bjumu.<\/span><\/p>\n<p><span style=\"font-weight: 400;\">Noklik\u0161\u0137iniet uz \"Fiat depoz\u012bts\". N\u0101kamaj\u0101 lap\u0101 izv\u0113lieties val\u016btu, kuru v\u0113laties noguld\u012bt. Binance pie\u0146em daudzas viet\u0113j\u0101s val\u016btas, t\u0101p\u0113c jums neb\u016bs probl\u0113mu atrast piem\u0113rotu iesp\u0113ju.<\/span><\/p>\n<h3><img loading=\"lazy\" decoding=\"async\" class=\"alignnone wp-image-3256 size-full\" style=\"font-size: 18px; font-family: Muli, sans-serif;\" src=\"https:\/\/coinkickoff.com\/wp-content\/uploads\/binance-fiat-deposit-3.png\" alt=\"\" width=\"1052\" height=\"778\" srcset=\"https:\/\/coinkickoff.com\/wp-content\/uploads\/binance-fiat-deposit-3.png 1052w, https:\/\/coinkickoff.com\/wp-content\/uploads\/binance-fiat-deposit-3-300x222.png 300w, https:\/\/coinkickoff.com\/wp-content\/uploads\/binance-fiat-deposit-3-1024x757.png 1024w, https:\/\/coinkickoff.com\/wp-content\/uploads\/binance-fiat-deposit-3-768x568.png 768w, https:\/\/coinkickoff.com\/wp-content\/uploads\/binance-fiat-deposit-3-16x12.png 16w\" sizes=\"auto, (max-width: 1052px) 100vw, 1052px\" \/><\/h3>\n<p><span style=\"font-weight: 400;\">Binance pied\u0101v\u0101 da\u017e\u0101dus veidus, k\u0101 veikt iemaksu, un parasti ir da\u017eas ieteicam\u0101s metodes. Pie katras iesp\u0113jas varat skat\u012bt inform\u0101ciju par maksu.<\/span><\/p>\n<p><span style=\"font-weight: 400;\">K\u0101 redzat, varat veikt SEPA vai internetbankas p\u0101rskait\u012bjumus vai pievienot bankas karti, lai platform\u0101 ieg\u0101d\u0101tos kriptoval\u016btu.<\/span><\/p>\n<p><span style=\"font-weight: 400;\">Ja izv\u0113laties \"Citas metodes\", varat izveidot savienojumu ar tre\u0161o pu\u0161u programm\u0101m, piem\u0113ram, Banxa vai Simplex. Binance atbalsta ar\u012b Google Pay un Apple Pay pirkumus.<\/span><\/p>\n<p><span style=\"font-weight: 400;\">\u00a0Izv\u0113lieties v\u0113lamo iemaksas metodi un noklik\u0161\u0137iniet uz \"Turpin\u0101t\". J\u016bs varat tikt novirz\u012bts uz savu bankas kontu vai internetbankas pakalpojumu sniedz\u0113ju. Lai pabeigtu iemaksu, sekojiet ekr\u0101n\u0101 redzamajiem nor\u0101d\u012bjumiem.<\/span><\/p>\n<h3><span class=\"ez-toc-section\" id=\"4_Navigate_to_the_Relevant_Screen_to_Buy\"><\/span><span style=\"font-weight: 400;\">4. P\u0101rejiet uz attiec\u012bgo ekr\u0101nu, lai ieg\u0101d\u0101tos<\/span><span class=\"ez-toc-section-end\"><\/span><\/h3>\n<p><span style=\"font-weight: 400;\">Kad esat pievienojis maks\u0101juma metodi vai iemaks\u0101jis naudu, j\u016bs varat ieg\u0101d\u0101ties Ethereum. Galvenaj\u0101 ekr\u0101n\u0101 noklik\u0161\u0137iniet uz pogas \"Pirkt kriptonauda\".<\/span><\/p>\n<p><span style=\"font-weight: 400;\">Lapu \"Pirkt kriptonauda\" ir \u013coti viegli p\u0101rvietoties: Slej\u0101 \"Izt\u0113r\u0113t\" izv\u0113lieties val\u016btu, kuru v\u0113laties izt\u0113r\u0113t, un ievadiet summu.<\/span><\/p>\n<p><img loading=\"lazy\" decoding=\"async\" class=\"alignnone wp-image-3249 size-full\" src=\"https:\/\/coinkickoff.com\/wp-content\/uploads\/binance-buy-sell-crypto.png\" alt=\"\" width=\"1056\" height=\"642\" srcset=\"https:\/\/coinkickoff.com\/wp-content\/uploads\/binance-buy-sell-crypto.png 1056w, https:\/\/coinkickoff.com\/wp-content\/uploads\/binance-buy-sell-crypto-300x182.png 300w, https:\/\/coinkickoff.com\/wp-content\/uploads\/binance-buy-sell-crypto-1024x623.png 1024w, https:\/\/coinkickoff.com\/wp-content\/uploads\/binance-buy-sell-crypto-768x467.png 768w, https:\/\/coinkickoff.com\/wp-content\/uploads\/binance-buy-sell-crypto-18x12.png 18w\" sizes=\"auto, (max-width: 1056px) 100vw, 1056px\" \/><\/p>\n<p><span style=\"font-weight: 400;\">Iestatiet sa\u0146em\u0161anas slej\u0101 ETH. \u0160eit redz\u0113siet, cik daudz \u0113teru sa\u0146emsiet par savu naudu.<\/span><\/p>\n<p><img loading=\"lazy\" decoding=\"async\" class=\"alignnone wp-image-3250 size-full\" src=\"https:\/\/coinkickoff.com\/wp-content\/uploads\/binance-buy-sell-crypto-2.png\" alt=\"\" width=\"1079\" height=\"634\" srcset=\"https:\/\/coinkickoff.com\/wp-content\/uploads\/binance-buy-sell-crypto-2.png 1079w, https:\/\/coinkickoff.com\/wp-content\/uploads\/binance-buy-sell-crypto-2-300x176.png 300w, https:\/\/coinkickoff.com\/wp-content\/uploads\/binance-buy-sell-crypto-2-1024x602.png 1024w, https:\/\/coinkickoff.com\/wp-content\/uploads\/binance-buy-sell-crypto-2-768x451.png 768w, https:\/\/coinkickoff.com\/wp-content\/uploads\/binance-buy-sell-crypto-2-18x12.png 18w\" sizes=\"auto, (max-width: 1079px) 100vw, 1079px\" \/><\/p>\n<p><span style=\"font-weight: 400;\">Tagad dodieties uz priek\u0161u un noklik\u0161\u0137iniet uz \"Pirkt ETH\". N\u0101kamaj\u0101 lap\u0101 varat izv\u0113l\u0113ties maks\u0101juma metodi un apskat\u012bt pas\u016bt\u012bjuma inform\u0101ciju, tostarp visas piem\u0113rojam\u0101s maksas.<\/span><\/p>\n<p><img loading=\"lazy\" decoding=\"async\" class=\"alignnone wp-image-3252 size-full\" src=\"https:\/\/coinkickoff.com\/wp-content\/uploads\/binance-crypto-buy-sell-5.png\" alt=\"K\u0101 ieg\u0101d\u0101ties Bitcoin par Binance\" width=\"1047\" height=\"640\" srcset=\"https:\/\/coinkickoff.com\/wp-content\/uploads\/binance-crypto-buy-sell-5.png 1047w, https:\/\/coinkickoff.com\/wp-content\/uploads\/binance-crypto-buy-sell-5-300x183.png 300w, https:\/\/coinkickoff.com\/wp-content\/uploads\/binance-crypto-buy-sell-5-1024x626.png 1024w, https:\/\/coinkickoff.com\/wp-content\/uploads\/binance-crypto-buy-sell-5-768x469.png 768w, https:\/\/coinkickoff.com\/wp-content\/uploads\/binance-crypto-buy-sell-5-18x12.png 18w\" sizes=\"auto, (max-width: 1047px) 100vw, 1047px\" \/><\/p>\n<p><span style=\"font-weight: 400;\">Tas ir viss! Cerams, ka m\u0113s pal\u012bdz\u0113j\u0101m jums uzzin\u0101t, k\u0101 ieg\u0101d\u0101ties Ethereum par Binance. J\u016bs varat ar\u012b apskat\u012bt m\u016bsu ce\u013cve\u017eus par <a href=\"https:\/\/coinkickoff.com\/lv\/how-to-buy-ethereum\/\">k\u0101 nopirkt Ethereum<\/a> cit\u0101s bir\u017e\u0101s.<\/span><\/p>","protected":false},"excerpt":{"rendered":"<p>K\u0101 nopirkt Ethereum par Binance Binance ir pasaul\u0113 liel\u0101k\u0101 kriptoval\u016btu bir\u017ea p\u0113c tirdzniec\u012bbas apjoma, un miljoniem cilv\u0113ku vis\u0101 pasaul\u0113 to izmanto, lai ieg\u0101d\u0101tos popul\u0101rus kriptonauda akt\u012bvus, piem\u0113ram, Bitcoin un Ethereum. \u0160aj\u0101 rokasgr\u0101mat\u0101 m\u0113s izskaidrosim, k\u0101 nopirkt Ethereum Binance, sniedzot soli pa solim detaliz\u0113tus nor\u0101d\u012bjumus. Ja esat ASV dz\u012bvojo\u0161s lietot\u0101js, l\u016bdzu, [...]<\/p>","protected":false},"author":3,"featured_media":0,"parent":3937,"menu_order":0,"comment_status":"closed","ping_status":"closed","template":"","meta":{"_genesis_hide_title":false,"_genesis_hide_breadcrumbs":false,"_genesis_hide_singular_image":false,"_genesis_hide_footer_widgets":false,"_genesis_custom_body_class":"","_genesis_custom_post_class":"","_genesis_layout":"","_glsr_average":0,"_glsr_ranking":0,"_glsr_reviews":0,"footnotes":""},"class_list":{"0":"post-3951","1":"page","2":"type-page","3":"status-publish","5":"entry"},"featured_image_src":null,"featured_image_src_square":null,"_links":{"self":[{"href":"https:\/\/coinkickoff.com\/lv\/wp-json\/wp\/v2\/pages\/3951","targetHints":{"allow":["GET"]}}],"collection":[{"href":"https:\/\/coinkickoff.com\/lv\/wp-json\/wp\/v2\/pages"}],"about":[{"href":"https:\/\/coinkickoff.com\/lv\/wp-json\/wp\/v2\/types\/page"}],"author":[{"embeddable":true,"href":"https:\/\/coinkickoff.com\/lv\/wp-json\/wp\/v2\/users\/3"}],"replies":[{"embeddable":true,"href":"https:\/\/coinkickoff.com\/lv\/wp-json\/wp\/v2\/comments?post=3951"}],"version-history":[{"count":1,"href":"https:\/\/coinkickoff.com\/lv\/wp-json\/wp\/v2\/pages\/3951\/revisions"}],"predecessor-version":[{"id":3953,"href":"https:\/\/coinkickoff.com\/lv\/wp-json\/wp\/v2\/pages\/3951\/revisions\/3953"}],"up":[{"embeddable":true,"href":"https:\/\/coinkickoff.com\/lv\/wp-json\/wp\/v2\/pages\/3937"}],"wp:attachment":[{"href":"https:\/\/coinkickoff.com\/lv\/wp-json\/wp\/v2\/media?parent=3951"}],"curies":[{"name":"wp","href":"https:\/\/api.w.org\/{rel}","templated":true}]}}