{"id":3932,"date":"2026-01-08T14:07:49","date_gmt":"2026-01-08T14:07:49","guid":{"rendered":"https:\/\/coinkickoff.com\/?page_id=3932"},"modified":"2026-01-08T14:07:49","modified_gmt":"2026-01-08T14:07:49","slug":"how-to-buy-bitcoin-on-poloniex","status":"publish","type":"page","link":"https:\/\/coinkickoff.com\/lv\/how-to-buy-bitcoin\/how-to-buy-bitcoin-on-poloniex\/","title":{"rendered":"K\u0101 nopirkt Bitcoin Poloniex"},"content":{"rendered":"<div id=\"ez-toc-container\" class=\"ez-toc-v2_0_80 counter-hierarchy ez-toc-counter ez-toc-transparent ez-toc-container-direction\">\n<div class=\"ez-toc-title-container\">\n<p class=\"ez-toc-title\" style=\"cursor:inherit\">Sada\u013cas<\/p>\n<span class=\"ez-toc-title-toggle\"><a href=\"#\" class=\"ez-toc-pull-right ez-toc-btn ez-toc-btn-xs ez-toc-btn-default ez-toc-toggle\" aria-label=\"P\u0101rsl\u0113gt satura tabulu\"><span class=\"ez-toc-js-icon-con\"><span class=\"\"><span class=\"eztoc-hide\" style=\"display:none;\">P\u0101rsl\u0113gt<\/span><span class=\"ez-toc-icon-toggle-span\"><svg style=\"fill: #999;color:#999\" xmlns=\"http:\/\/www.w3.org\/2000\/svg\" class=\"list-377408\" width=\"20px\" height=\"20px\" viewbox=\"0 0 24 24\" fill=\"none\"><path d=\"M6 6H4v2h2V6zm14 0H8v2h12V6zM4 11h2v2H4v-2zm16 0H8v2h12v-2zM4 16h2v2H4v-2zm16 0H8v2h12v-2z\" fill=\"currentColor\"><\/path><\/svg><svg style=\"fill: #999;color:#999\" class=\"arrow-unsorted-368013\" xmlns=\"http:\/\/www.w3.org\/2000\/svg\" width=\"10px\" height=\"10px\" viewbox=\"0 0 24 24\" version=\"1.2\" baseprofile=\"tiny\"><path d=\"M18.2 9.3l-6.2-6.3-6.2 6.3c-.2.2-.3.4-.3.7s.1.5.3.7c.2.2.4.3.7.3h11c.3 0 .5-.1.7-.3.2-.2.3-.5.3-.7s-.1-.5-.3-.7zM5.8 14.7l6.2 6.3 6.2-6.3c.2-.2.3-.5.3-.7s-.1-.5-.3-.7c-.2-.2-.4-.3-.7-.3h-11c-.3 0-.5.1-.7.3-.2.2-.3.5-.3.7s.1.5.3.7z\"\/><\/svg><\/span><\/span><\/span><\/a><\/span><\/div>\n<nav><ul class='ez-toc-list ez-toc-list-level-1 eztoc-toggle-hide-by-default' ><li class='ez-toc-page-1 ez-toc-heading-level-1'><a class=\"ez-toc-link ez-toc-heading-1\" href=\"https:\/\/coinkickoff.com\/lv\/how-to-buy-bitcoin\/how-to-buy-bitcoin-on-poloniex\/#How_to_Buy_Bitcoin_on_Poloniex\" >K\u0101 nopirkt Bitcoin Poloniex<\/a><ul class='ez-toc-list-level-2' ><li class='ez-toc-heading-level-2'><a class=\"ez-toc-link ez-toc-heading-2\" href=\"https:\/\/coinkickoff.com\/lv\/how-to-buy-bitcoin\/how-to-buy-bitcoin-on-poloniex\/#A_Step-By-Step_Guide_on_How_to_Buy_Bitcoin_on_Poloniex\" >Soli pa solim, k\u0101 nopirkt Bitcoin Poloniex vietn\u0113<\/a><ul class='ez-toc-list-level-3' ><li class='ez-toc-heading-level-3'><a class=\"ez-toc-link ez-toc-heading-3\" href=\"https:\/\/coinkickoff.com\/lv\/how-to-buy-bitcoin\/how-to-buy-bitcoin-on-poloniex\/#1_Register_an_Account\" >1. Re\u0123istr\u0113t kontu<\/a><\/li><li class='ez-toc-page-1 ez-toc-heading-level-3'><a class=\"ez-toc-link ez-toc-heading-4\" href=\"https:\/\/coinkickoff.com\/lv\/how-to-buy-bitcoin\/how-to-buy-bitcoin-on-poloniex\/#2_Verify_Your_Account\" >2. P\u0101rbaudiet savu kontu<\/a><\/li><li class='ez-toc-page-1 ez-toc-heading-level-3'><a class=\"ez-toc-link ez-toc-heading-5\" href=\"https:\/\/coinkickoff.com\/lv\/how-to-buy-bitcoin\/how-to-buy-bitcoin-on-poloniex\/#3_Buy_Crypto\" >3. Nopirkt kriptogr\u0101fiju<\/a><\/li><li class='ez-toc-page-1 ez-toc-heading-level-3'><a class=\"ez-toc-link ez-toc-heading-6\" href=\"https:\/\/coinkickoff.com\/lv\/how-to-buy-bitcoin\/how-to-buy-bitcoin-on-poloniex\/#Now_you_know_how_to_Bitcoin_on_Poloniex_Your_Bitcoin_will_show_up_in_your_wallet_as_soon_as_your_order_is_processed\" >Tagad j\u016bs zin\u0101t, k\u0101 Bitcoin par Poloniex! J\u016bsu Bitcoin par\u0101d\u012bsies j\u016bsu mak\u0101, tikl\u012bdz j\u016bsu pas\u016bt\u012bjums tiks apstr\u0101d\u0101ts. \u00a0\u00a0<\/a><\/li><\/ul><\/li><\/ul><\/li><\/ul><\/nav><\/div>\n<h1><span class=\"ez-toc-section\" id=\"How_to_Buy_Bitcoin_on_Poloniex\"><\/span><span style=\"font-weight: 400;\">K\u0101 nopirkt Bitcoin Poloniex<\/span><span class=\"ez-toc-section-end\"><\/span><\/h1>\n<p><img loading=\"lazy\" decoding=\"async\" class=\"alignnone wp-image-52 size-full\" src=\"https:\/\/coinkickoff.com\/wp-content\/uploads\/2022\/05\/bitcoin-btc.jpg\" alt=\"K\u0101 nopirkt Bitcoin Poloniex\" width=\"1000\" height=\"667\" srcset=\"https:\/\/coinkickoff.com\/wp-content\/uploads\/2022\/05\/bitcoin-btc.jpg 1000w, https:\/\/coinkickoff.com\/wp-content\/uploads\/2022\/05\/bitcoin-btc-300x200.jpg 300w, https:\/\/coinkickoff.com\/wp-content\/uploads\/2022\/05\/bitcoin-btc-768x512.jpg 768w, https:\/\/coinkickoff.com\/wp-content\/uploads\/2022\/05\/bitcoin-btc-600x400.jpg 600w\" sizes=\"auto, (max-width: 1000px) 100vw, 1000px\" \/><\/p>\n<p><span style=\"font-weight: 400;\"><a href=\"https:\/\/coinkickoff.com\/lv\/poloniex-review\/\">Poloniex<\/a> ir diezgan pretrun\u012bga apmai\u0146a, jo lietot\u0101ji bie\u017ei s\u016bdzas par to. <a href=\"https:\/\/cointelegraph.com\/news\/mysterious-poloniex-downtime-prompts-community-frustration\" target=\"_blank\" rel=\"noopener\">nevar iz\u0146emt savus l\u012bdzek\u013cus.<\/a> no platformas. T\u0101 ir paz\u012bstama ar to, ka taj\u0101 ir daudz kr\u0101pniecisku coins. Kopum\u0101 t\u0101 ir reput\u0101cija k\u0101 pl\u0113s\u012bgs apmai\u0146a, lai gan da\u017ei var dot priek\u0161roku to sakar\u0101 ar sal\u012bdzino\u0161i lielu tirdzniec\u012bbas apjomu t\u0101 zi\u0146o.\u00a0<\/span><\/p>\n<p><span style=\"font-weight: 400;\">\u0160aj\u0101 rakst\u0101 m\u0113s skaidrojam, k\u0101 ieg\u0101d\u0101ties <a href=\"https:\/\/coinkickoff.com\/lv\/bitcoin-btc\/\">Bitcoin<\/a> vietn\u0113 <a href=\"https:\/\/coinkickoff.com\/lv\/poloniex-review\/\" data-internallinksmanager029f6b8e52c=\"164\" title=\"Poloniex Atsauksmes 2023: Maks\u0101jumi, funkcijas, dro\u0161\u012bba, plusi un m\u012bnusi\">Poloniex<\/a>.<\/span><\/p>\n<h2><span class=\"ez-toc-section\" id=\"A_Step-By-Step_Guide_on_How_to_Buy_Bitcoin_on_Poloniex\"><\/span><span style=\"font-weight: 400;\">Soli pa solim, k\u0101 nopirkt Bitcoin Poloniex vietn\u0113<\/span><span class=\"ez-toc-section-end\"><\/span><\/h2>\n<h3><span class=\"ez-toc-section\" id=\"1_Register_an_Account\"><\/span><span style=\"font-weight: 400;\">1. Re\u0123istr\u0113t kontu<\/span><span class=\"ez-toc-section-end\"><\/span><\/h3>\n<p><span style=\"font-weight: 400;\">Dodieties uz ofici\u0101lo Poloniex vietni un re\u0123istr\u0113jieties.<\/span><\/p>\n<p><img loading=\"lazy\" decoding=\"async\" class=\"alignnone wp-image-3397 size-full\" src=\"https:\/\/coinkickoff.com\/wp-content\/uploads\/poloniex-sign-up.png\" alt=\"poloniex re\u0123istr\u0113ties\" width=\"1436\" height=\"653\" srcset=\"https:\/\/coinkickoff.com\/wp-content\/uploads\/poloniex-sign-up.png 1436w, https:\/\/coinkickoff.com\/wp-content\/uploads\/poloniex-sign-up-300x136.png 300w, https:\/\/coinkickoff.com\/wp-content\/uploads\/poloniex-sign-up-1024x466.png 1024w, https:\/\/coinkickoff.com\/wp-content\/uploads\/poloniex-sign-up-768x349.png 768w, https:\/\/coinkickoff.com\/wp-content\/uploads\/poloniex-sign-up-18x8.png 18w\" sizes=\"auto, (max-width: 1436px) 100vw, 1436px\" \/><\/p>\n<p><span style=\"font-weight: 400;\">P\u0113c konta izveido\u0161anas e-past\u0101 sa\u0146emsiet aktiviz\u0101cijas kodu. \u0160o kodu varat izmantot, lai pierakst\u012btos.<\/span><\/p>\n<h3><span class=\"ez-toc-section\" id=\"2_Verify_Your_Account\"><\/span><span style=\"font-weight: 400;\">2. P\u0101rbaudiet savu kontu<\/span><span class=\"ez-toc-section-end\"><\/span><\/h3>\n<p><span style=\"font-weight: 400;\">Re\u0123istr\u0113joties Poloniex, jums b\u016bs 1. l\u012bmenis, kas verific\u0113ts Poloniex. J\u016bs varat pabeigt 2. l\u012bme\u0146a verifik\u0101ciju, lai palielin\u0101tu savus izmaksu un tirdzniec\u012bbas limitus.<\/span><\/p>\n<p><span style=\"font-weight: 400;\">Noklik\u0161\u0137iniet uz sava profila ikonas lapas aug\u0161\u0113j\u0101 labaj\u0101 st\u016br\u012b un dodieties uz savu \"Profilu\".<\/span><\/p>\n<p><span style=\"font-weight: 400;\">Noklik\u0161\u0137iniet uz \"S\u0101kt\", lai veiktu 2. l\u012bme\u0146a verifik\u0101ciju. <\/span><\/p>\n<p><img loading=\"lazy\" decoding=\"async\" class=\"alignnone wp-image-3398 size-full\" src=\"https:\/\/coinkickoff.com\/wp-content\/uploads\/poloniex-verification.png\" alt=\"poloniex verifik\u0101cija\" width=\"1437\" height=\"679\" srcset=\"https:\/\/coinkickoff.com\/wp-content\/uploads\/poloniex-verification.png 1437w, https:\/\/coinkickoff.com\/wp-content\/uploads\/poloniex-verification-300x142.png 300w, https:\/\/coinkickoff.com\/wp-content\/uploads\/poloniex-verification-1024x484.png 1024w, https:\/\/coinkickoff.com\/wp-content\/uploads\/poloniex-verification-768x363.png 768w, https:\/\/coinkickoff.com\/wp-content\/uploads\/poloniex-verification-18x9.png 18w\" sizes=\"auto, (max-width: 1437px) 100vw, 1437px\" \/><\/p>\n<p><span style=\"font-weight: 400;\">Aizpildiet inform\u0101cijas veidlapu un aug\u0161upiel\u0101d\u0113jiet ofici\u0101lu personu apliecino\u0161u dokumentu ar fotoatt\u0113lu, piem\u0113ram, pasi vai autovad\u012bt\u0101ja apliec\u012bbu.<\/span><\/p>\n<h3><span class=\"ez-toc-section\" id=\"3_Buy_Crypto\"><\/span><span style=\"font-weight: 400;\">3. Nopirkt kriptogr\u0101fiju<\/span><span class=\"ez-toc-section-end\"><\/span><\/h3>\n<p><span style=\"font-weight: 400;\">Poloniex \u013cauj ieg\u0101d\u0101ties kriptoval\u016btas ar vienu klik\u0161\u0137i, izmantojot tre\u0161o pu\u0161u maks\u0101jumu kan\u0101lus, piem\u0113ram, Simplex un Mercuryo. Vienk\u0101r\u0161i noklik\u0161\u0137iniet uz pogas \"Pirkt kriptoval\u016btu\".\u00a0<\/span><\/p>\n<p><span style=\"font-weight: 400;\">Viegl\u0101s pirk\u0161anas lap\u0101 izveidojiet BTC pas\u016bt\u012bjumu. Aizpildiet pas\u016bt\u012bjuma veidlapu, ievadot summu, ko v\u0113laties izt\u0113r\u0113t par <a href=\"https:\/\/coinkickoff.com\/lv\/bitcoin-btc\/\" data-internallinksmanager029f6b8e52c=\"1\" title=\"Kas ir Bitcoin (BTC)? Cena, v\u0113sture un kur nopirkt\">Bitcoin<\/a>. Parasti ir noteikts vismaz 20 USD ierobe\u017eojums.<\/span><\/p>\n<p><span style=\"font-weight: 400;\">Izv\u0113lieties vienu no pied\u0101v\u0101taj\u0101m maks\u0101jumu metod\u0113m. J\u016bsu pas\u016bt\u012bjuma inform\u0101cija, tostarp visas maksas, kas jums tiek iekas\u0113tas, tiks par\u0101d\u012btas lapas labaj\u0101 pus\u0113. Ja j\u016bsu pas\u016bt\u012bjums izskat\u0101s labi, noklik\u0161\u0137iniet uz \"Iesniegt\".\u00a0<\/span><\/p>\n<p><span style=\"font-weight: 400;\">J\u016bs tiksiet novirz\u012bts uz savu Simplex vai Mercuryo kontu, lai apstiprin\u0101tu pirkumu.<\/span><\/p>\n<p><img loading=\"lazy\" decoding=\"async\" class=\"alignnone wp-image-3399 size-full\" src=\"https:\/\/coinkickoff.com\/wp-content\/uploads\/poloniex-buy-crypto.png\" alt=\"\" width=\"1436\" height=\"793\" srcset=\"https:\/\/coinkickoff.com\/wp-content\/uploads\/poloniex-buy-crypto.png 1436w, https:\/\/coinkickoff.com\/wp-content\/uploads\/poloniex-buy-crypto-300x166.png 300w, https:\/\/coinkickoff.com\/wp-content\/uploads\/poloniex-buy-crypto-1024x565.png 1024w, https:\/\/coinkickoff.com\/wp-content\/uploads\/poloniex-buy-crypto-768x424.png 768w, https:\/\/coinkickoff.com\/wp-content\/uploads\/poloniex-buy-crypto-18x10.png 18w\" sizes=\"auto, (max-width: 1436px) 100vw, 1436px\" \/><\/p>\n<h3><span class=\"ez-toc-section\" id=\"Now_you_know_how_to_Bitcoin_on_Poloniex_Your_Bitcoin_will_show_up_in_your_wallet_as_soon_as_your_order_is_processed\"><\/span><span style=\"font-size: 18px; font-family: Muli, sans-serif;\"><span style=\"font-weight: 400;\">Tagad j\u016bs zin\u0101t, k\u0101 Bitcoin par Poloniex! J\u016bsu Bitcoin par\u0101d\u012bsies j\u016bsu mak\u0101, tikl\u012bdz j\u016bsu pas\u016bt\u012bjums tiks apstr\u0101d\u0101ts. <\/span>\u00a0<\/span><span style=\"font-size: 18px; font-family: Muli, sans-serif;\">\u00a0<\/span><span class=\"ez-toc-section-end\"><\/span><\/h3>\n<p>&nbsp;<\/p>","protected":false},"excerpt":{"rendered":"<p>K\u0101 nopirkt Bitcoin par Poloniex Poloniex ir diezgan pretrun\u012bgi bir\u017ea, jo lietot\u0101ji bie\u017ei s\u016bdzas par to, ka nevar iz\u0146emt savus l\u012bdzek\u013cus no platformas. T\u0101 ir paz\u012bstama ar to, ka taj\u0101 tiek izvietots daudz kr\u0101pniecisku coins. Kopum\u0101 tai ir pl\u0113s\u012bgas bir\u017eas reput\u0101cija, lai gan da\u017ei to var izv\u0113l\u0113ties, jo sal\u012bdzino\u0161i liels tirdzniec\u012bbas apjoms [...].<\/p>","protected":false},"author":3,"featured_media":0,"parent":3885,"menu_order":0,"comment_status":"closed","ping_status":"closed","template":"","meta":{"_genesis_hide_title":false,"_genesis_hide_breadcrumbs":false,"_genesis_hide_singular_image":false,"_genesis_hide_footer_widgets":false,"_genesis_custom_body_class":"","_genesis_custom_post_class":"","_genesis_layout":"","_glsr_average":0,"_glsr_ranking":0,"_glsr_reviews":0,"footnotes":""},"class_list":{"0":"post-3932","1":"page","2":"type-page","3":"status-publish","5":"entry"},"featured_image_src":null,"featured_image_src_square":null,"_links":{"self":[{"href":"https:\/\/coinkickoff.com\/lv\/wp-json\/wp\/v2\/pages\/3932","targetHints":{"allow":["GET"]}}],"collection":[{"href":"https:\/\/coinkickoff.com\/lv\/wp-json\/wp\/v2\/pages"}],"about":[{"href":"https:\/\/coinkickoff.com\/lv\/wp-json\/wp\/v2\/types\/page"}],"author":[{"embeddable":true,"href":"https:\/\/coinkickoff.com\/lv\/wp-json\/wp\/v2\/users\/3"}],"replies":[{"embeddable":true,"href":"https:\/\/coinkickoff.com\/lv\/wp-json\/wp\/v2\/comments?post=3932"}],"version-history":[{"count":2,"href":"https:\/\/coinkickoff.com\/lv\/wp-json\/wp\/v2\/pages\/3932\/revisions"}],"predecessor-version":[{"id":4120,"href":"https:\/\/coinkickoff.com\/lv\/wp-json\/wp\/v2\/pages\/3932\/revisions\/4120"}],"up":[{"embeddable":true,"href":"https:\/\/coinkickoff.com\/lv\/wp-json\/wp\/v2\/pages\/3885"}],"wp:attachment":[{"href":"https:\/\/coinkickoff.com\/lv\/wp-json\/wp\/v2\/media?parent=3932"}],"curies":[{"name":"wp","href":"https:\/\/api.w.org\/{rel}","templated":true}]}}