{"id":3899,"date":"2026-01-08T14:07:44","date_gmt":"2026-01-08T14:07:44","guid":{"rendered":"https:\/\/coinkickoff.com\/?page_id=3899"},"modified":"2026-01-08T14:07:44","modified_gmt":"2026-01-08T14:07:44","slug":"how-to-buy-bitcoin-on-coinbase","status":"publish","type":"page","link":"https:\/\/coinkickoff.com\/lv\/how-to-buy-bitcoin\/how-to-buy-bitcoin-on-coinbase\/","title":{"rendered":"K\u0101 ieg\u0101d\u0101ties Bitcoin par Coinbase"},"content":{"rendered":"<div id=\"ez-toc-container\" class=\"ez-toc-v2_0_80 counter-hierarchy ez-toc-counter ez-toc-transparent ez-toc-container-direction\">\n<div class=\"ez-toc-title-container\">\n<p class=\"ez-toc-title\" style=\"cursor:inherit\">Sada\u013cas<\/p>\n<span class=\"ez-toc-title-toggle\"><a href=\"#\" class=\"ez-toc-pull-right ez-toc-btn ez-toc-btn-xs ez-toc-btn-default ez-toc-toggle\" aria-label=\"P\u0101rsl\u0113gt satura tabulu\"><span class=\"ez-toc-js-icon-con\"><span class=\"\"><span class=\"eztoc-hide\" style=\"display:none;\">P\u0101rsl\u0113gt<\/span><span class=\"ez-toc-icon-toggle-span\"><svg style=\"fill: #999;color:#999\" xmlns=\"http:\/\/www.w3.org\/2000\/svg\" class=\"list-377408\" width=\"20px\" height=\"20px\" viewbox=\"0 0 24 24\" fill=\"none\"><path d=\"M6 6H4v2h2V6zm14 0H8v2h12V6zM4 11h2v2H4v-2zm16 0H8v2h12v-2zM4 16h2v2H4v-2zm16 0H8v2h12v-2z\" fill=\"currentColor\"><\/path><\/svg><svg style=\"fill: #999;color:#999\" class=\"arrow-unsorted-368013\" xmlns=\"http:\/\/www.w3.org\/2000\/svg\" width=\"10px\" height=\"10px\" viewbox=\"0 0 24 24\" version=\"1.2\" baseprofile=\"tiny\"><path d=\"M18.2 9.3l-6.2-6.3-6.2 6.3c-.2.2-.3.4-.3.7s.1.5.3.7c.2.2.4.3.7.3h11c.3 0 .5-.1.7-.3.2-.2.3-.5.3-.7s-.1-.5-.3-.7zM5.8 14.7l6.2 6.3 6.2-6.3c.2-.2.3-.5.3-.7s-.1-.5-.3-.7c-.2-.2-.4-.3-.7-.3h-11c-.3 0-.5.1-.7.3-.2.2-.3.5-.3.7s.1.5.3.7z\"\/><\/svg><\/span><\/span><\/span><\/a><\/span><\/div>\n<nav><ul class='ez-toc-list ez-toc-list-level-1 eztoc-toggle-hide-by-default' ><li class='ez-toc-page-1 ez-toc-heading-level-2'><a class=\"ez-toc-link ez-toc-heading-1\" href=\"https:\/\/coinkickoff.com\/lv\/how-to-buy-bitcoin\/how-to-buy-bitcoin-on-coinbase\/#How_to_Buy_Bitcoin_on_Coinbase\" >K\u0101 ieg\u0101d\u0101ties Bitcoin par Coinbase<\/a><\/li><li class='ez-toc-page-1 ez-toc-heading-level-2'><a class=\"ez-toc-link ez-toc-heading-2\" href=\"https:\/\/coinkickoff.com\/lv\/how-to-buy-bitcoin\/how-to-buy-bitcoin-on-coinbase\/#A_Step-By-Step_Guide_on_How_to_Buy_Bitcoin_on_Coinbase\" >Soli-pa-solim ce\u013cvedis par to, k\u0101 nopirkt Bitcoin par Coinbase<\/a><ul class='ez-toc-list-level-3' ><li class='ez-toc-heading-level-3'><a class=\"ez-toc-link ez-toc-heading-3\" href=\"https:\/\/coinkickoff.com\/lv\/how-to-buy-bitcoin\/how-to-buy-bitcoin-on-coinbase\/#1_Register_an_Account\" >1. Re\u0123istr\u0113t kontu<\/a><\/li><li class='ez-toc-page-1 ez-toc-heading-level-3'><a class=\"ez-toc-link ez-toc-heading-4\" href=\"https:\/\/coinkickoff.com\/lv\/how-to-buy-bitcoin\/how-to-buy-bitcoin-on-coinbase\/#2_Verify_Your_Account\" >2. P\u0101rbaudiet savu kontu<\/a><\/li><li class='ez-toc-page-1 ez-toc-heading-level-3'><a class=\"ez-toc-link ez-toc-heading-5\" href=\"https:\/\/coinkickoff.com\/lv\/how-to-buy-bitcoin\/how-to-buy-bitcoin-on-coinbase\/#3_Deposit_FundsCrypto\" >3. Noguld\u012bjumu fondi \/ kriptogr\u0101fija<\/a><\/li><li class='ez-toc-page-1 ez-toc-heading-level-3'><a class=\"ez-toc-link ez-toc-heading-6\" href=\"https:\/\/coinkickoff.com\/lv\/how-to-buy-bitcoin\/how-to-buy-bitcoin-on-coinbase\/#4_Navigate_to_the_Relevant_Screen_to_Buy\" >4. P\u0101rejiet uz attiec\u012bgo ekr\u0101nu, lai ieg\u0101d\u0101tos<\/a><\/li><\/ul><\/li><\/ul><\/nav><\/div>\n<h2><span class=\"ez-toc-section\" id=\"How_to_Buy_Bitcoin_on_Coinbase\"><\/span><span style=\"font-weight: 400;\">K\u0101 ieg\u0101d\u0101ties Bitcoin par Coinbase<\/span><span class=\"ez-toc-section-end\"><\/span><\/h2>\n<p><span style=\"font-weight: 400;\">Ja kaut nedaudz zin\u0101t par <a href=\"https:\/\/coinkickoff.com\/lv\/bitcoin-btc\/\" data-internallinksmanager029f6b8e52c=\"1\" title=\"Kas ir Bitcoin (BTC)? Cena, v\u0113sture un kur nopirkt\">Bitcoin<\/a>, iesp\u0113jams, jau esat dzird\u0113ju\u0161i par <a href=\"https:\/\/coinkickoff.com\/lv\/coinbase-review\/\" data-internallinksmanager029f6b8e52c=\"142\" title=\"Coinb\u0101ze Atsauksmes 2024: Funkcijas, nodevas, dro\u0161\u012bba, plusi un m\u012bnusi\">Coinbase<\/a>, viens no vado\u0161ajiem <a href=\"https:\/\/coinkickoff.com\/lv\/crypto-exchanges\/\" data-internallinksmanager029f6b8e52c=\"141\" title=\"21 Lab\u0101k\u0101s kriptoval\u016btas mai\u0146as un lietotnes 2024. gad\u0101\">kriptoval\u016btas bir\u017eas<\/a> pasaul\u0113.<\/span><\/p>\n<p><span style=\"font-weight: 400;\">Coinbase ir ASV b\u0101z\u0113ta digit\u0101l\u0101 bir\u017ea, kas paz\u012bstama ar savu lieto\u0161anas \u0113rtumu un atbilst\u012bbu to valstu likumiem un noteikumiem, kur\u0101s t\u0101 darbojas. Savva\u013cas un bie\u017ei neregul\u0113tu kriptoval\u016btu bir\u017eu j\u016br\u0101 t\u0101 joproj\u0101m ir stabilit\u0101tes b\u0101ka, t\u0101p\u0113c bie\u017ei tiek ieteikta ies\u0101c\u0113jiem tirgot\u0101jiem k\u0101 uzticama iesp\u0113ja.\u00a0<\/span><\/p>\n<p><span style=\"font-weight: 400;\">Ja v\u0113laties s\u0101kt savu kriptogr\u0101fisko ce\u013cojumu, lai ieg\u0101d\u0101tos k\u0101du BTC, <\/span><a href=\"https:\/\/coinkickoff.com\/lv\/coinbase-review\/\"><span style=\"font-weight: 400;\">Coinbase<\/span><\/a><span style=\"font-weight: 400;\"> ir lo\u0123iska izv\u0113le. \u0160aj\u0101 rokasgr\u0101mat\u0101 m\u0113s izskaidrosim, k\u0101 ieg\u0101d\u0101ties Bitcoin par Coinbase ar soli pa solim.<\/span><\/p>\n<h2><span class=\"ez-toc-section\" id=\"A_Step-By-Step_Guide_on_How_to_Buy_Bitcoin_on_Coinbase\"><\/span><span style=\"font-weight: 400;\">Soli-pa-solim ce\u013cvedis par to, k\u0101 nopirkt Bitcoin par Coinbase<\/span><span class=\"ez-toc-section-end\"><\/span><\/h2>\n<h3><span class=\"ez-toc-section\" id=\"1_Register_an_Account\"><\/span><span style=\"font-weight: 400;\">1. Re\u0123istr\u0113t kontu<\/span><span class=\"ez-toc-section-end\"><\/span><\/h3>\n<h2><img loading=\"lazy\" decoding=\"async\" class=\"alignnone wp-image-3527 size-large\" style=\"font-size: 18px; font-family: Muli, sans-serif;\" src=\"https:\/\/coinkickoff.com\/wp-content\/uploads\/Screen-Shot-2023-03-30-at-7.13.25-AM-e1686183370122-1024x538.png\" alt=\"\" width=\"1024\" height=\"538\" srcset=\"https:\/\/coinkickoff.com\/wp-content\/uploads\/Screen-Shot-2023-03-30-at-7.13.25-AM-e1686183370122-1024x538.png 1024w, https:\/\/coinkickoff.com\/wp-content\/uploads\/Screen-Shot-2023-03-30-at-7.13.25-AM-e1686183370122-300x158.png 300w, https:\/\/coinkickoff.com\/wp-content\/uploads\/Screen-Shot-2023-03-30-at-7.13.25-AM-e1686183370122-768x404.png 768w, https:\/\/coinkickoff.com\/wp-content\/uploads\/Screen-Shot-2023-03-30-at-7.13.25-AM-e1686183370122-18x9.png 18w, https:\/\/coinkickoff.com\/wp-content\/uploads\/Screen-Shot-2023-03-30-at-7.13.25-AM-e1686183370122.png 1277w\" sizes=\"auto, (max-width: 1024px) 100vw, 1024px\" \/><\/h2>\n<p><span style=\"font-weight: 400;\">Vispirms izmantojiet m\u016bsu saiti, lai dotos uz <\/span><a href=\"https:\/\/coinbase-consumer.sjv.io\/ORPoaG\" target=\"_blank\" rel=\"noopener\"><span style=\"font-weight: 400;\">Coinbase ofici\u0101l\u0101 t\u012bmek\u013ca vietne<\/span><\/a><span style=\"font-weight: 400;\"> un atveriet mai\u0146as kontu.<\/span><\/p>\n<p><span style=\"font-weight: 400;\">Jums j\u0101re\u0123istr\u0113jas ar savu ofici\u0101lo v\u0101rdu. T\u0101 k\u0101 Coinbase piem\u0113ro stingru KYC politiku, ir svar\u012bgi, lai j\u016bsu personas dati, pirmo reizi re\u0123istr\u0113joties, atbilstu j\u016bsu ID.<\/span><\/p>\n<p><span style=\"font-weight: 400;\">P\u0113c tam, kad esat aizpild\u012bjis veidlapu, noklik\u0161\u0137iniet uz \"Izveidot kontu\". Coinbase jums pa e-pastu nos\u016bt\u012bs verifik\u0101cijas saiti. Noklik\u0161\u0137iniet uz saites, lai apstiprin\u0101tu savu e-pasta adresi.\u00a0<\/span><\/p>\n<p><span style=\"font-weight: 400;\">Coinbase ar\u012b pieprasa apstiprin\u0101t savu mobil\u0101 t\u0101lru\u0146a numuru, lai pierakst\u012btos sav\u0101 kont\u0101. P\u0113c piepras\u012bjuma ievadiet savus ciparus un, lai pieteiktos, izmantojiet sa\u0146emto SMS kodu.<\/span><\/p>\n<h3><span class=\"ez-toc-section\" id=\"2_Verify_Your_Account\"><\/span><span style=\"font-weight: 400;\">2. P\u0101rbaudiet savu kontu<\/span><span class=\"ez-toc-section-end\"><\/span><\/h3>\n<p><span style=\"font-weight: 400;\">Coinb\u0101z\u0113 ir oblig\u0101ti j\u0101veic identit\u0101tes p\u0101rbaude. Par laimi, tas ir vienk\u0101r\u0161s process. Vienk\u0101r\u0161i noklik\u0161\u0137iniet uz pogas \"Verified your ID\", kas par\u0101d\u0101s, kad pirmo reizi piesak\u0101ties. <\/span><\/p>\n<p><img loading=\"lazy\" decoding=\"async\" class=\"alignnone wp-image-3526 size-large\" src=\"https:\/\/coinkickoff.com\/wp-content\/uploads\/Screen-Shot-2023-03-30-at-6.16.20-AM-e1683779340546-1024x470.png\" alt=\"\" width=\"1024\" height=\"470\" srcset=\"https:\/\/coinkickoff.com\/wp-content\/uploads\/Screen-Shot-2023-03-30-at-6.16.20-AM-e1683779340546-1024x470.png 1024w, https:\/\/coinkickoff.com\/wp-content\/uploads\/Screen-Shot-2023-03-30-at-6.16.20-AM-e1683779340546-300x138.png 300w, https:\/\/coinkickoff.com\/wp-content\/uploads\/Screen-Shot-2023-03-30-at-6.16.20-AM-e1683779340546-768x352.png 768w, https:\/\/coinkickoff.com\/wp-content\/uploads\/Screen-Shot-2023-03-30-at-6.16.20-AM-e1683779340546-18x8.png 18w, https:\/\/coinkickoff.com\/wp-content\/uploads\/Screen-Shot-2023-03-30-at-6.16.20-AM-e1683779340546.png 1389w\" sizes=\"auto, (max-width: 1024px) 100vw, 1024px\" \/><\/p>\n<p><span style=\"font-weight: 400;\">Ja nejau\u0161i aizverat verifik\u0101cijas uznirsto\u0161\u0101 loga br\u012bdin\u0101jumu, neuztraucieties. Vienk\u0101r\u0161i noklik\u0161\u0137inot uz zil\u0101 kr\u0101s\u0101 izcelt\u0101s cilnes \"Pirkt un p\u0101rdot\", tiks aktiviz\u0113ts v\u0113l viens verifik\u0101cijas piepras\u012bjums. Varat ar\u012b noklik\u0161\u0137in\u0101t uz sava profila ikonas un p\u0101riet uz cilni \"Verifik\u0101cija\", lai manu\u0101li s\u0101ktu procesu.<\/span><\/p>\n<p><img loading=\"lazy\" decoding=\"async\" class=\"alignnone wp-image-3525 size-full\" src=\"https:\/\/coinkickoff.com\/wp-content\/uploads\/Screen-Shot-2023-03-30-at-6.15.03-AM-e1683779367919.png\" alt=\"\" width=\"1436\" height=\"806\" srcset=\"https:\/\/coinkickoff.com\/wp-content\/uploads\/Screen-Shot-2023-03-30-at-6.15.03-AM-e1683779367919.png 1436w, https:\/\/coinkickoff.com\/wp-content\/uploads\/Screen-Shot-2023-03-30-at-6.15.03-AM-e1683779367919-300x168.png 300w, https:\/\/coinkickoff.com\/wp-content\/uploads\/Screen-Shot-2023-03-30-at-6.15.03-AM-e1683779367919-1024x575.png 1024w, https:\/\/coinkickoff.com\/wp-content\/uploads\/Screen-Shot-2023-03-30-at-6.15.03-AM-e1683779367919-768x431.png 768w, https:\/\/coinkickoff.com\/wp-content\/uploads\/Screen-Shot-2023-03-30-at-6.15.03-AM-e1683779367919-18x10.png 18w, https:\/\/coinkickoff.com\/wp-content\/uploads\/Screen-Shot-2023-03-30-at-6.15.03-AM-e1683779367919-600x338.png 600w\" sizes=\"auto, (max-width: 1436px) 100vw, 1436px\" \/><\/p>\n<p><span style=\"font-weight: 400;\">Coinbase pied\u0101v\u0101 jums aizpild\u012bt detaliz\u0113tu anketu. P\u0101rliecinieties, ka veidlapa ir aizpild\u012bta, sniedzot prec\u012bzu inform\u0101ciju. Neprec\u012bzas vai tr\u016bksto\u0161as inform\u0101cijas snieg\u0161ana var aizkav\u0113t j\u016bsu p\u0101rbaudes apstiprin\u0101\u0161anu.\u00a0\u00a0<\/span><\/p>\n<p><span style=\"font-weight: 400;\">Kad esat aizpild\u012bjis veidlapu, aug\u0161upiel\u0101d\u0113jiet platform\u0101 ofici\u0101lu personu apliecino\u0161u dokumentu ar fotoatt\u0113lu, piem\u0113ram, pases lapu vai autovad\u012bt\u0101ja apliec\u012bbu. Verifik\u0101cija parasti aiz\u0146em da\u017eas min\u016btes, un p\u0113c t\u0101s pabeig\u0161anas j\u016bs var\u0113siet iemaks\u0101t l\u012bdzek\u013cus un ieg\u0101d\u0101ties BTC.<\/span><\/p>\n<h3><span class=\"ez-toc-section\" id=\"3_Deposit_FundsCrypto\"><\/span><span style=\"font-weight: 400;\">3. Noguld\u012bjumu fondi \/ kriptogr\u0101fija<\/span><span class=\"ez-toc-section-end\"><\/span><\/h3>\n<p><span style=\"font-weight: 400;\">N\u0101kamais solis ir Coinbase kontam pievienot maks\u0101jumu metodi. Noklik\u0161\u0137iniet uz sava profila ikonas (aug\u0161\u0113j\u0101 labaj\u0101 st\u016br\u012b), lai dotos uz konta iestat\u012bjumiem. <\/span><\/p>\n<p><img loading=\"lazy\" decoding=\"async\" class=\"alignnone wp-image-3521 size-full\" src=\"https:\/\/coinkickoff.com\/wp-content\/uploads\/Screen-Shot-2023-03-29-at-10.44.01-PM-e1683779393247.png\" alt=\"\" width=\"1396\" height=\"673\" srcset=\"https:\/\/coinkickoff.com\/wp-content\/uploads\/Screen-Shot-2023-03-29-at-10.44.01-PM-e1683779393247.png 1396w, https:\/\/coinkickoff.com\/wp-content\/uploads\/Screen-Shot-2023-03-29-at-10.44.01-PM-e1683779393247-300x145.png 300w, https:\/\/coinkickoff.com\/wp-content\/uploads\/Screen-Shot-2023-03-29-at-10.44.01-PM-e1683779393247-1024x494.png 1024w, https:\/\/coinkickoff.com\/wp-content\/uploads\/Screen-Shot-2023-03-29-at-10.44.01-PM-e1683779393247-768x370.png 768w, https:\/\/coinkickoff.com\/wp-content\/uploads\/Screen-Shot-2023-03-29-at-10.44.01-PM-e1683779393247-18x9.png 18w\" sizes=\"auto, (max-width: 1396px) 100vw, 1396px\" \/><\/p>\n<p><span style=\"font-weight: 400;\">Noklik\u0161\u0137iniet uz cilnes \"Maks\u0101juma metodes\".<\/span><\/p>\n<p><img loading=\"lazy\" decoding=\"async\" class=\"alignnone wp-image-3522 size-full\" src=\"https:\/\/coinkickoff.com\/wp-content\/uploads\/Screen-Shot-2023-03-29-at-10.44.08-PM-e1683779417928.png\" alt=\"\" width=\"1414\" height=\"719\" srcset=\"https:\/\/coinkickoff.com\/wp-content\/uploads\/Screen-Shot-2023-03-29-at-10.44.08-PM-e1683779417928.png 1414w, https:\/\/coinkickoff.com\/wp-content\/uploads\/Screen-Shot-2023-03-29-at-10.44.08-PM-e1683779417928-300x153.png 300w, https:\/\/coinkickoff.com\/wp-content\/uploads\/Screen-Shot-2023-03-29-at-10.44.08-PM-e1683779417928-1024x521.png 1024w, https:\/\/coinkickoff.com\/wp-content\/uploads\/Screen-Shot-2023-03-29-at-10.44.08-PM-e1683779417928-768x391.png 768w, https:\/\/coinkickoff.com\/wp-content\/uploads\/Screen-Shot-2023-03-29-at-10.44.08-PM-e1683779417928-18x9.png 18w\" sizes=\"auto, (max-width: 1414px) 100vw, 1414px\" \/><\/p>\n<p><span style=\"font-weight: 400;\">Tagad nospiediet pogu \"Pievienot maks\u0101jumu metodi\", lai redz\u0113tu savas iesp\u0113jas.<\/span><\/p>\n<p><img loading=\"lazy\" decoding=\"async\" class=\"alignnone wp-image-3523 size-full\" src=\"https:\/\/coinkickoff.com\/wp-content\/uploads\/Screen-Shot-2023-03-29-at-10.44.22-PM-e1683779442560.png\" alt=\"\" width=\"1403\" height=\"737\" srcset=\"https:\/\/coinkickoff.com\/wp-content\/uploads\/Screen-Shot-2023-03-29-at-10.44.22-PM-e1683779442560.png 1403w, https:\/\/coinkickoff.com\/wp-content\/uploads\/Screen-Shot-2023-03-29-at-10.44.22-PM-e1683779442560-300x158.png 300w, https:\/\/coinkickoff.com\/wp-content\/uploads\/Screen-Shot-2023-03-29-at-10.44.22-PM-e1683779442560-1024x538.png 1024w, https:\/\/coinkickoff.com\/wp-content\/uploads\/Screen-Shot-2023-03-29-at-10.44.22-PM-e1683779442560-768x403.png 768w, https:\/\/coinkickoff.com\/wp-content\/uploads\/Screen-Shot-2023-03-29-at-10.44.22-PM-e1683779442560-18x9.png 18w\" sizes=\"auto, (max-width: 1403px) 100vw, 1403px\" \/><\/p>\n<p><span style=\"font-weight: 400;\">Maks\u0101juma metodes da\u017e\u0101d\u0101s valst\u012bs at\u0161\u0137iras. ASV dz\u012bvojo\u0161ie lietot\u0101ji var viegli savienot savu ASV bankas kontu ar platformu, lai veiktu iemaksas fiat val\u016bt\u0101. Eirop\u0101 b\u0101z\u0113tie lietot\u0101ji var izmantot ar\u012b SEPA un elektroniskos p\u0101rskait\u012bjumus.<\/span><\/p>\n<p><span style=\"font-weight: 400;\">Visizplat\u012bt\u0101k\u0101s maks\u0101jumu metodes, ko var izmantot gandr\u012bz ikviens, ir debetkartes un kred\u012btkartes. Ieg\u0101d\u0101ties digit\u0101los akt\u012bvus ar debetkart\u0113m un kred\u012btkart\u0113m ir \u013coti vienk\u0101r\u0161i un \u0101tri. Diem\u017e\u0113l viens no tr\u016bkumiem ir papildu maksa par maks\u0101jumu apstr\u0101di. Parasti Coinbase iekas\u0113 3-5% maksu par visiem kred\u012btkar\u0161u un debetkar\u0161u coin pirkumiem.<\/span><\/p>\n<p><span style=\"font-weight: 400;\">Noklik\u0161\u0137iniet uz metodes, kuru v\u0113laties izmantot. Ja izv\u0113laties bankas p\u0101rskait\u012bjumu, izpildiet ekr\u0101n\u0101 redzamos nor\u0101d\u012bjumus, lai sasaist\u012btu savu bankas kontu ar Coinbase kontu.<\/span><\/p>\n<p><span style=\"font-weight: 400;\">Varat ar\u012b izv\u0113l\u0113ties kred\u012btkartes\/debetkartes iesp\u0113ju un izpild\u012bt t\u0101l\u0101k sniegtos nor\u0101d\u012bjumus.<\/span><\/p>\n<p><img loading=\"lazy\" decoding=\"async\" class=\"alignnone wp-image-3524 size-full\" src=\"https:\/\/coinkickoff.com\/wp-content\/uploads\/Screen-Shot-2023-03-29-at-10.44.29-PM-e1683779464552.png\" alt=\"\" width=\"1407\" height=\"730\" srcset=\"https:\/\/coinkickoff.com\/wp-content\/uploads\/Screen-Shot-2023-03-29-at-10.44.29-PM-e1683779464552.png 1407w, https:\/\/coinkickoff.com\/wp-content\/uploads\/Screen-Shot-2023-03-29-at-10.44.29-PM-e1683779464552-300x156.png 300w, https:\/\/coinkickoff.com\/wp-content\/uploads\/Screen-Shot-2023-03-29-at-10.44.29-PM-e1683779464552-1024x531.png 1024w, https:\/\/coinkickoff.com\/wp-content\/uploads\/Screen-Shot-2023-03-29-at-10.44.29-PM-e1683779464552-768x398.png 768w, https:\/\/coinkickoff.com\/wp-content\/uploads\/Screen-Shot-2023-03-29-at-10.44.29-PM-e1683779464552-18x9.png 18w\" sizes=\"auto, (max-width: 1407px) 100vw, 1407px\" \/><\/p>\n<p><span style=\"font-weight: 400;\">Vispirms ievadiet savu v\u0101rdu un uzv\u0101rdu, k\u0101 nor\u0101d\u012bts uz kartes. L\u016bdzu, \u0146emiet v\u0113r\u0101, ka uz kartes nor\u0101d\u012btajam v\u0101rdam j\u0101sakr\u012bt ar j\u016bsu ofici\u0101lo v\u0101rdu, kas nor\u0101d\u012bts j\u016bsu personas apliec\u012bb\u0101. Ievadiet kartes numuru, der\u012bguma termi\u0146u un CVC. CVC parasti ir tr\u012bsciparu kods, kas uzrakst\u012bts kartes aizmugur\u0113. Visbeidzot ievadiet savu pasta indeksu un nospiediet pogu \"Pievienot karti\".<\/span><\/p>\n<h3><span class=\"ez-toc-section\" id=\"4_Navigate_to_the_Relevant_Screen_to_Buy\"><\/span><span style=\"font-weight: 400;\">4. P\u0101rejiet uz attiec\u012bgo ekr\u0101nu, lai ieg\u0101d\u0101tos<\/span><span class=\"ez-toc-section-end\"><\/span><\/h3>\n<p><span style=\"font-weight: 400;\">Dodieties uz s\u0101kumlapu un noklik\u0161\u0137iniet uz zil\u0101 kr\u0101s\u0101 izcelt\u0101s pogas \"Pirkt un p\u0101rdot\". T\u0101d\u0113j\u0101di tiks atv\u0113rta viena klik\u0161\u0137a pirkuma veidlapa. <\/span><\/p>\n<p><img loading=\"lazy\" decoding=\"async\" class=\"alignnone wp-image-3811 size-full\" src=\"https:\/\/coinkickoff.com\/wp-content\/uploads\/Screen-Shot-2023-06-08-at-3.20.32-AM-1-e1686183860887.png\" alt=\"k\u0101 nopirkt shiba inu par coinbase\" width=\"1295\" height=\"655\" \/><\/p>\n<p><span style=\"font-weight: 400;\">Vienk\u0101r\u0161i ievadiet summu, ko v\u0113laties izt\u0113r\u0113t. Pirk\u0161anas logr\u012bks p\u0113c noklus\u0113juma ir iestat\u012bts uz BTC, ta\u010du to var main\u012bt uz citiem digit\u0101lajiem akt\u012bviem, noklik\u0161\u0137inot uz blakus eso\u0161\u0101s bulti\u0146as.<\/span><\/p>\n<p><span style=\"font-weight: 400;\">Noklik\u0161\u0137iniet uz lodzi\u0146a \"Maks\u0101t ar\" un k\u0101 maks\u0101juma metodi izv\u0113lieties kred\u012btkarti vai debetkarti.<\/span><\/p>\n<p><span style=\"font-weight: 400;\">Ja apskat\u012bsiet zem ievad\u012bt\u0101s summas, paman\u012bsiet v\u0113l vienu lodzi\u0146u ar nor\u0101di \"Vienreiz\u0113js pirkums\". Ar\u012b \u0161aj\u0101 gad\u012bjum\u0101 tas ir noklus\u0113juma iestat\u012bjums, ta\u010du to var main\u012bt, lai Coinbase katru ned\u0113\u013cu vai katru m\u0113nesi veiktu autom\u0101tiskus periodiskus pirkumus.\u00a0<\/span><\/p>\n<p><span style=\"font-weight: 400;\">P\u0113c tam, kad esat aizpild\u012bjis veidlapu, noklik\u0161\u0137iniet uz \"Preview Buy\". <\/span><\/p>\n<p><img loading=\"lazy\" decoding=\"async\" class=\"alignnone wp-image-3519 size-full\" src=\"https:\/\/coinkickoff.com\/wp-content\/uploads\/Screen-Shot-2023-03-29-at-10.39.23-PM-e1683779487708.png\" alt=\"k\u0101 ieg\u0101d\u0101ties dogecoin par coinbaseK\u0101 ieg\u0101d\u0101ties Bitcoin par Coinbase\" width=\"1439\" height=\"763\" srcset=\"https:\/\/coinkickoff.com\/wp-content\/uploads\/Screen-Shot-2023-03-29-at-10.39.23-PM-e1683779487708.png 1439w, https:\/\/coinkickoff.com\/wp-content\/uploads\/Screen-Shot-2023-03-29-at-10.39.23-PM-e1683779487708-300x159.png 300w, https:\/\/coinkickoff.com\/wp-content\/uploads\/Screen-Shot-2023-03-29-at-10.39.23-PM-e1683779487708-1024x543.png 1024w, https:\/\/coinkickoff.com\/wp-content\/uploads\/Screen-Shot-2023-03-29-at-10.39.23-PM-e1683779487708-768x407.png 768w, https:\/\/coinkickoff.com\/wp-content\/uploads\/Screen-Shot-2023-03-29-at-10.39.23-PM-e1683779487708-18x10.png 18w\" sizes=\"auto, (max-width: 1439px) 100vw, 1439px\" \/><\/p>\n<p><span style=\"font-weight: 400;\">Coinb\u0101ze par\u0101d\u012bs BTC summu, ko sa\u0146emsiet, k\u0101 ar\u012b visas maksas, kas jums tiek piem\u0113rotas. Ja esat apmierin\u0101ts ar pas\u016bt\u012bjumu, varat nok\u0101rtot pas\u016bt\u012bjumu, nospie\u017eot \"Pirkt tagad\".\u00a0<\/span><\/p>","protected":false},"excerpt":{"rendered":"<p>K\u0101 nopirkt Bitcoin par Coinbase Ja j\u016bs kaut ko zin\u0101t par Bitcoin, iesp\u0113jams, jau esat dzird\u0113ju\u0161i par Coinbase, kas ir viena no vado\u0161aj\u0101m kriptoval\u016btas bir\u017e\u0101m pasaul\u0113. Coinbase ir ASV b\u0101z\u0113ta digit\u0101l\u0101 bir\u017ea, kas paz\u012bstama ar savu lieto\u0161anas \u0113rtumu un atbilst\u012bbu to valstu likumiem un noteikumiem, kur\u0101s t\u0101 darbojas. [...]<\/p>","protected":false},"author":3,"featured_media":0,"parent":3885,"menu_order":0,"comment_status":"closed","ping_status":"closed","template":"","meta":{"_genesis_hide_title":false,"_genesis_hide_breadcrumbs":false,"_genesis_hide_singular_image":false,"_genesis_hide_footer_widgets":false,"_genesis_custom_body_class":"","_genesis_custom_post_class":"","_genesis_layout":"","_glsr_average":0,"_glsr_ranking":0,"_glsr_reviews":0,"footnotes":""},"class_list":{"0":"post-3899","1":"page","2":"type-page","3":"status-publish","5":"entry"},"featured_image_src":null,"featured_image_src_square":null,"_links":{"self":[{"href":"https:\/\/coinkickoff.com\/lv\/wp-json\/wp\/v2\/pages\/3899","targetHints":{"allow":["GET"]}}],"collection":[{"href":"https:\/\/coinkickoff.com\/lv\/wp-json\/wp\/v2\/pages"}],"about":[{"href":"https:\/\/coinkickoff.com\/lv\/wp-json\/wp\/v2\/types\/page"}],"author":[{"embeddable":true,"href":"https:\/\/coinkickoff.com\/lv\/wp-json\/wp\/v2\/users\/3"}],"replies":[{"embeddable":true,"href":"https:\/\/coinkickoff.com\/lv\/wp-json\/wp\/v2\/comments?post=3899"}],"version-history":[{"count":1,"href":"https:\/\/coinkickoff.com\/lv\/wp-json\/wp\/v2\/pages\/3899\/revisions"}],"predecessor-version":[{"id":3900,"href":"https:\/\/coinkickoff.com\/lv\/wp-json\/wp\/v2\/pages\/3899\/revisions\/3900"}],"up":[{"embeddable":true,"href":"https:\/\/coinkickoff.com\/lv\/wp-json\/wp\/v2\/pages\/3885"}],"wp:attachment":[{"href":"https:\/\/coinkickoff.com\/lv\/wp-json\/wp\/v2\/media?parent=3899"}],"curies":[{"name":"wp","href":"https:\/\/api.w.org\/{rel}","templated":true}]}}