{"id":3892,"date":"2026-01-08T14:07:43","date_gmt":"2026-01-08T14:07:43","guid":{"rendered":"https:\/\/coinkickoff.com\/?page_id=3892"},"modified":"2026-01-08T14:07:43","modified_gmt":"2026-01-08T14:07:43","slug":"how-to-buy-bitcoin-on-okx","status":"publish","type":"page","link":"https:\/\/coinkickoff.com\/lv\/how-to-buy-bitcoin\/how-to-buy-bitcoin-on-okx\/","title":{"rendered":"K\u0101 ieg\u0101d\u0101ties Bitcoin par OKX"},"content":{"rendered":"<div id=\"ez-toc-container\" class=\"ez-toc-v2_0_80 counter-hierarchy ez-toc-counter ez-toc-transparent ez-toc-container-direction\">\n<div class=\"ez-toc-title-container\">\n<p class=\"ez-toc-title\" style=\"cursor:inherit\">Sada\u013cas<\/p>\n<span class=\"ez-toc-title-toggle\"><a href=\"#\" class=\"ez-toc-pull-right ez-toc-btn ez-toc-btn-xs ez-toc-btn-default ez-toc-toggle\" aria-label=\"P\u0101rsl\u0113gt satura tabulu\"><span class=\"ez-toc-js-icon-con\"><span class=\"\"><span class=\"eztoc-hide\" style=\"display:none;\">P\u0101rsl\u0113gt<\/span><span class=\"ez-toc-icon-toggle-span\"><svg style=\"fill: #999;color:#999\" xmlns=\"http:\/\/www.w3.org\/2000\/svg\" class=\"list-377408\" width=\"20px\" height=\"20px\" viewbox=\"0 0 24 24\" fill=\"none\"><path d=\"M6 6H4v2h2V6zm14 0H8v2h12V6zM4 11h2v2H4v-2zm16 0H8v2h12v-2zM4 16h2v2H4v-2zm16 0H8v2h12v-2z\" fill=\"currentColor\"><\/path><\/svg><svg style=\"fill: #999;color:#999\" class=\"arrow-unsorted-368013\" xmlns=\"http:\/\/www.w3.org\/2000\/svg\" width=\"10px\" height=\"10px\" viewbox=\"0 0 24 24\" version=\"1.2\" baseprofile=\"tiny\"><path d=\"M18.2 9.3l-6.2-6.3-6.2 6.3c-.2.2-.3.4-.3.7s.1.5.3.7c.2.2.4.3.7.3h11c.3 0 .5-.1.7-.3.2-.2.3-.5.3-.7s-.1-.5-.3-.7zM5.8 14.7l6.2 6.3 6.2-6.3c.2-.2.3-.5.3-.7s-.1-.5-.3-.7c-.2-.2-.4-.3-.7-.3h-11c-.3 0-.5.1-.7.3-.2.2-.3.5-.3.7s.1.5.3.7z\"\/><\/svg><\/span><\/span><\/span><\/a><\/span><\/div>\n<nav><ul class='ez-toc-list ez-toc-list-level-1 eztoc-toggle-hide-by-default' ><li class='ez-toc-page-1 ez-toc-heading-level-2'><a class=\"ez-toc-link ez-toc-heading-1\" href=\"https:\/\/coinkickoff.com\/lv\/how-to-buy-bitcoin\/how-to-buy-bitcoin-on-okx\/#How_to_Buy_Bitcoin_on_OKX\" >K\u0101 ieg\u0101d\u0101ties Bitcoin par OKX<\/a><\/li><li class='ez-toc-page-1 ez-toc-heading-level-2'><a class=\"ez-toc-link ez-toc-heading-2\" href=\"https:\/\/coinkickoff.com\/lv\/how-to-buy-bitcoin\/how-to-buy-bitcoin-on-okx\/#A_Step-By-Step_Guide_on_How_to_Buy_Bitcoin_on_OKX\" >Soli-pa-solim ce\u013cvedis par to, k\u0101 nopirkt Bitcoin par OKX<\/a><ul class='ez-toc-list-level-3' ><li class='ez-toc-heading-level-3'><a class=\"ez-toc-link ez-toc-heading-3\" href=\"https:\/\/coinkickoff.com\/lv\/how-to-buy-bitcoin\/how-to-buy-bitcoin-on-okx\/#1_Register_an_Account\" >1. Re\u0123istr\u0113t kontu<\/a><\/li><li class='ez-toc-page-1 ez-toc-heading-level-3'><a class=\"ez-toc-link ez-toc-heading-4\" href=\"https:\/\/coinkickoff.com\/lv\/how-to-buy-bitcoin\/how-to-buy-bitcoin-on-okx\/#2_Verify_Your_Account\" >2. P\u0101rbaudiet savu kontu<\/a><\/li><li class='ez-toc-page-1 ez-toc-heading-level-3'><a class=\"ez-toc-link ez-toc-heading-5\" href=\"https:\/\/coinkickoff.com\/lv\/how-to-buy-bitcoin\/how-to-buy-bitcoin-on-okx\/#3_Deposit_FundsCrypto\" >3. Noguld\u012bjumu fondi \/ kriptogr\u0101fija<\/a><\/li><li class='ez-toc-page-1 ez-toc-heading-level-3'><a class=\"ez-toc-link ez-toc-heading-6\" href=\"https:\/\/coinkickoff.com\/lv\/how-to-buy-bitcoin\/how-to-buy-bitcoin-on-okx\/#4_Navigate_to_the_Relevant_Screen_to_Buy\" >4. P\u0101rejiet uz attiec\u012bgo ekr\u0101nu, lai ieg\u0101d\u0101tos<\/a><\/li><\/ul><\/li><\/ul><\/nav><\/div>\n<h2><span class=\"ez-toc-section\" id=\"How_to_Buy_Bitcoin_on_OKX\"><\/span><span style=\"font-weight: 400;\">K\u0101 ieg\u0101d\u0101ties Bitcoin par OKX<\/span><span class=\"ez-toc-section-end\"><\/span><\/h2>\n<p><a href=\"https:\/\/coinkickoff.com\/lv\/okx-review\/\"><span style=\"font-weight: 400;\">OKX<\/span><\/a><span style=\"font-weight: 400;\"> ir glob\u0101la bir\u017ea, kas p\u0101rdod simtiem digit\u0101lo akt\u012bvu, tostarp <a href=\"https:\/\/coinkickoff.com\/lv\/bitcoin-btc\/\" data-internallinksmanager029f6b8e52c=\"1\" title=\"Kas ir Bitcoin (BTC)? Cena, v\u0113sture un kur nopirkt\">Bitcoin<\/a>, kas ir pasaul\u0113 v\u0113rt\u012bg\u0101k\u0101 kriptoval\u016bta. J\u016bs varat viegli ieg\u0101d\u0101ties BTC <a href=\"https:\/\/coinkickoff.com\/lv\/okx-review\/\" data-internallinksmanager029f6b8e52c=\"150\" title=\"OKX apskats 2023: Maksa, funkcijas, dro\u0161\u012bba, plusi un m\u012bnusi\">OKX<\/a> izmantojot vienk\u0101r\u0161u viena klik\u0161\u0137a pirk\u0161anas saskarni.<\/span><\/p>\n<p><span style=\"font-weight: 400;\">Ja esat gatavs s\u0101kt savu Bitcoin piedz\u012bvojumu OKX, bet nezin\u0101t, ko dar\u012bt, neuztraucieties. \u0160eit ir detaliz\u0113ts ce\u013cvedis par to, k\u0101 ieg\u0101d\u0101ties Bitcoin OKX.<\/span><\/p>\n<h2><span class=\"ez-toc-section\" id=\"A_Step-By-Step_Guide_on_How_to_Buy_Bitcoin_on_OKX\"><\/span><span style=\"font-weight: 400;\">Soli-pa-solim ce\u013cvedis par to, k\u0101 nopirkt Bitcoin par OKX<\/span><span class=\"ez-toc-section-end\"><\/span><\/h2>\n<h3><span class=\"ez-toc-section\" id=\"1_Register_an_Account\"><\/span><span style=\"font-weight: 400;\">1. Re\u0123istr\u0113t kontu<\/span><span class=\"ez-toc-section-end\"><\/span><\/h3>\n<p><span style=\"font-weight: 400;\">S\u0101ksim ar p\u0101reju uz <\/span><a href=\"https:\/\/www.okx.com\/join\/65358827?irclickid=wGZRfu0xLxyPUxZS3K3eC293UkAS%3A3XkEUiYUw0&amp;Channelid=&amp;sharedid=&amp;irgwc=1\" target=\"_blank\" rel=\"noopener\"><span style=\"font-weight: 400;\">OKX t\u012bmek\u013ca vietne<\/span><\/a><span style=\"font-weight: 400;\"> un izveidot kontu.\u00a0 <\/span><\/p>\n<p><img loading=\"lazy\" decoding=\"async\" class=\"alignnone wp-image-3286 size-full\" src=\"https:\/\/coinkickoff.com\/wp-content\/uploads\/okx-sign-up.png\" alt=\"k\u0101 nopirkt dogecoin par okx re\u0123istr\u0113ties\" width=\"1410\" height=\"721\" srcset=\"https:\/\/coinkickoff.com\/wp-content\/uploads\/okx-sign-up.png 1410w, https:\/\/coinkickoff.com\/wp-content\/uploads\/okx-sign-up-300x153.png 300w, https:\/\/coinkickoff.com\/wp-content\/uploads\/okx-sign-up-1024x524.png 1024w, https:\/\/coinkickoff.com\/wp-content\/uploads\/okx-sign-up-768x393.png 768w, https:\/\/coinkickoff.com\/wp-content\/uploads\/okx-sign-up-18x9.png 18w\" sizes=\"auto, (max-width: 1410px) 100vw, 1410px\" \/><\/p>\n<p><span style=\"font-weight: 400;\">Varat pierakst\u012bties OKX, izmantojot e-pastu, t\u0101lru\u0146a numuru vai pat Google vai Telegram kontus.\u00a0\u00a0<\/span><\/p>\n<h3><span class=\"ez-toc-section\" id=\"2_Verify_Your_Account\"><\/span><span style=\"font-weight: 400;\">2. P\u0101rbaudiet savu kontu<\/span><span class=\"ez-toc-section-end\"><\/span><\/h3>\n<p><span style=\"font-weight: 400;\">Ja v\u0113laties ieg\u0101d\u0101ties Bitcoin ar jau eso\u0161ajiem digit\u0101lajiem akt\u012bviem, varat izlaist identit\u0101tes p\u0101rbaudi. OKX \u013cauj tirgot kriptoval\u016btas, nep\u0101rbaudot savu identit\u0101ti. J\u016bs varat vienk\u0101r\u0161i nos\u016bt\u012bt savus coins uz savu OKX maku un apmain\u012bt tos pret BTC.\u00a0<\/span><\/p>\n<p><span style=\"font-weight: 400;\">No otras puses, ja jums v\u0113l nav coins vai v\u0113laties ieg\u0101d\u0101ties BTC par fiat naudu, jums j\u0101pabeidz identifik\u0101cijas p\u0101rbaudes process.<\/span><\/p>\n<p><span style=\"font-weight: 400;\">Tas ir pavisam vienk\u0101r\u0161i. Nospiediet profila ikonu lapas aug\u0161\u0113j\u0101 labaj\u0101 st\u016br\u012b un izv\u0113lieties p\u0101rbaudes cilni.<\/span><\/p>\n<p><img loading=\"lazy\" decoding=\"async\" class=\"alignnone wp-image-3287 size-full\" src=\"https:\/\/coinkickoff.com\/wp-content\/uploads\/okx-verif.png\" alt=\"\" width=\"1417\" height=\"694\" srcset=\"https:\/\/coinkickoff.com\/wp-content\/uploads\/okx-verif.png 1417w, https:\/\/coinkickoff.com\/wp-content\/uploads\/okx-verif-300x147.png 300w, https:\/\/coinkickoff.com\/wp-content\/uploads\/okx-verif-1024x502.png 1024w, https:\/\/coinkickoff.com\/wp-content\/uploads\/okx-verif-768x376.png 768w, https:\/\/coinkickoff.com\/wp-content\/uploads\/okx-verif-18x9.png 18w\" sizes=\"auto, (max-width: 1417px) 100vw, 1417px\" \/><\/p>\n<p><span style=\"font-weight: 400;\">Verifik\u0101cijas lap\u0101 varat izv\u0113l\u0113ties individu\u0101lo kontu vai uz\u0146\u0113muma kontu. Ja vien netirgojat uz\u0146\u0113muma v\u0101rd\u0101, jums j\u0101izv\u0113las individu\u0101lais konts un j\u0101nospie\u017e \"Turpin\u0101t\".<\/span><\/p>\n<p><img loading=\"lazy\" decoding=\"async\" class=\"alignnone wp-image-3288 size-full\" src=\"https:\/\/coinkickoff.com\/wp-content\/uploads\/okx-ver2.png\" alt=\"\" width=\"1426\" height=\"486\" srcset=\"https:\/\/coinkickoff.com\/wp-content\/uploads\/okx-ver2.png 1426w, https:\/\/coinkickoff.com\/wp-content\/uploads\/okx-ver2-300x102.png 300w, https:\/\/coinkickoff.com\/wp-content\/uploads\/okx-ver2-1024x349.png 1024w, https:\/\/coinkickoff.com\/wp-content\/uploads\/okx-ver2-768x262.png 768w, https:\/\/coinkickoff.com\/wp-content\/uploads\/okx-ver2-18x6.png 18w\" sizes=\"auto, (max-width: 1426px) 100vw, 1426px\" \/><\/p>\n<p><span style=\"font-weight: 400;\">Tagad aizpildiet veidlapu, p\u0101rliecinoties, ka ievad\u0101t savu v\u0101rdu un uzv\u0101rdu, kas nor\u0101d\u012bts j\u016bsu ofici\u0101laj\u0101 personas apliec\u012bb\u0101. Lai apstiprin\u0101tu savu identit\u0101ti, jums tiks l\u016bgts aug\u0161upiel\u0101d\u0113t ar\u012b ofici\u0101lu personu apliecino\u0161u dokumentu ar fotogr\u0101fiju.<\/span><\/p>\n<p><img loading=\"lazy\" decoding=\"async\" class=\"alignnone wp-image-3289 size-full\" src=\"https:\/\/coinkickoff.com\/wp-content\/uploads\/okx-ver3.png\" alt=\"\" width=\"1427\" height=\"666\" srcset=\"https:\/\/coinkickoff.com\/wp-content\/uploads\/okx-ver3.png 1427w, https:\/\/coinkickoff.com\/wp-content\/uploads\/okx-ver3-300x140.png 300w, https:\/\/coinkickoff.com\/wp-content\/uploads\/okx-ver3-1024x478.png 1024w, https:\/\/coinkickoff.com\/wp-content\/uploads\/okx-ver3-768x358.png 768w, https:\/\/coinkickoff.com\/wp-content\/uploads\/okx-ver3-18x8.png 18w\" sizes=\"auto, (max-width: 1427px) 100vw, 1427px\" \/><\/p>\n<h3><span class=\"ez-toc-section\" id=\"3_Deposit_FundsCrypto\"><\/span><span style=\"font-weight: 400;\">3. Noguld\u012bjumu fondi \/ kriptogr\u0101fija<\/span><span class=\"ez-toc-section-end\"><\/span><\/h3>\n<p><span style=\"font-weight: 400;\">V\u0113lreiz noklik\u0161\u0137iniet uz profila ikonas un izv\u0113lieties cilni \"P\u0101rskats\". K\u0101 redzat, j\u016bsu iesp\u0113jas ir pirkt kriptonauda ar kred\u012btkarti vai iemaks\u0101t coins sav\u0101 OKX mak\u0101.\u00a0<\/span><\/p>\n<p><span style=\"font-weight: 400;\">Ja jums jau ir coins, noklik\u0161\u0137iniet uz \"Depoz\u012bts\" un izpildiet nor\u0101d\u012bjumus, lai pabeigtu iemaksu OKX.<\/span><\/p>\n<p><span style=\"font-weight: 400;\">Ja v\u0113laties ieg\u0101d\u0101ties Bitcoin ar kred\u012btkarti, izv\u0113lieties \"Pirkt ar karti\".<\/span><\/p>\n<p><img loading=\"lazy\" decoding=\"async\" class=\"alignnone wp-image-3290 size-full\" src=\"https:\/\/coinkickoff.com\/wp-content\/uploads\/okx-verif-1.png\" alt=\"\" width=\"1417\" height=\"694\" srcset=\"https:\/\/coinkickoff.com\/wp-content\/uploads\/okx-verif-1.png 1417w, https:\/\/coinkickoff.com\/wp-content\/uploads\/okx-verif-1-300x147.png 300w, https:\/\/coinkickoff.com\/wp-content\/uploads\/okx-verif-1-1024x502.png 1024w, https:\/\/coinkickoff.com\/wp-content\/uploads\/okx-verif-1-768x376.png 768w, https:\/\/coinkickoff.com\/wp-content\/uploads\/okx-verif-1-18x9.png 18w\" sizes=\"auto, (max-width: 1417px) 100vw, 1417px\" \/><\/p>\n<h3><span class=\"ez-toc-section\" id=\"4_Navigate_to_the_Relevant_Screen_to_Buy\"><\/span><span style=\"font-weight: 400;\">4. P\u0101rejiet uz attiec\u012bgo ekr\u0101nu, lai ieg\u0101d\u0101tos<\/span><span class=\"ez-toc-section-end\"><\/span><\/h3>\n<p><span style=\"font-weight: 400;\">Ja izv\u0113l\u0113sieties \"Pirkt ar karti\", tiks atv\u0113rta viena klik\u0161\u0137a pirk\u0161anas lapa.<\/span><\/p>\n<p><img loading=\"lazy\" decoding=\"async\" class=\"alignnone wp-image-3291 size-full\" src=\"https:\/\/coinkickoff.com\/wp-content\/uploads\/Screen-Shot-2023-03-24-at-5.59.53-AM-e1686184694963.png\" alt=\"K\u0101 ieg\u0101d\u0101ties Bitcoin par OKX\" width=\"1439\" height=\"802\" \/><\/p>\n<p><span style=\"font-weight: 400;\">Slej\u0101 \"J\u016bs maks\u0101jat\" ievadiet, cik daudz naudas v\u0113laties izt\u0113r\u0113t. Slej\u0101 \"J\u016bs sa\u0146emat\" redz\u0113siet, cik daudz BTC j\u016bs sa\u0146emsiet. P\u0113c noklus\u0113juma logr\u012bks \"Pirkt\" ir iestat\u012bts uz BTC, ta\u010du to var piel\u0101got ar\u012b manu\u0101li, noklik\u0161\u0137inot uz maz\u0101s bulti\u0146as blakus t\u0101 nosaukumam.<\/span><\/p>\n<p><span style=\"font-weight: 400;\">Kad esat aizpild\u012bjis veidlapu, p\u0101rskatiet pas\u016bt\u012bjuma inform\u0101ciju. Ja viss izskat\u0101s k\u0101rt\u012bb\u0101, spiediet \"Pirkt BTC\".<\/span><\/p>\n<p>&nbsp;<\/p>\n<p><img loading=\"lazy\" decoding=\"async\" class=\"alignnone wp-image-3292 size-full\" src=\"https:\/\/coinkickoff.com\/wp-content\/uploads\/buydogeend.png\" alt=\"\" width=\"1432\" height=\"798\" srcset=\"https:\/\/coinkickoff.com\/wp-content\/uploads\/buydogeend.png 1432w, https:\/\/coinkickoff.com\/wp-content\/uploads\/buydogeend-300x167.png 300w, https:\/\/coinkickoff.com\/wp-content\/uploads\/buydogeend-1024x571.png 1024w, https:\/\/coinkickoff.com\/wp-content\/uploads\/buydogeend-768x428.png 768w, https:\/\/coinkickoff.com\/wp-content\/uploads\/buydogeend-18x10.png 18w\" sizes=\"auto, (max-width: 1432px) 100vw, 1432px\" \/><\/p>\n<p><span style=\"font-weight: 400;\">Tagad ir pien\u0101cis laiks izv\u0113l\u0113ties maks\u0101juma metodi. OKX atbalsta vair\u0101kas maks\u0101jumu metodes un tre\u0161o pu\u0161u maks\u0101jumu apstr\u0101d\u0101t\u0101jus, tostarp Simplex, Banxa, Mercuryo. Lai samaks\u0101tu par pirkumu, varat ar\u012b piesl\u0113gties savam Payoneer vai Revolut kontam.<\/span><\/p>\n<p><span style=\"font-weight: 400;\">Izv\u0113lieties maks\u0101jumu metodi un noklik\u0161\u0137iniet uz \"Verific\u0113t\". Un viss! Tagad j\u016bs zin\u0101t, k\u0101 ieg\u0101d\u0101ties Bitcoin OKX.<\/span><\/p>","protected":false},"excerpt":{"rendered":"<p>K\u0101 nopirkt Bitcoin par OKX OKX ir glob\u0101la bir\u017ea, kas p\u0101rdod simtiem digit\u0101lo akt\u012bvu, tostarp Bitcoin, pasaul\u0113 v\u0113rt\u012bg\u0101ko kriptoval\u016btu. J\u016bs varat viegli ieg\u0101d\u0101ties Bitcoin OKX, izmantojot vienk\u0101r\u0161u viena klik\u0161\u0137a pirk\u0161anas saskarni. Ja esat gatavs s\u0101kt savu Bitcoin piedz\u012bvojumu OKX, bet neesat p\u0101rliecin\u0101ts, ko dar\u012bt, nedom\u0101jiet, k\u0101 r\u012bkoties, bet [...]<\/p>","protected":false},"author":3,"featured_media":0,"parent":3885,"menu_order":0,"comment_status":"closed","ping_status":"closed","template":"","meta":{"_genesis_hide_title":false,"_genesis_hide_breadcrumbs":false,"_genesis_hide_singular_image":false,"_genesis_hide_footer_widgets":false,"_genesis_custom_body_class":"","_genesis_custom_post_class":"","_genesis_layout":"","_glsr_average":0,"_glsr_ranking":0,"_glsr_reviews":0,"footnotes":""},"class_list":{"0":"post-3892","1":"page","2":"type-page","3":"status-publish","5":"entry"},"featured_image_src":null,"featured_image_src_square":null,"_links":{"self":[{"href":"https:\/\/coinkickoff.com\/lv\/wp-json\/wp\/v2\/pages\/3892","targetHints":{"allow":["GET"]}}],"collection":[{"href":"https:\/\/coinkickoff.com\/lv\/wp-json\/wp\/v2\/pages"}],"about":[{"href":"https:\/\/coinkickoff.com\/lv\/wp-json\/wp\/v2\/types\/page"}],"author":[{"embeddable":true,"href":"https:\/\/coinkickoff.com\/lv\/wp-json\/wp\/v2\/users\/3"}],"replies":[{"embeddable":true,"href":"https:\/\/coinkickoff.com\/lv\/wp-json\/wp\/v2\/comments?post=3892"}],"version-history":[{"count":1,"href":"https:\/\/coinkickoff.com\/lv\/wp-json\/wp\/v2\/pages\/3892\/revisions"}],"predecessor-version":[{"id":3893,"href":"https:\/\/coinkickoff.com\/lv\/wp-json\/wp\/v2\/pages\/3892\/revisions\/3893"}],"up":[{"embeddable":true,"href":"https:\/\/coinkickoff.com\/lv\/wp-json\/wp\/v2\/pages\/3885"}],"wp:attachment":[{"href":"https:\/\/coinkickoff.com\/lv\/wp-json\/wp\/v2\/media?parent=3892"}],"curies":[{"name":"wp","href":"https:\/\/api.w.org\/{rel}","templated":true}]}}