{"id":3877,"date":"2026-01-08T14:06:52","date_gmt":"2026-01-08T14:06:52","guid":{"rendered":"https:\/\/coinkickoff.com\/?page_id=3877"},"modified":"2026-01-08T14:06:52","modified_gmt":"2026-01-08T14:06:52","slug":"how-to-buy-shiba-inu-on-kraken","status":"publish","type":"page","link":"https:\/\/coinkickoff.com\/lv\/how-to-buy-shiba-inu\/how-to-buy-shiba-inu-on-kraken\/","title":{"rendered":"K\u0101 ieg\u0101d\u0101ties Shiba Inu Kraken veikal\u0101"},"content":{"rendered":"<div id=\"ez-toc-container\" class=\"ez-toc-v2_0_80 counter-hierarchy ez-toc-counter ez-toc-transparent ez-toc-container-direction\">\n<div class=\"ez-toc-title-container\">\n<p class=\"ez-toc-title\" style=\"cursor:inherit\">Sada\u013cas<\/p>\n<span class=\"ez-toc-title-toggle\"><a href=\"#\" class=\"ez-toc-pull-right ez-toc-btn ez-toc-btn-xs ez-toc-btn-default ez-toc-toggle\" aria-label=\"P\u0101rsl\u0113gt satura tabulu\"><span class=\"ez-toc-js-icon-con\"><span class=\"\"><span class=\"eztoc-hide\" style=\"display:none;\">P\u0101rsl\u0113gt<\/span><span class=\"ez-toc-icon-toggle-span\"><svg style=\"fill: #999;color:#999\" xmlns=\"http:\/\/www.w3.org\/2000\/svg\" class=\"list-377408\" width=\"20px\" height=\"20px\" viewbox=\"0 0 24 24\" fill=\"none\"><path d=\"M6 6H4v2h2V6zm14 0H8v2h12V6zM4 11h2v2H4v-2zm16 0H8v2h12v-2zM4 16h2v2H4v-2zm16 0H8v2h12v-2z\" fill=\"currentColor\"><\/path><\/svg><svg style=\"fill: #999;color:#999\" class=\"arrow-unsorted-368013\" xmlns=\"http:\/\/www.w3.org\/2000\/svg\" width=\"10px\" height=\"10px\" viewbox=\"0 0 24 24\" version=\"1.2\" baseprofile=\"tiny\"><path d=\"M18.2 9.3l-6.2-6.3-6.2 6.3c-.2.2-.3.4-.3.7s.1.5.3.7c.2.2.4.3.7.3h11c.3 0 .5-.1.7-.3.2-.2.3-.5.3-.7s-.1-.5-.3-.7zM5.8 14.7l6.2 6.3 6.2-6.3c.2-.2.3-.5.3-.7s-.1-.5-.3-.7c-.2-.2-.4-.3-.7-.3h-11c-.3 0-.5.1-.7.3-.2.2-.3.5-.3.7s.1.5.3.7z\"\/><\/svg><\/span><\/span><\/span><\/a><\/span><\/div>\n<nav><ul class='ez-toc-list ez-toc-list-level-1 eztoc-toggle-hide-by-default' ><li class='ez-toc-page-1 ez-toc-heading-level-2'><a class=\"ez-toc-link ez-toc-heading-1\" href=\"https:\/\/coinkickoff.com\/lv\/how-to-buy-shiba-inu\/how-to-buy-shiba-inu-on-kraken\/#How_to_Buy_Shiba_Inu_on_Kraken_Exchange\" >K\u0101 ieg\u0101d\u0101ties Shiba Inu Kraken bir\u017e\u0101<\/a><\/li><li class='ez-toc-page-1 ez-toc-heading-level-2'><a class=\"ez-toc-link ez-toc-heading-2\" href=\"https:\/\/coinkickoff.com\/lv\/how-to-buy-shiba-inu\/how-to-buy-shiba-inu-on-kraken\/#A_Step-By-Step_Guide_on_How_to_Buy_Shiba_Inu_on_Kraken\" >Soli-pa-solim ce\u013cvedis par to, k\u0101 nopirkt Shiba Inu par Kraken<\/a><ul class='ez-toc-list-level-3' ><li class='ez-toc-heading-level-3'><a class=\"ez-toc-link ez-toc-heading-3\" href=\"https:\/\/coinkickoff.com\/lv\/how-to-buy-shiba-inu\/how-to-buy-shiba-inu-on-kraken\/#1_Register_an_Account_on_Kraken\" >1. Re\u0123istr\u0113t kontu Kraken<\/a><\/li><li class='ez-toc-page-1 ez-toc-heading-level-3'><a class=\"ez-toc-link ez-toc-heading-4\" href=\"https:\/\/coinkickoff.com\/lv\/how-to-buy-shiba-inu\/how-to-buy-shiba-inu-on-kraken\/#2_Verify_Your_Account\" >2. P\u0101rbaudiet savu kontu<\/a><\/li><li class='ez-toc-page-1 ez-toc-heading-level-3'><a class=\"ez-toc-link ez-toc-heading-5\" href=\"https:\/\/coinkickoff.com\/lv\/how-to-buy-shiba-inu\/how-to-buy-shiba-inu-on-kraken\/#3_Enable_2FA\" >3. Iesl\u0113gt 2FA<\/a><\/li><li class='ez-toc-page-1 ez-toc-heading-level-3'><a class=\"ez-toc-link ez-toc-heading-6\" href=\"https:\/\/coinkickoff.com\/lv\/how-to-buy-shiba-inu\/how-to-buy-shiba-inu-on-kraken\/#4_Add_an_Instant_Payment_Method\" >4. Pievienojiet t\u016bl\u012bt\u0113ju maks\u0101jumu metodi<\/a><\/li><li class='ez-toc-page-1 ez-toc-heading-level-3'><a class=\"ez-toc-link ez-toc-heading-7\" href=\"https:\/\/coinkickoff.com\/lv\/how-to-buy-shiba-inu\/how-to-buy-shiba-inu-on-kraken\/#4_Navigate_to_the_Relevant_Screen_to_Buy\" >4. P\u0101rejiet uz attiec\u012bgo ekr\u0101nu, lai ieg\u0101d\u0101tos<\/a><\/li><\/ul><\/li><\/ul><\/nav><\/div>\n<h2><span class=\"ez-toc-section\" id=\"How_to_Buy_Shiba_Inu_on_Kraken_Exchange\"><\/span><span style=\"font-weight: 400;\">K\u0101 ieg\u0101d\u0101ties Shiba Inu Kraken bir\u017e\u0101<\/span><span class=\"ez-toc-section-end\"><\/span><\/h2>\n<p><span style=\"font-weight: 400;\">T\u0101pat k\u0101 liel\u0101k\u0101 da\u013ca kriptoval\u016btu, <a href=\"https:\/\/coinkickoff.com\/lv\/shiba-inu-shib\/\">Shiba Inu (SHIB)<\/a> ir spekulat\u012bvs akt\u012bvs: t\u0101 cena var pieaugt un krist atkar\u012bb\u0101 no slaven\u012bbu, tirgot\u0101ju un pat Reddit koment\u0113t\u0101ju kapr\u012bz\u0113m. K\u0101 m\u0113ms coin bez izmanto\u0161anas gad\u012bjuma, <a href=\"https:\/\/coinkickoff.com\/lv\/shiba-inu-shib\/\" data-internallinksmanager029f6b8e52c=\"16\" title=\"Kas ir Shiba Inu (SHIB)? K\u0101 tas darbojas un kur to ieg\u0101d\u0101ties?\">SHIB<\/a> ir \u012bpa\u0161i neaizsarg\u0101ts pret liel\u0101m un p\u0113k\u0161\u0146\u0101m cenu sv\u0101rst\u012bb\u0101m, kas to padara potenci\u0101li ienes\u012bgu un riskantu.<\/span><\/p>\n<p><span style=\"font-weight: 400;\">J\u016bs varat ieg\u0101d\u0101ties SHIB vair\u0101kos <a href=\"https:\/\/coinkickoff.com\/lv\/crypto-exchanges\/\" data-internallinksmanager029f6b8e52c=\"141\" title=\"21 Lab\u0101k\u0101s kriptoval\u016btas mai\u0146as un lietotnes 2024. gad\u0101\">kriptogr\u0101fijas bir\u017eas<\/a>, pateicoties t\u0101 popularit\u0101tei. \u0160aj\u0101 rokasgr\u0101mat\u0101 m\u0113s izskaidrosim, k\u0101 ieg\u0101d\u0101ties Shiba Inu par <a href=\"https:\/\/coinkickoff.com\/lv\/kraken-review\/\">Krakens<\/a>, ASV b\u0101z\u0113ta veter\u0101nu bir\u017ea, kas paz\u012bstama ar saviem augstajiem dro\u0161\u012bbas standartiem.<\/span><\/p>\n<h2><span class=\"ez-toc-section\" id=\"A_Step-By-Step_Guide_on_How_to_Buy_Shiba_Inu_on_Kraken\"><\/span><span style=\"font-weight: 400;\">Soli-pa-solim ce\u013cvedis par to, k\u0101 nopirkt Shiba Inu par Kraken<\/span><span class=\"ez-toc-section-end\"><\/span><\/h2>\n<h3><span class=\"ez-toc-section\" id=\"1_Register_an_Account_on_Kraken\"><\/span><span style=\"font-weight: 400;\">1. Re\u0123istr\u0113t kontu Kraken<\/span><span class=\"ez-toc-section-end\"><\/span><\/h3>\n<p><img loading=\"lazy\" decoding=\"async\" class=\"alignnone wp-image-3406 size-full\" src=\"https:\/\/coinkickoff.com\/wp-content\/uploads\/kraken1-e1682502957481.png\" alt=\"k\u0101 nopirkt Dogecoin Kraken vietn\u0113\" width=\"1339\" height=\"763\" srcset=\"https:\/\/coinkickoff.com\/wp-content\/uploads\/kraken1-e1682502957481.png 1339w, https:\/\/coinkickoff.com\/wp-content\/uploads\/kraken1-e1682502957481-300x171.png 300w, https:\/\/coinkickoff.com\/wp-content\/uploads\/kraken1-e1682502957481-1024x584.png 1024w, https:\/\/coinkickoff.com\/wp-content\/uploads\/kraken1-e1682502957481-768x438.png 768w, https:\/\/coinkickoff.com\/wp-content\/uploads\/kraken1-e1682502957481-18x10.png 18w\" sizes=\"auto, (max-width: 1339px) 100vw, 1339px\" \/><\/p>\n<p><span style=\"font-weight: 400;\">Vispirms: Dodieties uz <a href=\"https:\/\/coinkickoff.com\/lv\/kraken-review\/\" data-internallinksmanager029f6b8e52c=\"171\" title=\"Krakena apskats 2023: Maksas, funkcijas, dro\u0161\u012bba, plusi un m\u012bnusi\">Krakens<\/a>ofici\u0101laj\u0101 t\u012bmek\u013ca vietn\u0113 un izveidojiet kontu. Aizpildiet re\u0123istr\u0113\u0161an\u0101s veidlapu, ievadot visu nepiecie\u0161amo inform\u0101ciju. P\u0101rliecinieties, ka ievad\u0101t der\u012bgu e-pasta adresi: Kraken to izmantos, lai nos\u016bt\u012btu jums aktiviz\u0113\u0161anas saiti.<\/span><\/p>\n<h3><span class=\"ez-toc-section\" id=\"2_Verify_Your_Account\"><\/span><span style=\"font-weight: 400;\">2. P\u0101rbaudiet savu kontu<\/span><span class=\"ez-toc-section-end\"><\/span><\/h3>\n<p><span style=\"font-weight: 400;\">Kad esat pieteicies, ir j\u0101aizpilda identit\u0101tes verifik\u0101cija. Kraken ir diezgan stingra attiec\u012bb\u0101 uz identit\u0101tes p\u0101rbaudi, t\u0101p\u0113c \u0161o soli nevar izlaist. Paties\u012bb\u0101, tikl\u012bdz m\u0113\u0123in\u0101siet noklik\u0161\u0137in\u0101t uz cilnes \"Pirkt kriptoval\u016btu\" pane\u013ca aug\u0161pus\u0113, jums tiks pied\u0101v\u0101ts p\u0101rbaud\u012bt savu identit\u0101ti.<\/span><\/p>\n<p><img loading=\"lazy\" decoding=\"async\" class=\"alignnone wp-image-3407 size-full\" src=\"https:\/\/coinkickoff.com\/wp-content\/uploads\/kraken2-e1686524781685.png\" alt=\"Kraken verifik\u0101cijas br\u012bdin\u0101jums\" width=\"1360\" height=\"791\" srcset=\"https:\/\/coinkickoff.com\/wp-content\/uploads\/kraken2-e1686524781685.png 1360w, https:\/\/coinkickoff.com\/wp-content\/uploads\/kraken2-e1686524781685-300x174.png 300w, https:\/\/coinkickoff.com\/wp-content\/uploads\/kraken2-e1686524781685-1024x596.png 1024w, https:\/\/coinkickoff.com\/wp-content\/uploads\/kraken2-e1686524781685-768x447.png 768w, https:\/\/coinkickoff.com\/wp-content\/uploads\/kraken2-e1686524781685-18x10.png 18w\" sizes=\"auto, (max-width: 1360px) 100vw, 1360px\" \/><\/p>\n<p><span style=\"font-weight: 400;\">Kraken verifik\u0101cijas sh\u0113ma ir diezgan standarta: jums j\u0101ievada savs v\u0101rds, uzv\u0101rds, adrese un personas dati, k\u0101 ar\u012b j\u0101aug\u0161upiel\u0101d\u0113 personu apliecino\u0161i dokumenti.<\/span><\/p>\n<p><img loading=\"lazy\" decoding=\"async\" class=\"alignnone wp-image-3408 size-full\" src=\"https:\/\/coinkickoff.com\/wp-content\/uploads\/kraken3-e1682503223180.png\" alt=\"\" width=\"1375\" height=\"777\" srcset=\"https:\/\/coinkickoff.com\/wp-content\/uploads\/kraken3-e1682503223180.png 1375w, https:\/\/coinkickoff.com\/wp-content\/uploads\/kraken3-e1682503223180-300x170.png 300w, https:\/\/coinkickoff.com\/wp-content\/uploads\/kraken3-e1682503223180-1024x579.png 1024w, https:\/\/coinkickoff.com\/wp-content\/uploads\/kraken3-e1682503223180-768x434.png 768w, https:\/\/coinkickoff.com\/wp-content\/uploads\/kraken3-e1682503223180-18x10.png 18w, https:\/\/coinkickoff.com\/wp-content\/uploads\/kraken3-e1682503223180-600x338.png 600w\" sizes=\"auto, (max-width: 1375px) 100vw, 1375px\" \/><\/p>\n<p><span style=\"font-weight: 400;\">Ievadiet visu nepiecie\u0161amo inform\u0101ciju un noklik\u0161\u0137iniet uz \"Turpin\u0101t\". P\u0113c piepras\u012bjuma aug\u0161upiel\u0101d\u0113jiet nepiecie\u0161amos dokumentus. Procesu var pabeigt da\u017eu min\u016b\u0161u laik\u0101.\u00a0<\/span><\/p>\n<h3><span class=\"ez-toc-section\" id=\"3_Enable_2FA\"><\/span><span style=\"font-weight: 400;\">3. Iesl\u0113gt 2FA<\/span><span class=\"ez-toc-section-end\"><\/span><\/h3>\n<p><span style=\"font-weight: 400;\">Tikl\u012bdz esat verific\u0113ts lietot\u0101js, varat iemaks\u0101t l\u012bdzek\u013cus Kraken. Tom\u0113r pirms l\u012bdzek\u013cu iemaksas kont\u0101 ir ieteicams aktiviz\u0113t divu faktoru autentifik\u0101ciju (2FA). 2FA samazina iesp\u0113ju, ka j\u016bsu konts (un l\u012bdzek\u013ci) tiks nozagts.<\/span><\/p>\n<p><span style=\"font-weight: 400;\">Noklik\u0161\u0137iniet uz sava lietot\u0101jv\u0101rda, kas redzams ekr\u0101na aug\u0161\u0113j\u0101 labaj\u0101 st\u016br\u012b, un dodieties uz 2FA iestat\u012bjumiem.<\/span><\/p>\n<p><img loading=\"lazy\" decoding=\"async\" class=\"alignnone wp-image-3409 size-full\" src=\"https:\/\/coinkickoff.com\/wp-content\/uploads\/kraken4-e1682503267822.png\" alt=\"\" width=\"1360\" height=\"795\" srcset=\"https:\/\/coinkickoff.com\/wp-content\/uploads\/kraken4-e1682503267822.png 1360w, https:\/\/coinkickoff.com\/wp-content\/uploads\/kraken4-e1682503267822-300x175.png 300w, https:\/\/coinkickoff.com\/wp-content\/uploads\/kraken4-e1682503267822-1024x599.png 1024w, https:\/\/coinkickoff.com\/wp-content\/uploads\/kraken4-e1682503267822-768x449.png 768w, https:\/\/coinkickoff.com\/wp-content\/uploads\/kraken4-e1682503267822-18x12.png 18w\" sizes=\"auto, (max-width: 1360px) 100vw, 1360px\" \/><\/p>\n<p><span style=\"font-weight: 400;\">Jums ir j\u0101aktiviz\u0113 2FA, lai pieteiktos kont\u0101, bet varat to aktiviz\u0113t ar\u012b cit\u0101m oper\u0101cij\u0101m, piem\u0113ram, tirdzniec\u012bbai un finans\u0113\u0161anai. Lai s\u0101ktu, noklik\u0161\u0137iniet uz izcelt\u0101s pogas \"Aktiviz\u0113t tagad\".<\/span><\/p>\n<p><span style=\"font-weight: 400;\"><img loading=\"lazy\" decoding=\"async\" class=\"alignnone wp-image-3405 size-full\" src=\"https:\/\/coinkickoff.com\/wp-content\/uploads\/kraken-5-e1682503294785.png\" alt=\"\" width=\"1357\" height=\"770\" srcset=\"https:\/\/coinkickoff.com\/wp-content\/uploads\/kraken-5-e1682503294785.png 1357w, https:\/\/coinkickoff.com\/wp-content\/uploads\/kraken-5-e1682503294785-300x170.png 300w, https:\/\/coinkickoff.com\/wp-content\/uploads\/kraken-5-e1682503294785-1024x581.png 1024w, https:\/\/coinkickoff.com\/wp-content\/uploads\/kraken-5-e1682503294785-768x436.png 768w, https:\/\/coinkickoff.com\/wp-content\/uploads\/kraken-5-e1682503294785-18x10.png 18w\" sizes=\"auto, (max-width: 1357px) 100vw, 1357px\" \/><\/span><\/p>\n<p><span style=\"font-weight: 400;\">Kraken vietn\u0113 ir sniegts detaliz\u0113ts 2FA darb\u012bbas apraksts un nor\u0101d\u012bjumi, k\u0101 r\u012bkoties. B\u016bt\u012bb\u0101 viss, kas jums j\u0101dara, ir j\u0101ieg\u0101d\u0101jas lietotne Google Authenticator un j\u0101izmanto, lai sken\u0113tu QR kodu, ko jums \u0123ener\u0113 Kraken. Lietotne jums sniegs autentifik\u0101cijas kodu, lai apstiprin\u0101tu savu dro\u0161\u012bbu. Ievadiet kodu no lietotnes un noklik\u0161\u0137iniet uz \"Apstiprin\u0101t\".<\/span><\/p>\n<p><img loading=\"lazy\" decoding=\"async\" class=\"alignnone wp-image-3410 size-full\" src=\"https:\/\/coinkickoff.com\/wp-content\/uploads\/kraken6-e1682503322525.png\" alt=\"\" width=\"1357\" height=\"791\" \/><\/p>\n<p><span style=\"font-weight: 400;\">Katru reizi, kad pierakst\u012bsieties sav\u0101 kont\u0101, izmantosiet Google Authenticator lietotni.\u00a0<\/span><\/p>\n<h3><span class=\"ez-toc-section\" id=\"4_Add_an_Instant_Payment_Method\"><\/span><span style=\"font-weight: 400;\">4. Pievienojiet t\u016bl\u012bt\u0113ju maks\u0101jumu metodi<\/span><span class=\"ez-toc-section-end\"><\/span><\/h3>\n<p><span style=\"font-weight: 400;\">\u0100tr\u0101kais veids, k\u0101 ieg\u0101d\u0101ties Shiba Inu (vai jebkuru citu kriptoval\u016btu) Kraken, ir pievienot t\u016bl\u012bt\u0113ja maks\u0101juma metodi savam kontam. Apmai\u0146ai varat piesaist\u012bt kred\u012btkartes un debetkartes vai savu tie\u0161saistes bankas kontu.<\/span><\/p>\n<p><span style=\"font-weight: 400;\">Lai piesaist\u012btu karti savam kontam, noklik\u0161\u0137iniet uz cilnes \"Pirkt kriptoval\u016btu\". J\u016bs tiksiet novirz\u012bts uz lapu \"Kriptoval\u016btu pirk\u0161anas metodes\", kur varat pievienot maks\u0101juma metodi.<\/span><\/p>\n<p><img loading=\"lazy\" decoding=\"async\" class=\"alignnone wp-image-3412 size-full\" src=\"https:\/\/coinkickoff.com\/wp-content\/uploads\/kraken8-e1682503364155.png\" alt=\"k\u0101 nopirkt Shiba Inu Kraken vietn\u0113\" width=\"1206\" height=\"781\" srcset=\"https:\/\/coinkickoff.com\/wp-content\/uploads\/kraken8-e1682503364155.png 1206w, https:\/\/coinkickoff.com\/wp-content\/uploads\/kraken8-e1682503364155-300x194.png 300w, https:\/\/coinkickoff.com\/wp-content\/uploads\/kraken8-e1682503364155-1024x663.png 1024w, https:\/\/coinkickoff.com\/wp-content\/uploads\/kraken8-e1682503364155-768x497.png 768w, https:\/\/coinkickoff.com\/wp-content\/uploads\/kraken8-e1682503364155-18x12.png 18w\" sizes=\"auto, (max-width: 1206px) 100vw, 1206px\" \/><\/p>\n<p><span style=\"font-weight: 400;\">Noklik\u0161\u0137iniet uz \"Pievienot maks\u0101jumu metodes\". <\/span><\/p>\n<p><img loading=\"lazy\" decoding=\"async\" class=\"alignnone wp-image-3413 size-full\" src=\"https:\/\/coinkickoff.com\/wp-content\/uploads\/kraken9-e1682503407337.png\" alt=\"\" width=\"1196\" height=\"776\" srcset=\"https:\/\/coinkickoff.com\/wp-content\/uploads\/kraken9-e1682503407337.png 1196w, https:\/\/coinkickoff.com\/wp-content\/uploads\/kraken9-e1682503407337-300x195.png 300w, https:\/\/coinkickoff.com\/wp-content\/uploads\/kraken9-e1682503407337-1024x664.png 1024w, https:\/\/coinkickoff.com\/wp-content\/uploads\/kraken9-e1682503407337-768x498.png 768w, https:\/\/coinkickoff.com\/wp-content\/uploads\/kraken9-e1682503407337-18x12.png 18w\" sizes=\"auto, (max-width: 1196px) 100vw, 1196px\" \/><\/p>\n<p><span style=\"font-weight: 400;\">Debetkarti vai kred\u012btkarti varat pievienot, vienk\u0101r\u0161i ievadot kartes inform\u0101ciju. J\u016bs varat ar\u012b iemaks\u0101t skaidru naudu, izmantojot internetbanku, lai gan tas nav tik \u0101tri k\u0101 pirm\u0101 iesp\u0113ja.<\/span><\/p>\n<h3><span class=\"ez-toc-section\" id=\"4_Navigate_to_the_Relevant_Screen_to_Buy\"><\/span><span style=\"font-weight: 400;\">4. P\u0101rejiet uz attiec\u012bgo ekr\u0101nu, lai ieg\u0101d\u0101tos<\/span><span class=\"ez-toc-section-end\"><\/span><\/h3>\n<p><span style=\"font-weight: 400;\">Kad esat pievienojis maks\u0101jumu metodi savam Kraken kontam, ieg\u0101d\u0101ties SHIB ir \u013coti vienk\u0101r\u0161i. Lap\u0101 \"Pirkt kriptoval\u016btu\" noklik\u0161\u0137iniet uz \"Pirkt\".<\/span><\/p>\n<p><span style=\"font-weight: 400;\">Pied\u0101v\u0101tos akt\u012bvus var apskat\u012bt nolai\u017eamaj\u0101 izv\u0113ln\u0113. Sarakst\u0101 atlasiet Shiba Inu (sarakst\u0101 tas ir nor\u0101d\u012bts k\u0101 SHIB). Ievadiet summu, ko v\u0113laties t\u0113r\u0113t Shib, izv\u0113lieties maks\u0101juma metodi un noklik\u0161\u0137iniet uz apstiprin\u0101t.<\/span><\/p>\n<p><span style=\"font-weight: 400;\">Lai gan \u0161\u012b iesp\u0113ja ir \u013coti \u0101tra, kred\u012btkar\u0161u un debetkar\u0161u pirkumi, izmantojot vieglo pirkumu logr\u012bku, var b\u016bt \u013coti d\u0101rgi. Ja nev\u0113laties maks\u0101t augstu maksu par Shiba Inu pirk\u0161anu, varat izmantot otro metodi, kuru aprakst\u012bsim t\u0101l\u0101k.<\/span><\/p>\n<p><span style=\"font-weight: 400;\">J\u016bs varat tirgoties ar izv\u0113l\u0113t\u0101m fiat val\u016bt\u0101m, tostarp USD, par Shiba Inu Kraken. J\u0101uzman\u0101s, ka, lai izmantotu Kraken pied\u0101v\u0101t\u0101s zem\u0101k\u0101s komisijas maksas priek\u0161roc\u012bbas, kont\u0101 ir j\u0101iemaks\u0101 l\u012bdzek\u013ci. Tirdzniec\u012bbai Kraken nevar izmantot debetkartes vai kred\u012btkartes.<\/span><\/p>\n<p><span style=\"font-weight: 400;\">Ir divi veidi, k\u0101 konvert\u0113t USD uz Shiba Inu Kraken: J\u016bs varat izmantot <\/span><a href=\"https:\/\/kraken.pxf.io\/B0Rny4convert\/shib\/usd\" target=\"_blank\" rel=\"noopener\"><span style=\"font-weight: 400;\">Kraken autom\u0101tiskais p\u0101rveidot\u0101js<\/span><\/a><span style=\"font-weight: 400;\"> vai veikt tirdzniec\u012bbu, izvietojot r\u012bkojumu Shiba Inu.<\/span><\/p>\n<p><span style=\"font-weight: 400;\">Autom\u0101tiskais p\u0101rveidot\u0101js ir vienk\u0101r\u0161\u0101kais veids, k\u0101 tirgot USD par Kraken, bet, ja v\u0113laties noteikt savu cenu, r\u012bkojuma izteik\u0161ana ir lab\u0101kais veids, k\u0101 to dar\u012bt.<\/span><\/p>\n<p><span style=\"font-weight: 400;\">Ja v\u0113laties veikt pas\u016bt\u012bjumu, dodieties uz cilni \"Tirdzniec\u012bba\" un noklik\u0161\u0137iniet uz \"Jauns pas\u016bt\u012bjums\". Izv\u0113lieties USD\/SHIB tirdzniec\u012bbas p\u0101ri.<\/span><\/p>\n<p><span style=\"font-weight: 400;\">Pas\u016bt\u012bjuma veidlapa var \u0161\u0137ist mulsino\u0161a, ta\u010du t\u0101 ir \u013coti vienk\u0101r\u0161a: Vienk\u0101r\u0161i ievadiet, cik daudz v\u0113laties t\u0113r\u0113t. Varat pie\u0146emt SHIB tirgus cenu vai ar\u012b noteikt sev piem\u0113rotu cenu. Ja iestat\u012bsiet p\u0101r\u0101k zemu cenu, j\u016bsu pas\u016bt\u012bjuma izpilde var aiz\u0146emt laiku.<\/span><\/p>\n<p><span style=\"font-weight: 400;\">Apsveicam! Tagad j\u016bs zin\u0101t, k\u0101 ieg\u0101d\u0101ties Shiba Inu Kraken.<\/span><\/p>","protected":false},"excerpt":{"rendered":"<p>K\u0101 ieg\u0101d\u0101ties Shiba Inu Kraken bir\u017e\u0101 T\u0101pat k\u0101 liel\u0101k\u0101 da\u013ca kriptoval\u016btu, ar\u012b Shiba Inu (SHIB) ir spekulat\u012bvs akt\u012bvs: t\u0101 cena var pieaugt un krist atkar\u012bb\u0101 no slaven\u012bbu, tirgot\u0101ju un pat Reddit koment\u0113t\u0101ju kapr\u012bz\u0113m. T\u0101 k\u0101 SHIB ir m\u0113m\u0101 coin bez pielietojuma, SHIB ir \u012bpa\u0161i neaizsarg\u0101ts pret milz\u012bg\u0101m un p\u0113k\u0161\u0146\u0101m cenu sv\u0101rst\u012bb\u0101m, padarot to [...].<\/p>","protected":false},"author":3,"featured_media":0,"parent":3709,"menu_order":0,"comment_status":"closed","ping_status":"closed","template":"","meta":{"_genesis_hide_title":false,"_genesis_hide_breadcrumbs":false,"_genesis_hide_singular_image":false,"_genesis_hide_footer_widgets":false,"_genesis_custom_body_class":"","_genesis_custom_post_class":"","_genesis_layout":"","_glsr_average":0,"_glsr_ranking":0,"_glsr_reviews":0,"footnotes":""},"class_list":{"0":"post-3877","1":"page","2":"type-page","3":"status-publish","5":"entry"},"featured_image_src":null,"featured_image_src_square":null,"_links":{"self":[{"href":"https:\/\/coinkickoff.com\/lv\/wp-json\/wp\/v2\/pages\/3877","targetHints":{"allow":["GET"]}}],"collection":[{"href":"https:\/\/coinkickoff.com\/lv\/wp-json\/wp\/v2\/pages"}],"about":[{"href":"https:\/\/coinkickoff.com\/lv\/wp-json\/wp\/v2\/types\/page"}],"author":[{"embeddable":true,"href":"https:\/\/coinkickoff.com\/lv\/wp-json\/wp\/v2\/users\/3"}],"replies":[{"embeddable":true,"href":"https:\/\/coinkickoff.com\/lv\/wp-json\/wp\/v2\/comments?post=3877"}],"version-history":[{"count":3,"href":"https:\/\/coinkickoff.com\/lv\/wp-json\/wp\/v2\/pages\/3877\/revisions"}],"predecessor-version":[{"id":3880,"href":"https:\/\/coinkickoff.com\/lv\/wp-json\/wp\/v2\/pages\/3877\/revisions\/3880"}],"up":[{"embeddable":true,"href":"https:\/\/coinkickoff.com\/lv\/wp-json\/wp\/v2\/pages\/3709"}],"wp:attachment":[{"href":"https:\/\/coinkickoff.com\/lv\/wp-json\/wp\/v2\/media?parent=3877"}],"curies":[{"name":"wp","href":"https:\/\/api.w.org\/{rel}","templated":true}]}}