{"id":3709,"date":"2026-01-08T14:06:54","date_gmt":"2026-01-08T14:06:54","guid":{"rendered":"https:\/\/coinkickoff.com\/?page_id=3709"},"modified":"2026-01-08T14:06:54","modified_gmt":"2026-01-08T14:06:54","slug":"how-to-buy-shiba-inu","status":"publish","type":"page","link":"https:\/\/coinkickoff.com\/lv\/how-to-buy-shiba-inu\/","title":{"rendered":"K\u0101 ieg\u0101d\u0101ties Shiba Inu (SHIB)"},"content":{"rendered":"<div id=\"ez-toc-container\" class=\"ez-toc-v2_0_80 counter-hierarchy ez-toc-counter ez-toc-transparent ez-toc-container-direction\">\n<div class=\"ez-toc-title-container\">\n<p class=\"ez-toc-title\" style=\"cursor:inherit\">Sada\u013cas<\/p>\n<span class=\"ez-toc-title-toggle\"><a href=\"#\" class=\"ez-toc-pull-right ez-toc-btn ez-toc-btn-xs ez-toc-btn-default ez-toc-toggle\" aria-label=\"P\u0101rsl\u0113gt satura tabulu\"><span class=\"ez-toc-js-icon-con\"><span class=\"\"><span class=\"eztoc-hide\" style=\"display:none;\">P\u0101rsl\u0113gt<\/span><span class=\"ez-toc-icon-toggle-span\"><svg style=\"fill: #999;color:#999\" xmlns=\"http:\/\/www.w3.org\/2000\/svg\" class=\"list-377408\" width=\"20px\" height=\"20px\" viewbox=\"0 0 24 24\" fill=\"none\"><path d=\"M6 6H4v2h2V6zm14 0H8v2h12V6zM4 11h2v2H4v-2zm16 0H8v2h12v-2zM4 16h2v2H4v-2zm16 0H8v2h12v-2z\" fill=\"currentColor\"><\/path><\/svg><svg style=\"fill: #999;color:#999\" class=\"arrow-unsorted-368013\" xmlns=\"http:\/\/www.w3.org\/2000\/svg\" width=\"10px\" height=\"10px\" viewbox=\"0 0 24 24\" version=\"1.2\" baseprofile=\"tiny\"><path d=\"M18.2 9.3l-6.2-6.3-6.2 6.3c-.2.2-.3.4-.3.7s.1.5.3.7c.2.2.4.3.7.3h11c.3 0 .5-.1.7-.3.2-.2.3-.5.3-.7s-.1-.5-.3-.7zM5.8 14.7l6.2 6.3 6.2-6.3c.2-.2.3-.5.3-.7s-.1-.5-.3-.7c-.2-.2-.4-.3-.7-.3h-11c-.3 0-.5.1-.7.3-.2.2-.3.5-.3.7s.1.5.3.7z\"\/><\/svg><\/span><\/span><\/span><\/a><\/span><\/div>\n<nav><ul class='ez-toc-list ez-toc-list-level-1 eztoc-toggle-hide-by-default' ><li class='ez-toc-page-1 ez-toc-heading-level-2'><a class=\"ez-toc-link ez-toc-heading-1\" href=\"https:\/\/coinkickoff.com\/lv\/how-to-buy-shiba-inu\/#How_to_Buy_Shiba_Inu\" >K\u0101 ieg\u0101d\u0101ties Shiba Inu<\/a><\/li><li class='ez-toc-page-1 ez-toc-heading-level-2'><a class=\"ez-toc-link ez-toc-heading-2\" href=\"https:\/\/coinkickoff.com\/lv\/how-to-buy-shiba-inu\/#What_Is_Shiba_Inu\" >Kas ir Shiba Inu?<\/a><\/li><li class='ez-toc-page-1 ez-toc-heading-level-2'><a class=\"ez-toc-link ez-toc-heading-3\" href=\"https:\/\/coinkickoff.com\/lv\/how-to-buy-shiba-inu\/#Where_Can_I_Buy_Shiba_Inu\" >Kur es varu ieg\u0101d\u0101ties Shiba Inu?<\/a><\/li><li class='ez-toc-page-1 ez-toc-heading-level-2'><a class=\"ez-toc-link ez-toc-heading-4\" href=\"https:\/\/coinkickoff.com\/lv\/how-to-buy-shiba-inu\/#How_to_Buy_Shiba_Inu-2\" >K\u0101 ieg\u0101d\u0101ties Shiba Inu<\/a><ul class='ez-toc-list-level-3' ><li class='ez-toc-heading-level-3'><a class=\"ez-toc-link ez-toc-heading-5\" href=\"https:\/\/coinkickoff.com\/lv\/how-to-buy-shiba-inu\/#Choose_Your_Exchange\" >Izv\u0113lieties savu apmai\u0146as vietni<\/a><\/li><li class='ez-toc-page-1 ez-toc-heading-level-3'><a class=\"ez-toc-link ez-toc-heading-6\" href=\"https:\/\/coinkickoff.com\/lv\/how-to-buy-shiba-inu\/#Store_Your_SHIB\" >Saglab\u0101jiet savu SHIB<\/a><ul class='ez-toc-list-level-4' ><li class='ez-toc-heading-level-4'><a class=\"ez-toc-link ez-toc-heading-7\" href=\"https:\/\/coinkickoff.com\/lv\/how-to-buy-shiba-inu\/#Exchange_Wallet\" >Apmai\u0146as maci\u0146\u0161<\/a><\/li><li class='ez-toc-page-1 ez-toc-heading-level-4'><a class=\"ez-toc-link ez-toc-heading-8\" href=\"https:\/\/coinkickoff.com\/lv\/how-to-buy-shiba-inu\/#Self-Custody_Hot_Wallets\" >Pa\u0161p\u0101rvaldes karstie maki<\/a><\/li><li class='ez-toc-page-1 ez-toc-heading-level-4'><a class=\"ez-toc-link ez-toc-heading-9\" href=\"https:\/\/coinkickoff.com\/lv\/how-to-buy-shiba-inu\/#Cold_Wallets\" >Aukstie maki<\/a><\/li><\/ul><\/li><\/ul><\/li><\/ul><\/nav><\/div>\n<h2><span class=\"ez-toc-section\" id=\"How_to_Buy_Shiba_Inu\"><\/span><span style=\"font-weight: 400;\">K\u0101 ieg\u0101d\u0101ties Shiba Inu<\/span><span class=\"ez-toc-section-end\"><\/span><\/h2>\n<p><img loading=\"lazy\" decoding=\"async\" class=\"alignnone wp-image-168 size-full\" src=\"https:\/\/coinkickoff.com\/wp-content\/uploads\/2022\/06\/Shiba-Inu-SHIB.jpg\" alt=\"k\u0101 ieg\u0101d\u0101ties shiba inu\" width=\"1000\" height=\"1000\" srcset=\"https:\/\/coinkickoff.com\/wp-content\/uploads\/2022\/06\/Shiba-Inu-SHIB.jpg 1000w, https:\/\/coinkickoff.com\/wp-content\/uploads\/2022\/06\/Shiba-Inu-SHIB-300x300.jpg 300w, https:\/\/coinkickoff.com\/wp-content\/uploads\/2022\/06\/Shiba-Inu-SHIB-150x150.jpg 150w, https:\/\/coinkickoff.com\/wp-content\/uploads\/2022\/06\/Shiba-Inu-SHIB-768x768.jpg 768w, https:\/\/coinkickoff.com\/wp-content\/uploads\/2022\/06\/Shiba-Inu-SHIB-12x12.jpg 12w, https:\/\/coinkickoff.com\/wp-content\/uploads\/2022\/06\/Shiba-Inu-SHIB-80x80.jpg 80w, https:\/\/coinkickoff.com\/wp-content\/uploads\/2022\/06\/Shiba-Inu-SHIB-600x600.jpg 600w\" sizes=\"auto, (max-width: 1000px) 100vw, 1000px\" \/><\/p>\n<p><span style=\"font-weight: 400;\">Vai j\u016bs interes\u0113 ieg\u0101d\u0101ties <a href=\"https:\/\/coinkickoff.com\/lv\/shiba-inu-shib\/\" data-internallinksmanager029f6b8e52c=\"16\" title=\"Kas ir Shiba Inu (SHIB)? K\u0101 tas darbojas un kur to ieg\u0101d\u0101ties?\">Shiba Inu<\/a> bet nezin\u0101t, ar ko s\u0101kt? J\u016bs atrodaties \u012bstaj\u0101 viet\u0101. \u0160eit ir viss, kas jums j\u0101zina par Shiba Inu ieg\u0101di.\u00a0<\/span><\/p>\n<h2><span class=\"ez-toc-section\" id=\"What_Is_Shiba_Inu\"><\/span><span style=\"font-weight: 400;\">Kas ir Shiba Inu?<\/span><span class=\"ez-toc-section-end\"><\/span><\/h2>\n<p><span style=\"font-weight: 400;\">Shiba Inu token (SHIB) tika izveidots 2020. gada august\u0101 k\u0101 m\u0113ms coin, ko izveidoja pseidon\u012bms izstr\u0101d\u0101t\u0101js ar nosaukumu \"Ryoshi\". coin k\u013cuva popul\u0101rs p\u0113c tam, kad \"Ryoshi\" nos\u016bt\u012bja pusi no kop\u0113j\u0101 pied\u0101v\u0101juma uz <a href=\"https:\/\/coinkickoff.com\/lv\/ethereum-eth\/\" data-internallinksmanager029f6b8e52c=\"2\" title=\"Kas ir Ethereum (ETH)? Cena, v\u0113sture un kur nopirkt\">Ethereum<\/a> dibin\u0101t\u0101js Vit\u0101liks Buterins k\u0101 veidu, k\u0101 p\u0101rdot coin mas\u0101m. Buterins sadedzin\u0101ja <\/span><a href=\"https:\/\/www.coindesk.com\/markets\/2021\/05\/17\/vitalik-buterin-burns-6b-in-shib-tokens-says-he-doesnt-want-the-power\/\" target=\"_blank\" rel=\"noopener\"><span style=\"font-weight: 400;\">90% no pieg\u0101des un ziedoja atliku\u0161o 10% labdar\u012bbai.<\/span><\/a><span style=\"font-weight: 400;\"> Indij\u0101 Kovid-19 pand\u0113mijas laik\u0101.<\/span><\/p>\n<p><img loading=\"lazy\" decoding=\"async\" class=\"alignnone wp-image-3712 size-full\" src=\"https:\/\/coinkickoff.com\/wp-content\/uploads\/Screen-Shot-2023-05-24-at-2.12.50-PM-e1684926889358.png\" alt=\"\" width=\"759\" height=\"629\" srcset=\"https:\/\/coinkickoff.com\/wp-content\/uploads\/Screen-Shot-2023-05-24-at-2.12.50-PM-e1684926889358.png 759w, https:\/\/coinkickoff.com\/wp-content\/uploads\/Screen-Shot-2023-05-24-at-2.12.50-PM-e1684926889358-300x249.png 300w, https:\/\/coinkickoff.com\/wp-content\/uploads\/Screen-Shot-2023-05-24-at-2.12.50-PM-e1684926889358-14x12.png 14w\" sizes=\"auto, (max-width: 759px) 100vw, 759px\" \/><\/p>\n<p><span style=\"font-weight: 400;\">Shiba Inu \u013coti atg\u0101dina konkur\u0113jo\u0161o memu\u0101ru token <a href=\"https:\/\/coinkickoff.com\/lv\/dogecoin-doge\/\" data-internallinksmanager029f6b8e52c=\"14\" title=\"Kas ir Dogecoin (DOGE)? K\u0101 tas darbojas un kur to ieg\u0101d\u0101ties?\">Dogecoin<\/a>, jo abos projektos tiek izmantots Shiba Inu su\u0146a att\u0113ls (kas iedvesmoja Doge memu), un tie b\u016bt\u012bb\u0101 tiek uzskat\u012bti par coins jokiem. Rad\u012bt\u0101ju komanda un Shiba Inu kopiena SHIB ir nod\u0113v\u0113jusi par \"DOGEKILLER\", jo projekta m\u0113r\u0137is ir p\u0101rsp\u0113t DOGE popularit\u0101ti.<\/span><\/p>\n<p><img loading=\"lazy\" decoding=\"async\" class=\"alignnone wp-image-3711 size-full\" src=\"https:\/\/coinkickoff.com\/wp-content\/uploads\/elon-musk-shiba.png\" alt=\"\" width=\"447\" height=\"794\" srcset=\"https:\/\/coinkickoff.com\/wp-content\/uploads\/elon-musk-shiba.png 447w, https:\/\/coinkickoff.com\/wp-content\/uploads\/elon-musk-shiba-169x300.png 169w, https:\/\/coinkickoff.com\/wp-content\/uploads\/elon-musk-shiba-7x12.png 7w\" sizes=\"auto, (max-width: 447px) 100vw, 447px\" \/><\/p>\n<p><span style=\"font-weight: 400;\">L\u012bdz\u012bgi k\u0101 Dogecoin, <\/span><b>Shiba Inu nav \u012bsti izmantojams<\/b><span style=\"font-weight: 400;\">. Tas galvenok\u0101rt ir popul\u0101rs interneta kult\u016bras un spekul\u0101ciju d\u0113\u013c. 2021. gad\u0101 coin cena pieauga 10 reizes p\u0113c tam, kad <\/span><a href=\"https:\/\/www.news.com.au\/finance\/markets\/world-markets\/shib-coin-why-shiba-inu-price-is-surging\/news-story\/a1bb8332cda46430f3093582e62ade73\" target=\"_blank\" rel=\"noopener\"><span style=\"font-weight: 400;\">Elons Masks tviter\u012b ierakst\u012bja <\/span><\/a><span style=\"font-weight: 400;\">savu Shiba Inu \u0161\u0137irnes su\u0146a att\u0113lu, lai gan v\u0113l\u0101k token cena atkal samazin\u0101j\u0101s l\u012bdz iepriek\u0161\u0113jam l\u012bmenim.<\/span><\/p>\n<p><img loading=\"lazy\" decoding=\"async\" class=\"alignnone wp-image-3710 size-full\" src=\"https:\/\/coinkickoff.com\/wp-content\/uploads\/shiba-inu-price-e1684926920831.png\" alt=\"\" width=\"766\" height=\"500\" srcset=\"https:\/\/coinkickoff.com\/wp-content\/uploads\/shiba-inu-price-e1684926920831.png 766w, https:\/\/coinkickoff.com\/wp-content\/uploads\/shiba-inu-price-e1684926920831-300x196.png 300w, https:\/\/coinkickoff.com\/wp-content\/uploads\/shiba-inu-price-e1684926920831-18x12.png 18w\" sizes=\"auto, (max-width: 766px) 100vw, 766px\" \/><\/p>\n<p><span style=\"font-weight: 400;\">Kopum\u0101 t\u0101dus m\u0113mos coins k\u0101 Shiba Inu un Dogecoin var uzskat\u012bt par pump-and-dump coins, jo tiem tr\u016bkst lietder\u012bbas. Cilv\u0113ki tos bie\u017ei p\u0113rk, cerot, ka, p\u0113k\u0161\u0146i paaugstinoties cenai, var\u0113s atbr\u012bvoties no saviem akt\u012bviem.<\/span><\/p>\n<p><span style=\"font-weight: 400;\">Tom\u0113r, t\u0101pat k\u0101 DOGE, Shiba Inu ir neticami l\u0113ts un diezgan popul\u0101rs. Par simts dol\u0101riem var viegli ieg\u0101d\u0101ties lielu daudzumu SH\u0130B. Kopum\u0101 to viegl\u0101 pieejam\u012bba, liel\u0101 paman\u0101m\u012bba un cenu sv\u0101rst\u012bgums padara coins pievilc\u012bgus tiem, kas neiebilst pret riskantiem ieguld\u012bjumiem cer\u012bb\u0101 uz lielu pe\u013c\u0146u.\u00a0<\/span><\/p>\n<h2><span class=\"ez-toc-section\" id=\"Where_Can_I_Buy_Shiba_Inu\"><\/span><span style=\"font-weight: 400;\">Kur es varu ieg\u0101d\u0101ties Shiba Inu?<\/span><span class=\"ez-toc-section-end\"><\/span><\/h2>\n<p><a href=\"https:\/\/coinmarketcap.com\/currencies\/shiba-inu\/\" target=\"_blank\" rel=\"noopener\"><span style=\"font-weight: 400;\">SHIB ir 14. liel\u0101kais kriptogr\u0101fiskais<\/span><\/a><span style=\"font-weight: 400;\"> p\u0113c tirgus kapit\u0101lu, t\u0101p\u0113c gandr\u012bz visas popul\u0101r\u0101k\u0101s bir\u017eas saraksts \u013cauj jums to tirgot.<\/span><\/p>\n<p><span style=\"font-weight: 400;\">J\u016bs varat ieg\u0101d\u0101ties SHIB ar fiat val\u016bt\u0101m centraliz\u0113ti <a href=\"https:\/\/coinkickoff.com\/lv\/crypto-exchanges\/\" data-internallinksmanager029f6b8e52c=\"141\" title=\"21 Lab\u0101k\u0101s kriptoval\u016btas mai\u0146as un lietotnes 2024. gad\u0101\">kriptogr\u0101fijas bir\u017eas<\/a> piem\u0113ram, <\/span><a href=\"https:\/\/coinkickoff.com\/lv\/binance-review\/\"><span style=\"font-weight: 400;\">Binance<\/span><\/a><span style=\"font-weight: 400;\">, <\/span><a href=\"https:\/\/coinkickoff.com\/lv\/kraken-review\/\"><span style=\"font-weight: 400;\">Krakens<\/span><\/a><span style=\"font-weight: 400;\">, <\/span><a href=\"https:\/\/coinkickoff.com\/lv\/coinbase-review\/\"><span style=\"font-weight: 400;\">Coinbase<\/span><\/a><span style=\"font-weight: 400;\">, <\/span><a href=\"https:\/\/www.kucoin.com\/r\/af\/rMJPV3B\" target=\"_blank\" rel=\"noopener\"><span style=\"font-weight: 400;\">Kucoin<\/span><\/a><span style=\"font-weight: 400;\">, <\/span><a href=\"https:\/\/www.bitfinex.com\/sign-up?refcode=kjCYk-CZD\" target=\"_blank\" rel=\"noopener\"><span style=\"font-weight: 400;\">Bitfinex<\/span><\/a><span style=\"font-weight: 400;\">, un <\/span><a href=\"https:\/\/www.okx.com\/join\/65358827\" target=\"_blank\" rel=\"noopener\"><span style=\"font-weight: 400;\">OKX<\/span><\/a><span style=\"font-weight: 400;\">.<\/span><\/p>\n<p><span style=\"font-weight: 400;\">J\u016bs varat ar\u012b tirgot SHIB decentraliz\u0113t\u0101s bir\u017e\u0101s, piem\u0113ram. <a href=\"https:\/\/coinkickoff.com\/lv\/uniswap-uni\/\" data-internallinksmanager029f6b8e52c=\"34\" title=\"Kas ir Uniswap (UNI), k\u0101 tas darbojas un kur to ieg\u0101d\u0101ties?\">Uniswap<\/a> un Sushiswap. \u0160aj\u0101s bir\u017e\u0101s j\u016bs nevarat ieg\u0101d\u0101ties kriptoval\u016btu par fiat val\u016btu, bet, ja jums jau pieder kriptoval\u016bta, varat to apmain\u012bt pret SHIB.<\/span><\/p>\n<h2><span class=\"ez-toc-section\" id=\"How_to_Buy_Shiba_Inu-2\"><\/span><span style=\"font-weight: 400;\">K\u0101 ieg\u0101d\u0101ties Shiba Inu<\/span><span class=\"ez-toc-section-end\"><\/span><\/h2>\n<p><span style=\"font-weight: 400;\">T\u0101tad esat nol\u0113mis \u0137erties kl\u0101t un ieg\u0101d\u0101ties Shiba Inu. Lieliski, bet vispirms jums j\u0101pie\u0146em divi l\u0113mumi: Pirmk\u0101rt, j\u0101izlemj, kuru bir\u017eu v\u0113laties izmantot, lai ieg\u0101d\u0101tos coin. P\u0113c tam j\u0101izlemj par glab\u0101\u0161anas metodi. Tikl\u012bdz to b\u016bsiet noskaidroju\u0161i, var\u0113siet ieg\u0101d\u0101ties SHIB.\u00a0<\/span><\/p>\n<p><span style=\"font-weight: 400;\">\u0160eit ir sniegts katra so\u013ca sadal\u012bjums, lai atvieglotu pirkumu.<\/span><\/p>\n<h3><span class=\"ez-toc-section\" id=\"Choose_Your_Exchange\"><\/span><span style=\"font-weight: 400;\">Izv\u0113lieties savu apmai\u0146as vietni<\/span><span class=\"ez-toc-section-end\"><\/span><\/h3>\n<p><span style=\"font-weight: 400;\">T\u0101 k\u0101 Shiba Inu ir \u013coti popul\u0101rs, un to var atrast gandr\u012bz vis\u0101s kriptoval\u016btu bir\u017e\u0101s. Tom\u0113r, t\u0101 k\u0101 ir daudz bir\u017eu, izv\u0113l\u0113ties pareizo var b\u016bt apgr\u016btino\u0161i. Tom\u0113r neuztraucieties, jo mums ir <\/span><a href=\"https:\/\/coinkickoff.com\/lv\/crypto-exchanges\/\"><span style=\"font-weight: 400;\">\u012bss ce\u013cvedis par lab\u0101kaj\u0101m kriptogr\u0101fijas bir\u017e\u0101m<\/span><\/a><span style=\"font-weight: 400;\"> varat izmantot.<\/span><\/p>\n<p><span style=\"font-weight: 400;\">Izv\u0113loties mai\u0146as punktu, ir j\u0101\u0146em v\u0113r\u0101 da\u017eas lietas. Ja v\u0113laties ieguld\u012bt da\u017e\u0101dos altcoins, jums var b\u016bt v\u0113lams. <\/span><b>liel\u0101ka platforma<\/b><span style=\"font-weight: 400;\"> kas pied\u0101v\u0101 vair\u0101kus digit\u0101los l\u012bdzek\u013cus, piem\u0113ram. <a href=\"https:\/\/coinkickoff.com\/lv\/binance-review\/\" data-internallinksmanager029f6b8e52c=\"152\" title=\"Binance Atsauksmes 2024: Funkcijas, nodevas, dro\u0161\u012bba, plusi un m\u012bnusi\">Binance<\/a> vai <a href=\"https:\/\/coinkickoff.com\/lv\/coinbase-review\/\" data-internallinksmanager029f6b8e52c=\"142\" title=\"Coinb\u0101ze Atsauksmes 2024: Funkcijas, nodevas, dro\u0161\u012bba, plusi un m\u012bnusi\">Coinbase<\/a>.\u00a0<\/span><\/p>\n<p><span style=\"font-weight: 400;\">Jums ir j\u0101dom\u0101 ar\u012b par<\/span><b> val\u016btas mai\u0146as maksa<\/b><span style=\"font-weight: 400;\">. Liel\u0101k\u0101 da\u013ca bir\u017eu pied\u0101v\u0101 divas atsevi\u0161\u0137as cenu noteik\u0161anas sist\u0113mas: Viena no t\u0101m ir diferenc\u0113ta un l\u012bdz ar to l\u0113t\u0101ka maksa par profesion\u0101lu tirdzniec\u012bbu, bet otra ir vienk\u0101r\u0161a pirk\u0161anas funkcija, kas ir d\u0101rg\u0101ka.\u00a0<\/span><\/p>\n<p><span style=\"font-weight: 400;\">Ja esat ies\u0101c\u0113js, kas v\u0113las viegli ieg\u0101d\u0101ties coins, viegl\u0101 pirkuma funkcija ir j\u016bsu lab\u0101kais risin\u0101jums. Sal\u012bdzinot bir\u017eas, p\u0101rbaudiet to komisijas maksu par vienk\u0101r\u0161\u0101m pirk\u0161anas oper\u0101cij\u0101m. Parasti likmes at\u0161\u0137iras no %1 l\u012bdz %5 atkar\u012bb\u0101 no bir\u017eas un maks\u0101juma metodes.<\/span><\/p>\n<h3><span class=\"ez-toc-section\" id=\"Store_Your_SHIB\"><\/span><span style=\"font-weight: 400;\">Saglab\u0101jiet savu SHIB<\/span><span class=\"ez-toc-section-end\"><\/span><\/h3>\n<p><span style=\"font-weight: 400;\">Pirms ieg\u0101d\u0101jaties coins, ir labi izp\u0113t\u012bt kriptonauda makus. Kriptoval\u016btas glab\u0101\u0161ana ir nopietna lieta: t\u0101 k\u0101 kriptoval\u016btas akt\u012bvi past\u0101v tikai \u0137\u0113d\u0113, vien\u012bgais veids, k\u0101 piek\u013c\u016bt saviem l\u012bdzek\u013ciem, ir izmantot kriptoval\u016btas maku.\u00a0\u00a0<\/span><\/p>\n<p><span style=\"font-weight: 400;\">Ir divi galvenie kriptonauda maku veidi: <\/span><b>karstie un aukstie maki<\/b><span style=\"font-weight: 400;\">. Starp abiem veidiem ir vienk\u0101r\u0161a, bet svar\u012bga at\u0161\u0137ir\u012bba - karstie maki ir savienoti ar internetu, bet aukstie maki glab\u0101 j\u016bsu akt\u012bvus bezsaist\u0113.<\/span><\/p>\n<p><span style=\"font-weight: 400;\">Karstie maki ir bir\u017eas maki un programmat\u016bras maki, bet aukstie maki ir pap\u012bra maki un aparat\u016bras maki.<\/span><\/p>\n<h4><span class=\"ez-toc-section\" id=\"Exchange_Wallet\"><\/span><span style=\"font-weight: 400;\">Apmai\u0146as maci\u0146\u0161<\/span><span class=\"ez-toc-section-end\"><\/span><\/h4>\n<p><span style=\"font-weight: 400;\">Bir\u017eas maki ir popul\u0101rs risin\u0101jums kriptoval\u016btu glab\u0101\u0161anai, jo tie ir \u013coti \u0113rti. P\u0113rkot kriptoval\u016btu centraliz\u0113t\u0101 bir\u017e\u0101, piem\u0113ram. <\/span><a href=\"https:\/\/coinkickoff.com\/lv\/coinbase-review\/\"><span style=\"font-weight: 400;\">Coinbase<\/span><\/a><span style=\"font-weight: 400;\"> vai <\/span><a href=\"https:\/\/coinkickoff.com\/lv\/binance-review\/\"><span style=\"font-weight: 400;\">Binance<\/span><\/a><span style=\"font-weight: 400;\">, j\u016bsu coins tiek nekav\u0113joties noguld\u012bti bir\u017eas izvietot\u0101 mak\u0101. Tas \u013cauj jums viegli un \u0101tri p\u0101rdot vai tirgot savus coins bir\u017e\u0101.<\/span><\/p>\n<p><span style=\"font-weight: 400;\">Apmai\u0146as maku tr\u016bkums ir tas, ka t\u0101m tr\u016bkst pietiekamas dro\u0161\u012bbas. T\u0101 k\u0101 maku mitina bir\u017ea, jums nav tie\u0161as kontroles p\u0101r saviem l\u012bdzek\u013ciem. Ja bir\u017ea bankrot\u0113 vai tiek uzlauzta, j\u016bsu l\u012bdzek\u013ci var tikt zaud\u0113ti uz visiem laikiem.<\/span><\/p>\n<p><span style=\"font-weight: 400;\">Da\u017eas bir\u017eas pied\u0101v\u0101 ierobe\u017eotas aizsardz\u012bbas sh\u0113mas pret dro\u0161\u012bbas p\u0101rk\u0101pumiem, ta\u010du kompens\u0101cija nekad nav garant\u0113ta, jo gal\u012bgais l\u0113mums ir bir\u017eas \u012bpa\u0161nieku un p\u0101rvaldnieku zi\u0146\u0101.<\/span><\/p>\n<p><span style=\"font-weight: 400;\">Kripto entuziasti bie\u017ei apgalvo, ka \"ne j\u016bsu atsl\u0113gas, ne j\u016bsu coins\", lai br\u012bdin\u0101tu kriptogr\u0101fijas tirgot\u0101jus par briesm\u0101m, kas draud, atst\u0101jot lielu daudzumu kriptonauda apmai\u0146as makos. Piem\u0113ram, kad FTX pasludin\u0101ja bankrotu, <\/span><a href=\"https:\/\/www.npr.org\/2022\/11\/17\/1137501882\/ftx-investors-are-unable-to-access-their-money-shaking-crypto-investors-confiden\" target=\"_blank\" rel=\"noopener\"><span style=\"font-weight: 400;\">lietot\u0101ji nevar\u0113ja p\u0101rvietot savus akt\u012bvus<\/span><\/a><span style=\"font-weight: 400;\"> no apmai\u0146as makiem, jo vi\u0146iem nebija piek\u013cuves apmai\u0146as maku atsl\u0113g\u0101m.<\/span><\/p>\n<p><span style=\"font-weight: 400;\">Ja jums ir ne\u0113rti atst\u0101t savus akt\u012bvus apmai\u0146as mak\u0101, apsveriet iesp\u0113ju tos p\u0101rvietot uz pa\u0161p\u0101rvaldes maku.<\/span><\/p>\n<h4><span class=\"ez-toc-section\" id=\"Self-Custody_Hot_Wallets\"><\/span><span style=\"font-weight: 400;\">Pa\u0161p\u0101rvaldes karstie maki<\/span><span class=\"ez-toc-section-end\"><\/span><\/h4>\n<p><span style=\"font-weight: 400;\">Ja coins glab\u0101\u0161anai nev\u0113laties izmantot bir\u017eas maku, varat sav\u0101 mobilaj\u0101 ier\u012bc\u0113 vai dator\u0101 lejupl\u0101d\u0113t pa\u0161p\u0101rvaldes karsto maku. Ir vair\u0101ki maku programmat\u016bras risin\u0101jumi, kas \u013cauj jums pa\u0161iem p\u0101rvald\u012bt sava maka atsl\u0113gas, lai j\u016bs vienm\u0113r var\u0113tu kontrol\u0113t savu coins.\u00a0<\/span><\/p>\n<p><span style=\"font-weight: 400;\">Piem\u0113ram, SHIB var saglab\u0101t <\/span><a href=\"https:\/\/coinkickoff.com\/lv\/exodus-review\/\"><span style=\"font-weight: 400;\">Exodus<\/span><\/a><span style=\"font-weight: 400;\">, <\/span><a href=\"https:\/\/www.coinomi.com\/en\/\" target=\"_blank\" rel=\"noopener\"><span style=\"font-weight: 400;\">Coinomi<\/span><\/a><span style=\"font-weight: 400;\">vai <\/span><a href=\"https:\/\/atomicwallet.io\/\" target=\"_blank\" rel=\"noopener\"><span style=\"font-weight: 400;\">Atomic Wallet<\/span><\/a><span style=\"font-weight: 400;\">. Tom\u0113r pa\u0161p\u0101rvaldes karstajiem makiem ir viens br\u012bdin\u0101jums: t\u0101 k\u0101 tie tiek izvietoti ar internetu savienot\u0101s ier\u012bc\u0113s, tie ir diezgan neaizsarg\u0101ti pret uzlau\u0161anas m\u0113\u0123in\u0101jumiem. Paties\u012bb\u0101 j\u016bs, iesp\u0113jams, esat redz\u0113ju\u0161i vai dzird\u0113ju\u0161i zi\u0146\u0101s, ka hakeri bie\u017ei v\u0113r\u0161as gan pret mazumtirgot\u0101jiem, gan profesion\u0101liem kriptoval\u016btu projektiem, kas izmanto karstos makus.<\/span><\/p>\n<p><span style=\"font-weight: 400;\">Ja neesat kiberdro\u0161\u012bbas eksperts, karst\u0101 maka glab\u0101\u0161ana var neb\u016bt laba ideja. Kriptoval\u016btu zag\u013ci ir \u013coti rado\u0161i un strat\u0113\u0123iski dom\u0101jo\u0161i: vi\u0146i izmanto sare\u017e\u0123\u012btas metodes, piem\u0113ram, soci\u0101lo t\u012bklu uzlaup\u012b\u0161anu, pik\u0161\u0137er\u0113\u0161anu un citas metodes, lai piek\u013c\u016btu j\u016bsu l\u012bdzek\u013ciem un tos izkr\u0101ptu. Ja j\u016bsu ier\u012bce, kas ir savienota ar internetu, ir kompromit\u0113ta (un tas var viegli notikt, piem\u0113ram, ja j\u016bs noklik\u0161\u0137in\u0101t uz nepareizas saites), j\u016bsu l\u012bdzek\u013ci ar\u012b ir apdraud\u0113ti.<\/span><\/p>\n<h4><span class=\"ez-toc-section\" id=\"Cold_Wallets\"><\/span><span style=\"font-weight: 400;\">Aukstie maki<\/span><span class=\"ez-toc-section-end\"><\/span><\/h4>\n<p><span style=\"font-weight: 400;\">Aukstie maki nav savienoti ar internetu, t\u0101p\u0113c tiek uzskat\u012bti par neaizsarg\u0101tiem pret uzlau\u0161anu.\u00a0<\/span><\/p>\n<p><span style=\"font-weight: 400;\">Ir divi galvenie auksto maku veidi: Aparat\u016bras maki, kas izskat\u0101s k\u0101 USB zibatmi\u0146as ar iepriek\u0161 instal\u0113tu maku programmat\u016bru, un pap\u012bra maki, kas b\u016bt\u012bb\u0101 ir pap\u012bra lapi\u0146as ar uz t\u0101m uzrakst\u012btu priv\u0101to atsl\u0113gu un maku adreses inform\u0101ciju.<\/span><\/p>\n<p><span style=\"font-weight: 400;\">Pap\u012bra maki parasti tiek uzskat\u012bti par \u013coti dro\u0161iem, ta\u010du tos ir gr\u016bti izmantot. Jums r\u016bp\u012bgi j\u0101izmanto pap\u012bra maka \u0123enerators, p\u0113c tam inform\u0101cija j\u0101izdruk\u0101 un j\u0101glab\u0101 dro\u0161\u0101 viet\u0101.\u00a0<\/span><\/p>\n<p><span style=\"font-weight: 400;\">Liels pap\u012bra maku tr\u016bkums ir tas, ka to lieto\u0161ana ir apgr\u016btino\u0161a: ar saviem l\u012bdzek\u013ciem nevar veikt da\u013c\u0113jus dar\u012bjumus, t\u0101p\u0113c tie nav praktiski.<\/span><\/p>\n<p><span style=\"font-weight: 400;\">No otras puses, aparat\u016bras maki ir \u013coti praktiski un \u013coti dro\u0161i, ta\u010du tiem ir diezgan liels tr\u016bkums - tie ir daudz d\u0101rg\u0101ki nek\u0101 citas iesp\u0113jas.\u00a0<\/span><\/p>\n<p><span style=\"font-weight: 400;\">Parasti kriptonauda maki ir bezmaksas, ta\u010du aparat\u016bras maki ir iz\u0146\u0113mums. Samaks\u0101jot par maku no 80 l\u012bdz 200 USD, tas var b\u016bt d\u0101rgs ieguld\u012bjums ies\u0101c\u0113jam kriptoval\u016btu tirgot\u0101jam.<\/span><\/p>\n<p><a href=\"https:\/\/www.ledger.com\/\" target=\"_blank\" rel=\"noopener\"><span style=\"font-weight: 400;\">Gr\u0101matved\u012bbas \u017eurn\u0101ls<\/span><\/a><span style=\"font-weight: 400;\"> un <\/span><a href=\"https:\/\/trezor.io\/\" target=\"_blank\" rel=\"noopener\"><span style=\"font-weight: 400;\">Trezor<\/span><\/a><span style=\"font-weight: 400;\"> ir divi no slaven\u0101kajiem ciet\u0101 maku uz\u0146\u0113mumiem nozar\u0113, un abi p\u0101rdod pamatmodelis par pie\u0146emamu cenu diapazonu zi\u0146k\u0101r\u012bgam investoram.<\/span><\/p>","protected":false},"excerpt":{"rendered":"<p>K\u0101 ieg\u0101d\u0101ties Shiba Inu Vai v\u0113laties ieg\u0101d\u0101ties Shiba Inu, bet nezin\u0101t, ar ko s\u0101kt? J\u016bs atrodaties \u012bstaj\u0101 viet\u0101. \u0160eit ir viss, kas jums j\u0101zina par Shiba Inu ieg\u0101di.  Kas ir Shiba Inu? Shiba Inu token (SHIB) tika izveidots 2020. gada august\u0101 k\u0101 m\u0113ms coin, ko izveidoja pseidon\u012bms [...]<\/p>","protected":false},"author":3,"featured_media":0,"parent":0,"menu_order":0,"comment_status":"closed","ping_status":"closed","template":"","meta":{"_genesis_hide_title":false,"_genesis_hide_breadcrumbs":false,"_genesis_hide_singular_image":false,"_genesis_hide_footer_widgets":false,"_genesis_custom_body_class":"","_genesis_custom_post_class":"","_genesis_layout":"","_glsr_average":0,"_glsr_ranking":0,"_glsr_reviews":0,"footnotes":""},"class_list":{"0":"post-3709","1":"page","2":"type-page","3":"status-publish","5":"entry","6":"has-post-thumbnail"},"featured_image_src":null,"featured_image_src_square":null,"_links":{"self":[{"href":"https:\/\/coinkickoff.com\/lv\/wp-json\/wp\/v2\/pages\/3709","targetHints":{"allow":["GET"]}}],"collection":[{"href":"https:\/\/coinkickoff.com\/lv\/wp-json\/wp\/v2\/pages"}],"about":[{"href":"https:\/\/coinkickoff.com\/lv\/wp-json\/wp\/v2\/types\/page"}],"author":[{"embeddable":true,"href":"https:\/\/coinkickoff.com\/lv\/wp-json\/wp\/v2\/users\/3"}],"replies":[{"embeddable":true,"href":"https:\/\/coinkickoff.com\/lv\/wp-json\/wp\/v2\/comments?post=3709"}],"version-history":[{"count":2,"href":"https:\/\/coinkickoff.com\/lv\/wp-json\/wp\/v2\/pages\/3709\/revisions"}],"predecessor-version":[{"id":4474,"href":"https:\/\/coinkickoff.com\/lv\/wp-json\/wp\/v2\/pages\/3709\/revisions\/4474"}],"wp:attachment":[{"href":"https:\/\/coinkickoff.com\/lv\/wp-json\/wp\/v2\/media?parent=3709"}],"curies":[{"name":"wp","href":"https:\/\/api.w.org\/{rel}","templated":true}]}}