{"id":3447,"date":"2026-01-08T14:07:31","date_gmt":"2026-01-08T14:07:31","guid":{"rendered":"https:\/\/coinkickoff.com\/?page_id=3447"},"modified":"2026-01-08T14:07:31","modified_gmt":"2026-01-08T14:07:31","slug":"how-to-buy-dogecoin-on-bitmart","status":"publish","type":"page","link":"https:\/\/coinkickoff.com\/lv\/how-to-buy-dogecoin\/how-to-buy-dogecoin-on-bitmart\/","title":{"rendered":"K\u0101 nopirkt Dogecoin (DOGE) Bitmart veikal\u0101"},"content":{"rendered":"<div id=\"ez-toc-container\" class=\"ez-toc-v2_0_80 counter-hierarchy ez-toc-counter ez-toc-transparent ez-toc-container-direction\">\n<div class=\"ez-toc-title-container\">\n<p class=\"ez-toc-title\" style=\"cursor:inherit\">Sada\u013cas<\/p>\n<span class=\"ez-toc-title-toggle\"><a href=\"#\" class=\"ez-toc-pull-right ez-toc-btn ez-toc-btn-xs ez-toc-btn-default ez-toc-toggle\" aria-label=\"P\u0101rsl\u0113gt satura tabulu\"><span class=\"ez-toc-js-icon-con\"><span class=\"\"><span class=\"eztoc-hide\" style=\"display:none;\">P\u0101rsl\u0113gt<\/span><span class=\"ez-toc-icon-toggle-span\"><svg style=\"fill: #999;color:#999\" xmlns=\"http:\/\/www.w3.org\/2000\/svg\" class=\"list-377408\" width=\"20px\" height=\"20px\" viewbox=\"0 0 24 24\" fill=\"none\"><path d=\"M6 6H4v2h2V6zm14 0H8v2h12V6zM4 11h2v2H4v-2zm16 0H8v2h12v-2zM4 16h2v2H4v-2zm16 0H8v2h12v-2z\" fill=\"currentColor\"><\/path><\/svg><svg style=\"fill: #999;color:#999\" class=\"arrow-unsorted-368013\" xmlns=\"http:\/\/www.w3.org\/2000\/svg\" width=\"10px\" height=\"10px\" viewbox=\"0 0 24 24\" version=\"1.2\" baseprofile=\"tiny\"><path d=\"M18.2 9.3l-6.2-6.3-6.2 6.3c-.2.2-.3.4-.3.7s.1.5.3.7c.2.2.4.3.7.3h11c.3 0 .5-.1.7-.3.2-.2.3-.5.3-.7s-.1-.5-.3-.7zM5.8 14.7l6.2 6.3 6.2-6.3c.2-.2.3-.5.3-.7s-.1-.5-.3-.7c-.2-.2-.4-.3-.7-.3h-11c-.3 0-.5.1-.7.3-.2.2-.3.5-.3.7s.1.5.3.7z\"\/><\/svg><\/span><\/span><\/span><\/a><\/span><\/div>\n<nav><ul class='ez-toc-list ez-toc-list-level-1 eztoc-toggle-hide-by-default' ><li class='ez-toc-page-1 ez-toc-heading-level-2'><a class=\"ez-toc-link ez-toc-heading-1\" href=\"https:\/\/coinkickoff.com\/lv\/how-to-buy-dogecoin\/how-to-buy-dogecoin-on-bitmart\/#How_to_Buy_Dogecoin_on_Bitmart\" >K\u0101 nopirkt Dogecoin Bitmart veikal\u0101<\/a><\/li><li class='ez-toc-page-1 ez-toc-heading-level-2'><a class=\"ez-toc-link ez-toc-heading-2\" href=\"https:\/\/coinkickoff.com\/lv\/how-to-buy-dogecoin\/how-to-buy-dogecoin-on-bitmart\/#A_Step-By-Step_Guide_on_How_to_Buy_Dogecoin_on_Bitmart\" >Soli pa solim, k\u0101 nopirkt Dogecoin Bitmart veikal\u0101<\/a><ul class='ez-toc-list-level-3' ><li class='ez-toc-heading-level-3'><a class=\"ez-toc-link ez-toc-heading-3\" href=\"https:\/\/coinkickoff.com\/lv\/how-to-buy-dogecoin\/how-to-buy-dogecoin-on-bitmart\/#1_Register_an_Account\" >1. Re\u0123istr\u0113t kontu<\/a><\/li><li class='ez-toc-page-1 ez-toc-heading-level-3'><a class=\"ez-toc-link ez-toc-heading-4\" href=\"https:\/\/coinkickoff.com\/lv\/how-to-buy-dogecoin\/how-to-buy-dogecoin-on-bitmart\/#2_Verify_Your_Account\" >2. P\u0101rbaudiet savu kontu<\/a><\/li><li class='ez-toc-page-1 ez-toc-heading-level-3'><a class=\"ez-toc-link ez-toc-heading-5\" href=\"https:\/\/coinkickoff.com\/lv\/how-to-buy-dogecoin\/how-to-buy-dogecoin-on-bitmart\/#3_Buy_Crypto\" >3. Nopirkt kriptogr\u0101fiju<\/a><\/li><\/ul><\/li><\/ul><\/nav><\/div>\n<h2><span class=\"ez-toc-section\" id=\"How_to_Buy_Dogecoin_on_Bitmart\"><\/span><span style=\"font-weight: 400;\"><img loading=\"lazy\" decoding=\"async\" class=\"alignnone wp-image-155 size-full\" src=\"https:\/\/coinkickoff.com\/wp-content\/uploads\/2022\/06\/Dogecoin-DOGE.jpg\" alt=\"k\u0101 nopirkt dogecoin\" width=\"1000\" height=\"800\" srcset=\"https:\/\/coinkickoff.com\/wp-content\/uploads\/2022\/06\/Dogecoin-DOGE.jpg 1000w, https:\/\/coinkickoff.com\/wp-content\/uploads\/2022\/06\/Dogecoin-DOGE-300x240.jpg 300w, https:\/\/coinkickoff.com\/wp-content\/uploads\/2022\/06\/Dogecoin-DOGE-768x614.jpg 768w, https:\/\/coinkickoff.com\/wp-content\/uploads\/2022\/06\/Dogecoin-DOGE-15x12.jpg 15w\" sizes=\"auto, (max-width: 1000px) 100vw, 1000px\" \/>K\u0101 nopirkt Dogecoin Bitmart veikal\u0101<\/span><span class=\"ez-toc-section-end\"><\/span><\/h2>\n<p><span style=\"font-weight: 400;\"><a href=\"https:\/\/coinkickoff.com\/lv\/dogecoin-doge\/\" data-internallinksmanager029f6b8e52c=\"14\" title=\"Kas ir Dogecoin (DOGE)? K\u0101 tas darbojas un kur to ieg\u0101d\u0101ties?\">Dogecoin<\/a>, kas s\u0101kotn\u0113ji tika izlaists k\u0101 joks coin, k\u013cuva par fenomenu, pateicoties popularit\u0101tei internet\u0101. Lai gan akt\u012bvs liel\u0101koties ir bezv\u0113rt\u012bgs t\u0101 masveida kop\u0113j\u0101 pied\u0101v\u0101juma d\u0113\u013c, tas joproj\u0101m ir popul\u0101ra kriptoval\u016bta, ko daudzi iek\u013cauj savos portfe\u013cos.<\/span><\/p>\n<p><span style=\"font-weight: 400;\">Ja v\u0113laties ieg\u0101d\u0101ties Dogecoin, bet nezin\u0101t, k\u0101 to izdar\u012bt, m\u0113s jums pal\u012bdz\u0113sim. \u0160eit ir soli pa solim aprakst\u012bts, k\u0101 ieg\u0101d\u0101ties Dogecoin. <a href=\"https:\/\/coinkickoff.com\/lv\/bitmart-review\/\" data-internallinksmanager029f6b8e52c=\"162\" title=\"Bitmart apskats 2023: Maksas, funkcijas, dro\u0161\u012bba, plusi un m\u012bnusi\">Bitmart<\/a> apmai\u0146a.<\/span><\/p>\n<h2><span class=\"ez-toc-section\" id=\"A_Step-By-Step_Guide_on_How_to_Buy_Dogecoin_on_Bitmart\"><\/span><span style=\"font-weight: 400;\">Soli pa solim, k\u0101 nopirkt Dogecoin Bitmart veikal\u0101<\/span><span class=\"ez-toc-section-end\"><\/span><\/h2>\n<h3><span class=\"ez-toc-section\" id=\"1_Register_an_Account\"><\/span><span style=\"font-weight: 400;\">1. Re\u0123istr\u0113t kontu<\/span><span class=\"ez-toc-section-end\"><\/span><\/h3>\n<p><span style=\"font-weight: 400;\">Vispirms piesakieties sav\u0101 Bitmart kont\u0101. Ja jums nav <a href=\"https:\/\/www.bitmart.com\/register-referral\/en?r=A9JwPa\" target=\"_blank\" rel=\"noopener\">Bitmart konts<\/a>, noklik\u0161\u0137iniet uz \"Re\u0123istr\u0113ties\".<\/span><\/p>\n<p><img loading=\"lazy\" decoding=\"async\" class=\"alignnone wp-image-3448 size-full\" src=\"https:\/\/coinkickoff.com\/wp-content\/uploads\/Screen-Shot-2023-03-28-at-7.50.10-AM-e1682512772323.png\" alt=\"k\u0101 nopirkt Dogecoin vietn\u0113 Bitmart\" width=\"1378\" height=\"685\" srcset=\"https:\/\/coinkickoff.com\/wp-content\/uploads\/Screen-Shot-2023-03-28-at-7.50.10-AM-e1682512772323.png 1378w, https:\/\/coinkickoff.com\/wp-content\/uploads\/Screen-Shot-2023-03-28-at-7.50.10-AM-e1682512772323-300x149.png 300w, https:\/\/coinkickoff.com\/wp-content\/uploads\/Screen-Shot-2023-03-28-at-7.50.10-AM-e1682512772323-1024x509.png 1024w, https:\/\/coinkickoff.com\/wp-content\/uploads\/Screen-Shot-2023-03-28-at-7.50.10-AM-e1682512772323-768x382.png 768w, https:\/\/coinkickoff.com\/wp-content\/uploads\/Screen-Shot-2023-03-28-at-7.50.10-AM-e1682512772323-18x9.png 18w\" sizes=\"auto, (max-width: 1378px) 100vw, 1378px\" \/><\/p>\n<p><span style=\"font-weight: 400;\">Varat izveidot kontu, izmantojot savu mobil\u0101 t\u0101lru\u0146a numuru vai e-pastu. P\u0113c tam, kad noklik\u0161\u0137in\u0101siet uz pierakst\u012bties, j\u016bs sa\u0146emsiet verifik\u0101cijas kodu. Izmantojiet \u0161o kodu, lai piek\u013c\u016btu savam kontam.\u00a0\u00a0<\/span><\/p>\n<h3><span class=\"ez-toc-section\" id=\"2_Verify_Your_Account\"><\/span><span style=\"font-weight: 400;\">2. P\u0101rbaudiet savu kontu<\/span><span class=\"ez-toc-section-end\"><\/span><\/h3>\n<p><img loading=\"lazy\" decoding=\"async\" class=\"alignnone wp-image-3449 size-full\" src=\"https:\/\/coinkickoff.com\/wp-content\/uploads\/Screen-Shot-2023-03-28-at-7.51.33-AM-e1682512794900.png\" alt=\"\" width=\"1382\" height=\"683\" srcset=\"https:\/\/coinkickoff.com\/wp-content\/uploads\/Screen-Shot-2023-03-28-at-7.51.33-AM-e1682512794900.png 1382w, https:\/\/coinkickoff.com\/wp-content\/uploads\/Screen-Shot-2023-03-28-at-7.51.33-AM-e1682512794900-300x148.png 300w, https:\/\/coinkickoff.com\/wp-content\/uploads\/Screen-Shot-2023-03-28-at-7.51.33-AM-e1682512794900-1024x506.png 1024w, https:\/\/coinkickoff.com\/wp-content\/uploads\/Screen-Shot-2023-03-28-at-7.51.33-AM-e1682512794900-768x380.png 768w, https:\/\/coinkickoff.com\/wp-content\/uploads\/Screen-Shot-2023-03-28-at-7.51.33-AM-e1682512794900-18x9.png 18w\" sizes=\"auto, (max-width: 1382px) 100vw, 1382px\" \/><\/p>\n<p><span style=\"font-weight: 400;\">Lai veiktu iemaksu un tirdzniec\u012bbu Bitmart, jums ir j\u0101veic identit\u0101tes p\u0101rbaude. M\u0101jaslapas aug\u0161\u0113j\u0101 labaj\u0101 st\u016br\u012b noklik\u0161\u0137iniet uz profila ikonas un izv\u0113lieties \"Verifik\u0101cija\".<\/span><\/p>\n<p><img loading=\"lazy\" decoding=\"async\" class=\"alignnone wp-image-3450 size-full\" src=\"https:\/\/coinkickoff.com\/wp-content\/uploads\/Screen-Shot-2023-03-28-at-7.51.59-AM-e1682512815734.png\" alt=\"\" width=\"1439\" height=\"820\" srcset=\"https:\/\/coinkickoff.com\/wp-content\/uploads\/Screen-Shot-2023-03-28-at-7.51.59-AM-e1682512815734.png 1439w, https:\/\/coinkickoff.com\/wp-content\/uploads\/Screen-Shot-2023-03-28-at-7.51.59-AM-e1682512815734-300x171.png 300w, https:\/\/coinkickoff.com\/wp-content\/uploads\/Screen-Shot-2023-03-28-at-7.51.59-AM-e1682512815734-1024x584.png 1024w, https:\/\/coinkickoff.com\/wp-content\/uploads\/Screen-Shot-2023-03-28-at-7.51.59-AM-e1682512815734-768x438.png 768w, https:\/\/coinkickoff.com\/wp-content\/uploads\/Screen-Shot-2023-03-28-at-7.51.59-AM-e1682512815734-18x10.png 18w\" sizes=\"auto, (max-width: 1439px) 100vw, 1439px\" \/><\/p>\n<p><span style=\"font-weight: 400;\">Varat izv\u0113l\u0113ties 1. vai 2. l\u012bme\u0146a verifik\u0101cijas l\u012bmeni. Ar 1. verifik\u0101cijas l\u012bmeni pietiek, lai veiktu iemaksu platform\u0101 un ieg\u0101d\u0101tos DOGE.<\/span><\/p>\n<p><span style=\"font-weight: 400;\">Noklik\u0161\u0137iniet uz \"Verify Now\".<\/span><\/p>\n<p><span style=\"font-weight: 400;\">1. l\u012bme\u0146a ID verifik\u0101cija ir diezgan vienk\u0101r\u0161a - vienk\u0101r\u0161i ievadiet savu dz\u012bvesvietas valsti, juridisko v\u0101rdu un uzv\u0101rdu un dzim\u0161anas datumu. Atkar\u012bb\u0101 no j\u016bsu m\u012btnes valsts jums var uzdot da\u017eus jaut\u0101jumus, ta\u010du liel\u0101kajai da\u013cai lietot\u0101ju identit\u0101tes p\u0101rbaude ir vienk\u0101r\u0161a un to var pabeigt da\u017eu min\u016b\u0161u laik\u0101.<\/span><\/p>\n<p><img loading=\"lazy\" decoding=\"async\" class=\"alignnone wp-image-3451 size-full\" src=\"https:\/\/coinkickoff.com\/wp-content\/uploads\/Screen-Shot-2023-03-28-at-7.52.15-AM-e1682512834855.png\" alt=\"\" width=\"1436\" height=\"820\" srcset=\"https:\/\/coinkickoff.com\/wp-content\/uploads\/Screen-Shot-2023-03-28-at-7.52.15-AM-e1682512834855.png 1436w, https:\/\/coinkickoff.com\/wp-content\/uploads\/Screen-Shot-2023-03-28-at-7.52.15-AM-e1682512834855-300x171.png 300w, https:\/\/coinkickoff.com\/wp-content\/uploads\/Screen-Shot-2023-03-28-at-7.52.15-AM-e1682512834855-1024x585.png 1024w, https:\/\/coinkickoff.com\/wp-content\/uploads\/Screen-Shot-2023-03-28-at-7.52.15-AM-e1682512834855-768x439.png 768w, https:\/\/coinkickoff.com\/wp-content\/uploads\/Screen-Shot-2023-03-28-at-7.52.15-AM-e1682512834855-18x10.png 18w\" sizes=\"auto, (max-width: 1436px) 100vw, 1436px\" \/><\/p>\n<h3><span class=\"ez-toc-section\" id=\"3_Buy_Crypto\"><\/span><span style=\"font-weight: 400;\">3. Nopirkt kriptogr\u0101fiju<\/span><span class=\"ez-toc-section-end\"><\/span><\/h3>\n<p><span style=\"font-weight: 400;\">Kad verifik\u0101cija ir pabeigta, atgriezieties s\u0101kuma lap\u0101 un noklik\u0161\u0137iniet uz pogas \"Pirkt un p\u0101rdot\" aug\u0161\u0113j\u0101 labaj\u0101 st\u016br\u012b.<\/span><\/p>\n<p><span style=\"font-weight: 400;\">Jaunaj\u0101 lap\u0101 piel\u0101gojiet maks\u0101juma val\u016btu (piem\u0113ram, USD) un pieejamo digit\u0101lo akt\u012bvu sarakst\u0101 atlasiet DOGE. Pirmaj\u0101 lodzi\u0146\u0101 ierakstiet, cik lielu summu v\u0113laties maks\u0101t. Minim\u0101l\u0101 maks\u0101juma summa ir 30 USD.<\/span><\/p>\n<p><img loading=\"lazy\" decoding=\"async\" class=\"alignnone wp-image-3452 size-full\" src=\"https:\/\/coinkickoff.com\/wp-content\/uploads\/Screen-Shot-2023-03-28-at-7.52.39-AM-e1682512882816.png\" alt=\"\" width=\"1421\" height=\"817\" srcset=\"https:\/\/coinkickoff.com\/wp-content\/uploads\/Screen-Shot-2023-03-28-at-7.52.39-AM-e1682512882816.png 1421w, https:\/\/coinkickoff.com\/wp-content\/uploads\/Screen-Shot-2023-03-28-at-7.52.39-AM-e1682512882816-300x172.png 300w, https:\/\/coinkickoff.com\/wp-content\/uploads\/Screen-Shot-2023-03-28-at-7.52.39-AM-e1682512882816-1024x589.png 1024w, https:\/\/coinkickoff.com\/wp-content\/uploads\/Screen-Shot-2023-03-28-at-7.52.39-AM-e1682512882816-768x442.png 768w, https:\/\/coinkickoff.com\/wp-content\/uploads\/Screen-Shot-2023-03-28-at-7.52.39-AM-e1682512882816-18x10.png 18w\" sizes=\"auto, (max-width: 1421px) 100vw, 1421px\" \/><\/p>\n<p><span style=\"font-weight: 400;\">P\u0113c tam, kad esat ievad\u012bjis summu, kuru v\u0113laties ieg\u0101d\u0101ties, jums ir j\u0101izv\u0113las maks\u0101juma kan\u0101ls. Bitmart pied\u0101v\u0101 diezgan daudz tre\u0161o pu\u0161u iesp\u0113ju, no kur\u0101m izv\u0113l\u0113ties, un pal\u012bdz\u012bgi iesaka izmantot l\u0113t\u0101ko iesp\u0113ju.<\/span><\/p>\n<p><span style=\"font-weight: 400;\">P\u0101rbaudiet maks\u0101juma inform\u0101ciju un turpiniet. J\u016bs tiksiet novirz\u012bts uz maks\u0101juma kan\u0101la lapu, lai apstiprin\u0101tu savu pas\u016bt\u012bjumu. P\u0101rbaudiet inform\u0101ciju un pabeidziet pas\u016bt\u012bjumu.<\/span><\/p>\n<p><img loading=\"lazy\" decoding=\"async\" class=\"alignnone wp-image-3453 size-full\" src=\"https:\/\/coinkickoff.com\/wp-content\/uploads\/Screen-Shot-2023-03-28-at-7.53.17-AM-e1682512901132.png\" alt=\"\" width=\"1439\" height=\"806\" srcset=\"https:\/\/coinkickoff.com\/wp-content\/uploads\/Screen-Shot-2023-03-28-at-7.53.17-AM-e1682512901132.png 1439w, https:\/\/coinkickoff.com\/wp-content\/uploads\/Screen-Shot-2023-03-28-at-7.53.17-AM-e1682512901132-300x168.png 300w, https:\/\/coinkickoff.com\/wp-content\/uploads\/Screen-Shot-2023-03-28-at-7.53.17-AM-e1682512901132-1024x574.png 1024w, https:\/\/coinkickoff.com\/wp-content\/uploads\/Screen-Shot-2023-03-28-at-7.53.17-AM-e1682512901132-768x430.png 768w, https:\/\/coinkickoff.com\/wp-content\/uploads\/Screen-Shot-2023-03-28-at-7.53.17-AM-e1682512901132-18x10.png 18w\" sizes=\"auto, (max-width: 1439px) 100vw, 1439px\" \/><\/p>\n<p><span style=\"font-weight: 400;\">Izv\u0113lieties vienu no maks\u0101jumu kan\u0101liem un p\u0101rskatiet dar\u012bjuma inform\u0101ciju. Noklik\u0161\u0137iniet uz \"Turpin\u0101t\", lai tiktu novirz\u012bts uz maks\u0101jumu kan\u0101lu un apstiprin\u0101tu savu pas\u016bt\u012bjumu.\u00a0<\/span><\/p>\n<p><span style=\"font-weight: 400;\">Kad esat p\u0101rskat\u012bjis pas\u016bt\u012bjuma inform\u0101ciju, apstipriniet pirkumu. Lai ieg\u016btu vair\u0101k inform\u0101cijas, skatiet m\u016bsu rakstus par <a href=\"https:\/\/coinkickoff.com\/lv\/dogecoin-doge\/\">Dogecoin<\/a> un <a href=\"https:\/\/coinkickoff.com\/lv\/bitmart-review\/\">Bitmart apmai\u0146a<\/a>.<\/span><\/p>","protected":false},"excerpt":{"rendered":"<p>K\u0101 nopirkt Dogecoin Bitmart Dogecoin, kas s\u0101kotn\u0113ji tika izlaists k\u0101 joks coin, k\u013cuva par fenomenu, pateicoties interneta popularit\u0101tei. Lai gan akt\u012bvs liel\u0101koties ir bezv\u0113rt\u012bgs t\u0101 masveida kop\u0113j\u0101 pied\u0101v\u0101juma d\u0113\u013c, tas joproj\u0101m ir popul\u0101ra kriptoval\u016bta, ko daudzi iek\u013cauj savos portfe\u013cos. Ja v\u0113laties ieg\u0101d\u0101ties Dogecoin, bet nezin\u0101t, k\u0101 to izdar\u012bt, [...]<\/p>","protected":false},"author":3,"featured_media":155,"parent":3196,"menu_order":0,"comment_status":"closed","ping_status":"closed","template":"","meta":{"_genesis_hide_title":false,"_genesis_hide_breadcrumbs":false,"_genesis_hide_singular_image":false,"_genesis_hide_footer_widgets":false,"_genesis_custom_body_class":"","_genesis_custom_post_class":"","_genesis_layout":"","_glsr_average":0,"_glsr_ranking":0,"_glsr_reviews":0,"footnotes":""},"class_list":{"0":"post-3447","1":"page","2":"type-page","3":"status-publish","4":"has-post-thumbnail","6":"entry"},"featured_image_src":"https:\/\/coinkickoff.com\/wp-content\/uploads\/2022\/06\/Dogecoin-DOGE-600x400.jpg","featured_image_src_square":"https:\/\/coinkickoff.com\/wp-content\/uploads\/2022\/06\/Dogecoin-DOGE-600x600.jpg","_links":{"self":[{"href":"https:\/\/coinkickoff.com\/lv\/wp-json\/wp\/v2\/pages\/3447","targetHints":{"allow":["GET"]}}],"collection":[{"href":"https:\/\/coinkickoff.com\/lv\/wp-json\/wp\/v2\/pages"}],"about":[{"href":"https:\/\/coinkickoff.com\/lv\/wp-json\/wp\/v2\/types\/page"}],"author":[{"embeddable":true,"href":"https:\/\/coinkickoff.com\/lv\/wp-json\/wp\/v2\/users\/3"}],"replies":[{"embeddable":true,"href":"https:\/\/coinkickoff.com\/lv\/wp-json\/wp\/v2\/comments?post=3447"}],"version-history":[{"count":4,"href":"https:\/\/coinkickoff.com\/lv\/wp-json\/wp\/v2\/pages\/3447\/revisions"}],"predecessor-version":[{"id":4488,"href":"https:\/\/coinkickoff.com\/lv\/wp-json\/wp\/v2\/pages\/3447\/revisions\/4488"}],"up":[{"embeddable":true,"href":"https:\/\/coinkickoff.com\/lv\/wp-json\/wp\/v2\/pages\/3196"}],"wp:featuredmedia":[{"embeddable":true,"href":"https:\/\/coinkickoff.com\/lv\/wp-json\/wp\/v2\/media\/155"}],"wp:attachment":[{"href":"https:\/\/coinkickoff.com\/lv\/wp-json\/wp\/v2\/media?parent=3447"}],"curies":[{"name":"wp","href":"https:\/\/api.w.org\/{rel}","templated":true}]}}