{"id":3424,"date":"2026-01-08T14:07:30","date_gmt":"2026-01-08T14:07:30","guid":{"rendered":"https:\/\/coinkickoff.com\/?page_id=3424"},"modified":"2026-01-08T14:07:30","modified_gmt":"2026-01-08T14:07:30","slug":"how-to-buy-dogecoin-on-mexc","status":"publish","type":"page","link":"https:\/\/coinkickoff.com\/lv\/how-to-buy-dogecoin\/how-to-buy-dogecoin-on-mexc\/","title":{"rendered":"K\u0101 ieg\u0101d\u0101ties Dogecoin (DOGE) uz MEXC"},"content":{"rendered":"<h2><span style=\"font-weight: 400;\"><img loading=\"lazy\" decoding=\"async\" class=\"alignnone wp-image-155 size-full\" src=\"https:\/\/coinkickoff.com\/wp-content\/uploads\/2022\/06\/Dogecoin-DOGE.jpg\" alt=\"k\u0101 nopirkt dogecoin\" width=\"1000\" height=\"800\" srcset=\"https:\/\/coinkickoff.com\/wp-content\/uploads\/2022\/06\/Dogecoin-DOGE.jpg 1000w, https:\/\/coinkickoff.com\/wp-content\/uploads\/2022\/06\/Dogecoin-DOGE-300x240.jpg 300w, https:\/\/coinkickoff.com\/wp-content\/uploads\/2022\/06\/Dogecoin-DOGE-768x614.jpg 768w, https:\/\/coinkickoff.com\/wp-content\/uploads\/2022\/06\/Dogecoin-DOGE-15x12.jpg 15w\" sizes=\"auto, (max-width: 1000px) 100vw, 1000px\" \/><\/span><\/h2>\n<div id=\"ez-toc-container\" class=\"ez-toc-v2_0_80 counter-hierarchy ez-toc-counter ez-toc-transparent ez-toc-container-direction\">\n<div class=\"ez-toc-title-container\">\n<p class=\"ez-toc-title\" style=\"cursor:inherit\">Sada\u013cas<\/p>\n<span class=\"ez-toc-title-toggle\"><a href=\"#\" class=\"ez-toc-pull-right ez-toc-btn ez-toc-btn-xs ez-toc-btn-default ez-toc-toggle\" aria-label=\"P\u0101rsl\u0113gt satura tabulu\"><span class=\"ez-toc-js-icon-con\"><span class=\"\"><span class=\"eztoc-hide\" style=\"display:none;\">P\u0101rsl\u0113gt<\/span><span class=\"ez-toc-icon-toggle-span\"><svg style=\"fill: #999;color:#999\" xmlns=\"http:\/\/www.w3.org\/2000\/svg\" class=\"list-377408\" width=\"20px\" height=\"20px\" viewbox=\"0 0 24 24\" fill=\"none\"><path d=\"M6 6H4v2h2V6zm14 0H8v2h12V6zM4 11h2v2H4v-2zm16 0H8v2h12v-2zM4 16h2v2H4v-2zm16 0H8v2h12v-2z\" fill=\"currentColor\"><\/path><\/svg><svg style=\"fill: #999;color:#999\" class=\"arrow-unsorted-368013\" xmlns=\"http:\/\/www.w3.org\/2000\/svg\" width=\"10px\" height=\"10px\" viewbox=\"0 0 24 24\" version=\"1.2\" baseprofile=\"tiny\"><path d=\"M18.2 9.3l-6.2-6.3-6.2 6.3c-.2.2-.3.4-.3.7s.1.5.3.7c.2.2.4.3.7.3h11c.3 0 .5-.1.7-.3.2-.2.3-.5.3-.7s-.1-.5-.3-.7zM5.8 14.7l6.2 6.3 6.2-6.3c.2-.2.3-.5.3-.7s-.1-.5-.3-.7c-.2-.2-.4-.3-.7-.3h-11c-.3 0-.5.1-.7.3-.2.2-.3.5-.3.7s.1.5.3.7z\"\/><\/svg><\/span><\/span><\/span><\/a><\/span><\/div>\n<nav><ul class='ez-toc-list ez-toc-list-level-1 eztoc-toggle-hide-by-default' ><li class='ez-toc-page-1 ez-toc-heading-level-2'><a class=\"ez-toc-link ez-toc-heading-1\" href=\"https:\/\/coinkickoff.com\/lv\/how-to-buy-dogecoin\/how-to-buy-dogecoin-on-mexc\/#How_to_Buy_Dogecoin_on_MEXC\" >K\u0101 ieg\u0101d\u0101ties Dogecoin MEXC vietn\u0113<\/a><\/li><li class='ez-toc-page-1 ez-toc-heading-level-2'><a class=\"ez-toc-link ez-toc-heading-2\" href=\"https:\/\/coinkickoff.com\/lv\/how-to-buy-dogecoin\/how-to-buy-dogecoin-on-mexc\/#A_Step-By-Step_Guide_on_How_to_Buy_Dogecoin_on_MEXC\" >Soli-pa-solim ce\u013cvedis par to, k\u0101 ieg\u0101d\u0101ties Dogecoin MEXC<\/a><ul class='ez-toc-list-level-3' ><li class='ez-toc-heading-level-3'><a class=\"ez-toc-link ez-toc-heading-3\" href=\"https:\/\/coinkickoff.com\/lv\/how-to-buy-dogecoin\/how-to-buy-dogecoin-on-mexc\/#1_Register_an_Account\" >1. Re\u0123istr\u0113t kontu<\/a><\/li><li class='ez-toc-page-1 ez-toc-heading-level-3'><a class=\"ez-toc-link ez-toc-heading-4\" href=\"https:\/\/coinkickoff.com\/lv\/how-to-buy-dogecoin\/how-to-buy-dogecoin-on-mexc\/#2_Verify_Your_Account\" >2. P\u0101rbaudiet savu kontu<\/a><\/li><li class='ez-toc-page-1 ez-toc-heading-level-3'><a class=\"ez-toc-link ez-toc-heading-5\" href=\"https:\/\/coinkickoff.com\/lv\/how-to-buy-dogecoin\/how-to-buy-dogecoin-on-mexc\/#3_Buy_Crypto\" >3. Nopirkt kriptogr\u0101fiju<\/a><\/li><li class='ez-toc-page-1 ez-toc-heading-level-3'><a class=\"ez-toc-link ez-toc-heading-6\" href=\"https:\/\/coinkickoff.com\/lv\/how-to-buy-dogecoin\/how-to-buy-dogecoin-on-mexc\/#4_Trade_USDT_for_DOGE\" >4. Nomainiet USDT pret DOGE<\/a><\/li><\/ul><\/li><\/ul><\/nav><\/div>\n<h2><span class=\"ez-toc-section\" id=\"How_to_Buy_Dogecoin_on_MEXC\"><\/span><span style=\"font-weight: 400;\">K\u0101 ieg\u0101d\u0101ties Dogecoin MEXC vietn\u0113<\/span><span class=\"ez-toc-section-end\"><\/span><\/h2>\n<p><span style=\"font-weight: 400;\"><a href=\"https:\/\/coinkickoff.com\/lv\/dogecoin-doge\/\" data-internallinksmanager029f6b8e52c=\"14\" title=\"Kas ir Dogecoin (DOGE)? K\u0101 tas darbojas un kur to ieg\u0101d\u0101ties?\">Dogecoin<\/a>, lai gan slavens kriptoval\u016bta, nav \u012bsti k\u0101 <a href=\"https:\/\/coinkickoff.com\/lv\/ethereum-eth\/\" data-internallinksmanager029f6b8e52c=\"2\" title=\"Kas ir Ethereum (ETH)? Cena, v\u0113sture un kur nopirkt\">Ethereum<\/a> vai <a href=\"https:\/\/coinkickoff.com\/lv\/bitcoin-btc\/\" data-internallinksmanager029f6b8e52c=\"1\" title=\"Kas ir Bitcoin (BTC)? Cena, v\u0113sture un kur nopirkt\">Bitcoin<\/a>. \u0160is labi zin\u0101mais m\u0113ms coin ir diezgan daudz bezv\u0113rt\u012bgs p\u0113c dizaina, jo tas pirmo reizi tika palaists k\u0101 joks. Tom\u0113r tagad tas ir diezgan pla\u0161i izplat\u012bts, galvenok\u0101rt pateicoties Reddit un Elonam Muskam, un to var atrast gandr\u012bz vis\u0101s bir\u017e\u0101s, t. sk. <a href=\"https:\/\/coinkickoff.com\/lv\/mexc-global-review\/\">MEXC<\/a>.<\/span><\/p>\n<p><span style=\"font-weight: 400;\">Ja v\u0113laties piedal\u012bties \u0161aj\u0101 jok\u0101, ieg\u0101d\u0101joties Dogecoin, bet nezin\u0101t, ar ko s\u0101kt, atrodaties \u012bstaj\u0101 viet\u0101. \u0160eit ir soli pa solim aprakst\u012bts, k\u0101 ieg\u0101d\u0101ties Dogecoin. <a href=\"https:\/\/coinkickoff.com\/lv\/mexc-global-review\/\" data-internallinksmanager029f6b8e52c=\"154\" title=\"MEXC glob\u0101lie apskati 2023. gad\u0101: Maksas, funkcijas, dro\u0161\u012bba, plusi un m\u012bnusi\">MEXC<\/a> apmai\u0146a.<\/span><\/p>\n<h2><span class=\"ez-toc-section\" id=\"A_Step-By-Step_Guide_on_How_to_Buy_Dogecoin_on_MEXC\"><\/span><span style=\"font-weight: 400;\">Soli-pa-solim ce\u013cvedis par to, k\u0101 ieg\u0101d\u0101ties Dogecoin MEXC<\/span><span class=\"ez-toc-section-end\"><\/span><\/h2>\n<h3><span class=\"ez-toc-section\" id=\"1_Register_an_Account\"><\/span><span style=\"font-weight: 400;\">1. Re\u0123istr\u0113t kontu<\/span><span class=\"ez-toc-section-end\"><\/span><\/h3>\n<p><img loading=\"lazy\" decoding=\"async\" class=\"alignnone wp-image-3441 size-full\" src=\"https:\/\/coinkickoff.com\/wp-content\/uploads\/mexc-register.png\" alt=\"K\u0101 nopirkt dogecoin par mexc\" width=\"1328\" height=\"783\" srcset=\"https:\/\/coinkickoff.com\/wp-content\/uploads\/mexc-register.png 1328w, https:\/\/coinkickoff.com\/wp-content\/uploads\/mexc-register-300x177.png 300w, https:\/\/coinkickoff.com\/wp-content\/uploads\/mexc-register-1024x604.png 1024w, https:\/\/coinkickoff.com\/wp-content\/uploads\/mexc-register-768x453.png 768w, https:\/\/coinkickoff.com\/wp-content\/uploads\/mexc-register-18x12.png 18w\" sizes=\"auto, (max-width: 1328px) 100vw, 1328px\" \/><\/p>\n<p><span style=\"font-weight: 400;\">Vispirms izveidojiet MEXC kontu, apmekl\u0113jot vietni <a href=\"https:\/\/www.mexc.com\/en-US\/register?inviteCode=mexc-1WwwX\" target=\"_blank\" rel=\"noopener\">MEXC t\u012bmek\u013ca vietne<\/a> un noklik\u0161\u0137iniet uz \"Re\u0123istr\u0113ties\". <\/span><\/p>\n<p><span style=\"font-weight: 400;\">Varat re\u0123istr\u0113ties, izmantojot mobil\u0101 t\u0101lru\u0146a numuru vai e-pastu. Uz savu e-pasta adresi sa\u0146emsiet verifik\u0101cijas kodu. Izmantojiet kodu, lai pierakst\u012btos sav\u0101 kont\u0101.\u00a0\u00a0<\/span><\/p>\n<h3><span class=\"ez-toc-section\" id=\"2_Verify_Your_Account\"><\/span><span style=\"font-weight: 400;\">2. P\u0101rbaudiet savu kontu<\/span><span class=\"ez-toc-section-end\"><\/span><\/h3>\n<p><span style=\"font-weight: 400;\">Lai veiktu tirdzniec\u012bbu MEXC, jums nav j\u0101aizpilda identit\u0101tes p\u0101rbaude, ta\u010du t\u0101 ir nepiecie\u0161ama, lai veiktu tirdzniec\u012bbu ar fiat. Ja jums jau ir digit\u0101lie akt\u012bvi, kurus varat nos\u016bt\u012bt uz savu MEXC maku, \u0161o soli varat izlaist.<\/span><\/p>\n<p><span style=\"font-weight: 400;\">\u0160o soli varat ar\u012b izlaist, ja kriptoval\u016btu ieg\u0101dei v\u0113laties izmantot tre\u0161o pu\u0161u pakalpojumu sniedz\u0113jus, piem\u0113ram, Banxa, Moonpay vai Mercuyo. Tiem ir atsevi\u0161\u0137i ID verifik\u0101cijas procesi.<\/span><\/p>\n<p><span style=\"font-weight: 400;\">Ja pabeidzat identifik\u0101cijas p\u0101rbaudi, varat ieg\u0101d\u0101ties kriptoval\u016btu, izmantojot bankas kontu, kred\u012btkarti un citus l\u012bdzek\u013cus. Lai to izdar\u012btu, noklik\u0161\u0137iniet uz profila simbola pane\u013ca aug\u0161\u0113j\u0101 labaj\u0101 st\u016br\u012b un izv\u0113lieties \"Profils\".<\/span><\/p>\n<p><span style=\"font-weight: 400;\">Profila lap\u0101 izv\u0113lieties \"Identifik\u0101cija\" un noklik\u0161\u0137iniet uz \"Prim\u0101rais KYC\".<\/span><\/p>\n<p><img loading=\"lazy\" decoding=\"async\" class=\"alignnone wp-image-3439 size-full\" src=\"https:\/\/coinkickoff.com\/wp-content\/uploads\/mexc-id.png\" alt=\"\" width=\"1436\" height=\"810\" srcset=\"https:\/\/coinkickoff.com\/wp-content\/uploads\/mexc-id.png 1436w, https:\/\/coinkickoff.com\/wp-content\/uploads\/mexc-id-300x169.png 300w, https:\/\/coinkickoff.com\/wp-content\/uploads\/mexc-id-1024x578.png 1024w, https:\/\/coinkickoff.com\/wp-content\/uploads\/mexc-id-768x433.png 768w, https:\/\/coinkickoff.com\/wp-content\/uploads\/mexc-id-18x10.png 18w, https:\/\/coinkickoff.com\/wp-content\/uploads\/mexc-id-600x338.png 600w\" sizes=\"auto, (max-width: 1436px) 100vw, 1436px\" \/><\/p>\n<p><span style=\"font-weight: 400;\">J\u016bs tiksiet novirz\u012bts uz KYC lapu, kur varat vai nu veikt <\/span><i><span style=\"font-weight: 400;\">Prim\u0101rais KYC<\/span><\/i><span style=\"font-weight: 400;\"> vai <\/span><i><span style=\"font-weight: 400;\">Uzlabota KYC<\/span><\/i><span style=\"font-weight: 400;\">. Liel\u0101kajai da\u013cai fiat val\u016btas noguld\u012bjumu ir nepiecie\u0161ama uzlabota KYC.<\/span><\/p>\n<p><img loading=\"lazy\" decoding=\"async\" class=\"alignnone wp-image-3440 size-full\" src=\"https:\/\/coinkickoff.com\/wp-content\/uploads\/mexc-id2.png\" alt=\"\" width=\"1436\" height=\"582\" srcset=\"https:\/\/coinkickoff.com\/wp-content\/uploads\/mexc-id2.png 1436w, https:\/\/coinkickoff.com\/wp-content\/uploads\/mexc-id2-300x122.png 300w, https:\/\/coinkickoff.com\/wp-content\/uploads\/mexc-id2-1024x415.png 1024w, https:\/\/coinkickoff.com\/wp-content\/uploads\/mexc-id2-768x311.png 768w, https:\/\/coinkickoff.com\/wp-content\/uploads\/mexc-id2-18x7.png 18w\" sizes=\"auto, (max-width: 1436px) 100vw, 1436px\" \/><\/p>\n<p><span style=\"font-weight: 400;\">Lai s\u0101ktu verifik\u0101cijas procesu, noklik\u0161\u0137iniet uz \"Verific\u0113t\". Aug\u0161upiel\u0101d\u0113jiet nepiecie\u0161amos dokumentus, un viss b\u016bs gatavs.<\/span><\/p>\n<h3><span class=\"ez-toc-section\" id=\"3_Buy_Crypto\"><\/span><span style=\"font-weight: 400;\">3. Nopirkt kriptogr\u0101fiju<\/span><span class=\"ez-toc-section-end\"><\/span><\/h3>\n<p><span style=\"font-weight: 400;\">Aug\u0161\u0113j\u0101 kreisaj\u0101 st\u016br\u012b noklik\u0161\u0137iniet uz \"Pirkt kriptonauda\". Jaunaj\u0101 lap\u0101 izv\u0113lieties vienu no pieejamaj\u0101m iesp\u0113j\u0101m. Ja esat pabeidzis identit\u0101tes p\u0101rbaudi, kriptoval\u016btu ieg\u0101dei varat izmantot kred\u012btkartes\/debetkartes, bankas p\u0101rskait\u012bjumus, ekspresmaks\u0101jumus un P2P tirgu. Ja n\u0113, sarakst\u0101 izv\u0113lieties \"Tre\u0161\u0101s puses\".<\/span><\/p>\n<p><img loading=\"lazy\" decoding=\"async\" class=\"alignnone wp-image-3438 size-full\" src=\"https:\/\/coinkickoff.com\/wp-content\/uploads\/mexc-buy-payment.png\" alt=\"\" width=\"1403\" height=\"778\" srcset=\"https:\/\/coinkickoff.com\/wp-content\/uploads\/mexc-buy-payment.png 1403w, https:\/\/coinkickoff.com\/wp-content\/uploads\/mexc-buy-payment-300x166.png 300w, https:\/\/coinkickoff.com\/wp-content\/uploads\/mexc-buy-payment-1024x568.png 1024w, https:\/\/coinkickoff.com\/wp-content\/uploads\/mexc-buy-payment-768x426.png 768w, https:\/\/coinkickoff.com\/wp-content\/uploads\/mexc-buy-payment-18x10.png 18w\" sizes=\"auto, (max-width: 1403px) 100vw, 1403px\" \/><\/p>\n<p><span style=\"font-weight: 400;\">Ievadiet summu, ko v\u0113laties t\u0113r\u0113t, un izv\u0113lieties, kuru kriptoval\u016btu v\u0113laties ieg\u0101d\u0101ties. Diem\u017e\u0113l j\u016bs nevarat vienk\u0101r\u0161i ieg\u0101d\u0101ties DOGE par skaidru naudu, t\u0101p\u0113c jums vispirms ir j\u0101ieg\u0101d\u0101jas cita coin, piem. <a href=\"https:\/\/coinkickoff.com\/lv\/tether-usdt\/\" data-internallinksmanager029f6b8e52c=\"3\" title=\"Kas ir Tether (USDT)? K\u0101 tas darbojas un kur to ieg\u0101d\u0101ties?\">USDT<\/a> vai <a href=\"https:\/\/coinkickoff.com\/lv\/usd-coin-usdc\/\" data-internallinksmanager029f6b8e52c=\"8\" title=\"Kas ir USD Coin (USDC)? K\u0101 tas darbojas un kur to ieg\u0101d\u0101ties?\">USDC<\/a>un v\u0113l\u0101k to nomain\u012bt pret DOGE.<\/span><\/p>\n<p><span style=\"font-weight: 400;\">P\u0113c tam, kad esat ievad\u012bjis summu, kuru v\u0113laties ieg\u0101d\u0101ties, jums ir j\u0101izv\u0113las maks\u0101juma kan\u0101ls. MEXC pied\u0101v\u0101 diezgan daudz tre\u0161o pu\u0161u iesp\u0113ju, no kur\u0101m izv\u0113l\u0113ties, un iesaka izmantot l\u0113t\u0101ko iesp\u0113ju.<\/span><\/p>\n<p><span style=\"font-weight: 400;\">P\u0101rbaudiet maks\u0101juma inform\u0101ciju un noklik\u0161\u0137iniet uz \"Turpin\u0101t\". J\u016bs tiksiet novirz\u012bts uz maks\u0101juma kan\u0101la lapu, lai apstiprin\u0101tu savu pas\u016bt\u012bjumu. P\u0101rskatiet inform\u0101ciju un noklik\u0161\u0137iniet uz \"Pirkt\".<\/span><\/p>\n<p><img loading=\"lazy\" decoding=\"async\" class=\"alignnone wp-image-3436 size-full\" src=\"https:\/\/coinkickoff.com\/wp-content\/uploads\/mercuryo-mexc1u.png\" alt=\"\" width=\"1360\" height=\"791\" srcset=\"https:\/\/coinkickoff.com\/wp-content\/uploads\/mercuryo-mexc1u.png 1360w, https:\/\/coinkickoff.com\/wp-content\/uploads\/mercuryo-mexc1u-300x174.png 300w, https:\/\/coinkickoff.com\/wp-content\/uploads\/mercuryo-mexc1u-1024x596.png 1024w, https:\/\/coinkickoff.com\/wp-content\/uploads\/mercuryo-mexc1u-768x447.png 768w, https:\/\/coinkickoff.com\/wp-content\/uploads\/mercuryo-mexc1u-18x10.png 18w\" sizes=\"auto, (max-width: 1360px) 100vw, 1360px\" \/><\/p>\n<p><img loading=\"lazy\" decoding=\"async\" class=\"alignnone wp-image-3435 size-full\" src=\"https:\/\/coinkickoff.com\/wp-content\/uploads\/mercuryo-mexc.png\" alt=\"\" width=\"1407\" height=\"796\" srcset=\"https:\/\/coinkickoff.com\/wp-content\/uploads\/mercuryo-mexc.png 1407w, https:\/\/coinkickoff.com\/wp-content\/uploads\/mercuryo-mexc-300x170.png 300w, https:\/\/coinkickoff.com\/wp-content\/uploads\/mercuryo-mexc-1024x579.png 1024w, https:\/\/coinkickoff.com\/wp-content\/uploads\/mercuryo-mexc-768x434.png 768w, https:\/\/coinkickoff.com\/wp-content\/uploads\/mercuryo-mexc-18x10.png 18w, https:\/\/coinkickoff.com\/wp-content\/uploads\/mercuryo-mexc-600x338.png 600w\" sizes=\"auto, (max-width: 1407px) 100vw, 1407px\" \/><\/p>\n<p><span style=\"font-weight: 400;\">\u0160aj\u0101 br\u012bd\u012b maks\u0101jumu kan\u0101l\u0101 ir j\u0101ievada j\u016bsu e-pasta adrese. Ja jums nav pakalpojuma sniedz\u0113ja konta, j\u016bs tiksiet novirz\u012bts uz konta atv\u0113r\u0161anu.<\/span><\/p>\n<h3><span class=\"ez-toc-section\" id=\"4_Trade_USDT_for_DOGE\"><\/span><span style=\"font-weight: 400;\">4. Nomainiet USDT pret DOGE<\/span><span class=\"ez-toc-section-end\"><\/span><\/h3>\n<p><span style=\"font-weight: 400;\">Kad ieg\u0101d\u0101jaties stabilu coin, piem\u0113ram, USDT, j\u016bs varat to apmain\u012bt pret DOGE MEXC. Inform\u0101cijas panel\u012b noklik\u0161\u0137iniet uz \"Trade\" (tirgot). Jaun\u0101 ekr\u0101na kreisaj\u0101 st\u016br\u012b mekl\u0113jiet DOGE.<\/span><\/p>\n<p><img loading=\"lazy\" decoding=\"async\" class=\"alignnone wp-image-3443 size-full\" src=\"https:\/\/coinkickoff.com\/wp-content\/uploads\/mexctrade1.png\" alt=\"\" width=\"1436\" height=\"736\" srcset=\"https:\/\/coinkickoff.com\/wp-content\/uploads\/mexctrade1.png 1436w, https:\/\/coinkickoff.com\/wp-content\/uploads\/mexctrade1-300x154.png 300w, https:\/\/coinkickoff.com\/wp-content\/uploads\/mexctrade1-1024x525.png 1024w, https:\/\/coinkickoff.com\/wp-content\/uploads\/mexctrade1-768x394.png 768w, https:\/\/coinkickoff.com\/wp-content\/uploads\/mexctrade1-18x9.png 18w\" sizes=\"auto, (max-width: 1436px) 100vw, 1436px\" \/><\/p>\n<p><span style=\"font-weight: 400;\">No rezult\u0101tiem izv\u0113lieties DOGE\/USDT, lai veiktu tirdzniec\u012bbu starp diviem akt\u012bviem.<\/span><\/p>\n<p><img loading=\"lazy\" decoding=\"async\" class=\"alignnone wp-image-3442 size-full\" src=\"https:\/\/coinkickoff.com\/wp-content\/uploads\/mexc-trade-2.png\" alt=\"\" width=\"1392\" height=\"748\" srcset=\"https:\/\/coinkickoff.com\/wp-content\/uploads\/mexc-trade-2.png 1392w, https:\/\/coinkickoff.com\/wp-content\/uploads\/mexc-trade-2-300x161.png 300w, https:\/\/coinkickoff.com\/wp-content\/uploads\/mexc-trade-2-1024x550.png 1024w, https:\/\/coinkickoff.com\/wp-content\/uploads\/mexc-trade-2-768x413.png 768w, https:\/\/coinkickoff.com\/wp-content\/uploads\/mexc-trade-2-18x10.png 18w\" sizes=\"auto, (max-width: 1392px) 100vw, 1392px\" \/><\/p>\n<p><span style=\"font-weight: 400;\">Tagad jums tikai j\u0101ievada, cik daudz DOGE v\u0113laties ieg\u0101d\u0101ties (vai cik daudz USDT v\u0113laties p\u0101rdot), ierakstot to lodzi\u0146\u0101 ekr\u0101na apak\u0161\u0101. \u0160aj\u0101 log\u0101 varat kori\u0123\u0113t summu, ko v\u0113laties ieg\u0101d\u0101ties.<\/span><\/p>\n<p><span style=\"font-weight: 400;\">Kad esat gatavs veikt pas\u016bt\u012bjumu, noklik\u0161\u0137iniet uz Pirkt DOGE. Tas ir viss.<\/span><\/p>\n<p><span style=\"font-weight: 400;\">Lai uzzin\u0101tu vair\u0101k, skatiet m\u016bsu rakstus par Dogecoin un MEXC bir\u017eu.<\/span><\/p>","protected":false},"excerpt":{"rendered":"<p>K\u0101 nopirkt Dogecoin MEXC Dogecoin, lai gan ir slavena kriptoval\u016bta, paties\u012bb\u0101 nav t\u0101da pati k\u0101 Ethereum vai Bitcoin. \u0160\u012b labi zin\u0101m\u0101 m\u0113m\u0101 coin ir diezgan bezv\u0113rt\u012bga jau p\u0113c b\u016bt\u012bbas, jo t\u0101 pirmo reizi tika palaista k\u0101 joks. Tom\u0113r tagad tas ir diezgan pla\u0161i izplat\u012bts, galvenok\u0101rt pateicoties Reddit un Elonam Maskam, un to var atrast gandr\u012bz [...].<\/p>","protected":false},"author":3,"featured_media":155,"parent":3196,"menu_order":0,"comment_status":"closed","ping_status":"closed","template":"","meta":{"_genesis_hide_title":false,"_genesis_hide_breadcrumbs":false,"_genesis_hide_singular_image":false,"_genesis_hide_footer_widgets":false,"_genesis_custom_body_class":"","_genesis_custom_post_class":"","_genesis_layout":"","_glsr_average":0,"_glsr_ranking":0,"_glsr_reviews":0,"footnotes":""},"class_list":{"0":"post-3424","1":"page","2":"type-page","3":"status-publish","4":"has-post-thumbnail","6":"entry"},"featured_image_src":"https:\/\/coinkickoff.com\/wp-content\/uploads\/2022\/06\/Dogecoin-DOGE-600x400.jpg","featured_image_src_square":"https:\/\/coinkickoff.com\/wp-content\/uploads\/2022\/06\/Dogecoin-DOGE-600x600.jpg","_links":{"self":[{"href":"https:\/\/coinkickoff.com\/lv\/wp-json\/wp\/v2\/pages\/3424","targetHints":{"allow":["GET"]}}],"collection":[{"href":"https:\/\/coinkickoff.com\/lv\/wp-json\/wp\/v2\/pages"}],"about":[{"href":"https:\/\/coinkickoff.com\/lv\/wp-json\/wp\/v2\/types\/page"}],"author":[{"embeddable":true,"href":"https:\/\/coinkickoff.com\/lv\/wp-json\/wp\/v2\/users\/3"}],"replies":[{"embeddable":true,"href":"https:\/\/coinkickoff.com\/lv\/wp-json\/wp\/v2\/comments?post=3424"}],"version-history":[{"count":3,"href":"https:\/\/coinkickoff.com\/lv\/wp-json\/wp\/v2\/pages\/3424\/revisions"}],"predecessor-version":[{"id":4496,"href":"https:\/\/coinkickoff.com\/lv\/wp-json\/wp\/v2\/pages\/3424\/revisions\/4496"}],"up":[{"embeddable":true,"href":"https:\/\/coinkickoff.com\/lv\/wp-json\/wp\/v2\/pages\/3196"}],"wp:featuredmedia":[{"embeddable":true,"href":"https:\/\/coinkickoff.com\/lv\/wp-json\/wp\/v2\/media\/155"}],"wp:attachment":[{"href":"https:\/\/coinkickoff.com\/lv\/wp-json\/wp\/v2\/media?parent=3424"}],"curies":[{"name":"wp","href":"https:\/\/api.w.org\/{rel}","templated":true}]}}