{"id":3404,"date":"2026-01-08T14:07:29","date_gmt":"2026-01-08T14:07:29","guid":{"rendered":"https:\/\/coinkickoff.com\/?page_id=3404"},"modified":"2026-01-08T14:07:29","modified_gmt":"2026-01-08T14:07:29","slug":"how-to-buy-dogecoin-on-kraken","status":"publish","type":"page","link":"https:\/\/coinkickoff.com\/lv\/how-to-buy-dogecoin\/how-to-buy-dogecoin-on-kraken\/","title":{"rendered":"K\u0101 ieg\u0101d\u0101ties Dogecoin (DOGE) Kraken veikal\u0101"},"content":{"rendered":"<div id=\"ez-toc-container\" class=\"ez-toc-v2_0_80 counter-hierarchy ez-toc-counter ez-toc-transparent ez-toc-container-direction\">\n<div class=\"ez-toc-title-container\">\n<p class=\"ez-toc-title\" style=\"cursor:inherit\">Sada\u013cas<\/p>\n<span class=\"ez-toc-title-toggle\"><a href=\"#\" class=\"ez-toc-pull-right ez-toc-btn ez-toc-btn-xs ez-toc-btn-default ez-toc-toggle\" aria-label=\"P\u0101rsl\u0113gt satura tabulu\"><span class=\"ez-toc-js-icon-con\"><span class=\"\"><span class=\"eztoc-hide\" style=\"display:none;\">P\u0101rsl\u0113gt<\/span><span class=\"ez-toc-icon-toggle-span\"><svg style=\"fill: #999;color:#999\" xmlns=\"http:\/\/www.w3.org\/2000\/svg\" class=\"list-377408\" width=\"20px\" height=\"20px\" viewbox=\"0 0 24 24\" fill=\"none\"><path d=\"M6 6H4v2h2V6zm14 0H8v2h12V6zM4 11h2v2H4v-2zm16 0H8v2h12v-2zM4 16h2v2H4v-2zm16 0H8v2h12v-2z\" fill=\"currentColor\"><\/path><\/svg><svg style=\"fill: #999;color:#999\" class=\"arrow-unsorted-368013\" xmlns=\"http:\/\/www.w3.org\/2000\/svg\" width=\"10px\" height=\"10px\" viewbox=\"0 0 24 24\" version=\"1.2\" baseprofile=\"tiny\"><path d=\"M18.2 9.3l-6.2-6.3-6.2 6.3c-.2.2-.3.4-.3.7s.1.5.3.7c.2.2.4.3.7.3h11c.3 0 .5-.1.7-.3.2-.2.3-.5.3-.7s-.1-.5-.3-.7zM5.8 14.7l6.2 6.3 6.2-6.3c.2-.2.3-.5.3-.7s-.1-.5-.3-.7c-.2-.2-.4-.3-.7-.3h-11c-.3 0-.5.1-.7.3-.2.2-.3.5-.3.7s.1.5.3.7z\"\/><\/svg><\/span><\/span><\/span><\/a><\/span><\/div>\n<nav><ul class='ez-toc-list ez-toc-list-level-1 eztoc-toggle-hide-by-default' ><li class='ez-toc-page-1 ez-toc-heading-level-2'><a class=\"ez-toc-link ez-toc-heading-1\" href=\"https:\/\/coinkickoff.com\/lv\/how-to-buy-dogecoin\/how-to-buy-dogecoin-on-kraken\/#How_to_Buy_Dogecoin_on_Kraken\" >K\u0101 ieg\u0101d\u0101ties Dogecoin Kraken aizdevumu tirg\u016b<\/a><\/li><li class='ez-toc-page-1 ez-toc-heading-level-2'><a class=\"ez-toc-link ez-toc-heading-2\" href=\"https:\/\/coinkickoff.com\/lv\/how-to-buy-dogecoin\/how-to-buy-dogecoin-on-kraken\/#A_Step-By-Step_Guide_on_How_to_Buy_Dogecoin_on_Kraken\" >Soli-pa-solim ce\u013cvedis par to, k\u0101 nopirkt Dogecoin par Kraken<\/a><ul class='ez-toc-list-level-3' ><li class='ez-toc-heading-level-3'><a class=\"ez-toc-link ez-toc-heading-3\" href=\"https:\/\/coinkickoff.com\/lv\/how-to-buy-dogecoin\/how-to-buy-dogecoin-on-kraken\/#1_Register_an_Account_on_Kraken\" >1. Re\u0123istr\u0113t kontu Kraken<\/a><\/li><li class='ez-toc-page-1 ez-toc-heading-level-3'><a class=\"ez-toc-link ez-toc-heading-4\" href=\"https:\/\/coinkickoff.com\/lv\/how-to-buy-dogecoin\/how-to-buy-dogecoin-on-kraken\/#2_Verify_Your_Account\" >2. P\u0101rbaudiet savu kontu<\/a><\/li><li class='ez-toc-page-1 ez-toc-heading-level-3'><a class=\"ez-toc-link ez-toc-heading-5\" href=\"https:\/\/coinkickoff.com\/lv\/how-to-buy-dogecoin\/how-to-buy-dogecoin-on-kraken\/#3_Deposit_FundsCrypto\" >3. Noguld\u012bjumu fondi \/ kriptogr\u0101fija<\/a><\/li><li class='ez-toc-page-1 ez-toc-heading-level-3'><a class=\"ez-toc-link ez-toc-heading-6\" href=\"https:\/\/coinkickoff.com\/lv\/how-to-buy-dogecoin\/how-to-buy-dogecoin-on-kraken\/#4_Navigate_to_the_Relevant_Screen_to_Buy\" >4. P\u0101rejiet uz attiec\u012bgo ekr\u0101nu, lai ieg\u0101d\u0101tos<\/a><\/li><\/ul><\/li><\/ul><\/nav><\/div>\n<h2><span class=\"ez-toc-section\" id=\"How_to_Buy_Dogecoin_on_Kraken\"><\/span><span style=\"font-weight: 400;\">K\u0101 ieg\u0101d\u0101ties Dogecoin Kraken aizdevumu tirg\u016b<\/span><span class=\"ez-toc-section-end\"><\/span><\/h2>\n<p><span style=\"font-weight: 400;\"><a href=\"https:\/\/coinkickoff.com\/lv\/dogecoin-doge\/\" data-internallinksmanager029f6b8e52c=\"14\" title=\"Kas ir Dogecoin (DOGE)? K\u0101 tas darbojas un kur to ieg\u0101d\u0101ties?\">Dogecoin<\/a> (DOGE) ir viena no liel\u0101kaj\u0101m kriptoval\u016bt\u0101m p\u0113c tirgus v\u0113rt\u012bbas, neraugoties uz vai varb\u016bt tie\u0161i t\u0101p\u0113c, ka t\u0101 ir pasaul\u0113 pirmais m\u0113ms coin. token tika palaists galvenok\u0101rt k\u0101 joks, iedvesmojoties no \"doge meme\", bet \u0101tri ieguva popularit\u0101ti, pateicoties internetam un soci\u0101lajiem medijiem.<\/span><\/p>\n<p><span style=\"font-weight: 400;\">Ja v\u0113laties ieg\u0101d\u0101ties <a href=\"https:\/\/coinkickoff.com\/lv\/dogecoin-doge\/\">Dogecoin<\/a> vietn\u0113 <a href=\"https:\/\/coinkickoff.com\/lv\/kraken-review\/\">Krakens<\/a> bet neesat p\u0101rliecin\u0101ts, ka atrodaties pareizaj\u0101 viet\u0101. \u0160eit ir soli pa solim aprakst\u012bts, k\u0101 ieg\u0101d\u0101ties Dogecoin par <a href=\"https:\/\/coinkickoff.com\/lv\/kraken-review\/\" data-internallinksmanager029f6b8e52c=\"171\" title=\"Krakena apskats 2023: Maksas, funkcijas, dro\u0161\u012bba, plusi un m\u012bnusi\">Krakens<\/a>.<\/span><\/p>\n<h2><span class=\"ez-toc-section\" id=\"A_Step-By-Step_Guide_on_How_to_Buy_Dogecoin_on_Kraken\"><\/span><span style=\"font-weight: 400;\">Soli-pa-solim ce\u013cvedis par to, k\u0101 nopirkt Dogecoin par Kraken<\/span><span class=\"ez-toc-section-end\"><\/span><\/h2>\n<h3><span class=\"ez-toc-section\" id=\"1_Register_an_Account_on_Kraken\"><\/span><span style=\"font-weight: 400;\">1. Re\u0123istr\u0113t kontu Kraken<\/span><span class=\"ez-toc-section-end\"><\/span><\/h3>\n<p><img loading=\"lazy\" decoding=\"async\" class=\"alignnone wp-image-3406 size-full\" src=\"https:\/\/coinkickoff.com\/wp-content\/uploads\/kraken1-e1682502957481.png\" alt=\"k\u0101 nopirkt Dogecoin Kraken vietn\u0113\" width=\"1339\" height=\"763\" srcset=\"https:\/\/coinkickoff.com\/wp-content\/uploads\/kraken1-e1682502957481.png 1339w, https:\/\/coinkickoff.com\/wp-content\/uploads\/kraken1-e1682502957481-300x171.png 300w, https:\/\/coinkickoff.com\/wp-content\/uploads\/kraken1-e1682502957481-1024x584.png 1024w, https:\/\/coinkickoff.com\/wp-content\/uploads\/kraken1-e1682502957481-768x438.png 768w, https:\/\/coinkickoff.com\/wp-content\/uploads\/kraken1-e1682502957481-18x10.png 18w\" sizes=\"auto, (max-width: 1339px) 100vw, 1339px\" \/> I<span style=\"font-weight: 400;\">ja jums v\u0113l nav Kraken konta, apmekl\u0113jiet <a href=\"https:\/\/kraken.pxf.io\/B0Rny4\" rel=\"nofollow noopener\" target=\"_blank\">Kraken ofici\u0101l\u0101 vietne<\/a> un noklik\u0161\u0137iniet uz \"Izveidot kontu\". Ievadiet savu e-pasta adresi, lietot\u0101jv\u0101rdu un sp\u0113c\u012bgu paroli ar ciparu un speci\u0101laj\u0101m rakstz\u012bm\u0113m. Izv\u0113lieties savu dz\u012bvesvietas valsti un valsti un izveidojiet kontu.\u00a0<\/span><\/p>\n<p><span style=\"font-weight: 400;\">Kraken jums nos\u016bt\u012bs verifik\u0101cijas e-pastu un konta aktiviz\u0113\u0161anas saiti. Izmantojiet saiti, lai pierakst\u012btos sav\u0101 kont\u0101.<\/span><\/p>\n<h3><span class=\"ez-toc-section\" id=\"2_Verify_Your_Account\"><\/span><span style=\"font-weight: 400;\">2. P\u0101rbaudiet savu kontu<\/span><span class=\"ez-toc-section-end\"><\/span><\/h3>\n<p><span style=\"font-weight: 400;\">Lai ieg\u0101d\u0101tos kriptoval\u016btu Kraken, jums ir j\u0101iev\u0113ro KYC pras\u012bbas un j\u0101sniedz da\u017ei personas dati un personu apliecino\u0161s dokuments. T\u0101tad otrais solis ir p\u0101rbaud\u012bt savu identit\u0101ti.<\/span><\/p>\n<p><span style=\"font-weight: 400;\">Da\u017eas bir\u017eas \u013cauj jums noguld\u012bt kriptonauda naudu sav\u0101 platform\u0101, neveicot ID verifik\u0101ciju. L\u016bdzu, \u0146emiet v\u0113r\u0101, ka Kraken ir <\/span><i><span style=\"font-weight: 400;\">ne <\/span><\/i><span style=\"font-weight: 400;\">vienu no \u0161\u012bm apmai\u0146\u0101m. <\/span><b>Pirms iemaksas veik\u0161anas platform\u0101 jums ir j\u0101apliecina sava identit\u0101te.<\/b><\/p>\n<p><span style=\"font-weight: 400;\">Kraken nos\u016bt\u012bs jums e-pastu, lai atg\u0101din\u0101tu par konta verifik\u0101ciju. Varat ar\u012b noklik\u0161\u0137in\u0101t uz ikonas \"Pirkt\" galven\u0101s lapas kreisaj\u0101 pus\u0113, kur Kraken nekav\u0113joties pied\u0101v\u0101s pabeigt ID verifik\u0101ciju.<\/span><\/p>\n<p><img loading=\"lazy\" decoding=\"async\" class=\"alignnone wp-image-3407 size-full\" src=\"https:\/\/coinkickoff.com\/wp-content\/uploads\/kraken2-e1682502904796.png\" alt=\"Kraken verifik\u0101cijas br\u012bdin\u0101jums\" width=\"1378\" height=\"770\" \/><\/p>\n<p><span style=\"font-weight: 400;\">Vienk\u0101r\u0161i noklik\u0161\u0137iniet uz Verific\u0113t, un tiksiet novirz\u012bts uz attiec\u012bgo lapu. Ievadiet savu juridisko v\u0101rdu, dzim\u0161anas datumu, adresi un t\u0101lru\u0146a numuru, lai s\u0101ktu verifik\u0101cijas procesu. Noklik\u0161\u0137iniet uz turpin\u0101t.<\/span><\/p>\n<p><img loading=\"lazy\" decoding=\"async\" class=\"alignnone wp-image-3408 size-full\" src=\"https:\/\/coinkickoff.com\/wp-content\/uploads\/kraken3-e1682503223180.png\" alt=\"\" width=\"1375\" height=\"777\" srcset=\"https:\/\/coinkickoff.com\/wp-content\/uploads\/kraken3-e1682503223180.png 1375w, https:\/\/coinkickoff.com\/wp-content\/uploads\/kraken3-e1682503223180-300x170.png 300w, https:\/\/coinkickoff.com\/wp-content\/uploads\/kraken3-e1682503223180-1024x579.png 1024w, https:\/\/coinkickoff.com\/wp-content\/uploads\/kraken3-e1682503223180-768x434.png 768w, https:\/\/coinkickoff.com\/wp-content\/uploads\/kraken3-e1682503223180-18x10.png 18w, https:\/\/coinkickoff.com\/wp-content\/uploads\/kraken3-e1682503223180-600x338.png 600w\" sizes=\"auto, (max-width: 1375px) 100vw, 1375px\" \/><\/p>\n<p><span style=\"font-weight: 400;\">N\u0101kamaj\u0101 lap\u0101 jums tiks l\u016bgts iesniegt papildu dokumentus, tostarp personu apliecino\u0161u dokumentu ar fotogr\u0101fiju, piem\u0113ram, pases lapu vai autovad\u012bt\u0101ja apliec\u012bbu.<\/span><\/p>\n<h3><span class=\"ez-toc-section\" id=\"3_Deposit_FundsCrypto\"><\/span><span style=\"font-weight: 400;\">3. Noguld\u012bjumu fondi \/ kriptogr\u0101fija<\/span><span class=\"ez-toc-section-end\"><\/span><\/h3>\n<p><span style=\"font-weight: 400;\">Ja jums jau pieder kriptonauda, varat noguld\u012bt savus coins Kraken un apmain\u012bt tos pret DOGE. Pret\u0113j\u0101 gad\u012bjum\u0101 j\u016bs vienk\u0101r\u0161i ieg\u0101d\u0101jaties DOGE Kraken par fiat val\u016btu.\u00a0<\/span><\/p>\n<p><span style=\"font-weight: 400;\">Pirms pievienojat maks\u0101jumu metodi vai veicat fiat iemaksas, iesak\u0101m nodro\u0161in\u0101t savu kontu ar divu faktoru autentifik\u0101ciju (2FA). 2FA j\u016bsu kontam nodro\u0161ina papildu dro\u0161\u012bbas l\u012bmeni.<\/span><\/p>\n<p><span style=\"font-weight: 400;\">Lai aktiviz\u0113tu 2FA, noklik\u0161\u0137iniet uz sava profila nosaukuma (aug\u0161\u0113j\u0101 labaj\u0101 st\u016br\u012b) un no nolai\u017eamaj\u0101 izv\u0113ln\u0113 izv\u0113lieties \"Dro\u0161\u012bba\". Lai piel\u0101gotu iestat\u012bjumus, noklik\u0161\u0137iniet uz \"2FA iestat\u012bjumi\".<\/span><\/p>\n<p><img loading=\"lazy\" decoding=\"async\" class=\"alignnone wp-image-3409 size-full\" src=\"https:\/\/coinkickoff.com\/wp-content\/uploads\/kraken4-e1682503267822.png\" alt=\"\" width=\"1360\" height=\"795\" srcset=\"https:\/\/coinkickoff.com\/wp-content\/uploads\/kraken4-e1682503267822.png 1360w, https:\/\/coinkickoff.com\/wp-content\/uploads\/kraken4-e1682503267822-300x175.png 300w, https:\/\/coinkickoff.com\/wp-content\/uploads\/kraken4-e1682503267822-1024x599.png 1024w, https:\/\/coinkickoff.com\/wp-content\/uploads\/kraken4-e1682503267822-768x449.png 768w, https:\/\/coinkickoff.com\/wp-content\/uploads\/kraken4-e1682503267822-18x12.png 18w\" sizes=\"auto, (max-width: 1360px) 100vw, 1360px\" \/><\/p>\n<p><span style=\"font-weight: 400;\">Kraken pied\u0101v\u0101 vair\u0101kas 2FA iesp\u0113jas. J\u016bs varat aktiviz\u0113t 2FA da\u017e\u0101d\u0101m darb\u012bb\u0101m, piem\u0113ram, pierakst\u012b\u0161an\u0101s, finans\u0113\u0161ana, tirdzniec\u012bba un izmaksas.<\/span><\/p>\n<p><span style=\"font-weight: 400;\"><img loading=\"lazy\" decoding=\"async\" class=\"alignnone wp-image-3405 size-full\" src=\"https:\/\/coinkickoff.com\/wp-content\/uploads\/kraken-5-e1682503294785.png\" alt=\"\" width=\"1357\" height=\"770\" srcset=\"https:\/\/coinkickoff.com\/wp-content\/uploads\/kraken-5-e1682503294785.png 1357w, https:\/\/coinkickoff.com\/wp-content\/uploads\/kraken-5-e1682503294785-300x170.png 300w, https:\/\/coinkickoff.com\/wp-content\/uploads\/kraken-5-e1682503294785-1024x581.png 1024w, https:\/\/coinkickoff.com\/wp-content\/uploads\/kraken-5-e1682503294785-768x436.png 768w, https:\/\/coinkickoff.com\/wp-content\/uploads\/kraken-5-e1682503294785-18x10.png 18w\" sizes=\"auto, (max-width: 1357px) 100vw, 1357px\" \/><\/span><\/p>\n<p><span style=\"font-weight: 400;\">2FA iestat\u012b\u0161ana ir diezgan vienk\u0101r\u0161a. Lejupiel\u0101d\u0113jiet lietotni Google Authenticator un sken\u0113jiet ekr\u0101n\u0101 redzamo QR kodu. Programma \u0123ener\u0113s kodu, kuru ievadiet, lai iesp\u0113jotu 2FA.\u00a0<\/span><\/p>\n<p><img loading=\"lazy\" decoding=\"async\" class=\"alignnone wp-image-3410 size-full\" src=\"https:\/\/coinkickoff.com\/wp-content\/uploads\/kraken6-e1682503322525.png\" alt=\"\" width=\"1357\" height=\"791\" \/><\/p>\n<p><span style=\"font-weight: 400;\">Kad esat iesp\u0113jojis 2FA, lai pierakst\u012btos sav\u0101 kont\u0101, j\u0101izmanto lietotne Google Authenticator. Lietotne katrai pieteik\u0161an\u0101s reizei \u0123ener\u0113s unik\u0101lu vienreiz\u0113ju paroli.<\/span><\/p>\n<p><span style=\"font-weight: 400;\">P\u0113c tam, kad esat aktiviz\u0113jis 2FA, varat veikt Kraken konta finans\u0113\u0161anu. Ir divi veidi, k\u0101 j\u016bs varat ieg\u0101d\u0101ties DOGE Kraken. Savam kontam varat pievienot t\u016bl\u012bt\u0113ju maks\u0101jumu metodi, piem\u0113ram, kred\u012btkarti, vai ar\u012b piesaist\u012bt savu bankas kontu Kraken, lai viegli p\u0101rskait\u012btu l\u012bdzek\u013cus.<\/span><\/p>\n<p><span style=\"font-weight: 400;\">\u0100tr\u0101ka un vienk\u0101r\u0161\u0101ka ir t\u016bl\u012bt\u0113ja maks\u0101juma metodes pievieno\u0161ana. Vienk\u0101r\u0161i aug\u0161\u0113j\u0101 izv\u0113ln\u0113 noklik\u0161\u0137iniet uz \"Pirkt kriptoval\u016btu\".<\/span><\/p>\n<p><img loading=\"lazy\" decoding=\"async\" class=\"alignnone wp-image-3412 size-full\" src=\"https:\/\/coinkickoff.com\/wp-content\/uploads\/kraken8-e1682503364155.png\" alt=\"\" width=\"1206\" height=\"781\" srcset=\"https:\/\/coinkickoff.com\/wp-content\/uploads\/kraken8-e1682503364155.png 1206w, https:\/\/coinkickoff.com\/wp-content\/uploads\/kraken8-e1682503364155-300x194.png 300w, https:\/\/coinkickoff.com\/wp-content\/uploads\/kraken8-e1682503364155-1024x663.png 1024w, https:\/\/coinkickoff.com\/wp-content\/uploads\/kraken8-e1682503364155-768x497.png 768w, https:\/\/coinkickoff.com\/wp-content\/uploads\/kraken8-e1682503364155-18x12.png 18w\" sizes=\"auto, (max-width: 1206px) 100vw, 1206px\" \/><\/p>\n<p><span style=\"font-weight: 400;\">Jaunaj\u0101 lap\u0101 izv\u0113lieties \"Maks\u0101juma metodes\".<\/span><\/p>\n<p><span style=\"font-weight: 400;\">Noklik\u0161\u0137iniet uz \"Pievienot maks\u0101jumu metodes\". J\u016bs varat pievienot <\/span><a href=\"https:\/\/support.kraken.com\/hc\/en-us\/articles\/360048212832-Visa-and-MasterCard-purchases\" target=\"_blank\" rel=\"noopener\"><span style=\"font-weight: 400;\">Visa un Mastercard debetkarte\/kred\u012btkarte<\/span><\/a><span style=\"font-weight: 400;\"> vai iemaks\u0101t skaidru naudu sav\u0101 kont\u0101, izmantojot internetbanku.<\/span><\/p>\n<p><img loading=\"lazy\" decoding=\"async\" class=\"alignnone wp-image-3413 size-full\" src=\"https:\/\/coinkickoff.com\/wp-content\/uploads\/kraken9-e1682503407337.png\" alt=\"\" width=\"1196\" height=\"776\" srcset=\"https:\/\/coinkickoff.com\/wp-content\/uploads\/kraken9-e1682503407337.png 1196w, https:\/\/coinkickoff.com\/wp-content\/uploads\/kraken9-e1682503407337-300x195.png 300w, https:\/\/coinkickoff.com\/wp-content\/uploads\/kraken9-e1682503407337-1024x664.png 1024w, https:\/\/coinkickoff.com\/wp-content\/uploads\/kraken9-e1682503407337-768x498.png 768w, https:\/\/coinkickoff.com\/wp-content\/uploads\/kraken9-e1682503407337-18x12.png 18w\" sizes=\"auto, (max-width: 1196px) 100vw, 1196px\" \/><\/p>\n<p><span style=\"font-weight: 400;\">Noklik\u0161\u0137iniet uz v\u0113lam\u0101s metodes un ievadiet attiec\u012bgo inform\u0101ciju.\u00a0<\/span><\/p>\n<p><span style=\"font-weight: 400;\">Pirkumi ar kred\u012btkarti un debetkarti ir \u0101tr\u0101ki, bet parasti d\u0101rg\u0101ki, jo kar\u0161u pakalpojumu sniedz\u0113ji iekas\u0113 papildu maksu.<\/span><\/p>\n<p><span style=\"font-weight: 400;\">Ja izv\u0113laties skaidras naudas iemaksu, kontu varat papildin\u0101t, izmantojot internetbanku. Izv\u0113lieties val\u016btu, kur\u0101 v\u0113laties veikt iemaksu, un izv\u0113lieties iemaksas metodi.<\/span><\/p>\n<p><img loading=\"lazy\" decoding=\"async\" class=\"alignnone wp-image-3414 size-full\" src=\"https:\/\/coinkickoff.com\/wp-content\/uploads\/kraken-deposit.png\" alt=\"\" width=\"752\" height=\"298\" srcset=\"https:\/\/coinkickoff.com\/wp-content\/uploads\/kraken-deposit.png 752w, https:\/\/coinkickoff.com\/wp-content\/uploads\/kraken-deposit-300x119.png 300w, https:\/\/coinkickoff.com\/wp-content\/uploads\/kraken-deposit-18x7.png 18w\" sizes=\"auto, (max-width: 752px) 100vw, 752px\" \/> <img loading=\"lazy\" decoding=\"async\" class=\"alignnone wp-image-3415 size-full\" src=\"https:\/\/coinkickoff.com\/wp-content\/uploads\/kraken-deposit-2.png\" alt=\"\" width=\"808\" height=\"547\" srcset=\"https:\/\/coinkickoff.com\/wp-content\/uploads\/kraken-deposit-2.png 808w, https:\/\/coinkickoff.com\/wp-content\/uploads\/kraken-deposit-2-300x203.png 300w, https:\/\/coinkickoff.com\/wp-content\/uploads\/kraken-deposit-2-768x520.png 768w, https:\/\/coinkickoff.com\/wp-content\/uploads\/kraken-deposit-2-18x12.png 18w\" sizes=\"auto, (max-width: 808px) 100vw, 808px\" \/><\/p>\n<p><span style=\"font-weight: 400;\">Nos\u016btot l\u012bdzek\u013cus uz savu Kraken kontu, r\u016bp\u012bgi izlasiet visus nor\u0101d\u012bjumus. Iesp\u0113jams, jums b\u016bs j\u0101ievada atsauces kods, lai nodro\u0161in\u0101tu, ka j\u016bsu depoz\u012bts sasniedz Kraken kontu.<\/span><\/p>\n<p><span style=\"font-weight: 400;\">L\u012bdzek\u013ciem j\u016bsu kont\u0101 vajadz\u0113tu non\u0101kt p\u0101ris dienu laik\u0101, ta\u010du j\u0101uzman\u0101s no banku br\u012bvdien\u0101m un citiem iesp\u0113jamiem kav\u0113jumiem. Varat p\u0101rbaud\u012bt, vai l\u012bdzek\u013ci ir sa\u0146emti, noklik\u0161\u0137inot uz cilnes \"Tirdzniec\u012bba\" vai \"Finans\u0113jums\".<\/span><\/p>\n<h3><span class=\"ez-toc-section\" id=\"4_Navigate_to_the_Relevant_Screen_to_Buy\"><\/span><span style=\"font-weight: 400;\">4. P\u0101rejiet uz attiec\u012bgo ekr\u0101nu, lai ieg\u0101d\u0101tos<\/span><span class=\"ez-toc-section-end\"><\/span><\/h3>\n<p><span style=\"font-weight: 400;\">Ir divi veidi, k\u0101 ieg\u0101d\u0101ties DOGE Kraken. Pirmais un vienk\u0101r\u0161\u0101kais veids ir izmantot vienk\u0101r\u0161o pirk\u0161anas\/p\u0101rdo\u0161anas logr\u012bku. Spiediet uz cilnes \"Pirkt kriptoval\u016btu\" instrumentu pane\u013ca aug\u0161\u0113j\u0101 centr\u0101laj\u0101 da\u013c\u0101 un izv\u0113lieties \"Pirkt\".<\/span><\/p>\n<p><span style=\"font-weight: 400;\">Izmantojumprogrammas no nolai\u017eamaj\u0101 izv\u0113ln\u0113 izv\u0113lieties DOGE un ievadiet summu, ko v\u0113laties t\u0113r\u0113t. Izv\u0113lieties maks\u0101juma veidu (kred\u012btkarte\/debetkarte vai skaidra nauda).<\/span><\/p>\n<p><span style=\"font-weight: 400;\">Kraken par\u0101da, cik daudz DOGE j\u016bs sa\u0146emsiet par savu naudu, un visas attiec\u012bg\u0101s maksas, kas attiecas uz j\u016bsu pirkumu. Nospiediet apstiprin\u0101t, un viss ir izdar\u012bts.\u00a0<\/span><\/p>\n<p><span style=\"font-weight: 400;\">Lai gan \u0161\u012b metode ir lieliski piem\u0113rota pirmreiz\u0113jiem lietot\u0101jiem, paties\u012bb\u0101 ir l\u0113t\u0101ka metode, k\u0101 ieg\u0101d\u0101ties DOGE Kraken.<\/span><\/p>\n<p><img loading=\"lazy\" decoding=\"async\" class=\"alignnone wp-image-3416 size-full\" src=\"https:\/\/coinkickoff.com\/wp-content\/uploads\/kraken-trade1.png\" alt=\"\" width=\"1139\" height=\"206\" srcset=\"https:\/\/coinkickoff.com\/wp-content\/uploads\/kraken-trade1.png 1139w, https:\/\/coinkickoff.com\/wp-content\/uploads\/kraken-trade1-300x54.png 300w, https:\/\/coinkickoff.com\/wp-content\/uploads\/kraken-trade1-1024x185.png 1024w, https:\/\/coinkickoff.com\/wp-content\/uploads\/kraken-trade1-768x139.png 768w, https:\/\/coinkickoff.com\/wp-content\/uploads\/kraken-trade1-18x3.png 18w\" sizes=\"auto, (max-width: 1139px) 100vw, 1139px\" \/><\/p>\n<p><span style=\"font-weight: 400;\">Galvenaj\u0101 vad\u012bbas panel\u012b izv\u0113lieties \"Tirdzniec\u012bba\". Noklik\u0161\u0137iniet uz cilnes \"Jauns r\u012bkojums\" un izv\u0113lieties \"Vienk\u0101r\u0161s r\u012bkojums\".\u00a0<\/span>\u00a0\u00a0<img loading=\"lazy\" decoding=\"async\" class=\"alignnone wp-image-3419 size-full\" src=\"https:\/\/coinkickoff.com\/wp-content\/uploads\/kraken-trade4-e1682504018815.png\" alt=\"\" width=\"1220\" height=\"309\" srcset=\"https:\/\/coinkickoff.com\/wp-content\/uploads\/kraken-trade4-e1682504018815.png 1220w, https:\/\/coinkickoff.com\/wp-content\/uploads\/kraken-trade4-e1682504018815-300x76.png 300w, https:\/\/coinkickoff.com\/wp-content\/uploads\/kraken-trade4-e1682504018815-1024x259.png 1024w, https:\/\/coinkickoff.com\/wp-content\/uploads\/kraken-trade4-e1682504018815-768x195.png 768w, https:\/\/coinkickoff.com\/wp-content\/uploads\/kraken-trade4-e1682504018815-18x5.png 18w\" sizes=\"auto, (max-width: 1220px) 100vw, 1220px\" \/><span style=\"font-weight: 400;\">Piel\u0101gojiet val\u016btas veidus pas\u016bt\u012bjuma veidlap\u0101. Piem\u0113ram, varat piel\u0101got izdevumu kolonnu uz USD un pirkumu kolonnu uz DOGE.<\/span><\/p>\n<p><span style=\"font-weight: 400;\">Izdevumu ail\u0113 ievadiet summu, ko v\u0113laties t\u0113r\u0113t. Cenas ciln\u0113 ievadiet cenu, par k\u0101du v\u0113laties ieg\u0101d\u0101ties DOGE. Jums autom\u0101tiski tiks pied\u0101v\u0101ta fiks\u0113ta tirgus cena, ta\u010du cenu varat noteikt ar\u012b pa\u0161i.<\/span><\/p>\n<p><span style=\"font-weight: 400;\">Kad akcept\u0113jat pied\u0101v\u0101to tirgus cenu, j\u016bs izvietojat tirgus r\u012bkojumu. Tas vienk\u0101r\u0161i noz\u012bm\u0113, ka j\u016bsu pas\u016bt\u012bjums tiks izpild\u012bts diezgan \u0101tri, jo j\u016bs pie\u0146emat k\u0101da cita cilv\u0113ka pied\u0101v\u0101jumu p\u0101rdot jums DOGE par vi\u0146a noteikto cenu.\u00a0<\/span><\/p>\n<p><span style=\"font-weight: 400;\">Ja cenu nosak\u0101t pats, p\u0101rdo\u0161anas dar\u012bjuma izpilde var aiz\u0146emt nedaudz ilg\u0101ku laiku, jo k\u0101dam citam ir j\u0101piekr\u012bt p\u0101rdot jums DOGE par \u0161o cenu. Cit\u0101di to d\u0113v\u0113 par limita r\u012bkojumu.<\/span><\/p>\n<p><span style=\"font-weight: 400;\">P\u0101rbaudiet savu pas\u016bt\u012bjumu un noklik\u0161\u0137iniet uz \"Pirkt\".<\/span><\/p>\n<p><span style=\"font-weight: 400;\">Lai redz\u0113tu, vai dar\u012bjums ir pabeigts, varat noklik\u0161\u0137in\u0101t uz cilnes \"Pas\u016bt\u012bjumi\". Ja pas\u016bt\u012bjums ir pabeigts, j\u016bs esat veiksm\u012bgi ieg\u0101d\u0101jies coin. Ja pas\u016bt\u012bjums ir atv\u0113rts, j\u016bs joproj\u0101m gaid\u0101t, lai k\u0101ds p\u0101rdod jums DOGE.<\/span><\/p>\n<p><span style=\"font-weight: 400;\">Tas ir viss. Apsveicam!\u00a0<\/span><\/p>","protected":false},"excerpt":{"rendered":"<p>K\u0101 nopirkt Dogecoin Kraken Dogecoin (DOGE) ir viena no liel\u0101kaj\u0101m kriptoval\u016bt\u0101m p\u0113c tirgus kapit\u0101las, neskatoties uz vai varb\u016bt tie\u0161i t\u0101p\u0113c, ka t\u0101 ir pasaul\u0113 pirm\u0101 m\u0113m\u0101 coin. token tika palaists galvenok\u0101rt k\u0101 joks, iedvesmojoties no \"doge meme\", bet \u0101tri ieguva popularit\u0101ti, pateicoties internetam un soci\u0101lajiem medijiem. Ja [...]<\/p>","protected":false},"author":3,"featured_media":155,"parent":3196,"menu_order":0,"comment_status":"closed","ping_status":"closed","template":"","meta":{"_genesis_hide_title":false,"_genesis_hide_breadcrumbs":false,"_genesis_hide_singular_image":false,"_genesis_hide_footer_widgets":false,"_genesis_custom_body_class":"","_genesis_custom_post_class":"","_genesis_layout":"","_glsr_average":0,"_glsr_ranking":0,"_glsr_reviews":0,"footnotes":""},"class_list":{"0":"post-3404","1":"page","2":"type-page","3":"status-publish","4":"has-post-thumbnail","6":"entry"},"featured_image_src":"https:\/\/coinkickoff.com\/wp-content\/uploads\/2022\/06\/Dogecoin-DOGE-600x400.jpg","featured_image_src_square":"https:\/\/coinkickoff.com\/wp-content\/uploads\/2022\/06\/Dogecoin-DOGE-600x600.jpg","_links":{"self":[{"href":"https:\/\/coinkickoff.com\/lv\/wp-json\/wp\/v2\/pages\/3404","targetHints":{"allow":["GET"]}}],"collection":[{"href":"https:\/\/coinkickoff.com\/lv\/wp-json\/wp\/v2\/pages"}],"about":[{"href":"https:\/\/coinkickoff.com\/lv\/wp-json\/wp\/v2\/types\/page"}],"author":[{"embeddable":true,"href":"https:\/\/coinkickoff.com\/lv\/wp-json\/wp\/v2\/users\/3"}],"replies":[{"embeddable":true,"href":"https:\/\/coinkickoff.com\/lv\/wp-json\/wp\/v2\/comments?post=3404"}],"version-history":[{"count":3,"href":"https:\/\/coinkickoff.com\/lv\/wp-json\/wp\/v2\/pages\/3404\/revisions"}],"predecessor-version":[{"id":4494,"href":"https:\/\/coinkickoff.com\/lv\/wp-json\/wp\/v2\/pages\/3404\/revisions\/4494"}],"up":[{"embeddable":true,"href":"https:\/\/coinkickoff.com\/lv\/wp-json\/wp\/v2\/pages\/3196"}],"wp:featuredmedia":[{"embeddable":true,"href":"https:\/\/coinkickoff.com\/lv\/wp-json\/wp\/v2\/media\/155"}],"wp:attachment":[{"href":"https:\/\/coinkickoff.com\/lv\/wp-json\/wp\/v2\/media?parent=3404"}],"curies":[{"name":"wp","href":"https:\/\/api.w.org\/{rel}","templated":true}]}}