{"id":3394,"date":"2026-01-08T14:07:29","date_gmt":"2026-01-08T14:07:29","guid":{"rendered":"https:\/\/coinkickoff.com\/?page_id=3394"},"modified":"2026-01-08T14:07:29","modified_gmt":"2026-01-08T14:07:29","slug":"how-to-buy-dogecoin-on-poloniex","status":"publish","type":"page","link":"https:\/\/coinkickoff.com\/lv\/how-to-buy-dogecoin\/how-to-buy-dogecoin-on-poloniex\/","title":{"rendered":"K\u0101 ieg\u0101d\u0101ties Dogecoin (DOGE) Poloniex veikal\u0101"},"content":{"rendered":"<h2><span style=\"font-weight: 400;\"><img loading=\"lazy\" decoding=\"async\" class=\"alignnone wp-image-155 size-full\" src=\"https:\/\/coinkickoff.com\/wp-content\/uploads\/2022\/06\/Dogecoin-DOGE.jpg\" alt=\"k\u0101 nopirkt dogecoin par poloniex\" width=\"1000\" height=\"800\" srcset=\"https:\/\/coinkickoff.com\/wp-content\/uploads\/2022\/06\/Dogecoin-DOGE.jpg 1000w, https:\/\/coinkickoff.com\/wp-content\/uploads\/2022\/06\/Dogecoin-DOGE-300x240.jpg 300w, https:\/\/coinkickoff.com\/wp-content\/uploads\/2022\/06\/Dogecoin-DOGE-768x614.jpg 768w, https:\/\/coinkickoff.com\/wp-content\/uploads\/2022\/06\/Dogecoin-DOGE-15x12.jpg 15w\" sizes=\"auto, (max-width: 1000px) 100vw, 1000px\" \/><\/span><\/h2>\n<div id=\"ez-toc-container\" class=\"ez-toc-v2_0_80 counter-hierarchy ez-toc-counter ez-toc-transparent ez-toc-container-direction\">\n<div class=\"ez-toc-title-container\">\n<p class=\"ez-toc-title\" style=\"cursor:inherit\">Sada\u013cas<\/p>\n<span class=\"ez-toc-title-toggle\"><a href=\"#\" class=\"ez-toc-pull-right ez-toc-btn ez-toc-btn-xs ez-toc-btn-default ez-toc-toggle\" aria-label=\"P\u0101rsl\u0113gt satura tabulu\"><span class=\"ez-toc-js-icon-con\"><span class=\"\"><span class=\"eztoc-hide\" style=\"display:none;\">P\u0101rsl\u0113gt<\/span><span class=\"ez-toc-icon-toggle-span\"><svg style=\"fill: #999;color:#999\" xmlns=\"http:\/\/www.w3.org\/2000\/svg\" class=\"list-377408\" width=\"20px\" height=\"20px\" viewbox=\"0 0 24 24\" fill=\"none\"><path d=\"M6 6H4v2h2V6zm14 0H8v2h12V6zM4 11h2v2H4v-2zm16 0H8v2h12v-2zM4 16h2v2H4v-2zm16 0H8v2h12v-2z\" fill=\"currentColor\"><\/path><\/svg><svg style=\"fill: #999;color:#999\" class=\"arrow-unsorted-368013\" xmlns=\"http:\/\/www.w3.org\/2000\/svg\" width=\"10px\" height=\"10px\" viewbox=\"0 0 24 24\" version=\"1.2\" baseprofile=\"tiny\"><path d=\"M18.2 9.3l-6.2-6.3-6.2 6.3c-.2.2-.3.4-.3.7s.1.5.3.7c.2.2.4.3.7.3h11c.3 0 .5-.1.7-.3.2-.2.3-.5.3-.7s-.1-.5-.3-.7zM5.8 14.7l6.2 6.3 6.2-6.3c.2-.2.3-.5.3-.7s-.1-.5-.3-.7c-.2-.2-.4-.3-.7-.3h-11c-.3 0-.5.1-.7.3-.2.2-.3.5-.3.7s.1.5.3.7z\"\/><\/svg><\/span><\/span><\/span><\/a><\/span><\/div>\n<nav><ul class='ez-toc-list ez-toc-list-level-1 eztoc-toggle-hide-by-default' ><li class='ez-toc-page-1 ez-toc-heading-level-2'><a class=\"ez-toc-link ez-toc-heading-1\" href=\"https:\/\/coinkickoff.com\/lv\/how-to-buy-dogecoin\/how-to-buy-dogecoin-on-poloniex\/#How_to_Buy_Dogecoin_on_Poloniex\" >K\u0101 nopirkt Dogecoin Poloniex<\/a><\/li><li class='ez-toc-page-1 ez-toc-heading-level-2'><a class=\"ez-toc-link ez-toc-heading-2\" href=\"https:\/\/coinkickoff.com\/lv\/how-to-buy-dogecoin\/how-to-buy-dogecoin-on-poloniex\/#A_Step-By-Step_Guide_on_How_to_Buy_Dogecoin_on_Poloniex\" >Soli pa solim, k\u0101 nopirkt Dogecoin Poloniex vietn\u0113<\/a><ul class='ez-toc-list-level-3' ><li class='ez-toc-heading-level-3'><a class=\"ez-toc-link ez-toc-heading-3\" href=\"https:\/\/coinkickoff.com\/lv\/how-to-buy-dogecoin\/how-to-buy-dogecoin-on-poloniex\/#1_Register_an_Account\" >1. Re\u0123istr\u0113t kontu<\/a><\/li><li class='ez-toc-page-1 ez-toc-heading-level-3'><a class=\"ez-toc-link ez-toc-heading-4\" href=\"https:\/\/coinkickoff.com\/lv\/how-to-buy-dogecoin\/how-to-buy-dogecoin-on-poloniex\/#2_Verify_Your_Account\" >2. P\u0101rbaudiet savu kontu<\/a><\/li><li class='ez-toc-page-1 ez-toc-heading-level-3'><a class=\"ez-toc-link ez-toc-heading-5\" href=\"https:\/\/coinkickoff.com\/lv\/how-to-buy-dogecoin\/how-to-buy-dogecoin-on-poloniex\/#3_Buy_Crypto\" >3. Nopirkt kriptogr\u0101fiju<\/a><\/li><li class='ez-toc-page-1 ez-toc-heading-level-3'><a class=\"ez-toc-link ez-toc-heading-6\" href=\"https:\/\/coinkickoff.com\/lv\/how-to-buy-dogecoin\/how-to-buy-dogecoin-on-poloniex\/#4_Trade_USDT_for_DOGE\" >4. Nomainiet USDT pret DOGE<\/a><\/li><\/ul><\/li><\/ul><\/nav><\/div>\n<h2><span class=\"ez-toc-section\" id=\"How_to_Buy_Dogecoin_on_Poloniex\"><\/span><span style=\"font-weight: 400;\">K\u0101 nopirkt Dogecoin Poloniex<\/span><span class=\"ez-toc-section-end\"><\/span><\/h2>\n<p><span style=\"font-weight: 400;\">Lai gan <a href=\"https:\/\/coinkickoff.com\/lv\/dogecoin-doge\/\">DOGE<\/a> nav izmanto\u0161anas gad\u012bjuma, tas ir diezgan popul\u0101rs un ir atrodams liel\u0101kaj\u0101 da\u013c\u0101 <a href=\"https:\/\/coinkickoff.com\/lv\/crypto-exchanges\/\" data-internallinksmanager029f6b8e52c=\"141\" title=\"21 Lab\u0101k\u0101s kriptoval\u016btas mai\u0146as un lietotnes 2024. gad\u0101\">kriptogr\u0101fijas bir\u017eas<\/a>, tostarp <a href=\"https:\/\/coinkickoff.com\/lv\/poloniex-review\/\">Poloniex<\/a>. coin ir \u013coti l\u0113ts un diezgan daudz bezv\u0113rt\u012bgs.\u00a0<\/span><\/p>\n<p><span style=\"font-weight: 400;\">Ja v\u0113laties piedal\u012bties \u0161aj\u0101 jok\u0101, ieg\u0101d\u0101joties da\u017eus <a href=\"https:\/\/coinkickoff.com\/lv\/dogecoin-doge\/\" data-internallinksmanager029f6b8e52c=\"14\" title=\"Kas ir Dogecoin (DOGE)? K\u0101 tas darbojas un kur to ieg\u0101d\u0101ties?\">Dogecoin<\/a> bet nezin\u0101t, ar ko s\u0101kt, atrodaties \u012bstaj\u0101 viet\u0101. Mums ir soli pa solim sniegts ce\u013cvedis, k\u0101 ieg\u0101d\u0101ties Dogecoin par <a href=\"https:\/\/coinkickoff.com\/lv\/poloniex-review\/\" data-internallinksmanager029f6b8e52c=\"164\" title=\"Poloniex Atsauksmes 2023: Maks\u0101jumi, funkcijas, dro\u0161\u012bba, plusi un m\u012bnusi\">Poloniex<\/a>. L\u016bk, s\u0101kam.<\/span><\/p>\n<h2><span class=\"ez-toc-section\" id=\"A_Step-By-Step_Guide_on_How_to_Buy_Dogecoin_on_Poloniex\"><\/span><span style=\"font-weight: 400;\">Soli pa solim, k\u0101 nopirkt Dogecoin Poloniex vietn\u0113<\/span><span class=\"ez-toc-section-end\"><\/span><\/h2>\n<h3><span class=\"ez-toc-section\" id=\"1_Register_an_Account\"><\/span><span style=\"font-weight: 400;\">1. Re\u0123istr\u0113t kontu<\/span><span class=\"ez-toc-section-end\"><\/span><\/h3>\n<p><span style=\"font-weight: 400;\">Vispirms dodieties uz <a href=\"https:\/\/poloniex.com\/signup?c=NLAGMVE5\" target=\"_blank\" rel=\"noopener\">Poloniex<\/a> vietn\u0113 un noklik\u0161\u0137iniet uz \"Re\u0123istr\u0113ties\", lai izveidotu kontu.\u00a0<\/span><\/p>\n<p><img loading=\"lazy\" decoding=\"async\" class=\"alignnone wp-image-3397 size-full\" src=\"https:\/\/coinkickoff.com\/wp-content\/uploads\/poloniex-sign-up.png\" alt=\"poloniex re\u0123istr\u0113ties\" width=\"1436\" height=\"653\" srcset=\"https:\/\/coinkickoff.com\/wp-content\/uploads\/poloniex-sign-up.png 1436w, https:\/\/coinkickoff.com\/wp-content\/uploads\/poloniex-sign-up-300x136.png 300w, https:\/\/coinkickoff.com\/wp-content\/uploads\/poloniex-sign-up-1024x466.png 1024w, https:\/\/coinkickoff.com\/wp-content\/uploads\/poloniex-sign-up-768x349.png 768w, https:\/\/coinkickoff.com\/wp-content\/uploads\/poloniex-sign-up-18x8.png 18w\" sizes=\"auto, (max-width: 1436px) 100vw, 1436px\" \/><\/p>\n<p><span style=\"font-weight: 400;\">Vienk\u0101r\u0161i ievadiet der\u012bgu e-pasta adresi un paroli, lai pierakst\u012btos. Uz savu e-pasta adresi sa\u0146emsiet verifik\u0101cijas kodu. Izmantojiet kodu, lai pierakst\u012btos sav\u0101 kont\u0101.\u00a0\u00a0<\/span><\/p>\n<h3><span class=\"ez-toc-section\" id=\"2_Verify_Your_Account\"><\/span><span style=\"font-weight: 400;\">2. P\u0101rbaudiet savu kontu<\/span><span class=\"ez-toc-section-end\"><\/span><\/h3>\n<p><span style=\"font-weight: 400;\">J\u016bs varat tirgoties Poloniex, nep\u0101rbaudot savu identit\u0101ti. Poloniex \u013cauj jums iemaks\u0101t un iz\u0146emt kriptonauda bez verifik\u0101cijas. J\u016bs varat izmantot ar\u012b tre\u0161o pu\u0161u maks\u0101jumu pakalpojumu sniedz\u0113jus, lai ieg\u0101d\u0101tos kriptoval\u016btu par fiat val\u016btu, ta\u010du jums ir j\u0101iev\u0113ro \u0161o tre\u0161o pu\u0161u KYC politika.<\/span><\/p>\n<p><img loading=\"lazy\" decoding=\"async\" class=\"alignnone wp-image-3398 size-full\" src=\"https:\/\/coinkickoff.com\/wp-content\/uploads\/poloniex-verification.png\" alt=\"poloniex verifik\u0101cija\" width=\"1437\" height=\"679\" srcset=\"https:\/\/coinkickoff.com\/wp-content\/uploads\/poloniex-verification.png 1437w, https:\/\/coinkickoff.com\/wp-content\/uploads\/poloniex-verification-300x142.png 300w, https:\/\/coinkickoff.com\/wp-content\/uploads\/poloniex-verification-1024x484.png 1024w, https:\/\/coinkickoff.com\/wp-content\/uploads\/poloniex-verification-768x363.png 768w, https:\/\/coinkickoff.com\/wp-content\/uploads\/poloniex-verification-18x9.png 18w\" sizes=\"auto, (max-width: 1437px) 100vw, 1437px\" \/><\/p>\n<p><span style=\"font-weight: 400;\">Tom\u0113r varat veikt identit\u0101tes p\u0101rbaudi, lai palielin\u0101tu izmaksu limitus. Noklik\u0161\u0137iniet uz profila ikonas t\u012bmek\u013ca vietnes aug\u0161\u0113j\u0101 labaj\u0101 st\u016br\u012b un izv\u0113lieties \"Profils\".<\/span><\/p>\n<p><span style=\"font-weight: 400;\">Sav\u0101 profila lap\u0101 redz\u0113siet, ka j\u016bsu verifik\u0101cijas l\u012bmenis ir \"1. l\u012bme\u0146a\" verifik\u0101cija, kas attiecas uz visiem jaunajiem kontiem. \u0160aj\u0101 lap\u0101 varat redz\u0113t sava verifik\u0101cijas l\u012bme\u0146a ierobe\u017eojumus, un to nav daudz. Turpm\u0101ka verifik\u0101cija \u013cauj jums palielin\u0101t dienas izmaksu limitu l\u012bdz 500 000 USD.\u00a0<\/span><\/p>\n<p><span style=\"font-weight: 400;\">Ja v\u0113laties, dodieties uz priek\u0161u un noklik\u0161\u0137iniet uz \"S\u0101kt\", lai palielin\u0101tu savu limitu, bet j\u016bs varat ieg\u0101d\u0101ties DOGE platform\u0101 ar\u012b bez tam.<\/span><\/p>\n<h3><span class=\"ez-toc-section\" id=\"3_Buy_Crypto\"><\/span><span style=\"font-weight: 400;\">3. Nopirkt kriptogr\u0101fiju<\/span><span class=\"ez-toc-section-end\"><\/span><\/h3>\n<p><span style=\"font-weight: 400;\">Poloniex var ieg\u0101d\u0101ties izv\u0113l\u0113t\u0101s kriptoval\u016btas ar fiat val\u016btu. Noklik\u0161\u0137iniet uz \"Pirkt kriptoval\u016btu\" aug\u0161\u0113j\u0101 kreisaj\u0101 st\u016br\u012b. Ievadiet summu USD, ko v\u0113laties izt\u0113r\u0113t, un izv\u0113lieties coin, kuru v\u0113laties ieg\u0101d\u0101ties. Izmantojot \u0161o r\u012bku, j\u016bs varat ieg\u0101d\u0101ties t\u0101dus digit\u0101los akt\u012bvus k\u0101, piem. <a href=\"https:\/\/coinkickoff.com\/lv\/bitcoin-btc\/\" data-internallinksmanager029f6b8e52c=\"1\" title=\"Kas ir Bitcoin (BTC)? Cena, v\u0113sture un kur nopirkt\">Bitcoin<\/a>, <a href=\"https:\/\/coinkickoff.com\/lv\/ethereum-eth\/\" data-internallinksmanager029f6b8e52c=\"2\" title=\"Kas ir Ethereum (ETH)? Cena, v\u0113sture un kur nopirkt\">Ethereum<\/a>, <a href=\"https:\/\/coinkickoff.com\/lv\/tether-usdt\/\" data-internallinksmanager029f6b8e52c=\"3\" title=\"Kas ir Tether (USDT)? K\u0101 tas darbojas un kur to ieg\u0101d\u0101ties?\">USDT<\/a>, un <a href=\"https:\/\/coinkickoff.com\/lv\/usd-coin-usdc\/\" data-internallinksmanager029f6b8e52c=\"8\" title=\"Kas ir USD Coin (USDC)? K\u0101 tas darbojas un kur to ieg\u0101d\u0101ties?\">USDC<\/a>.\u00a0<\/span><\/p>\n<p><span style=\"font-weight: 400;\">T\u0101 k\u0101 Poloniex ir USDT\/DOGE un USDC\/DOGE tirgi, ir laba ideja ieg\u0101d\u0101ties vienu no stabiliem coins.<\/span><\/p>\n<p><span style=\"font-weight: 400;\">P\u0113c tam, kad esat ievad\u012bjis summu, ko v\u0113laties t\u0113r\u0113t, izv\u0113lieties maks\u0101jumu pakalpojumu sniedz\u0113ju. Pakalpojumu sniedz\u0113ji at\u0161\u0137iras atkar\u012bb\u0101 no j\u016bsu valsts.<\/span><\/p>\n<p><span style=\"font-weight: 400;\">P\u0101rbaudiet pas\u016bt\u012bjuma inform\u0101ciju, apstipriniet noteikumus un nosac\u012bjumus un noklik\u0161\u0137iniet uz \"Nos\u016bt\u012bt\". J\u016bs tiksiet p\u0101rcelts uz jaunu vietni, lai apstiprin\u0101tu savu pas\u016bt\u012bjumu un pabeigtu identit\u0101tes p\u0101rbaudi saska\u0146\u0101 ar maks\u0101jumu pakalpojumu sniedz\u0113ja noteikumiem.<\/span><\/p>\n<p><img loading=\"lazy\" decoding=\"async\" class=\"alignnone wp-image-3399 size-full\" src=\"https:\/\/coinkickoff.com\/wp-content\/uploads\/poloniex-buy-crypto.png\" alt=\"\" width=\"1436\" height=\"793\" srcset=\"https:\/\/coinkickoff.com\/wp-content\/uploads\/poloniex-buy-crypto.png 1436w, https:\/\/coinkickoff.com\/wp-content\/uploads\/poloniex-buy-crypto-300x166.png 300w, https:\/\/coinkickoff.com\/wp-content\/uploads\/poloniex-buy-crypto-1024x565.png 1024w, https:\/\/coinkickoff.com\/wp-content\/uploads\/poloniex-buy-crypto-768x424.png 768w, https:\/\/coinkickoff.com\/wp-content\/uploads\/poloniex-buy-crypto-18x10.png 18w\" sizes=\"auto, (max-width: 1436px) 100vw, 1436px\" \/><\/p>\n<h3><span class=\"ez-toc-section\" id=\"4_Trade_USDT_for_DOGE\"><\/span><span style=\"font-weight: 400;\">4. Nomainiet USDT pret DOGE<\/span><span class=\"ez-toc-section-end\"><\/span><\/h3>\n<p><span style=\"font-weight: 400;\">\u0160aj\u0101 sol\u012b nomain\u012bsiet savu stabilocoin pret Dogecoin. Aug\u0161\u0113j\u0101 izv\u0113ln\u0113 noklik\u0161\u0137iniet uz Trade (Tirdzniec\u012bba) un izv\u0113lieties \"spot trading\" (t\u016bl\u012bt\u0113ja tirdzniec\u012bba).<\/span><\/p>\n<p><span style=\"font-weight: 400;\">Jaunaj\u0101 lap\u0101 noklik\u0161\u0137iniet uz BTC\/USDT p\u0101r\u012b lapas aug\u0161\u0113j\u0101 kreisaj\u0101 st\u016br\u012b (tie\u0161i virs diagrammas) un mekl\u0113jiet DOGE. Izv\u0113lieties DOGE\/stabilocoin p\u0101ri. Ja ieg\u0101d\u0101j\u0101ties USDT, varat izv\u0113l\u0113ties USDT\/DOGE.<\/span><\/p>\n<p><img loading=\"lazy\" decoding=\"async\" class=\"alignnone wp-image-3401 size-full\" src=\"https:\/\/coinkickoff.com\/wp-content\/uploads\/poloniex-usdt-doge-trade2.png\" alt=\"\" width=\"1438\" height=\"651\" srcset=\"https:\/\/coinkickoff.com\/wp-content\/uploads\/poloniex-usdt-doge-trade2.png 1438w, https:\/\/coinkickoff.com\/wp-content\/uploads\/poloniex-usdt-doge-trade2-300x136.png 300w, https:\/\/coinkickoff.com\/wp-content\/uploads\/poloniex-usdt-doge-trade2-1024x464.png 1024w, https:\/\/coinkickoff.com\/wp-content\/uploads\/poloniex-usdt-doge-trade2-768x348.png 768w, https:\/\/coinkickoff.com\/wp-content\/uploads\/poloniex-usdt-doge-trade2-18x8.png 18w\" sizes=\"auto, (max-width: 1438px) 100vw, 1438px\" \/><\/p>\n<p><span style=\"font-weight: 400;\">Tagad viss, kas jums j\u0101dara, ir ekr\u0101na labaj\u0101 pus\u0113 eso\u0161aj\u0101 mazaj\u0101 lodzi\u0146\u0101 j\u0101ievada, cik daudz DOGE v\u0113laties ieg\u0101d\u0101ties (vai cik daudz USDT v\u0113laties p\u0101rdot). Kad esat gatavs veikt pas\u016bt\u012bjumu, noklik\u0161\u0137iniet uz Pirkt DOGE.<\/span><\/p>\n<p><img loading=\"lazy\" decoding=\"async\" class=\"alignnone wp-image-3400 size-full\" src=\"https:\/\/coinkickoff.com\/wp-content\/uploads\/POLONIEX-DOGE-USDT-TRADE.png\" alt=\"poloniex tirdzniec\u012bba\" width=\"1432\" height=\"637\" srcset=\"https:\/\/coinkickoff.com\/wp-content\/uploads\/POLONIEX-DOGE-USDT-TRADE.png 1432w, https:\/\/coinkickoff.com\/wp-content\/uploads\/POLONIEX-DOGE-USDT-TRADE-300x133.png 300w, https:\/\/coinkickoff.com\/wp-content\/uploads\/POLONIEX-DOGE-USDT-TRADE-1024x456.png 1024w, https:\/\/coinkickoff.com\/wp-content\/uploads\/POLONIEX-DOGE-USDT-TRADE-768x342.png 768w, https:\/\/coinkickoff.com\/wp-content\/uploads\/POLONIEX-DOGE-USDT-TRADE-18x8.png 18w\" sizes=\"auto, (max-width: 1432px) 100vw, 1432px\" \/><br \/>\n<span style=\"font-weight: 400;\">Tas ir viss, apsveicam! Tagad j\u016bs zin\u0101t, k\u0101 ieg\u0101d\u0101ties Dogecoin Poloniex. Lai uzzin\u0101tu vair\u0101k, p\u0101rliecinieties, ka esat iepazinu\u0161ies ar m\u016bsu <a href=\"https:\/\/coinkickoff.com\/lv\/crypto-exchanges\/\">bir\u017eas p\u0101rskata ce\u013cve\u017ei<\/a>.<\/span><\/p>\n<p>&nbsp;<\/p>","protected":false},"excerpt":{"rendered":"<p>K\u0101 ieg\u0101d\u0101ties Dogecoin Poloniex Lai gan DOGE nav izmanto\u0161anas gad\u012bjuma, tas ir diezgan popul\u0101rs un ir atrodams vairum\u0101 kriptoval\u016btu bir\u017eu, tostarp Poloniex. coin ir \u013coti l\u0113ts un diezgan bezv\u0113rt\u012bgs.  Ja v\u0113laties piedal\u012bties \u0161aj\u0101 jok\u0101, ieg\u0101d\u0101joties Dogecoin, bet nezin\u0101t, ar ko s\u0101kt, varat [...].<\/p>","protected":false},"author":3,"featured_media":155,"parent":3196,"menu_order":0,"comment_status":"closed","ping_status":"closed","template":"","meta":{"_genesis_hide_title":false,"_genesis_hide_breadcrumbs":false,"_genesis_hide_singular_image":false,"_genesis_hide_footer_widgets":false,"_genesis_custom_body_class":"","_genesis_custom_post_class":"","_genesis_layout":"","_glsr_average":0,"_glsr_ranking":0,"_glsr_reviews":0,"footnotes":""},"class_list":{"0":"post-3394","1":"page","2":"type-page","3":"status-publish","4":"has-post-thumbnail","6":"entry"},"featured_image_src":"https:\/\/coinkickoff.com\/wp-content\/uploads\/2022\/06\/Dogecoin-DOGE-600x400.jpg","featured_image_src_square":"https:\/\/coinkickoff.com\/wp-content\/uploads\/2022\/06\/Dogecoin-DOGE-600x600.jpg","_links":{"self":[{"href":"https:\/\/coinkickoff.com\/lv\/wp-json\/wp\/v2\/pages\/3394","targetHints":{"allow":["GET"]}}],"collection":[{"href":"https:\/\/coinkickoff.com\/lv\/wp-json\/wp\/v2\/pages"}],"about":[{"href":"https:\/\/coinkickoff.com\/lv\/wp-json\/wp\/v2\/types\/page"}],"author":[{"embeddable":true,"href":"https:\/\/coinkickoff.com\/lv\/wp-json\/wp\/v2\/users\/3"}],"replies":[{"embeddable":true,"href":"https:\/\/coinkickoff.com\/lv\/wp-json\/wp\/v2\/comments?post=3394"}],"version-history":[{"count":6,"href":"https:\/\/coinkickoff.com\/lv\/wp-json\/wp\/v2\/pages\/3394\/revisions"}],"predecessor-version":[{"id":4498,"href":"https:\/\/coinkickoff.com\/lv\/wp-json\/wp\/v2\/pages\/3394\/revisions\/4498"}],"up":[{"embeddable":true,"href":"https:\/\/coinkickoff.com\/lv\/wp-json\/wp\/v2\/pages\/3196"}],"wp:featuredmedia":[{"embeddable":true,"href":"https:\/\/coinkickoff.com\/lv\/wp-json\/wp\/v2\/media\/155"}],"wp:attachment":[{"href":"https:\/\/coinkickoff.com\/lv\/wp-json\/wp\/v2\/media?parent=3394"}],"curies":[{"name":"wp","href":"https:\/\/api.w.org\/{rel}","templated":true}]}}