{"id":3268,"date":"2026-01-08T14:07:33","date_gmt":"2026-01-08T14:07:33","guid":{"rendered":"https:\/\/coinkickoff.com\/?page_id=3268"},"modified":"2026-01-08T14:07:33","modified_gmt":"2026-01-08T14:07:33","slug":"how-to-buy-dogecoin-on-kucoin","status":"publish","type":"page","link":"https:\/\/coinkickoff.com\/lv\/how-to-buy-dogecoin\/how-to-buy-dogecoin-on-kucoin\/","title":{"rendered":"K\u0101 ieg\u0101d\u0101ties Dogecoin (DOGE) par Kucoin"},"content":{"rendered":"<div id=\"ez-toc-container\" class=\"ez-toc-v2_0_80 counter-hierarchy ez-toc-counter ez-toc-transparent ez-toc-container-direction\">\n<div class=\"ez-toc-title-container\">\n<p class=\"ez-toc-title\" style=\"cursor:inherit\">Sada\u013cas<\/p>\n<span class=\"ez-toc-title-toggle\"><a href=\"#\" class=\"ez-toc-pull-right ez-toc-btn ez-toc-btn-xs ez-toc-btn-default ez-toc-toggle\" aria-label=\"P\u0101rsl\u0113gt satura tabulu\"><span class=\"ez-toc-js-icon-con\"><span class=\"\"><span class=\"eztoc-hide\" style=\"display:none;\">P\u0101rsl\u0113gt<\/span><span class=\"ez-toc-icon-toggle-span\"><svg style=\"fill: #999;color:#999\" xmlns=\"http:\/\/www.w3.org\/2000\/svg\" class=\"list-377408\" width=\"20px\" height=\"20px\" viewbox=\"0 0 24 24\" fill=\"none\"><path d=\"M6 6H4v2h2V6zm14 0H8v2h12V6zM4 11h2v2H4v-2zm16 0H8v2h12v-2zM4 16h2v2H4v-2zm16 0H8v2h12v-2z\" fill=\"currentColor\"><\/path><\/svg><svg style=\"fill: #999;color:#999\" class=\"arrow-unsorted-368013\" xmlns=\"http:\/\/www.w3.org\/2000\/svg\" width=\"10px\" height=\"10px\" viewbox=\"0 0 24 24\" version=\"1.2\" baseprofile=\"tiny\"><path d=\"M18.2 9.3l-6.2-6.3-6.2 6.3c-.2.2-.3.4-.3.7s.1.5.3.7c.2.2.4.3.7.3h11c.3 0 .5-.1.7-.3.2-.2.3-.5.3-.7s-.1-.5-.3-.7zM5.8 14.7l6.2 6.3 6.2-6.3c.2-.2.3-.5.3-.7s-.1-.5-.3-.7c-.2-.2-.4-.3-.7-.3h-11c-.3 0-.5.1-.7.3-.2.2-.3.5-.3.7s.1.5.3.7z\"\/><\/svg><\/span><\/span><\/span><\/a><\/span><\/div>\n<nav><ul class='ez-toc-list ez-toc-list-level-1 eztoc-toggle-hide-by-default' ><li class='ez-toc-page-1 ez-toc-heading-level-2'><a class=\"ez-toc-link ez-toc-heading-1\" href=\"https:\/\/coinkickoff.com\/lv\/how-to-buy-dogecoin\/how-to-buy-dogecoin-on-kucoin\/#How_to_Buy_Dogecoin_on_Kucoin\" >K\u0101 ieg\u0101d\u0101ties Dogecoin par Kucoin<\/a><\/li><li class='ez-toc-page-1 ez-toc-heading-level-2'><a class=\"ez-toc-link ez-toc-heading-2\" href=\"https:\/\/coinkickoff.com\/lv\/how-to-buy-dogecoin\/how-to-buy-dogecoin-on-kucoin\/#A_Step-By-Step_Guide_on_How_to_Buy_Dogecoin_on_Kucoin\" >Soli-pa-solim ce\u013cvedis par to, k\u0101 nopirkt Dogecoin par Kucoin<\/a><ul class='ez-toc-list-level-3' ><li class='ez-toc-heading-level-3'><a class=\"ez-toc-link ez-toc-heading-3\" href=\"https:\/\/coinkickoff.com\/lv\/how-to-buy-dogecoin\/how-to-buy-dogecoin-on-kucoin\/#1_Register_an_Account\" >1. Re\u0123istr\u0113t kontu<\/a><\/li><li class='ez-toc-page-1 ez-toc-heading-level-3'><a class=\"ez-toc-link ez-toc-heading-4\" href=\"https:\/\/coinkickoff.com\/lv\/how-to-buy-dogecoin\/how-to-buy-dogecoin-on-kucoin\/#2_Verify_Your_Account\" >2. P\u0101rbaudiet savu kontu<\/a><\/li><li class='ez-toc-page-1 ez-toc-heading-level-3'><a class=\"ez-toc-link ez-toc-heading-5\" href=\"https:\/\/coinkickoff.com\/lv\/how-to-buy-dogecoin\/how-to-buy-dogecoin-on-kucoin\/#3_Deposit_FundsCrypto\" >3. Noguld\u012bjumu fondi \/ kriptogr\u0101fija<\/a><\/li><li class='ez-toc-page-1 ez-toc-heading-level-3'><a class=\"ez-toc-link ez-toc-heading-6\" href=\"https:\/\/coinkickoff.com\/lv\/how-to-buy-dogecoin\/how-to-buy-dogecoin-on-kucoin\/#4_Navigate_to_the_Relevant_Screen_to_Buy\" >4. P\u0101rejiet uz attiec\u012bgo ekr\u0101nu, lai ieg\u0101d\u0101tos<\/a><ul class='ez-toc-list-level-4' ><li class='ez-toc-heading-level-4'><a class=\"ez-toc-link ez-toc-heading-7\" href=\"https:\/\/coinkickoff.com\/lv\/how-to-buy-dogecoin\/how-to-buy-dogecoin-on-kucoin\/#Fast_TradeOne-click_Buy\" >\u0100tra tirdzniec\u012bba \/ pirk\u0161ana ar vienu klik\u0161\u0137i<\/a><\/li><li class='ez-toc-page-1 ez-toc-heading-level-4'><a class=\"ez-toc-link ez-toc-heading-8\" href=\"https:\/\/coinkickoff.com\/lv\/how-to-buy-dogecoin\/how-to-buy-dogecoin-on-kucoin\/#Third-Party\" >Tre\u0161\u0101s puses<\/a><\/li><li class='ez-toc-page-1 ez-toc-heading-level-4'><a class=\"ez-toc-link ez-toc-heading-9\" href=\"https:\/\/coinkickoff.com\/lv\/how-to-buy-dogecoin\/how-to-buy-dogecoin-on-kucoin\/#P2P_Market\" >P2P tirgus<\/a><\/li><\/ul><\/li><\/ul><\/li><\/ul><\/nav><\/div>\n<h2><span class=\"ez-toc-section\" id=\"How_to_Buy_Dogecoin_on_Kucoin\"><\/span>K\u0101 ieg\u0101d\u0101ties Dogecoin par Kucoin<span class=\"ez-toc-section-end\"><\/span><\/h2>\n<p><a href=\"https:\/\/coinkickoff.com\/lv\/dogecoin-doge\/\"><span style=\"font-weight: 400;\">Dogecoin<\/span><\/a><span style=\"font-weight: 400;\"> ir slavens m\u0113ms coin, ko var ieg\u0101d\u0101ties daudz\u0101s bir\u017e\u0101s, tostarp <\/span><a href=\"https:\/\/coinkickoff.com\/lv\/kucoin-review\/\"><span style=\"font-weight: 400;\">Kucoin<\/span><\/a><span style=\"font-weight: 400;\">. <a href=\"https:\/\/coinkickoff.com\/lv\/dogecoin-doge\/\" data-internallinksmanager029f6b8e52c=\"14\" title=\"Kas ir Dogecoin (DOGE)? K\u0101 tas darbojas un kur to ieg\u0101d\u0101ties?\">DOGE<\/a> ir diezgan l\u0113ts un viegli tirgojams.<\/span><\/p>\n<p><span style=\"font-weight: 400;\">Ja v\u0113laties ieg\u0101d\u0101ties Dogecoin par <a href=\"https:\/\/coinkickoff.com\/lv\/kucoin-review\/\" data-internallinksmanager029f6b8e52c=\"153\" title=\"KuCoin Atsauksmes 2023: Maks\u0101jumi, dro\u0161\u012bba, Pro &amp; m\u012bnusi\">Kucoin<\/a> apmai\u0146u, bet nezin\u0101t, ar ko s\u0101kt, m\u0113s jums pal\u012bdz\u0113sim. \u0160eit ir soli pa solim aprakst\u012bts, k\u0101 ieg\u0101d\u0101ties Dogecoin par Kucoin.<\/span><\/p>\n<h2><span class=\"ez-toc-section\" id=\"A_Step-By-Step_Guide_on_How_to_Buy_Dogecoin_on_Kucoin\"><\/span><span style=\"font-weight: 400;\">Soli-pa-solim ce\u013cvedis par to, k\u0101 nopirkt Dogecoin par Kucoin<\/span><span class=\"ez-toc-section-end\"><\/span><\/h2>\n<h3><span class=\"ez-toc-section\" id=\"1_Register_an_Account\"><\/span><span style=\"font-weight: 400;\">1. Re\u0123istr\u0113t kontu<\/span><span class=\"ez-toc-section-end\"><\/span><\/h3>\n<p><span style=\"font-weight: 400;\">Vispirms apmekl\u0113jiet <\/span><a href=\"https:\/\/www.kucoin.com\/r\/af\/rMJPV3B\" target=\"_blank\" rel=\"noopener\"><span style=\"font-weight: 400;\">Kucoin ofici\u0101l\u0101 t\u012bmek\u013ca vietne<\/span><\/a><span style=\"font-weight: 400;\"> re\u0123istr\u0113t kontu.\u00a0<\/span><\/p>\n<p><img loading=\"lazy\" decoding=\"async\" class=\"alignnone wp-image-3269 size-full\" src=\"https:\/\/coinkickoff.com\/wp-content\/uploads\/kucoin-register.png\" alt=\"pirkt doge par kucoin re\u0123istr\u0101\" width=\"1421\" height=\"788\" srcset=\"https:\/\/coinkickoff.com\/wp-content\/uploads\/kucoin-register.png 1421w, https:\/\/coinkickoff.com\/wp-content\/uploads\/kucoin-register-300x166.png 300w, https:\/\/coinkickoff.com\/wp-content\/uploads\/kucoin-register-1024x568.png 1024w, https:\/\/coinkickoff.com\/wp-content\/uploads\/kucoin-register-768x426.png 768w, https:\/\/coinkickoff.com\/wp-content\/uploads\/kucoin-register-18x10.png 18w\" sizes=\"auto, (max-width: 1421px) 100vw, 1421px\" \/><\/p>\n<p><span style=\"font-weight: 400;\">Kucoin konta atv\u0113r\u0161ana ir \u013coti vienk\u0101r\u0161a: varat re\u0123istr\u0113ties, izmantojot e-pasta adresi vai t\u0101lru\u0146a numuru. Kucoin nos\u016bt\u012bs jums verifik\u0101cijas kodu, lai pierakst\u012btos j\u016bsu jaunaj\u0101 kont\u0101.<\/span><\/p>\n<h3><span class=\"ez-toc-section\" id=\"2_Verify_Your_Account\"><\/span><span style=\"font-weight: 400;\">2. P\u0101rbaudiet savu kontu<\/span><span class=\"ez-toc-section-end\"><\/span><\/h3>\n<p><span style=\"font-weight: 400;\">Lai p\u0101rbaud\u012btu savu kontu, dodieties uz savu lietot\u0101ja profilu (aug\u0161\u0113j\u0101 labaj\u0101 st\u016br\u012b blakus sada\u013cai \"Akt\u012bvi\").  Izv\u0113ln\u0113 noklik\u0161\u0137iniet uz \"Identit\u0101tes p\u0101rbaude\".<\/span><\/p>\n<p><img loading=\"lazy\" decoding=\"async\" class=\"alignnone wp-image-3272 size-full\" src=\"https:\/\/coinkickoff.com\/wp-content\/uploads\/kucoin-identity-verification.png\" alt=\"kucoin identit\u0101tes p\u0101rbaude 1\" width=\"1420\" height=\"785\" srcset=\"https:\/\/coinkickoff.com\/wp-content\/uploads\/kucoin-identity-verification.png 1420w, https:\/\/coinkickoff.com\/wp-content\/uploads\/kucoin-identity-verification-300x166.png 300w, https:\/\/coinkickoff.com\/wp-content\/uploads\/kucoin-identity-verification-1024x566.png 1024w, https:\/\/coinkickoff.com\/wp-content\/uploads\/kucoin-identity-verification-768x425.png 768w, https:\/\/coinkickoff.com\/wp-content\/uploads\/kucoin-identity-verification-18x10.png 18w\" sizes=\"auto, (max-width: 1420px) 100vw, 1420px\" \/><\/p>\n<p><span style=\"font-weight: 400;\">Tehniski jums nav nepiecie\u0161ams p\u0101rbaud\u012bt savu identit\u0101ti, lai nopirktu DOGE platform\u0101 Kucoin, ja jums jau ir citi digit\u0101lie akt\u012bvi.\u00a0<\/span><\/p>\n<p><span style=\"font-weight: 400;\">Ja jums jau pieder digit\u0101lie akt\u012bvi, varat tos vienk\u0101r\u0161i nos\u016bt\u012bt uz savu Kucoin kriptonauda maku. Kad esat ieskait\u012bjis kriptoval\u016btu sav\u0101 Kucoin kont\u0101, j\u016bs varat tirgot \u0161os akt\u012bvus ar Dogecoin.<\/span><\/p>\n<p><span style=\"font-weight: 400;\">Tom\u0113r, jums ir j\u0101aizpilda id verifik\u0101cija, lai noguld\u012btu fiat uz platformu. T\u0101tad, ja jums v\u0113l nepieder kriptonauda vai ja nev\u0113laties tirgot savus akt\u012bvus, turpiniet un pabeidziet identit\u0101tes verifik\u0101ciju.<\/span><\/p>\n<p><img loading=\"lazy\" decoding=\"async\" class=\"alignnone wp-image-3270 size-full\" src=\"https:\/\/coinkickoff.com\/wp-content\/uploads\/kucoin-id-verification-2.png\" alt=\"kucoin identit\u0101tes p\u0101rbaude 2\" width=\"1407\" height=\"706\" srcset=\"https:\/\/coinkickoff.com\/wp-content\/uploads\/kucoin-id-verification-2.png 1407w, https:\/\/coinkickoff.com\/wp-content\/uploads\/kucoin-id-verification-2-300x151.png 300w, https:\/\/coinkickoff.com\/wp-content\/uploads\/kucoin-id-verification-2-1024x514.png 1024w, https:\/\/coinkickoff.com\/wp-content\/uploads\/kucoin-id-verification-2-768x385.png 768w, https:\/\/coinkickoff.com\/wp-content\/uploads\/kucoin-id-verification-2-18x9.png 18w\" sizes=\"auto, (max-width: 1407px) 100vw, 1407px\" \/><\/p>\n<p><span style=\"font-weight: 400;\">Kucoin ir tr\u012bs so\u013cu vienk\u0101r\u0161ots identit\u0101tes verifik\u0101cijas process, kas sast\u0101v no personisk\u0101s inform\u0101cijas ievad\u012b\u0161anas, vald\u012bbas ID aug\u0161upiel\u0101des un sejas verifik\u0101cijas pabeig\u0161anas.<\/span><\/p>\n<p><span style=\"font-weight: 400;\">S\u0101ciet, ievadot savu personisko inform\u0101ciju, un vienk\u0101r\u0161i noklik\u0161\u0137iniet uz \"T\u0101l\u0101k\", lai p\u0101rietu uz n\u0101kamo soli.<\/span><\/p>\n<p><img loading=\"lazy\" decoding=\"async\" class=\"alignnone wp-image-3271 size-full\" src=\"https:\/\/coinkickoff.com\/wp-content\/uploads\/kucoin-id-verification-3.png\" alt=\"kucoin identit\u0101tes p\u0101rbaude 3\" width=\"1412\" height=\"789\" srcset=\"https:\/\/coinkickoff.com\/wp-content\/uploads\/kucoin-id-verification-3.png 1412w, https:\/\/coinkickoff.com\/wp-content\/uploads\/kucoin-id-verification-3-300x168.png 300w, https:\/\/coinkickoff.com\/wp-content\/uploads\/kucoin-id-verification-3-1024x572.png 1024w, https:\/\/coinkickoff.com\/wp-content\/uploads\/kucoin-id-verification-3-768x429.png 768w, https:\/\/coinkickoff.com\/wp-content\/uploads\/kucoin-id-verification-3-18x10.png 18w\" sizes=\"auto, (max-width: 1412px) 100vw, 1412px\" \/><\/p>\n<h3><span class=\"ez-toc-section\" id=\"3_Deposit_FundsCrypto\"><\/span><span style=\"font-weight: 400;\">3. Noguld\u012bjumu fondi \/ kriptogr\u0101fija<\/span><span class=\"ez-toc-section-end\"><\/span><\/h3>\n<p><span style=\"font-weight: 400;\">Sav\u0101 Kucoin kont\u0101 kriptoval\u016btu var iemaks\u0101t vair\u0101kos veidos. Noklik\u0161\u0137iniet uz \"Akt\u012bvi\", kas atrodas lapas aug\u0161\u0113j\u0101 labaj\u0101 st\u016br\u012b, un no nolai\u017eamaj\u0101 izv\u0113ln\u0113 izv\u0113lieties \"Noguld\u012bt\". Varat ar\u012b doties uz lapu \"Akt\u012bvu p\u0101rskats\" un noklik\u0161\u0137in\u0101t uz \"Depoz\u012bts\".<\/span><\/p>\n<p><img loading=\"lazy\" decoding=\"async\" class=\"alignnone wp-image-3273 size-full\" src=\"https:\/\/coinkickoff.com\/wp-content\/uploads\/kucoin-deposit.png\" alt=\"kucoin depoz\u012bta l\u012bdzek\u013ci 1\" width=\"1427\" height=\"758\" srcset=\"https:\/\/coinkickoff.com\/wp-content\/uploads\/kucoin-deposit.png 1427w, https:\/\/coinkickoff.com\/wp-content\/uploads\/kucoin-deposit-300x159.png 300w, https:\/\/coinkickoff.com\/wp-content\/uploads\/kucoin-deposit-1024x544.png 1024w, https:\/\/coinkickoff.com\/wp-content\/uploads\/kucoin-deposit-768x408.png 768w, https:\/\/coinkickoff.com\/wp-content\/uploads\/kucoin-deposit-18x10.png 18w\" sizes=\"auto, (max-width: 1427px) 100vw, 1427px\" \/><\/p>\n<p><span style=\"font-weight: 400;\">P\u0113c tam, kad esat noklik\u0161\u0137in\u0101jis uz depoz\u012bta, varat mekl\u0113t, piem\u0113ram, coin, ko v\u0113laties nos\u016bt\u012bt uz platformu, <a href=\"https:\/\/coinkickoff.com\/lv\/tether-usdt\/\" data-internallinksmanager029f6b8e52c=\"3\" title=\"Kas ir Tether (USDT)? K\u0101 tas darbojas un kur to ieg\u0101d\u0101ties?\">USDT<\/a>. J\u016bs sa\u0146emsiet depoz\u012bta adresi, kuru varat izmantot, lai nos\u016bt\u012btu savu coins uz platformu.\u00a0<\/span><\/p>\n<p><span style=\"font-weight: 400;\">Kucoin atbalsta vair\u0101k nek\u0101 70 maks\u0101jumu metodes, t\u0101p\u0113c jums ir daudz iesp\u0113ju, kad runa ir par p\u0113rkot kriptonauda uz platformas. Da\u017eas metodes var neb\u016bt pieejamas atkar\u012bb\u0101 no j\u016bsu atra\u0161an\u0101s vietas, ta\u010du parasti ir iesp\u0113ja, kas der ikvienam.<\/span><\/p>\n<h3><span class=\"ez-toc-section\" id=\"4_Navigate_to_the_Relevant_Screen_to_Buy\"><\/span><span style=\"font-weight: 400;\">4. P\u0101rejiet uz attiec\u012bgo ekr\u0101nu, lai ieg\u0101d\u0101tos<\/span><span class=\"ez-toc-section-end\"><\/span><\/h3>\n<p><img loading=\"lazy\" decoding=\"async\" class=\"alignnone wp-image-3274 size-full\" src=\"https:\/\/coinkickoff.com\/wp-content\/uploads\/kucoin-buy-crypto.png\" alt=\"kucoin ieg\u0101d\u0101ties ekr\u0101nu\" width=\"1418\" height=\"692\" srcset=\"https:\/\/coinkickoff.com\/wp-content\/uploads\/kucoin-buy-crypto.png 1418w, https:\/\/coinkickoff.com\/wp-content\/uploads\/kucoin-buy-crypto-300x146.png 300w, https:\/\/coinkickoff.com\/wp-content\/uploads\/kucoin-buy-crypto-1024x500.png 1024w, https:\/\/coinkickoff.com\/wp-content\/uploads\/kucoin-buy-crypto-768x375.png 768w, https:\/\/coinkickoff.com\/wp-content\/uploads\/kucoin-buy-crypto-18x9.png 18w\" sizes=\"auto, (max-width: 1418px) 100vw, 1418px\" \/><\/p>\n<h4><span class=\"ez-toc-section\" id=\"Fast_TradeOne-click_Buy\"><\/span><span style=\"font-weight: 400;\">\u0100tra tirdzniec\u012bba \/ pirk\u0161ana ar vienu klik\u0161\u0137i<\/span><span class=\"ez-toc-section-end\"><\/span><\/h4>\n<p><span style=\"font-weight: 400;\">Kucoin ir vair\u0101ki veidi, k\u0101 ieg\u0101d\u0101ties kriptoval\u016btu. J\u016bs varat piesaist\u012bt bankas karti vai bankas kontu, lai platform\u0101 iemaks\u0101tu fiat val\u016btu. Kucoin pie\u0146em vair\u0101kas fiat val\u016btas, tostarp USD, EUR, GBP un AUD. Eiropas iedz\u012bvot\u0101ji var izmantot SEPA, lai p\u0101rskait\u012btu l\u012bdzek\u013cus uz saviem kontiem.\u00a0<\/span><\/p>\n<p><img loading=\"lazy\" decoding=\"async\" class=\"alignnone wp-image-3275 size-full\" src=\"https:\/\/coinkickoff.com\/wp-content\/uploads\/kucoin-buy-crypto-one-click.png\" alt=\"kucoin ieg\u0101d\u0101ties ar vienu klik\u0161\u0137i\" width=\"1421\" height=\"770\" srcset=\"https:\/\/coinkickoff.com\/wp-content\/uploads\/kucoin-buy-crypto-one-click.png 1421w, https:\/\/coinkickoff.com\/wp-content\/uploads\/kucoin-buy-crypto-one-click-300x163.png 300w, https:\/\/coinkickoff.com\/wp-content\/uploads\/kucoin-buy-crypto-one-click-1024x555.png 1024w, https:\/\/coinkickoff.com\/wp-content\/uploads\/kucoin-buy-crypto-one-click-768x416.png 768w, https:\/\/coinkickoff.com\/wp-content\/uploads\/kucoin-buy-crypto-one-click-18x10.png 18w\" sizes=\"auto, (max-width: 1421px) 100vw, 1421px\" \/><\/p>\n<p><span style=\"font-weight: 400;\">Kad sav\u0101 kont\u0101 iemaks\u0101jat fiat val\u016btu, varat izmantot \u0101tro tirdzniec\u012bbu, lai ar vienu klik\u0161\u0137i ieg\u0101d\u0101tos kriptonauda. Vienk\u0101r\u0161i ievadiet summu, ko v\u0113laties t\u0113r\u0113t, un val\u016btu, kuru v\u0113laties ieg\u0101d\u0101ties, un no nolai\u017eamaj\u0101 izv\u0113ln\u0113 izv\u0113lieties maks\u0101juma metodi.<\/span><\/p>\n<p><span style=\"font-weight: 400;\">Atbalst\u012bt\u0101s maks\u0101jumu metodes ir Zelle, Apple Pay, ADVCash, <a href=\"https:\/\/coinkickoff.com\/lv\/uphold-review\/\" data-internallinksmanager029f6b8e52c=\"156\" title=\"Atbalst\u012bt Atsauksmes 2023: Maks\u0101jumi, funkcijas, dro\u0161\u012bba, plusi un m\u012bnusi\">Atbalst\u012bt<\/a>, k\u0101 ar\u012b vair\u0101kas citas.<\/span><\/p>\n<p><img loading=\"lazy\" decoding=\"async\" class=\"alignnone wp-image-3276 size-full\" src=\"https:\/\/coinkickoff.com\/wp-content\/uploads\/kucoin-select-paymnet-method.png\" alt=\"\" width=\"1424\" height=\"794\" srcset=\"https:\/\/coinkickoff.com\/wp-content\/uploads\/kucoin-select-paymnet-method.png 1424w, https:\/\/coinkickoff.com\/wp-content\/uploads\/kucoin-select-paymnet-method-300x167.png 300w, https:\/\/coinkickoff.com\/wp-content\/uploads\/kucoin-select-paymnet-method-1024x571.png 1024w, https:\/\/coinkickoff.com\/wp-content\/uploads\/kucoin-select-paymnet-method-768x428.png 768w, https:\/\/coinkickoff.com\/wp-content\/uploads\/kucoin-select-paymnet-method-18x10.png 18w\" sizes=\"auto, (max-width: 1424px) 100vw, 1424px\" \/><\/p>\n<p><span style=\"font-weight: 400;\"><img loading=\"lazy\" decoding=\"async\" class=\"alignnone wp-image-3277 size-full\" src=\"https:\/\/coinkickoff.com\/wp-content\/uploads\/kucoin-select-paymnt2.png\" alt=\"\" width=\"1432\" height=\"798\" srcset=\"https:\/\/coinkickoff.com\/wp-content\/uploads\/kucoin-select-paymnt2.png 1432w, https:\/\/coinkickoff.com\/wp-content\/uploads\/kucoin-select-paymnt2-300x167.png 300w, https:\/\/coinkickoff.com\/wp-content\/uploads\/kucoin-select-paymnt2-1024x571.png 1024w, https:\/\/coinkickoff.com\/wp-content\/uploads\/kucoin-select-paymnt2-768x428.png 768w, https:\/\/coinkickoff.com\/wp-content\/uploads\/kucoin-select-paymnt2-18x10.png 18w\" sizes=\"auto, (max-width: 1432px) 100vw, 1432px\" \/><\/span><\/p>\n<p><span style=\"font-weight: 400;\">Lai gan tas ir diezgan taisni<\/span>vai t\u0101l\u0101k, ir viena probl\u0113ma, kas saist\u012bta ar viena klik\u0161\u0137a pirkumu. Diem\u017e\u0113l ar \u0161o metodi nevar ieg\u0101d\u0101ties DOGE. Kucoin var ieg\u0101d\u0101ties <a href=\"https:\/\/coinkickoff.com\/lv\/bitcoin-btc\/\" data-internallinksmanager029f6b8e52c=\"1\" title=\"Kas ir Bitcoin (BTC)? Cena, v\u0113sture un kur nopirkt\">BTC<\/a>, <a href=\"https:\/\/coinkickoff.com\/lv\/ethereum-eth\/\" data-internallinksmanager029f6b8e52c=\"2\" title=\"Kas ir Ethereum (ETH)? Cena, v\u0113sture un kur nopirkt\">ETH<\/a>, USDT un <a href=\"https:\/\/coinkickoff.com\/lv\/usd-coin-usdc\/\" data-internallinksmanager029f6b8e52c=\"8\" title=\"Kas ir USD Coin (USDC)? K\u0101 tas darbojas un kur to ieg\u0101d\u0101ties?\">USDC<\/a> ar vienu klik\u0161\u0137i.<\/p>\n<p><span style=\"font-weight: 400;\">Tom\u0113r j\u016bs varat ieg\u0101d\u0101ties k\u0101du no pied\u0101v\u0101tajiem digit\u0101lajiem akt\u012bviem un p\u0113c tam p\u0101rv\u0113rst to DOGE platform\u0101. Ja tas izklaus\u0101s p\u0101r\u0101k sare\u017e\u0123\u012bti, neuztraucieties, jo n\u0101kam\u0101 metode ir \u013coti vienk\u0101r\u0161a.<\/span><\/p>\n<h4><span class=\"ez-toc-section\" id=\"Third-Party\"><\/span><span style=\"font-weight: 400;\">Tre\u0161\u0101s puses<\/span><span class=\"ez-toc-section-end\"><\/span><\/h4>\n<p><img loading=\"lazy\" decoding=\"async\" class=\"alignnone wp-image-3278 size-full\" src=\"https:\/\/coinkickoff.com\/wp-content\/uploads\/kucoin-screenshot.png\" alt=\"\" width=\"1436\" height=\"673\" srcset=\"https:\/\/coinkickoff.com\/wp-content\/uploads\/kucoin-screenshot.png 1436w, https:\/\/coinkickoff.com\/wp-content\/uploads\/kucoin-screenshot-300x141.png 300w, https:\/\/coinkickoff.com\/wp-content\/uploads\/kucoin-screenshot-1024x480.png 1024w, https:\/\/coinkickoff.com\/wp-content\/uploads\/kucoin-screenshot-768x360.png 768w, https:\/\/coinkickoff.com\/wp-content\/uploads\/kucoin-screenshot-18x8.png 18w\" sizes=\"auto, (max-width: 1436px) 100vw, 1436px\" \/><\/p>\n<p><span style=\"font-weight: 400;\">Visvienk\u0101r\u0161\u0101kais veids, k\u0101 ieg\u0101d\u0101ties DOGE par Kucoin, ir izv\u0113ln\u0113 \"Pirkt kriptoval\u016btu\", kas atrodas aug\u0161\u0113j\u0101 kreisaj\u0101 st\u016br\u012b, izv\u0113l\u0113ties \"Tre\u0161\u0101s puses\". Tre\u0161\u0101s puses lap\u0101 ievadiet summu, ko v\u0113laties izt\u0113r\u0113t, no nolai\u017eamaj\u0101 izv\u0113ln\u0113 izv\u0113lieties coin, ko v\u0113laties ieg\u0101d\u0101ties (DOGE), un izv\u0113lieties maks\u0101juma veidu un maks\u0101juma kan\u0101lu.<\/span><\/p>\n<p><span style=\"font-weight: 400;\">Kucoin atbalsta vair\u0101kas tre\u0161o pu\u0161u maks\u0101jumu programmas, tostarp. <\/span><a href=\"https:\/\/banxa.com\/case-study\/kucoin\/\" target=\"_blank\" rel=\"noopener\"><span style=\"font-weight: 400;\">Banxa<\/span><\/a><span style=\"font-weight: 400;\">, <\/span><a href=\"https:\/\/www.simplex.com\" target=\"_blank\" rel=\"noopener\"><span style=\"font-weight: 400;\">Simplex<\/span><\/a><span style=\"font-weight: 400;\">, <\/span><a href=\"https:\/\/legendtrading.com\/infrastructure\" target=\"_blank\" rel=\"noopener\"><span style=\"font-weight: 400;\">Le\u0123endu tirdzniec\u012bba<\/span><\/a><span style=\"font-weight: 400;\">, un <\/span><a href=\"https:\/\/btcdirect.eu\/en-gb\" target=\"_blank\" rel=\"noopener\"><span style=\"font-weight: 400;\">BTC Direct<\/span><\/a><span style=\"font-weight: 400;\">.\u00a0<\/span><\/p>\n<p><span style=\"font-weight: 400;\">Kriptoval\u016btu no \u0161iem p\u0101rdev\u0113jiem var ieg\u0101d\u0101ties, ievadot savas kartes inform\u0101ciju un pabeidzot identit\u0101tes p\u0101rbaudi pie v\u0113lam\u0101 p\u0101rdev\u0113ja. Tom\u0113r paturiet pr\u0101t\u0101, ka tre\u0161o pu\u0161u maks\u0101jumu pakalpojumu sniedz\u0113ji bie\u017ei vien par saviem pakalpojumiem iekas\u0113 augstu maksu.\u00a0<\/span><\/p>\n<h4><span class=\"ez-toc-section\" id=\"P2P_Market\"><\/span><span style=\"font-weight: 400;\">P2P tirgus<\/span><span class=\"ez-toc-section-end\"><\/span><\/h4>\n<p><span style=\"font-weight: 400;\">V\u0113l viena metode ir izmantot Kucoin P2P tirdzniec\u012bbas tirgu, lai ieg\u0101d\u0101tos kriptonauda, ta\u010du, lai izmantotu P2P tirgu \"\u0101trai pirk\u0161anai\", j\u016bsu kont\u0101 ir j\u0101b\u016bt USDT, t\u0101p\u0113c tas nav \u0101tr\u0101kais risin\u0101jums ies\u0101c\u0113jiem.<\/span><\/p>","protected":false},"excerpt":{"rendered":"<p>K\u0101 ieg\u0101d\u0101ties Dogecoin par Kucoin Dogecoin ir slavens m\u0113ms coin, kuru var ieg\u0101d\u0101ties daudz\u0101s bir\u017e\u0101s, tostarp Kucoin. DOGE ir diezgan l\u0113ts un viegli tirgojams. Ja v\u0113laties ieg\u0101d\u0101ties Dogecoin bir\u017e\u0101 Kucoin, bet nezin\u0101t, no kurienes s\u0101kt, m\u0113s jums pal\u012bdz\u0113sim. \u0160eit ir soli pa solim aprakst\u012bts, k\u0101 [...]<\/p>","protected":false},"author":3,"featured_media":3275,"parent":3196,"menu_order":0,"comment_status":"closed","ping_status":"closed","template":"","meta":{"_genesis_hide_title":false,"_genesis_hide_breadcrumbs":false,"_genesis_hide_singular_image":false,"_genesis_hide_footer_widgets":false,"_genesis_custom_body_class":"","_genesis_custom_post_class":"","_genesis_layout":"","_glsr_average":0,"_glsr_ranking":0,"_glsr_reviews":0,"footnotes":""},"class_list":{"0":"post-3268","1":"page","2":"type-page","3":"status-publish","4":"has-post-thumbnail","6":"entry"},"featured_image_src":"https:\/\/coinkickoff.com\/wp-content\/uploads\/kucoin-buy-crypto-one-click-600x400.png","featured_image_src_square":"https:\/\/coinkickoff.com\/wp-content\/uploads\/kucoin-buy-crypto-one-click-600x600.png","_links":{"self":[{"href":"https:\/\/coinkickoff.com\/lv\/wp-json\/wp\/v2\/pages\/3268","targetHints":{"allow":["GET"]}}],"collection":[{"href":"https:\/\/coinkickoff.com\/lv\/wp-json\/wp\/v2\/pages"}],"about":[{"href":"https:\/\/coinkickoff.com\/lv\/wp-json\/wp\/v2\/types\/page"}],"author":[{"embeddable":true,"href":"https:\/\/coinkickoff.com\/lv\/wp-json\/wp\/v2\/users\/3"}],"replies":[{"embeddable":true,"href":"https:\/\/coinkickoff.com\/lv\/wp-json\/wp\/v2\/comments?post=3268"}],"version-history":[{"count":3,"href":"https:\/\/coinkickoff.com\/lv\/wp-json\/wp\/v2\/pages\/3268\/revisions"}],"predecessor-version":[{"id":4495,"href":"https:\/\/coinkickoff.com\/lv\/wp-json\/wp\/v2\/pages\/3268\/revisions\/4495"}],"up":[{"embeddable":true,"href":"https:\/\/coinkickoff.com\/lv\/wp-json\/wp\/v2\/pages\/3196"}],"wp:featuredmedia":[{"embeddable":true,"href":"https:\/\/coinkickoff.com\/lv\/wp-json\/wp\/v2\/media\/3275"}],"wp:attachment":[{"href":"https:\/\/coinkickoff.com\/lv\/wp-json\/wp\/v2\/media?parent=3268"}],"curies":[{"name":"wp","href":"https:\/\/api.w.org\/{rel}","templated":true}]}}