{"id":3244,"date":"2026-01-08T14:07:32","date_gmt":"2026-01-08T14:07:32","guid":{"rendered":"https:\/\/coinkickoff.com\/?page_id=3244"},"modified":"2026-01-08T14:07:32","modified_gmt":"2026-01-08T14:07:32","slug":"how-to-buy-dogecoin-on-binance","status":"publish","type":"page","link":"https:\/\/coinkickoff.com\/lv\/how-to-buy-dogecoin\/how-to-buy-dogecoin-on-binance\/","title":{"rendered":"K\u0101 ieg\u0101d\u0101ties Dogecoin (DOGE) par Binance"},"content":{"rendered":"<div id=\"ez-toc-container\" class=\"ez-toc-v2_0_80 counter-hierarchy ez-toc-counter ez-toc-transparent ez-toc-container-direction\">\n<div class=\"ez-toc-title-container\">\n<p class=\"ez-toc-title\" style=\"cursor:inherit\">Sada\u013cas<\/p>\n<span class=\"ez-toc-title-toggle\"><a href=\"#\" class=\"ez-toc-pull-right ez-toc-btn ez-toc-btn-xs ez-toc-btn-default ez-toc-toggle\" aria-label=\"P\u0101rsl\u0113gt satura tabulu\"><span class=\"ez-toc-js-icon-con\"><span class=\"\"><span class=\"eztoc-hide\" style=\"display:none;\">P\u0101rsl\u0113gt<\/span><span class=\"ez-toc-icon-toggle-span\"><svg style=\"fill: #999;color:#999\" xmlns=\"http:\/\/www.w3.org\/2000\/svg\" class=\"list-377408\" width=\"20px\" height=\"20px\" viewbox=\"0 0 24 24\" fill=\"none\"><path d=\"M6 6H4v2h2V6zm14 0H8v2h12V6zM4 11h2v2H4v-2zm16 0H8v2h12v-2zM4 16h2v2H4v-2zm16 0H8v2h12v-2z\" fill=\"currentColor\"><\/path><\/svg><svg style=\"fill: #999;color:#999\" class=\"arrow-unsorted-368013\" xmlns=\"http:\/\/www.w3.org\/2000\/svg\" width=\"10px\" height=\"10px\" viewbox=\"0 0 24 24\" version=\"1.2\" baseprofile=\"tiny\"><path d=\"M18.2 9.3l-6.2-6.3-6.2 6.3c-.2.2-.3.4-.3.7s.1.5.3.7c.2.2.4.3.7.3h11c.3 0 .5-.1.7-.3.2-.2.3-.5.3-.7s-.1-.5-.3-.7zM5.8 14.7l6.2 6.3 6.2-6.3c.2-.2.3-.5.3-.7s-.1-.5-.3-.7c-.2-.2-.4-.3-.7-.3h-11c-.3 0-.5.1-.7.3-.2.2-.3.5-.3.7s.1.5.3.7z\"\/><\/svg><\/span><\/span><\/span><\/a><\/span><\/div>\n<nav><ul class='ez-toc-list ez-toc-list-level-1 eztoc-toggle-hide-by-default' ><li class='ez-toc-page-1 ez-toc-heading-level-2'><a class=\"ez-toc-link ez-toc-heading-1\" href=\"https:\/\/coinkickoff.com\/lv\/how-to-buy-dogecoin\/how-to-buy-dogecoin-on-binance\/#How_to_Buy_Dogecoin_on_Binance\" >K\u0101 ieg\u0101d\u0101ties Dogecoin par Binance<\/a><\/li><li class='ez-toc-page-1 ez-toc-heading-level-2'><a class=\"ez-toc-link ez-toc-heading-2\" href=\"https:\/\/coinkickoff.com\/lv\/how-to-buy-dogecoin\/how-to-buy-dogecoin-on-binance\/#A_Step-By-Step_Guide_on_How_to_Buy_Dogecoin_on_Binance\" >Soli pa solim ce\u013cvedis par to, k\u0101 nopirkt Dogecoin par Binance<\/a><ul class='ez-toc-list-level-3' ><li class='ez-toc-heading-level-3'><a class=\"ez-toc-link ez-toc-heading-3\" href=\"https:\/\/coinkickoff.com\/lv\/how-to-buy-dogecoin\/how-to-buy-dogecoin-on-binance\/#1_Register_an_Account\" >1. Re\u0123istr\u0113t kontu<\/a><\/li><li class='ez-toc-page-1 ez-toc-heading-level-3'><a class=\"ez-toc-link ez-toc-heading-4\" href=\"https:\/\/coinkickoff.com\/lv\/how-to-buy-dogecoin\/how-to-buy-dogecoin-on-binance\/#2_Verify_Your_Account\" >2. P\u0101rbaudiet savu kontu<\/a><\/li><li class='ez-toc-page-1 ez-toc-heading-level-3'><a class=\"ez-toc-link ez-toc-heading-5\" href=\"https:\/\/coinkickoff.com\/lv\/how-to-buy-dogecoin\/how-to-buy-dogecoin-on-binance\/#3_Deposit_FundsCrypto\" >3. Noguld\u012bjumu fondi \/ kriptogr\u0101fija<\/a><\/li><li class='ez-toc-page-1 ez-toc-heading-level-3'><a class=\"ez-toc-link ez-toc-heading-6\" href=\"https:\/\/coinkickoff.com\/lv\/how-to-buy-dogecoin\/how-to-buy-dogecoin-on-binance\/#Once_you_complete_identity_verification_you_can_easily_deposit_funds_to_your_Binance_account_There_are_a_couple_of_different_ways_to_fund_your_account_on_Binance\" >Kad esat pabeidzis identit\u0101tes verifik\u0101ciju, varat viegli iemaks\u0101t l\u012bdzek\u013cus sav\u0101 Binance kont\u0101. Ir vair\u0101ki da\u017e\u0101di veidi, k\u0101 papildin\u0101t savu kontu Binance.<\/a><\/li><li class='ez-toc-page-1 ez-toc-heading-level-3'><a class=\"ez-toc-link ez-toc-heading-7\" href=\"https:\/\/coinkickoff.com\/lv\/how-to-buy-dogecoin\/how-to-buy-dogecoin-on-binance\/#4_Navigate_to_the_Relevant_Screen_to_Buy\" >4. P\u0101rejiet uz attiec\u012bgo ekr\u0101nu, lai ieg\u0101d\u0101tos<\/a><\/li><\/ul><\/li><\/ul><\/nav><\/div>\n<h2><span class=\"ez-toc-section\" id=\"How_to_Buy_Dogecoin_on_Binance\"><\/span>K\u0101 ieg\u0101d\u0101ties Dogecoin par Binance<span class=\"ez-toc-section-end\"><\/span><\/h2>\n<p><span style=\"font-weight: 400;\"><a href=\"https:\/\/coinkickoff.com\/lv\/dogecoin-doge\/\" data-internallinksmanager029f6b8e52c=\"14\" title=\"Kas ir Dogecoin (DOGE)? K\u0101 tas darbojas un kur to ieg\u0101d\u0101ties?\">Dogecoin<\/a> ir slavens kriptoval\u016bta j\u016bs varat tirgoties uz visiem tautas <a href=\"https:\/\/coinkickoff.com\/lv\/crypto-exchanges\/\" data-internallinksmanager029f6b8e52c=\"141\" title=\"21 Lab\u0101k\u0101s kriptoval\u016btas mai\u0146as un lietotnes 2024. gad\u0101\">kriptogr\u0101fijas bir\u017eas<\/a>. DOGE galvenok\u0101rt ir paz\u012bstams k\u0101 <\/span><i><span style=\"font-weight: 400;\">m\u0113ms vai joks coin<\/span><\/i><span style=\"font-weight: 400;\">. Iemesls tam ir t\u0101ds, ka akt\u012bvs nebija paredz\u0113ts v\u0113rt\u012bbas p\u0101rnesei vai tirgus nepiln\u012bbas aizpild\u012b\u0161anai konkr\u0113t\u0101 lieto\u0161anas gad\u012bjum\u0101. Tom\u0113r \u0161is akt\u012bvs k\u013cuva diezgan popul\u0101rs internet\u0101, pateicoties tam. <\/span><a href=\"https:\/\/www.businessinsider.com\/history-elon-musk-love-affair-dogecoin-2022-7\" target=\"_blank\" rel=\"noopener\"><span style=\"font-weight: 400;\">slaven\u012bbu apstiprin\u0101jumi<\/span><\/a><span style=\"font-weight: 400;\">, galvenok\u0101rt Elons Masks.<\/span><\/p>\n<p><span style=\"font-weight: 400;\">Ja v\u0113laties ieg\u0101d\u0101ties Dogecoin par <a href=\"https:\/\/coinkickoff.com\/lv\/binance-review\/\" data-internallinksmanager029f6b8e52c=\"152\" title=\"Binance Atsauksmes 2024: Funkcijas, nodevas, dro\u0161\u012bba, plusi un m\u012bnusi\">Binance<\/a> apmai\u0146u, bet nezin\u0101t, ar ko s\u0101kt, m\u0113s jums pal\u012bdz\u0113sim. \u0160eit ir soli pa solim aprakst\u012bts, k\u0101 ieg\u0101d\u0101ties Dogecoin par Binance.<\/span><\/p>\n<h2><span class=\"ez-toc-section\" id=\"A_Step-By-Step_Guide_on_How_to_Buy_Dogecoin_on_Binance\"><\/span><span style=\"font-weight: 400;\">Soli pa solim ce\u013cvedis par to, k\u0101 nopirkt Dogecoin par Binance<\/span><span class=\"ez-toc-section-end\"><\/span><\/h2>\n<h3><span class=\"ez-toc-section\" id=\"1_Register_an_Account\"><\/span><span style=\"font-weight: 400;\">1. Re\u0123istr\u0113t kontu<\/span><span class=\"ez-toc-section-end\"><\/span><\/h3>\n<p><span style=\"font-weight: 400;\">Ja jums v\u0113l nav Binance konta, pirmais solis ir doties uz vietni <\/span><a href=\"https:\/\/accounts.binance.com\/register?ref=BLJQ60RW\" target=\"_blank\" rel=\"noopener\"><span style=\"font-weight: 400;\">Binance ofici\u0101l\u0101 t\u012bmek\u013ca vietne<\/span><\/a><span style=\"font-weight: 400;\"> re\u0123istr\u0113t kontu.\u00a0<\/span><\/p>\n<p><img loading=\"lazy\" decoding=\"async\" class=\"alignnone wp-image-3245 size-full\" src=\"https:\/\/coinkickoff.com\/wp-content\/uploads\/binance-register.png\" alt=\"nopirkt doge par binance re\u0123istr\u0101\" width=\"1430\" height=\"798\" srcset=\"https:\/\/coinkickoff.com\/wp-content\/uploads\/binance-register.png 1430w, https:\/\/coinkickoff.com\/wp-content\/uploads\/binance-register-300x167.png 300w, https:\/\/coinkickoff.com\/wp-content\/uploads\/binance-register-1024x571.png 1024w, https:\/\/coinkickoff.com\/wp-content\/uploads\/binance-register-768x429.png 768w, https:\/\/coinkickoff.com\/wp-content\/uploads\/binance-register-18x10.png 18w\" sizes=\"auto, (max-width: 1430px) 100vw, 1430px\" \/><\/p>\n<p><span style=\"font-weight: 400;\">Binance konta atv\u0113r\u0161ana ir \u013coti vienk\u0101r\u0161a: viss, kas jums j\u0101dara, ir j\u0101re\u0123istr\u0113jas, nor\u0101dot e-pasta adresi vai t\u0101lru\u0146a numuru. Binance nos\u016bt\u012bs jums verifik\u0101cijas kodu, lai pieteiktos j\u016bsu jaunaj\u0101 kont\u0101.<\/span><\/p>\n<h3><span class=\"ez-toc-section\" id=\"2_Verify_Your_Account\"><\/span><span style=\"font-weight: 400;\">2. P\u0101rbaudiet savu kontu<\/span><span class=\"ez-toc-section-end\"><\/span><\/h3>\n<p><span style=\"font-weight: 400;\">P\u0113c tam, kad b\u016bsiet pieteicies, Binance aicin\u0101s J\u016bs apstiprin\u0101t savu identit\u0101ti, lai var\u0113tu s\u0101kt tirdzniec\u012bbu platform\u0101. J\u016bs nevarat iemaks\u0101t l\u012bdzek\u013cus sav\u0101 Binance kont\u0101, ja neesat apstiprin\u0101jis savu identit\u0101ti, t\u0101p\u0113c \u0161is ir \u013coti svar\u012bgs solis.<\/span><\/p>\n<p><img loading=\"lazy\" decoding=\"async\" class=\"alignnone wp-image-3247 size-full\" src=\"https:\/\/coinkickoff.com\/wp-content\/uploads\/binance-verification-0-e1680852870897.png\" alt=\"binance p\u0101rbaude \" width=\"1410\" height=\"572\" \/><\/p>\n<p><span style=\"font-weight: 400;\">Ja, pirmo reizi piesl\u0113dzoties, p\u0101rbaudi izlai\u017eat, neuztraucieties. Binance past\u0101v\u012bgi aicin\u0101s j\u016bs p\u0101rbaud\u012bt savu identit\u0101ti, vai ar\u012b varat vienk\u0101r\u0161i doties uz pane\u013ca profila sada\u013cu (profila ikona aug\u0161\u0113j\u0101 labaj\u0101 pus\u0113).<\/span><\/p>\n<p><img loading=\"lazy\" decoding=\"async\" class=\"alignnone wp-image-3246 size-full\" src=\"https:\/\/coinkickoff.com\/wp-content\/uploads\/binance-verification.png\" alt=\"binance p\u0101rbaude\" width=\"1239\" height=\"752\" srcset=\"https:\/\/coinkickoff.com\/wp-content\/uploads\/binance-verification.png 1239w, https:\/\/coinkickoff.com\/wp-content\/uploads\/binance-verification-300x182.png 300w, https:\/\/coinkickoff.com\/wp-content\/uploads\/binance-verification-1024x622.png 1024w, https:\/\/coinkickoff.com\/wp-content\/uploads\/binance-verification-768x466.png 768w, https:\/\/coinkickoff.com\/wp-content\/uploads\/binance-verification-18x12.png 18w\" sizes=\"auto, (max-width: 1239px) 100vw, 1239px\" \/><\/p>\n<p><span style=\"font-weight: 400;\">Vienk\u0101r\u0161i noklik\u0161\u0137iniet uz \"Get Verified\", lai s\u0101ktu verifik\u0101cijas procesu.<\/span><\/p>\n<p><span style=\"font-weight: 400;\">Jaunaj\u0101 verifik\u0101cijas lap\u0101 izv\u0113lieties savu m\u012btnes valsti un re\u0123ionu. Personas identit\u0101tes verifik\u0101cijas pras\u012bbas da\u017e\u0101dos re\u0123ionos at\u0161\u0137iras, t\u0101p\u0113c ir svar\u012bgi izv\u0113l\u0113ties pareizo valsti.<\/span><\/p>\n<p><img loading=\"lazy\" decoding=\"async\" class=\"alignnone wp-image-3248 size-full\" src=\"https:\/\/coinkickoff.com\/wp-content\/uploads\/binance-verification-2.png\" alt=\"\" width=\"563\" height=\"686\" srcset=\"https:\/\/coinkickoff.com\/wp-content\/uploads\/binance-verification-2.png 563w, https:\/\/coinkickoff.com\/wp-content\/uploads\/binance-verification-2-246x300.png 246w, https:\/\/coinkickoff.com\/wp-content\/uploads\/binance-verification-2-10x12.png 10w\" sizes=\"auto, (max-width: 563px) 100vw, 563px\" \/><\/p>\n<p><span style=\"font-weight: 400;\">Kad esat izv\u0113l\u0113jies valsti, varat ievad\u012bt papildu inform\u0101ciju. Binance parasti ir j\u0101ievada j\u016bsu juridiskais v\u0101rds, dzim\u0161anas datums un valsts. Jums j\u0101iesniedz ar\u012b personu apliecino\u0161s dokuments ar fotogr\u0101fiju, piem\u0113ram, pases lapa vai vad\u012bt\u0101ja apliec\u012bba.<\/span><\/p>\n<h3><span class=\"ez-toc-section\" id=\"3_Deposit_FundsCrypto\"><\/span><span style=\"font-weight: 400;\">3. Noguld\u012bjumu fondi \/ kriptogr\u0101fija<\/span><span class=\"ez-toc-section-end\"><\/span><\/h3>\n<h3><img loading=\"lazy\" decoding=\"async\" class=\"alignnone wp-image-3254 size-full\" src=\"https:\/\/coinkickoff.com\/wp-content\/uploads\/binance-deposit-2.png\" alt=\"\" width=\"926\" height=\"796\" srcset=\"https:\/\/coinkickoff.com\/wp-content\/uploads\/binance-deposit-2.png 926w, https:\/\/coinkickoff.com\/wp-content\/uploads\/binance-deposit-2-300x258.png 300w, https:\/\/coinkickoff.com\/wp-content\/uploads\/binance-deposit-2-768x660.png 768w, https:\/\/coinkickoff.com\/wp-content\/uploads\/binance-deposit-2-14x12.png 14w\" sizes=\"auto, (max-width: 926px) 100vw, 926px\" \/><\/h3>\n<h3><span class=\"ez-toc-section\" id=\"Once_you_complete_identity_verification_you_can_easily_deposit_funds_to_your_Binance_account_There_are_a_couple_of_different_ways_to_fund_your_account_on_Binance\"><\/span><span style=\"font-weight: 400;\">Kad esat pabeidzis identit\u0101tes verifik\u0101ciju, varat viegli iemaks\u0101t l\u012bdzek\u013cus sav\u0101 Binance kont\u0101. Ir vair\u0101ki da\u017e\u0101di veidi, k\u0101 papildin\u0101t savu kontu Binance.<\/span><span class=\"ez-toc-section-end\"><\/span><\/h3>\n<p><span style=\"font-weight: 400;\">S\u0101ciet, noklik\u0161\u0137inot uz \"Depoz\u012bts\" (aug\u0161\u0113j\u0101 labaj\u0101 st\u016br\u012b). Binance pied\u0101v\u0101 \u010detrus veidus, k\u0101 sa\u0146emt l\u012bdzek\u013cus sav\u0101 kont\u0101.\u00a0<\/span><\/p>\n<p><span style=\"font-weight: 400;\">Ja jums jau ir kriptonauda cit\u0101 mak\u0101, varat nos\u016bt\u012bt savus akt\u012bvus uz Binance maku, izv\u0113loties \"Depon\u0113t kriptonaudu\", vai sa\u0146emt kriptonaudu no citiem s\u016bt\u012bt\u0101jiem, izv\u0113loties \"Sa\u0146emt kriptonaudu\".<\/span><\/p>\n<p><span style=\"font-weight: 400;\">Ja tev nav kriptoval\u016btas, DOGE vari ieg\u0101d\u0101ties Binance, pievienojot l\u012bdzek\u013cus kont\u0101 vai piesaistot maks\u0101jumu metodi, piem\u0113ram, kred\u012btkarti, Google Pay vai Apple Pay.<\/span><\/p>\n<p><span style=\"font-weight: 400;\">Lai sav\u0101 Binance kont\u0101 iemaks\u0101tu fiat val\u016btu, izv\u0113lieties \"Noguld\u012bt fiat val\u016btu\". Depoz\u012bta lap\u0101 izv\u0113lieties v\u0113lamo val\u016btu un depoz\u012bta metodi.\u00a0<\/span><\/p>\n<p><img loading=\"lazy\" decoding=\"async\" class=\"alignnone wp-image-3256 size-full\" src=\"https:\/\/coinkickoff.com\/wp-content\/uploads\/binance-fiat-deposit-3.png\" alt=\"\" width=\"1052\" height=\"778\" srcset=\"https:\/\/coinkickoff.com\/wp-content\/uploads\/binance-fiat-deposit-3.png 1052w, https:\/\/coinkickoff.com\/wp-content\/uploads\/binance-fiat-deposit-3-300x222.png 300w, https:\/\/coinkickoff.com\/wp-content\/uploads\/binance-fiat-deposit-3-1024x757.png 1024w, https:\/\/coinkickoff.com\/wp-content\/uploads\/binance-fiat-deposit-3-768x568.png 768w, https:\/\/coinkickoff.com\/wp-content\/uploads\/binance-fiat-deposit-3-16x12.png 16w\" sizes=\"auto, (max-width: 1052px) 100vw, 1052px\" \/><\/p>\n<p><span style=\"font-weight: 400;\">Maks\u0101jumu metodes da\u017e\u0101d\u0101s valst\u012bs at\u0161\u0137iras, ta\u010du vairums lietot\u0101ju var viegli iemaks\u0101t l\u012bdzek\u013cus savos kontos ar bankas p\u0101rskait\u012bjumu. Var b\u016bt pieejamas ar\u012b citas iesp\u0113jas, piem\u0113ram, PayPal un pirkumi ar kred\u012btkart\u0113m un debetkart\u0113m, ta\u010du t\u0101s bie\u017ei ir d\u0101rg\u0101kas. Lai uzzin\u0101tu Binance komisijas maksu sadal\u012bjumu, skatiet m\u016bsu Binance p\u0101rskatu.<\/span><\/p>\n<p><span style=\"font-weight: 400;\">Kad esat izv\u0113l\u0113jies maks\u0101juma metodi, kuru v\u0113laties izmantot, noklik\u0161\u0137iniet uz \"Turpin\u0101t\".<\/span><\/p>\n<h3><span class=\"ez-toc-section\" id=\"4_Navigate_to_the_Relevant_Screen_to_Buy\"><\/span><span style=\"font-weight: 400;\">4. P\u0101rejiet uz attiec\u012bgo ekr\u0101nu, lai ieg\u0101d\u0101tos<\/span><span class=\"ez-toc-section-end\"><\/span><\/h3>\n<p><span style=\"font-weight: 400;\">Visvienk\u0101r\u0161\u0101kais veids, k\u0101 ieg\u0101d\u0101ties DOGE par Binance, ir doties uz lapu \"Pirkt kriptonauda\".\u00a0<\/span><\/p>\n<p><img loading=\"lazy\" decoding=\"async\" class=\"alignnone wp-image-3249 size-full\" src=\"https:\/\/coinkickoff.com\/wp-content\/uploads\/binance-buy-sell-crypto.png\" alt=\"\" width=\"1056\" height=\"642\" srcset=\"https:\/\/coinkickoff.com\/wp-content\/uploads\/binance-buy-sell-crypto.png 1056w, https:\/\/coinkickoff.com\/wp-content\/uploads\/binance-buy-sell-crypto-300x182.png 300w, https:\/\/coinkickoff.com\/wp-content\/uploads\/binance-buy-sell-crypto-1024x623.png 1024w, https:\/\/coinkickoff.com\/wp-content\/uploads\/binance-buy-sell-crypto-768x467.png 768w, https:\/\/coinkickoff.com\/wp-content\/uploads\/binance-buy-sell-crypto-18x12.png 18w\" sizes=\"auto, (max-width: 1056px) 100vw, 1056px\" \/><\/p>\n<p><span style=\"font-weight: 400;\">Tikl\u012bdz atrodaties lap\u0101 Pirkt \/ P\u0101rdot, j\u016bs viegli p\u0113rkat vai p\u0101rdodat kriptonauda, ievadot naudas summu, ko v\u0113laties t\u0113r\u0113t, vai kriptonauda summu, ko v\u0113laties ieg\u0101d\u0101ties.<\/span><\/p>\n<p><img loading=\"lazy\" decoding=\"async\" class=\"alignnone wp-image-3250 size-full\" src=\"https:\/\/coinkickoff.com\/wp-content\/uploads\/binance-buy-sell-crypto-2.png\" alt=\"\" width=\"1079\" height=\"634\" srcset=\"https:\/\/coinkickoff.com\/wp-content\/uploads\/binance-buy-sell-crypto-2.png 1079w, https:\/\/coinkickoff.com\/wp-content\/uploads\/binance-buy-sell-crypto-2-300x176.png 300w, https:\/\/coinkickoff.com\/wp-content\/uploads\/binance-buy-sell-crypto-2-1024x602.png 1024w, https:\/\/coinkickoff.com\/wp-content\/uploads\/binance-buy-sell-crypto-2-768x451.png 768w, https:\/\/coinkickoff.com\/wp-content\/uploads\/binance-buy-sell-crypto-2-18x12.png 18w\" sizes=\"auto, (max-width: 1079px) 100vw, 1079px\" \/><\/p>\n<p><span style=\"font-weight: 400;\">Kad ievad\u012bsiet, cik daudz naudas v\u0113laties izt\u0113r\u0113t, redz\u0113siet, cik daudz kriptonaudu sa\u0146emsiet.<\/span><\/p>\n<p><img loading=\"lazy\" decoding=\"async\" class=\"alignnone wp-image-3252 size-full\" src=\"https:\/\/coinkickoff.com\/wp-content\/uploads\/binance-crypto-buy-sell-5.png\" alt=\"\" width=\"1047\" height=\"640\" srcset=\"https:\/\/coinkickoff.com\/wp-content\/uploads\/binance-crypto-buy-sell-5.png 1047w, https:\/\/coinkickoff.com\/wp-content\/uploads\/binance-crypto-buy-sell-5-300x183.png 300w, https:\/\/coinkickoff.com\/wp-content\/uploads\/binance-crypto-buy-sell-5-1024x626.png 1024w, https:\/\/coinkickoff.com\/wp-content\/uploads\/binance-crypto-buy-sell-5-768x469.png 768w, https:\/\/coinkickoff.com\/wp-content\/uploads\/binance-crypto-buy-sell-5-18x12.png 18w\" sizes=\"auto, (max-width: 1047px) 100vw, 1047px\" \/><\/p>\n<p><span style=\"font-weight: 400;\">T\u0101 k\u0101 v\u0113laties ieg\u0101d\u0101ties Dogecoin, dodieties uz priek\u0161u un noklik\u0161\u0137iniet uz <a href=\"https:\/\/coinkickoff.com\/lv\/bitcoin-btc\/\" data-internallinksmanager029f6b8e52c=\"1\" title=\"Kas ir Bitcoin (BTC)? Cena, v\u0113sture un kur nopirkt\">BTC<\/a> simbols ciln\u0113 \"Sa\u0146emt\". Atv\u0113rsies izv\u0113lne ar visiem da\u017e\u0101dajiem akt\u012bviem, kurus varat ieg\u0101d\u0101ties. Izv\u0113lnes mekl\u0113\u0161anas josl\u0101 ierakstiet DOGE, lai to viegli atrastu.<\/span><\/p>\n<p><img loading=\"lazy\" decoding=\"async\" class=\"alignnone wp-image-3255 size-full\" src=\"https:\/\/coinkickoff.com\/wp-content\/uploads\/BINANCE-DOGE-SELECT.png\" alt=\"\" width=\"1195\" height=\"649\" srcset=\"https:\/\/coinkickoff.com\/wp-content\/uploads\/BINANCE-DOGE-SELECT.png 1195w, https:\/\/coinkickoff.com\/wp-content\/uploads\/BINANCE-DOGE-SELECT-300x163.png 300w, https:\/\/coinkickoff.com\/wp-content\/uploads\/BINANCE-DOGE-SELECT-1024x556.png 1024w, https:\/\/coinkickoff.com\/wp-content\/uploads\/BINANCE-DOGE-SELECT-768x417.png 768w, https:\/\/coinkickoff.com\/wp-content\/uploads\/BINANCE-DOGE-SELECT-18x10.png 18w\" sizes=\"auto, (max-width: 1195px) 100vw, 1195px\" \/><\/p>\n<p><span style=\"font-weight: 400;\">Izv\u0113lieties to, un lap\u0101 tiks par\u0101d\u012bts, cik daudz DOGE varat ieg\u0101d\u0101ties par summu, ko v\u0113laties izt\u0113r\u0113t.<\/span><\/p>\n<p><img loading=\"lazy\" decoding=\"async\" class=\"alignnone wp-image-3261 size-large\" src=\"https:\/\/coinkickoff.com\/wp-content\/uploads\/buy-doge-on-binance-2-1024x573.png\" alt=\"pirkt dogecoin par binance\" width=\"1024\" height=\"573\" srcset=\"https:\/\/coinkickoff.com\/wp-content\/uploads\/buy-doge-on-binance-2-1024x573.png 1024w, https:\/\/coinkickoff.com\/wp-content\/uploads\/buy-doge-on-binance-2-300x168.png 300w, https:\/\/coinkickoff.com\/wp-content\/uploads\/buy-doge-on-binance-2-768x430.png 768w, https:\/\/coinkickoff.com\/wp-content\/uploads\/buy-doge-on-binance-2-18x10.png 18w, https:\/\/coinkickoff.com\/wp-content\/uploads\/buy-doge-on-binance-2.png 1432w\" sizes=\"auto, (max-width: 1024px) 100vw, 1024px\" \/><\/p>\n<p><span style=\"font-weight: 400;\">Visbeidzot noklik\u0161\u0137iniet uz PIRKT DOGE. Tik vienk\u0101r\u0161i ir nopirkt Dogecoin par Binance.<\/span><\/p>\n<p><span style=\"font-weight: 400;\">Ja v\u0113laties ieg\u0101d\u0101ties Dogecoin vai citus digit\u0101los akt\u012bvus da\u017e\u0101d\u0101s bir\u017e\u0101s, apmekl\u0113jiet m\u016bsu <\/span><a href=\"https:\/\/coinkickoff.com\/lv\/crypto-exchanges\/\"><span style=\"font-weight: 400;\">atsauksmes par lab\u0101kajiem 22 kriptoval\u016btas mai\u0146as<\/span><\/a><span style=\"font-weight: 400;\"> un asto\u0146as citas alternat\u012bvas.<\/span><\/p>","protected":false},"excerpt":{"rendered":"<p>K\u0101 nopirkt Dogecoin par Binance Dogecoin ir slavena kriptonauda, kuru var tirgot vis\u0101s popul\u0101raj\u0101s kriptonaudu bir\u017e\u0101s. DOGE liel\u0101koties ir paz\u012bstams k\u0101 m\u0113ms vai joks coin. Iemesls tam ir t\u0101ds, ka \u0161is akt\u012bvs netika izstr\u0101d\u0101ts, lai p\u0101rnestu v\u0113rt\u012bbu vai aizpild\u012btu tirgus plaisu konkr\u0113tam izmanto\u0161anas gad\u012bjumam. Tom\u0113r \u0161is akt\u012bvs [...]<\/p>","protected":false},"author":3,"featured_media":3261,"parent":3196,"menu_order":0,"comment_status":"closed","ping_status":"closed","template":"","meta":{"_genesis_hide_title":false,"_genesis_hide_breadcrumbs":false,"_genesis_hide_singular_image":false,"_genesis_hide_footer_widgets":false,"_genesis_custom_body_class":"","_genesis_custom_post_class":"","_genesis_layout":"","_glsr_average":0,"_glsr_ranking":0,"_glsr_reviews":0,"footnotes":""},"class_list":{"0":"post-3244","1":"page","2":"type-page","3":"status-publish","4":"has-post-thumbnail","6":"entry"},"featured_image_src":"https:\/\/coinkickoff.com\/wp-content\/uploads\/buy-doge-on-binance-2-600x400.png","featured_image_src_square":"https:\/\/coinkickoff.com\/wp-content\/uploads\/buy-doge-on-binance-2-600x600.png","_links":{"self":[{"href":"https:\/\/coinkickoff.com\/lv\/wp-json\/wp\/v2\/pages\/3244","targetHints":{"allow":["GET"]}}],"collection":[{"href":"https:\/\/coinkickoff.com\/lv\/wp-json\/wp\/v2\/pages"}],"about":[{"href":"https:\/\/coinkickoff.com\/lv\/wp-json\/wp\/v2\/types\/page"}],"author":[{"embeddable":true,"href":"https:\/\/coinkickoff.com\/lv\/wp-json\/wp\/v2\/users\/3"}],"replies":[{"embeddable":true,"href":"https:\/\/coinkickoff.com\/lv\/wp-json\/wp\/v2\/comments?post=3244"}],"version-history":[{"count":4,"href":"https:\/\/coinkickoff.com\/lv\/wp-json\/wp\/v2\/pages\/3244\/revisions"}],"predecessor-version":[{"id":4487,"href":"https:\/\/coinkickoff.com\/lv\/wp-json\/wp\/v2\/pages\/3244\/revisions\/4487"}],"up":[{"embeddable":true,"href":"https:\/\/coinkickoff.com\/lv\/wp-json\/wp\/v2\/pages\/3196"}],"wp:featuredmedia":[{"embeddable":true,"href":"https:\/\/coinkickoff.com\/lv\/wp-json\/wp\/v2\/media\/3261"}],"wp:attachment":[{"href":"https:\/\/coinkickoff.com\/lv\/wp-json\/wp\/v2\/media?parent=3244"}],"curies":[{"name":"wp","href":"https:\/\/api.w.org\/{rel}","templated":true}]}}