{"id":3196,"date":"2026-01-08T14:07:36","date_gmt":"2026-01-08T14:07:36","guid":{"rendered":"https:\/\/coinkickoff.com\/?page_id=3196"},"modified":"2026-01-08T14:07:36","modified_gmt":"2026-01-08T14:07:36","slug":"how-to-buy-dogecoin","status":"publish","type":"page","link":"https:\/\/coinkickoff.com\/lv\/how-to-buy-dogecoin\/","title":{"rendered":"K\u0101 ieg\u0101d\u0101ties Dogecoin (DOGE)"},"content":{"rendered":"<p><span style=\"font-weight: 400;\"><img loading=\"lazy\" decoding=\"async\" class=\"aligncenter wp-image-155 size-full\" src=\"https:\/\/coinkickoff.com\/wp-content\/uploads\/2022\/06\/Dogecoin-DOGE.jpg\" alt=\"k\u0101 nopirkt dogecoin\" width=\"1000\" height=\"800\" srcset=\"https:\/\/coinkickoff.com\/wp-content\/uploads\/2022\/06\/Dogecoin-DOGE.jpg 1000w, https:\/\/coinkickoff.com\/wp-content\/uploads\/2022\/06\/Dogecoin-DOGE-300x240.jpg 300w, https:\/\/coinkickoff.com\/wp-content\/uploads\/2022\/06\/Dogecoin-DOGE-768x614.jpg 768w, https:\/\/coinkickoff.com\/wp-content\/uploads\/2022\/06\/Dogecoin-DOGE-15x12.jpg 15w\" sizes=\"auto, (max-width: 1000px) 100vw, 1000px\" \/>Ja v\u0113laties ieg\u0101d\u0101ties <a href=\"https:\/\/coinkickoff.com\/lv\/dogecoin-doge\/\" data-internallinksmanager029f6b8e52c=\"14\" title=\"Kas ir Dogecoin (DOGE)? K\u0101 tas darbojas un kur to ieg\u0101d\u0101ties?\">Dogecoin<\/a> un nezin\u0101t, ar ko s\u0101kt, atrodaties \u012bstaj\u0101 viet\u0101. M\u0113s jums par\u0101d\u012bsim, k\u0101 un kur ieg\u0101d\u0101ties DOGE, izmantojot soli pa solim.<\/span><\/p>\n<div id=\"ez-toc-container\" class=\"ez-toc-v2_0_80 counter-hierarchy ez-toc-counter ez-toc-transparent ez-toc-container-direction\">\n<div class=\"ez-toc-title-container\">\n<p class=\"ez-toc-title\" style=\"cursor:inherit\">Sada\u013cas<\/p>\n<span class=\"ez-toc-title-toggle\"><a href=\"#\" class=\"ez-toc-pull-right ez-toc-btn ez-toc-btn-xs ez-toc-btn-default ez-toc-toggle\" aria-label=\"P\u0101rsl\u0113gt satura tabulu\"><span class=\"ez-toc-js-icon-con\"><span class=\"\"><span class=\"eztoc-hide\" style=\"display:none;\">P\u0101rsl\u0113gt<\/span><span class=\"ez-toc-icon-toggle-span\"><svg style=\"fill: #999;color:#999\" xmlns=\"http:\/\/www.w3.org\/2000\/svg\" class=\"list-377408\" width=\"20px\" height=\"20px\" viewbox=\"0 0 24 24\" fill=\"none\"><path d=\"M6 6H4v2h2V6zm14 0H8v2h12V6zM4 11h2v2H4v-2zm16 0H8v2h12v-2zM4 16h2v2H4v-2zm16 0H8v2h12v-2z\" fill=\"currentColor\"><\/path><\/svg><svg style=\"fill: #999;color:#999\" class=\"arrow-unsorted-368013\" xmlns=\"http:\/\/www.w3.org\/2000\/svg\" width=\"10px\" height=\"10px\" viewbox=\"0 0 24 24\" version=\"1.2\" baseprofile=\"tiny\"><path d=\"M18.2 9.3l-6.2-6.3-6.2 6.3c-.2.2-.3.4-.3.7s.1.5.3.7c.2.2.4.3.7.3h11c.3 0 .5-.1.7-.3.2-.2.3-.5.3-.7s-.1-.5-.3-.7zM5.8 14.7l6.2 6.3 6.2-6.3c.2-.2.3-.5.3-.7s-.1-.5-.3-.7c-.2-.2-.4-.3-.7-.3h-11c-.3 0-.5.1-.7.3-.2.2-.3.5-.3.7s.1.5.3.7z\"\/><\/svg><\/span><\/span><\/span><\/a><\/span><\/div>\n<nav><ul class='ez-toc-list ez-toc-list-level-1 eztoc-toggle-hide-by-default' ><li class='ez-toc-page-1 ez-toc-heading-level-2'><a class=\"ez-toc-link ez-toc-heading-1\" href=\"https:\/\/coinkickoff.com\/lv\/how-to-buy-dogecoin\/#What_Is_Dogecoin\" >Kas ir Dogecoin?<\/a><\/li><li class='ez-toc-page-1 ez-toc-heading-level-2'><a class=\"ez-toc-link ez-toc-heading-2\" href=\"https:\/\/coinkickoff.com\/lv\/how-to-buy-dogecoin\/#Where_Can_I_Buy_Dogecoin\" >Kur es varu ieg\u0101d\u0101ties Dogecoin?<\/a><\/li><li class='ez-toc-page-1 ez-toc-heading-level-2'><a class=\"ez-toc-link ez-toc-heading-3\" href=\"https:\/\/coinkickoff.com\/lv\/how-to-buy-dogecoin\/#How_to_Buy_Dogecoin\" >K\u0101 ieg\u0101d\u0101ties Dogecoin<\/a><ul class='ez-toc-list-level-3' ><li class='ez-toc-heading-level-3'><a class=\"ez-toc-link ez-toc-heading-4\" href=\"https:\/\/coinkickoff.com\/lv\/how-to-buy-dogecoin\/#Choose_Your_Exchange\" >Izv\u0113lieties savu apmai\u0146as vietni<\/a><\/li><li class='ez-toc-page-1 ez-toc-heading-level-3'><a class=\"ez-toc-link ez-toc-heading-5\" href=\"https:\/\/coinkickoff.com\/lv\/how-to-buy-dogecoin\/#Buy_DOGE\" >Pirkt DOGE<\/a><\/li><li class='ez-toc-page-1 ez-toc-heading-level-3'><a class=\"ez-toc-link ez-toc-heading-6\" href=\"https:\/\/coinkickoff.com\/lv\/how-to-buy-dogecoin\/#Store_Your_DOGE\" >Saglab\u0101jiet savu DOGE<\/a><ul class='ez-toc-list-level-4' ><li class='ez-toc-heading-level-4'><a class=\"ez-toc-link ez-toc-heading-7\" href=\"https:\/\/coinkickoff.com\/lv\/how-to-buy-dogecoin\/#Exchange_Wallet\" >Apmai\u0146as maci\u0146\u0161<\/a><\/li><li class='ez-toc-page-1 ez-toc-heading-level-4'><a class=\"ez-toc-link ez-toc-heading-8\" href=\"https:\/\/coinkickoff.com\/lv\/how-to-buy-dogecoin\/#Self-Custody_Hot_Wallets\" >Pa\u0161p\u0101rvaldes karstie maki<\/a><\/li><li class='ez-toc-page-1 ez-toc-heading-level-4'><a class=\"ez-toc-link ez-toc-heading-9\" href=\"https:\/\/coinkickoff.com\/lv\/how-to-buy-dogecoin\/#Cold_Wallets\" >Aukstie maki<\/a><\/li><\/ul><\/li><\/ul><\/li><\/ul><\/nav><\/div>\n<h2><span class=\"ez-toc-section\" id=\"What_Is_Dogecoin\"><\/span><span style=\"font-weight: 400;\">Kas ir Dogecoin?<\/span><span class=\"ez-toc-section-end\"><\/span><\/h2>\n<p><span style=\"font-weight: 400;\">Iesp\u0113jams, esat dzird\u0113ju\u0161i, ka cilv\u0113ki atsaucas uz <\/span><a href=\"https:\/\/coinkickoff.com\/lv\/dogecoin-doge\/\"><span style=\"font-weight: 400;\">Dogecoin<\/span><\/a><span style=\"font-weight: 400;\"> k\u0101 m\u0113ms coin. T\u0101 ir taisn\u012bba: Dogecoin dibin\u0101t\u0101jus Billiju Markusu un D\u017eeksonu Palmeru iedvesmoja <\/span><a href=\"https:\/\/knowyourmeme.com\/memes\/doge\" target=\"_blank\" rel=\"noopener\"><span style=\"font-weight: 400;\">meme ar Shiba Inu suni<\/span><\/a><span style=\"font-weight: 400;\"> un uzs\u0101ka Dogecoin galvenok\u0101rt k\u0101 joku.<\/span><\/p>\n<p><span style=\"font-weight: 400;\">coin k\u013cuva popul\u0101rs, pateicoties tam, ka tas sa\u0146\u0113ma hype Reddit p\u0113c tam, kad piesaist\u012bja Tesla izpilddirektora Elona Muska uzman\u012bbu, kur\u0161 <\/span><a href=\"https:\/\/uk.finance.yahoo.com\/news\/dogecoin-elon-musk-tweet-reddit-100947312.html\" target=\"_blank\" rel=\"noopener\"><span style=\"font-weight: 400;\">tweeted par coin 2021. gad\u0101<\/span><\/a><span style=\"font-weight: 400;\">. Muska iesaist\u012b\u0161an\u0101s uz \u012bsu br\u012bdi izrais\u012bja DOGE cenu k\u0101pumu, tom\u0113r dr\u012bz p\u0113c tam akt\u012bvs zaud\u0113ja liel\u0101ko da\u013cu savas v\u0113rt\u012bbas.<\/span><\/p>\n<p><img loading=\"lazy\" decoding=\"async\" class=\"alignnone size-medium\" src=\"https:\/\/coinkickoff.com\/wp-content\/uploads\/1612461300-elon-musk-lion-king.jpg\" alt=\"ELON MUSK DOGE\" width=\"675\" height=\"380\" \/><\/p>\n<p><span style=\"font-weight: 400;\">Dogecoin nav \u012bsti lietder\u012bga: tas nav lielisks veids, k\u0101 p\u0101rnest v\u0113rt\u012bbu, piem\u0113ram. <\/span><a href=\"https:\/\/coinkickoff.com\/lv\/tether-usdt\/\"><span style=\"font-weight: 400;\">stablecoins<\/span><\/a><span style=\"font-weight: 400;\">, jo cenas nav stabilas. Tai ir bezgal\u012bgs pied\u0101v\u0101jums (at\u0161\u0137ir\u012bb\u0101 no, piem\u0113ram,, <\/span><a href=\"https:\/\/coinkickoff.com\/lv\/bitcoin-btc\/\"><span style=\"font-weight: 400;\">Bitcoin<\/span><\/a><span style=\"font-weight: 400;\">), t\u0101p\u0113c ar laiku t\u0101 nek\u013c\u016bst maz\u0101k pieejama vai v\u0113rt\u012bg\u0101ka.\u00a0<\/span><\/p>\n<p><span style=\"font-weight: 400;\">Tirg\u016b ir miljardiem DOGE, un Dogecoin joproj\u0101m ir viena no liel\u0101kaj\u0101m kriptoval\u016bt\u0101m coins p\u0113c tirgus v\u0113rt\u012bbas, ta\u010du tas nenoz\u012bm\u0113 naudas v\u0113rt\u012bbu.<\/span><\/p>\n<p><img loading=\"lazy\" decoding=\"async\" class=\"alignnone wp-image-3198 size-full\" src=\"https:\/\/coinkickoff.com\/wp-content\/uploads\/dogemarketcap.png\" alt=\"doge marketcap\" width=\"977\" height=\"573\" srcset=\"https:\/\/coinkickoff.com\/wp-content\/uploads\/dogemarketcap.png 977w, https:\/\/coinkickoff.com\/wp-content\/uploads\/dogemarketcap-300x176.png 300w, https:\/\/coinkickoff.com\/wp-content\/uploads\/dogemarketcap-768x450.png 768w, https:\/\/coinkickoff.com\/wp-content\/uploads\/dogemarketcap-18x12.png 18w\" sizes=\"auto, (max-width: 977px) 100vw, 977px\" \/><\/p>\n<p><span style=\"font-weight: 400;\">coin var ieg\u016bt lielos skait\u013cos, t\u0101p\u0113c tas galu gal\u0101 nav tik v\u0113rt\u012bgs. Reiz\u0113m ir nov\u0113rojami \u012bslaic\u012bgi t\u0101s cenas k\u0101pumi, parasti pateicoties t\u0101du slaven\u012bbu k\u0101 Masks neizl\u0113m\u012bg\u0101m piez\u012bm\u0113m.<\/span><\/p>\n<p><img loading=\"lazy\" decoding=\"async\" class=\"alignnone wp-image-3197 size-full\" src=\"https:\/\/coinkickoff.com\/wp-content\/uploads\/doge-price.png\" alt=\"DOGE cena\" width=\"973\" height=\"559\" srcset=\"https:\/\/coinkickoff.com\/wp-content\/uploads\/doge-price.png 973w, https:\/\/coinkickoff.com\/wp-content\/uploads\/doge-price-300x172.png 300w, https:\/\/coinkickoff.com\/wp-content\/uploads\/doge-price-768x441.png 768w, https:\/\/coinkickoff.com\/wp-content\/uploads\/doge-price-18x10.png 18w\" sizes=\"auto, (max-width: 973px) 100vw, 973px\" \/><\/p>\n<p><span style=\"font-weight: 400;\">Kopum\u0101 to prec\u012bzi var saukt par coin joku.<\/span><\/p>\n<h2><span class=\"ez-toc-section\" id=\"Where_Can_I_Buy_Dogecoin\"><\/span><span style=\"font-weight: 400;\">Kur es varu ieg\u0101d\u0101ties Dogecoin?<\/span><span class=\"ez-toc-section-end\"><\/span><\/h2>\n<p><span style=\"font-weight: 400;\">Dogecoin varat ieg\u0101d\u0101ties vairum\u0101 <a href=\"https:\/\/coinkickoff.com\/lv\/crypto-exchanges\/\" data-internallinksmanager029f6b8e52c=\"141\" title=\"21 Lab\u0101k\u0101s kriptoval\u016btas mai\u0146as un lietotnes 2024. gad\u0101\">kriptogr\u0101fijas bir\u017eas<\/a>. <\/span><a href=\"https:\/\/coinmarketcap.com\/currencies\/dogecoin\/\" target=\"_blank\" rel=\"noopener\"><span style=\"font-weight: 400;\">Doge ir 16. liel\u0101k\u0101 kriptonauda<\/span><\/a><span style=\"font-weight: 400;\"> p\u0113c tirgus v\u0113rt\u012bbas, t\u0101p\u0113c tas parasti ir pieejams popul\u0101r\u0101s bir\u017e\u0101s.<\/span><\/p>\n<p><img loading=\"lazy\" decoding=\"async\" class=\"alignnone wp-image-3199 size-full\" src=\"https:\/\/coinkickoff.com\/wp-content\/uploads\/doge-on-binance.png\" alt=\"DOGE uz Binance\" width=\"1366\" height=\"584\" srcset=\"https:\/\/coinkickoff.com\/wp-content\/uploads\/doge-on-binance.png 1366w, https:\/\/coinkickoff.com\/wp-content\/uploads\/doge-on-binance-300x128.png 300w, https:\/\/coinkickoff.com\/wp-content\/uploads\/doge-on-binance-1024x438.png 1024w, https:\/\/coinkickoff.com\/wp-content\/uploads\/doge-on-binance-768x328.png 768w, https:\/\/coinkickoff.com\/wp-content\/uploads\/doge-on-binance-18x8.png 18w\" sizes=\"auto, (max-width: 1366px) 100vw, 1366px\" \/><\/p>\n<p><span style=\"font-weight: 400;\">J\u016bs varat ieg\u0101d\u0101ties DOGE ar fiat val\u016bt\u0101m centraliz\u0113t\u0101s kriptonaudu bir\u017e\u0101s, piem\u0113ram. <\/span><a href=\"https:\/\/coinkickoff.com\/lv\/coinbase-review\/\"><span style=\"font-weight: 400;\">Coinbase<\/span><\/a><span style=\"font-weight: 400;\">, <\/span><a href=\"https:\/\/coinkickoff.com\/lv\/binance-review\/\"><span style=\"font-weight: 400;\">Binance<\/span><\/a><span style=\"font-weight: 400;\">, <\/span><a href=\"https:\/\/coinkickoff.com\/lv\/kraken-review\/\"><span style=\"font-weight: 400;\">Krakens<\/span><\/a><span style=\"font-weight: 400;\">, un <\/span><a href=\"https:\/\/coinkickoff.com\/lv\/etoro-review\/\"><span style=\"font-weight: 400;\">eToro<\/span><\/a><span style=\"font-weight: 400;\">.<\/span><\/p>\n<p><span style=\"font-weight: 400;\">Ja jums jau ir kriptonauda, varat ar\u012b ieg\u0101d\u0101ties DOGE un citus digit\u0101los akt\u012bvus decentraliz\u0113t\u0101s bir\u017e\u0101s, piem\u0113ram. <\/span><a href=\"https:\/\/www.sushi.com\/\" target=\"_blank\" rel=\"noopener\"><span style=\"font-weight: 400;\">SushiSwap<\/span><\/a><span style=\"font-weight: 400;\"> vai <\/span><a href=\"https:\/\/uniswap.org\/\" target=\"_blank\" rel=\"noopener\"><span style=\"font-weight: 400;\">Uniswap<\/span><\/a><span style=\"font-weight: 400;\">. \u0160\u012bs bir\u017eas atvieglo savstarp\u0113jus dar\u012bjumus bez starpniekiem.<\/span><\/p>\n<p><span style=\"font-weight: 400;\">Lai gan t\u0101s bie\u017ei vien ir l\u0113t\u0101kas nek\u0101 centraliz\u0113t\u0101s bir\u017eas, taj\u0101s var b\u016bt gr\u016bt\u0101k orient\u0113ties, un t\u0101s nav \u012bpa\u0161i piem\u0113rotas ies\u0101c\u0113jiem. Protams, j\u016bs varat viegli iem\u0101c\u012bties izmantot decentraliz\u0113tu bir\u017eu, ja velt\u012bsiet tam nedaudz laika.<\/span><\/p>\n<h2><span class=\"ez-toc-section\" id=\"How_to_Buy_Dogecoin\"><\/span><span style=\"font-weight: 400;\">K\u0101 ieg\u0101d\u0101ties Dogecoin<\/span><span class=\"ez-toc-section-end\"><\/span><\/h2>\n<p><span style=\"font-weight: 400;\">Jebkuras kriptoval\u016btas, tostarp Dogecoin, ieg\u0101dei ir tr\u012bs so\u013ci. Pirmk\u0101rt, izlemiet, kuru bir\u017eu v\u0113laties izmantot. Tad apsveriet, kur glab\u0101t savu kriptoval\u016btu. Kad esat pie\u0146\u0113mis \u0161o l\u0113mumu, dodieties uz priek\u0161u un ieg\u0101d\u0101jieties DOGE.\u00a0<\/span><\/p>\n<p><span style=\"font-weight: 400;\">\u0160eit ir sniegta detaliz\u0113t\u0101ka pieeja piln\u012bgiem ies\u0101c\u0113jiem:<\/span><\/p>\n<h3><span class=\"ez-toc-section\" id=\"Choose_Your_Exchange\"><\/span><span style=\"font-weight: 400;\">Izv\u0113lieties savu apmai\u0146as vietni<\/span><span class=\"ez-toc-section-end\"><\/span><\/h3>\n<p><span style=\"font-weight: 400;\">Da\u017e\u0101das bir\u017eas pied\u0101v\u0101 da\u017e\u0101das funkcijas, un t\u0101m ir at\u0161\u0137ir\u012bga kriptonauda pieejam\u012bba un maksa. Pirms l\u0113muma pie\u0146em\u0161anas varat sal\u012bdzin\u0101t da\u017eas no paz\u012bstam\u0101kaj\u0101m bir\u017e\u0101m, lai noskaidrotu, kura no t\u0101m vislab\u0101k atbilst j\u016bsu vajadz\u012bb\u0101m.<\/span><\/p>\n<p><span style=\"font-weight: 400;\">Piem\u0113ram, <a href=\"https:\/\/coinkickoff.com\/lv\/coinbase-review\/\" data-internallinksmanager029f6b8e52c=\"142\" title=\"Coinb\u0101ze Atsauksmes 2024: Funkcijas, nodevas, dro\u0161\u012bba, plusi un m\u012bnusi\">Coinbase<\/a> un <a href=\"https:\/\/coinkickoff.com\/lv\/binance-review\/\" data-internallinksmanager029f6b8e52c=\"152\" title=\"Binance Atsauksmes 2024: Funkcijas, nodevas, dro\u0161\u012bba, plusi un m\u012bnusi\">Binance<\/a> ASV abas pied\u0101v\u0101 l\u012bdz\u012bgus digit\u0101los akt\u012bvus (tostarp DOGE), bet Binance pied\u0101v\u0101 zem\u0101kas komisijas maksas. Tom\u0113r Coinbase tiek uzskat\u012bta par dro\u0161\u0101ku un ies\u0101c\u0113jiem draudz\u012bg\u0101ku. Pirms izlemjat par k\u0101du platformu, veiciet izp\u0113ti, jo kriptonauda var b\u016bt riskants ieguld\u012bjums.<\/span><\/p>\n<p><span style=\"font-weight: 400;\">Varat apskat\u012bt m\u016bsu apmai\u0146as p\u0101rskata ce\u013cvedi, lai ieg\u016btu visaptvero\u0161\u0101ku p\u0101rskatu par <\/span><a href=\"https:\/\/coinkickoff.com\/lv\/crypto-exchanges\/\"><span style=\"font-weight: 400;\">popul\u0101r\u0101k\u0101s kriptogr\u0101fijas bir\u017eas<\/span><\/a><span style=\"font-weight: 400;\">.<\/span><\/p>\n<h3><span class=\"ez-toc-section\" id=\"Buy_DOGE\"><\/span><span style=\"font-weight: 400;\">Pirkt DOGE<\/span><span class=\"ez-toc-section-end\"><\/span><\/h3>\n<p><span style=\"font-weight: 400;\">Kad esat izv\u0113l\u0113jies platformu, re\u0123istr\u0113jieties. Liel\u0101k\u0101 da\u013ca centraliz\u0113to kriptoval\u016btu bir\u017eu \u013cauj ieg\u0101d\u0101ties kriptoval\u016btu par fiat val\u016btu (piem\u0113ram, USD vai EUR). J\u016bs varat piesl\u0113gt savu bankas kontu platformai un p\u0101rskait\u012bt naudu sav\u0101 bir\u017eas kont\u0101.<\/span><\/p>\n<p><img loading=\"lazy\" decoding=\"async\" class=\"alignnone wp-image-3201 size-full\" src=\"https:\/\/coinkickoff.com\/wp-content\/uploads\/buy-doge-on-binance-1.png\" alt=\"nopirkt doge par binance\" width=\"1432\" height=\"802\" srcset=\"https:\/\/coinkickoff.com\/wp-content\/uploads\/buy-doge-on-binance-1.png 1432w, https:\/\/coinkickoff.com\/wp-content\/uploads\/buy-doge-on-binance-1-300x168.png 300w, https:\/\/coinkickoff.com\/wp-content\/uploads\/buy-doge-on-binance-1-1024x573.png 1024w, https:\/\/coinkickoff.com\/wp-content\/uploads\/buy-doge-on-binance-1-768x430.png 768w, https:\/\/coinkickoff.com\/wp-content\/uploads\/buy-doge-on-binance-1-18x10.png 18w\" sizes=\"auto, (max-width: 1432px) 100vw, 1432px\" \/><\/p>\n<p><span style=\"font-weight: 400;\">Da\u017e\u0101s bir\u017e\u0101s kriptoval\u016btu var ieg\u0101d\u0101ties ar\u012b ar kred\u012btkart\u0113m, debetkart\u0113m, PayPal, Google Pay un Apple Pay. Ja jums ir bir\u017eas konts vai citi digit\u0101lie akt\u012bvi, j\u016bs varat tos ar\u012b apmain\u012bt pret DOGE.<\/span><\/p>\n<p><span style=\"font-weight: 400;\">Da\u017eas bir\u017eas \u013cauj ieg\u0101d\u0101ties DOGE tie\u0161i ar fiat, bet citas var pied\u0101v\u0101t tikai stabilu coins, piem\u0113ram. <a href=\"https:\/\/coinkickoff.com\/lv\/tether-usdt\/\" data-internallinksmanager029f6b8e52c=\"3\" title=\"Kas ir Tether (USDT)? K\u0101 tas darbojas un kur to ieg\u0101d\u0101ties?\">USDT<\/a> vai <a href=\"https:\/\/coinkickoff.com\/lv\/usd-coin-usdc\/\" data-internallinksmanager029f6b8e52c=\"8\" title=\"Kas ir USD Coin (USDC)? K\u0101 tas darbojas un kur to ieg\u0101d\u0101ties?\">USDC<\/a>. \u0160\u0101dos gad\u012bjumos vispirms ir j\u0101ieg\u0101d\u0101jas stabilscoin un p\u0113c tam tas j\u0101nomaina uz DOGE.<\/span><\/p>\n<h3><span class=\"ez-toc-section\" id=\"Store_Your_DOGE\"><\/span><span style=\"font-weight: 400;\">Saglab\u0101jiet savu DOGE<\/span><span class=\"ez-toc-section-end\"><\/span><\/h3>\n<p><span style=\"font-weight: 400;\">P\u0113c DOGE ieg\u0101des j\u0101izlemj, kur to glab\u0101t. Jums ir vair\u0101kas iesp\u0113jas.<\/span><\/p>\n<h4><span class=\"ez-toc-section\" id=\"Exchange_Wallet\"><\/span><span style=\"font-weight: 400;\">Apmai\u0146as maci\u0146\u0161<\/span><span class=\"ez-toc-section-end\"><\/span><\/h4>\n<p><span style=\"font-weight: 400;\">Kad p\u0113rkat kriptoval\u016btu bir\u017e\u0101, j\u016bsu akt\u012bvi autom\u0101tiski tiek glab\u0101ti bir\u017eas mak\u0101. \u0160os makus d\u0113v\u0113 par glab\u0101t\u0101ja makiem, jo platformas tos kontrol\u0113 un p\u0101rvalda.<\/span><\/p>\n<p><span style=\"font-weight: 400;\">Lai gan j\u016bs varat tirgot mak\u0101 eso\u0161os akt\u012bvus, izmantojot savu mai\u0146as kontu, jums nav piln\u012bgas kontroles p\u0101r tiem. Ja bir\u017ea cie\u0161 no uzbrukuma vai bankrot\u0113, j\u016bsu akt\u012bvi var tikt zaud\u0113ti uz visiem laikiem.<\/span><\/p>\n<h4><span class=\"ez-toc-section\" id=\"Self-Custody_Hot_Wallets\"><\/span><span style=\"font-weight: 400;\">Pa\u0161p\u0101rvaldes karstie maki<\/span><span class=\"ez-toc-section-end\"><\/span><\/h4>\n<p><span style=\"font-weight: 400;\">Tirg\u016b ir vair\u0101ki pa\u0161p\u0101rvaldes karstie maki: Da\u017eas no t\u0101m ir programmat\u016bras maki, ko var lejupiel\u0101d\u0113t mobilaj\u0101s ier\u012bc\u0113s un datoros, bet cit\u0101m var piek\u013c\u016bt, izmantojot p\u0101rl\u016bkprogrammas. Tos sauc par karstajiem makiem, jo tie ir savienoti ar internetu, izmantojot j\u016bsu ier\u012bci (datoru vai mobilo ier\u012bci).\u00a0<\/span><\/p>\n<p><span style=\"font-weight: 400;\">Lai gan pa\u0161p\u0101rvaldes maki \u013cauj piln\u012bb\u0101 kontrol\u0113t savus akt\u012bvus, tie ir ar\u012b neaizsarg\u0101ti pret dro\u0161\u012bbas p\u0101rk\u0101pumiem un bie\u017ei k\u013c\u016bst par hakeru m\u0113r\u0137i. Ja jums nav daudz zin\u0101\u0161anu par interneta piesl\u0113guma ier\u012b\u010du aizsardz\u012bbu pret \u013caunpr\u0101t\u012bgu programmat\u016bru un uzlau\u0161anas m\u0113\u0123in\u0101jumiem, j\u016bs varat pak\u013caut riskam savus l\u012bdzek\u013cus, glab\u0101jot tos karstaj\u0101 mak\u0101.<\/span><\/p>\n<h4><span class=\"ez-toc-section\" id=\"Cold_Wallets\"><\/span><span style=\"font-weight: 400;\">Aukstie maki<\/span><span class=\"ez-toc-section-end\"><\/span><\/h4>\n<p><span style=\"font-weight: 400;\">Par visdro\u0161\u0101ko kriptoval\u016btu glab\u0101\u0161anas iesp\u0113ju parasti uzskata aukstos makus. Tie nav savienoti ar internetu, t\u0101p\u0113c ir neaizsarg\u0101ti pret uzlau\u0161anas m\u0113\u0123in\u0101jumiem. Aukstais maks var b\u016bt pap\u012bra maks vai aparat\u016bras maks.<\/span><\/p>\n<p><span style=\"font-weight: 400;\">Pap\u012bra maks ir vienk\u0101r\u0161i pap\u012bra lapi\u0146a, kur\u0101 ir j\u016bsu priv\u0101t\u0101 atsl\u0113ga, kas \u013cauj jums piek\u013c\u016bt saviem l\u012bdzek\u013ciem, izmantojot maka saskarni. Tom\u0113r pap\u012bra makus var b\u016bt gr\u016bti izmantot, un tie nav piem\u0113roti, ja v\u0113laties viegli tirgot savus l\u012bdzek\u013cus.<\/span><\/p>\n<p><span style=\"font-weight: 400;\">Aparat\u016bras maki ir USB l\u012bdz\u012bgas ier\u012bces, kur\u0101s tiek glab\u0101tas j\u016bsu priv\u0101t\u0101s atsl\u0113gas. T\u0101 k\u0101 ier\u012bce nav tie\u0161i savienota ar internetu, to nevar uzlauzt. <\/span><a href=\"https:\/\/trezor.io\/\" target=\"_blank\" rel=\"noopener\"><span style=\"font-weight: 400;\">Trezor<\/span><\/a><span style=\"font-weight: 400;\"> un <\/span><a href=\"https:\/\/www.ledger.com\/\" target=\"_blank\" rel=\"noopener\"><span style=\"font-weight: 400;\">Gr\u0101matved\u012bbas \u017eurn\u0101ls<\/span><\/a><span style=\"font-weight: 400;\"> ir divi aparat\u016bras maku ra\u017eot\u0101ji, kas tiek uzskat\u012bti par lab\u0101kajiem \u0161aj\u0101 nozar\u0113. Abi uz\u0146\u0113mumi pied\u0101v\u0101 vair\u0101kus aparat\u016bras makus kriptogr\u0101fijas glab\u0101\u0161anai, lai gan tie var b\u016bt diezgan d\u0101rgi.<\/span><\/p>\n<p><span style=\"font-weight: 400;\">Ja tirgojaties neregul\u0101ri ar neliel\u0101m summ\u0101m, aparat\u016bras maka ieg\u0101de var\u0113tu b\u016bt p\u0101rm\u0113r\u012bga. Tom\u0113r, ja j\u016bs augstu v\u0113rt\u0113jat dro\u0161\u012bbu, aparat\u016bras maka ieg\u0101de ilgtermi\u0146\u0101 ir lab\u0101k\u0101 izv\u0113le.\u00a0\u00a0<\/span><\/p>\n<p>Skatiet ar\u012b K\u0101 ieg\u0101d\u0101ties Dogecoin (DOGE):<\/p>\n<p><a href=\"https:\/\/coinkickoff.com\/lv\/how-to-buy-dogecoin\/how-to-buy-dogecoin-on-coinbase\/\">Coinbase<\/a><br \/>\n<a href=\"https:\/\/coinkickoff.com\/lv\/how-to-buy-dogecoin\/how-to-buy-dogecoin-on-kraken\/\">Krakens<\/a><br \/>\n<a href=\"https:\/\/coinkickoff.com\/lv\/how-to-buy-dogecoin\/how-to-buy-dogecoin-on-binance\/\">Binance<\/a><br \/>\n<a href=\"https:\/\/coinkickoff.com\/lv\/how-to-buy-dogecoin\/how-to-buy-dogecoin-on-bitmart\/\">Bitmart<\/a><br \/>\n<a href=\"https:\/\/coinkickoff.com\/lv\/how-to-buy-dogecoin\/how-to-buy-dogecoin-on-bybit\/\">Bybit<\/a><br \/>\n<a href=\"https:\/\/coinkickoff.com\/lv\/how-to-buy-dogecoin\/how-to-buy-dogecoin-on-gate-io\/\">Gate.io<\/a><br \/>\n<a href=\"https:\/\/coinkickoff.com\/lv\/how-to-buy-dogecoin\/how-to-buy-dogecoin-on-gemini\/\">Dv\u012b\u0146i<\/a><br \/>\n<a href=\"https:\/\/coinkickoff.com\/lv\/how-to-buy-dogecoin\/how-to-buy-dogecoin-on-kucoin\/\">Kucoin<\/a><br \/>\n<a href=\"https:\/\/coinkickoff.com\/lv\/how-to-buy-dogecoin\/how-to-buy-dogecoin-on-mexc\/\">MEXC<\/a><br \/>\n<a href=\"https:\/\/coinkickoff.com\/lv\/how-to-buy-dogecoin\/how-to-buy-dogecoin-on-okx\/\">OKX<\/a><br \/>\n<a href=\"https:\/\/coinkickoff.com\/lv\/how-to-buy-dogecoin\/how-to-buy-dogecoin-on-poloniex\/\">Poloniex<\/a><\/p>","protected":false},"excerpt":{"rendered":"<p>Ja v\u0113laties ieg\u0101d\u0101ties Dogecoin un nezin\u0101t, no kurienes s\u0101kt, esat \u012bstaj\u0101 viet\u0101. M\u0113s jums par\u0101d\u012bsim, k\u0101 un kur ieg\u0101d\u0101ties DOGE, sniedzot soli pa solim. Kas ir Dogecoin? Iesp\u0113jams, esat dzird\u0113ju\u0161i, ka cilv\u0113ki Dogecoin d\u0113v\u0113 par memu\u0101ru coin. T\u0101 ir taisn\u012bba: Dogecoin dibin\u0101t\u0101ji Billy Marcus un Jackson Palmer bija [...]<\/p>","protected":false},"author":3,"featured_media":155,"parent":0,"menu_order":0,"comment_status":"closed","ping_status":"closed","template":"","meta":{"_genesis_hide_title":false,"_genesis_hide_breadcrumbs":false,"_genesis_hide_singular_image":false,"_genesis_hide_footer_widgets":false,"_genesis_custom_body_class":"","_genesis_custom_post_class":"","_genesis_layout":"","_glsr_average":0,"_glsr_ranking":0,"_glsr_reviews":0,"footnotes":""},"class_list":{"0":"post-3196","1":"page","2":"type-page","3":"status-publish","4":"has-post-thumbnail","6":"entry"},"featured_image_src":"https:\/\/coinkickoff.com\/wp-content\/uploads\/2022\/06\/Dogecoin-DOGE-600x400.jpg","featured_image_src_square":"https:\/\/coinkickoff.com\/wp-content\/uploads\/2022\/06\/Dogecoin-DOGE-600x600.jpg","_links":{"self":[{"href":"https:\/\/coinkickoff.com\/lv\/wp-json\/wp\/v2\/pages\/3196","targetHints":{"allow":["GET"]}}],"collection":[{"href":"https:\/\/coinkickoff.com\/lv\/wp-json\/wp\/v2\/pages"}],"about":[{"href":"https:\/\/coinkickoff.com\/lv\/wp-json\/wp\/v2\/types\/page"}],"author":[{"embeddable":true,"href":"https:\/\/coinkickoff.com\/lv\/wp-json\/wp\/v2\/users\/3"}],"replies":[{"embeddable":true,"href":"https:\/\/coinkickoff.com\/lv\/wp-json\/wp\/v2\/comments?post=3196"}],"version-history":[{"count":5,"href":"https:\/\/coinkickoff.com\/lv\/wp-json\/wp\/v2\/pages\/3196\/revisions"}],"predecessor-version":[{"id":4940,"href":"https:\/\/coinkickoff.com\/lv\/wp-json\/wp\/v2\/pages\/3196\/revisions\/4940"}],"wp:featuredmedia":[{"embeddable":true,"href":"https:\/\/coinkickoff.com\/lv\/wp-json\/wp\/v2\/media\/155"}],"wp:attachment":[{"href":"https:\/\/coinkickoff.com\/lv\/wp-json\/wp\/v2\/media?parent=3196"}],"curies":[{"name":"wp","href":"https:\/\/api.w.org\/{rel}","templated":true}]}}