{"id":9,"date":"2026-01-08T14:07:51","date_gmt":"2026-01-08T14:07:51","guid":{"rendered":"https:\/\/coinkickoff.com\/?page_id=9"},"modified":"2026-01-08T14:07:51","modified_gmt":"2026-01-08T14:07:51","slug":"apie-mus","status":"publish","type":"page","link":"https:\/\/coinkickoff.com\/lt\/apie-mus\/","title":{"rendered":"Apie"},"content":{"rendered":"<h1 class=\"wp-block-genesis-blocks-gb-spacer gb-block-spacer gb-divider-solid gb-divider-size-1\" style=\"color: #ddd;\">Apie \"Coin Kickoff\u00a0<\/h1>\r\n<div class=\"wp-block-columns has-2-columns\">\r\n<div class=\"wp-block-column\">\r\n<p>Suk\u016briau Coin Kickoff, nes manau, kad kriptografija\/<a href=\"https:\/\/coinkickoff.com\/lt\/what-is-web-3-0\/\" data-internallinksmanager029f6b8e52c=\"184\" title=\"Kas yra \u017einiatinklis 3.0?\">web3<\/a> yra per daug sud\u0117tinga.<\/p>\r\n\r\n\r\n\r\n<p>Mano vardas yra Ianas Wrightas ir a\u0161 prad\u0117jau dom\u0117tis kriptografija dar <strong>2017<\/strong> kai <a href=\"https:\/\/coinkickoff.com\/lt\/bitcoin-btc\/\" data-internallinksmanager029f6b8e52c=\"1\" title=\"Kas yra Bitcoin (BTC)? Kaina, istorija ir kur \u012fsigyti\">Bitcoin<\/a> pirm\u0105 kart\u0105 paleido buli\u0173 iki beveik <strong>$20,000<\/strong> kiekvienas.<\/p>\r\n\r\n\r\n\r\n<p>Man pasisek\u0117, kad tuo metu pavyko \u0161iek tiek u\u017esidirbti. Tada greitai pamir\u0161au apie kriptovaliutas.<\/p>\r\n\r\n\r\n\r\n<p>Maniau, kad burbulas sprogo. Jau\u010diausi laimingas, kad i\u0161\u0117jau i\u0161 jo, kai i\u0161\u0117jau.<\/p>\r\n\r\n\r\n\r\n<p>Visa tai atrod\u0117 kaip mil\u017eini\u0161ka apgavyst\u0117, kuri galiausiai tiesiog i\u0161nyks.<\/p>\r\n\r\n\r\n\r\n<p><strong>Tada \u012fvyko ka\u017ekas keisto.<\/strong><\/p>\r\n\r\n\r\n\r\n<p>Ruden\u012f <strong>2020<\/strong> V\u0117l prad\u0117jau gird\u0117ti \u017emones kalbant apie Bitcoin ir kriptografij\u0105.<\/p>\r\n\r\n\r\n\r\n<p>I\u0161 prad\u017ei\u0173 j\u012f atme\u010diau. Bitcoin buvo toks <strong>2017<\/strong>.<\/p>\r\n\r\n\r\n\r\n<p>Be to, tai vis tiek buvo apgaul\u0117.<\/p>\r\n\r\n\r\n\r\n<p>Ta\u010diau galiausiai persigalvojau, kai Bitcoin kaina pakilo vir\u0161 ankstesn\u0117s rekordin\u0117s vert\u0117s.<\/p>\r\n\r\n\r\n\r\n<p>Mano galva, tai netur\u0117jo \u012fvykti.<\/p>\r\n\r\n\r\n\r\n<p>Buvau ir tebesu skepti\u0161kas d\u0117l Bitcoin, kriptografijos, web3 ir blok\u0173 grandin\u0117s vert\u0117s.<\/p>\r\n\r\n\r\n\r\n<p>Ta\u010diau nebemanau, kad jie greitai i\u0161nyks.<\/p>\r\n\r\n\r\n\r\n<p><strong>Netgi nusprend\u017eiau v\u0117l investuoti. <\/strong><\/p>\r\n\r\n\r\n\r\n<p>Ta\u010diau, kitaip nei pra\u0117jus\u012f kart\u0105, praradau pinig\u0173. Buli\u0173 rinkoje!<\/p>\r\n\r\n\r\n\r\n<p>Tod\u0117l nusprend\u017eiau pasimokyti.<\/p>\r\n\r\n\r\n\r\n<p>Tod\u0117l ir suk\u016briau \"Coin Kickoff\".<\/p>\r\n\r\n\r\n\r\n<p>Tikslas paprastas: paai\u0161kinti, kas yra \u012fvair\u016bs coin, k\u0105 jie veikia ir kur juos \u012fsigyti.<\/p>\r\n\r\n\r\n\r\n<p>Viskas paprasta ir suprantama.<\/p>\r\n\r\n\r\n\r\n<p>Kad b\u016bt\u0173 ai\u0161ku, neturiu jokio supratimo, k\u0105 darau. Nieko \u0161ioje svetain\u0117je nereik\u0117t\u0173 suprasti kaip bet kokio investavimo skatinimo.<\/p>\r\n\r\n\r\n\r\n<p>Tikiuosi, kad dauguma coin <strong>bus lygus nuliui.<\/strong>.<\/p>\r\n\r\n\r\n\r\n<p>Galvokite apie Coin Kickoff kaip apie pradin\u012f ta\u0161k\u0105, nuo kurio gal\u0117site dar daugiau su\u017einoti apie \u012fvairias kriptovaliut\u0173 galimybes.<\/p>\r\n\r\n\r\n\r\n<p>Visi prane\u0161imai ir vadovai yra tik informacinio pob\u016bd\u017eio.<\/p>\r\n\r\n\r\n\r\n<p>Ir niekada ne\u012fd\u0117kite daugiau pinig\u0173, nei galite sau leisti prarasti.<\/p>\r\n\r\n\r\n\r\n<p>&nbsp;<\/p>\r\n<\/div>\r\n<!-- \/wp:post-content --><\/div>\r\n<!-- \/wp:columns -->\r\n\r\n<!-- wp:paragraph -->\r\n<p>&nbsp;<\/p>\r\n<!-- \/wp:paragraph -->","protected":false},"excerpt":{"rendered":"<p>Mano vardas yra Ianas Wrightas ir kriptovaliutomis prad\u0117jau dom\u0117tis 2017 m., kai Bitcoin pirm\u0105 kart\u0105 pakilo iki beveik $20 000 u\u017e vienet\u0105. Man pasisek\u0117, kad tuo metu man i\u0161 tikr\u0173j\u0173 pavyko \u0161iek tiek u\u017esidirbti. Tada greitai pamir\u0161au apie kriptovaliutas. Dariau prielaid\u0105, kad burbulas sprogo. I [...]<\/p>","protected":false},"author":1,"featured_media":10,"parent":0,"menu_order":0,"comment_status":"closed","ping_status":"closed","template":"","meta":{"_genesis_hide_title":true,"_genesis_hide_breadcrumbs":true,"_genesis_hide_singular_image":true,"_genesis_hide_footer_widgets":false,"_genesis_custom_body_class":"","_genesis_custom_post_class":"","_genesis_layout":"full-width-content","_glsr_average":0,"_glsr_ranking":0,"_glsr_reviews":0,"footnotes":""},"class_list":{"0":"post-9","1":"page","2":"type-page","3":"status-publish","4":"has-post-thumbnail","6":"entry"},"featured_image_src":"https:\/\/coinkickoff.com\/wp-content\/uploads\/2022\/03\/about-600x400.jpg","featured_image_src_square":"https:\/\/coinkickoff.com\/wp-content\/uploads\/2022\/03\/about-600x600.jpg","_links":{"self":[{"href":"https:\/\/coinkickoff.com\/lt\/wp-json\/wp\/v2\/pages\/9","targetHints":{"allow":["GET"]}}],"collection":[{"href":"https:\/\/coinkickoff.com\/lt\/wp-json\/wp\/v2\/pages"}],"about":[{"href":"https:\/\/coinkickoff.com\/lt\/wp-json\/wp\/v2\/types\/page"}],"author":[{"embeddable":true,"href":"https:\/\/coinkickoff.com\/lt\/wp-json\/wp\/v2\/users\/1"}],"replies":[{"embeddable":true,"href":"https:\/\/coinkickoff.com\/lt\/wp-json\/wp\/v2\/comments?post=9"}],"version-history":[{"count":6,"href":"https:\/\/coinkickoff.com\/lt\/wp-json\/wp\/v2\/pages\/9\/revisions"}],"predecessor-version":[{"id":79,"href":"https:\/\/coinkickoff.com\/lt\/wp-json\/wp\/v2\/pages\/9\/revisions\/79"}],"wp:featuredmedia":[{"embeddable":true,"href":"https:\/\/coinkickoff.com\/lt\/wp-json\/wp\/v2\/media\/10"}],"wp:attachment":[{"href":"https:\/\/coinkickoff.com\/lt\/wp-json\/wp\/v2\/media?parent=9"}],"curies":[{"name":"wp","href":"https:\/\/api.w.org\/{rel}","templated":true}]}}