{"id":821,"date":"2026-01-08T14:06:29","date_gmt":"2026-01-08T14:06:29","guid":{"rendered":"https:\/\/coinkickoff.com\/?page_id=821"},"modified":"2026-01-08T14:06:29","modified_gmt":"2026-01-08T14:06:29","slug":"prices-inr","status":"publish","type":"page","link":"https:\/\/coinkickoff.com\/lt\/prices\/prices-inr\/","title":{"rendered":"Top 100 Live Cryptocurrency kainos Indijos rupija (INR)"},"content":{"rendered":"<p>\u017di\u016br\u0117kite realaus laiko kain\u0173 atnaujinimus Indijos rupija (INR) <a href=\"https:\/\/coinkickoff.com\/lt\/bitcoin-btc\/\" data-internallinksmanager029f6b8e52c=\"1\" title=\"Kas yra Bitcoin (BTC)? Kaina, istorija ir kur \u012fsigyti\">bitcoin<\/a> ir kitas 100 populiariausi\u0173 kriptovaliut\u0173 \u017eemiau. <\/p>\n<!-- Cryptocurrency Widgets PRO 4.1.2  !--><div  class=\"ccpw-widget\" id=\"ccpw-list-widget-1341\" ><div class=\"ccpw_react_widget\" id=\"ccpw_react_widgets_1341892119971\" data-attribute=\"{&quot;type&quot;:&quot;list-widget&quot;,&quot;selected_currency&quot;:&quot;INR&quot;,&quot;design&quot;:&quot;style-4&quot;,&quot;header&quot;:&quot;&quot;,&quot;show_chart&quot;:&quot;&quot;,&quot;custom_currency&quot;:&quot;&quot;,&quot;show_coins&quot;:&quot;100&quot;,&quot;MbFormating&quot;:&quot;on&quot;,&quot;live_changes&quot;:&quot;&quot;,&quot;display_changes&quot;:&quot;on&quot;}\"><\/div><\/div><style type='text\/css'>\r\n\t\t\t  .ccpw-widget #ccpw-list-widget-1341{background-color:#ffffff;color:#000;}\r\n\t\t\t  .ccpw-widget .ccpw_table tr #ccpw-list-widget-1341 {background-color:#ffffff;}\r\n\t\t\t  .ccpw-widget #ccpw-list-widget-1341.table {background-color:#ffffff;color:#000; box-shadow:inset 0px 0px 0px 3px rgba(0,0,0,0.25);}\r\n\t\t\t  #ccpw-list-widget-1341 .ccpw_table > tbody > tr > td,\r\n\t\t\t  #ccpw-list-widget-1341 .ccpw_table > tbody > tr > td .ticker-price,\r\n\t\t\t  #ccpw-list-widget-1341 .ccpw_table > tbody > tr > td.price,\r\n\t\t\t  #ccpw-list-widget-1341 .ccpw_table.table tr ,\r\n\t\t\t  #ccpw-list-widget-1341 .ccpw_table.table > thead > tr > th {border-color:rgba(0,0,0,0.25) !important;color:#000;background-color:#ffffff;}\r\n\t\t\t   .ccpw_table span.symbol { position:initial !Important; }<\/style>\n<div class=\"cg-choice-box-six   cg-blue\" ><div class=\"cg-cb-row\"><div class=\"cg-cb-items\" id=\"product-265843\"><div class=\"cg-cb-top-head\"><div class=\"cg-cb-top-pick\">Dauguma Coins<\/div><\/div><a href=\"https:\/\/accounts.binance.com\/register?ref=BLJQ60RW\" target=\"_blank\" rel=\"nofollow noopener\" class=\"cg-aff-link cg-cb-img\" data-post-title=\"Binance\" data-aff-link=\"https:\/\/accounts.binance.com\/register?ref=BLJQ60RW\" data-post-type=\"top\" data-post-id=\"127750\"><img decoding=\"async\" src=\"https:\/\/coinkickoff.com\/wp-content\/uploads\/2022\/10\/Binance_logo.png\" class=\"cg-img-1\" alt=\"Binance\" style=\"\"><\/a><div class=\"cg-cb-title\"><a href=\"https:\/\/accounts.binance.com\/register?ref=BLJQ60RW\" class=\"cg-aff-link\" data-post-id=\"127750\" data-post-type=\"top\" data-aff-link=\"https:\/\/accounts.binance.com\/register?ref=BLJQ60RW\" data-post-title=\"Binance\" target=\"\" rel=\"nofollow noopener\">Binance<\/a><\/span><\/div><div class=\"cg-cb-content\"><ul><li><strong>350+<\/strong> \u012etrauktos kriptovaliutos<\/li><li><strong>&lt;0.10%<\/strong> Sandori\u0173 mokes\u010diai<\/li><li><strong>120 mln.<\/strong> Registruoti naudotojai<\/li><li>Saugus turto fondas naudotojams<\/li><li>U\u017edirbti i\u0161 ind\u0117li\u0173<\/li><\/ul><\/div><div class=\"cg-cb-btn\"><span class='cta-copy'><a href=\"https:\/\/accounts.binance.com\/register?ref=BLJQ60RW\" class=\"cg-one-button cg-btn cg-red  cg-aff-link cg-btn-lg\" data-post-id=\"127750\" data-post-type=\"top\" data-aff-link=\"https:\/\/accounts.binance.com\/register?ref=BLJQ60RW\" data-style=\"default\" data-post-title=\"Binance\" data-extra=\"arrow\" style=\"\" target=\"\" rel=\"nofollow noopener\">Prad\u0117kite<\/a><\/span><\/span><\/div><\/div><div class=\"cg-cb-items\" id=\"product-265829\"><div class=\"cg-cb-top-head\"><div class=\"cg-cb-top-pick\">Dauguma \u0161ali\u0173<\/div><\/div><a href=\"https:\/\/kraken.pxf.io\/756J3y\" target=\"_blank\" rel=\"nofollow noopener\" class=\"cg-aff-link cg-cb-img\" data-post-title=\"Kraken\" data-aff-link=\"https:\/\/kraken.pxf.io\/756J3y\" data-post-type=\"top\" data-post-id=\"127750\"><img decoding=\"async\" src=\"https:\/\/coinkickoff.com\/wp-content\/uploads\/Kraken-logo.webp\" class=\"cg-img-1\" alt=\"Krakenas\" style=\"\"><\/a><div class=\"cg-cb-title\"><a href=\"https:\/\/kraken.pxf.io\/756J3y\" class=\"cg-aff-link\" data-post-id=\"127750\" data-post-type=\"top\" data-aff-link=\"https:\/\/kraken.pxf.io\/756J3y\" data-post-title=\"Kraken\" target=\"\" rel=\"nofollow noopener\">Krakenas<\/a><\/span><\/div><div class=\"cg-cb-content\"><ul><li>JAV \u012fsik\u016br\u0119s<\/li><li>Prad\u0117kite nuo kuo ma\u017eiau <strong>$10<\/strong><\/li><li>Pirkti ir parduoti <strong>200+<\/strong> kriptovaliutos<\/li><li>\"Pro\" sprendimas didesniems prekybininkams<\/li><li>Galima \u012fsigyti <strong>190+<\/strong> \u0161alys<\/li><\/ul><\/div><div class=\"cg-cb-btn\"><span class='cta-copy'><a href=\"https:\/\/kraken.pxf.io\/756J3y\" class=\"cg-one-button cg-btn cg-red  cg-aff-link cg-btn-lg\" data-post-id=\"127750\" data-post-type=\"top\" data-aff-link=\"https:\/\/kraken.pxf.io\/756J3y\" data-style=\"default\" data-post-title=\"Kraken\" data-extra=\"arrow\" style=\"\" target=\"\" rel=\"nofollow noopener\">Prad\u0117kite<\/a><\/span><\/span><\/div><\/div><div class=\"cg-cb-items\" id=\"product-265822\"><div class=\"cg-cb-top-head\"><div class=\"cg-cb-top-pick\">JAV \u012fsik\u016br\u0119s<\/div><\/div><a href=\"https:\/\/coinbase-consumer.sjv.io\/ORPoaG\" target=\"_blank\" rel=\"nofollow noopener\" class=\"cg-aff-link cg-cb-img\" data-post-title=\"Coinbase\" data-aff-link=\"https:\/\/coinbase-consumer.sjv.io\/ORPoaG\" data-post-type=\"top\" data-post-id=\"127750\"><img decoding=\"async\" src=\"https:\/\/coinkickoff.com\/wp-content\/uploads\/2022\/10\/Coinbase.png\" class=\"cg-img-1\" alt=\"Coinbase\" style=\"\"><\/a><div class=\"cg-cb-title\"><a href=\"https:\/\/coinbase-consumer.sjv.io\/ORPoaG\" class=\"cg-aff-link\" data-post-id=\"127750\" data-post-type=\"top\" data-aff-link=\"https:\/\/coinbase-consumer.sjv.io\/ORPoaG\" data-post-title=\"Coinbase\" target=\"\" rel=\"nofollow noopener\">Coinbase<\/a><\/span><\/div><div class=\"cg-cb-content\"><ul><li><strong>200+<\/strong> \u012etrauktos kriptovaliutos<\/li><li>Gaukite kriptovaliut\u0105 po pirmojo pirkimo<\/li><li>Apdraustas draudimu&nbsp;<\/li><li>Saugi saugykla su saugyklos apsauga<\/li><li>Patikimiausia kriptovaliut\u0173 platforma<\/li><\/ul><\/div><div class=\"cg-cb-btn\"><span class='cta-copy'><a href=\"https:\/\/coinbase-consumer.sjv.io\/ORPoaG\" class=\"cg-one-button cg-btn cg-red  cg-aff-link cg-btn-lg\" data-post-id=\"127750\" data-post-type=\"top\" data-aff-link=\"https:\/\/coinbase-consumer.sjv.io\/ORPoaG\" data-style=\"default\" data-post-title=\"Coinbase\" data-extra=\"arrow\" style=\"\" target=\"\" rel=\"nofollow noopener\">Prad\u0117kite<\/a><\/span><\/span><\/div><\/div><\/div><\/div>\n\n<h2>Kriptovaliutos kainos skai\u010diuokl\u0117 (INR)<\/h2>\n<p>Naudokit\u0117s \u017eemiau esan\u010dia skai\u010diuokle, kad su\u017einotum\u0117te, kokie yra realaus laiko INR ir daugelio populiari\u0173 kriptovaliut\u0173 valiut\u0173 kursai.<\/p>\n<div class=\"ccpw_react_widget ccpw_calculator\" id=\"ccpw_react_widgets_1342_69dec7e4b822a\" data-attribute=\"{&quot;type&quot;:&quot;calculator&quot;,&quot;baseCurrency&quot;:&quot;bitcoin&quot;,&quot;targetCurrency&quot;:&quot;INR&quot;}\"><\/div><style type='text\/css'>\r\n\t\t\t  #ccpw_react_widgets_1342 .ccpw-Converter {\r\n\t\t\t\t  background-color: #ffffff;\r\n\t\t\t\t  color: #000;\r\n\t\t\t  }<\/style>\n<h2>Kain\u0173 poky\u010dio \u0161ilumos \u017eem\u0117lapis: Top 20 kriptovaliut\u0173<\/h2>\n<!-- Cryptocurrency Widgets PRO 4.1.2  !--><div class=\"ccpw-coingecko-widget\" style=\"width:100%;\"> \r\n    <gecko-coin-heatmap-widget  height=\"400\"  locale=\"en\" outlined=\"true\" top=\"20\"><\/gecko-coin-heatmap-widget>\r\n    <\/div><style type='text\/css'><\/style>\n<p>Taip pat \u017ei\u016br\u0117kite kainas:<\/p>\n<ul>\n<li> <a href=\"https:\/\/coinkickoff.com\/lt\/prices\/\">JAV doleriai (USD)<\/a><\/li>\n<li> <a href=\"https:\/\/coinkickoff.com\/lt\/prices\/prices-euros\/\">Euras (EUD)<\/li>\n<li> <a href=\"https:\/\/coinkickoff.com\/lt\/prices\/prices-gbp\/\">JK svarai sterling\u0173 (GBP)<\/a><\/li>\n<li> <a href=\"https:\/\/coinkickoff.com\/lt\/prices\/prices-cad\/\">Kanados doleriai (CAD)<\/a><\/li>\n<li> <a href=\"https:\/\/coinkickoff.com\/lt\/prices\/prices-aud\/\" data-internallinksmanager029f6b8e52c=\"116\" title=\"Top 100 Live Cryptocurrency kainos Australijos doleri\u0173 (AUD)\">Australijos doleriai (AUD)<\/a><\/li>\n<li> <a href=\"https:\/\/coinkickoff.com\/lt\/prices\/prices-jpy\/\" data-internallinksmanager029f6b8e52c=\"118\" title=\"Top 100 Live Cryptocurrency kainos Japonijos jena (JPY)\">Japonijos jena (JPY)<\/a><\/li>\n<li> <a href=\"https:\/\/coinkickoff.com\/lt\/prices\/prices-mxn\/\" data-internallinksmanager029f6b8e52c=\"119\" title=\"Top 100 Live Cryptocurrency kainos Meksikos pesas (MXN)\">Meksikos pesas (MXN)<\/a><\/li>\n<li> <a href=\"https:\/\/coinkickoff.com\/lt\/prices\/prices-brl\/\" data-internallinksmanager029f6b8e52c=\"120\" title=\"Top 100 Live Cryptocurrency kainos Brazilijos realas (BRL)\">Brazilijos realas (BRL)<\/a><\/li>\n<li> <a href=\"https:\/\/coinkickoff.com\/lt\/prices\/prices-cny\/\" data-internallinksmanager029f6b8e52c=\"121\" title=\"Top 100 Live Cryptocurrency kainos Kinijos Renminbi (CNY)\">Kinijos renminbi (CNY)<\/a><\/li>\n<li> <a href=\"https:\/\/coinkickoff.com\/lt\/prices\/prices-chf\/\" data-internallinksmanager029f6b8e52c=\"122\" title=\"Top 100 Live Cryptocurrency kainos \u0160veicarijos frankas (CHF)\">\u0160veicarijos frankas (CHF)<\/a><\/li>\n<li> <a href=\"https:\/\/coinkickoff.com\/lt\/prices\/prices-hkd\/\" data-internallinksmanager029f6b8e52c=\"123\" title=\"Top 100 Live Cryptocurrency kainos Honkongo doleriais (HKD)\">Honkongo doleriai (HKD)<\/a><\/li>\n<li> <a href=\"https:\/\/coinkickoff.com\/lt\/prices\/prices-sgd\/\" data-internallinksmanager029f6b8e52c=\"124\" title=\"Top 100 Live Cryptocurrency kainos Singap\u016bro doleris (SGD)\">Singap\u016bro doleris (SGD)<\/a><\/li>\n<li> <a href=\"https:\/\/coinkickoff.com\/lt\/prices\/prices-sek\/\" data-internallinksmanager029f6b8e52c=\"125\" title=\"Top 100 Live Cryptocurrency kainos \u0160vedijos kron\u0173 (SEK)\">\u0160vedijos kronos (SEK)<\/a><\/li>\n<li> <a href=\"https:\/\/coinkickoff.com\/lt\/prices\/prices-nzd\/\" data-internallinksmanager029f6b8e52c=\"126\" title=\"Top 100 Live Cryptocurrency kainos Naujosios Zelandijos doleris (NZD)\">Naujosios Zelandijos doleris (NZD)<\/a><\/li>\n<li> Indijos rupija (INR)<\/li>\n<li> <a href=\"https:\/\/coinkickoff.com\/lt\/prices\/prices-twd\/\" data-internallinksmanager029f6b8e52c=\"128\" title=\"Top 100 Live Cryptocurrency kainos Naujojo Taivano doleri\u0173 (TWD)\">Nauji Taivano doleriai (TWD)<\/a><\/li>\n<li> <a href=\"https:\/\/coinkickoff.com\/lt\/prices\/prices-zar\/\" data-internallinksmanager029f6b8e52c=\"129\" title=\"Top 100 Live Cryptocurrency kainos Piet\u0173 Afrikos randas (ZAR)\">Piet\u0173 Afrikos randas (ZAR)<\/a><\/li>\n<li> <a href=\"https:\/\/coinkickoff.com\/lt\/prices\/prices-dkk\/\" data-internallinksmanager029f6b8e52c=\"130\" title=\"Top 100 Live Cryptocurrency kainos Danijos kronomis (DKK)\">Danijos krona (DKK)<\/a><\/li>\n<li> <a href=\"https:\/\/coinkickoff.com\/lt\/prices\/prices-pln\/\" data-internallinksmanager029f6b8e52c=\"131\" title=\"Top 100 Live Cryptocurrency kainos Lenkijos zloto (PLN)\">Lenkijos zlotai (PLN)<\/a><\/li>\n<li> <a href=\"https:\/\/coinkickoff.com\/lt\/prices\/prices-czk\/\" data-internallinksmanager029f6b8e52c=\"132\" title=\"Top 100 Live Cryptocurrency kainos \u010cekijos kron\u0173 (CZK)\">\u010cekijos kronos (CZK)<\/a><\/li>\n<li> <a href=\"https:\/\/coinkickoff.com\/lt\/prices\/prices-huf\/\" data-internallinksmanager029f6b8e52c=\"133\" title=\"Top 100 Live Cryptocurrency kainos Vengrijos forintas (HUF)\">Vengrijos forintas (HUF)<\/a><\/li>\n<li> <a href=\"https:\/\/coinkickoff.com\/lt\/prices\/prices-rub\/\" data-internallinksmanager029f6b8e52c=\"134\" title=\"Top 100 Live Cryptocurrency kainos Rusijos rublis (RUB)\">Rusijos rublis (RUB)<\/a><\/li>\n<\/ul>","protected":false},"excerpt":{"rendered":"<p>\u017di\u016br\u0117kite realaus laiko bitcoin ir kit\u0173 100 populiariausi\u0173 kriptovaliut\u0173 kain\u0173 atnaujinimus Indijos rupijomis (INR) \u017eemiau. Kriptovaliut\u0173 kain\u0173 skai\u010diuokl\u0117 (INR) Naudokit\u0117s toliau pateikta skai\u010diuokle, kad su\u017einotum\u0117te realaus laiko INR ir daugelio populiari\u0173 kriptovaliut\u0173 valiut\u0173 keitimo kursus: Taip pat \u017ei\u016br\u0117kite kainas: JAV doleriai (USD) Euras (EUD) Jungtin\u0117s Karalyst\u0117s svarai sterling\u0173 (GBP) Kanados [...]<\/p>","protected":false},"author":1,"featured_media":738,"parent":708,"menu_order":0,"comment_status":"closed","ping_status":"closed","template":"","meta":{"_genesis_hide_title":false,"_genesis_hide_breadcrumbs":false,"_genesis_hide_singular_image":false,"_genesis_hide_footer_widgets":false,"_genesis_custom_body_class":"","_genesis_custom_post_class":"","_genesis_layout":"","_glsr_average":0,"_glsr_ranking":0,"_glsr_reviews":0,"footnotes":""},"class_list":{"0":"post-821","1":"page","2":"type-page","3":"status-publish","4":"has-post-thumbnail","6":"entry"},"featured_image_src":"https:\/\/coinkickoff.com\/wp-content\/uploads\/crypto-prices-600x400.jpg","featured_image_src_square":"https:\/\/coinkickoff.com\/wp-content\/uploads\/crypto-prices-600x586.jpg","_links":{"self":[{"href":"https:\/\/coinkickoff.com\/lt\/wp-json\/wp\/v2\/pages\/821","targetHints":{"allow":["GET"]}}],"collection":[{"href":"https:\/\/coinkickoff.com\/lt\/wp-json\/wp\/v2\/pages"}],"about":[{"href":"https:\/\/coinkickoff.com\/lt\/wp-json\/wp\/v2\/types\/page"}],"author":[{"embeddable":true,"href":"https:\/\/coinkickoff.com\/lt\/wp-json\/wp\/v2\/users\/1"}],"replies":[{"embeddable":true,"href":"https:\/\/coinkickoff.com\/lt\/wp-json\/wp\/v2\/comments?post=821"}],"version-history":[{"count":4,"href":"https:\/\/coinkickoff.com\/lt\/wp-json\/wp\/v2\/pages\/821\/revisions"}],"predecessor-version":[{"id":1344,"href":"https:\/\/coinkickoff.com\/lt\/wp-json\/wp\/v2\/pages\/821\/revisions\/1344"}],"up":[{"embeddable":true,"href":"https:\/\/coinkickoff.com\/lt\/wp-json\/wp\/v2\/pages\/708"}],"wp:featuredmedia":[{"embeddable":true,"href":"https:\/\/coinkickoff.com\/lt\/wp-json\/wp\/v2\/media\/738"}],"wp:attachment":[{"href":"https:\/\/coinkickoff.com\/lt\/wp-json\/wp\/v2\/media?parent=821"}],"curies":[{"name":"wp","href":"https:\/\/api.w.org\/{rel}","templated":true}]}}