{"id":4628,"date":"2026-01-08T14:08:02","date_gmt":"2026-01-08T14:08:02","guid":{"rendered":"https:\/\/coinkickoff.com\/?page_id=4628"},"modified":"2026-01-08T14:08:02","modified_gmt":"2026-01-08T14:08:02","slug":"how-are-bitcoin-slots-different","status":"publish","type":"page","link":"https:\/\/coinkickoff.com\/lt\/bitcoin-casino\/how-are-bitcoin-slots-different\/","title":{"rendered":"Kuo Bitcoin \u017eaidim\u0173 automatai skiriasi nuo tradicini\u0173 kazino \u017eaidim\u0173 automat\u0173?"},"content":{"rendered":"<p><em>Atsakomyb\u0117s apribojimas: lo\u0161imas susij\u0119s su didele finansine rizika. Pra\u0161ome lo\u0161ti tik tais pinigais, kuriuos galite sau leisti prarasti. Toliau pateikta informacija yra tik informacinio pob\u016bd\u017eio. Mums gali b\u016bti mokami komisiniai, jei u\u017esiregistruosite ir pralo\u0161ite pinigus bet kuriame i\u0161 \u0161i\u0173 lo\u0161im\u0173 <a href=\"https:\/\/coinkickoff.com\/lt\/bitcoin-casino\/\" data-internallinksmanager029f6b8e52c=\"200\" title=\"3 geriausi Bitcoin kriptovaliut\u0173 kazino su premijomis\">kazino<\/a>. Ne visi kazino yra prieinami visose \u0161alyse. Manome, kad visa informacija buvo teisinga jos paskelbimo metu, ta\u010diau v\u0117liau ji gal\u0117jo pasikeisti.<\/em><\/p>\n<div id=\"ez-toc-container\" class=\"ez-toc-v2_0_80 counter-hierarchy ez-toc-counter ez-toc-transparent ez-toc-container-direction\">\n<div class=\"ez-toc-title-container\">\n<p class=\"ez-toc-title\" style=\"cursor:inherit\">Skyriai<\/p>\n<span class=\"ez-toc-title-toggle\"><a href=\"#\" class=\"ez-toc-pull-right ez-toc-btn ez-toc-btn-xs ez-toc-btn-default ez-toc-toggle\" aria-label=\"Perjungti turinio lentel\u0119\"><span class=\"ez-toc-js-icon-con\"><span class=\"\"><span class=\"eztoc-hide\" style=\"display:none;\">Perjungti<\/span><span class=\"ez-toc-icon-toggle-span\"><svg style=\"fill: #999;color:#999\" xmlns=\"http:\/\/www.w3.org\/2000\/svg\" class=\"list-377408\" width=\"20px\" height=\"20px\" viewbox=\"0 0 24 24\" fill=\"none\"><path d=\"M6 6H4v2h2V6zm14 0H8v2h12V6zM4 11h2v2H4v-2zm16 0H8v2h12v-2zM4 16h2v2H4v-2zm16 0H8v2h12v-2z\" fill=\"currentColor\"><\/path><\/svg><svg style=\"fill: #999;color:#999\" class=\"arrow-unsorted-368013\" xmlns=\"http:\/\/www.w3.org\/2000\/svg\" width=\"10px\" height=\"10px\" viewbox=\"0 0 24 24\" version=\"1.2\" baseprofile=\"tiny\"><path d=\"M18.2 9.3l-6.2-6.3-6.2 6.3c-.2.2-.3.4-.3.7s.1.5.3.7c.2.2.4.3.7.3h11c.3 0 .5-.1.7-.3.2-.2.3-.5.3-.7s-.1-.5-.3-.7zM5.8 14.7l6.2 6.3 6.2-6.3c.2-.2.3-.5.3-.7s-.1-.5-.3-.7c-.2-.2-.4-.3-.7-.3h-11c-.3 0-.5.1-.7.3-.2.2-.3.5-.3.7s.1.5.3.7z\"\/><\/svg><\/span><\/span><\/span><\/a><\/span><\/div>\n<nav><ul class='ez-toc-list ez-toc-list-level-1 eztoc-toggle-hide-by-default' ><li class='ez-toc-page-1 ez-toc-heading-level-2'><a class=\"ez-toc-link ez-toc-heading-1\" href=\"https:\/\/coinkickoff.com\/lt\/bitcoin-casino\/how-are-bitcoin-slots-different\/#Overview_of_Bitcoin_Slots\" >Bitcoin lizd\u0173 ap\u017evalga<\/a><ul class='ez-toc-list-level-3' ><li class='ez-toc-heading-level-3'><a class=\"ez-toc-link ez-toc-heading-2\" href=\"https:\/\/coinkickoff.com\/lt\/bitcoin-casino\/how-are-bitcoin-slots-different\/#Definition_of_Bitcoin_Slots\" >Bitcoin lizd\u0173 apibr\u0117\u017eimas<\/a><\/li><li class='ez-toc-page-1 ez-toc-heading-level-3'><a class=\"ez-toc-link ez-toc-heading-3\" href=\"https:\/\/coinkickoff.com\/lt\/bitcoin-casino\/how-are-bitcoin-slots-different\/#Primary_Characteristics\" >Pirmin\u0117s charakteristikos<\/a><\/li><li class='ez-toc-page-1 ez-toc-heading-level-3'><a class=\"ez-toc-link ez-toc-heading-4\" href=\"https:\/\/coinkickoff.com\/lt\/bitcoin-casino\/how-are-bitcoin-slots-different\/#Comparison_with_Traditional_Slots\" >Palyginimas su tradiciniais \u017eaidim\u0173 automatais<\/a><\/li><\/ul><\/li><li class='ez-toc-page-1 ez-toc-heading-level-2'><a class=\"ez-toc-link ez-toc-heading-5\" href=\"https:\/\/coinkickoff.com\/lt\/bitcoin-casino\/how-are-bitcoin-slots-different\/#Operational_Mechanisms\" >Veiklos mechanizmai<\/a><ul class='ez-toc-list-level-3' ><li class='ez-toc-heading-level-3'><a class=\"ez-toc-link ez-toc-heading-6\" href=\"https:\/\/coinkickoff.com\/lt\/bitcoin-casino\/how-are-bitcoin-slots-different\/#Underlying_Technology\" >Pagrindin\u0117 technologija<\/a><\/li><li class='ez-toc-page-1 ez-toc-heading-level-3'><a class=\"ez-toc-link ez-toc-heading-7\" href=\"https:\/\/coinkickoff.com\/lt\/bitcoin-casino\/how-are-bitcoin-slots-different\/#Random_Number_Generation\" >Atsitiktini\u0173 skai\u010di\u0173 generavimas<\/a><\/li><li class='ez-toc-page-1 ez-toc-heading-level-3'><a class=\"ez-toc-link ez-toc-heading-8\" href=\"https:\/\/coinkickoff.com\/lt\/bitcoin-casino\/how-are-bitcoin-slots-different\/#Transaction_Process\" >Sandorio procesas<\/a><\/li><\/ul><\/li><li class='ez-toc-page-1 ez-toc-heading-level-2'><a class=\"ez-toc-link ez-toc-heading-9\" href=\"https:\/\/coinkickoff.com\/lt\/bitcoin-casino\/how-are-bitcoin-slots-different\/#User_Experience_and_Accessibility\" >Naudotojo patirtis ir prieinamumas<\/a><ul class='ez-toc-list-level-3' ><li class='ez-toc-heading-level-3'><a class=\"ez-toc-link ez-toc-heading-10\" href=\"https:\/\/coinkickoff.com\/lt\/bitcoin-casino\/how-are-bitcoin-slots-different\/#Interface_and_Design_Differences\" >S\u0105sajos ir dizaino skirtumai<\/a><\/li><li class='ez-toc-page-1 ez-toc-heading-level-3'><a class=\"ez-toc-link ez-toc-heading-11\" href=\"https:\/\/coinkickoff.com\/lt\/bitcoin-casino\/how-are-bitcoin-slots-different\/#Payment_and_Withdrawal_Methods\" >Mok\u0117jimo ir i\u0161\u0117mimo b\u016bdai<\/a><\/li><li class='ez-toc-page-1 ez-toc-heading-level-3'><a class=\"ez-toc-link ez-toc-heading-12\" href=\"https:\/\/coinkickoff.com\/lt\/bitcoin-casino\/how-are-bitcoin-slots-different\/#Anonymity_and_Security\" >Anonimi\u0161kumas ir saugumas<\/a><\/li><\/ul><\/li><li class='ez-toc-page-1 ez-toc-heading-level-2'><a class=\"ez-toc-link ez-toc-heading-13\" href=\"https:\/\/coinkickoff.com\/lt\/bitcoin-casino\/how-are-bitcoin-slots-different\/#Frequently_Asked_Questions\" >Da\u017enai u\u017eduodami klausimai<\/a><ul class='ez-toc-list-level-3' ><li class='ez-toc-heading-level-3'><a class=\"ez-toc-link ez-toc-heading-14\" href=\"https:\/\/coinkickoff.com\/lt\/bitcoin-casino\/how-are-bitcoin-slots-different\/#What_advantages_do_Bitcoin_slots_offer_over_traditional_slot_machines\" >Koki\u0173 privalum\u0173 turi Bitcoin \u017eaidim\u0173 automatai, palyginti su tradiciniais \u017eaidim\u0173 automatais?<\/a><\/li><li class='ez-toc-page-1 ez-toc-heading-level-3'><a class=\"ez-toc-link ez-toc-heading-15\" href=\"https:\/\/coinkickoff.com\/lt\/bitcoin-casino\/how-are-bitcoin-slots-different\/#How_do_crypto-based_slot_games_ensure_fairness\" >Kaip kriptovaliutomis pagr\u012fsti lo\u0161imo automat\u0173 \u017eaidimai u\u017etikrina s\u0105\u017einingum\u0105?<\/a><\/li><li class='ez-toc-page-1 ez-toc-heading-level-3'><a class=\"ez-toc-link ez-toc-heading-16\" href=\"https:\/\/coinkickoff.com\/lt\/bitcoin-casino\/how-are-bitcoin-slots-different\/#Can_players_use_Bitcoin_on_all_online_slot_platforms\" >Ar \u017eaid\u0117jai gali naudoti Bitcoin visose internetin\u0117se lo\u0161imo automat\u0173 platformose?<\/a><\/li><li class='ez-toc-page-1 ez-toc-heading-level-3'><a class=\"ez-toc-link ez-toc-heading-17\" href=\"https:\/\/coinkickoff.com\/lt\/bitcoin-casino\/how-are-bitcoin-slots-different\/#What_are_the_legal_implications_of_using_Bitcoin_for_gambling\" >Kokios yra teisin\u0117s Bitcoin naudojimo azartiniams lo\u0161imams pasekm\u0117s?<\/a><\/li><li class='ez-toc-page-1 ez-toc-heading-level-3'><a class=\"ez-toc-link ez-toc-heading-18\" href=\"https:\/\/coinkickoff.com\/lt\/bitcoin-casino\/how-are-bitcoin-slots-different\/#Why_might_Bitcoin_slots_offer_more_privacy_than_regular_slots\" >Kod\u0117l Bitcoin lizdai gali suteikti daugiau privatumo nei \u012fprasti lizdai?<\/a><\/li><li class='ez-toc-page-1 ez-toc-heading-level-3'><a class=\"ez-toc-link ez-toc-heading-19\" href=\"https:\/\/coinkickoff.com\/lt\/bitcoin-casino\/how-are-bitcoin-slots-different\/#In_what_ways_can_the_payouts_differ_between_Bitcoin_slots_and_conventional_slots\" >Kuo gali skirtis Bitcoin lo\u0161imo automat\u0173 ir \u012fprast\u0173 lo\u0161imo automat\u0173 i\u0161mok\u0117jimai?<\/a><\/li><\/ul><\/li><\/ul><\/nav><\/div>\n<h2><span class=\"ez-toc-section\" id=\"Overview_of_Bitcoin_Slots\"><\/span>Bitcoin lizd\u0173 ap\u017evalga<span class=\"ez-toc-section-end\"><\/span><\/h2>\n<p><img decoding=\"async\" src=\"https:\/\/coinkickoff.com\/wp-content\/uploads\/v2-3dh2w-v0uhq.jpg\" alt=\"\"><\/p>\n<p><a href=\"https:\/\/coinkickoff.com\/lt\/bitcoin-casino\/how-to-play-crypto-slots\/\" data-internallinksmanager029f6b8e52c=\"205\" title=\"Kaip \u017eaisti kriptografinius \u017eaidim\u0173 automatus: J\u016bs\u0173 \u017eingsnis po \u017eingsnio vadovas\">Bitcoin lizdai<\/a> integruoti kriptovaliutos naudojim\u0105 la\u017eyboms ir sandoriams, taip suteikiant lo\u0161imo automat\u0173 \u017eaidimams \u0161iuolaiki\u0161k\u0105 atspalv\u012f.<\/p>\n<h3><span class=\"ez-toc-section\" id=\"Definition_of_Bitcoin_Slots\"><\/span>Bitcoin lizd\u0173 apibr\u0117\u017eimas<span class=\"ez-toc-section-end\"><\/span><\/h3>\n<p>Bitcoin lizdai - tai kazino lo\u0161imo automat\u0173 \u017eaidimai, kuri\u0173 valiuta yra Bitcoin. \u0160ie \u017eaidim\u0173 automatai yra internetin\u0117se platformose, kurios palaiko blok\u0173 grandin\u0117s technologij\u0105 ir yra skirtos b\u016btent kriptovaliutos naudotojams.<\/p>\n<h3><span class=\"ez-toc-section\" id=\"Primary_Characteristics\"><\/span>Pirmin\u0117s charakteristikos<span class=\"ez-toc-section-end\"><\/span><\/h3>\n<p><strong>Decentralizacija<\/strong>: Bitcoin \u017eaidim\u0173 automatai veikia decentralizuotame tinkle, nepriklausomame nuo tradicini\u0173 bank\u0173 sistem\u0173.<br \/>\n<strong>Privatumas<\/strong>: Vartotojai gali naudotis didesniu privatumu, nes asmeniniai duomenys nesusij\u0119 su sandoriais.<br \/>\n<strong>\u012etikinamai s\u0105\u017einingas<\/strong>: Juose naudojami \u012ftikinamai s\u0105\u017einingi algoritmai, leid\u017eiantys \u017eaid\u0117jams nepriklausomai patikrinti kiekvieno sukimo s\u0105\u017einingum\u0105.<br \/>\n<strong>Greiti sandoriai<\/strong>: D\u0117l blok\u0173 grandin\u0117s prigimties ind\u0117liai ir pinig\u0173 i\u0161\u0117mimai paprastai atliekami grei\u010diau nei tradicine valiuta.<br \/>\n<strong>I\u0161skirtin\u0117s premijos<\/strong>: Kai kurie Bitcoin \u017eaidim\u0173 automatai si\u016blo specialias premijas vartotojams, kurie \u017eaid\u017eia su cryptocurrency.<\/p>\n<h3><span class=\"ez-toc-section\" id=\"Comparison_with_Traditional_Slots\"><\/span>Palyginimas su tradiciniais \u017eaidim\u0173 automatais<span class=\"ez-toc-section-end\"><\/span><\/h3>\n<ul>\n<li><strong>Valiuta<\/strong>: Tradiciniai \u017eaidim\u0173 automatai naudoja fiat valiut\u0105, Bitcoin \u017eaidim\u0173 automatai naudoja kriptovaliut\u0105.<\/li>\n<li><strong>Mok\u0117jim\u0173 apdorojimas<\/strong>: Tradiciniai \u017eaidim\u0173 automatai remiasi standartiniais bankininkyst\u0117s metodais; Bitcoin \u017eaidim\u0173 automatai naudoja blok\u0173 grandin\u0119, kuri gali pad\u0117ti grei\u010diau apdoroti duomenis.<\/li>\n<li><strong>Reglamentas<\/strong>: Bitcoin \u017eaidim\u0173 automatai gali susidurti su skirtingais reglamentais d\u0117l decentralizuoto kriptovaliutos pob\u016bd\u017eio.<\/li>\n<\/ul>\n<h2><span class=\"ez-toc-section\" id=\"Operational_Mechanisms\"><\/span>Veiklos mechanizmai<span class=\"ez-toc-section-end\"><\/span><\/h2>\n<p><img decoding=\"async\" src=\"https:\/\/coinkickoff.com\/wp-content\/uploads\/v2-3dh39-38urg.jpg\" alt=\"\"><\/p>\n<p>Bitcoin \u017eaidim\u0173 automatai i\u0161skirtinai i\u0161naudoja kriptovaliut\u0173 technologinius prana\u0161umus, o \u012fprasti \u017eaidim\u0173 automatai tradici\u0161kai yra susieti su fiat valiutomis. \u0160ie veiklos skirtumai pabr\u0117\u017eia Bitcoin \u017eaidim\u0173 automat\u0173 unikalum\u0105 \u017eaidim\u0173 pramon\u0117je.<\/p>\n<h3><span class=\"ez-toc-section\" id=\"Underlying_Technology\"><\/span>Pagrindin\u0117 technologija<span class=\"ez-toc-section-end\"><\/span><\/h3>\n<p>Bitcoin lizdai veikia <strong>blok\u0173 grandin\u0117s technologija<\/strong>u\u017etikrinant skaidrum\u0105 ir nekintamum\u0105. Sandoriai \u0161iuose laiko tarpsniuose registruojami paskirstytame <a href=\"https:\/\/coinkickoff.com\/lt\/what-is-ledger-wallet\/\" data-internallinksmanager029f6b8e52c=\"167\" title=\"&quot;Ledger&quot; pinigin\u0117s ap\u017evalgos 2023: Mokes\u010diai, funkcijos, saugumas, privalumai ir tr\u016bkumai\">Did\u017eioji knyga<\/a>, visiems matomas, bet niekam nekei\u010diamas, o tai skatina didel\u012f pasitik\u0117jim\u0105. \u012eprastuose \u017eaidim\u0173 automatuose, prie\u0161ingai, naudojama priva\u010diuose serveriuose patalpinta \u017eaidim\u0173 programin\u0117 \u012franga, o \u017eaid\u0117jai turi pasikliauti kazino reputacija d\u0117l s\u0105\u017einingumo ir saugumo.<\/p>\n<h3><span class=\"ez-toc-section\" id=\"Random_Number_Generation\"><\/span>Atsitiktini\u0173 skai\u010di\u0173 generavimas<span class=\"ez-toc-section-end\"><\/span><\/h3>\n<p>Tiek Bitcoin, tiek \u012fprasti lizdai naudoja <strong>Atsitiktini\u0173 skai\u010di\u0173 generatoriai (RNG)<\/strong> kad kiekvieno sukimo rezultatas b\u016bt\u0173 atsitiktinis. Ta\u010diau Bitcoin \u017eaidim\u0173 automatai da\u017enai naudoja <strong>\u012frodomai s\u0105\u017einingi algoritmai<\/strong>kurie leid\u017eia \u017eaid\u0117jams nepriklausomai patikrinti kiekvieno rezultato atsitiktinum\u0105. Kitaip nei \u012fprastuose \u017eaidim\u0173 automatuose, kuriuose naudojami nuosavybiniai RNG, kuri\u0173 teisingum\u0105 tikrina nepriklausomos \u012fmon\u0117s.<\/p>\n<ul>\n<li><strong>\u012etikinamai s\u0105\u017einingas algoritmas<\/strong>: Kriptografinis metodas, u\u017etikrinantis \u017eaidimo s\u0105\u017einingum\u0105.<\/li>\n<li><strong>Patentuoti RNG<\/strong>: U\u017edaros sistemos, naudojamos \u012fprastuose laiko tarpsniuose, kurioms taikomas auditas.<\/li>\n<\/ul>\n<h3><span class=\"ez-toc-section\" id=\"Transaction_Process\"><\/span>Sandorio procesas<span class=\"ez-toc-section-end\"><\/span><\/h3>\n<p>Sandori\u0173 procesas Bitcoin lizduose yra gerokai kitoks, nes si\u016bloma <strong>neatid\u0117liotini tarpusavio sandoriai.<\/strong> kurie leid\u017eia \u017eaid\u0117jams \u012fmok\u0117ti ir i\u0161imti pinigus beveik akimirksniu.<\/p>\n<ul>\n<li><strong>Ind\u0117liai<\/strong>: Siun\u010diama tiesiai i\u0161 \u017eaid\u0117jo Bitcoin pinigin\u0117s \u012f kazino pinigin\u0119.<\/li>\n<li><strong>I\u0161\u0117mimai i\u0161 s\u0105skaitos<\/strong>: Pervedama atgal \u012f \u017eaid\u0117jo pinigin\u0119, da\u017enai be banko \u012fstaigos patvirtinimo.<\/li>\n<\/ul>\n<p>Kita vertus, \u012fprasti automatai yra susij\u0119 su bankais ar kitais finansiniais tarpininkais, kurie gali v\u0117luoti atlikti operacijas, o j\u0173 apdorojimas gali u\u017etrukti ir pareikalauti papildom\u0173 mokes\u010di\u0173.<\/p>\n<h2><span class=\"ez-toc-section\" id=\"User_Experience_and_Accessibility\"><\/span>Naudotojo patirtis ir prieinamumas<span class=\"ez-toc-section-end\"><\/span><\/h2>\n<p><img decoding=\"async\" src=\"https:\/\/coinkickoff.com\/wp-content\/uploads\/v2-3dh3q-bmbhr.jpg\" alt=\"\"><\/p>\n<p>Bitcoin \u017eaidim\u0173 automatai pakeit\u0117 naudotoj\u0173 s\u0105veik\u0105 ir prieinamum\u0105 internetiniuose \u017eaidimuose d\u0117l skirting\u0173 s\u0105saj\u0173, mok\u0117jimo b\u016bd\u0173 ir didesnio privatumo.<\/p>\n<h3><span class=\"ez-toc-section\" id=\"Interface_and_Design_Differences\"><\/span>S\u0105sajos ir dizaino skirtumai<span class=\"ez-toc-section-end\"><\/span><\/h3>\n<p>Bitcoin lizdai da\u017enai turi <strong>moderni ir intuityvi s\u0105saja<\/strong>, atsi\u017evelgiant \u012f \u017einiatinklio dizaino tendencijas. \u017daid\u0117jai gali susidurti su interaktyviais elementais, pvz:<\/p>\n<ul>\n<li>Pa\u017eangos sek\u0117jai premijoms.<\/li>\n<li>Realiuoju laiku <a href=\"https:\/\/coinkickoff.com\/lt\/crypto-exchanges\/\" data-internallinksmanager029f6b8e52c=\"141\" title=\"21 Geriausios kriptovaliut\u0173 keityklos ir programos 2024 m.\">cryptocurrency mainai<\/a> \u012fkainiai.<\/li>\n<\/ul>\n<p>\u012eprasti laiko tarpsniai paprastai <a href=\"https:\/\/coinkickoff.com\/lt\/uphold-review\/\" data-internallinksmanager029f6b8e52c=\"156\" title=\"Palaikyti Atsiliepimai 2023: Mokes\u010diai, funkcijos, saugumas, privalumai ir tr\u016bkumai\">palaikyti<\/a> a <strong>klasikinio dizaino etosas<\/strong>, su s\u0105sajomis, kuriose pirmenyb\u0117 teikiama \u017einomumui ir paprastumui, pvz., statiniais aukso puod\u0173 ekranais.<\/p>\n<h3><span class=\"ez-toc-section\" id=\"Payment_and_Withdrawal_Methods\"><\/span>Mok\u0117jimo ir i\u0161\u0117mimo b\u016bdai<span class=\"ez-toc-section-end\"><\/span><\/h3>\n<table>\n<thead>\n<tr>\n<th>Metodas<\/th>\n<th>Bitcoin lizdai<\/th>\n<th>\u012eprasti \u017eaidim\u0173 automatai<\/th>\n<\/tr>\n<\/thead>\n<tbody>\n<tr>\n<td>Ind\u0117liai<\/td>\n<td>Tiesiogiai i\u0161 kriptovaliut\u0173 pinigini\u0173, beveik akimirksniu.<\/td>\n<td>Banko kortel\u0117mis, e. pinigin\u0117mis arba banko pavedimais, kuri\u0173 apdorojimo laikas skiriasi.<\/td>\n<\/tr>\n<tr>\n<td>I\u0161\u0117mimai i\u0161 s\u0105skaitos<\/td>\n<td>Paprastai apdorojama per kelias minutes ar valandas.<\/td>\n<td>Tai gali u\u017etrukti kelias dienas, da\u017enai taikomos minimalios i\u0161\u0117mimo ribos.<\/td>\n<\/tr>\n<\/tbody>\n<\/table>\n<p>Bitcoin lizd\u0173 platformos paprastai si\u016blo <strong>sandoriai be trinties<\/strong> d\u0117l blok\u0173 grandin\u0117s technologijos pob\u016bd\u017eio.<\/p>\n<h3><span class=\"ez-toc-section\" id=\"Anonymity_and_Security\"><\/span>Anonimi\u0161kumas ir saugumas<span class=\"ez-toc-section-end\"><\/span><\/h3>\n<p>Bitcoin \u017eaidim\u0173 automat\u0173 \u017eaid\u0117jai gali m\u0117gautis didesniu <strong>anonimi\u0161kumas<\/strong>. Jie:<\/p>\n<ul>\n<li>nereikalaujama pateikti tiek daug asmenin\u0117s informacijos.<\/li>\n<li>Pasinaudokite blok\u0173 grandin\u0117s technologijai b\u016bdingomis saugumo savyb\u0117mis.<\/li>\n<\/ul>\n<p>Prie\u0161ingai, \u012fprasti laiko tarpsniai turi atitikti grie\u017etus <strong>reguliavimo ir tikrinimo procesai<\/strong>, tod\u0117l da\u017enai reikia pateikti i\u0161samius naudotoj\u0173 asmeninius duomenis.<\/p>\n<h2><span class=\"ez-toc-section\" id=\"Frequently_Asked_Questions\"><\/span>Da\u017enai u\u017eduodami klausimai<span class=\"ez-toc-section-end\"><\/span><\/h2>\n<p><img decoding=\"async\" src=\"https:\/\/coinkickoff.com\/wp-content\/uploads\/v2-3dh42-3zxyj.jpg\" alt=\"\"><\/p>\n<p>\u0160iame skyriuje aptariami da\u017eniausi klausimai, susij\u0119 su Bitcoin lo\u0161imo automat\u0173 ir tradicini\u0173 lo\u0161imo automat\u0173 skirtumais, daugiausia d\u0117mesio skiriant tokiems aspektams kaip privalumai, s\u0105\u017einingumas, prieinamumas, teisiniai aspektai, privatumas ir i\u0161mok\u0173 variantai.<\/p>\n<h3><span class=\"ez-toc-section\" id=\"What_advantages_do_Bitcoin_slots_offer_over_traditional_slot_machines\"><\/span>Koki\u0173 privalum\u0173 turi Bitcoin \u017eaidim\u0173 automatai, palyginti su tradiciniais \u017eaidim\u0173 automatais?<span class=\"ez-toc-section-end\"><\/span><\/h3>\n<p>Bitcoin lizdai paprastai suteikia naudotojams daugiau privatumo, nes atliekant operacijas ne visada reikia pateikti asmenin\u0119 informacij\u0105. Jie taip pat u\u017etikrina greitesn\u012f sandori\u0173 atlikimo laik\u0105, palyginti su tradiciniais bankininkyst\u0117s metodais, nes Bitcoin sandoriai gali b\u016bti greitai apdorojami be centrin\u0117s institucijos.<\/p>\n<h3><span class=\"ez-toc-section\" id=\"How_do_crypto-based_slot_games_ensure_fairness\"><\/span>Kaip kriptovaliutomis pagr\u012fsti lo\u0161imo automat\u0173 \u017eaidimai u\u017etikrina s\u0105\u017einingum\u0105?<span class=\"ez-toc-section-end\"><\/span><\/h3>\n<p>Kriptovaliutomis pagr\u012fstuose lo\u0161imo automat\u0173 \u017eaidimuose da\u017enai naudojami \u012ftikinamai s\u0105\u017einingi algoritmai, leid\u017eiantys \u017eaid\u0117jams nepriklausomai patikrinti kiekvieno sukimo s\u0105\u017einingum\u0105. \u0160i sistema u\u017etikrina skaidrum\u0105 naudodama kriptografinius metodus, kad parodyt\u0173, jog \u017eaidimo rezultatais nebuvo manipuliuojama.<\/p>\n<h3><span class=\"ez-toc-section\" id=\"Can_players_use_Bitcoin_on_all_online_slot_platforms\"><\/span>Ar \u017eaid\u0117jai gali naudoti Bitcoin visose internetin\u0117se lo\u0161imo automat\u0173 platformose?<span class=\"ez-toc-section-end\"><\/span><\/h3>\n<p>Ne visos internetini\u0173 lo\u0161imo automat\u0173 platformos priima Bitcoin. Nors platform\u0173, palaikan\u010di\u0173 kriptovaliutas, vis daug\u0117ja, \u017eaid\u0117jai turi patikrinti kiekvienos svetain\u0117s mok\u0117jimo galimybes, kad nustatyt\u0173, ar Bitcoin yra priimamas.<\/p>\n<h3><span class=\"ez-toc-section\" id=\"What_are_the_legal_implications_of_using_Bitcoin_for_gambling\"><\/span>Kokios yra teisin\u0117s Bitcoin naudojimo azartiniams lo\u0161imams pasekm\u0117s?<span class=\"ez-toc-section-end\"><\/span><\/h3>\n<p>Bitcoin naudojimo azartiniams lo\u0161imams teisin\u0117s pasekm\u0117s priklauso nuo jurisdikcijos. \u017daid\u0117jai yra atsakingi u\u017e tai, kad suprast\u0173 ir laikyt\u0173si vietos \u012fstatym\u0173, susijusi\u0173 su internetiniais lo\u0161imais ir kriptovaliutos naudojimu.<\/p>\n<h3><span class=\"ez-toc-section\" id=\"Why_might_Bitcoin_slots_offer_more_privacy_than_regular_slots\"><\/span>Kod\u0117l Bitcoin lizdai gali suteikti daugiau privatumo nei \u012fprasti lizdai?<span class=\"ez-toc-section-end\"><\/span><\/h3>\n<p>Bitcoin \u017eaidim\u0173 automatai gali suteikti daugiau privatumo, nes atliekant Bitcoin operacijas neb\u016btinai reikia dalytis asmenine banko informacija. Tod\u0117l \u017eaid\u0117jai gali lo\u0161ti, o finans\u0173 \u012fstaigos negali lengvai atsekti j\u0173 veiklos.<\/p>\n<h3><span class=\"ez-toc-section\" id=\"In_what_ways_can_the_payouts_differ_between_Bitcoin_slots_and_conventional_slots\"><\/span>Kuo gali skirtis Bitcoin lo\u0161imo automat\u0173 ir \u012fprast\u0173 lo\u0161imo automat\u0173 i\u0161mok\u0117jimai?<span class=\"ez-toc-section-end\"><\/span><\/h3>\n<p>I\u0161mokos Bitcoin \u017eaidim\u0173 automatuose gali b\u016bti reik\u0161mingesn\u0117s d\u0117l potencialiai ma\u017eesni\u0173 kriptovaliut\u0173 operacij\u0173 s\u0105naud\u0173. Be to, kai kurie Bitcoin \u017eaidim\u0173 automatai si\u016blo unikalius aukso puodus, i\u0161mokamus kriptovaliuta, kurios vert\u0117 gali svyruoti, kartais padidindama i\u0161mokos vert\u0119 fiat valiuta.<\/p>","protected":false},"excerpt":{"rendered":"<p>Atsakomyb\u0117s apribojimas: lo\u0161imas susij\u0119s su didele finansine rizika. Pra\u0161ome lo\u0161ti tik tais pinigais, kuriuos galite sau leisti prarasti. Toliau pateikta informacija yra tik informacinio pob\u016bd\u017eio. Mums gali b\u016bti mokami komisiniai, jei u\u017esiregistruosite ir pralo\u0161ite pinigus bet kuriame i\u0161 \u0161i\u0173 kazino. Ne visi kazino prieinami visose \u0161alyse. Visa informacija, kuri\u0105 pateikiame, yra [...]<\/p>","protected":false},"author":1,"featured_media":4631,"parent":4440,"menu_order":0,"comment_status":"closed","ping_status":"closed","template":"","meta":{"_genesis_hide_title":false,"_genesis_hide_breadcrumbs":false,"_genesis_hide_singular_image":false,"_genesis_hide_footer_widgets":false,"_genesis_custom_body_class":"","_genesis_custom_post_class":"","_genesis_layout":"","_glsr_average":0,"_glsr_ranking":0,"_glsr_reviews":0,"footnotes":""},"class_list":{"0":"post-4628","1":"page","2":"type-page","3":"status-publish","4":"has-post-thumbnail","6":"entry"},"featured_image_src":"https:\/\/coinkickoff.com\/wp-content\/uploads\/v2-3dh3q-bmbhr-600x400.jpg","featured_image_src_square":"https:\/\/coinkickoff.com\/wp-content\/uploads\/v2-3dh3q-bmbhr-600x600.jpg","_links":{"self":[{"href":"https:\/\/coinkickoff.com\/lt\/wp-json\/wp\/v2\/pages\/4628","targetHints":{"allow":["GET"]}}],"collection":[{"href":"https:\/\/coinkickoff.com\/lt\/wp-json\/wp\/v2\/pages"}],"about":[{"href":"https:\/\/coinkickoff.com\/lt\/wp-json\/wp\/v2\/types\/page"}],"author":[{"embeddable":true,"href":"https:\/\/coinkickoff.com\/lt\/wp-json\/wp\/v2\/users\/1"}],"replies":[{"embeddable":true,"href":"https:\/\/coinkickoff.com\/lt\/wp-json\/wp\/v2\/comments?post=4628"}],"version-history":[{"count":3,"href":"https:\/\/coinkickoff.com\/lt\/wp-json\/wp\/v2\/pages\/4628\/revisions"}],"predecessor-version":[{"id":4635,"href":"https:\/\/coinkickoff.com\/lt\/wp-json\/wp\/v2\/pages\/4628\/revisions\/4635"}],"up":[{"embeddable":true,"href":"https:\/\/coinkickoff.com\/lt\/wp-json\/wp\/v2\/pages\/4440"}],"wp:featuredmedia":[{"embeddable":true,"href":"https:\/\/coinkickoff.com\/lt\/wp-json\/wp\/v2\/media\/4631"}],"wp:attachment":[{"href":"https:\/\/coinkickoff.com\/lt\/wp-json\/wp\/v2\/media?parent=4628"}],"curies":[{"name":"wp","href":"https:\/\/api.w.org\/{rel}","templated":true}]}}