{"id":4605,"date":"2026-01-08T14:07:58","date_gmt":"2026-01-08T14:07:58","guid":{"rendered":"https:\/\/coinkickoff.com\/?page_id=4605"},"modified":"2026-01-08T14:07:58","modified_gmt":"2026-01-08T14:07:58","slug":"how-is-bitcoin-poker-different","status":"publish","type":"page","link":"https:\/\/coinkickoff.com\/lt\/bitcoin-casino\/how-is-bitcoin-poker-different\/","title":{"rendered":"Kuo Bitcoin pokeris skiriasi nuo internetinio pokerio?"},"content":{"rendered":"<p><em>Atsakomyb\u0117s apribojimas: lo\u0161imas susij\u0119s su didele finansine rizika. Pra\u0161ome lo\u0161ti tik tais pinigais, kuriuos galite sau leisti prarasti. Toliau pateikta informacija yra tik informacinio pob\u016bd\u017eio. Mums gali b\u016bti mokami komisiniai, jei u\u017esiregistruosite ir pralo\u0161ite pinigus bet kuriame i\u0161 \u0161i\u0173 lo\u0161im\u0173 <a href=\"https:\/\/coinkickoff.com\/lt\/bitcoin-casino\/\" data-internallinksmanager029f6b8e52c=\"200\" title=\"3 geriausi Bitcoin kriptovaliut\u0173 kazino su premijomis\">kazino<\/a>. Ne visi kazino yra prieinami visose \u0161alyse. Manome, kad visa informacija buvo teisinga jos paskelbimo metu, ta\u010diau v\u0117liau ji gal\u0117jo pasikeisti.<\/em><\/p>\n<div id=\"ez-toc-container\" class=\"ez-toc-v2_0_80 counter-hierarchy ez-toc-counter ez-toc-transparent ez-toc-container-direction\">\n<div class=\"ez-toc-title-container\">\n<p class=\"ez-toc-title\" style=\"cursor:inherit\">Skyriai<\/p>\n<span class=\"ez-toc-title-toggle\"><a href=\"#\" class=\"ez-toc-pull-right ez-toc-btn ez-toc-btn-xs ez-toc-btn-default ez-toc-toggle\" aria-label=\"Perjungti turinio lentel\u0119\"><span class=\"ez-toc-js-icon-con\"><span class=\"\"><span class=\"eztoc-hide\" style=\"display:none;\">Perjungti<\/span><span class=\"ez-toc-icon-toggle-span\"><svg style=\"fill: #999;color:#999\" xmlns=\"http:\/\/www.w3.org\/2000\/svg\" class=\"list-377408\" width=\"20px\" height=\"20px\" viewbox=\"0 0 24 24\" fill=\"none\"><path d=\"M6 6H4v2h2V6zm14 0H8v2h12V6zM4 11h2v2H4v-2zm16 0H8v2h12v-2zM4 16h2v2H4v-2zm16 0H8v2h12v-2z\" fill=\"currentColor\"><\/path><\/svg><svg style=\"fill: #999;color:#999\" class=\"arrow-unsorted-368013\" xmlns=\"http:\/\/www.w3.org\/2000\/svg\" width=\"10px\" height=\"10px\" viewbox=\"0 0 24 24\" version=\"1.2\" baseprofile=\"tiny\"><path d=\"M18.2 9.3l-6.2-6.3-6.2 6.3c-.2.2-.3.4-.3.7s.1.5.3.7c.2.2.4.3.7.3h11c.3 0 .5-.1.7-.3.2-.2.3-.5.3-.7s-.1-.5-.3-.7zM5.8 14.7l6.2 6.3 6.2-6.3c.2-.2.3-.5.3-.7s-.1-.5-.3-.7c-.2-.2-.4-.3-.7-.3h-11c-.3 0-.5.1-.7.3-.2.2-.3.5-.3.7s.1.5.3.7z\"\/><\/svg><\/span><\/span><\/span><\/a><\/span><\/div>\n<nav><ul class='ez-toc-list ez-toc-list-level-1 eztoc-toggle-hide-by-default' ><li class='ez-toc-page-1 ez-toc-heading-level-2'><a class=\"ez-toc-link ez-toc-heading-1\" href=\"https:\/\/coinkickoff.com\/lt\/bitcoin-casino\/how-is-bitcoin-poker-different\/#Understanding_Bitcoin_Poker\" >Bitcoin pokerio supratimas<\/a><ul class='ez-toc-list-level-3' ><li class='ez-toc-heading-level-3'><a class=\"ez-toc-link ez-toc-heading-2\" href=\"https:\/\/coinkickoff.com\/lt\/bitcoin-casino\/how-is-bitcoin-poker-different\/#Definition_and_Concept_of_Bitcoin_Poker\" >Bitcoin pokerio apibr\u0117\u017eimas ir s\u0105voka<\/a><\/li><li class='ez-toc-page-1 ez-toc-heading-level-3'><a class=\"ez-toc-link ez-toc-heading-3\" href=\"https:\/\/coinkickoff.com\/lt\/bitcoin-casino\/how-is-bitcoin-poker-different\/#Key_Differences_Between_Bitcoin_Poker_and_Online_Poker\" >Pagrindiniai Bitcoin pokerio ir internetinio pokerio skirtumai<\/a><\/li><li class='ez-toc-page-1 ez-toc-heading-level-3'><a class=\"ez-toc-link ez-toc-heading-4\" href=\"https:\/\/coinkickoff.com\/lt\/bitcoin-casino\/how-is-bitcoin-poker-different\/#The_Role_of_Cryptocurrency_in_Poker\" >Kriptovaliut\u0173 vaidmuo pokeryje<\/a><\/li><\/ul><\/li><li class='ez-toc-page-1 ez-toc-heading-level-2'><a class=\"ez-toc-link ez-toc-heading-5\" href=\"https:\/\/coinkickoff.com\/lt\/bitcoin-casino\/how-is-bitcoin-poker-different\/#The_Gameplay_Experience\" >\u017daidimo patirtis<\/a><ul class='ez-toc-list-level-3' ><li class='ez-toc-heading-level-3'><a class=\"ez-toc-link ez-toc-heading-6\" href=\"https:\/\/coinkickoff.com\/lt\/bitcoin-casino\/how-is-bitcoin-poker-different\/#Account_Funding_and_Withdrawals\" >S\u0105skaitos finansavimas ir l\u0117\u0161\u0173 i\u0161\u0117mimas<\/a><\/li><li class='ez-toc-page-1 ez-toc-heading-level-3'><a class=\"ez-toc-link ez-toc-heading-7\" href=\"https:\/\/coinkickoff.com\/lt\/bitcoin-casino\/how-is-bitcoin-poker-different\/#Anonymity_and_Security_Features\" >Anonimi\u0161kumo ir saugumo funkcijos<\/a><\/li><li class='ez-toc-page-1 ez-toc-heading-level-3'><a class=\"ez-toc-link ez-toc-heading-8\" href=\"https:\/\/coinkickoff.com\/lt\/bitcoin-casino\/how-is-bitcoin-poker-different\/#Poker_Variants_and_Software_Differences\" >Pokerio variantai ir programin\u0117s \u012frangos skirtumai<\/a><\/li><\/ul><\/li><li class='ez-toc-page-1 ez-toc-heading-level-2'><a class=\"ez-toc-link ez-toc-heading-9\" href=\"https:\/\/coinkickoff.com\/lt\/bitcoin-casino\/how-is-bitcoin-poker-different\/#Regulatory_and_Legal_Landscape\" >Reguliavimo ir teisin\u0117 aplinka<\/a><ul class='ez-toc-list-level-3' ><li class='ez-toc-heading-level-3'><a class=\"ez-toc-link ez-toc-heading-10\" href=\"https:\/\/coinkickoff.com\/lt\/bitcoin-casino\/how-is-bitcoin-poker-different\/#Jurisdictional_Variations_in_Bitcoin_Poker\" >Bitcoin pokerio jurisdikcijos skirtumai<\/a><\/li><li class='ez-toc-page-1 ez-toc-heading-level-3'><a class=\"ez-toc-link ez-toc-heading-11\" href=\"https:\/\/coinkickoff.com\/lt\/bitcoin-casino\/how-is-bitcoin-poker-different\/#Legal_Implications_for_Players_and_Operators\" >Teisin\u0117s pasekm\u0117s \u017eaid\u0117jams ir operatoriams<\/a><\/li><li class='ez-toc-page-1 ez-toc-heading-level-3'><a class=\"ez-toc-link ez-toc-heading-12\" href=\"https:\/\/coinkickoff.com\/lt\/bitcoin-casino\/how-is-bitcoin-poker-different\/#Compliance_and_Fair_Play_Standards\" >Atitiktis ir s\u0105\u017einingo \u017eaidimo standartai<\/a><\/li><\/ul><\/li><li class='ez-toc-page-1 ez-toc-heading-level-2'><a class=\"ez-toc-link ez-toc-heading-13\" href=\"https:\/\/coinkickoff.com\/lt\/bitcoin-casino\/how-is-bitcoin-poker-different\/#Frequently_Asked_Questions\" >Da\u017enai u\u017eduodami klausimai<\/a><ul class='ez-toc-list-level-3' ><li class='ez-toc-heading-level-3'><a class=\"ez-toc-link ez-toc-heading-14\" href=\"https:\/\/coinkickoff.com\/lt\/bitcoin-casino\/how-is-bitcoin-poker-different\/#What_are_the_advantages_of_playing_poker_using_Bitcoin\" >Kokie yra pokerio \u017eaidimo naudojant Bitcoin privalumai?<\/a><\/li><li class='ez-toc-page-1 ez-toc-heading-level-3'><a class=\"ez-toc-link ez-toc-heading-15\" href=\"https:\/\/coinkickoff.com\/lt\/bitcoin-casino\/how-is-bitcoin-poker-different\/#Can_Bitcoin_transactions_affect_the_speed_of_online_poker_play\" >Ar Bitcoin sandoriai gali tur\u0117ti \u012ftakos internetinio pokerio \u017eaidimo grei\u010diui?<\/a><\/li><li class='ez-toc-page-1 ez-toc-heading-level-3'><a class=\"ez-toc-link ez-toc-heading-16\" href=\"https:\/\/coinkickoff.com\/lt\/bitcoin-casino\/how-is-bitcoin-poker-different\/#Are_there_any_legal_differences_in_playing_poker_with_Bitcoin_versus_traditional_currencies\" >Ar yra koki\u0173 nors teisini\u0173 skirtum\u0173 \u017eaid\u017eiant poker\u012f su Bitcoin ir tradicin\u0117mis valiutomis?<\/a><\/li><li class='ez-toc-page-1 ez-toc-heading-level-3'><a class=\"ez-toc-link ez-toc-heading-17\" href=\"https:\/\/coinkickoff.com\/lt\/bitcoin-casino\/how-is-bitcoin-poker-different\/#How_does_provable_fairness_in_Bitcoin_poker_compare_to_regular_online_poker_games\" >Kaip \u012frodomas s\u0105\u017einingumas Bitcoin pokerio \u017eaidime lyginamas su \u012fprastais internetiniais pokerio \u017eaidimais?<\/a><\/li><li class='ez-toc-page-1 ez-toc-heading-level-3'><a class=\"ez-toc-link ez-toc-heading-18\" href=\"https:\/\/coinkickoff.com\/lt\/bitcoin-casino\/how-is-bitcoin-poker-different\/#Does_the_use_of_Bitcoin_offer_more_anonymity_in_online_poker\" >Ar naudojant Bitcoin u\u017etikrinamas didesnis anonimi\u0161kumas internetiniame pokeryje?<\/a><\/li><li class='ez-toc-page-1 ez-toc-heading-level-3'><a class=\"ez-toc-link ez-toc-heading-19\" href=\"https:\/\/coinkickoff.com\/lt\/bitcoin-casino\/how-is-bitcoin-poker-different\/#What_impact_does_cryptocurrency_volatility_have_on_Bitcoin_poker_stakes\" >Koki\u0105 \u012ftak\u0105 kriptovaliut\u0173 svyravimai daro Bitcoin pokerio statymams?<\/a><\/li><\/ul><\/li><\/ul><\/nav><\/div>\n<h2><span class=\"ez-toc-section\" id=\"Understanding_Bitcoin_Poker\"><\/span>Bitcoin pokerio supratimas<span class=\"ez-toc-section-end\"><\/span><\/h2>\n<p><img decoding=\"async\" src=\"https:\/\/coinkickoff.com\/wp-content\/uploads\/v2-3dh0j-a3sgg.jpg\" alt=\"\"><\/p>\n<p><a href=\"https:\/\/coinkickoff.com\/lt\/bitcoin-casino\/how-to-play-crypto-poker\/\" data-internallinksmanager029f6b8e52c=\"203\" title=\"Kaip \u017eaisti kriptovaliut\u0173 poker\u012f: Kaip i\u0161mokti Bitcoin la\u017eybas?\">Bitcoin pokeris<\/a> klasikin\u012f pokerio \u017eaidim\u0105 sujungia su modernia blok\u0173 grandin\u0117s technologija ir si\u016blo unikalius privalumus, pavyzd\u017eiui, didesn\u012f privatum\u0105 ir greitesnius sandorius.<\/p>\n<h3><span class=\"ez-toc-section\" id=\"Definition_and_Concept_of_Bitcoin_Poker\"><\/span>Bitcoin pokerio apibr\u0117\u017eimas ir s\u0105voka<span class=\"ez-toc-section-end\"><\/span><\/h3>\n<p>Bitcoin pokeris - tai internetinio pokerio versija, kurioje Bitcoin naudojamas kaip valiuta \u012fmokoms, statymams ir pinig\u0173 i\u0161\u0117mimui. Skirtingai nuo tradicini\u0173 internetinio pokerio \u017eaidim\u0173, kuriuose naudojama fiat valiuta, \"Bitcoin Poker\" veikia su skaitmenine valiuta, pasinaudodamas blok\u0173 grandin\u0117s technologijos decentralizacijos ir lygiaverti\u0161kumo aspektu.<\/p>\n<h3><span class=\"ez-toc-section\" id=\"Key_Differences_Between_Bitcoin_Poker_and_Online_Poker\"><\/span>Pagrindiniai Bitcoin pokerio ir internetinio pokerio skirtumai<span class=\"ez-toc-section-end\"><\/span><\/h3>\n<p><strong>Anonimi\u0161kumas:<\/strong> Vienas i\u0161 pagrindini\u0173 skirtum\u0173 - Bitcoin suteikiamas anonimi\u0161kumo lygis. Tradicin\u0117se internetinio pokerio svetain\u0117se da\u017enai reikalaujama pateikti asmenin\u0119 finansin\u0119 informacij\u0105, o Bitcoin pokerio svetain\u0117se vartotojai gali \u017eaisti palyginti anonimi\u0161kai.<\/p>\n<p><strong>Sandorio greitis:<\/strong> Bitcoin sandoriai gali b\u016bti gerokai greitesni nei fiat sandoriai, tod\u0117l \u017eaid\u0117jai gali grei\u010diau \u012fne\u0161ti ir i\u0161imti l\u0117\u0161as.<\/p>\n<p><strong>Turinio skirtumai:<\/strong><\/p>\n<table>\n<thead>\n<tr>\n<th>Funkcija<\/th>\n<th>Bitcoin pokeris<\/th>\n<th>Internetinis pokeris<\/th>\n<\/tr>\n<\/thead>\n<tbody>\n<tr>\n<td>Valiutos tipas<\/td>\n<td>Kriptovaliuta (Bitcoin)<\/td>\n<td>Fiat valiuta (USD, EUR, <a href=\"https:\/\/coinkickoff.com\/lt\/ethereum-classic-etc\/\" data-internallinksmanager029f6b8e52c=\"29\" title=\"Kas yra Ethereum Classic (ETC), kaip jis veikia ir kur j\u012f \u012fsigyti?\">ir t. t.<\/a>.)<\/td>\n<\/tr>\n<tr>\n<td>Anonimi\u0161kumo lygis<\/td>\n<td>Auk\u0161tas<\/td>\n<td>Nuo vidutinio iki ma\u017eo<\/td>\n<\/tr>\n<tr>\n<td>Sandorio greitis<\/td>\n<td>Greitai (nuo keli\u0173 minu\u010di\u0173 iki keli\u0173 valand\u0173)<\/td>\n<td>Kintama (nuo keli\u0173 valand\u0173 iki keli\u0173 dien\u0173)<\/td>\n<\/tr>\n<tr>\n<td>Finansin\u0117s informacijos reikalavimas<\/td>\n<td>Minimalus<\/td>\n<td>Da\u017enai platus<\/td>\n<\/tr>\n<\/tbody>\n<\/table>\n<h3><span class=\"ez-toc-section\" id=\"The_Role_of_Cryptocurrency_in_Poker\"><\/span>Kriptovaliut\u0173 vaidmuo pokeryje<span class=\"ez-toc-section-end\"><\/span><\/h3>\n<p>Tokios kriptovaliutos kaip Bitcoin pakeit\u0117 internetinio pokerio kra\u0161tovaizd\u012f, nes suteik\u0117 alternatyvi\u0105 galimyb\u0119 vykdyti sandorius. Jos si\u016blo decentralizuot\u0105 pokerio ekonomik\u0105, perkelia kontrol\u0119 nuo centrin\u0117s vald\u017eios ir prisideda prie pasaulin\u0117s pokerio bendruomen\u0117s, kuriai negalioja tradicin\u0117s bank\u0173 taisykl\u0117s, k\u016brimo.<\/p>\n<h2><span class=\"ez-toc-section\" id=\"The_Gameplay_Experience\"><\/span>\u017daidimo patirtis<span class=\"ez-toc-section-end\"><\/span><\/h2>\n<p><img decoding=\"async\" src=\"https:\/\/coinkickoff.com\/wp-content\/uploads\/v2-3dh10-d5088.jpg\" alt=\"\"><\/p>\n<p>Nors pagrindinis pokerio \u017eaidimas i\u0161lieka pana\u0161us, Bitcoin pokeris, palyginti su tradiciniu internetiniu pokeriu, si\u016blo kitoki\u0105 paskyros valdymo, privatumo ir programin\u0117s \u012frangos parink\u010di\u0173 patirt\u012f.<\/p>\n<h3><span class=\"ez-toc-section\" id=\"Account_Funding_and_Withdrawals\"><\/span>S\u0105skaitos finansavimas ir l\u0117\u0161\u0173 i\u0161\u0117mimas<span class=\"ez-toc-section-end\"><\/span><\/h3>\n<ul>\n<li><strong>Bitcoin Sandoriai<\/strong>: \u017daid\u0117jai finansuoja savo s\u0105skaitas ir atsiima <a href=\"https:\/\/coinkickoff.com\/lt\/bitcoin-casino\/cash-in-bitcoin-casino-winnings\/\" data-internallinksmanager029f6b8e52c=\"211\" title=\"Kaip i\u0161gryninti Bitcoin kazino laim\u0117jimus: \u017dingsnis po \u017eingsnio vadovas\">laim\u0117jimai<\/a> naudodami Bitcoin, da\u017enai d\u0117l decentralizuotos kriptovaliutos prigimties grei\u010diau atlieka sandorius.<\/li>\n<li><strong>Valiut\u0173 svyravimai<\/strong>: Bitcoin vert\u0117 gali b\u016bti nepastovi, o tai rei\u0161kia, kad \u017eaid\u0117j\u0173 bankrot\u0173 vert\u0117 gali svyruoti nepriklausomai nuo j\u0173 pokerio rezultat\u0173.<\/li>\n<\/ul>\n<h3><span class=\"ez-toc-section\" id=\"Anonymity_and_Security_Features\"><\/span>Anonimi\u0161kumo ir saugumo funkcijos<span class=\"ez-toc-section-end\"><\/span><\/h3>\n<ul>\n<li><strong>Privatumas<\/strong>: Bitcoin pokerio platformos gali u\u017etikrinti didesn\u012f anonimi\u0161kum\u0105, nes asmenin\u0117s finansin\u0117s informacijos nereikalaujama taip, kaip fiat valiutos svetain\u0117se.<\/li>\n<li><strong>Saugumo priemon\u0117s<\/strong>: Sandoriai apsaugomi naudojant blok\u0173 grandin\u0117s technologij\u0105, kuri u\u017etikrina skaidr\u0173 ir patikim\u0105 vis\u0173 pervedim\u0173 \u012fra\u0161\u0105.<\/li>\n<\/ul>\n<h3><span class=\"ez-toc-section\" id=\"Poker_Variants_and_Software_Differences\"><\/span>Pokerio variantai ir programin\u0117s \u012frangos skirtumai<span class=\"ez-toc-section-end\"><\/span><\/h3>\n<ul>\n<li><strong>\u017daidim\u0173 \u012fvairov\u0117<\/strong>: Kai kuriose Bitcoin pokerio svetain\u0117se gali b\u016bti si\u016blomi unikal\u016bs pokerio variantai, kuri\u0173 n\u0117ra tradicin\u0117se platformose.<\/li>\n<li><strong>Programin\u0117s \u012frangos s\u0105sajos<\/strong>: S\u0105saja ir naudotojo patirtis gali skirtis, kartais si\u016blomi pa\u017eangesni statistiniai \u012frankiai, skirti specialiai kriptovaliut\u0173 naudotojams.<\/li>\n<\/ul>\n<h2><span class=\"ez-toc-section\" id=\"Regulatory_and_Legal_Landscape\"><\/span>Reguliavimo ir teisin\u0117 aplinka<span class=\"ez-toc-section-end\"><\/span><\/h2>\n<p><img decoding=\"async\" src=\"https:\/\/coinkickoff.com\/wp-content\/uploads\/v2-3dh1d-kf9ye.jpg\" alt=\"\"><\/p>\n<p>Bitcoin pokerio reguliavimo ir teisiniai aspektai visame pasaulyje labai skiriasi ir turi skirtingas pasekmes tiek \u017eaid\u0117jams, tiek operatoriams, nes taikomi grie\u017eti atitikties ir s\u0105\u017einingo \u017eaidimo standartai.<\/p>\n<h3><span class=\"ez-toc-section\" id=\"Jurisdictional_Variations_in_Bitcoin_Poker\"><\/span>Bitcoin pokerio jurisdikcijos skirtumai<span class=\"ez-toc-section-end\"><\/span><\/h3>\n<p>Skirtingose \u0161alyse galioja skirtingos taisykl\u0117s d\u0117l kriptovaliut\u0173, pavyzd\u017eiui, Bitcoin, naudojimo azartiniams lo\u0161imams. Kai kuriose \u0161alyse tai visi\u0161kai priimta, nustatant ai\u0161kias taisykles, o kitose veikia pilkojoje zonoje arba yra visi\u0161ki draudimai. Pavyzd\u017eiui:<\/p>\n<ul>\n<li><strong>Jungtin\u0117s Amerikos Valstijos:<\/strong> Priklausomai nuo valstijos, kai kuriose valstijose leid\u017eiama \u017eaisti Bitcoin poker\u012f, o kitose apskritai neleid\u017eiama lo\u0161ti internete.<\/li>\n<li><strong>Jungtin\u0117 Karalyst\u0117:<\/strong> Visi\u0161kai reguliuojama, taikomos konkre\u010dios kriptovaliut\u0173 naudojimo gair\u0117s.<\/li>\n<li><strong>Kinija:<\/strong> Internetiniai lo\u0161imai, \u012fskaitant Bitcoin poker\u012f, yra neteis\u0117ti.<\/li>\n<\/ul>\n<h3><span class=\"ez-toc-section\" id=\"Legal_Implications_for_Players_and_Operators\"><\/span>Teisin\u0117s pasekm\u0117s \u017eaid\u0117jams ir operatoriams<span class=\"ez-toc-section-end\"><\/span><\/h3>\n<p><strong>\u017daid\u0117jai<\/strong> turi \u017einoti savo \u0161alies \u012fstatymus, susijusius su kriptovaliuta ir internetiniais lo\u0161imais, kad i\u0161vengt\u0173 teisin\u0117s rizikos. U\u017e pa\u017eeidimus gali b\u016bti taikomos \u012fvairios sankcijos - nuo baud\u0173 iki baud\u017eiamojo persekiojimo.<\/p>\n<p><strong>Operatoriai<\/strong> i\u0161 Bitcoin pokerio svetain\u0117s privalo laikytis licencijavimo reikalavim\u0173, kovos su pinig\u0173 plovimu (AML) proced\u016br\u0173 ir \"pa\u017eink savo klient\u0105\" (KYC) politikos.<\/p>\n<ul>\n<li><strong>Licencijavimo reikalavimai:<\/strong> Privalo gauti tinkamas licencijas, kai internetiniai lo\u0161imai yra reguliuojami.<\/li>\n<li><strong>AML proced\u016bros:<\/strong> tur\u0117t\u0173 \u012fdiegti sistemas, skirtas u\u017ekirsti keli\u0105 finansiniams nusikaltimams.<\/li>\n<li><strong>KYC politika:<\/strong> Turi patikrinti savo klient\u0173 tapatyb\u0119.<\/li>\n<\/ul>\n<h3><span class=\"ez-toc-section\" id=\"Compliance_and_Fair_Play_Standards\"><\/span>Atitiktis ir s\u0105\u017einingo \u017eaidimo standartai<span class=\"ez-toc-section-end\"><\/span><\/h3>\n<p>Operatoriai privalo laikytis standart\u0173, kuriais u\u017etikrinamas s\u0105\u017einingumas ir saugumas.<\/p>\n<ul>\n<li><strong>RNG sertifikavimas:<\/strong> Atsitiktini\u0173 skai\u010di\u0173 generatoriai turi b\u016bti sertifikuoti nepriklausom\u0173 \u012fstaig\u0173.<\/li>\n<li><strong>Saugumo protokolai:<\/strong> SSL \u0161ifravimo ir kit\u0173 kibernetinio saugumo priemoni\u0173 diegimas.<\/li>\n<li><strong>\u012etikinamai s\u0105\u017einingos sistemos:<\/strong> Unikali Bitcoin \u017eaidim\u0173 sistema, leid\u017eianti \u017eaid\u0117jams patikrinti kiekvieno padalijimo s\u0105\u017einingum\u0105.<\/li>\n<\/ul>\n<h2><span class=\"ez-toc-section\" id=\"Frequently_Asked_Questions\"><\/span>Da\u017enai u\u017eduodami klausimai<span class=\"ez-toc-section-end\"><\/span><\/h2>\n<p><img decoding=\"async\" src=\"https:\/\/coinkickoff.com\/wp-content\/uploads\/v2-3dh1y-p4uhr.jpg\" alt=\"\"><\/p>\n<p>Atsakydami \u012f da\u017eniausiai u\u017eduodamus klausimus, \u0161iame skyriuje apra\u0161ome Bitcoin pokerio ir standartinio internetinio pokerio skirtumus, susijusius su privalumais, grei\u010diu, teis\u0117tumu, s\u0105\u017einingumu, anonimi\u0161kumu ir kriptovaliut\u0173 svyravim\u0173 poveikiu.<\/p>\n<h3><span class=\"ez-toc-section\" id=\"What_are_the_advantages_of_playing_poker_using_Bitcoin\"><\/span>Kokie yra pokerio \u017eaidimo naudojant Bitcoin privalumai?<span class=\"ez-toc-section-end\"><\/span><\/h3>\n<p>\u017daid\u0117jai, pokerio \u017eaidimui naudojantys Bitcoin, gali naudotis greitesniu operacij\u0173 atlikimo laiku, ma\u017eesniais apdorojimo mokes\u010diais ir galimybe \u017eaisti i\u0161 region\u0173, kuriuose tradicin\u0117s bankin\u0117s operacijos \u012f pokerio svetaines yra ribojamos. \u0160iuos privalumus lemia decentralizuotas kriptovaliut\u0173 pob\u016bdis.<\/p>\n<h3><span class=\"ez-toc-section\" id=\"Can_Bitcoin_transactions_affect_the_speed_of_online_poker_play\"><\/span>Ar Bitcoin sandoriai gali tur\u0117ti \u012ftakos internetinio pokerio \u017eaidimo grei\u010diui?<span class=\"ez-toc-section-end\"><\/span><\/h3>\n<p>Taip, Bitcoin gali pagreitinti \u012fmok\u0173 pervedimo ir i\u0161\u0117mimo proces\u0105, tod\u0117l \u017eaid\u0117jai gali grei\u010diau prad\u0117ti \u017eaisti ir i\u0161sigryninti laim\u0117jimus be ilg\u0173 bankini\u0173 delsim\u0173. \u0160i\u0105 supaprastint\u0105 operacij\u0105 u\u017etikrina Bitcoin b\u016bdinga tarpusavio sandori\u0173 sistema.<\/p>\n<h3><span class=\"ez-toc-section\" id=\"Are_there_any_legal_differences_in_playing_poker_with_Bitcoin_versus_traditional_currencies\"><\/span>Ar yra koki\u0173 nors teisini\u0173 skirtum\u0173 \u017eaid\u017eiant poker\u012f su Bitcoin ir tradicin\u0117mis valiutomis?<span class=\"ez-toc-section-end\"><\/span><\/h3>\n<p>Bitcoin pokerio teisin\u0117 aplinka gali labai skirtis, nes kai kuriose jurisdikcijose, reguliuojan\u010diose arba draud\u017eian\u010diose internetinius lo\u0161imus, kriptovaliutos dar n\u0117ra ai\u0161kiai reglamentuotos. Tokia situacija gali sukelti dviprasmybi\u0173, galin\u010di\u0173 tur\u0117ti \u012ftakos Bitcoin pokerio teisinei pad\u0117\u010diai tam tikrose srityse.<\/p>\n<h3><span class=\"ez-toc-section\" id=\"How_does_provable_fairness_in_Bitcoin_poker_compare_to_regular_online_poker_games\"><\/span>Kaip \u012frodomas s\u0105\u017einingumas Bitcoin pokerio \u017eaidime lyginamas su \u012fprastais internetiniais pokerio \u017eaidimais?<span class=\"ez-toc-section-end\"><\/span><\/h3>\n<p>Bitcoin pokerio platformose da\u017enai naudojami \u012frodomi s\u0105\u017einingumo algoritmai, leid\u017eiantys \u017eaid\u0117jams patikrinti kiekvieno padalijimo atsitiktinum\u0105 ir s\u0105\u017einingum\u0105. Tokio skaidrumo lygio tradiciniuose internetiniuose pokerio \u017eaidimuose paprastai neb\u016bna, tod\u0117l Bitcoin pokerio \u017eaid\u0117jams suteikiamas papildomas pasitik\u0117jimo lygis.<\/p>\n<h3><span class=\"ez-toc-section\" id=\"Does_the_use_of_Bitcoin_offer_more_anonymity_in_online_poker\"><\/span>Ar naudojant Bitcoin u\u017etikrinamas didesnis anonimi\u0161kumas internetiniame pokeryje?<span class=\"ez-toc-section-end\"><\/span><\/h3>\n<p>Bitcoin operacijos yra anonimi\u0161kesn\u0117s nei tradiciniai internetiniai mok\u0117jimo b\u016bdai, nes joms nereikia asmenin\u0117s banko informacijos. \u017daid\u0117jai atpa\u017e\u012fstami pagal pinigin\u0117s adres\u0105, o ne pagal asmens duomenis, nors visi\u0161kas anonimi\u0161kumas negarantuojamas d\u0117l blok\u0173 grandin\u0117s sandori\u0173 atsekamumo.<\/p>\n<h3><span class=\"ez-toc-section\" id=\"What_impact_does_cryptocurrency_volatility_have_on_Bitcoin_poker_stakes\"><\/span>Koki\u0105 \u012ftak\u0105 kriptovaliut\u0173 svyravimai daro Bitcoin pokerio statymams?<span class=\"ez-toc-section-end\"><\/span><\/h3>\n<p>Bitcoin vert\u0117 gali smarkiai svyruoti, o tai gali tur\u0117ti \u012ftakos Bitcoin pokerio \u012fpirk\u0173 ir laim\u0117jim\u0173 vertei tikrais pinigais. Kai kurie \u017eaid\u0117jai vertina didesn\u0117s vert\u0117s potencial\u0105, ta\u010diau kiti gali pasteb\u0117ti, kad nenusp\u0117jamumas daro \u012ftak\u0105 j\u0173 <a href=\"https:\/\/coinkickoff.com\/lt\/bitcoin-casino\/bankroll-management\/\" data-internallinksmanager029f6b8e52c=\"210\" title=\"Banko s\u0105skaitos valdymas atliekant statymus su Bitcoin\">banko s\u0105skaitos valdymas<\/a> ir bendr\u0105 strategij\u0105.<\/p>","protected":false},"excerpt":{"rendered":"<p>Atsakomyb\u0117s apribojimas: lo\u0161imas susij\u0119s su didele finansine rizika. Pra\u0161ome lo\u0161ti tik tais pinigais, kuriuos galite sau leisti prarasti. Toliau pateikta informacija yra tik informacinio pob\u016bd\u017eio. Mums gali b\u016bti mokami komisiniai, jei u\u017esiregistruosite ir pralo\u0161ite pinigus bet kuriame i\u0161 \u0161i\u0173 kazino. Ne visi kazino prieinami visose \u0161alyse. Visa informacija, kuri\u0105 pateikiame, yra [...]<\/p>","protected":false},"author":1,"featured_media":4609,"parent":4440,"menu_order":0,"comment_status":"closed","ping_status":"closed","template":"","meta":{"_genesis_hide_title":false,"_genesis_hide_breadcrumbs":false,"_genesis_hide_singular_image":false,"_genesis_hide_footer_widgets":false,"_genesis_custom_body_class":"","_genesis_custom_post_class":"","_genesis_layout":"","_glsr_average":0,"_glsr_ranking":0,"_glsr_reviews":0,"footnotes":""},"class_list":{"0":"post-4605","1":"page","2":"type-page","3":"status-publish","4":"has-post-thumbnail","6":"entry"},"featured_image_src":"https:\/\/coinkickoff.com\/wp-content\/uploads\/v2-3dh1y-p4uhr-600x400.jpg","featured_image_src_square":"https:\/\/coinkickoff.com\/wp-content\/uploads\/v2-3dh1y-p4uhr-600x600.jpg","_links":{"self":[{"href":"https:\/\/coinkickoff.com\/lt\/wp-json\/wp\/v2\/pages\/4605","targetHints":{"allow":["GET"]}}],"collection":[{"href":"https:\/\/coinkickoff.com\/lt\/wp-json\/wp\/v2\/pages"}],"about":[{"href":"https:\/\/coinkickoff.com\/lt\/wp-json\/wp\/v2\/types\/page"}],"author":[{"embeddable":true,"href":"https:\/\/coinkickoff.com\/lt\/wp-json\/wp\/v2\/users\/1"}],"replies":[{"embeddable":true,"href":"https:\/\/coinkickoff.com\/lt\/wp-json\/wp\/v2\/comments?post=4605"}],"version-history":[{"count":3,"href":"https:\/\/coinkickoff.com\/lt\/wp-json\/wp\/v2\/pages\/4605\/revisions"}],"predecessor-version":[{"id":4614,"href":"https:\/\/coinkickoff.com\/lt\/wp-json\/wp\/v2\/pages\/4605\/revisions\/4614"}],"up":[{"embeddable":true,"href":"https:\/\/coinkickoff.com\/lt\/wp-json\/wp\/v2\/pages\/4440"}],"wp:featuredmedia":[{"embeddable":true,"href":"https:\/\/coinkickoff.com\/lt\/wp-json\/wp\/v2\/media\/4609"}],"wp:attachment":[{"href":"https:\/\/coinkickoff.com\/lt\/wp-json\/wp\/v2\/media?parent=4605"}],"curies":[{"name":"wp","href":"https:\/\/api.w.org\/{rel}","templated":true}]}}