{"id":4595,"date":"2026-01-08T14:07:58","date_gmt":"2026-01-08T14:07:58","guid":{"rendered":"https:\/\/coinkickoff.com\/?page_id=4595"},"modified":"2026-01-08T14:07:58","modified_gmt":"2026-01-08T14:07:58","slug":"how-is-bitcoin-roulette-different","status":"publish","type":"page","link":"https:\/\/coinkickoff.com\/lt\/bitcoin-casino\/how-is-bitcoin-roulette-different\/","title":{"rendered":"Kuo Bitcoin rulet\u0117 skiriasi nuo tradicin\u0117s kazino rulet\u0117s?"},"content":{"rendered":"<p>Atsakomyb\u0117s apribojimas: lo\u0161imas susij\u0119s su didele finansine rizika. Pra\u0161ome lo\u0161ti tik tais pinigais, kuriuos galite sau leisti prarasti. Toliau pateikta informacija yra tik informacinio pob\u016bd\u017eio. Mums gali b\u016bti mokami komisiniai, jei u\u017esiregistruosite ir pralo\u0161ite pinigus bet kuriame i\u0161 \u0161i\u0173 lo\u0161im\u0173 <a href=\"https:\/\/coinkickoff.com\/lt\/bitcoin-casino\/\" data-internallinksmanager029f6b8e52c=\"200\" title=\"3 geriausi Bitcoin kriptovaliut\u0173 kazino su premijomis\">kazino<\/a>. Ne visi kazino yra prieinami visose \u0161alyse. Manome, kad visa informacija buvo teisinga jos paskelbimo metu, ta\u010diau v\u0117liau ji gal\u0117jo pasikeisti.<\/p>\n<div id=\"ez-toc-container\" class=\"ez-toc-v2_0_80 counter-hierarchy ez-toc-counter ez-toc-transparent ez-toc-container-direction\">\n<div class=\"ez-toc-title-container\">\n<p class=\"ez-toc-title\" style=\"cursor:inherit\">Skyriai<\/p>\n<span class=\"ez-toc-title-toggle\"><a href=\"#\" class=\"ez-toc-pull-right ez-toc-btn ez-toc-btn-xs ez-toc-btn-default ez-toc-toggle\" aria-label=\"Perjungti turinio lentel\u0119\"><span class=\"ez-toc-js-icon-con\"><span class=\"\"><span class=\"eztoc-hide\" style=\"display:none;\">Perjungti<\/span><span class=\"ez-toc-icon-toggle-span\"><svg style=\"fill: #999;color:#999\" xmlns=\"http:\/\/www.w3.org\/2000\/svg\" class=\"list-377408\" width=\"20px\" height=\"20px\" viewbox=\"0 0 24 24\" fill=\"none\"><path d=\"M6 6H4v2h2V6zm14 0H8v2h12V6zM4 11h2v2H4v-2zm16 0H8v2h12v-2zM4 16h2v2H4v-2zm16 0H8v2h12v-2z\" fill=\"currentColor\"><\/path><\/svg><svg style=\"fill: #999;color:#999\" class=\"arrow-unsorted-368013\" xmlns=\"http:\/\/www.w3.org\/2000\/svg\" width=\"10px\" height=\"10px\" viewbox=\"0 0 24 24\" version=\"1.2\" baseprofile=\"tiny\"><path d=\"M18.2 9.3l-6.2-6.3-6.2 6.3c-.2.2-.3.4-.3.7s.1.5.3.7c.2.2.4.3.7.3h11c.3 0 .5-.1.7-.3.2-.2.3-.5.3-.7s-.1-.5-.3-.7zM5.8 14.7l6.2 6.3 6.2-6.3c.2-.2.3-.5.3-.7s-.1-.5-.3-.7c-.2-.2-.4-.3-.7-.3h-11c-.3 0-.5.1-.7.3-.2.2-.3.5-.3.7s.1.5.3.7z\"\/><\/svg><\/span><\/span><\/span><\/a><\/span><\/div>\n<nav><ul class='ez-toc-list ez-toc-list-level-1 eztoc-toggle-hide-by-default' ><li class='ez-toc-page-1 ez-toc-heading-level-2'><a class=\"ez-toc-link ez-toc-heading-1\" href=\"https:\/\/coinkickoff.com\/lt\/bitcoin-casino\/how-is-bitcoin-roulette-different\/#Fundamentals_of_Bitcoin_Roulette\" >Bitcoin rulet\u0117s pagrindai<\/a><ul class='ez-toc-list-level-3' ><li class='ez-toc-heading-level-3'><a class=\"ez-toc-link ez-toc-heading-2\" href=\"https:\/\/coinkickoff.com\/lt\/bitcoin-casino\/how-is-bitcoin-roulette-different\/#Definition_and_Mechanism\" >Apibr\u0117\u017eimas ir mechanizmas<\/a><\/li><li class='ez-toc-page-1 ez-toc-heading-level-3'><a class=\"ez-toc-link ez-toc-heading-3\" href=\"https:\/\/coinkickoff.com\/lt\/bitcoin-casino\/how-is-bitcoin-roulette-different\/#Basic_Rules_Comparison\" >Pagrindini\u0173 taisykli\u0173 palyginimas<\/a><\/li><\/ul><\/li><li class='ez-toc-page-1 ez-toc-heading-level-2'><a class=\"ez-toc-link ez-toc-heading-4\" href=\"https:\/\/coinkickoff.com\/lt\/bitcoin-casino\/how-is-bitcoin-roulette-different\/#Technological_Aspects\" >Technologiniai aspektai<\/a><ul class='ez-toc-list-level-3' ><li class='ez-toc-heading-level-3'><a class=\"ez-toc-link ez-toc-heading-5\" href=\"https:\/\/coinkickoff.com\/lt\/bitcoin-casino\/how-is-bitcoin-roulette-different\/#Software_and_Fairness\" >Programin\u0117 \u012franga ir s\u0105\u017einingumas<\/a><\/li><li class='ez-toc-page-1 ez-toc-heading-level-3'><a class=\"ez-toc-link ez-toc-heading-6\" href=\"https:\/\/coinkickoff.com\/lt\/bitcoin-casino\/how-is-bitcoin-roulette-different\/#Transaction_Security_and_Anonymity\" >Sandori\u0173 saugumas ir anonimi\u0161kumas<\/a><\/li><\/ul><\/li><li class='ez-toc-page-1 ez-toc-heading-level-2'><a class=\"ez-toc-link ez-toc-heading-7\" href=\"https:\/\/coinkickoff.com\/lt\/bitcoin-casino\/how-is-bitcoin-roulette-different\/#Practical_Considerations\" >Praktiniai aspektai<\/a><ul class='ez-toc-list-level-3' ><li class='ez-toc-heading-level-3'><a class=\"ez-toc-link ez-toc-heading-8\" href=\"https:\/\/coinkickoff.com\/lt\/bitcoin-casino\/how-is-bitcoin-roulette-different\/#Accessibility_and_Jurisdiction\" >Prieinamumas ir jurisdikcija<\/a><\/li><li class='ez-toc-page-1 ez-toc-heading-level-3'><a class=\"ez-toc-link ez-toc-heading-9\" href=\"https:\/\/coinkickoff.com\/lt\/bitcoin-casino\/how-is-bitcoin-roulette-different\/#Payment_Processing_Times\" >Mok\u0117jim\u0173 apdorojimo laikas<\/a><\/li><li class='ez-toc-page-1 ez-toc-heading-level-3'><a class=\"ez-toc-link ez-toc-heading-10\" href=\"https:\/\/coinkickoff.com\/lt\/bitcoin-casino\/how-is-bitcoin-roulette-different\/#Casino_Bonuses_and_Incentives\" >Kazino premijos ir paskatos<\/a><\/li><\/ul><\/li><li class='ez-toc-page-1 ez-toc-heading-level-2'><a class=\"ez-toc-link ez-toc-heading-11\" href=\"https:\/\/coinkickoff.com\/lt\/bitcoin-casino\/how-is-bitcoin-roulette-different\/#Frequently_Asked_Questions\" >Da\u017enai u\u017eduodami klausimai<\/a><ul class='ez-toc-list-level-3' ><li class='ez-toc-heading-level-3'><a class=\"ez-toc-link ez-toc-heading-12\" href=\"https:\/\/coinkickoff.com\/lt\/bitcoin-casino\/how-is-bitcoin-roulette-different\/#What_are_the_distinctive_features_of_Bitcoin_roulette_compared_to_traditional_roulette\" >Kokie yra Bitcoin rulet\u0117s i\u0161skirtiniai bruo\u017eai, palyginti su tradicine rulete?<\/a><\/li><li class='ez-toc-page-1 ez-toc-heading-level-3'><a class=\"ez-toc-link ez-toc-heading-13\" href=\"https:\/\/coinkickoff.com\/lt\/bitcoin-casino\/how-is-bitcoin-roulette-different\/#Can_you_use_Bitcoin_to_play_any_version_of_roulette\" >Ar galite naudoti Bitcoin bet kuriai rulet\u0117s versijai \u017eaisti?<\/a><\/li><li class='ez-toc-page-1 ez-toc-heading-level-3'><a class=\"ez-toc-link ez-toc-heading-14\" href=\"https:\/\/coinkickoff.com\/lt\/bitcoin-casino\/how-is-bitcoin-roulette-different\/#What_advantages_do_Bitcoin_casinos_offer_for_roulette_players\" >Kokius privalumus Bitcoin kazino si\u016blo rulet\u0117s \u017eaid\u0117jams?<\/a><\/li><li class='ez-toc-page-1 ez-toc-heading-level-3'><a class=\"ez-toc-link ez-toc-heading-15\" href=\"https:\/\/coinkickoff.com\/lt\/bitcoin-casino\/how-is-bitcoin-roulette-different\/#How_does_the_integration_of_Bitcoin_affect_the_gameplay_of_roulette\" >Kaip Bitcoin integravimas veikia rulet\u0117s \u017eaidim\u0105?<\/a><\/li><li class='ez-toc-page-1 ez-toc-heading-level-3'><a class=\"ez-toc-link ez-toc-heading-16\" href=\"https:\/\/coinkickoff.com\/lt\/bitcoin-casino\/how-is-bitcoin-roulette-different\/#Are_there_any_unique_betting_options_available_in_Bitcoin_roulette\" >Ar Bitcoin rulet\u0117je yra koki\u0173 nors unikali\u0173 la\u017eyb\u0173 variant\u0173?<\/a><\/li><li class='ez-toc-page-1 ez-toc-heading-level-3'><a class=\"ez-toc-link ez-toc-heading-17\" href=\"https:\/\/coinkickoff.com\/lt\/bitcoin-casino\/how-is-bitcoin-roulette-different\/#What_should_players_know_about_the_security_of_Bitcoin_roulette_games\" >K\u0105 \u017eaid\u0117jai tur\u0117t\u0173 \u017einoti apie Bitcoin rulet\u0117s \u017eaidim\u0173 saugum\u0105?<\/a><\/li><\/ul><\/li><\/ul><\/nav><\/div>\n<h2><span class=\"ez-toc-section\" id=\"Fundamentals_of_Bitcoin_Roulette\"><\/span>Bitcoin rulet\u0117s pagrindai<span class=\"ez-toc-section-end\"><\/span><\/h2>\n<p><img decoding=\"async\" src=\"https:\/\/coinkickoff.com\/wp-content\/uploads\/v2-3dgyd-6ia5o.jpg\" alt=\"\"><\/p>\n<p><a href=\"https:\/\/coinkickoff.com\/lt\/bitcoin-casino\/how-to-play-crypto-roulette\/\" data-internallinksmanager029f6b8e52c=\"206\" title=\"Kaip \u017eaisti kriptovaliut\u0173 rulet\u0119: J\u016bs\u0173 vadovas apie blok\u0173 grandin\u0117s la\u017eybas\">Bitcoin Rulet\u0117<\/a> veikia tais pa\u010diais pagrindiniais principais kaip ir tradicin\u0117 rulet\u0117, ta\u010diau \u017eaid\u017eiama ne fiat valiuta, o Bitcoin, o tai turi \u012ftakos sandori\u0173 grei\u010diui ir anonimi\u0161kumui.<\/p>\n<h3><span class=\"ez-toc-section\" id=\"Definition_and_Mechanism\"><\/span>Apibr\u0117\u017eimas ir mechanizmas<span class=\"ez-toc-section-end\"><\/span><\/h3>\n<p>Bitcoin rulet\u0117 - tai skaitmenin\u0117 klasikinio kazino \u017eaidimo variacija, kurioje statymams ir operacijoms naudojamas Bitcoin. \u017daid\u0117jai atlieka statymus u\u017e tai, kur rutuliukas nusileis ant besisukan\u010dio rato, suskirstyto \u012f sunumeruotas ir spalvotas dalis. Mechanizmas pana\u0161us \u012f standartin\u0117s rulet\u0117s, o pagrindinis skirtumas - naudojama valiuta. Bitcoin rulet\u0117je kiekvienas sandoris apdorojamas per blok\u0173 grandin\u0119, kuri u\u017etikrina skaidrum\u0105 ir ma\u017eesn\u0119 suk\u010diavimo tikimyb\u0119.<\/p>\n<ul>\n<li><strong>Sandorio greitis<\/strong>: Sandoriai su Bitcoin atliekami grei\u010diau, paprastai per kelias minutes.<\/li>\n<li><strong>Anonimi\u0161kumas<\/strong>: \u017daid\u0117jai gali i\u0161laikyti anonimi\u0161kum\u0105, nes atliekant Bitcoin sandorius asmenin\u0117s informacijos i\u0161 esm\u0117s nereikia.<\/li>\n<\/ul>\n<h3><span class=\"ez-toc-section\" id=\"Basic_Rules_Comparison\"><\/span>Pagrindini\u0173 taisykli\u0173 palyginimas<span class=\"ez-toc-section-end\"><\/span><\/h3>\n<p>Pagrindin\u0117s Bitcoin rulet\u0117s ir \u012fprastos rulet\u0117s taisykl\u0117s i\u0161 esm\u0117s yra tokios pa\u010dios. \u017daid\u0117jai gali statyti u\u017e vien\u0105 skai\u010di\u0173, \u012fvairias skai\u010di\u0173 grupes, raudon\u0105 arba juod\u0105 spalv\u0105, nelyginius arba lyginius skai\u010dius, didelius (19-36) arba ma\u017eus (1-18) skai\u010dius.<\/p>\n<ul>\n<li><strong>La\u017eyb\u0173 parinktys<\/strong>:\n<ul>\n<li><strong>Vienas numeris<\/strong>: Didesn\u0117 i\u0161moka; ma\u017eesni \u0161ansai.<\/li>\n<li><strong>Grup\u0117s numeriai<\/strong>: Statymai u\u017e skai\u010di\u0173 klasterius; skirtingi i\u0161mok\u0117jimai.<\/li>\n<li><strong>Spalvos<\/strong>: Statykite u\u017e raudon\u0105 arba juod\u0105 spalv\u0105; tikimyb\u0117 beveik 50\/50.<\/li>\n<li><strong>Nelyginis arba lyginis<\/strong>: Pastatykite, ar skai\u010dius nelyginis, ar lyginis.<\/li>\n<li><strong>Auk\u0161tas arba \u017eemas<\/strong>: Statykite ant dideli\u0173 (19-36) arba ma\u017e\u0173 (1-18) skai\u010di\u0173.<\/li>\n<\/ul>\n<\/li>\n<\/ul>\n<p>Ai\u0161kus taisykli\u0173 skirtumas yra susij\u0119s su valiutos tvarkymu ir galimomis i\u0161mokomis. Bitcoin kainos svyravimai gali tur\u0117ti \u012ftakos faktinei vertei <a href=\"https:\/\/coinkickoff.com\/lt\/bitcoin-casino\/cash-in-bitcoin-casino-winnings\/\" data-internallinksmanager029f6b8e52c=\"211\" title=\"Kaip i\u0161gryninti Bitcoin kazino laim\u0117jimus: \u017dingsnis po \u017eingsnio vadovas\">laim\u0117jimai<\/a> arba pralaim\u0117jim\u0105, o ma\u017eiausias ir did\u017eiausias statymas gali skirtis priklausomai nuo <a href=\"https:\/\/coinkickoff.com\/lt\/bitcoin-casino\/what-is-a-bitcoin-casino\/\" data-internallinksmanager029f6b8e52c=\"201\" title=\"Kas yra Bitcoin kazino? Kaip suprasti Crytpo la\u017eyb\u0173 platformas\">Bitcoin kazino<\/a>politik\u0105.<\/p>\n<h2><span class=\"ez-toc-section\" id=\"Technological_Aspects\"><\/span>Technologiniai aspektai<span class=\"ez-toc-section-end\"><\/span><\/h2>\n<p><img decoding=\"async\" src=\"https:\/\/coinkickoff.com\/wp-content\/uploads\/v2-3dgyu-2s6kd.jpg\" alt=\"\"><\/p>\n<p>Lyginant Bitcoin rulet\u0119 su tradicine rulete, svarbios dvi pagrindin\u0117s technologin\u0117s aplinkyb\u0117s: mechanizmai, u\u017etikrinantys programin\u0117s \u012frangos s\u0105\u017einingum\u0105, ir protokolai, u\u017etikrinantys sandori\u0173 saugum\u0105 ir anonimi\u0161kum\u0105.<\/p>\n<h3><span class=\"ez-toc-section\" id=\"Software_and_Fairness\"><\/span>Programin\u0117 \u012franga ir s\u0105\u017einingumas<span class=\"ez-toc-section-end\"><\/span><\/h3>\n<p>Bitcoin rulet\u0117s \u017eaidimai remiasi <strong>\u012etikinamai s\u0105\u017einingas<\/strong> technologija, kuri leid\u017eia \u017eaid\u0117jams patikrinti kiekvieno \u017eaidimo rezultatus. \u0160ioje sistemoje naudojami kriptografiniai algoritmai. <strong>generuoti atsitiktines s\u0117klas.<\/strong>taip u\u017etikrinant, kad kiekvienas sukimas b\u016bt\u0173 atsitiktinis ir s\u0105\u017einingas. \u017daid\u0117jai paprastai gali patikrinti s\u0105\u017einingum\u0105 naudodami <strong>patikros \u012frankis<\/strong> teikia kazino.<\/p>\n<ul>\n<li>Atsitiktini\u0173 skai\u010di\u0173 generavimas (RNG): Algoritmi\u0161kai sukuria nenusp\u0117jamus rezultatus.<\/li>\n<li>Patikrinimo \u012frankiai: Si\u016blo skaidrius ir patikrinamus \u017eaidimo rezultatus.<\/li>\n<\/ul>\n<h3><span class=\"ez-toc-section\" id=\"Transaction_Security_and_Anonymity\"><\/span>Sandori\u0173 saugumas ir anonimi\u0161kumas<span class=\"ez-toc-section-end\"><\/span><\/h3>\n<p>Bitcoin sandoriai <strong>blok\u0173 grandin\u0117s technologija<\/strong>, kuri u\u017etikrina ind\u0117li\u0173 ir i\u0161\u0117mim\u0173 saugum\u0105 naudodama nekintam\u0105 <a href=\"https:\/\/coinkickoff.com\/lt\/what-is-ledger-wallet\/\" data-internallinksmanager029f6b8e52c=\"167\" title=\"&quot;Ledger&quot; pinigin\u0117s ap\u017evalgos 2023: Mokes\u010diai, funkcijos, saugumas, privalumai ir tr\u016bkumai\">Did\u017eioji knyga<\/a>taip padidinant saugum\u0105 ir u\u017etikrinant tam tikr\u0105 anonimi\u0161kum\u0105.<\/p>\n<ul>\n<li><strong>Apsauga<\/strong>: U\u017e\u0161ifruoti sandoriai, apsaugoti blok\u0173 grandin\u0117s technologija.<\/li>\n<li><strong>Anonimi\u0161kumas<\/strong>: Ma\u017eesnis asmens duomen\u0173 atskleidimas, palyginti su tradiciniais mok\u0117jimo b\u016bdais.<\/li>\n<\/ul>\n<table>\n<thead>\n<tr>\n<th>Aspektas<\/th>\n<th>Nauda<\/th>\n<\/tr>\n<\/thead>\n<tbody>\n<tr>\n<td>U\u017e\u0161ifruoti sandoriai<\/td>\n<td>Papildomas apsaugos nuo suk\u010diavimo lygis<\/td>\n<\/tr>\n<tr>\n<td>Nekintama apskaitos knyga<\/td>\n<td>U\u017etikrina sandori\u0173 pastovum\u0105 ir atsekamum\u0105.<\/td>\n<\/tr>\n<tr>\n<td>Suma\u017eintas duomen\u0173 atskleidimas<\/td>\n<td>Ma\u017eiau atskleid\u017eiama \u017eaid\u0117j\u0173 asmenin\u0117 informacija<\/td>\n<\/tr>\n<\/tbody>\n<\/table>\n<h2><span class=\"ez-toc-section\" id=\"Practical_Considerations\"><\/span>Praktiniai aspektai<span class=\"ez-toc-section-end\"><\/span><\/h2>\n<p><img decoding=\"async\" src=\"https:\/\/coinkickoff.com\/wp-content\/uploads\/v2-3dgz8-pee1q.jpg\" alt=\"\"><\/p>\n<p>Dalyvaudami Bitcoin rulet\u0117s \u017eaidime naudotojai turi atsi\u017evelgti \u012f prieinamumo, apdorojimo laiko ir si\u016blom\u0173 unikali\u0173 premij\u0173 skirtumus, kurie skiriasi nuo tradicin\u0117s rulet\u0117s patirties.<\/p>\n<h3><span class=\"ez-toc-section\" id=\"Accessibility_and_Jurisdiction\"><\/span>Prieinamumas ir jurisdikcija<span class=\"ez-toc-section-end\"><\/span><\/h3>\n<p>Bitcoin rulet\u0117 da\u017enai prieinama \u017eaid\u0117jams tose jurisdikcijose, kuriose lo\u0161imai internetu yra ribojami arba kuriose tradiciniai mok\u0117jimo b\u016bdai yra ne\u012fmanomi. <strong>Cryptocurrency<\/strong> kaip terp\u0117, i\u0161vengiama daugelio reguliavimo apribojim\u0173, tod\u0117l ji tampa pla\u010diau prieinama. Ta\u010diau naudotojai tur\u0117t\u0173 \u017einoti savo vietos \u012fstatymus, nes azartini\u0173 lo\u0161im\u0173 kriptovaliutomis teis\u0117tumas \u012fvairiuose regionuose gali labai skirtis.<\/p>\n<h3><span class=\"ez-toc-section\" id=\"Payment_Processing_Times\"><\/span>Mok\u0117jim\u0173 apdorojimo laikas<span class=\"ez-toc-section-end\"><\/span><\/h3>\n<ul>\n<li><strong>Bitcoin Ind\u0117liai:<\/strong> Paprastai i\u0161 karto arba per kelias minutes.<\/li>\n<li><strong>Bitcoin I\u0161\u0117mimai:<\/strong> Tai gali trukti nuo keli\u0173 minu\u010di\u0173 iki keli\u0173 valand\u0173.<\/li>\n<li><strong>Tradiciniai bankininkyst\u0117s metodai:<\/strong> Da\u017enai u\u017etrunka kelias dienas, kol \u012fmokos ir i\u0161\u0117mimai atliekami.<\/li>\n<\/ul>\n<p>Naudojant Bitcoin galima gerokai sutrumpinti laukimo laik\u0105, susijus\u012f su mok\u0117jim\u0173 apdorojimu internetiniuose lo\u0161imuose. Lo\u0161\u0117jai da\u017enai gali grei\u010diau prad\u0117ti \u017eaisti ir grei\u010diau atsiimti laim\u0117jimus, palyginti su tradiciniais mok\u0117jimo b\u016bdais.<\/p>\n<h3><span class=\"ez-toc-section\" id=\"Casino_Bonuses_and_Incentives\"><\/span>Kazino premijos ir paskatos<span class=\"ez-toc-section-end\"><\/span><\/h3>\n<ul>\n<li><strong>Pasveikinimo premijos:<\/strong> Daugelis Bitcoin kazino si\u016blo dideles sveikinimo premijas naujiems \u017eaid\u0117jams.<\/li>\n<li><strong>Lojalumo apdovanojimai:<\/strong> Nuolatiniams naudotojams da\u017enai taikomos didesn\u0117s premijos arba VIP statusas.<\/li>\n<li><strong>I\u0161skirtin\u0117s akcijos:<\/strong> Kai kurie kazino teikia specialiai Bitcoin naudotojams pritaikytas akcijas.<\/li>\n<\/ul>\n<p>Bitcoin rulet\u0117s platformose gali b\u016bti si\u016blomos dosnesn\u0117s premijos ir paskatos, palyginti su \u012fprastais internetiniais kazino. \u0160ios premijos yra skirtos pritraukti ir i\u0161laikyti \u017eaid\u0117jus, kurie pirmenyb\u0119 teikia kriptovaliutai. \u017daid\u0117jams svarbu perskaityti su \u0161iomis premijomis susijusias s\u0105lygas, kad visi\u0161kai suprast\u0173, kaip jomis galima pasinaudoti.<\/p>\n<h2><span class=\"ez-toc-section\" id=\"Frequently_Asked_Questions\"><\/span>Da\u017enai u\u017eduodami klausimai<span class=\"ez-toc-section-end\"><\/span><\/h2>\n<p><img decoding=\"async\" src=\"https:\/\/coinkickoff.com\/wp-content\/uploads\/v2-3dgzp-ju7x7.jpg\" alt=\"\"><\/p>\n<p>\u0160iame skyriuje atsakoma \u012f da\u017eniausiai u\u017eduodamus klausimus apie Bitcoin rulet\u0117s ir tradicin\u0117s rulet\u0117s skirtumus, skirtus \u017eaid\u0117jams, norintiems i\u0161siai\u0161kinti \u0161\u012f klausim\u0105.<\/p>\n<h3><span class=\"ez-toc-section\" id=\"What_are_the_distinctive_features_of_Bitcoin_roulette_compared_to_traditional_roulette\"><\/span>Kokie yra Bitcoin rulet\u0117s i\u0161skirtiniai bruo\u017eai, palyginti su tradicine rulete?<span class=\"ez-toc-section-end\"><\/span><\/h3>\n<p>Bitcoin rulet\u0117 veikia pana\u0161iai kaip ir tradicin\u0117 rulet\u0117. Pagrindinis skirtumas yra tas, kad Bitcoin naudojama kaip valiuta, tod\u0117l da\u017enai sandoriai atliekami grei\u010diau, o \u017eaid\u0117jai yra anonimi\u0161kesni.<\/p>\n<h3><span class=\"ez-toc-section\" id=\"Can_you_use_Bitcoin_to_play_any_version_of_roulette\"><\/span>Ar galite naudoti Bitcoin bet kuriai rulet\u0117s versijai \u017eaisti?<span class=\"ez-toc-section-end\"><\/span><\/h3>\n<p>Dauguma Bitcoin kazino si\u016blo \u012fvairias rulet\u0117s versijas, \u012fskaitant amerikieti\u0161k\u0105, europieti\u0161k\u0105 ir pranc\u016bzi\u0161k\u0105 rulet\u0119. Priklausomai nuo kazino pasi\u016blymo, \u017eaid\u0117jai gali atlikti statymus naudodami Bitcoin \u0161iose skirtingose versijose.<\/p>\n<h3><span class=\"ez-toc-section\" id=\"What_advantages_do_Bitcoin_casinos_offer_for_roulette_players\"><\/span>Kokius privalumus Bitcoin kazino si\u016blo rulet\u0117s \u017eaid\u0117jams?<span class=\"ez-toc-section-end\"><\/span><\/h3>\n<p>Bitcoin kazino da\u017enai suteikia \u017eaid\u0117jams toki\u0173 privalum\u0173 kaip ma\u017eesni sandori\u0173 mokes\u010diai, \u012frodytas s\u0105\u017einingas lo\u0161imas ir galimyb\u0117 \u017eaisti ir atsiimti l\u0117\u0161as be asmenin\u0117s finansin\u0117s informacijos.<\/p>\n<h3><span class=\"ez-toc-section\" id=\"How_does_the_integration_of_Bitcoin_affect_the_gameplay_of_roulette\"><\/span>Kaip Bitcoin integravimas veikia rulet\u0117s \u017eaidim\u0105?<span class=\"ez-toc-section-end\"><\/span><\/h3>\n<p>Bitcoin integravimas paprastai nekei\u010dia pagrindini\u0173 rulet\u0117s \u017eaidimo princip\u0173. Ta\u010diau ji gali pad\u0117ti grei\u010diau atlikti statymus ir i\u0161sigryninti pinigus, taip padidindama bendr\u0105 \u017eaidimo temp\u0105.<\/p>\n<h3><span class=\"ez-toc-section\" id=\"Are_there_any_unique_betting_options_available_in_Bitcoin_roulette\"><\/span>Ar Bitcoin rulet\u0117je yra koki\u0173 nors unikali\u0173 la\u017eyb\u0173 variant\u0173?<span class=\"ez-toc-section-end\"><\/span><\/h3>\n<p>Bitcoin rulet\u0117 paprastai si\u016blo tokias pa\u010dias statym\u0173 parinktis kaip ir \u012fprasta rulet\u0117. Ta\u010diau kai kurie Bitcoin kazino, siekdami pritraukti platesn\u0119 kriptovaliut\u0173 entuziast\u0173 auditorij\u0105, gali pristatyti unikalias akcijas ar statymus.<\/p>\n<h3><span class=\"ez-toc-section\" id=\"What_should_players_know_about_the_security_of_Bitcoin_roulette_games\"><\/span>K\u0105 \u017eaid\u0117jai tur\u0117t\u0173 \u017einoti apie Bitcoin rulet\u0117s \u017eaidim\u0173 saugum\u0105?<span class=\"ez-toc-section-end\"><\/span><\/h3>\n<p>Bitcoin rulet\u0117s saugumas priklauso nuo Bitcoin kriptografin\u0117s technologijos patikimumo ir nuo konkretaus kazino \u012fgyvendinam\u0173 saugumo priemoni\u0173. \u017daid\u0117jams gyvybi\u0161kai svarbu patikrinti kazino patikimum\u0105 ir jo \u017eaidim\u0173 s\u0105\u017einingum\u0105.<\/p>","protected":false},"excerpt":{"rendered":"<p>Atsakomyb\u0117s apribojimas: lo\u0161imas susij\u0119s su didele finansine rizika. Pra\u0161ome lo\u0161ti tik tais pinigais, kuriuos galite sau leisti prarasti. Toliau pateikta informacija yra tik informacinio pob\u016bd\u017eio. Mums gali b\u016bti mokami komisiniai, jei u\u017esiregistruosite ir pralo\u0161ite pinigus bet kuriame i\u0161 \u0161i\u0173 kazino. Ne visi kazino prieinami visose \u0161alyse. Visa informacija, kuri\u0105 pateikiame, yra [...]<\/p>","protected":false},"author":1,"featured_media":4599,"parent":4440,"menu_order":0,"comment_status":"closed","ping_status":"closed","template":"","meta":{"_genesis_hide_title":false,"_genesis_hide_breadcrumbs":false,"_genesis_hide_singular_image":false,"_genesis_hide_footer_widgets":false,"_genesis_custom_body_class":"","_genesis_custom_post_class":"","_genesis_layout":"","_glsr_average":0,"_glsr_ranking":0,"_glsr_reviews":0,"footnotes":""},"class_list":{"0":"post-4595","1":"page","2":"type-page","3":"status-publish","4":"has-post-thumbnail","6":"entry"},"featured_image_src":"https:\/\/coinkickoff.com\/wp-content\/uploads\/v2-3dgz8-pee1q-600x400.jpg","featured_image_src_square":"https:\/\/coinkickoff.com\/wp-content\/uploads\/v2-3dgz8-pee1q-600x600.jpg","_links":{"self":[{"href":"https:\/\/coinkickoff.com\/lt\/wp-json\/wp\/v2\/pages\/4595","targetHints":{"allow":["GET"]}}],"collection":[{"href":"https:\/\/coinkickoff.com\/lt\/wp-json\/wp\/v2\/pages"}],"about":[{"href":"https:\/\/coinkickoff.com\/lt\/wp-json\/wp\/v2\/types\/page"}],"author":[{"embeddable":true,"href":"https:\/\/coinkickoff.com\/lt\/wp-json\/wp\/v2\/users\/1"}],"replies":[{"embeddable":true,"href":"https:\/\/coinkickoff.com\/lt\/wp-json\/wp\/v2\/comments?post=4595"}],"version-history":[{"count":3,"href":"https:\/\/coinkickoff.com\/lt\/wp-json\/wp\/v2\/pages\/4595\/revisions"}],"predecessor-version":[{"id":4602,"href":"https:\/\/coinkickoff.com\/lt\/wp-json\/wp\/v2\/pages\/4595\/revisions\/4602"}],"up":[{"embeddable":true,"href":"https:\/\/coinkickoff.com\/lt\/wp-json\/wp\/v2\/pages\/4440"}],"wp:featuredmedia":[{"embeddable":true,"href":"https:\/\/coinkickoff.com\/lt\/wp-json\/wp\/v2\/media\/4599"}],"wp:attachment":[{"href":"https:\/\/coinkickoff.com\/lt\/wp-json\/wp\/v2\/media?parent=4595"}],"curies":[{"name":"wp","href":"https:\/\/api.w.org\/{rel}","templated":true}]}}