{"id":4585,"date":"2026-01-08T14:07:59","date_gmt":"2026-01-08T14:07:59","guid":{"rendered":"https:\/\/coinkickoff.com\/?page_id=4585"},"modified":"2026-01-08T14:07:59","modified_gmt":"2026-01-08T14:07:59","slug":"how-is-bitcoin-blackjack-different","status":"publish","type":"page","link":"https:\/\/coinkickoff.com\/lt\/bitcoin-casino\/how-is-bitcoin-blackjack-different\/","title":{"rendered":"Kuo Bitcoin Blackjack skiriasi nuo \u012fprasto Blackjack?"},"content":{"rendered":"<p><em>Atsakomyb\u0117s apribojimas: lo\u0161imas susij\u0119s su didele finansine rizika. Pra\u0161ome lo\u0161ti tik tais pinigais, kuriuos galite sau leisti prarasti. Toliau pateikta informacija yra tik informacinio pob\u016bd\u017eio. Mums gali b\u016bti mokami komisiniai, jei u\u017esiregistruosite ir pralo\u0161ite pinigus bet kuriame i\u0161 \u0161i\u0173 lo\u0161im\u0173 <a href=\"https:\/\/coinkickoff.com\/lt\/bitcoin-casino\/\" data-internallinksmanager029f6b8e52c=\"200\" title=\"3 geriausi Bitcoin kriptovaliut\u0173 kazino su premijomis\">kazino<\/a>. Ne visi kazino yra prieinami visose \u0161alyse. Manome, kad visa informacija buvo teisinga jos paskelbimo metu, ta\u010diau v\u0117liau ji gal\u0117jo pasikeisti.<\/em><\/p>\n<div id=\"ez-toc-container\" class=\"ez-toc-v2_0_80 counter-hierarchy ez-toc-counter ez-toc-transparent ez-toc-container-direction\">\n<div class=\"ez-toc-title-container\">\n<p class=\"ez-toc-title\" style=\"cursor:inherit\">Skyriai<\/p>\n<span class=\"ez-toc-title-toggle\"><a href=\"#\" class=\"ez-toc-pull-right ez-toc-btn ez-toc-btn-xs ez-toc-btn-default ez-toc-toggle\" aria-label=\"Perjungti turinio lentel\u0119\"><span class=\"ez-toc-js-icon-con\"><span class=\"\"><span class=\"eztoc-hide\" style=\"display:none;\">Perjungti<\/span><span class=\"ez-toc-icon-toggle-span\"><svg style=\"fill: #999;color:#999\" xmlns=\"http:\/\/www.w3.org\/2000\/svg\" class=\"list-377408\" width=\"20px\" height=\"20px\" viewbox=\"0 0 24 24\" fill=\"none\"><path d=\"M6 6H4v2h2V6zm14 0H8v2h12V6zM4 11h2v2H4v-2zm16 0H8v2h12v-2zM4 16h2v2H4v-2zm16 0H8v2h12v-2z\" fill=\"currentColor\"><\/path><\/svg><svg style=\"fill: #999;color:#999\" class=\"arrow-unsorted-368013\" xmlns=\"http:\/\/www.w3.org\/2000\/svg\" width=\"10px\" height=\"10px\" viewbox=\"0 0 24 24\" version=\"1.2\" baseprofile=\"tiny\"><path d=\"M18.2 9.3l-6.2-6.3-6.2 6.3c-.2.2-.3.4-.3.7s.1.5.3.7c.2.2.4.3.7.3h11c.3 0 .5-.1.7-.3.2-.2.3-.5.3-.7s-.1-.5-.3-.7zM5.8 14.7l6.2 6.3 6.2-6.3c.2-.2.3-.5.3-.7s-.1-.5-.3-.7c-.2-.2-.4-.3-.7-.3h-11c-.3 0-.5.1-.7.3-.2.2-.3.5-.3.7s.1.5.3.7z\"\/><\/svg><\/span><\/span><\/span><\/a><\/span><\/div>\n<nav><ul class='ez-toc-list ez-toc-list-level-1 eztoc-toggle-hide-by-default' ><li class='ez-toc-page-1 ez-toc-heading-level-2'><a class=\"ez-toc-link ez-toc-heading-1\" href=\"https:\/\/coinkickoff.com\/lt\/bitcoin-casino\/how-is-bitcoin-blackjack-different\/#Fundamentals_of_Bitcoin_Blackjack\" >Bitcoin Blackjack pagrindai<\/a><ul class='ez-toc-list-level-3' ><li class='ez-toc-heading-level-3'><a class=\"ez-toc-link ez-toc-heading-2\" href=\"https:\/\/coinkickoff.com\/lt\/bitcoin-casino\/how-is-bitcoin-blackjack-different\/#Definition_and_Operation\" >Apibr\u0117\u017eimas ir veikimas<\/a><\/li><li class='ez-toc-page-1 ez-toc-heading-level-3'><a class=\"ez-toc-link ez-toc-heading-3\" href=\"https:\/\/coinkickoff.com\/lt\/bitcoin-casino\/how-is-bitcoin-blackjack-different\/#Key_Differences_From_Traditional_Blackjack\" >Pagrindiniai skirtumai nuo tradicinio Blackjack \u017eaidimo<\/a><\/li><\/ul><\/li><li class='ez-toc-page-1 ez-toc-heading-level-2'><a class=\"ez-toc-link ez-toc-heading-4\" href=\"https:\/\/coinkickoff.com\/lt\/bitcoin-casino\/how-is-bitcoin-blackjack-different\/#Gameplay_Specifics\" >\u017daidimo specifika<\/a><ul class='ez-toc-list-level-3' ><li class='ez-toc-heading-level-3'><a class=\"ez-toc-link ez-toc-heading-5\" href=\"https:\/\/coinkickoff.com\/lt\/bitcoin-casino\/how-is-bitcoin-blackjack-different\/#Digital_Transactions_in_Gameplay\" >Skaitmeniniai sandoriai \u017eaidimuose<\/a><\/li><li class='ez-toc-page-1 ez-toc-heading-level-3'><a class=\"ez-toc-link ez-toc-heading-6\" href=\"https:\/\/coinkickoff.com\/lt\/bitcoin-casino\/how-is-bitcoin-blackjack-different\/#Use_of_Provably_Fair_Algorithms\" >\u012erodomai s\u0105\u017eining\u0173 algoritm\u0173 naudojimas<\/a><\/li><li class='ez-toc-page-1 ez-toc-heading-level-3'><a class=\"ez-toc-link ez-toc-heading-7\" href=\"https:\/\/coinkickoff.com\/lt\/bitcoin-casino\/how-is-bitcoin-blackjack-different\/#Privacy_and_Anonymity_Aspects\" >Privatumo ir anonimi\u0161kumo aspektai<\/a><\/li><\/ul><\/li><li class='ez-toc-page-1 ez-toc-heading-level-2'><a class=\"ez-toc-link ez-toc-heading-8\" href=\"https:\/\/coinkickoff.com\/lt\/bitcoin-casino\/how-is-bitcoin-blackjack-different\/#Considerations_for_Players\" >Svarstymai \u017eaid\u0117jams<\/a><ul class='ez-toc-list-level-3' ><li class='ez-toc-heading-level-3'><a class=\"ez-toc-link ez-toc-heading-9\" href=\"https:\/\/coinkickoff.com\/lt\/bitcoin-casino\/how-is-bitcoin-blackjack-different\/#Volatility_of_Bitcoin_Value\" >Bitcoin vert\u0117s kintamumas<\/a><\/li><li class='ez-toc-page-1 ez-toc-heading-level-3'><a class=\"ez-toc-link ez-toc-heading-10\" href=\"https:\/\/coinkickoff.com\/lt\/bitcoin-casino\/how-is-bitcoin-blackjack-different\/#Legal_and_Regulatory_Implications\" >Teisin\u0117s ir reguliavimo pasekm\u0117s<\/a><\/li><li class='ez-toc-page-1 ez-toc-heading-level-3'><a class=\"ez-toc-link ez-toc-heading-11\" href=\"https:\/\/coinkickoff.com\/lt\/bitcoin-casino\/how-is-bitcoin-blackjack-different\/#Security_and_Trustworthiness\" >Saugumas ir patikimumas<\/a><\/li><\/ul><\/li><li class='ez-toc-page-1 ez-toc-heading-level-2'><a class=\"ez-toc-link ez-toc-heading-12\" href=\"https:\/\/coinkickoff.com\/lt\/bitcoin-casino\/how-is-bitcoin-blackjack-different\/#Frequently_Asked_Questions\" >Da\u017enai u\u017eduodami klausimai<\/a><ul class='ez-toc-list-level-3' ><li class='ez-toc-heading-level-3'><a class=\"ez-toc-link ez-toc-heading-13\" href=\"https:\/\/coinkickoff.com\/lt\/bitcoin-casino\/how-is-bitcoin-blackjack-different\/#What_are_the_differences_in_transaction_methods_between_Bitcoin_Blackjack_and_traditional_Blackjack\" >Kuo skiriasi Bitcoin Blackjack ir tradicinio Blackjack sandori\u0173 sudarymo b\u016bdai?<\/a><\/li><li class='ez-toc-page-1 ez-toc-heading-level-3'><a class=\"ez-toc-link ez-toc-heading-14\" href=\"https:\/\/coinkickoff.com\/lt\/bitcoin-casino\/how-is-bitcoin-blackjack-different\/#Does_the_use_of_Bitcoin_in_Blackjack_affect_game_anonymity\" >Ar Bitcoin naudojimas Blackjack \u017eaidime turi \u012ftakos \u017eaidimo anonimi\u0161kumui?<\/a><\/li><li class='ez-toc-page-1 ez-toc-heading-level-3'><a class=\"ez-toc-link ez-toc-heading-15\" href=\"https:\/\/coinkickoff.com\/lt\/bitcoin-casino\/how-is-bitcoin-blackjack-different\/#Are_there_any_variations_in_game_rules_for_Blackjack_when_playing_with_Bitcoin\" >Ar \u017eaid\u017eiant su Bitcoin yra koki\u0173 nors Blackjack \u017eaidimo taisykli\u0173 skirtum\u0173?<\/a><\/li><li class='ez-toc-page-1 ez-toc-heading-level-3'><a class=\"ez-toc-link ez-toc-heading-16\" href=\"https:\/\/coinkickoff.com\/lt\/bitcoin-casino\/how-is-bitcoin-blackjack-different\/#How_do_the_odds_or_payouts_differ_in_Bitcoin_Blackjack_compared_to_regular_Blackjack\" >Kuo skiriasi Bitcoin Blackjack \u0161ansai ar i\u0161mok\u0117jimai, palyginti su \u012fprastu Blackjack \u017eaidimu?<\/a><\/li><li class='ez-toc-page-1 ez-toc-heading-level-3'><a class=\"ez-toc-link ez-toc-heading-17\" href=\"https:\/\/coinkickoff.com\/lt\/bitcoin-casino\/how-is-bitcoin-blackjack-different\/#What_security_measures_are_unique_to_Bitcoin_Blackjack_games\" >Kokios saugumo priemon\u0117s b\u016bdingos tik Bitcoin Blackjack \u017eaidimams?<\/a><\/li><li class='ez-toc-page-1 ez-toc-heading-level-3'><a class=\"ez-toc-link ez-toc-heading-18\" href=\"https:\/\/coinkickoff.com\/lt\/bitcoin-casino\/how-is-bitcoin-blackjack-different\/#Can_Bitcoin_Blackjack_be_played_from_regions_where_traditional_online_gambling_is_restricted\" >Ar Bitcoin Blackjack galima \u017eaisti regionuose, kuriuose tradiciniai internetiniai lo\u0161imai yra ribojami?<\/a><\/li><\/ul><\/li><\/ul><\/nav><\/div>\n<h2><span class=\"ez-toc-section\" id=\"Fundamentals_of_Bitcoin_Blackjack\"><\/span>Bitcoin Blackjack pagrindai<span class=\"ez-toc-section-end\"><\/span><\/h2>\n<p><img decoding=\"async\" src=\"https:\/\/coinkickoff.com\/wp-content\/uploads\/v2-3dgvp-hoj5o.jpg\" alt=\"\"><\/p>\n<p><a href=\"https:\/\/coinkickoff.com\/lt\/bitcoin-casino\/how-to-play-crypto-blackjack\/\" data-internallinksmanager029f6b8e52c=\"204\" title=\"Kaip \u017eaisti kriptovaliut\u0173 blekd\u017eek\u0105: kaip \u012fvaldyti \u017eaidim\u0105 internete\">Bitcoin Blackjack<\/a> sujungia kriptovaliut\u0173 technologij\u0105 su tradiciniu Blackjack \u017eaidimu ir si\u016blo unikalias funkcijas, atitinkan\u010dias dabartines technologines tendencijas.<\/p>\n<h3><span class=\"ez-toc-section\" id=\"Definition_and_Operation\"><\/span>Apibr\u0117\u017eimas ir veikimas<span class=\"ez-toc-section-end\"><\/span><\/h3>\n<p>Bitcoin Blackjack - tai skaitmeninis tradicinio kazino \u017eaidimo variantas, \u017eaid\u017eiamas naudojant Bitcoin - skaitmenin\u0119 valiut\u0105. \u017daid\u0117jai gali atlikti statymus, gauti i\u0161mokas ir atlikti visas finansines operacijas naudodami Bitcoin. Operacija priklauso nuo blok\u0173 grandin\u0117s, tod\u0117l u\u017etikrinamas skaidrumas ir saugumas. Pagrindiniai komponentai:<\/p>\n<ul>\n<li>Bitcoin Pinigin\u0117s: \u017daid\u0117jai jas naudoja l\u0117\u0161oms \u012fne\u0161ti ir i\u0161imti.<\/li>\n<li>\u012etikinamai s\u0105\u017eininga technologija: Leid\u017eia \u017eaid\u0117jams patikrinti kiekvieno padalijimo ar padalinim\u0173 s\u0105\u017einingum\u0105.<\/li>\n<\/ul>\n<h3><span class=\"ez-toc-section\" id=\"Key_Differences_From_Traditional_Blackjack\"><\/span>Pagrindiniai skirtumai nuo tradicinio Blackjack \u017eaidimo<span class=\"ez-toc-section-end\"><\/span><\/h3>\n<p>Lyginant su tradiciniu Bitcoin Blackjack \u017eaidimu, jis skiriasi:<\/p>\n<p><strong>Finansiniai sandoriai<\/strong>: Bitcoin Blackjack garantuoja tiesioginius ind\u0117lius ir pinig\u0173 i\u0161\u0117mimus, apeinant tradicinius bankinius procesus ir mokes\u010dius.<\/p>\n<p><strong>Anonimi\u0161kumas<\/strong>: \u017daid\u0117jai da\u017enai m\u0117gaujasi didesniu privatumu, nes Bitcoin sandoriams nereikia pateikti toki\u0173 pat asmens duomen\u0173 kaip fiat valiutoms.<\/p>\n<p><strong>Visuotin\u0117 prieiga<\/strong>: Neb\u016bdamas susietas su centriniu banku, Bitcoin leid\u017eia \u017eaid\u0117jams i\u0161 \u012fvairi\u0173 jurisdikcij\u0173 dalyvauti be vietini\u0173 azartini\u0173 lo\u0161im\u0173 taisykli\u0173 apribojim\u0173.<\/p>\n<p><strong>\u017daidimo s\u0105\u017einingumas<\/strong>: Naudojant blok\u0173 grandin\u0117s technologij\u0105 sukuriama \u012frodomai s\u0105\u017eininga sistema, leid\u017eianti \u017eaid\u0117jams patikrinti kiekvieno \u017eaidimo raundo atsitiktinum\u0105 ir s\u0105\u017einingum\u0105.<\/p>\n<h2><span class=\"ez-toc-section\" id=\"Gameplay_Specifics\"><\/span>\u017daidimo specifika<span class=\"ez-toc-section-end\"><\/span><\/h2>\n<p><img decoding=\"async\" src=\"https:\/\/coinkickoff.com\/wp-content\/uploads\/v2-3dgw4-jjeu5.jpg\" alt=\"\"><\/p>\n<p>Internetini\u0173 lo\u0161im\u0173 srityje \"Bitcoin Blackjack\" suteikia reik\u0161ming\u0173 poky\u010di\u0173 sandori\u0173 procesuose ir saugumo protokoluose, kurie i\u0161 esm\u0117s pagerina \u017eaid\u0117j\u0173 patirt\u012f.<\/p>\n<h3><span class=\"ez-toc-section\" id=\"Digital_Transactions_in_Gameplay\"><\/span>Skaitmeniniai sandoriai \u017eaidimuose<span class=\"ez-toc-section-end\"><\/span><\/h3>\n<p>Bitcoin Blackjack leid\u017eia naudoti kriptovaliut\u0105 statymams ir i\u0161mok\u0117jimams. \u017daid\u0117jai turi <strong>u\u017estatas Bitcoin<\/strong> \u012f savo kazino pinigin\u0119 prad\u0117ti, ir <a href=\"https:\/\/coinkickoff.com\/lt\/bitcoin-casino\/cash-in-bitcoin-casino-winnings\/\" data-internallinksmanager029f6b8e52c=\"211\" title=\"Kaip i\u0161gryninti Bitcoin kazino laim\u0117jimus: \u017dingsnis po \u017eingsnio vadovas\">laim\u0117jimai<\/a> yra <strong>i\u0161mok\u0117ta Bitcoin<\/strong>, paprastai u\u017etikrinantys greitesn\u012f sandori\u0173 atlikimo laik\u0105 nei tradicin\u0117 valiuta.<\/p>\n<h3><span class=\"ez-toc-section\" id=\"Use_of_Provably_Fair_Algorithms\"><\/span>\u012erodomai s\u0105\u017eining\u0173 algoritm\u0173 naudojimas<span class=\"ez-toc-section-end\"><\/span><\/h3>\n<p>\"Bitcoin Blackjack\" technologijoje naudojama <strong>\u012frodomai s\u0105\u017einingi algoritmai<\/strong>u\u017etikrinant skaidrum\u0105 ir teisingum\u0105. \u017daid\u0117jai gauna u\u017e\u0161ifruotas naudojamos kalad\u0117s hashes, o po \u017eaidimo gali patikrinti, ar kortos tikrai buvo dalijamos atsitiktine tvarka, atlikdami \u0161iuos veiksmus:<\/p>\n<ol>\n<li>Prie\u0161 pradedant \u017eaidim\u0105 gaukite u\u017e\u0161ifruot\u0105 hash reik\u0161m\u0119.<\/li>\n<li>\u017daidimo metu atkreipkite d\u0117mes\u012f \u012f korteli\u0173 rezultatus.<\/li>\n<li>Po \u017eaidimo naudokite algoritm\u0105, kad i\u0161\u0161ifruotum\u0117te slapta\u017eod\u012f ir palygintum\u0117te j\u012f su \u017eaidimo rezultatu.<\/li>\n<\/ol>\n<h3><span class=\"ez-toc-section\" id=\"Privacy_and_Anonymity_Aspects\"><\/span>Privatumo ir anonimi\u0161kumo aspektai<span class=\"ez-toc-section-end\"><\/span><\/h3>\n<p>Bitcoin sandoriams nereikia pateikti asmenin\u0117s informacijos, tod\u0117l u\u017etikrinamas didesnis privatumas. \u017daid\u0117jai gali dalyvauti Blackjack \u017eaidimuose neatskleisdami konfidenciali\u0173 duomen\u0173, taip pritraukdami asmenis, kurie teikia pirmenyb\u0119 <em>anonimi\u0161kumas<\/em> internetin\u0117je veikloje.<\/p>\n<h2><span class=\"ez-toc-section\" id=\"Considerations_for_Players\"><\/span>Svarstymai \u017eaid\u0117jams<span class=\"ez-toc-section-end\"><\/span><\/h2>\n<p><img decoding=\"async\" src=\"https:\/\/coinkickoff.com\/wp-content\/uploads\/v2-3dgws-32uf3.jpg\" alt=\"\"><\/p>\n<p>Kai \u017eaid\u0117jai pereina nuo tradicinio blackjack prie Bitcoin blackjack, jie turi \u017einoti apie tokius veiksnius kaip kriptovaliutos svyravimai, teisiniai aspektai ir interneto platform\u0173 saugumo priemon\u0117s.<\/p>\n<h3><span class=\"ez-toc-section\" id=\"Volatility_of_Bitcoin_Value\"><\/span>Bitcoin vert\u0117s kintamumas<span class=\"ez-toc-section-end\"><\/span><\/h3>\n<p><strong>Bitcoin kaina svyruoja<\/strong> \u017eenkliai, o tai gali tur\u0117ti \u012ftakos \u017eaid\u0117j\u0173 statom\u0173 pinig\u0173 sumai. Pavyzd\u017eiui:<\/p>\n<ul>\n<li><strong>Kai Bitcoin vert\u0117 padid\u0117ja<\/strong>: 0,01 BTC statymas vien\u0105 dien\u0105 gali b\u016bti vertas $50, o kit\u0105 - $100.<\/li>\n<li><strong>Kai Bitcoin vert\u0117 suma\u017e\u0117ja<\/strong>: Laim\u0117jimai gali prarasti savo vert\u0119 iki j\u0173 atsi\u0117mimo, o tai turi \u012ftakos bendram pelningumui.<\/li>\n<\/ul>\n<h3><span class=\"ez-toc-section\" id=\"Legal_and_Regulatory_Implications\"><\/span>Teisin\u0117s ir reguliavimo pasekm\u0117s<span class=\"ez-toc-section-end\"><\/span><\/h3>\n<p>\u012evairiose jurisdikcijose galioja skirtingi \u012fstatymai d\u0117l <strong>cryptocurrency lo\u0161imai<\/strong>. \u017daid\u0117jai tur\u0117t\u0173 apsvarstyti:<\/p>\n<ul>\n<li><strong>Teis\u0117tumas<\/strong>: Kai kuriuose regionuose Bitcoin naudojimas Blackjack \u017eaidimui yra teis\u0117tas, o kituose - reguliuojamas arba draud\u017eiamas.<\/li>\n<li><strong>Mokes\u010di\u0173 poveikis<\/strong>: Laim\u0117jimams Bitcoin gali b\u016bti taikomi kitokie mokes\u010diai nei tradicine valiuta, tod\u0117l b\u016btina atlikti papildom\u0105 patikrinim\u0105.<\/li>\n<\/ul>\n<h3><span class=\"ez-toc-section\" id=\"Security_and_Trustworthiness\"><\/span>Saugumas ir patikimumas<span class=\"ez-toc-section-end\"><\/span><\/h3>\n<p>Labai svarbu pasirinkti patikim\u0105 Bitcoin Blackjack teik\u0117j\u0105. \u017daid\u0117jai tur\u0117t\u0173 ie\u0161koti:<\/p>\n<ul>\n<li><strong>Skaidrios operacijos<\/strong>: Gerai \u017einomose svetain\u0117se pateikiama ai\u0161ki informacija apie j\u0173 \u017eaidim\u0173 s\u0105\u017einingum\u0105 ir veiklos licencijas.<\/li>\n<li><strong>Saugumo priemon\u0117s<\/strong>: Tinkama apsauga, pvz. <strong>dviej\u0173 veiksni\u0173 autentifikavimas<\/strong> ir <strong>SSL \u0161ifravimas<\/strong> apsaugoti \u017eaid\u0117j\u0173 l\u0117\u0161as ir asmens duomenis.<\/li>\n<\/ul>\n<h2><span class=\"ez-toc-section\" id=\"Frequently_Asked_Questions\"><\/span>Da\u017enai u\u017eduodami klausimai<span class=\"ez-toc-section-end\"><\/span><\/h2>\n<p><img decoding=\"async\" src=\"https:\/\/coinkickoff.com\/wp-content\/uploads\/v2-3dgx9-wx3hk.jpg\" alt=\"\"><\/p>\n<p>Tolesniuose poskyriuose atsakoma \u012f da\u017eniausiai u\u017eduodamus klausimus apie Bitcoin Blackjack ir tradicinio Blackjack skirtumus, daugiausia d\u0117mesio skiriant sandori\u0173 skirtumams, anonimi\u0161kumui, \u017eaidimo taisykl\u0117ms, koeficientams, saugumo priemon\u0117ms ir prieinamumui.<\/p>\n<h3><span class=\"ez-toc-section\" id=\"What_are_the_differences_in_transaction_methods_between_Bitcoin_Blackjack_and_traditional_Blackjack\"><\/span>Kuo skiriasi Bitcoin Blackjack ir tradicinio Blackjack sandori\u0173 sudarymo b\u016bdai?<span class=\"ez-toc-section-end\"><\/span><\/h3>\n<p>Bitcoin Blackjack la\u017eyboms ir i\u0161mokoms naudojamos kriptovaliutos, pirmiausia Bitcoin, tod\u0117l sandoriai atliekami grei\u010diau, o apdorojimo mokes\u010diai da\u017enai b\u016bna ma\u017eesni. Tradicinis Blackjack paprastai remiasi fiat valiutomis, kurios apdorojamos per \u012fvairias mok\u0117jimo sistemas, pavyzd\u017eiui, kreditines korteles, banko pervedimus ar elektronines pinigines.<\/p>\n<h3><span class=\"ez-toc-section\" id=\"Does_the_use_of_Bitcoin_in_Blackjack_affect_game_anonymity\"><\/span>Ar Bitcoin naudojimas Blackjack \u017eaidime turi \u012ftakos \u017eaidimo anonimi\u0161kumui?<span class=\"ez-toc-section-end\"><\/span><\/h3>\n<p>\u017daisdami Blackjack \u017eaidim\u0105 su Bitcoin galite u\u017etikrinti didesn\u012f anonimi\u0161kum\u0105, nes atliekant operacijas nereikia pateikti asmenin\u0117s finansin\u0117s informacijos. Ta\u010diau \u017eaid\u0117jai turi atkreipti d\u0117mes\u012f, kad visi\u0161kas anonimi\u0161kumas gali b\u016bti neu\u017etikrintas d\u0117l platformos politikos ar reguliavimo reikalavim\u0173.<\/p>\n<h3><span class=\"ez-toc-section\" id=\"Are_there_any_variations_in_game_rules_for_Blackjack_when_playing_with_Bitcoin\"><\/span>Ar \u017eaid\u017eiant su Bitcoin yra koki\u0173 nors Blackjack \u017eaidimo taisykli\u0173 skirtum\u0173?<span class=\"ez-toc-section-end\"><\/span><\/h3>\n<p>Pagrindin\u0117s Blackjack \u017eaidimo taisykl\u0117s Bitcoin Blackjack \u017eaidime i\u0161lieka nepakitusios. \u017daid\u0117jai siekia nugal\u0117ti dalintoj\u0105 priart\u0117dami prie 21 ta\u0161ko ir jo nevir\u0161ydami. Nepaisant to, kai kurie Bitcoin kazino gali pasi\u016blyti unikali\u0173 variant\u0173 ar papildom\u0173 statym\u0173, b\u016bding\u0173 j\u0173 platformai.<\/p>\n<h3><span class=\"ez-toc-section\" id=\"How_do_the_odds_or_payouts_differ_in_Bitcoin_Blackjack_compared_to_regular_Blackjack\"><\/span>Kuo skiriasi Bitcoin Blackjack \u0161ansai ar i\u0161mok\u0117jimai, palyginti su \u012fprastu Blackjack \u017eaidimu?<span class=\"ez-toc-section-end\"><\/span><\/h3>\n<p>Bitcoin blekd\u017eeko koeficientai ir i\u0161mok\u0117jimai paprastai yra tokie patys kaip ir tradicinio blekd\u017eeko, laikantis standartin\u0117s kazino praktikos. Ta\u010diau Bitcoin kazino gali si\u016blyti patrauklesnius koeficientus arba premij\u0173 i\u0161mokas, kad priviliot\u0173 \u017eaid\u0117jus naudoti kriptovaliutas.<\/p>\n<h3><span class=\"ez-toc-section\" id=\"What_security_measures_are_unique_to_Bitcoin_Blackjack_games\"><\/span>Kokios saugumo priemon\u0117s b\u016bdingos tik Bitcoin Blackjack \u017eaidimams?<span class=\"ez-toc-section-end\"><\/span><\/h3>\n<p>Bitcoin Blackjack naudojama blok\u0173 grandin\u0117s technologija, u\u017etikrinanti decentralizuot\u0105 sandori\u0173 tikrinim\u0105 ir didesn\u012f saugum\u0105. Kai kuriuose kazino taip pat si\u016blomi \u012ftikinamai s\u0105\u017einingi algoritmai, leid\u017eiantys \u017eaid\u0117jams patikrinti kiekvieno padalijimo s\u0105\u017einingum\u0105 po to, kai jis su\u017eaid\u017eiamas.<\/p>\n<h3><span class=\"ez-toc-section\" id=\"Can_Bitcoin_Blackjack_be_played_from_regions_where_traditional_online_gambling_is_restricted\"><\/span>Ar Bitcoin Blackjack galima \u017eaisti regionuose, kuriuose tradiciniai internetiniai lo\u0161imai yra ribojami?<span class=\"ez-toc-section-end\"><\/span><\/h3>\n<p>D\u0117l decentralizuoto Bitcoin blekd\u017eekas kartais gali b\u016bti prieinamas i\u0161 jurisdikcij\u0173, kuriose tradiciniams internetiniams lo\u0161imams taikomi apribojimai, nes Bitcoin yra decentralizuotas. Ta\u010diau \u017eaid\u0117jai tur\u0117t\u0173 \u017einoti vietos \u012fstatymus, nes taisykl\u0117s gali b\u016bti labai skirtingos ir laikui b\u0117gant keistis.<\/p>","protected":false},"excerpt":{"rendered":"<p>Atsakomyb\u0117s apribojimas: lo\u0161imas susij\u0119s su didele finansine rizika. Pra\u0161ome lo\u0161ti tik tais pinigais, kuriuos galite sau leisti prarasti. Toliau pateikta informacija yra tik informacinio pob\u016bd\u017eio. Mums gali b\u016bti mokami komisiniai, jei u\u017esiregistruosite ir pralo\u0161ite pinigus bet kuriame i\u0161 \u0161i\u0173 kazino. Ne visi kazino prieinami visose \u0161alyse. Visa informacija, kuri\u0105 pateikiame, yra [...]<\/p>","protected":false},"author":1,"featured_media":4586,"parent":4440,"menu_order":0,"comment_status":"closed","ping_status":"closed","template":"","meta":{"_genesis_hide_title":false,"_genesis_hide_breadcrumbs":false,"_genesis_hide_singular_image":false,"_genesis_hide_footer_widgets":false,"_genesis_custom_body_class":"","_genesis_custom_post_class":"","_genesis_layout":"","_glsr_average":0,"_glsr_ranking":0,"_glsr_reviews":0,"footnotes":""},"class_list":{"0":"post-4585","1":"page","2":"type-page","3":"status-publish","4":"has-post-thumbnail","6":"entry"},"featured_image_src":"https:\/\/coinkickoff.com\/wp-content\/uploads\/v2-3dgvp-hoj5o-600x400.jpg","featured_image_src_square":"https:\/\/coinkickoff.com\/wp-content\/uploads\/v2-3dgvp-hoj5o-600x600.jpg","_links":{"self":[{"href":"https:\/\/coinkickoff.com\/lt\/wp-json\/wp\/v2\/pages\/4585","targetHints":{"allow":["GET"]}}],"collection":[{"href":"https:\/\/coinkickoff.com\/lt\/wp-json\/wp\/v2\/pages"}],"about":[{"href":"https:\/\/coinkickoff.com\/lt\/wp-json\/wp\/v2\/types\/page"}],"author":[{"embeddable":true,"href":"https:\/\/coinkickoff.com\/lt\/wp-json\/wp\/v2\/users\/1"}],"replies":[{"embeddable":true,"href":"https:\/\/coinkickoff.com\/lt\/wp-json\/wp\/v2\/comments?post=4585"}],"version-history":[{"count":3,"href":"https:\/\/coinkickoff.com\/lt\/wp-json\/wp\/v2\/pages\/4585\/revisions"}],"predecessor-version":[{"id":4592,"href":"https:\/\/coinkickoff.com\/lt\/wp-json\/wp\/v2\/pages\/4585\/revisions\/4592"}],"up":[{"embeddable":true,"href":"https:\/\/coinkickoff.com\/lt\/wp-json\/wp\/v2\/pages\/4440"}],"wp:featuredmedia":[{"embeddable":true,"href":"https:\/\/coinkickoff.com\/lt\/wp-json\/wp\/v2\/media\/4586"}],"wp:attachment":[{"href":"https:\/\/coinkickoff.com\/lt\/wp-json\/wp\/v2\/media?parent=4585"}],"curies":[{"name":"wp","href":"https:\/\/api.w.org\/{rel}","templated":true}]}}