{"id":4575,"date":"2026-01-08T14:08:04","date_gmt":"2026-01-08T14:08:04","guid":{"rendered":"https:\/\/coinkickoff.com\/?page_id=4575"},"modified":"2026-01-08T14:08:04","modified_gmt":"2026-01-08T14:08:04","slug":"how-are-bitcoin-casinos-different","status":"publish","type":"page","link":"https:\/\/coinkickoff.com\/lt\/bitcoin-casino\/how-are-bitcoin-casinos-different\/","title":{"rendered":"Kuo Bitcoin kazino skiriasi nuo tradicini\u0173?"},"content":{"rendered":"<p><em>Atsakomyb\u0117s apribojimas: lo\u0161imas susij\u0119s su didele finansine rizika. Pra\u0161ome lo\u0161ti tik tais pinigais, kuriuos galite sau leisti prarasti. Toliau pateikta informacija yra tik informacinio pob\u016bd\u017eio. Mums gali b\u016bti mokami komisiniai, jei u\u017esiregistruosite ir pralo\u0161ite pinigus bet kuriame i\u0161 \u0161i\u0173 lo\u0161im\u0173 <a href=\"https:\/\/coinkickoff.com\/lt\/bitcoin-casino\/\" data-internallinksmanager029f6b8e52c=\"200\" title=\"3 geriausi Bitcoin kriptovaliut\u0173 kazino su premijomis\">kazino<\/a>. Ne visi kazino yra prieinami visose \u0161alyse. Manome, kad visa informacija buvo teisinga jos paskelbimo metu, ta\u010diau v\u0117liau ji gal\u0117jo pasikeisti.<\/em><\/p>\n<div id=\"ez-toc-container\" class=\"ez-toc-v2_0_80 counter-hierarchy ez-toc-counter ez-toc-transparent ez-toc-container-direction\">\n<div class=\"ez-toc-title-container\">\n<p class=\"ez-toc-title\" style=\"cursor:inherit\">Skyriai<\/p>\n<span class=\"ez-toc-title-toggle\"><a href=\"#\" class=\"ez-toc-pull-right ez-toc-btn ez-toc-btn-xs ez-toc-btn-default ez-toc-toggle\" aria-label=\"Perjungti turinio lentel\u0119\"><span class=\"ez-toc-js-icon-con\"><span class=\"\"><span class=\"eztoc-hide\" style=\"display:none;\">Perjungti<\/span><span class=\"ez-toc-icon-toggle-span\"><svg style=\"fill: #999;color:#999\" xmlns=\"http:\/\/www.w3.org\/2000\/svg\" class=\"list-377408\" width=\"20px\" height=\"20px\" viewbox=\"0 0 24 24\" fill=\"none\"><path d=\"M6 6H4v2h2V6zm14 0H8v2h12V6zM4 11h2v2H4v-2zm16 0H8v2h12v-2zM4 16h2v2H4v-2zm16 0H8v2h12v-2z\" fill=\"currentColor\"><\/path><\/svg><svg style=\"fill: #999;color:#999\" class=\"arrow-unsorted-368013\" xmlns=\"http:\/\/www.w3.org\/2000\/svg\" width=\"10px\" height=\"10px\" viewbox=\"0 0 24 24\" version=\"1.2\" baseprofile=\"tiny\"><path d=\"M18.2 9.3l-6.2-6.3-6.2 6.3c-.2.2-.3.4-.3.7s.1.5.3.7c.2.2.4.3.7.3h11c.3 0 .5-.1.7-.3.2-.2.3-.5.3-.7s-.1-.5-.3-.7zM5.8 14.7l6.2 6.3 6.2-6.3c.2-.2.3-.5.3-.7s-.1-.5-.3-.7c-.2-.2-.4-.3-.7-.3h-11c-.3 0-.5.1-.7.3-.2.2-.3.5-.3.7s.1.5.3.7z\"\/><\/svg><\/span><\/span><\/span><\/a><\/span><\/div>\n<nav><ul class='ez-toc-list ez-toc-list-level-1 eztoc-toggle-hide-by-default' ><li class='ez-toc-page-1 ez-toc-heading-level-2'><a class=\"ez-toc-link ez-toc-heading-1\" href=\"https:\/\/coinkickoff.com\/lt\/bitcoin-casino\/how-are-bitcoin-casinos-different\/#Fundamental_Differences_Between_Bitcoin_and_Traditional_Casinos\" >Esminiai Bitcoin ir tradicini\u0173 kazino skirtumai<\/a><ul class='ez-toc-list-level-3' ><li class='ez-toc-heading-level-3'><a class=\"ez-toc-link ez-toc-heading-2\" href=\"https:\/\/coinkickoff.com\/lt\/bitcoin-casino\/how-are-bitcoin-casinos-different\/#Currency_Used_for_Transactions\" >Sandoriams naudojama valiuta<\/a><\/li><li class='ez-toc-page-1 ez-toc-heading-level-3'><a class=\"ez-toc-link ez-toc-heading-3\" href=\"https:\/\/coinkickoff.com\/lt\/bitcoin-casino\/how-are-bitcoin-casinos-different\/#Operational_Transparency\" >Veiklos skaidrumas<\/a><\/li><li class='ez-toc-page-1 ez-toc-heading-level-3'><a class=\"ez-toc-link ez-toc-heading-4\" href=\"https:\/\/coinkickoff.com\/lt\/bitcoin-casino\/how-are-bitcoin-casinos-different\/#Legal_and_Regulatory_Landscape\" >Teisin\u0117 ir reguliavimo aplinka<\/a><\/li><\/ul><\/li><li class='ez-toc-page-1 ez-toc-heading-level-2'><a class=\"ez-toc-link ez-toc-heading-5\" href=\"https:\/\/coinkickoff.com\/lt\/bitcoin-casino\/how-are-bitcoin-casinos-different\/#Technological_Aspects_of_Bitcoin_Casinos\" >Bitcoin kazino technologiniai aspektai<\/a><ul class='ez-toc-list-level-3' ><li class='ez-toc-heading-level-3'><a class=\"ez-toc-link ez-toc-heading-6\" href=\"https:\/\/coinkickoff.com\/lt\/bitcoin-casino\/how-are-bitcoin-casinos-different\/#Blockchain_Technology_Implementation\" >Blockchain technologijos \u012fgyvendinimas<\/a><\/li><li class='ez-toc-page-1 ez-toc-heading-level-3'><a class=\"ez-toc-link ez-toc-heading-7\" href=\"https:\/\/coinkickoff.com\/lt\/bitcoin-casino\/how-are-bitcoin-casinos-different\/#Provably_Fair_Gaming_Mechanisms\" >\u012etikinamai s\u0105\u017einingi lo\u0161im\u0173 mechanizmai<\/a><\/li><li class='ez-toc-page-1 ez-toc-heading-level-3'><a class=\"ez-toc-link ez-toc-heading-8\" href=\"https:\/\/coinkickoff.com\/lt\/bitcoin-casino\/how-are-bitcoin-casinos-different\/#Anonymity_and_Security_Features\" >Anonimi\u0161kumo ir saugumo funkcijos<\/a><\/li><\/ul><\/li><li class='ez-toc-page-1 ez-toc-heading-level-2'><a class=\"ez-toc-link ez-toc-heading-9\" href=\"https:\/\/coinkickoff.com\/lt\/bitcoin-casino\/how-are-bitcoin-casinos-different\/#User_Experience_in_Bitcoin_versus_Regular_Casinos\" >Vartotojo patirtis Bitcoin ir \u012fprastuose kazino<\/a><ul class='ez-toc-list-level-3' ><li class='ez-toc-heading-level-3'><a class=\"ez-toc-link ez-toc-heading-10\" href=\"https:\/\/coinkickoff.com\/lt\/bitcoin-casino\/how-are-bitcoin-casinos-different\/#Account_Funding_and_Withdrawal_Process\" >S\u0105skaitos finansavimo ir i\u0161\u0117mimo procesas<\/a><\/li><li class='ez-toc-page-1 ez-toc-heading-level-3'><a class=\"ez-toc-link ez-toc-heading-11\" href=\"https:\/\/coinkickoff.com\/lt\/bitcoin-casino\/how-are-bitcoin-casinos-different\/#Bonuses_and_Incentives\" >Premijos ir paskatos<\/a><\/li><li class='ez-toc-page-1 ez-toc-heading-level-3'><a class=\"ez-toc-link ez-toc-heading-12\" href=\"https:\/\/coinkickoff.com\/lt\/bitcoin-casino\/how-are-bitcoin-casinos-different\/#Geographical_Accessibility_and_Restrictions\" >Geografinis prieinamumas ir apribojimai<\/a><\/li><\/ul><\/li><li class='ez-toc-page-1 ez-toc-heading-level-2'><a class=\"ez-toc-link ez-toc-heading-13\" href=\"https:\/\/coinkickoff.com\/lt\/bitcoin-casino\/how-are-bitcoin-casinos-different\/#Frequently_Asked_Questions\" >Da\u017enai u\u017eduodami klausimai<\/a><ul class='ez-toc-list-level-3' ><li class='ez-toc-heading-level-3'><a class=\"ez-toc-link ez-toc-heading-14\" href=\"https:\/\/coinkickoff.com\/lt\/bitcoin-casino\/how-are-bitcoin-casinos-different\/#What_factors_make_crypto_casinos_more_advantageous_than_traditional_ones\" >D\u0117l koki\u0173 veiksni\u0173 kriptovaliut\u0173 kazino yra prana\u0161esni u\u017e tradicinius?<\/a><\/li><li class='ez-toc-page-1 ez-toc-heading-level-3'><a class=\"ez-toc-link ez-toc-heading-15\" href=\"https:\/\/coinkickoff.com\/lt\/bitcoin-casino\/how-are-bitcoin-casinos-different\/#Are_there_any_risks_associated_with_using_Bitcoin_for_online_gambling\" >Ar yra koki\u0173 nors pavoj\u0173, susijusi\u0173 su Bitcoin naudojimu internetiniams lo\u0161imams?<\/a><\/li><li class='ez-toc-page-1 ez-toc-heading-level-3'><a class=\"ez-toc-link ez-toc-heading-16\" href=\"https:\/\/coinkickoff.com\/lt\/bitcoin-casino\/how-are-bitcoin-casinos-different\/#How_do_the_security_measures_in_Bitcoin_casinos_compare_to_those_in_traditional_casinos\" >Kaip Bitcoin kazino saugumo priemon\u0117s skiriasi nuo tradicini\u0173 kazino saugumo priemoni\u0173?<\/a><\/li><li class='ez-toc-page-1 ez-toc-heading-level-3'><a class=\"ez-toc-link ez-toc-heading-17\" href=\"https:\/\/coinkickoff.com\/lt\/bitcoin-casino\/how-are-bitcoin-casinos-different\/#Can_players_expect_provably_fair_gaming_in_Bitcoin_casinos\" >Ar \u017eaid\u0117jai gali tik\u0117tis \u012ftikinamai s\u0105\u017eining\u0173 \u017eaidim\u0173 Bitcoin kazino?<\/a><\/li><li class='ez-toc-page-1 ez-toc-heading-level-3'><a class=\"ez-toc-link ez-toc-heading-18\" href=\"https:\/\/coinkickoff.com\/lt\/bitcoin-casino\/how-are-bitcoin-casinos-different\/#What_are_the_unique_benefits_of_gambling_with_Bitcoin\" >Kokie yra unikal\u016bs lo\u0161imo su Bitcoin privalumai?<\/a><\/li><li class='ez-toc-page-1 ez-toc-heading-level-3'><a class=\"ez-toc-link ez-toc-heading-19\" href=\"https:\/\/coinkickoff.com\/lt\/bitcoin-casino\/how-are-bitcoin-casinos-different\/#How_does_the_regulatory_landscape_for_Bitcoin_casinos_differ_from_traditional_gambling_venues\" >Kuo skiriasi Bitcoin kazino reguliavimo aplinka nuo tradicini\u0173 lo\u0161imo viet\u0173?<\/a><\/li><\/ul><\/li><\/ul><\/nav><\/div>\n<h2><span class=\"ez-toc-section\" id=\"Fundamental_Differences_Between_Bitcoin_and_Traditional_Casinos\"><\/span>Esminiai Bitcoin ir tradicini\u0173 kazino skirtumai<span class=\"ez-toc-section-end\"><\/span><\/h2>\n<p><img decoding=\"async\" src=\"https:\/\/coinkickoff.com\/wp-content\/uploads\/v2-3dgrx-7h0pa.jpg\" alt=\"\"><\/p>\n<p><a href=\"https:\/\/coinkickoff.com\/lt\/bitcoin-btc\/\" data-internallinksmanager029f6b8e52c=\"1\" title=\"Kas yra Bitcoin (BTC)? Kaina, istorija ir kur \u012fsigyti\">Bitcoin<\/a> kazino ir tradiciniai kazino pirmiausia skiriasi valiutos priemone, skaidrumo lygiu ir reguliavimo aplinka, kurioje jie veikia.<\/p>\n<h3><span class=\"ez-toc-section\" id=\"Currency_Used_for_Transactions\"><\/span>Sandoriams naudojama valiuta<span class=\"ez-toc-section-end\"><\/span><\/h3>\n<p><strong>Bitcoin Kazino:<\/strong> Sandoriai atliekami naudojant kriptovaliutas, pavyzd\u017eiui, Bitcoin, <a href=\"https:\/\/coinkickoff.com\/lt\/ethereum-eth\/\" data-internallinksmanager029f6b8e52c=\"2\" title=\"Kas yra Ethereum (ETH)? Kaina, istorija ir kur \u012fsigyti\">Ethereum<\/a>, arba kitas altcoins. \u0160ios skaitmenin\u0117s valiutos palengvina anoniminius sandorius, da\u017enai su ma\u017eesniais mokes\u010diais ir greitesniu apdorojimo laiku, palyginti su fiat valiutomis.<\/p>\n<ul>\n<li><strong>Anonimi\u0161kumas:<\/strong> Naudotojai gali sudaryti sandorius neatskleisdami asmenin\u0117s informacijos.<\/li>\n<li><strong>Mokes\u010diai:<\/strong> Da\u017enai ma\u017eesni nei kredito korteli\u0173 ar banko pavedim\u0173 mokes\u010diai.<\/li>\n<li><strong>Greitis:<\/strong> Operacijos apdorojamos greitai, kartais per kelias minutes.<\/li>\n<\/ul>\n<p><strong>Tradiciniai kazino:<\/strong> \u0160iose \u012fstaigose visoms operacijoms paprastai naudojamos fiat valiutos, pavyzd\u017eiui, USD, EUR arba GBP. \u0160i tradicin\u0117 bankininkyst\u0117 apima i\u0161samius \u012fra\u0161\u0173 tvarkymo ir tapatyb\u0117s tikrinimo procesus.<\/p>\n<ul>\n<li><strong>Asmens duomenys:<\/strong> Atliekant sandorius reikia atskleisti asmens duomenis.<\/li>\n<li><strong>Mokes\u010diai:<\/strong> U\u017e operacijas gali b\u016bti taikomi didesni mokes\u010diai.<\/li>\n<li><strong>Apdorojimo laikas:<\/strong> L\u0117\u0161\u0173 pervedimas arba i\u0161gryninimas gali u\u017etrukti kelias dienas.<\/li>\n<\/ul>\n<h3><span class=\"ez-toc-section\" id=\"Operational_Transparency\"><\/span>Veiklos skaidrumas<span class=\"ez-toc-section-end\"><\/span><\/h3>\n<p><strong>Bitcoin Kazino:<\/strong> D\u0117l blok\u0173 grandin\u0117s technologijos, kuria grind\u017eiami kriptovaliut\u0173 sandoriai, jie paprastai pasi\u017eymi didesniu skaidrumu. Blok\u0173 grandin\u0117 suteikia vie\u0161\u0105, nekintam\u0105 <a href=\"https:\/\/coinkickoff.com\/lt\/what-is-ledger-wallet\/\" data-internallinksmanager029f6b8e52c=\"167\" title=\"&quot;Ledger&quot; pinigin\u0117s ap\u017evalgos 2023: Mokes\u010diai, funkcijos, saugumas, privalumai ir tr\u016bkumai\">Did\u017eioji knyga<\/a>, kad sandori\u0173 istorija b\u016bt\u0173 lengvai prieinama ir patikrinama.<\/p>\n<ul>\n<li><strong>\"Provably Fair\":<\/strong> Kai kuriuose Bitcoin kazino naudojami \"Provably Fair\" algoritmai, leid\u017eiantys \u017eaid\u0117jams patikrinti kiekvieno \u017eaidimo rezultat\u0173 teisingum\u0105.<\/li>\n<\/ul>\n<p><strong>Tradiciniai kazino:<\/strong> Skaidrum\u0105 reglamentuoja lo\u0161im\u0173 institucijos, ta\u010diau vidiniai veikimo principai ir \u017eaidimo algoritmai paprastai n\u0117ra prieinami vie\u0161am auditui ar patikrinimui.<\/p>\n<ul>\n<li><strong>Reguliuojamas s\u0105\u017einingumas:<\/strong> \u017daidimo s\u0105\u017einingum\u0105 sertifikuoja reguliavimo institucijos, ta\u010diau i\u0161sam\u016bs programin\u0117s \u012frangos mechanizmai vie\u0161ai neatskleid\u017eiami.<\/li>\n<\/ul>\n<h3><span class=\"ez-toc-section\" id=\"Legal_and_Regulatory_Landscape\"><\/span>Teisin\u0117 ir reguliavimo aplinka<span class=\"ez-toc-section-end\"><\/span><\/h3>\n<p><strong>Bitcoin Kazino:<\/strong> Jie veikia spar\u010diai kintan\u010dioje reguliavimo sistemoje. Daugelyje region\u0173 dar n\u0117ra ai\u0161ki\u0173 teis\u0117s akt\u0173, reglamentuojan\u010di\u0173 kriptovaliut\u0173 naudojim\u0105 azartiniuose lo\u0161imuose, tod\u0117l taikomi \u012fvair\u016bs atitikties reikalavimai.<\/p>\n<ul>\n<li><strong>Kintamas reguliavimas:<\/strong> Teisinis statusas gali greitai pasikeisti, o atitiktis skiriasi priklausomai nuo jurisdikcijos.<\/li>\n<li><strong>Visuotin\u0117 prieiga:<\/strong> Da\u017enai prieinama visame pasaulyje, priklausomai nuo vietos \u012fstatym\u0173.<\/li>\n<\/ul>\n<p><strong>Tradiciniai kazino:<\/strong> Grie\u017etai reglamentuoja visame pasaulyje \u012fsteigtos vyriausybin\u0117s institucijos. Joms taikomi grie\u017eti \u012fstatymai ir taisykl\u0117s, reglamentuojantys j\u0173 licencijavim\u0105, veiklos praktik\u0105 ir finansin\u0119 atskaitomyb\u0119.<\/p>\n<ul>\n<li><strong>Grie\u017eta prie\u017ei\u016bra:<\/strong> Privaloma laikytis daugelio teisini\u0173 ir finansini\u0173 taisykli\u0173.<\/li>\n<li><strong>Geografiniai apribojimai:<\/strong> Paprastai privalo veikti savo licencijas i\u0161duodan\u010dios institucijos jurisdikcijoje.<\/li>\n<\/ul>\n<h2><span class=\"ez-toc-section\" id=\"Technological_Aspects_of_Bitcoin_Casinos\"><\/span>Bitcoin kazino technologiniai aspektai<span class=\"ez-toc-section-end\"><\/span><\/h2>\n<p><img decoding=\"async\" src=\"https:\/\/coinkickoff.com\/wp-content\/uploads\/v2-3dgss-o0d7k.jpg\" alt=\"\"><\/p>\n<p>Bitcoin kazino i\u0161siskiria pa\u017eangiomis technologijomis, kurios u\u017etikrina didesn\u012f saugum\u0105, s\u0105\u017einingum\u0105 ir skaidrum\u0105. \u0160is technologinis prana\u0161umas pasirei\u0161kia tuo, kaip jie tvarko sandorius, tikrina s\u0105\u017einingum\u0105 ir saugo privatum\u0105.<\/p>\n<h3><span class=\"ez-toc-section\" id=\"Blockchain_Technology_Implementation\"><\/span>Blockchain technologijos \u012fgyvendinimas<span class=\"ez-toc-section-end\"><\/span><\/h3>\n<p><strong>Bitcoin kazino<\/strong> naudoti blok\u0173 grandin\u0117s technologij\u0105, kad palengvint\u0173 kriptovaliut\u0173 sandorius. . <strong>blok\u0173 grandin\u0117<\/strong> yra decentralizuota apskaitos knyga, kurioje registruojami visi kompiuteri\u0173 tinklo sandoriai. Taip u\u017etikrinama, kad:<\/p>\n<ul>\n<li><strong>Sandoriai<\/strong> yra <strong>skaidrus<\/strong> ir <strong>nekei\u010diamas<\/strong>.<\/li>\n<li>\u017daid\u0117jai gali \u012fne\u0161ti ir atsiimti <strong>bitcoins<\/strong> tiesiogiai, <strong>pa\u0161alina tre\u010di\u0173j\u0173 \u0161ali\u0173 bank\u0173 \u012fstaig\u0173 poreik\u012f.<\/strong>.<\/li>\n<\/ul>\n<h3><span class=\"ez-toc-section\" id=\"Provably_Fair_Gaming_Mechanisms\"><\/span>\u012etikinamai s\u0105\u017einingi lo\u0161im\u0173 mechanizmai<span class=\"ez-toc-section-end\"><\/span><\/h3>\n<p>\u012etikinamai s\u0105\u017einingi lo\u0161imai yra Bitcoin kazino skiriamasis bruo\u017eas. \u0160ioje sistemoje naudojami kriptografiniai algoritmai, u\u017etikrinantys kiekvieno \u017eaidimo s\u0105\u017einingum\u0105. Reik\u0161mingi punktai yra \u0161ie:<\/p>\n<ul>\n<li>Jame \u017eaid\u0117jai gali <strong>patikrinti atsitiktinum\u0105<\/strong> \u017eaidimo rezultat\u0173.<\/li>\n<li>Kazino teikia <strong>hash raktas<\/strong> kuriuos galima analizuoti po \u017eaidimo, kad b\u016bt\u0173 patvirtintas \u017eaidimo teisingumas.<\/li>\n<\/ul>\n<h3><span class=\"ez-toc-section\" id=\"Anonymity_and_Security_Features\"><\/span>Anonimi\u0161kumo ir saugumo funkcijos<span class=\"ez-toc-section-end\"><\/span><\/h3>\n<p>Bitcoin kazino si\u016blo daugiau <strong>anonimi\u0161kumas<\/strong> ir <strong>saugumas<\/strong>. Juose \u012fdiegtos \u012fvairios \u017eaid\u0117jo tapatyb\u0119 ir l\u0117\u0161as apsaugan\u010dios funkcijos, pvz:<\/p>\n<ul>\n<li><strong>Dviej\u0173 veiksni\u0173 autentifikavimas (2FA)<\/strong> naudotoj\u0173 paskyroms apsaugoti.<\/li>\n<li><strong>Minimali asmenin\u0117 informacija<\/strong> reikalingas paskyrai sukurti, i\u0161saugant naudotojo <strong>anonimi\u0161kumas<\/strong>.<\/li>\n<\/ul>\n<h2><span class=\"ez-toc-section\" id=\"User_Experience_in_Bitcoin_versus_Regular_Casinos\"><\/span>Vartotojo patirtis Bitcoin ir \u012fprastuose kazino<span class=\"ez-toc-section-end\"><\/span><\/h2>\n<p><img decoding=\"async\" src=\"https:\/\/coinkickoff.com\/wp-content\/uploads\/v2-3dgt7-n76he.jpg\" alt=\"\"><\/p>\n<p>Bitcoin kazino naudotoj\u0173 patirtis, palyginti su tradiciniais kazino, pasi\u017eymi i\u0161skirtin\u0117mis funkcijomis, ypa\u010d kalbant apie paskyros valdym\u0105, premijas ir visuotin\u012f prieinamum\u0105.<\/p>\n<h3><span class=\"ez-toc-section\" id=\"Account_Funding_and_Withdrawal_Process\"><\/span>S\u0105skaitos finansavimo ir i\u0161\u0117mimo procesas<span class=\"ez-toc-section-end\"><\/span><\/h3>\n<p>Bitcoin kazino leid\u017eia naudotojams <strong>finansuoti savo s\u0105skaitas.<\/strong> tiesiogiai naudojant kriptovaliutas, o tai paprastai lemia <em>greitesnis sandori\u0173 laikas<\/em> ir <em>ma\u017eesni mokes\u010diai<\/em> nei \u012fprasti kazino, kurie remiasi tradiciniais bankininkyst\u0117s metodais.<\/p>\n<p><strong>Pasitraukimo laikas<\/strong>atvirk\u0161\u010diai, paprastai taip pat yra <strong>grei\u010diau<\/strong> Bitcoin kazino, nes nebereikia banko duomen\u0173 apdorojimo laiko. \u0160ie kazino da\u017enai gali pasigirti <strong>momentinis arba beveik momentinis i\u0161mok\u0117jimas<\/strong> prie\u0161ingai nei \u012fprastuose kazino, kur apdorojimo laikas da\u017enai u\u017etrunka.<\/p>\n<h3><span class=\"ez-toc-section\" id=\"Bonuses_and_Incentives\"><\/span>Premijos ir paskatos<span class=\"ez-toc-section-end\"><\/span><\/h3>\n<p>Strukt\u016bra <strong>premijos ir paskatos<\/strong> gali labai skirtis. Bitcoin kazino gali pasi\u016blyti:<\/p>\n<ul>\n<li>Auk\u0161tesn\u0117 <strong>sveikinimo premijos<\/strong><\/li>\n<li><strong>Lojalumo apdovanojimai<\/strong> Bitcoin arba kitomis kriptovaliutomis<\/li>\n<\/ul>\n<p>Tradiciniai kazino da\u017enai teikia \u012fvairias premijas, ta\u010diau jos gali neprilygti pelningiems pasi\u016blymams, kuriuos galima rasti Bitcoin kazino d\u0117l ma\u017eesni\u0173 skaitmenini\u0173 valiut\u0173 sandori\u0173 ir veiklos s\u0105naud\u0173.<\/p>\n<h3><span class=\"ez-toc-section\" id=\"Geographical_Accessibility_and_Restrictions\"><\/span>Geografinis prieinamumas ir apribojimai<span class=\"ez-toc-section-end\"><\/span><\/h3>\n<p>Bitcoin kazino paprastai si\u016blo <strong>didesnis prieinamumas<\/strong> nes jiems netaikomi tie patys reguliavimo apribojimai, kurie taikomi \u012fprastiems kazino.<\/p>\n<ul>\n<li>Operacijos <strong>kelios jurisdikcijos<\/strong> be vietin\u0117s bankininkyst\u0117s infrastrukt\u016bros.<\/li>\n<li>Priimame \u017eaid\u0117jus i\u0161 <strong>regionai, kuriuose galioja grie\u017etos azartini\u0173 lo\u0161im\u0173 taisykl\u0117s.<\/strong>, atsi\u017evelgiant \u012f vietos \u012fstatymus<\/li>\n<\/ul>\n<p>Ta\u010diau naudotojams rekomenduojama likti <strong>informuoti apie vietos \u012fstatymus.<\/strong> u\u017etikrinti atitikt\u012f reikalavimams, net ir turint prieig\u0105 prie Bitcoin kazino, net jei j\u0173 apr\u0117ptis yra platesn\u0117.<\/p>\n<h2><span class=\"ez-toc-section\" id=\"Frequently_Asked_Questions\"><\/span>Da\u017enai u\u017eduodami klausimai<span class=\"ez-toc-section-end\"><\/span><\/h2>\n<p><img decoding=\"async\" src=\"https:\/\/coinkickoff.com\/wp-content\/uploads\/v2-3dgtr-7frp8.jpg\" alt=\"\"><\/p>\n<p>\u0160iame skyriuje aptariami da\u017eniausiai u\u017eduodami klausimai apie Bitcoin kazino ir tradicini\u0173 kazino skirtumus, kad b\u016bt\u0173 galima geriau juos suprasti.<\/p>\n<h3><span class=\"ez-toc-section\" id=\"What_factors_make_crypto_casinos_more_advantageous_than_traditional_ones\"><\/span>D\u0117l koki\u0173 veiksni\u0173 kriptovaliut\u0173 kazino yra prana\u0161esni u\u017e tradicinius?<span class=\"ez-toc-section-end\"><\/span><\/h3>\n<p>Kriptovaliut\u0173 kazino suteikia unikali\u0173 privalum\u0173, \u012fskaitant momentinius sandorius ir ma\u017eesnius sandori\u0173 mokes\u010dius. Be to, jie u\u017etikrina didesn\u012f anonimi\u0161kum\u0105, kurio tradiciniai kazino negali u\u017etikrinti d\u0117l priklausomyb\u0117s nuo banko ir asmenin\u0117s informacijos.<\/p>\n<h3><span class=\"ez-toc-section\" id=\"Are_there_any_risks_associated_with_using_Bitcoin_for_online_gambling\"><\/span>Ar yra koki\u0173 nors pavoj\u0173, susijusi\u0173 su Bitcoin naudojimu internetiniams lo\u0161imams?<span class=\"ez-toc-section-end\"><\/span><\/h3>\n<p>Vartotojai susiduria su tam tikra rizika, pavyzd\u017eiui, dideliu Bitcoin vert\u0117s kintamumu ir galimomis saugumo gr\u0117sm\u0117mis, pavyzd\u017eiui, \u012fsilau\u017eimu. Be to, reguliavimo tr\u016bkumas gali b\u016bti dvia\u0161menis kardas, suteikiantis ir laisv\u0117s, ir rizikos.<\/p>\n<h3><span class=\"ez-toc-section\" id=\"How_do_the_security_measures_in_Bitcoin_casinos_compare_to_those_in_traditional_casinos\"><\/span>Kaip Bitcoin kazino saugumo priemon\u0117s skiriasi nuo tradicini\u0173 kazino saugumo priemoni\u0173?<span class=\"ez-toc-section-end\"><\/span><\/h3>\n<p>Bitcoin kazino paprastai naudoja pa\u017eangias \u0161ifravimo technologijas ir yra sukurti saugiuose blok\u0173 grandin\u0117s tinkluose. Tai kontrastuoja su tradiciniais kazino, kurie priklauso nuo \u012fprastini\u0173 saugumo ir finansini\u0173 sistem\u0173, pa\u017eeid\u017eiam\u0173 \u012fvairi\u0173 r\u016b\u0161i\u0173 rizikos.<\/p>\n<h3><span class=\"ez-toc-section\" id=\"Can_players_expect_provably_fair_gaming_in_Bitcoin_casinos\"><\/span>Ar \u017eaid\u0117jai gali tik\u0117tis \u012ftikinamai s\u0105\u017eining\u0173 \u017eaidim\u0173 Bitcoin kazino?<span class=\"ez-toc-section-end\"><\/span><\/h3>\n<p>Daugelis Bitcoin kazino si\u016blo \u012frodomai s\u0105\u017einingus \u017eaidimus, kurie leid\u017eia \u017eaid\u0117jams patikrinti kiekvieno \u017eaidimo s\u0105\u017einingum\u0105 naudojant blok\u0173 grandin\u0117s technologij\u0105. Tai skaidrumo lygis, kurio tradicin\u0117s internetini\u0173 lo\u0161im\u0173 svetain\u0117s gali nesuteikti.<\/p>\n<h3><span class=\"ez-toc-section\" id=\"What_are_the_unique_benefits_of_gambling_with_Bitcoin\"><\/span>Kokie yra unikal\u016bs lo\u0161imo su Bitcoin privalumai?<span class=\"ez-toc-section-end\"><\/span><\/h3>\n<p>Lo\u0161imas su Bitcoin u\u017etikrina, kad sandoriai i\u0161liks diskreti\u0161ki ir saug\u016bs, nes naudojama blok\u0173 grandin\u0117s technologija. Ji taip pat suteikia potencialiai ma\u017eesni\u0173 mokes\u010di\u0173 prana\u0161um\u0105 ir u\u017etikrina, kad \u017eaid\u0117jai gali lo\u0161ti be geografini\u0173 apribojim\u0173.<\/p>\n<h3><span class=\"ez-toc-section\" id=\"How_does_the_regulatory_landscape_for_Bitcoin_casinos_differ_from_traditional_gambling_venues\"><\/span>Kuo skiriasi Bitcoin kazino reguliavimo aplinka nuo tradicini\u0173 lo\u0161imo viet\u0173?<span class=\"ez-toc-section-end\"><\/span><\/h3>\n<p>Bitcoin kazino da\u017enai veikia labiau dereguliuojamoje aplinkoje, nes daugelis vyriausybi\u0173 kriptovaliut\u0173 nepripa\u017e\u012fsta kaip oficialios valiutos. Tai kontrastuoja su tradiciniais kazino, kuriems taikomos grie\u017etos reguliavimo sistemos.<\/p>","protected":false},"excerpt":{"rendered":"<p>Atsakomyb\u0117s apribojimas: lo\u0161imas susij\u0119s su didele finansine rizika. Pra\u0161ome lo\u0161ti tik tais pinigais, kuriuos galite sau leisti prarasti. Toliau pateikta informacija yra tik informacinio pob\u016bd\u017eio. Mums gali b\u016bti mokami komisiniai, jei u\u017esiregistruosite ir pralo\u0161ite pinigus bet kuriame i\u0161 \u0161i\u0173 kazino. Ne visi kazino prieinami visose \u0161alyse. Visa informacija, kuri\u0105 pateikiame, yra [...]<\/p>","protected":false},"author":1,"featured_media":4576,"parent":4440,"menu_order":0,"comment_status":"closed","ping_status":"closed","template":"","meta":{"_genesis_hide_title":false,"_genesis_hide_breadcrumbs":false,"_genesis_hide_singular_image":false,"_genesis_hide_footer_widgets":false,"_genesis_custom_body_class":"","_genesis_custom_post_class":"","_genesis_layout":"","_glsr_average":0,"_glsr_ranking":0,"_glsr_reviews":0,"footnotes":""},"class_list":{"0":"post-4575","1":"page","2":"type-page","3":"status-publish","4":"has-post-thumbnail","6":"entry"},"featured_image_src":"https:\/\/coinkickoff.com\/wp-content\/uploads\/v2-3dgrx-7h0pa-600x400.jpg","featured_image_src_square":"https:\/\/coinkickoff.com\/wp-content\/uploads\/v2-3dgrx-7h0pa-600x600.jpg","_links":{"self":[{"href":"https:\/\/coinkickoff.com\/lt\/wp-json\/wp\/v2\/pages\/4575","targetHints":{"allow":["GET"]}}],"collection":[{"href":"https:\/\/coinkickoff.com\/lt\/wp-json\/wp\/v2\/pages"}],"about":[{"href":"https:\/\/coinkickoff.com\/lt\/wp-json\/wp\/v2\/types\/page"}],"author":[{"embeddable":true,"href":"https:\/\/coinkickoff.com\/lt\/wp-json\/wp\/v2\/users\/1"}],"replies":[{"embeddable":true,"href":"https:\/\/coinkickoff.com\/lt\/wp-json\/wp\/v2\/comments?post=4575"}],"version-history":[{"count":3,"href":"https:\/\/coinkickoff.com\/lt\/wp-json\/wp\/v2\/pages\/4575\/revisions"}],"predecessor-version":[{"id":4582,"href":"https:\/\/coinkickoff.com\/lt\/wp-json\/wp\/v2\/pages\/4575\/revisions\/4582"}],"up":[{"embeddable":true,"href":"https:\/\/coinkickoff.com\/lt\/wp-json\/wp\/v2\/pages\/4440"}],"wp:featuredmedia":[{"embeddable":true,"href":"https:\/\/coinkickoff.com\/lt\/wp-json\/wp\/v2\/media\/4576"}],"wp:attachment":[{"href":"https:\/\/coinkickoff.com\/lt\/wp-json\/wp\/v2\/media?parent=4575"}],"curies":[{"name":"wp","href":"https:\/\/api.w.org\/{rel}","templated":true}]}}