{"id":4404,"date":"2026-01-08T14:07:11","date_gmt":"2026-01-08T14:07:11","guid":{"rendered":"https:\/\/coinkickoff.com\/?page_id=4404"},"modified":"2026-01-08T14:07:11","modified_gmt":"2026-01-08T14:07:11","slug":"how-to-buy-litecoin-on-kucoin","status":"publish","type":"page","link":"https:\/\/coinkickoff.com\/lt\/how-to-buy-litecoin\/how-to-buy-litecoin-on-kucoin\/","title":{"rendered":"Kaip nusipirkti Litecoin Kucoin"},"content":{"rendered":"<div id=\"ez-toc-container\" class=\"ez-toc-v2_0_80 counter-hierarchy ez-toc-counter ez-toc-transparent ez-toc-container-direction\">\n<div class=\"ez-toc-title-container\">\n<p class=\"ez-toc-title\" style=\"cursor:inherit\">Skyriai<\/p>\n<span class=\"ez-toc-title-toggle\"><a href=\"#\" class=\"ez-toc-pull-right ez-toc-btn ez-toc-btn-xs ez-toc-btn-default ez-toc-toggle\" aria-label=\"Perjungti turinio lentel\u0119\"><span class=\"ez-toc-js-icon-con\"><span class=\"\"><span class=\"eztoc-hide\" style=\"display:none;\">Perjungti<\/span><span class=\"ez-toc-icon-toggle-span\"><svg style=\"fill: #999;color:#999\" xmlns=\"http:\/\/www.w3.org\/2000\/svg\" class=\"list-377408\" width=\"20px\" height=\"20px\" viewbox=\"0 0 24 24\" fill=\"none\"><path d=\"M6 6H4v2h2V6zm14 0H8v2h12V6zM4 11h2v2H4v-2zm16 0H8v2h12v-2zM4 16h2v2H4v-2zm16 0H8v2h12v-2z\" fill=\"currentColor\"><\/path><\/svg><svg style=\"fill: #999;color:#999\" class=\"arrow-unsorted-368013\" xmlns=\"http:\/\/www.w3.org\/2000\/svg\" width=\"10px\" height=\"10px\" viewbox=\"0 0 24 24\" version=\"1.2\" baseprofile=\"tiny\"><path d=\"M18.2 9.3l-6.2-6.3-6.2 6.3c-.2.2-.3.4-.3.7s.1.5.3.7c.2.2.4.3.7.3h11c.3 0 .5-.1.7-.3.2-.2.3-.5.3-.7s-.1-.5-.3-.7zM5.8 14.7l6.2 6.3 6.2-6.3c.2-.2.3-.5.3-.7s-.1-.5-.3-.7c-.2-.2-.4-.3-.7-.3h-11c-.3 0-.5.1-.7.3-.2.2-.3.5-.3.7s.1.5.3.7z\"\/><\/svg><\/span><\/span><\/span><\/a><\/span><\/div>\n<nav><ul class='ez-toc-list ez-toc-list-level-1 eztoc-toggle-hide-by-default' ><li class='ez-toc-page-1 ez-toc-heading-level-2'><a class=\"ez-toc-link ez-toc-heading-1\" href=\"https:\/\/coinkickoff.com\/lt\/how-to-buy-litecoin\/how-to-buy-litecoin-on-kucoin\/#How_to_Buy_Litecoin_on_Kucoin\" >Kaip nusipirkti Litecoin Kucoin<\/a><\/li><li class='ez-toc-page-1 ez-toc-heading-level-2'><a class=\"ez-toc-link ez-toc-heading-2\" href=\"https:\/\/coinkickoff.com\/lt\/how-to-buy-litecoin\/how-to-buy-litecoin-on-kucoin\/#A_Step-By-Step_Guide_on_How_to_Buy_Litecoin_on_Kucoin\" >\u017dingsnis po \u017eingsnio vadovas, kaip nusipirkti Litecoin Kucoin<\/a><ul class='ez-toc-list-level-3' ><li class='ez-toc-heading-level-3'><a class=\"ez-toc-link ez-toc-heading-3\" href=\"https:\/\/coinkickoff.com\/lt\/how-to-buy-litecoin\/how-to-buy-litecoin-on-kucoin\/#1_Register_an_Account\" >1. U\u017eregistruokite paskyr\u0105<\/a><\/li><li class='ez-toc-page-1 ez-toc-heading-level-3'><a class=\"ez-toc-link ez-toc-heading-4\" href=\"https:\/\/coinkickoff.com\/lt\/how-to-buy-litecoin\/how-to-buy-litecoin-on-kucoin\/#2_Verify_Your_Account\" >2. Patikrinkite savo paskyr\u0105<\/a><\/li><li class='ez-toc-page-1 ez-toc-heading-level-3'><a class=\"ez-toc-link ez-toc-heading-5\" href=\"https:\/\/coinkickoff.com\/lt\/how-to-buy-litecoin\/how-to-buy-litecoin-on-kucoin\/#3_Deposit_Crypto\" >3. \u012ene\u0161ti kriptografijos ind\u0117l\u012f<\/a><\/li><li class='ez-toc-page-1 ez-toc-heading-level-3'><a class=\"ez-toc-link ez-toc-heading-6\" href=\"https:\/\/coinkickoff.com\/lt\/how-to-buy-litecoin\/how-to-buy-litecoin-on-kucoin\/#4_Navigate_to_the_Relevant_Screen_to_Buy\" >4. Pereikite \u012f atitinkam\u0105 ekran\u0105, kad gal\u0117tum\u0117te pirkti<\/a><ul class='ez-toc-list-level-4' ><li class='ez-toc-heading-level-4'><a class=\"ez-toc-link ez-toc-heading-7\" href=\"https:\/\/coinkickoff.com\/lt\/how-to-buy-litecoin\/how-to-buy-litecoin-on-kucoin\/#Fast_Trade\" >Greita prekyba<\/a><\/li><li class='ez-toc-page-1 ez-toc-heading-level-4'><a class=\"ez-toc-link ez-toc-heading-8\" href=\"https:\/\/coinkickoff.com\/lt\/how-to-buy-litecoin\/how-to-buy-litecoin-on-kucoin\/#Third-Party\" >Tre\u010dioji \u0161alis<\/a><\/li><li class='ez-toc-page-1 ez-toc-heading-level-4'><a class=\"ez-toc-link ez-toc-heading-9\" href=\"https:\/\/coinkickoff.com\/lt\/how-to-buy-litecoin\/how-to-buy-litecoin-on-kucoin\/#How_to_Buy_Litecoin_with_Crypto\" >Kaip nusipirkti Litecoin su kriptovaliuta<\/a><\/li><\/ul><\/li><\/ul><\/li><\/ul><\/nav><\/div>\n<h2><span class=\"ez-toc-section\" id=\"How_to_Buy_Litecoin_on_Kucoin\"><\/span><span style=\"font-weight: 400;\">Kaip nusipirkti Litecoin Kucoin<\/span><span class=\"ez-toc-section-end\"><\/span><\/h2>\n<p><span style=\"font-weight: 400;\">Jei jums reikia patarim\u0173, kaip pirkti <a href=\"https:\/\/coinkickoff.com\/lt\/litecoin-ltc\/\" data-internallinksmanager029f6b8e52c=\"21\" title=\"Kas yra Litecoin (LTC)? Kaina, istorija ir kur \u012fsigyti\">Litecoin<\/a> svetain\u0117je <a href=\"https:\/\/coinkickoff.com\/lt\/kucoin-review\/\" data-internallinksmanager029f6b8e52c=\"153\" title=\"KuCoin Atsiliepimai 2023: Mokes\u010diai, saugumas, privalumai ir tr\u016bkumai\">Kucoin<\/a>, esate tinkamoje vietoje! Pa\u017ei\u016br\u0117kime, kaip keliais paprastais \u017eingsniais nusipirkti LTC Kucoin.<\/span><\/p>\n<h2><span class=\"ez-toc-section\" id=\"A_Step-By-Step_Guide_on_How_to_Buy_Litecoin_on_Kucoin\"><\/span><span style=\"font-weight: 400;\">\u017dingsnis po \u017eingsnio vadovas, kaip nusipirkti Litecoin Kucoin<\/span><span class=\"ez-toc-section-end\"><\/span><\/h2>\n<h3><span class=\"ez-toc-section\" id=\"1_Register_an_Account\"><\/span><span style=\"font-weight: 400;\">1. U\u017eregistruokite paskyr\u0105<\/span><span class=\"ez-toc-section-end\"><\/span><\/h3>\n<p><img loading=\"lazy\" decoding=\"async\" class=\"alignnone wp-image-3269 size-full\" src=\"https:\/\/coinkickoff.com\/wp-content\/uploads\/kucoin-register.png\" alt=\"Pirkti doge d\u0117l kucoin registruoti\" width=\"1421\" height=\"788\" srcset=\"https:\/\/coinkickoff.com\/wp-content\/uploads\/kucoin-register.png 1421w, https:\/\/coinkickoff.com\/wp-content\/uploads\/kucoin-register-300x166.png 300w, https:\/\/coinkickoff.com\/wp-content\/uploads\/kucoin-register-1024x568.png 1024w, https:\/\/coinkickoff.com\/wp-content\/uploads\/kucoin-register-768x426.png 768w, https:\/\/coinkickoff.com\/wp-content\/uploads\/kucoin-register-18x10.png 18w\" sizes=\"auto, (max-width: 1421px) 100vw, 1421px\" \/><\/p>\n<p><span style=\"font-weight: 400;\">Eikite \u012f <\/span><a href=\"https:\/\/www.kucoin.com\/r\/af\/rMJPV3B\" target=\"_blank\" rel=\"noopener\"><span style=\"font-weight: 400;\">Kucoin<\/span><\/a><span style=\"font-weight: 400;\"> svetain\u0117je ir u\u017esiregistruokite nurodydami savo el. pa\u0161to adres\u0105 arba telefono numer\u012f.\u00a0<\/span><\/p>\n<h3><span class=\"ez-toc-section\" id=\"2_Verify_Your_Account\"><\/span><span style=\"font-weight: 400;\">2. Patikrinkite savo paskyr\u0105<\/span><span class=\"ez-toc-section-end\"><\/span><\/h3>\n<p><span style=\"font-weight: 400;\">Jei turite skaitmeninio turto, kur\u012f galite i\u0161keisti \u012f Litecoin, jums nereikia patvirtinti savo tapatyb\u0117s. Galite pereiti prie kito \u017eingsnio ir su\u017einoti, kaip \u012fne\u0161ti kriptovaliut\u0173 turt\u0105 \u012f Kucoin.<\/span><\/p>\n<p><span style=\"font-weight: 400;\">Jei dar neturite jokio skaitmeninio turto, nesijaudinkite! Tapatyb\u0117s patikrinimas yra labai paprastas ir gali b\u016bti atliktas per kelias minutes.<\/span><\/p>\n<p><span style=\"font-weight: 400;\">Vir\u0161utin\u0117je de\u0161in\u0117je puslapio pus\u0117je matysite savo vartotojo vard\u0105. Jis nukreips jus \u012f j\u016bs\u0173 naudotojo profil\u012f.<\/span><\/p>\n<p><span style=\"font-weight: 400;\">Eikite \u012f savo profilio skirtuk\u0105 \"Tapatyb\u0117s tikrinimas\" ir spustel\u0117kite \"Patikrinti\", esant\u012f skiltyje \"I\u0161pl\u0117stin\u0117s funkcijos\".<\/span><\/p>\n<p><img loading=\"lazy\" decoding=\"async\" class=\"alignnone wp-image-3272 size-full\" src=\"https:\/\/coinkickoff.com\/wp-content\/uploads\/kucoin-identity-verification.png\" alt=\"kucoin tapatyb\u0117s patikrinimas 1\" width=\"1420\" height=\"785\" srcset=\"https:\/\/coinkickoff.com\/wp-content\/uploads\/kucoin-identity-verification.png 1420w, https:\/\/coinkickoff.com\/wp-content\/uploads\/kucoin-identity-verification-300x166.png 300w, https:\/\/coinkickoff.com\/wp-content\/uploads\/kucoin-identity-verification-1024x566.png 1024w, https:\/\/coinkickoff.com\/wp-content\/uploads\/kucoin-identity-verification-768x425.png 768w, https:\/\/coinkickoff.com\/wp-content\/uploads\/kucoin-identity-verification-18x10.png 18w\" sizes=\"auto, (max-width: 1420px) 100vw, 1420px\" \/><\/p>\n<p><span style=\"font-weight: 400;\">U\u017ebaig\u0119 i\u0161pl\u0117stin\u012f patikrinim\u0105 gal\u0117site \u012fne\u0161ti ir i\u0161imti fiat pinigus Kucoin. Tai taip pat gerokai padidins j\u016bs\u0173 prekybos ir i\u0161\u0117mimo limitus.<\/span><\/p>\n<p><span style=\"font-weight: 400;\">Patikrinimo sistema paprasta - tiesiog u\u017epildykite asmenin\u0117s informacijos klausimyn\u0105, \u012fkelkite vyriausyb\u0117s i\u0161duot\u0105 asmens tapatyb\u0117s dokument\u0105, kad gal\u0117tum\u0117te patikrinti savo informacij\u0105, ir atlikite veido patikrinim\u0105.<\/span><\/p>\n<p><img loading=\"lazy\" decoding=\"async\" class=\"alignnone wp-image-3270 size-full\" src=\"https:\/\/coinkickoff.com\/wp-content\/uploads\/kucoin-id-verification-2.png\" alt=\"kucoin tapatyb\u0117s patikrinimas 2\" width=\"1407\" height=\"706\" srcset=\"https:\/\/coinkickoff.com\/wp-content\/uploads\/kucoin-id-verification-2.png 1407w, https:\/\/coinkickoff.com\/wp-content\/uploads\/kucoin-id-verification-2-300x151.png 300w, https:\/\/coinkickoff.com\/wp-content\/uploads\/kucoin-id-verification-2-1024x514.png 1024w, https:\/\/coinkickoff.com\/wp-content\/uploads\/kucoin-id-verification-2-768x385.png 768w, https:\/\/coinkickoff.com\/wp-content\/uploads\/kucoin-id-verification-2-18x9.png 18w\" sizes=\"auto, (max-width: 1407px) 100vw, 1407px\" \/><\/p>\n<p><span style=\"font-weight: 400;\">Savo tapatyb\u0119 galite patvirtinti naudodami nacionalin\u0119 asmens tapatyb\u0117s kortel\u0119, vairuotojo pa\u017eym\u0117jim\u0105 arba paso puslap\u012f. Pasiruo\u0161kite savo asmens tapatyb\u0117s dokument\u0105 ir spustel\u0117kite \"Agree and Continue\" (sutikti ir t\u0119sti).<\/span><\/p>\n<p><img loading=\"lazy\" decoding=\"async\" class=\"alignnone wp-image-3271 size-full\" src=\"https:\/\/coinkickoff.com\/wp-content\/uploads\/kucoin-id-verification-3.png\" alt=\"kucoin tapatyb\u0117s patikrinimas 3 \" width=\"1412\" height=\"789\" srcset=\"https:\/\/coinkickoff.com\/wp-content\/uploads\/kucoin-id-verification-3.png 1412w, https:\/\/coinkickoff.com\/wp-content\/uploads\/kucoin-id-verification-3-300x168.png 300w, https:\/\/coinkickoff.com\/wp-content\/uploads\/kucoin-id-verification-3-1024x572.png 1024w, https:\/\/coinkickoff.com\/wp-content\/uploads\/kucoin-id-verification-3-768x429.png 768w, https:\/\/coinkickoff.com\/wp-content\/uploads\/kucoin-id-verification-3-18x10.png 18w\" sizes=\"auto, (max-width: 1412px) 100vw, 1412px\" \/><\/p>\n<p><span style=\"font-weight: 400;\">\u012eveskite informacij\u0105 ir spustel\u0117kite \"Next\". Vykdykite ekrane pateikiamus nurodymus, kad u\u017ebaigtum\u0117te tapatyb\u0117s patikrinim\u0105.<\/span><\/p>\n<h3><span class=\"ez-toc-section\" id=\"3_Deposit_Crypto\"><\/span><span style=\"font-weight: 400;\">3. \u012ene\u0161ti kriptografijos ind\u0117l\u012f<\/span><span class=\"ez-toc-section-end\"><\/span><\/h3>\n<p><span style=\"font-weight: 400;\">Jei turite skaitmeninio turto i\u0161orin\u0117je pinigin\u0117je, galite j\u012f perkelti \u012f Kucoin ir neatid\u0117liotin\u0173 sandori\u0173 rinkoje i\u0161keisti \u012f LTC. Jei tokia galimyb\u0117 jums neaktuali, pereikite prie kito \u017eingsnio ir su\u017einokite, kaip nusipirkti Litecoin fiat pinigais.<\/span><\/p>\n<p><span style=\"font-weight: 400;\">Spustel\u0117kite meniu \"Assets\" (Turtas), esant\u012f vir\u0161utin\u0117je de\u0161in\u0117je tinklalapio pus\u0117je.<\/span><\/p>\n<p><img loading=\"lazy\" decoding=\"async\" class=\"alignnone wp-image-3273 size-full\" src=\"https:\/\/coinkickoff.com\/wp-content\/uploads\/kucoin-deposit.png\" alt=\"kucoin ind\u0117li\u0173 l\u0117\u0161os 1\" width=\"1427\" height=\"758\" srcset=\"https:\/\/coinkickoff.com\/wp-content\/uploads\/kucoin-deposit.png 1427w, https:\/\/coinkickoff.com\/wp-content\/uploads\/kucoin-deposit-300x159.png 300w, https:\/\/coinkickoff.com\/wp-content\/uploads\/kucoin-deposit-1024x544.png 1024w, https:\/\/coinkickoff.com\/wp-content\/uploads\/kucoin-deposit-768x408.png 768w, https:\/\/coinkickoff.com\/wp-content\/uploads\/kucoin-deposit-18x10.png 18w\" sizes=\"auto, (max-width: 1427px) 100vw, 1427px\" \/><\/p>\n<p><span style=\"font-weight: 400;\">\u010cia galite matyti visus savo liku\u010dius. Spustel\u0117kite mygtuk\u0105 \"\u012ene\u0161ti\" ir pasirinkite skaitmenin\u0119 valiut\u0105, kuri\u0105 norite pervesti \u012f Kucoin.<\/span><\/p>\n<p><span style=\"font-weight: 400;\">Pavyzd\u017eiui, jei dav\u0117te <a href=\"https:\/\/coinkickoff.com\/lt\/tether-usdt\/\" data-internallinksmanager029f6b8e52c=\"3\" title=\"Kas yra Tether (USDT)? Kaip jis veikia ir kur j\u012f \u012fsigyti?\">USDT<\/a>, spustel\u0117kite USDT ir gausite QR kod\u0105. \u0160is QR kodas nurodo j\u016bs\u0173 USDT adres\u0105 Kucoin. Kai nor\u0117site pervesti USDT \u012f Kucoin, naudokite \u0161\u012f QR kod\u0105 kaip i\u0161\u0117mimo adres\u0105.<\/span><\/p>\n<p><span style=\"font-weight: 400;\">Pra\u0161ome niekada nenaudoti USDT pinigin\u0117s adreso kitoms kriptovaliutoms pervesti. Kiekvienas pinigin\u0117s adresas priklauso nuo konkre\u010dios valiutos: BTC galite pervesti tik \u012f <a href=\"https:\/\/coinkickoff.com\/lt\/bitcoin-btc\/\" data-internallinksmanager029f6b8e52c=\"1\" title=\"Kas yra Bitcoin (BTC)? Kaina, istorija ir kur \u012fsigyti\">Bitcoin<\/a> adres\u0105, ETH \u012f <a href=\"https:\/\/coinkickoff.com\/lt\/ethereum-eth\/\" data-internallinksmanager029f6b8e52c=\"2\" title=\"Kas yra Ethereum (ETH)? Kaina, istorija ir kur \u012fsigyti\">Ethereum<\/a> adresas, <a href=\"https:\/\/coinkickoff.com\/lt\/polkadot-dot\/\" data-internallinksmanager029f6b8e52c=\"12\" title=\"Kas yra Polkadot (DOT)? Kaip jis veikia ir kur j\u012f \u012fsigyti?\">Polkadot<\/a> \u012f DOT adres\u0105 ir t. t.<\/span><\/p>\n<h3><span class=\"ez-toc-section\" id=\"4_Navigate_to_the_Relevant_Screen_to_Buy\"><\/span><span style=\"font-weight: 400;\">4. Pereikite \u012f atitinkam\u0105 ekran\u0105, kad gal\u0117tum\u0117te pirkti<\/span><span class=\"ez-toc-section-end\"><\/span><\/h3>\n<p><span style=\"font-weight: 400;\">Pagrindiniame puslapyje spustel\u0117kite meniu \"Pirkti kriptovaliut\u0105\". Pamatysite kelias parinktis, tokias kaip \"Greita prekyba\", \"P2P\" ir \"Tre\u010dioji \u0161alis\".<\/span><\/p>\n<p><span style=\"font-weight: 400;\">Negalite \u012fsigyti Litecoin su P2P sandoriais, ta\u010diau kiti du yra visi\u0161kai perspektyv\u016bs ir gana lengvai naudojami.<\/span><\/p>\n<p><img loading=\"lazy\" decoding=\"async\" class=\"alignnone wp-image-3274 size-full\" src=\"https:\/\/coinkickoff.com\/wp-content\/uploads\/kucoin-buy-crypto.png\" alt=\"kucoin pirkti ekran\u0105\" width=\"1418\" height=\"692\" srcset=\"https:\/\/coinkickoff.com\/wp-content\/uploads\/kucoin-buy-crypto.png 1418w, https:\/\/coinkickoff.com\/wp-content\/uploads\/kucoin-buy-crypto-300x146.png 300w, https:\/\/coinkickoff.com\/wp-content\/uploads\/kucoin-buy-crypto-1024x500.png 1024w, https:\/\/coinkickoff.com\/wp-content\/uploads\/kucoin-buy-crypto-768x375.png 768w, https:\/\/coinkickoff.com\/wp-content\/uploads\/kucoin-buy-crypto-18x9.png 18w\" sizes=\"auto, (max-width: 1418px) 100vw, 1418px\" \/><\/p>\n<p><span style=\"font-weight: 400;\">Pagrindinis greitosios prekybos ir tre\u010diosios \u0161alies sandorio skirtumas yra mok\u0117jimo b\u016bdas. Naudodamiesi greit\u0105ja prekyba, Litecoin galite pirkti kredito kortele, o naudodamiesi tre\u010diosios \u0161alies paslaugomis, galite naudoti tokius mok\u0117jimo procesorius kaip \"Simplex\" ir \"Banxa\".<\/span><\/p>\n<h4><span class=\"ez-toc-section\" id=\"Fast_Trade\"><\/span><span style=\"font-weight: 400;\">Greita prekyba<\/span><span class=\"ez-toc-section-end\"><\/span><\/h4>\n<p><span style=\"font-weight: 400;\">\u012e stulpel\u012f \"Noriu i\u0161leisti\" \u012fra\u0161ykite sum\u0105, kuri\u0105 norite investuoti.<\/span><\/p>\n<h4><img loading=\"lazy\" decoding=\"async\" class=\"alignnone wp-image-3275 size-full\" style=\"font-family: Muli, sans-serif;\" src=\"https:\/\/coinkickoff.com\/wp-content\/uploads\/kucoin-buy-crypto-one-click.png\" alt=\"kucoin pirkti vienu paspaudimu\" width=\"1421\" height=\"770\" srcset=\"https:\/\/coinkickoff.com\/wp-content\/uploads\/kucoin-buy-crypto-one-click.png 1421w, https:\/\/coinkickoff.com\/wp-content\/uploads\/kucoin-buy-crypto-one-click-300x163.png 300w, https:\/\/coinkickoff.com\/wp-content\/uploads\/kucoin-buy-crypto-one-click-1024x555.png 1024w, https:\/\/coinkickoff.com\/wp-content\/uploads\/kucoin-buy-crypto-one-click-768x416.png 768w, https:\/\/coinkickoff.com\/wp-content\/uploads\/kucoin-buy-crypto-one-click-18x10.png 18w\" sizes=\"auto, (max-width: 1421px) 100vw, 1421px\" \/><\/h4>\n<p><span style=\"font-weight: 400;\">Nustatykite stulpelio \"Gauti\" reik\u0161m\u0119 Litecoin.<\/span><\/p>\n<p><img loading=\"lazy\" decoding=\"async\" class=\"alignnone wp-image-3276 size-full\" src=\"https:\/\/coinkickoff.com\/wp-content\/uploads\/kucoin-select-paymnet-method.png\" alt=\"kaip nusipirkti Polygon Kucoin\" width=\"1424\" height=\"794\" srcset=\"https:\/\/coinkickoff.com\/wp-content\/uploads\/kucoin-select-paymnet-method.png 1424w, https:\/\/coinkickoff.com\/wp-content\/uploads\/kucoin-select-paymnet-method-300x167.png 300w, https:\/\/coinkickoff.com\/wp-content\/uploads\/kucoin-select-paymnet-method-1024x571.png 1024w, https:\/\/coinkickoff.com\/wp-content\/uploads\/kucoin-select-paymnet-method-768x428.png 768w, https:\/\/coinkickoff.com\/wp-content\/uploads\/kucoin-select-paymnet-method-18x10.png 18w\" sizes=\"auto, (max-width: 1424px) 100vw, 1424px\" \/><\/p>\n<p><span style=\"font-weight: 400;\">Galiausiai prid\u0117kite mok\u0117jimo b\u016bd\u0105. Kaip matote, prie savo Kucoin paskyros galite prid\u0117ti debeto arba kredito kortel\u0119. Prid\u0117j\u0119 kortel\u0119, gal\u0117site j\u0105 naudoti kitiems pirkiniams.<\/span><\/p>\n<p><span style=\"font-weight: 400;\">\u012eveskite savo kortel\u0117s duomenis ir spauskite \"Pirkti LTC\". Bus parodyta u\u017esakymo informacija, \u012fskaitant visus taikomus mokes\u010dius. Jei viskas atrodo gerai, spauskite \"Patvirtinti\". J\u016bs\u0173 pirkimas bus baigtas i\u0161 karto.<\/span><\/p>\n<p><span style=\"font-weight: 400;\">K\u0105 daryti, jei negalite naudoti savo debeto\/kredito kortel\u0117s pirkdami Litecoin per greit\u0105j\u0105 prekyb\u0105? Taip gali nutikti d\u0117l keli\u0173 prie\u017eas\u010di\u0173, \u012fskaitant j\u016bs\u0173 banko taikomus apribojimus ir (arba) \"Fast Trade\" nes\u0117km\u0119.<\/span><\/p>\n<p><span style=\"font-weight: 400;\">Arba jums gali b\u016bti nepatogu palikti savo kortel\u0117s informacij\u0105 Kucoin. Tokiu atveju galite rinktis tre\u010diosios \u0161alies pirkin\u012f.<\/span><\/p>\n<h4><span class=\"ez-toc-section\" id=\"Third-Party\"><\/span><span style=\"font-weight: 400;\">Tre\u010dioji \u0161alis<\/span><span class=\"ez-toc-section-end\"><\/span><\/h4>\n<p><span style=\"font-weight: 400;\">Tre\u010diosios \u0161alies pirkinys leid\u017eia u\u017e pirkin\u012f sumok\u0117ti nepriklausomais mok\u0117jimo kanalais. \u0160ie mok\u0117jimo kanalai parduoda jums kriptovaliutas pagal savo kursus, kurie paprastai yra didesni, palyginti su neatid\u0117liotin\u0173 sandori\u0173 rinkos kursais, bet prilygsta greitosios prekybos kainoms.<\/span><\/p>\n<p><img loading=\"lazy\" decoding=\"async\" class=\"alignnone wp-image-3278 size-full\" src=\"https:\/\/coinkickoff.com\/wp-content\/uploads\/kucoin-screenshot.png\" alt=\"Kaip nusipirkti Cardano Kucoin kaip nusipirkti polkadot Kucoin kaip nusipirkti Litecoin Kucoin\" width=\"1436\" height=\"673\" srcset=\"https:\/\/coinkickoff.com\/wp-content\/uploads\/kucoin-screenshot.png 1436w, https:\/\/coinkickoff.com\/wp-content\/uploads\/kucoin-screenshot-300x141.png 300w, https:\/\/coinkickoff.com\/wp-content\/uploads\/kucoin-screenshot-1024x480.png 1024w, https:\/\/coinkickoff.com\/wp-content\/uploads\/kucoin-screenshot-768x360.png 768w, https:\/\/coinkickoff.com\/wp-content\/uploads\/kucoin-screenshot-18x8.png 18w\" sizes=\"auto, (max-width: 1436px) 100vw, 1436px\" \/><\/p>\n<p><span style=\"font-weight: 400;\">Tre\u010diosios \u0161alies pirkimo sistema labai paprasta: \u012fveskite sum\u0105, kuri\u0105 norite i\u0161leisti, ir pasirinkite Litecoin kaip valiut\u0105, kuri\u0105 norite gauti.<\/span><\/p>\n<p><span style=\"font-weight: 400;\">Pasirinkite mok\u0117jimo b\u016bd\u0105 ir mok\u0117jimo procesori\u0173. Spustel\u0117kite \"Patvirtinti\" ir t\u0119skite.<\/span><\/p>\n<p><span style=\"font-weight: 400;\">\u0160iuo metu i\u0161 Kucoin svetain\u0117s pereisite \u012f mok\u0117jimo procesoriaus svetain\u0119. Jei jau turite paskyr\u0105, galite i\u0161 karto atlikti operacij\u0105. Jei paskyros neturite, galite greitai j\u0105 susikurti ir u\u017ebaigti sandor\u012f.\u00a0<\/span><\/p>\n<h4><span class=\"ez-toc-section\" id=\"How_to_Buy_Litecoin_with_Crypto\"><\/span><span style=\"font-weight: 400;\">Kaip nusipirkti Litecoin su kriptovaliuta<\/span><span class=\"ez-toc-section-end\"><\/span><\/h4>\n<p><span style=\"font-weight: 400;\">Galiausiai, Litecoin galite \u012fsigyti Kucoin neatid\u0117liotin\u0173 sandori\u0173 rinkoje u\u017e kriptovaliutas.\u00a0<\/span><\/p>\n<p><span style=\"font-weight: 400;\">Prietais\u0173 skydelyje pasirinkite meniu \"Prekyba\" ir spauskite \"Spot Trading\". Puslapyje pamatysite kelias poras, pvz., BTC\/USDT, ETH\/USDT, <a href=\"https:\/\/coinkickoff.com\/lt\/dogecoin-doge\/\" data-internallinksmanager029f6b8e52c=\"14\" title=\"Kas yra Dogecoin (DOGE)? Kaip jis veikia ir kur j\u012f \u012fsigyti?\">DOGE<\/a>\/USDT ir t. t.\u00a0<\/span><\/p>\n<p><span style=\"font-weight: 400;\">Didel\u0117 vis\u0173 kriptovaliut\u0173 sandori\u0173 dalis yra i\u0161reik\u0161ta USDT, tod\u0117l daugum\u0105 coins galite pirkti ir parduoti u\u017e USDT, \u012fskaitant Litecoin.\u00a0<\/span><\/p>\n<p><span style=\"font-weight: 400;\">Pavyzd\u017eiui, jei turite Polkadot, galb\u016bt negal\u0117site jo tiesiogiai i\u0161keisti \u012f Litecoin, bet galite j\u012f i\u0161keisti \u012f USDT ir u\u017e USDT nusipirkti LTC.<\/span><\/p>\n<p><span style=\"font-weight: 400;\">Pirmiausia pasirinkite prekybos por\u0105, kuria norite keistis (pvz., LTC\/USDT). Tada u\u017epildykite u\u017esakymo form\u0105, nurodydami USDT sum\u0105, kuri\u0105 norite i\u0161leisti u\u017e LTC.<\/span><\/p>\n<p><span style=\"font-weight: 400;\">Kucoin leid\u017eia pateikti \"Market\" ir \"Limit\" pavedimus. Pradedantiesiems si\u016blome pasirinkti rinkos pavedim\u0105. Jei norite i\u0161tirti kitas galimybes, su\u017einokite daugiau apie <\/span><a href=\"https:\/\/www.kucoin.com\/support\/900006714063\" target=\"_blank\" rel=\"noopener\"><span style=\"font-weight: 400;\">skirtingi u\u017esakym\u0173 tipai<\/span><\/a><span style=\"font-weight: 400;\"> prie\u0161 t\u0119sdami<\/span><\/p>\n<p><span style=\"font-weight: 400;\">Baig\u0119 spauskite \"Pirkti\".<\/span><\/p>\n<p><span style=\"font-weight: 400;\">Dabar \u017einote tris skirtingus b\u016bdus, kaip \u012fsigyti Litecoin Kucoin! Jei jums patiko m\u016bs\u0173 \"<\/span><i><span style=\"font-weight: 400;\">Kaip nusipirkti Litecoin Kucoin\"<\/span><\/i><span style=\"font-weight: 400;\"> vadovas, jums taip pat gali patikti m\u016bs\u0173 <\/span><a href=\"https:\/\/coinkickoff.com\/lt\/crypto-exchanges\/\"><span style=\"font-weight: 400;\">main\u0173 ap\u017evalgos<\/span><\/a><span style=\"font-weight: 400;\"> ir <a href=\"https:\/\/coinkickoff.com\/lt\/how-to-buy-bitcoin\/\">kiti vadovai<\/a>.<\/span><\/p>","protected":false},"excerpt":{"rendered":"<p>Kaip nusipirkti Litecoin Kucoin Jei jums reikia patarim\u0173, kaip nusipirkti Litecoin Kucoin, esate tinkamoje vietoje! Pa\u017ei\u016br\u0117kime, kaip keliais paprastais \u017eingsniais nusipirkti LTC Kucoin. \u017dingsnis po \u017eingsnio, kaip nusipirkti Litecoin per Kucoin 1. U\u017esiregistruokite paskyr\u0105 Eikite \u012f Kucoin [...]<\/p>","protected":false},"author":3,"featured_media":0,"parent":4392,"menu_order":0,"comment_status":"closed","ping_status":"closed","template":"","meta":{"_genesis_hide_title":false,"_genesis_hide_breadcrumbs":false,"_genesis_hide_singular_image":false,"_genesis_hide_footer_widgets":false,"_genesis_custom_body_class":"","_genesis_custom_post_class":"","_genesis_layout":"","_glsr_average":0,"_glsr_ranking":0,"_glsr_reviews":0,"footnotes":""},"class_list":{"0":"post-4404","1":"page","2":"type-page","3":"status-publish","5":"entry"},"featured_image_src":null,"featured_image_src_square":null,"_links":{"self":[{"href":"https:\/\/coinkickoff.com\/lt\/wp-json\/wp\/v2\/pages\/4404","targetHints":{"allow":["GET"]}}],"collection":[{"href":"https:\/\/coinkickoff.com\/lt\/wp-json\/wp\/v2\/pages"}],"about":[{"href":"https:\/\/coinkickoff.com\/lt\/wp-json\/wp\/v2\/types\/page"}],"author":[{"embeddable":true,"href":"https:\/\/coinkickoff.com\/lt\/wp-json\/wp\/v2\/users\/3"}],"replies":[{"embeddable":true,"href":"https:\/\/coinkickoff.com\/lt\/wp-json\/wp\/v2\/comments?post=4404"}],"version-history":[{"count":2,"href":"https:\/\/coinkickoff.com\/lt\/wp-json\/wp\/v2\/pages\/4404\/revisions"}],"predecessor-version":[{"id":4406,"href":"https:\/\/coinkickoff.com\/lt\/wp-json\/wp\/v2\/pages\/4404\/revisions\/4406"}],"up":[{"embeddable":true,"href":"https:\/\/coinkickoff.com\/lt\/wp-json\/wp\/v2\/pages\/4392"}],"wp:attachment":[{"href":"https:\/\/coinkickoff.com\/lt\/wp-json\/wp\/v2\/media?parent=4404"}],"curies":[{"name":"wp","href":"https:\/\/api.w.org\/{rel}","templated":true}]}}