{"id":4242,"date":"2026-01-08T14:07:09","date_gmt":"2026-01-08T14:07:09","guid":{"rendered":"https:\/\/coinkickoff.com\/?page_id=4242"},"modified":"2026-01-08T14:07:09","modified_gmt":"2026-01-08T14:07:09","slug":"how-to-buy-polkadot-on-huobi","status":"publish","type":"page","link":"https:\/\/coinkickoff.com\/lt\/how-to-buy-polkadot\/how-to-buy-polkadot-on-huobi\/","title":{"rendered":"Kaip nusipirkti Polkadot HTX"},"content":{"rendered":"<div id=\"ez-toc-container\" class=\"ez-toc-v2_0_80 counter-hierarchy ez-toc-counter ez-toc-transparent ez-toc-container-direction\">\n<div class=\"ez-toc-title-container\">\n<p class=\"ez-toc-title\" style=\"cursor:inherit\">Skyriai<\/p>\n<span class=\"ez-toc-title-toggle\"><a href=\"#\" class=\"ez-toc-pull-right ez-toc-btn ez-toc-btn-xs ez-toc-btn-default ez-toc-toggle\" aria-label=\"Perjungti turinio lentel\u0119\"><span class=\"ez-toc-js-icon-con\"><span class=\"\"><span class=\"eztoc-hide\" style=\"display:none;\">Perjungti<\/span><span class=\"ez-toc-icon-toggle-span\"><svg style=\"fill: #999;color:#999\" xmlns=\"http:\/\/www.w3.org\/2000\/svg\" class=\"list-377408\" width=\"20px\" height=\"20px\" viewbox=\"0 0 24 24\" fill=\"none\"><path d=\"M6 6H4v2h2V6zm14 0H8v2h12V6zM4 11h2v2H4v-2zm16 0H8v2h12v-2zM4 16h2v2H4v-2zm16 0H8v2h12v-2z\" fill=\"currentColor\"><\/path><\/svg><svg style=\"fill: #999;color:#999\" class=\"arrow-unsorted-368013\" xmlns=\"http:\/\/www.w3.org\/2000\/svg\" width=\"10px\" height=\"10px\" viewbox=\"0 0 24 24\" version=\"1.2\" baseprofile=\"tiny\"><path d=\"M18.2 9.3l-6.2-6.3-6.2 6.3c-.2.2-.3.4-.3.7s.1.5.3.7c.2.2.4.3.7.3h11c.3 0 .5-.1.7-.3.2-.2.3-.5.3-.7s-.1-.5-.3-.7zM5.8 14.7l6.2 6.3 6.2-6.3c.2-.2.3-.5.3-.7s-.1-.5-.3-.7c-.2-.2-.4-.3-.7-.3h-11c-.3 0-.5.1-.7.3-.2.2-.3.5-.3.7s.1.5.3.7z\"\/><\/svg><\/span><\/span><\/span><\/a><\/span><\/div>\n<nav><ul class='ez-toc-list ez-toc-list-level-1 eztoc-toggle-hide-by-default' ><li class='ez-toc-page-1 ez-toc-heading-level-2'><a class=\"ez-toc-link ez-toc-heading-1\" href=\"https:\/\/coinkickoff.com\/lt\/how-to-buy-polkadot\/how-to-buy-polkadot-on-huobi\/#How_to_Buy_Polkadot_on_HTX\" >Kaip nusipirkti Polkadot HTX<\/a><ul class='ez-toc-list-level-3' ><li class='ez-toc-heading-level-3'><a class=\"ez-toc-link ez-toc-heading-2\" href=\"https:\/\/coinkickoff.com\/lt\/how-to-buy-polkadot\/how-to-buy-polkadot-on-huobi\/#1_Register_an_Account_on_HTX\" >1. U\u017eregistruokite paskyr\u0105 \"HTX<\/a><\/li><li class='ez-toc-page-1 ez-toc-heading-level-3'><a class=\"ez-toc-link ez-toc-heading-3\" href=\"https:\/\/coinkickoff.com\/lt\/how-to-buy-polkadot\/how-to-buy-polkadot-on-huobi\/#2_Get_Verified_on_HTX\" >2. Gaukite patvirtint\u0105 \"HTX<\/a><\/li><li class='ez-toc-page-1 ez-toc-heading-level-3'><a class=\"ez-toc-link ez-toc-heading-4\" href=\"https:\/\/coinkickoff.com\/lt\/how-to-buy-polkadot\/how-to-buy-polkadot-on-huobi\/#3_Deposit_FundsCrypto\" >3. Depozitin\u0117s l\u0117\u0161os \/ kriptografija<\/a><\/li><li class='ez-toc-page-1 ez-toc-heading-level-3'><a class=\"ez-toc-link ez-toc-heading-5\" href=\"https:\/\/coinkickoff.com\/lt\/how-to-buy-polkadot\/how-to-buy-polkadot-on-huobi\/#4_Navigate_to_the_Relevant_Screen_to_Buy\" >4. Pereikite \u012f atitinkam\u0105 ekran\u0105, kad gal\u0117tum\u0117te pirkti<\/a><\/li><\/ul><\/li><\/ul><\/nav><\/div>\n<h2><span class=\"ez-toc-section\" id=\"How_to_Buy_Polkadot_on_HTX\"><\/span><span style=\"font-weight: 400;\">Kaip nusipirkti Polkadot HTX<\/span><span class=\"ez-toc-section-end\"><\/span><\/h2>\n<p><span style=\"font-weight: 400;\">\u0160iandien mes pad\u0117sime jums su\u017einoti, kaip nusipirkti <a href=\"https:\/\/coinkickoff.com\/lt\/polkadot-dot\/\" data-internallinksmanager029f6b8e52c=\"12\" title=\"Kas yra Polkadot (DOT)? Kaip jis veikia ir kur j\u012f \u012fsigyti?\">Polkadot<\/a> svetain\u0117je <a href=\"https:\/\/coinkickoff.com\/lt\/huobi-review\/\" data-internallinksmanager029f6b8e52c=\"172\" title=\"&quot;HTX&quot; ap\u017evalgos 2023: Mokes\u010diai, funkcijos, saugumas, privalumai ir tr\u016bkumai\">HTX<\/a>. Ta\u010diau prie\u0161 prad\u0117dami, galite pasidom\u0117ti m\u016bs\u0173 <\/span><a href=\"https:\/\/coinkickoff.com\/lt\/huobi-review\/\"><span style=\"font-weight: 400;\">HTX ap\u017evalga<\/span><\/a><span style=\"font-weight: 400;\"> nor\u0117dami su\u017einoti daugiau apie mainus. \"HTX\" yra \u017einoma d\u0117l savo <\/span><a href=\"https:\/\/protos.com\/tag\/huobi\/\" target=\"_blank\" rel=\"noopener\"><span style=\"font-weight: 400;\">paslaptingos nuorodos \u012f Justin Sun<\/span><\/a><span style=\"font-weight: 400;\">, prie\u0161taringai vertinama kriptovaliut\u0173 ekosistemos fig\u016bra.<\/span><\/p>\n<p><span style=\"font-weight: 400;\">\u0160tai kaip nusipirkti Polkadot \"HTX\".<\/span><\/p>\n<h3><span class=\"ez-toc-section\" id=\"1_Register_an_Account_on_HTX\"><\/span><span style=\"font-weight: 400;\">1. U\u017eregistruokite paskyr\u0105 \"HTX<\/span><span class=\"ez-toc-section-end\"><\/span><\/h3>\n<p><span style=\"font-weight: 400;\">Eikite \u012f <\/span><a href=\"https:\/\/www.huobi.com\/en-us\/v\/register\/double-invite\/?inviter_id=11345710&amp;amp;invite_code=znsn6223\" target=\"_blank\" rel=\"noopener\"><span style=\"font-weight: 400;\">HTX<\/span><\/a><span style=\"font-weight: 400;\"> svetain\u0119 ir u\u017eregistruokite paskyr\u0105.<\/span><\/p>\n<p><img loading=\"lazy\" decoding=\"async\" class=\"alignnone wp-image-3561 size-full\" src=\"https:\/\/coinkickoff.com\/wp-content\/uploads\/Screen-Shot-2023-04-10-at-6.39.38-AM-e1686311283917.png\" alt=\"kaip pirkti dogecoin svetain\u0117je huobi\" width=\"1335\" height=\"777\" srcset=\"https:\/\/coinkickoff.com\/wp-content\/uploads\/Screen-Shot-2023-04-10-at-6.39.38-AM-e1686311283917.png 1335w, https:\/\/coinkickoff.com\/wp-content\/uploads\/Screen-Shot-2023-04-10-at-6.39.38-AM-e1686311283917-300x175.png 300w, https:\/\/coinkickoff.com\/wp-content\/uploads\/Screen-Shot-2023-04-10-at-6.39.38-AM-e1686311283917-1024x596.png 1024w, https:\/\/coinkickoff.com\/wp-content\/uploads\/Screen-Shot-2023-04-10-at-6.39.38-AM-e1686311283917-768x447.png 768w, https:\/\/coinkickoff.com\/wp-content\/uploads\/Screen-Shot-2023-04-10-at-6.39.38-AM-e1686311283917-18x10.png 18w\" sizes=\"auto, (max-width: 1335px) 100vw, 1335px\" \/><\/p>\n<h3><span class=\"ez-toc-section\" id=\"2_Get_Verified_on_HTX\"><\/span><span style=\"font-weight: 400;\">2. Gaukite patvirtint\u0105 \"HTX<\/span><span class=\"ez-toc-section-end\"><\/span><\/h3>\n<p><span style=\"font-weight: 400;\">Pasirinkite profilio simbol\u012f prietais\u0173 skydelyje ir paspauskite \"<\/span><a href=\"https:\/\/www.huobi.com\/en-us\/kyc\/t3\/?app_id=b3Rj5Z&amp;source=1\" target=\"_blank\" rel=\"noopener\"><span style=\"font-weight: 400;\">Patikrinimas<\/span><\/a><span style=\"font-weight: 400;\">.\"<\/span><\/p>\n<p><img loading=\"lazy\" decoding=\"async\" class=\"alignnone wp-image-3859 size-full\" src=\"https:\/\/coinkickoff.com\/wp-content\/uploads\/huobi3.png\" alt=\"\" width=\"920\" height=\"500\" srcset=\"https:\/\/coinkickoff.com\/wp-content\/uploads\/huobi3.png 920w, https:\/\/coinkickoff.com\/wp-content\/uploads\/huobi3-300x163.png 300w, https:\/\/coinkickoff.com\/wp-content\/uploads\/huobi3-768x417.png 768w, https:\/\/coinkickoff.com\/wp-content\/uploads\/huobi3-18x10.png 18w\" sizes=\"auto, (max-width: 920px) 100vw, 920px\" \/><\/p>\n<p><span style=\"font-weight: 400;\">\"HTX\" turi trij\u0173 etap\u0173 tikrinimo schem\u0105. Turite pasirinkti savo \u0161al\u012f, \u012fkelti galiojant\u012f asmens tapatyb\u0117s dokument\u0105 ir pereiti veido patikr\u0105.<\/span><\/p>\n<p><img loading=\"lazy\" decoding=\"async\" class=\"alignnone wp-image-3860 size-full\" src=\"https:\/\/coinkickoff.com\/wp-content\/uploads\/huobi4.png\" alt=\"\" width=\"324\" height=\"297\" srcset=\"https:\/\/coinkickoff.com\/wp-content\/uploads\/huobi4.png 324w, https:\/\/coinkickoff.com\/wp-content\/uploads\/huobi4-300x275.png 300w, https:\/\/coinkickoff.com\/wp-content\/uploads\/huobi4-13x12.png 13w\" sizes=\"auto, (max-width: 324px) 100vw, 324px\" \/><\/p>\n<p><span style=\"font-weight: 400;\">Priimtini tapatyb\u0117s dokument\u0173 tipai \u012fvairiose \u0161alyse skiriasi. Pasirinkite \u0161al\u012f, kurioje gyvenate, ir paruo\u0161kite reikiam\u0105 asmens tapatyb\u0117s dokument\u0105.<\/span><\/p>\n<p><img loading=\"lazy\" decoding=\"async\" class=\"alignnone wp-image-3861 size-full\" src=\"https:\/\/coinkickoff.com\/wp-content\/uploads\/huobi5.png\" alt=\"\" width=\"352\" height=\"312\" srcset=\"https:\/\/coinkickoff.com\/wp-content\/uploads\/huobi5.png 352w, https:\/\/coinkickoff.com\/wp-content\/uploads\/huobi5-300x266.png 300w, https:\/\/coinkickoff.com\/wp-content\/uploads\/huobi5-14x12.png 14w\" sizes=\"auto, (max-width: 352px) 100vw, 352px\" \/><\/p>\n<p><span style=\"font-weight: 400;\">\u012ek\u0117lus tapatyb\u0117s dokument\u0105, tereikia atlikti veido patikr\u0105. Jei turite veikian\u010di\u0105 internetin\u0119 vaizdo kamer\u0105, \u0161\u012f veiksm\u0105 lengvai atliksite per kelias minutes.\u00a0<\/span><\/p>\n<p><span style=\"font-weight: 400;\">Kai b\u016bsite patvirtintas, gal\u0117site naudoti fiat valiutas ir pirkti kriptovaliut\u0173 turt\u0105 \"HTX\". Nor\u0117dami naudotis pa\u017eangiomis prekybos funkcijomis, galite nor\u0117ti padidinti tikrinimo lyg\u012f, ta\u010diau tai n\u0117ra privaloma.<\/span><\/p>\n<p><img loading=\"lazy\" decoding=\"async\" class=\"alignnone wp-image-3863 size-full\" src=\"https:\/\/coinkickoff.com\/wp-content\/uploads\/huobi7.png\" alt=\"\" width=\"935\" height=\"984\" srcset=\"https:\/\/coinkickoff.com\/wp-content\/uploads\/huobi7.png 935w, https:\/\/coinkickoff.com\/wp-content\/uploads\/huobi7-285x300.png 285w, https:\/\/coinkickoff.com\/wp-content\/uploads\/huobi7-768x808.png 768w, https:\/\/coinkickoff.com\/wp-content\/uploads\/huobi7-11x12.png 11w\" sizes=\"auto, (max-width: 935px) 100vw, 935px\" \/><\/p>\n<h3><span class=\"ez-toc-section\" id=\"3_Deposit_FundsCrypto\"><\/span><span style=\"font-weight: 400;\">3. Depozitin\u0117s l\u0117\u0161os \/ kriptografija<\/span><span class=\"ez-toc-section-end\"><\/span><\/h3>\n<p><span style=\"font-weight: 400;\">Jei norite atlikti \u012fmok\u0105, eikite \u012f skirtuk\u0105 \"Liku\u010diai\". Pamatysite savo turto ap\u017evalg\u0105. Kair\u0117je ekrano pus\u0117je esan\u010diame meniu pasirinkite \"Exchange\".<\/span><\/p>\n<p><span style=\"font-weight: 400;\">\u0160iame puslapyje rodomas j\u016bs\u0173 \"HTX\" bir\u017eos s\u0105skaitos likutis ir pateikiamas \"HTX\" palaikomo turto s\u0105ra\u0161as.\u00a0<\/span><\/p>\n<p><span style=\"font-weight: 400;\">Per \u0161\u012f puslap\u012f \u012f savo s\u0105skait\u0105 galite \u012fne\u0161ti kriptovaliut\u0173 arba fiat valiut\u0173. Ie\u0161kokite turto, kur\u012f norite pervesti, ir spustel\u0117kite \"\u012ene\u0161ti\".<\/span><\/p>\n<p><img loading=\"lazy\" decoding=\"async\" class=\"alignnone wp-image-3867 size-full\" src=\"https:\/\/coinkickoff.com\/wp-content\/uploads\/huobideposit1-1.png\" alt=\"\" width=\"1326\" height=\"555\" srcset=\"https:\/\/coinkickoff.com\/wp-content\/uploads\/huobideposit1-1.png 1326w, https:\/\/coinkickoff.com\/wp-content\/uploads\/huobideposit1-1-300x126.png 300w, https:\/\/coinkickoff.com\/wp-content\/uploads\/huobideposit1-1-1024x429.png 1024w, https:\/\/coinkickoff.com\/wp-content\/uploads\/huobideposit1-1-768x321.png 768w, https:\/\/coinkickoff.com\/wp-content\/uploads\/huobideposit1-1-18x8.png 18w\" sizes=\"auto, (max-width: 1326px) 100vw, 1326px\" \/><\/p>\n<p><span style=\"font-weight: 400;\">Jei norite \u012fmok\u0117ti grynuosius pinigus, tereikia pasirinkti valiut\u0105 ir mok\u0117jimo b\u016bd\u0105.<\/span><\/p>\n<p><img loading=\"lazy\" decoding=\"async\" class=\"alignnone wp-image-3866 size-full\" src=\"https:\/\/coinkickoff.com\/wp-content\/uploads\/huobideposit2.png\" alt=\"\" width=\"589\" height=\"582\" srcset=\"https:\/\/coinkickoff.com\/wp-content\/uploads\/huobideposit2.png 589w, https:\/\/coinkickoff.com\/wp-content\/uploads\/huobideposit2-300x296.png 300w, https:\/\/coinkickoff.com\/wp-content\/uploads\/huobideposit2-12x12.png 12w, https:\/\/coinkickoff.com\/wp-content\/uploads\/huobideposit2-80x80.png 80w\" sizes=\"auto, (max-width: 589px) 100vw, 589px\" \/><\/p>\n<p><span style=\"font-weight: 400;\">Atkreipkite d\u0117mes\u012f, kad \u012fmok\u0105 galite atlikti tik i\u0161 savo vardu atidarytos banko s\u0105skaitos.<\/span><\/p>\n<p><img loading=\"lazy\" decoding=\"async\" class=\"alignnone wp-image-3870 size-full\" src=\"https:\/\/coinkickoff.com\/wp-content\/uploads\/huobdeposit3-2.png\" alt=\"\" width=\"997\" height=\"613\" srcset=\"https:\/\/coinkickoff.com\/wp-content\/uploads\/huobdeposit3-2.png 997w, https:\/\/coinkickoff.com\/wp-content\/uploads\/huobdeposit3-2-300x184.png 300w, https:\/\/coinkickoff.com\/wp-content\/uploads\/huobdeposit3-2-768x472.png 768w, https:\/\/coinkickoff.com\/wp-content\/uploads\/huobdeposit3-2-18x12.png 18w\" sizes=\"auto, (max-width: 997px) 100vw, 997px\" \/><\/p>\n<p><span style=\"font-weight: 400;\">Spustel\u0117kite \"Patvirtinti\", kad atliktum\u0117te \u012fmok\u0105.<\/span><\/p>\n<p><span style=\"font-weight: 400;\">Jei norite \u012fne\u0161ti kriptovaliut\u0105, veiksmai yra tokie patys. S\u0105ra\u0161e raskite savo skaitmenin\u012f turt\u0105 ir spustel\u0117kite \"Depozitas\".<\/span><\/p>\n<p><span style=\"font-weight: 400;\">Vietoj \u012fmokos formos gausite tos valiutos \u012fmokos adres\u0105. \u0160\u012f adres\u0105 galite naudoti si\u0173sdami savo kriptovaliut\u0105 \u012f <a href=\"https:\/\/coinkickoff.com\/lt\/kucoin-review\/\" data-internallinksmanager029f6b8e52c=\"153\" title=\"KuCoin Atsiliepimai 2023: Mokes\u010diai, saugumas, privalumai ir tr\u016bkumai\">Kucoin<\/a>.<\/span><\/p>\n<h3><span class=\"ez-toc-section\" id=\"4_Navigate_to_the_Relevant_Screen_to_Buy\"><\/span><span style=\"font-weight: 400;\">4. Pereikite \u012f atitinkam\u0105 ekran\u0105, kad gal\u0117tum\u0117te pirkti<\/span><span class=\"ez-toc-section-end\"><\/span><\/h3>\n<p><span style=\"font-weight: 400;\">Nesvarbu, ar \u012f savo s\u0105skait\u0105 \u012fne\u0161\u0117te fiat, ar kriptovaliut\u0173, galite jomis prekiauti Polkadot neatid\u0117liotin\u0173 sandori\u0173 rinkoje.<\/span><\/p>\n<p><span style=\"font-weight: 400;\">Nor\u0117dami prad\u0117ti, meniu \"Prekyba\" pasirinkite \"Neatid\u0117liotina prekyba\".<\/span><\/p>\n<figure id=\"attachment_3563\" aria-describedby=\"caption-attachment-3563\" style=\"width: 1411px\" class=\"wp-caption alignnone\"><img loading=\"lazy\" decoding=\"async\" class=\"wp-image-3563 size-full\" src=\"https:\/\/coinkickoff.com\/wp-content\/uploads\/Screen-Shot-2023-04-10-at-7.24.48-AM-e1683782590693.png\" alt=\"kaip nusipirkti shiba inu huobi kaip nusipirkti polkadot huobi\" width=\"1411\" height=\"737\" srcset=\"https:\/\/coinkickoff.com\/wp-content\/uploads\/Screen-Shot-2023-04-10-at-7.24.48-AM-e1683782590693.png 1411w, https:\/\/coinkickoff.com\/wp-content\/uploads\/Screen-Shot-2023-04-10-at-7.24.48-AM-e1683782590693-300x157.png 300w, https:\/\/coinkickoff.com\/wp-content\/uploads\/Screen-Shot-2023-04-10-at-7.24.48-AM-e1683782590693-1024x535.png 1024w, https:\/\/coinkickoff.com\/wp-content\/uploads\/Screen-Shot-2023-04-10-at-7.24.48-AM-e1683782590693-768x401.png 768w, https:\/\/coinkickoff.com\/wp-content\/uploads\/Screen-Shot-2023-04-10-at-7.24.48-AM-e1683782590693-18x9.png 18w\" sizes=\"auto, (max-width: 1411px) 100vw, 1411px\" \/><figcaption id=\"caption-attachment-3563\" class=\"wp-caption-text\">huobi<\/figcaption><\/figure>\n<p><span style=\"font-weight: 400;\">Kair\u0117je puslapio pus\u0117je pamatysite vis\u0173 galim\u0173 prekybos por\u0173 s\u0105ra\u0161\u0105. Kadangi norite \u012fsigyti DOT, pirmiausia norime su\u017einoti, kokiomis valiutomis galite prekiauti u\u017e DOT.<\/span><\/p>\n<p><span style=\"font-weight: 400;\">Laimei, \u010dia yra patogus paie\u0161kos langelis. \u012e paie\u0161kos laukel\u012f \u012fveskite \"DOT\" ir pamatysite visas galimas poras.<\/span><\/p>\n<p><span style=\"font-weight: 400;\">Jei yra j\u016bs\u0173 turimos valiutos prekybos pora, j\u016bs\u0173 darbas yra lengvas. Tarkime, kad \u012f platform\u0105 \u012fne\u0161\u0117te 100 eur\u0173. Jei yra DOT\/EUR pora, galite spustel\u0117ti j\u0105 ir slinkti \u017eemyn, kad pateiktum\u0117te pavedim\u0105.<\/span><\/p>\n<p><span style=\"font-weight: 400;\">Tas pats galioja ir bet kuriai kitai valiut\u0173 porai. Pavyzd\u017eiui, jei turite <a href=\"https:\/\/coinkickoff.com\/lt\/tether-usdt\/\" data-internallinksmanager029f6b8e52c=\"3\" title=\"Kas yra Tether (USDT)? Kaip jis veikia ir kur j\u012f \u012fsigyti?\">USDT<\/a>, nor\u0117dami \u012fsigyti, galite spustel\u0117ti USDT\/DOR por\u0105.<\/span><\/p>\n<p><span style=\"font-weight: 400;\">Viskas tampa \u0161iek tiek sud\u0117tingiau, jei turite valiut\u0105, kuri nesusijusi su DOT. Tokiu atveju turite i\u0161keisti savo turt\u0105 \u012f kriptovaliut\u0105, kuri poruojasi su DOT. Tokiais atvejais USDT visada yra saugus statymas, ta\u010diau tuo galite \u012fsitikinti per\u017ei\u016br\u0117j\u0119 galimas poras.<\/span><\/p>\n<p><span style=\"font-weight: 400;\">Pasirink\u0119 tinkam\u0105 poravim\u0105, slinkite \u017eemyn ir per\u017ei\u016br\u0117kite u\u017esakymo form\u0105. \u010cia u\u017epildydami form\u0105 galite pateikti u\u017esakym\u0105.<\/span><\/p>\n<p><img loading=\"lazy\" decoding=\"async\" class=\"alignnone wp-image-3916 size-full\" src=\"https:\/\/coinkickoff.com\/wp-content\/uploads\/huobi-buy-e1690369656886.png\" alt=\"kaip nusipirkti bitcoin svetain\u0117je huobi\" width=\"1438\" height=\"737\" srcset=\"https:\/\/coinkickoff.com\/wp-content\/uploads\/huobi-buy-e1690369656886.png 1438w, https:\/\/coinkickoff.com\/wp-content\/uploads\/huobi-buy-e1690369656886-300x154.png 300w, https:\/\/coinkickoff.com\/wp-content\/uploads\/huobi-buy-e1690369656886-1024x525.png 1024w, https:\/\/coinkickoff.com\/wp-content\/uploads\/huobi-buy-e1690369656886-768x394.png 768w, https:\/\/coinkickoff.com\/wp-content\/uploads\/huobi-buy-e1690369656886-18x9.png 18w\" sizes=\"auto, (max-width: 1438px) 100vw, 1438px\" \/><\/p>\n<p><span style=\"font-weight: 400;\">Tur\u0117site dvi galimybes: Galite pateikti rinkos pavedim\u0105 arba ribot\u0105 pavedim\u0105. Pateik\u0119 rinkos pavedim\u0105, \"HTX\" jums pateiks geriausi\u0105 galim\u0105 Polkadot kain\u0105, o j\u016bs\u0173 pavedimas bus \u012fvykdytas gana greitai.<\/span><\/p>\n<p><span style=\"font-weight: 400;\">Jei pateiksite ribot\u0105 pavedim\u0105, gal\u0117site nuspr\u0119sti, koki\u0105 kain\u0105 norite mok\u0117ti u\u017e DOT. J\u016bs\u0173 u\u017esakymas bus \u012fvykdytas, kai kitas asmuo pateiks j\u016bs\u0173 kain\u0105 atitinkant\u012f pardavimo u\u017esakym\u0105.<\/span><\/p>\n<p><img loading=\"lazy\" decoding=\"async\" class=\"alignnone wp-image-3917 size-full\" src=\"https:\/\/coinkickoff.com\/wp-content\/uploads\/huobi-buy2-e1690369675505.png\" alt=\"Kaip nusipirkti Ethereum HTX\" width=\"1438\" height=\"777\" srcset=\"https:\/\/coinkickoff.com\/wp-content\/uploads\/huobi-buy2-e1690369675505.png 1438w, https:\/\/coinkickoff.com\/wp-content\/uploads\/huobi-buy2-e1690369675505-300x162.png 300w, https:\/\/coinkickoff.com\/wp-content\/uploads\/huobi-buy2-e1690369675505-1024x553.png 1024w, https:\/\/coinkickoff.com\/wp-content\/uploads\/huobi-buy2-e1690369675505-768x415.png 768w, https:\/\/coinkickoff.com\/wp-content\/uploads\/huobi-buy2-e1690369675505-18x10.png 18w\" sizes=\"auto, (max-width: 1438px) 100vw, 1438px\" \/><\/p>\n<p><span style=\"font-weight: 400;\">Spauskite \"Pirkti DOT\" ir viskas baigta!<\/span><\/p>\n<p><span style=\"font-weight: 400;\">Jei jums patiko m\u016bs\u0173 \"Kaip pirkti Polkadot HTX\" vadovas, jums taip pat gali patikti <a href=\"https:\/\/coinkickoff.com\/lt\/crypto-exchanges\/\">exchnage atsiliepimai<\/a> ir vadovai!<\/span><\/p>","protected":false},"excerpt":{"rendered":"<p>Kaip nusipirkti Polkadot \"HTX\" \u0160iandien pad\u0117sime jums su\u017einoti, kaip nusipirkti Polkadot \"HTX\". Ta\u010diau prie\u0161 prad\u0117dami, galb\u016bt nor\u0117site pa\u017evelgti \u012f m\u016bs\u0173 \"HTX\" ap\u017evalg\u0105, kad su\u017einotum\u0117te daugiau apie bir\u017e\u0105. HTX yra \u017einoma d\u0117l savo paslapting\u0173 s\u0105saj\u0173 su Justinu Sunu, prie\u0161taringai vertinama fig\u016bra [...]<\/p>","protected":false},"author":3,"featured_media":0,"parent":4215,"menu_order":0,"comment_status":"closed","ping_status":"closed","template":"","meta":{"_genesis_hide_title":false,"_genesis_hide_breadcrumbs":false,"_genesis_hide_singular_image":false,"_genesis_hide_footer_widgets":false,"_genesis_custom_body_class":"","_genesis_custom_post_class":"","_genesis_layout":"","_glsr_average":0,"_glsr_ranking":0,"_glsr_reviews":0,"footnotes":""},"class_list":{"0":"post-4242","1":"page","2":"type-page","3":"status-publish","5":"entry"},"featured_image_src":null,"featured_image_src_square":null,"_links":{"self":[{"href":"https:\/\/coinkickoff.com\/lt\/wp-json\/wp\/v2\/pages\/4242","targetHints":{"allow":["GET"]}}],"collection":[{"href":"https:\/\/coinkickoff.com\/lt\/wp-json\/wp\/v2\/pages"}],"about":[{"href":"https:\/\/coinkickoff.com\/lt\/wp-json\/wp\/v2\/types\/page"}],"author":[{"embeddable":true,"href":"https:\/\/coinkickoff.com\/lt\/wp-json\/wp\/v2\/users\/3"}],"replies":[{"embeddable":true,"href":"https:\/\/coinkickoff.com\/lt\/wp-json\/wp\/v2\/comments?post=4242"}],"version-history":[{"count":2,"href":"https:\/\/coinkickoff.com\/lt\/wp-json\/wp\/v2\/pages\/4242\/revisions"}],"predecessor-version":[{"id":4244,"href":"https:\/\/coinkickoff.com\/lt\/wp-json\/wp\/v2\/pages\/4242\/revisions\/4244"}],"up":[{"embeddable":true,"href":"https:\/\/coinkickoff.com\/lt\/wp-json\/wp\/v2\/pages\/4215"}],"wp:attachment":[{"href":"https:\/\/coinkickoff.com\/lt\/wp-json\/wp\/v2\/media?parent=4242"}],"curies":[{"name":"wp","href":"https:\/\/api.w.org\/{rel}","templated":true}]}}