{"id":4236,"date":"2026-01-08T14:07:08","date_gmt":"2026-01-08T14:07:08","guid":{"rendered":"https:\/\/coinkickoff.com\/?page_id=4236"},"modified":"2026-01-08T14:07:08","modified_gmt":"2026-01-08T14:07:08","slug":"how-to-buy-polkadot-on-gemini","status":"publish","type":"page","link":"https:\/\/coinkickoff.com\/lt\/how-to-buy-polkadot\/how-to-buy-polkadot-on-gemini\/","title":{"rendered":"Kaip nusipirkti Polkadot Gemini"},"content":{"rendered":"<div id=\"ez-toc-container\" class=\"ez-toc-v2_0_80 counter-hierarchy ez-toc-counter ez-toc-transparent ez-toc-container-direction\">\n<div class=\"ez-toc-title-container\">\n<p class=\"ez-toc-title\" style=\"cursor:inherit\">Skyriai<\/p>\n<span class=\"ez-toc-title-toggle\"><a href=\"#\" class=\"ez-toc-pull-right ez-toc-btn ez-toc-btn-xs ez-toc-btn-default ez-toc-toggle\" aria-label=\"Perjungti turinio lentel\u0119\"><span class=\"ez-toc-js-icon-con\"><span class=\"\"><span class=\"eztoc-hide\" style=\"display:none;\">Perjungti<\/span><span class=\"ez-toc-icon-toggle-span\"><svg style=\"fill: #999;color:#999\" xmlns=\"http:\/\/www.w3.org\/2000\/svg\" class=\"list-377408\" width=\"20px\" height=\"20px\" viewbox=\"0 0 24 24\" fill=\"none\"><path d=\"M6 6H4v2h2V6zm14 0H8v2h12V6zM4 11h2v2H4v-2zm16 0H8v2h12v-2zM4 16h2v2H4v-2zm16 0H8v2h12v-2z\" fill=\"currentColor\"><\/path><\/svg><svg style=\"fill: #999;color:#999\" class=\"arrow-unsorted-368013\" xmlns=\"http:\/\/www.w3.org\/2000\/svg\" width=\"10px\" height=\"10px\" viewbox=\"0 0 24 24\" version=\"1.2\" baseprofile=\"tiny\"><path d=\"M18.2 9.3l-6.2-6.3-6.2 6.3c-.2.2-.3.4-.3.7s.1.5.3.7c.2.2.4.3.7.3h11c.3 0 .5-.1.7-.3.2-.2.3-.5.3-.7s-.1-.5-.3-.7zM5.8 14.7l6.2 6.3 6.2-6.3c.2-.2.3-.5.3-.7s-.1-.5-.3-.7c-.2-.2-.4-.3-.7-.3h-11c-.3 0-.5.1-.7.3-.2.2-.3.5-.3.7s.1.5.3.7z\"\/><\/svg><\/span><\/span><\/span><\/a><\/span><\/div>\n<nav><ul class='ez-toc-list ez-toc-list-level-1 eztoc-toggle-hide-by-default' ><li class='ez-toc-page-1 ez-toc-heading-level-2'><a class=\"ez-toc-link ez-toc-heading-1\" href=\"https:\/\/coinkickoff.com\/lt\/how-to-buy-polkadot\/how-to-buy-polkadot-on-gemini\/#How_to_Buy_Polkadot_on_Gemini\" >Kaip nusipirkti Polkadot Gemini<\/a><\/li><li class='ez-toc-page-1 ez-toc-heading-level-2'><a class=\"ez-toc-link ez-toc-heading-2\" href=\"https:\/\/coinkickoff.com\/lt\/how-to-buy-polkadot\/how-to-buy-polkadot-on-gemini\/#A_Step-By-Step_Guide_on_How_to_Buy_Polkadot_on_Gemini\" >\u017dingsnis po \u017eingsnio vadovas, kaip nusipirkti Polkadot \"Gemini<\/a><ul class='ez-toc-list-level-3' ><li class='ez-toc-heading-level-3'><a class=\"ez-toc-link ez-toc-heading-3\" href=\"https:\/\/coinkickoff.com\/lt\/how-to-buy-polkadot\/how-to-buy-polkadot-on-gemini\/#1_Register_an_Account_and_Verify_Your_Identity\" >1. U\u017eregistruokite paskyr\u0105 ir patvirtinkite savo tapatyb\u0119<\/a><\/li><li class='ez-toc-page-1 ez-toc-heading-level-3'><a class=\"ez-toc-link ez-toc-heading-4\" href=\"https:\/\/coinkickoff.com\/lt\/how-to-buy-polkadot\/how-to-buy-polkadot-on-gemini\/#2_Add_a_Payment_Method\" >2. Prid\u0117ti mok\u0117jimo b\u016bd\u0105<\/a><\/li><li class='ez-toc-page-1 ez-toc-heading-level-3'><a class=\"ez-toc-link ez-toc-heading-5\" href=\"https:\/\/coinkickoff.com\/lt\/how-to-buy-polkadot\/how-to-buy-polkadot-on-gemini\/#3_Navigate_to_the_Relevant_Screen_to_Buy\" >3. Pereikite \u012f atitinkam\u0105 ekran\u0105, kad gal\u0117tum\u0117te pirkti<\/a><ul class='ez-toc-list-level-4' ><li class='ez-toc-heading-level-4'><a class=\"ez-toc-link ez-toc-heading-6\" href=\"https:\/\/coinkickoff.com\/lt\/how-to-buy-polkadot\/how-to-buy-polkadot-on-gemini\/#Active_Trading\" >Aktyvi prekyba<\/a><\/li><\/ul><\/li><\/ul><\/li><\/ul><\/nav><\/div>\n<h2><span class=\"ez-toc-section\" id=\"How_to_Buy_Polkadot_on_Gemini\"><\/span><span style=\"font-weight: 400;\">Kaip nusipirkti Polkadot Gemini<\/span><span class=\"ez-toc-section-end\"><\/span><\/h2>\n<p><span style=\"font-weight: 400;\">Jei norite \u012fsigyti <a href=\"https:\/\/coinkickoff.com\/lt\/polkadot-dot\/\">Polkadot<\/a> (DOT) apie \"Gemini\", esate tinkamoje vietoje. Vadovaukit\u0117s m\u016bs\u0173 trij\u0173 \u017eingsni\u0173 vadovu ir su\u017einokite, kaip pirkti <a href=\"https:\/\/coinkickoff.com\/lt\/polkadot-dot\/\" data-internallinksmanager029f6b8e52c=\"12\" title=\"Kas yra Polkadot (DOT)? Kaip jis veikia ir kur j\u012f \u012fsigyti?\">Polkadot<\/a> apie Dvynius.<\/span><\/p>\n<p><span style=\"font-weight: 400;\">Ta\u010diau prie\u0161 prad\u0117dami per\u017ei\u016br\u0117kite m\u016bs\u0173 <\/span><a href=\"https:\/\/coinkickoff.com\/lt\/gemini-review\/\"><span style=\"font-weight: 400;\">Dvyni\u0173 ap\u017evalga<\/span><\/a><span style=\"font-weight: 400;\">. \"Gemini Earn\" klientai <\/span><a href=\"https:\/\/www.bloomberg.com\/news\/articles\/2023-07-07\/winklevoss-s-gemini-crypto-exchange-sues-barry-silbert-and-dcg\" target=\"_blank\" rel=\"noopener\"><span style=\"font-weight: 400;\">negali pasitraukti<\/span><\/a><span style=\"font-weight: 400;\"> savo turt\u0105 i\u0161 platformos m\u0117nesius, tod\u0117l geriausia susipa\u017einti su situacija ir suvokti kriptovaliut\u0173 laikymo \"Gemini\" platformoje rizik\u0105.<\/span><\/p>\n<p><span style=\"font-weight: 400;\">Toliau - kaip nusipirkti Polkadot \"Gemini\".<\/span><\/p>\n<h2><span class=\"ez-toc-section\" id=\"A_Step-By-Step_Guide_on_How_to_Buy_Polkadot_on_Gemini\"><\/span><span style=\"font-weight: 400;\">\u017dingsnis po \u017eingsnio vadovas, kaip nusipirkti Polkadot \"Gemini<\/span><span class=\"ez-toc-section-end\"><\/span><\/h2>\n<h3><span class=\"ez-toc-section\" id=\"1_Register_an_Account_and_Verify_Your_Identity\"><\/span><span style=\"font-weight: 400;\">1. U\u017eregistruokite paskyr\u0105 ir patvirtinkite savo tapatyb\u0119<\/span><span class=\"ez-toc-section-end\"><\/span><\/h3>\n<p><span style=\"font-weight: 400;\">Keliaukime \u012f <\/span><a href=\"https:\/\/gemini.com\" target=\"_blank\" rel=\"noopener\"><span style=\"font-weight: 400;\">Dvyniai<\/span><\/a><span style=\"font-weight: 400;\"> svetain\u0117je ir spustel\u0117kite \"Registruotis\".<\/span><\/p>\n<p><span style=\"font-weight: 400;\">Registruodamiesi \"Gemini\" pra\u0161o pateikti daug informacijos, \u012fskaitant pavard\u0119, gimimo dat\u0105 ir adres\u0105. Vis\u0105 informacij\u0105 turite \u012fvesti taip, kaip para\u0161yta j\u016bs\u0173 tapatyb\u0117s dokumente.<\/span><\/p>\n<p><span style=\"font-weight: 400;\"><img loading=\"lazy\" decoding=\"async\" class=\"alignnone wp-image-3690 size-full\" src=\"https:\/\/coinkickoff.com\/wp-content\/uploads\/Screen-Shot-2023-04-10-at-7.45.50-AM-e1684925675301.png\" alt=\"\" width=\"1439\" height=\"791\" srcset=\"https:\/\/coinkickoff.com\/wp-content\/uploads\/Screen-Shot-2023-04-10-at-7.45.50-AM-e1684925675301.png 1439w, https:\/\/coinkickoff.com\/wp-content\/uploads\/Screen-Shot-2023-04-10-at-7.45.50-AM-e1684925675301-300x165.png 300w, https:\/\/coinkickoff.com\/wp-content\/uploads\/Screen-Shot-2023-04-10-at-7.45.50-AM-e1684925675301-1024x563.png 1024w, https:\/\/coinkickoff.com\/wp-content\/uploads\/Screen-Shot-2023-04-10-at-7.45.50-AM-e1684925675301-768x422.png 768w, https:\/\/coinkickoff.com\/wp-content\/uploads\/Screen-Shot-2023-04-10-at-7.45.50-AM-e1684925675301-18x10.png 18w\" sizes=\"auto, (max-width: 1439px) 100vw, 1439px\" \/><\/span><\/p>\n<p><span style=\"font-weight: 400;\">Spauskite \"Sukurti paskyr\u0105\", kad t\u0119stum\u0117te. <\/span><\/p>\n<p><span style=\"font-weight: 400;\"><img loading=\"lazy\" decoding=\"async\" class=\"alignnone wp-image-3697 size-full\" src=\"https:\/\/coinkickoff.com\/wp-content\/uploads\/Screen-Shot-2023-04-10-at-7.52.01-AM-e1684925865857.png\" alt=\"\" width=\"1274\" height=\"669\" srcset=\"https:\/\/coinkickoff.com\/wp-content\/uploads\/Screen-Shot-2023-04-10-at-7.52.01-AM-e1684925865857.png 1274w, https:\/\/coinkickoff.com\/wp-content\/uploads\/Screen-Shot-2023-04-10-at-7.52.01-AM-e1684925865857-300x158.png 300w, https:\/\/coinkickoff.com\/wp-content\/uploads\/Screen-Shot-2023-04-10-at-7.52.01-AM-e1684925865857-1024x538.png 1024w, https:\/\/coinkickoff.com\/wp-content\/uploads\/Screen-Shot-2023-04-10-at-7.52.01-AM-e1684925865857-768x403.png 768w, https:\/\/coinkickoff.com\/wp-content\/uploads\/Screen-Shot-2023-04-10-at-7.52.01-AM-e1684925865857-18x9.png 18w\" sizes=\"auto, (max-width: 1274px) 100vw, 1274px\" \/><\/span><\/p>\n<p><span style=\"font-weight: 400;\">Pasirinkite dokumento tip\u0105, kur\u012f norite \u012fkelti savo tapatybei patvirtinti. <\/span><\/p>\n<p><span style=\"font-weight: 400;\"><img loading=\"lazy\" decoding=\"async\" class=\"alignnone wp-image-3698 size-full\" src=\"https:\/\/coinkickoff.com\/wp-content\/uploads\/Screen-Shot-2023-04-10-at-7.52.08-AM-e1684925892934.png\" alt=\"\" width=\"1249\" height=\"701\" srcset=\"https:\/\/coinkickoff.com\/wp-content\/uploads\/Screen-Shot-2023-04-10-at-7.52.08-AM-e1684925892934.png 1249w, https:\/\/coinkickoff.com\/wp-content\/uploads\/Screen-Shot-2023-04-10-at-7.52.08-AM-e1684925892934-300x168.png 300w, https:\/\/coinkickoff.com\/wp-content\/uploads\/Screen-Shot-2023-04-10-at-7.52.08-AM-e1684925892934-1024x575.png 1024w, https:\/\/coinkickoff.com\/wp-content\/uploads\/Screen-Shot-2023-04-10-at-7.52.08-AM-e1684925892934-768x431.png 768w, https:\/\/coinkickoff.com\/wp-content\/uploads\/Screen-Shot-2023-04-10-at-7.52.08-AM-e1684925892934-18x10.png 18w, https:\/\/coinkickoff.com\/wp-content\/uploads\/Screen-Shot-2023-04-10-at-7.52.08-AM-e1684925892934-600x338.png 600w\" sizes=\"auto, (max-width: 1249px) 100vw, 1249px\" \/><\/span><\/p>\n<p><span style=\"font-weight: 400;\">Spauskite \"Get Secure link\". Telefone spustel\u0117kite nuorod\u0105, kad patektum\u0117te \u012f \u012fk\u0117limo puslap\u012f ir u\u017ebaigtum\u0117te registracij\u0105. Neu\u017edarykite tinklalapio, kol nebaigsite tikrinimo.<\/span><\/p>\n<h3><span class=\"ez-toc-section\" id=\"2_Add_a_Payment_Method\"><\/span><span style=\"font-weight: 400;\">2. Prid\u0117ti mok\u0117jimo b\u016bd\u0105<\/span><span class=\"ez-toc-section-end\"><\/span><\/h3>\n<p><span style=\"font-weight: 400;\">Paspauskite mygtuk\u0105 \"Paskyra\" prietais\u0173 skydelyje ir pasirinkite <\/span><a href=\"https:\/\/exchange.gemini.com\/settings\/bank\" target=\"_blank\" rel=\"noopener\"><span style=\"font-weight: 400;\">Mok\u0117jimo b\u016bdai<\/span><\/a><span style=\"font-weight: 400;\">. Tada prid\u0117site mok\u0117jimo b\u016bd\u0105.<\/span><\/p>\n<p><span style=\"font-weight: 400;\">Jei spustel\u0117site \"Prid\u0117ti banko s\u0105skait\u0105 rankiniu b\u016bdu\", gausite nurodymus, kaip prijungti savo interneto banko s\u0105skait\u0105 prie \"Gemini\". Paprastai vietiniai banko pervedimai yra nemokami, ta\u010diau gali u\u017etrukti iki 5 darbo dien\u0173.\u00a0<\/span><\/p>\n<p><span style=\"font-weight: 400;\">Taip pat prie savo s\u0105skaitos galite prijungti debeto kortel\u0119 ir i\u0161 karto pirkti kriptovaliut\u0173. Prid\u0117j\u0119 kortel\u0119, naudodamiesi \"Gemini\" funkcija \"Easy Buy\" per kelias minutes galite \u012fsigyti Polkadot ir kit\u0173 valiut\u0173.<\/span><\/p>\n<p><span style=\"font-weight: 400;\">Ta\u010diau pirkimai debeto kortele yra brangesni nei bankiniai pervedimai. <\/span><\/p>\n<p><span style=\"font-weight: 400;\"><img loading=\"lazy\" decoding=\"async\" class=\"alignnone wp-image-3699 size-full\" src=\"https:\/\/coinkickoff.com\/wp-content\/uploads\/Screen-Shot-2023-04-10-at-8.05.13-AM-e1684925923198.png\" alt=\"\" width=\"1331\" height=\"680\" srcset=\"https:\/\/coinkickoff.com\/wp-content\/uploads\/Screen-Shot-2023-04-10-at-8.05.13-AM-e1684925923198.png 1331w, https:\/\/coinkickoff.com\/wp-content\/uploads\/Screen-Shot-2023-04-10-at-8.05.13-AM-e1684925923198-300x153.png 300w, https:\/\/coinkickoff.com\/wp-content\/uploads\/Screen-Shot-2023-04-10-at-8.05.13-AM-e1684925923198-1024x523.png 1024w, https:\/\/coinkickoff.com\/wp-content\/uploads\/Screen-Shot-2023-04-10-at-8.05.13-AM-e1684925923198-768x392.png 768w, https:\/\/coinkickoff.com\/wp-content\/uploads\/Screen-Shot-2023-04-10-at-8.05.13-AM-e1684925923198-18x9.png 18w\" sizes=\"auto, (max-width: 1331px) 100vw, 1331px\" \/><\/span><\/p>\n<p><span style=\"font-weight: 400;\">Pasirinkite norim\u0105 prid\u0117ti metod\u0105 ir spustel\u0117kite \"Prid\u0117ti\". Galite prid\u0117ti kelis mok\u0117jimo metodus.<\/span><\/p>\n<p><span style=\"font-weight: 400;\">Jei pasirinksite \"Banko s\u0105skaita rankiniu b\u016bdu\", vadovaukit\u0117s ekrane pateiktais nurodymais. Jei norite prid\u0117ti debeto kortel\u0119, vadovaukit\u0117s toliau pateiktais nurodymais.<\/span><\/p>\n<p><span style=\"font-weight: 400;\"><img loading=\"lazy\" decoding=\"async\" class=\"alignnone wp-image-3700 size-full\" src=\"https:\/\/coinkickoff.com\/wp-content\/uploads\/Screen-Shot-2023-04-10-at-8.07.32-AM-e1684925955355.png\" alt=\"\" width=\"1180\" height=\"759\" srcset=\"https:\/\/coinkickoff.com\/wp-content\/uploads\/Screen-Shot-2023-04-10-at-8.07.32-AM-e1684925955355.png 1180w, https:\/\/coinkickoff.com\/wp-content\/uploads\/Screen-Shot-2023-04-10-at-8.07.32-AM-e1684925955355-300x193.png 300w, https:\/\/coinkickoff.com\/wp-content\/uploads\/Screen-Shot-2023-04-10-at-8.07.32-AM-e1684925955355-1024x659.png 1024w, https:\/\/coinkickoff.com\/wp-content\/uploads\/Screen-Shot-2023-04-10-at-8.07.32-AM-e1684925955355-768x494.png 768w, https:\/\/coinkickoff.com\/wp-content\/uploads\/Screen-Shot-2023-04-10-at-8.07.32-AM-e1684925955355-18x12.png 18w\" sizes=\"auto, (max-width: 1180px) 100vw, 1180px\" \/><\/span><\/p>\n<p><span style=\"font-weight: 400;\">Pasirinkite savo debeto kortel\u0117s valiut\u0105. \"Gemini\" palaiko USD, EUR, CAD, AUD, GBP, HKD ir SGD.<\/span><\/p>\n<p><span style=\"font-weight: 400;\"><img loading=\"lazy\" decoding=\"async\" class=\"alignnone wp-image-3701 size-full\" src=\"https:\/\/coinkickoff.com\/wp-content\/uploads\/Screen-Shot-2023-04-10-at-8.07.43-AM-e1684925980171.png\" alt=\"\" width=\"1231\" height=\"777\" srcset=\"https:\/\/coinkickoff.com\/wp-content\/uploads\/Screen-Shot-2023-04-10-at-8.07.43-AM-e1684925980171.png 1231w, https:\/\/coinkickoff.com\/wp-content\/uploads\/Screen-Shot-2023-04-10-at-8.07.43-AM-e1684925980171-300x189.png 300w, https:\/\/coinkickoff.com\/wp-content\/uploads\/Screen-Shot-2023-04-10-at-8.07.43-AM-e1684925980171-1024x646.png 1024w, https:\/\/coinkickoff.com\/wp-content\/uploads\/Screen-Shot-2023-04-10-at-8.07.43-AM-e1684925980171-768x485.png 768w, https:\/\/coinkickoff.com\/wp-content\/uploads\/Screen-Shot-2023-04-10-at-8.07.43-AM-e1684925980171-18x12.png 18w\" sizes=\"auto, (max-width: 1231px) 100vw, 1231px\" \/><\/span><\/p>\n<p><span style=\"font-weight: 400;\">Prid\u0117kite s\u0105skaitos fakt\u016bros adres\u0105.<\/span><\/p>\n<p><span style=\"font-weight: 400;\"><img loading=\"lazy\" decoding=\"async\" class=\"alignnone wp-image-3702 size-full\" src=\"https:\/\/coinkickoff.com\/wp-content\/uploads\/Screen-Shot-2023-04-10-at-8.08.21-AM-e1684926023269.png\" alt=\"\" width=\"1206\" height=\"770\" srcset=\"https:\/\/coinkickoff.com\/wp-content\/uploads\/Screen-Shot-2023-04-10-at-8.08.21-AM-e1684926023269.png 1206w, https:\/\/coinkickoff.com\/wp-content\/uploads\/Screen-Shot-2023-04-10-at-8.08.21-AM-e1684926023269-300x192.png 300w, https:\/\/coinkickoff.com\/wp-content\/uploads\/Screen-Shot-2023-04-10-at-8.08.21-AM-e1684926023269-1024x654.png 1024w, https:\/\/coinkickoff.com\/wp-content\/uploads\/Screen-Shot-2023-04-10-at-8.08.21-AM-e1684926023269-768x490.png 768w, https:\/\/coinkickoff.com\/wp-content\/uploads\/Screen-Shot-2023-04-10-at-8.08.21-AM-e1684926023269-18x12.png 18w\" sizes=\"auto, (max-width: 1206px) 100vw, 1206px\" \/><\/span><\/p>\n<p><span style=\"font-weight: 400;\">Patikrinkite savo adreso duomenis.<\/span><\/p>\n<p><span style=\"font-weight: 400;\"><img loading=\"lazy\" decoding=\"async\" class=\"alignnone wp-image-3703 size-full\" src=\"https:\/\/coinkickoff.com\/wp-content\/uploads\/Screen-Shot-2023-04-10-at-8.08.37-AM-e1684926046103.png\" alt=\"\" width=\"1216\" height=\"752\" srcset=\"https:\/\/coinkickoff.com\/wp-content\/uploads\/Screen-Shot-2023-04-10-at-8.08.37-AM-e1684926046103.png 1216w, https:\/\/coinkickoff.com\/wp-content\/uploads\/Screen-Shot-2023-04-10-at-8.08.37-AM-e1684926046103-300x186.png 300w, https:\/\/coinkickoff.com\/wp-content\/uploads\/Screen-Shot-2023-04-10-at-8.08.37-AM-e1684926046103-1024x633.png 1024w, https:\/\/coinkickoff.com\/wp-content\/uploads\/Screen-Shot-2023-04-10-at-8.08.37-AM-e1684926046103-768x475.png 768w, https:\/\/coinkickoff.com\/wp-content\/uploads\/Screen-Shot-2023-04-10-at-8.08.37-AM-e1684926046103-18x12.png 18w\" sizes=\"auto, (max-width: 1216px) 100vw, 1216px\" \/><\/span><\/p>\n<p><span style=\"font-weight: 400;\">\u012eveskite kortel\u0117s informacij\u0105. Atkreipkite d\u0117mes\u012f, kad palaikomos tik debeto kortel\u0117s - kredito kortel\u0117s bus atmestos.<\/span><\/p>\n<h3><span class=\"ez-toc-section\" id=\"3_Navigate_to_the_Relevant_Screen_to_Buy\"><\/span><span style=\"font-weight: 400;\">3. Pereikite \u012f atitinkam\u0105 ekran\u0105, kad gal\u0117tum\u0117te pirkti<\/span><span class=\"ez-toc-section-end\"><\/span><\/h3>\n<p><span style=\"font-weight: 400;\">Prietais\u0173 skydelyje spustel\u0117kite \"Market\". Nor\u0117dami pamatyti Polkadot, paie\u0161kos rinkoje laukelyje \u012fveskite \"DOT\".<\/span><\/p>\n<p><span style=\"font-weight: 400;\"><img loading=\"lazy\" decoding=\"async\" class=\"alignnone wp-image-3704 size-full\" src=\"https:\/\/coinkickoff.com\/wp-content\/uploads\/Screen-Shot-2023-04-10-at-8.17.54-AM-e1684926106937.png\" alt=\"\" width=\"1393\" height=\"766\" srcset=\"https:\/\/coinkickoff.com\/wp-content\/uploads\/Screen-Shot-2023-04-10-at-8.17.54-AM-e1684926106937.png 1393w, https:\/\/coinkickoff.com\/wp-content\/uploads\/Screen-Shot-2023-04-10-at-8.17.54-AM-e1684926106937-300x165.png 300w, https:\/\/coinkickoff.com\/wp-content\/uploads\/Screen-Shot-2023-04-10-at-8.17.54-AM-e1684926106937-1024x563.png 1024w, https:\/\/coinkickoff.com\/wp-content\/uploads\/Screen-Shot-2023-04-10-at-8.17.54-AM-e1684926106937-768x422.png 768w, https:\/\/coinkickoff.com\/wp-content\/uploads\/Screen-Shot-2023-04-10-at-8.17.54-AM-e1684926106937-18x10.png 18w\" sizes=\"auto, (max-width: 1393px) 100vw, 1393px\" \/><\/span><\/p>\n<p><span style=\"font-weight: 400;\">Paspaud\u0119 \"Per\u017ei\u016br\u0117ti informacij\u0105\", b\u016bsite nusi\u0173sti \u012f Polkadot puslap\u012f \"Lengvas pirkimas\". <\/span><\/p>\n<p><img loading=\"lazy\" decoding=\"async\" class=\"alignnone wp-image-3706 size-full\" src=\"https:\/\/coinkickoff.com\/wp-content\/uploads\/Screen-Shot-2023-04-10-at-8.20.19-AM-e1684926155864.png\" alt=\"Kaip nusipirkti Cardano Gemini kaip nusipirkti Polygon Gemini kaip nusipirkti polkadot gemini\" width=\"1393\" height=\"766\" srcset=\"https:\/\/coinkickoff.com\/wp-content\/uploads\/Screen-Shot-2023-04-10-at-8.20.19-AM-e1684926155864.png 1393w, https:\/\/coinkickoff.com\/wp-content\/uploads\/Screen-Shot-2023-04-10-at-8.20.19-AM-e1684926155864-300x165.png 300w, https:\/\/coinkickoff.com\/wp-content\/uploads\/Screen-Shot-2023-04-10-at-8.20.19-AM-e1684926155864-1024x563.png 1024w, https:\/\/coinkickoff.com\/wp-content\/uploads\/Screen-Shot-2023-04-10-at-8.20.19-AM-e1684926155864-768x422.png 768w, https:\/\/coinkickoff.com\/wp-content\/uploads\/Screen-Shot-2023-04-10-at-8.20.19-AM-e1684926155864-18x10.png 18w\" sizes=\"auto, (max-width: 1393px) 100vw, 1393px\" \/><\/p>\n<p><span style=\"font-weight: 400;\">Kair\u0117je pus\u0117je esan\u010diose diagramose galite matyti Polkadot kainos poky\u010dius laikui b\u0117gant.\u00a0<\/span><\/p>\n<p><span style=\"font-weight: 400;\">De\u0161in\u0117je matysite paprast\u0105 pirkimo form\u0105.\u00a0<\/span><\/p>\n<p><span style=\"font-weight: 400;\">\"How Often?\" (Kaip da\u017enai?) nustatyta \u012f \"Once\" (vien\u0105 kart\u0105), bet galite j\u0105 pakeisti, kad b\u016bt\u0173 galima periodi\u0161kai teikti automatinio pirkimo u\u017esakymus. Pavyzd\u017eiui, galite nustatyti, kad \"Gemini\" kas savait\u0119 pirkt\u0173 10 doleri\u0173 vert\u0117s DOT ir taip pl\u0117tot\u0173 j\u016bs\u0173 portfel\u012f.<\/span><\/p>\n<p><span style=\"font-weight: 400;\">Nor\u0117dami baigti pirkim\u0105, \u012fveskite sum\u0105, kuri\u0105 norite investuoti \u012f Polkadot, ir pasirinkite mok\u0117jimo b\u016bd\u0105.\u00a0<\/span><\/p>\n<p><span style=\"font-weight: 400;\">Spustel\u0117kite \"Per\u017ei\u016br\u0117ti u\u017esakym\u0105\" ir su\u017einokite, kokius mokes\u010dius taiko \"Gemini\". Pamatysite, kiek DOT gausite. Jei sutinkate, spauskite \"Pirkti\". Atminkite, kad \u012f \"Lengvo pirkimo\" kainas \u012fskai\u010diuotas pasl\u0117ptas \"spredo mokestis\", kuris paprastai pridedamas prie turto kainos.<\/span><\/p>\n<p><span style=\"font-weight: 400;\">J\u016bs\u0173 DOT token bus \u012ftraukti \u012f j\u016bs\u0173 \"Gemini\" pinigin\u0119.<\/span><\/p>\n<h4><span class=\"ez-toc-section\" id=\"Active_Trading\"><\/span><span style=\"font-weight: 400;\">Aktyvi prekyba<\/span><span class=\"ez-toc-section-end\"><\/span><\/h4>\n<p><span style=\"font-weight: 400;\">Jei prid\u0117jote banko s\u0105skait\u0105 ir \u012fne\u0161\u0117te gryn\u0173j\u0173 pinig\u0173 \u012f \"Gemini\" arba jei \"Gemini\" pinigin\u0117je turite skaitmenini\u0173 valiut\u0173, galite naudotis neatid\u0117liotin\u0173 sandori\u0173 rinka ir pirkti Polkadot bei kitas kriptovaliutas.<\/span><\/p>\n<p><span style=\"font-weight: 400;\">Neatid\u0117liotin\u0173 sandori\u0173 rinkos kainos yra daug ma\u017eesn\u0117s nei \"Easy Buy\", o mokes\u010diai ma\u017eesni.\u00a0<\/span><\/p>\n<p><span style=\"font-weight: 400;\">Nor\u0117dami patekti \u012f neatid\u0117liotin\u0173 sandori\u0173 rink\u0105, puslapyje \"Easy Buy\" spustel\u0117kite \"Switch to Active Trader\".\u00a0<\/span><\/p>\n<p><span style=\"font-weight: 400;\">Naudodamiesi rinkos paie\u0161kos funkcija ie\u0161kokite DOT por\u0173. Jei nematote DOT\/USD arba DOT\/EUR por\u0173, galite \u012fsigyti <a href=\"https:\/\/coinkickoff.com\/lt\/tether-usdt\/\" data-internallinksmanager029f6b8e52c=\"3\" title=\"Kas yra Tether (USDT)? Kaip jis veikia ir kur j\u012f \u012fsigyti?\">USDT<\/a> arba <a href=\"https:\/\/coinkickoff.com\/lt\/usd-coin-usdc\/\" data-internallinksmanager029f6b8e52c=\"8\" title=\"Kas yra USD Coin (USDC)? Kaip jis veikia ir kur j\u012f \u012fsigyti?\">USDC<\/a> su savo fiat valiuta ir tada i\u0161keiskite \u0161iuos token \u012f DOT.<\/span><\/p>\n<p><span style=\"font-weight: 400;\">U\u017epildykite pirkimo u\u017esakymo form\u0105, kad u\u017ebaigtum\u0117te pirkim\u0105.<\/span><\/p>\n<p><span style=\"font-weight: 400;\">Jei jums patiko m\u016bs\u0173 \"<\/span><i><span style=\"font-weight: 400;\">Kaip nusipirkti DOT \"Gemini\" svetain\u0117je\" <\/span><\/i><span style=\"font-weight: 400;\">vadov\u0105, galb\u016bt nor\u0117site per\u017ei\u016br\u0117ti m\u016bs\u0173 <\/span><a href=\"https:\/\/coinkickoff.com\/lt\/crypto-exchanges\/\"><span style=\"font-weight: 400;\">main\u0173 ap\u017evalgos<\/span><\/a><span style=\"font-weight: 400;\"> ir kitus vadovus.<\/span><\/p>","protected":false},"excerpt":{"rendered":"<p>Kaip nusipirkti Polkadot Gemini Jei norite nusipirkti Polkadot (DOT) Gemini, esate tinkamoje vietoje. Vadovaukit\u0117s m\u016bs\u0173 trij\u0173 \u017eingsni\u0173 vadovu, kad su\u017einotum\u0117te, kaip pirkti Polkadot \"Gemini\". Ta\u010diau prie\u0161 prad\u0117dami per\u017ei\u016br\u0117kite m\u016bs\u0173 \"Gemini\" ap\u017evalg\u0105. \"Gemini Earn\" klientai negal\u0117jo atsiimti savo turto i\u0161 [...]<\/p>","protected":false},"author":3,"featured_media":0,"parent":4215,"menu_order":0,"comment_status":"closed","ping_status":"closed","template":"","meta":{"_genesis_hide_title":false,"_genesis_hide_breadcrumbs":false,"_genesis_hide_singular_image":false,"_genesis_hide_footer_widgets":false,"_genesis_custom_body_class":"","_genesis_custom_post_class":"","_genesis_layout":"","_glsr_average":0,"_glsr_ranking":0,"_glsr_reviews":0,"footnotes":""},"class_list":{"0":"post-4236","1":"page","2":"type-page","3":"status-publish","5":"entry"},"featured_image_src":null,"featured_image_src_square":null,"_links":{"self":[{"href":"https:\/\/coinkickoff.com\/lt\/wp-json\/wp\/v2\/pages\/4236","targetHints":{"allow":["GET"]}}],"collection":[{"href":"https:\/\/coinkickoff.com\/lt\/wp-json\/wp\/v2\/pages"}],"about":[{"href":"https:\/\/coinkickoff.com\/lt\/wp-json\/wp\/v2\/types\/page"}],"author":[{"embeddable":true,"href":"https:\/\/coinkickoff.com\/lt\/wp-json\/wp\/v2\/users\/3"}],"replies":[{"embeddable":true,"href":"https:\/\/coinkickoff.com\/lt\/wp-json\/wp\/v2\/comments?post=4236"}],"version-history":[{"count":2,"href":"https:\/\/coinkickoff.com\/lt\/wp-json\/wp\/v2\/pages\/4236\/revisions"}],"predecessor-version":[{"id":4238,"href":"https:\/\/coinkickoff.com\/lt\/wp-json\/wp\/v2\/pages\/4236\/revisions\/4238"}],"up":[{"embeddable":true,"href":"https:\/\/coinkickoff.com\/lt\/wp-json\/wp\/v2\/pages\/4215"}],"wp:attachment":[{"href":"https:\/\/coinkickoff.com\/lt\/wp-json\/wp\/v2\/media?parent=4236"}],"curies":[{"name":"wp","href":"https:\/\/api.w.org\/{rel}","templated":true}]}}