{"id":4172,"date":"2026-01-08T14:07:22","date_gmt":"2026-01-08T14:07:22","guid":{"rendered":"https:\/\/coinkickoff.com\/?page_id=4172"},"modified":"2026-01-08T14:07:22","modified_gmt":"2026-01-08T14:07:22","slug":"__trashed","status":"publish","type":"page","link":"https:\/\/coinkickoff.com\/lt\/how-to-buy-ethereum\/__trashed\/","title":{"rendered":"Kaip pirkti Ethereum Bitfinex"},"content":{"rendered":"<div id=\"ez-toc-container\" class=\"ez-toc-v2_0_80 counter-hierarchy ez-toc-counter ez-toc-transparent ez-toc-container-direction\">\n<div class=\"ez-toc-title-container\">\n<p class=\"ez-toc-title\" style=\"cursor:inherit\">Skyriai<\/p>\n<span class=\"ez-toc-title-toggle\"><a href=\"#\" class=\"ez-toc-pull-right ez-toc-btn ez-toc-btn-xs ez-toc-btn-default ez-toc-toggle\" aria-label=\"Perjungti turinio lentel\u0119\"><span class=\"ez-toc-js-icon-con\"><span class=\"\"><span class=\"eztoc-hide\" style=\"display:none;\">Perjungti<\/span><span class=\"ez-toc-icon-toggle-span\"><svg style=\"fill: #999;color:#999\" xmlns=\"http:\/\/www.w3.org\/2000\/svg\" class=\"list-377408\" width=\"20px\" height=\"20px\" viewbox=\"0 0 24 24\" fill=\"none\"><path d=\"M6 6H4v2h2V6zm14 0H8v2h12V6zM4 11h2v2H4v-2zm16 0H8v2h12v-2zM4 16h2v2H4v-2zm16 0H8v2h12v-2z\" fill=\"currentColor\"><\/path><\/svg><svg style=\"fill: #999;color:#999\" class=\"arrow-unsorted-368013\" xmlns=\"http:\/\/www.w3.org\/2000\/svg\" width=\"10px\" height=\"10px\" viewbox=\"0 0 24 24\" version=\"1.2\" baseprofile=\"tiny\"><path d=\"M18.2 9.3l-6.2-6.3-6.2 6.3c-.2.2-.3.4-.3.7s.1.5.3.7c.2.2.4.3.7.3h11c.3 0 .5-.1.7-.3.2-.2.3-.5.3-.7s-.1-.5-.3-.7zM5.8 14.7l6.2 6.3 6.2-6.3c.2-.2.3-.5.3-.7s-.1-.5-.3-.7c-.2-.2-.4-.3-.7-.3h-11c-.3 0-.5.1-.7.3-.2.2-.3.5-.3.7s.1.5.3.7z\"\/><\/svg><\/span><\/span><\/span><\/a><\/span><\/div>\n<nav><ul class='ez-toc-list ez-toc-list-level-1 eztoc-toggle-hide-by-default' ><li class='ez-toc-page-1 ez-toc-heading-level-1'><a class=\"ez-toc-link ez-toc-heading-1\" href=\"https:\/\/coinkickoff.com\/lt\/how-to-buy-ethereum\/__trashed\/#How_to_Buy_Ethereum_on_Bitfinex\" >Kaip pirkti Ethereum Bitfinex<\/a><ul class='ez-toc-list-level-2' ><li class='ez-toc-heading-level-2'><a class=\"ez-toc-link ez-toc-heading-2\" href=\"https:\/\/coinkickoff.com\/lt\/how-to-buy-ethereum\/__trashed\/#A_Step-By-Step_Guide_on_How_to_Buy_Ethereum_on_Bitfinex\" >\u017dingsnis po \u017eingsnio vadovas, kaip nusipirkti Ethereum \"Bitfinex<\/a><ul class='ez-toc-list-level-3' ><li class='ez-toc-heading-level-3'><a class=\"ez-toc-link ez-toc-heading-3\" href=\"https:\/\/coinkickoff.com\/lt\/how-to-buy-ethereum\/__trashed\/#1_Register_an_Account_on_Bitfinex\" >1. U\u017eregistruokite paskyr\u0105 \"Bitfinex<\/a><\/li><li class='ez-toc-page-1 ez-toc-heading-level-3'><a class=\"ez-toc-link ez-toc-heading-4\" href=\"https:\/\/coinkickoff.com\/lt\/how-to-buy-ethereum\/__trashed\/#2_Get_Verified_on_Bitfinex\" >2. Pasitikrinkite Bitfinex<\/a><\/li><li class='ez-toc-page-1 ez-toc-heading-level-3'><a class=\"ez-toc-link ez-toc-heading-5\" href=\"https:\/\/coinkickoff.com\/lt\/how-to-buy-ethereum\/__trashed\/#3_Deposit_FundsCrypto\" >3. Depozitin\u0117s l\u0117\u0161os \/ kriptografija<\/a><\/li><li class='ez-toc-page-1 ez-toc-heading-level-3'><a class=\"ez-toc-link ez-toc-heading-6\" href=\"https:\/\/coinkickoff.com\/lt\/how-to-buy-ethereum\/__trashed\/#4_Navigate_to_the_Relevant_Screen_to_Buy\" >4. Pereikite \u012f atitinkam\u0105 ekran\u0105, kad gal\u0117tum\u0117te pirkti<\/a><\/li><\/ul><\/li><\/ul><\/li><\/ul><\/nav><\/div>\n<h1><span class=\"ez-toc-section\" id=\"How_to_Buy_Ethereum_on_Bitfinex\"><\/span><span style=\"font-weight: 400;\">Kaip pirkti Ethereum Bitfinex<\/span><span class=\"ez-toc-section-end\"><\/span><\/h1>\n<p><span style=\"font-weight: 400;\">Ar norite pirkti <a href=\"https:\/\/coinkickoff.com\/lt\/ethereum-eth\/\" data-internallinksmanager029f6b8e52c=\"2\" title=\"Kas yra Ethereum (ETH)? Kaina, istorija ir kur \u012fsigyti\">Ethereum<\/a> svetain\u0117je <a href=\"https:\/\/coinkickoff.com\/lt\/bitfinex-review\/\">Bitfinex<\/a>? Turime jums tinkam\u0105 vadov\u0105, kuriame pateikiamos \u017eingsnis po \u017eingsnio instrukcijos. \u0160tai kaip nusipirkti Ethereum <a href=\"https:\/\/coinkickoff.com\/lt\/bitfinex-review\/\" data-internallinksmanager029f6b8e52c=\"151\" title=\"Bitfinex Atsiliepimai 2023: Mokes\u010diai, funkcijos, saugumas, &quot;u\u017e&quot; ir &quot;prie\u0161\">Bitfinex<\/a>.<\/span><\/p>\n<h2><span class=\"ez-toc-section\" id=\"A_Step-By-Step_Guide_on_How_to_Buy_Ethereum_on_Bitfinex\"><\/span><span style=\"font-weight: 400;\">\u017dingsnis po \u017eingsnio vadovas, kaip nusipirkti Ethereum \"Bitfinex<\/span><span class=\"ez-toc-section-end\"><\/span><\/h2>\n<h3><span class=\"ez-toc-section\" id=\"1_Register_an_Account_on_Bitfinex\"><\/span><span style=\"font-weight: 400;\">1. U\u017eregistruokite paskyr\u0105 \"Bitfinex<\/span><span class=\"ez-toc-section-end\"><\/span><\/h3>\n<p><span style=\"font-weight: 400;\">Nor\u0117dami prad\u0117ti, tur\u0117site <\/span><a href=\"https:\/\/www.bitfinex.com\/sign-up?refcode=kjCYk-CZD\" target=\"_blank\" rel=\"noopener\"><span style=\"font-weight: 400;\">\"Bitfinex\" s\u0105skaita.<\/span><\/a><\/p>\n<p><img loading=\"lazy\" decoding=\"async\" class=\"alignnone wp-image-3138 size-full\" src=\"https:\/\/coinkickoff.com\/wp-content\/uploads\/bitfinex-exchange.jpg\" alt=\"Bitfinex bir\u017ea Kaip pirkti Ethereum Bitfinex\" width=\"1876\" height=\"916\" srcset=\"https:\/\/coinkickoff.com\/wp-content\/uploads\/bitfinex-exchange.jpg 1876w, https:\/\/coinkickoff.com\/wp-content\/uploads\/bitfinex-exchange-300x146.jpg 300w, https:\/\/coinkickoff.com\/wp-content\/uploads\/bitfinex-exchange-1024x500.jpg 1024w, https:\/\/coinkickoff.com\/wp-content\/uploads\/bitfinex-exchange-768x375.jpg 768w, https:\/\/coinkickoff.com\/wp-content\/uploads\/bitfinex-exchange-1536x750.jpg 1536w, https:\/\/coinkickoff.com\/wp-content\/uploads\/bitfinex-exchange-18x9.jpg 18w\" sizes=\"auto, (max-width: 1876px) 100vw, 1876px\" \/><\/p>\n<p><span style=\"font-weight: 400;\">U\u017esiregistrav\u0119 \u012fjunkite dviej\u0173 veiksni\u0173 autentifikavim\u0105, kad apsaugotum\u0117te savo paskyr\u0105.<\/span><\/p>\n<p><span style=\"font-weight: 400;\">Po pirmojo prisijungimo galite i\u0161jungti 2FA, ta\u010diau rekomenduojama j\u0105 palikti \u012fjungt\u0105, kad apsaugotum\u0117te savo paskyr\u0105 nuo \u012fsilau\u017e\u0117li\u0173.<\/span><\/p>\n<p><span style=\"font-weight: 400;\">\u012ejungti dviej\u0173 veiksni\u0173 autentifikavim\u0105 gana paprasta: Pasirinkite vien\u0105 i\u0161 si\u016blom\u0173 b\u016bd\u0173 ir spauskite \u201cSetup\u201d.\u201d<\/span><\/p>\n<p><span style=\"font-weight: 400;\">\u017dinoma, kad ji veikt\u0173, reikia \"Google Authenticator\" program\u0117l\u0117s. Nor\u0117dami t\u0119sti, vadovaukit\u0117s ekrane pateikiamais nurodymais. Kai baigsite, \"Bitfinex\" atsi\u0173s jums el. lai\u0161k\u0105, patvirtinant\u012f, kad \u012fjung\u0117te 2FA.<\/span><\/p>\n<h3><span class=\"ez-toc-section\" id=\"2_Get_Verified_on_Bitfinex\"><\/span><span style=\"font-weight: 400;\">2. Pasitikrinkite Bitfinex<\/span><span class=\"ez-toc-section-end\"><\/span><\/h3>\n<p><span style=\"font-weight: 400;\">Kitas \u017eingsnis - patvirtinti savo tapatyb\u0119 platformoje. Kaip ir dauguma bir\u017e\u0173, \u201cBitfinex\u201d taiko standartin\u012f tapatyb\u0117s patvirtinimo proces\u0105. Nor\u0117dami prad\u0117ti, eikite \u012f savo profil\u012f per profilio logotip\u0105 prietais\u0173 skydelyje ir pasirinkite \"Patikrinimas\".\u201d<\/span><\/p>\n<p><span style=\"font-weight: 400;\">Nor\u0117dami pirkti skaitmenin\u012f turt\u0105, pavyzd\u017eiui, Ethereum, bir\u017eoje u\u017e fiat pinigus, turite atlikti bent vidutinio lygio patikr\u0105. \u017dinoma, jei norite tik prekiauti kriptovaliut\u0173 poromis, pvz. <a href=\"https:\/\/coinkickoff.com\/lt\/bitcoin-btc\/\" data-internallinksmanager029f6b8e52c=\"1\" title=\"Kas yra Bitcoin (BTC)? Kaina, istorija ir kur \u012fsigyti\">Bitcoin<\/a> Ethereum atveju \u0161\u012f veiksm\u0105 galite praleisti.<\/span><\/p>\n<p><span style=\"font-weight: 400;\">Tarpinis patikrinimas leid\u017eia pirkti ETH kredito kortele per \"Bitfinex Pay Merchants\" arba \u012fne\u0161ti grynuosius pinigus per SEPA. Atlik\u0119 visi\u0161k\u0105 patikrinim\u0105, galite atlikti bankinius ind\u0117lius.<\/span><\/p>\n<p><span style=\"font-weight: 400;\">Nor\u0117dami t\u0119sti, spauskite \u201cPrad\u0117ti tikrinim\u0105\u201d.<\/span><\/p>\n<p><span style=\"font-weight: 400;\">\u012eveskite savo gyvenamosios \u0161alies pavadinim\u0105, kad pamatytum\u0117te rekomenduojamus ID tipus. Pasirinkite ID, kur\u012f norite pateikti, ir spauskite \u201cT\u0119sti\u201d.\u201d<\/span><\/p>\n<p><span style=\"font-weight: 400;\">Nor\u0117dami t\u0119sti, tur\u0117site tur\u0117ti mobil\u0173j\u012f \u012frengin\u012f: Naudodami telefono kamer\u0105 nuskaitykite kod\u0105 ir atidarykite \u012fk\u0117limo puslap\u012f. Tada gal\u0117site pateikti reikiamas nuotraukas.<\/span><\/p>\n<h3><span class=\"ez-toc-section\" id=\"3_Deposit_FundsCrypto\"><\/span><span style=\"font-weight: 400;\">3. Depozitin\u0117s l\u0117\u0161os \/ kriptografija<\/span><span class=\"ez-toc-section-end\"><\/span><\/h3>\n<p><span style=\"font-weight: 400;\">Dabar at\u0117jo laikas atlikti \u012fmok\u0105: Jei turite skaitmeninio turto, kuriuo norite prekiauti u\u017e Ethereum \u201cBitfinex\u201d, pirmiausia turite \u0161\u012f turt\u0105 pervesti \u012f savo \"Bitfinex\" s\u0105skait\u0105. Pasirinkite \"Deposit\" (\u012fne\u0161ti), kad pamatytum\u0117te turto, kur\u012f galite si\u0173sti \u012f platform\u0105, s\u0105ra\u0161\u0105.<\/span><\/p>\n<p><span style=\"font-weight: 400;\">Kai pasirinksite turt\u0105, \u201cBitfinex\u201d sugeneruos pinigin\u0117s adres\u0105, kuriuo gal\u0117site si\u0173sti savo kriptovaliut\u0105. Kai atliksite pervedim\u0105, j\u016bs\u0173 turtas bus rodomas kortel\u0117je \"Balansai\".<\/span><\/p>\n<h3><span class=\"ez-toc-section\" id=\"4_Navigate_to_the_Relevant_Screen_to_Buy\"><\/span><span style=\"font-weight: 400;\">4. Pereikite \u012f atitinkam\u0105 ekran\u0105, kad gal\u0117tum\u0117te pirkti<\/span><span class=\"ez-toc-section-end\"><\/span><\/h3>\n<p><span style=\"font-weight: 400;\">Galb\u016bt manote, kad jau esate pasireng\u0119 pirkti skaitmenin\u012f turt\u0105, nes j\u016bs\u0173 ind\u0117lis jau baigtas, ta\u010diau prie\u0161 tai reikia \u017eengti dar vien\u0105 \u017eingsn\u012f: \u201cBitfinex\u201d automati\u0161kai i\u0161siun\u010dia j\u016bs\u0173 ind\u0117l\u012f \u012f j\u016bs\u0173 \u201cFinansavimo pinigin\u0119\u201d, bet mes norime, kad jis b\u016bt\u0173 m\u016bs\u0173 \"Bir\u017eos pinigin\u0117je\".\u201d<\/span><\/p>\n<p><span style=\"font-weight: 400;\">Laimei, tai paprasta operacija: Liku\u010diai\u201c skirtuke pasirinkite l\u0117\u0161as, kurias norite keisti, ir spustel\u0117kite \u201dPervesti\u201c. Kai jos atsidurs main\u0173 pinigin\u0117je, gal\u0117site jas i\u0161keisti \u012f eterius.<\/span><\/p>\n<p><span style=\"font-weight: 400;\">Nor\u0117dami prad\u0117ti, eikite \u012f skirtuk\u0105 \u201cPrekyba\u201d. Dabar, jei deponavote skaitmenin\u012f turt\u0105, norite ie\u0161koti to turto Ethereum rinkos. Pavyzd\u017eiui, jei turite <a href=\"https:\/\/coinkickoff.com\/lt\/tether-usdt\/\" data-internallinksmanager029f6b8e52c=\"3\" title=\"Kas yra Tether (USDT)? Kaip jis veikia ir kur j\u012f \u012fsigyti?\">USDT<\/a>, ie\u0161kokite ETH\/USDT.\u00a0<\/span><\/p>\n<p><span style=\"font-weight: 400;\">Fiat valiutos ie\u0161kokite ETH\/USD arba ETH\/EUR por\u0173. Rad\u0119 norim\u0105 por\u0105, spustel\u0117kite j\u0105, kad pamatytum\u0117te prekybos s\u0105saj\u0105.\u00a0<\/span><\/p>\n<p><span style=\"font-weight: 400;\">Tiesiog \u012fveskite, kiek Ethereum norite \u012fsigyti savo turtui. Galite rankiniu b\u016bdu koreguoti kain\u0105, kuri\u0105 norite mok\u0117ti. U\u017epild\u0119 form\u0105, spauskite \u201cExchange Buy\u201d.\u201d<\/span><\/p>\n<p><span style=\"font-weight: 400;\">\u0160tai kaip nusipirkti Ethereum Bitfinex. Jei nusprend\u0117te pirkti Ethereum kitoje bir\u017eoje, taip pat galite per\u017ei\u016br\u0117ti m\u016bs\u0173 \u012fvairias <a href=\"https:\/\/coinkickoff.com\/lt\/crypto-exchanges\/\">exchnage atsiliepimai<\/a> ir <a href=\"https:\/\/coinkickoff.com\/lt\/how-to-buy-ethereum\/\">gidai<\/a>.<\/span><\/p>","protected":false},"excerpt":{"rendered":"<p>Kaip nusipirkti Ethereum Bitfinex Norite nusipirkti Ethereum Bitfinex? Turime jums tinkam\u0105 vadov\u0105 su \u017eingsnis po \u017eingsnio instrukcijomis. \u0160tai kaip pirkti Ethereum Bitfinex. \u017dingsnis po \u017eingsnio vadovas, kaip nusipirkti Ethereum Bitfinex 1. U\u017esiregistruokite paskyr\u0105 Bitfinex Nor\u0117dami prad\u0117ti, jums reik\u0117s [...]<\/p>","protected":false},"author":3,"featured_media":0,"parent":3937,"menu_order":0,"comment_status":"closed","ping_status":"closed","template":"","meta":{"_genesis_hide_title":false,"_genesis_hide_breadcrumbs":false,"_genesis_hide_singular_image":false,"_genesis_hide_footer_widgets":false,"_genesis_custom_body_class":"","_genesis_custom_post_class":"","_genesis_layout":"","_glsr_average":0,"_glsr_ranking":0,"_glsr_reviews":0,"footnotes":""},"class_list":{"0":"post-4172","1":"page","2":"type-page","3":"status-publish","5":"entry"},"featured_image_src":null,"featured_image_src_square":null,"_links":{"self":[{"href":"https:\/\/coinkickoff.com\/lt\/wp-json\/wp\/v2\/pages\/4172","targetHints":{"allow":["GET"]}}],"collection":[{"href":"https:\/\/coinkickoff.com\/lt\/wp-json\/wp\/v2\/pages"}],"about":[{"href":"https:\/\/coinkickoff.com\/lt\/wp-json\/wp\/v2\/types\/page"}],"author":[{"embeddable":true,"href":"https:\/\/coinkickoff.com\/lt\/wp-json\/wp\/v2\/users\/3"}],"replies":[{"embeddable":true,"href":"https:\/\/coinkickoff.com\/lt\/wp-json\/wp\/v2\/comments?post=4172"}],"version-history":[{"count":1,"href":"https:\/\/coinkickoff.com\/lt\/wp-json\/wp\/v2\/pages\/4172\/revisions"}],"predecessor-version":[{"id":4173,"href":"https:\/\/coinkickoff.com\/lt\/wp-json\/wp\/v2\/pages\/4172\/revisions\/4173"}],"up":[{"embeddable":true,"href":"https:\/\/coinkickoff.com\/lt\/wp-json\/wp\/v2\/pages\/3937"}],"wp:attachment":[{"href":"https:\/\/coinkickoff.com\/lt\/wp-json\/wp\/v2\/media?parent=4172"}],"curies":[{"name":"wp","href":"https:\/\/api.w.org\/{rel}","templated":true}]}}