{"id":4045,"date":"2026-01-08T14:07:39","date_gmt":"2026-01-08T14:07:39","guid":{"rendered":"https:\/\/coinkickoff.com\/?page_id=4045"},"modified":"2026-01-08T14:07:39","modified_gmt":"2026-01-08T14:07:39","slug":"how-to-buy-cardano-on-kucoin","status":"publish","type":"page","link":"https:\/\/coinkickoff.com\/lt\/how-to-buy-cardano\/how-to-buy-cardano-on-kucoin\/","title":{"rendered":"Kaip nusipirkti Cardano Kucoin"},"content":{"rendered":"<div id=\"ez-toc-container\" class=\"ez-toc-v2_0_80 counter-hierarchy ez-toc-counter ez-toc-transparent ez-toc-container-direction\">\n<div class=\"ez-toc-title-container\">\n<p class=\"ez-toc-title\" style=\"cursor:inherit\">Skyriai<\/p>\n<span class=\"ez-toc-title-toggle\"><a href=\"#\" class=\"ez-toc-pull-right ez-toc-btn ez-toc-btn-xs ez-toc-btn-default ez-toc-toggle\" aria-label=\"Perjungti turinio lentel\u0119\"><span class=\"ez-toc-js-icon-con\"><span class=\"\"><span class=\"eztoc-hide\" style=\"display:none;\">Perjungti<\/span><span class=\"ez-toc-icon-toggle-span\"><svg style=\"fill: #999;color:#999\" xmlns=\"http:\/\/www.w3.org\/2000\/svg\" class=\"list-377408\" width=\"20px\" height=\"20px\" viewbox=\"0 0 24 24\" fill=\"none\"><path d=\"M6 6H4v2h2V6zm14 0H8v2h12V6zM4 11h2v2H4v-2zm16 0H8v2h12v-2zM4 16h2v2H4v-2zm16 0H8v2h12v-2z\" fill=\"currentColor\"><\/path><\/svg><svg style=\"fill: #999;color:#999\" class=\"arrow-unsorted-368013\" xmlns=\"http:\/\/www.w3.org\/2000\/svg\" width=\"10px\" height=\"10px\" viewbox=\"0 0 24 24\" version=\"1.2\" baseprofile=\"tiny\"><path d=\"M18.2 9.3l-6.2-6.3-6.2 6.3c-.2.2-.3.4-.3.7s.1.5.3.7c.2.2.4.3.7.3h11c.3 0 .5-.1.7-.3.2-.2.3-.5.3-.7s-.1-.5-.3-.7zM5.8 14.7l6.2 6.3 6.2-6.3c.2-.2.3-.5.3-.7s-.1-.5-.3-.7c-.2-.2-.4-.3-.7-.3h-11c-.3 0-.5.1-.7.3-.2.2-.3.5-.3.7s.1.5.3.7z\"\/><\/svg><\/span><\/span><\/span><\/a><\/span><\/div>\n<nav><ul class='ez-toc-list ez-toc-list-level-1 eztoc-toggle-hide-by-default' ><li class='ez-toc-page-1 ez-toc-heading-level-1'><a class=\"ez-toc-link ez-toc-heading-1\" href=\"https:\/\/coinkickoff.com\/lt\/how-to-buy-cardano\/how-to-buy-cardano-on-kucoin\/#How_to_Buy_Cardano_on_Kucoin\" >Kaip nusipirkti Cardano Kucoin<\/a><ul class='ez-toc-list-level-2' ><li class='ez-toc-heading-level-2'><a class=\"ez-toc-link ez-toc-heading-2\" href=\"https:\/\/coinkickoff.com\/lt\/how-to-buy-cardano\/how-to-buy-cardano-on-kucoin\/#A_Step-By-Step_Guide_on_How_to_Buy_Cardano_on_Kucoin\" >\u017dingsnis po \u017eingsnio vadovas, kaip nusipirkti Cardano Kucoin<\/a><ul class='ez-toc-list-level-3' ><li class='ez-toc-heading-level-3'><a class=\"ez-toc-link ez-toc-heading-3\" href=\"https:\/\/coinkickoff.com\/lt\/how-to-buy-cardano\/how-to-buy-cardano-on-kucoin\/#1_Register_an_Account\" >1. U\u017eregistruokite paskyr\u0105<\/a><\/li><li class='ez-toc-page-1 ez-toc-heading-level-3'><a class=\"ez-toc-link ez-toc-heading-4\" href=\"https:\/\/coinkickoff.com\/lt\/how-to-buy-cardano\/how-to-buy-cardano-on-kucoin\/#2_Verify_Your_Account\" >2. Patikrinkite savo paskyr\u0105<\/a><\/li><li class='ez-toc-page-1 ez-toc-heading-level-3'><a class=\"ez-toc-link ez-toc-heading-5\" href=\"https:\/\/coinkickoff.com\/lt\/how-to-buy-cardano\/how-to-buy-cardano-on-kucoin\/#3_Deposit_Crypto\" >3. \u012ene\u0161ti kriptografijos ind\u0117l\u012f<\/a><\/li><li class='ez-toc-page-1 ez-toc-heading-level-3'><a class=\"ez-toc-link ez-toc-heading-6\" href=\"https:\/\/coinkickoff.com\/lt\/how-to-buy-cardano\/how-to-buy-cardano-on-kucoin\/#4_Navigate_to_the_Relevant_Screen_to_Buy\" >4. Pereikite \u012f atitinkam\u0105 ekran\u0105, kad gal\u0117tum\u0117te pirkti<\/a><ul class='ez-toc-list-level-4' ><li class='ez-toc-heading-level-4'><a class=\"ez-toc-link ez-toc-heading-7\" href=\"https:\/\/coinkickoff.com\/lt\/how-to-buy-cardano\/how-to-buy-cardano-on-kucoin\/#Fast_Trade_allows_you_to_buy_ADA_with_credit_and_debit_cards_and_Third-party_buy_supports_payment_channels_such_as_Banxa_and_Simplex\" >\"Fast Trade\" leid\u017eia pirkti ADA kredito ir debeto kortel\u0117mis, o \"Third-party buy\" palaiko tokius mok\u0117jimo kanalus kaip \"Banxa\" ir \"Simplex\".\u00a0<\/a><\/li><li class='ez-toc-page-1 ez-toc-heading-level-4'><a class=\"ez-toc-link ez-toc-heading-8\" href=\"https:\/\/coinkickoff.com\/lt\/how-to-buy-cardano\/how-to-buy-cardano-on-kucoin\/#P2P_is_a_peer_network_where_you_can_use_bank_transfers_to_buy_digital_currencies_however_its_not_possible_to_buy_ADA_with_this_option\" >P2P yra tarpusavio tinklas, kuriame skaitmenin\u0117ms valiutoms pirkti galite naudoti bankinius pervedimus, ta\u010diau naudojant \u0161i\u0105 parinkt\u012f ADA \u012fsigyti ne\u012fmanoma.<\/a><\/li><li class='ez-toc-page-1 ez-toc-heading-level-4'><a class=\"ez-toc-link ez-toc-heading-9\" href=\"https:\/\/coinkickoff.com\/lt\/how-to-buy-cardano\/how-to-buy-cardano-on-kucoin\/#Fast_Trade\" >Greita prekyba<\/a><\/li><li class='ez-toc-page-1 ez-toc-heading-level-4'><a class=\"ez-toc-link ez-toc-heading-10\" href=\"https:\/\/coinkickoff.com\/lt\/how-to-buy-cardano\/how-to-buy-cardano-on-kucoin\/#Third-Party\" >Tre\u010dioji \u0161alis<\/a><\/li><\/ul><\/li><\/ul><\/li><\/ul><\/li><\/ul><\/nav><\/div>\n<h1><span class=\"ez-toc-section\" id=\"How_to_Buy_Cardano_on_Kucoin\"><\/span><span style=\"font-weight: 400;\">Kaip nusipirkti Cardano Kucoin<\/span><span class=\"ez-toc-section-end\"><\/span><\/h1>\n<p><span style=\"font-weight: 400;\">Jei nenaudojote <a href=\"https:\/\/coinkickoff.com\/lt\/kucoin-review\/\" data-internallinksmanager029f6b8e52c=\"153\" title=\"KuCoin Atsiliepimai 2023: Mokes\u010diai, saugumas, privalumai ir tr\u016bkumai\">Kucoin<\/a> pirkti <a href=\"https:\/\/coinkickoff.com\/lt\/cardano-ada\/\" data-internallinksmanager029f6b8e52c=\"9\" title=\"Kas yra Cardano (ADA)? Kaip jis veikia ir kur j\u012f \u012fsigyti?\">Cardano<\/a> (ADA), galite ne\u017einoti, kaip elgtis toliau. Ta\u010diau jums nereikia nerimauti: mes parodysime jums, kaip pirkti Cardano <\/span><a href=\"https:\/\/coinkickoff.com\/lt\/kucoin-review\/\"><span style=\"font-weight: 400;\">Kucoin<\/span><\/a><span style=\"font-weight: 400;\"> \u017eingsnis po \u017eingsnio instrukcijos.<\/span><\/p>\n<h2><span class=\"ez-toc-section\" id=\"A_Step-By-Step_Guide_on_How_to_Buy_Cardano_on_Kucoin\"><\/span><span style=\"font-weight: 400;\">\u017dingsnis po \u017eingsnio vadovas, kaip nusipirkti Cardano Kucoin<\/span><span class=\"ez-toc-section-end\"><\/span><\/h2>\n<h3><span class=\"ez-toc-section\" id=\"1_Register_an_Account\"><\/span><span style=\"font-weight: 400;\">1. U\u017eregistruokite paskyr\u0105<\/span><span class=\"ez-toc-section-end\"><\/span><\/h3>\n<p><img loading=\"lazy\" decoding=\"async\" class=\"alignnone wp-image-3269 size-full\" src=\"https:\/\/coinkickoff.com\/wp-content\/uploads\/kucoin-register.png\" alt=\"Pirkti doge d\u0117l kucoin registruoti\" width=\"1421\" height=\"788\" srcset=\"https:\/\/coinkickoff.com\/wp-content\/uploads\/kucoin-register.png 1421w, https:\/\/coinkickoff.com\/wp-content\/uploads\/kucoin-register-300x166.png 300w, https:\/\/coinkickoff.com\/wp-content\/uploads\/kucoin-register-1024x568.png 1024w, https:\/\/coinkickoff.com\/wp-content\/uploads\/kucoin-register-768x426.png 768w, https:\/\/coinkickoff.com\/wp-content\/uploads\/kucoin-register-18x10.png 18w\" sizes=\"auto, (max-width: 1421px) 100vw, 1421px\" \/><\/p>\n<p><span style=\"font-weight: 400;\">Jums reikia <\/span><a href=\"https:\/\/www.kucoin.com\/r\/af\/rMJPV3B\" target=\"_blank\" rel=\"noopener\"><span style=\"font-weight: 400;\">Kucoin<\/span><\/a><span style=\"font-weight: 400;\"> s\u0105skait\u0105, kad gal\u0117tum\u0117te pirkti ADA platformoje, tod\u0117l pirmiausia u\u017esiregistruokite nurodydami savo el. pa\u0161to adres\u0105 ir slapta\u017eod\u012f.<\/span><\/p>\n<h3><span class=\"ez-toc-section\" id=\"2_Verify_Your_Account\"><\/span><span style=\"font-weight: 400;\">2. Patikrinkite savo paskyr\u0105<\/span><span class=\"ez-toc-section-end\"><\/span><\/h3>\n<p><span style=\"font-weight: 400;\">U\u017esiregistrav\u0119 galite prad\u0117ti tikrinimo proces\u0105. Kaip ir dauguma kit\u0173 pasaulini\u0173 bir\u017e\u0173, Kucoin leid\u017eia prekiautojams keistis skaitmeniniu turtu platformoje be tapatyb\u0117s patvirtinimo, ta\u010diau jei dar neturite jokio skaitmeninio turto, nor\u0117dami pirkti ADA platformoje, turite atlikti \u0161\u012f \u017eingsn\u012f.<\/span><\/p>\n<p><span style=\"font-weight: 400;\">Tai paprastas procesas: profilio puslapyje pasirinkite skirtuk\u0105 \"Tapatyb\u0117s tikrinimas\".\u00a0<\/span><\/p>\n<p><img loading=\"lazy\" decoding=\"async\" class=\"alignnone wp-image-3272 size-full\" src=\"https:\/\/coinkickoff.com\/wp-content\/uploads\/kucoin-identity-verification.png\" alt=\"kucoin tapatyb\u0117s patikrinimas 1\" width=\"1420\" height=\"785\" srcset=\"https:\/\/coinkickoff.com\/wp-content\/uploads\/kucoin-identity-verification.png 1420w, https:\/\/coinkickoff.com\/wp-content\/uploads\/kucoin-identity-verification-300x166.png 300w, https:\/\/coinkickoff.com\/wp-content\/uploads\/kucoin-identity-verification-1024x566.png 1024w, https:\/\/coinkickoff.com\/wp-content\/uploads\/kucoin-identity-verification-768x425.png 768w, https:\/\/coinkickoff.com\/wp-content\/uploads\/kucoin-identity-verification-18x10.png 18w\" sizes=\"auto, (max-width: 1420px) 100vw, 1420px\" \/><\/p>\n<p><span style=\"font-weight: 400;\">Galite naudotis pagrindin\u0117mis funkcijomis, ta\u010diau fiat ind\u0117liai priskiriami prie i\u0161pl\u0117stini\u0173 funkcij\u0173, tod\u0117l norint tai padaryti, reikia patvirtinti savo tapatyb\u0119.<\/span><\/p>\n<p><img loading=\"lazy\" decoding=\"async\" class=\"alignnone wp-image-3270 size-full\" src=\"https:\/\/coinkickoff.com\/wp-content\/uploads\/kucoin-id-verification-2.png\" alt=\"kucoin tapatyb\u0117s patikrinimas 2\" width=\"1407\" height=\"706\" srcset=\"https:\/\/coinkickoff.com\/wp-content\/uploads\/kucoin-id-verification-2.png 1407w, https:\/\/coinkickoff.com\/wp-content\/uploads\/kucoin-id-verification-2-300x151.png 300w, https:\/\/coinkickoff.com\/wp-content\/uploads\/kucoin-id-verification-2-1024x514.png 1024w, https:\/\/coinkickoff.com\/wp-content\/uploads\/kucoin-id-verification-2-768x385.png 768w, https:\/\/coinkickoff.com\/wp-content\/uploads\/kucoin-id-verification-2-18x9.png 18w\" sizes=\"auto, (max-width: 1407px) 100vw, 1407px\" \/><\/p>\n<p><span style=\"font-weight: 400;\">Kucoin yra trij\u0173 etap\u0173 procesas: asmens duomen\u0173 pateikimas, tapatyb\u0117s patvirtinimas naudojant oficial\u0173 asmens tapatyb\u0117s dokument\u0105 ir veido atpa\u017einimas, siekiant \u012fsitikinti, kad esate tapatyb\u0117s kortel\u0117s savininkas.<\/span><\/p>\n<p><img loading=\"lazy\" decoding=\"async\" class=\"alignnone wp-image-3271 size-full\" src=\"https:\/\/coinkickoff.com\/wp-content\/uploads\/kucoin-id-verification-3.png\" alt=\"kucoin tapatyb\u0117s patikrinimas 3 \" width=\"1412\" height=\"789\" srcset=\"https:\/\/coinkickoff.com\/wp-content\/uploads\/kucoin-id-verification-3.png 1412w, https:\/\/coinkickoff.com\/wp-content\/uploads\/kucoin-id-verification-3-300x168.png 300w, https:\/\/coinkickoff.com\/wp-content\/uploads\/kucoin-id-verification-3-1024x572.png 1024w, https:\/\/coinkickoff.com\/wp-content\/uploads\/kucoin-id-verification-3-768x429.png 768w, https:\/\/coinkickoff.com\/wp-content\/uploads\/kucoin-id-verification-3-18x10.png 18w\" sizes=\"auto, (max-width: 1412px) 100vw, 1412px\" \/><\/p>\n<p><span style=\"font-weight: 400;\">Atlikite visus tris veiksmus, kad patvirtintum\u0117te savo tapatyb\u0119, ir gal\u0117site pereiti prie l\u0117\u0161\u0173 pervedimo \u012f savo s\u0105skait\u0105.<\/span><\/p>\n<h3><span class=\"ez-toc-section\" id=\"3_Deposit_Crypto\"><\/span><span style=\"font-weight: 400;\">3. \u012ene\u0161ti kriptografijos ind\u0117l\u012f<\/span><span class=\"ez-toc-section-end\"><\/span><\/h3>\n<p><span style=\"font-weight: 400;\">\u0160iuo metu negalite si\u0173sti gryn\u0173j\u0173 pinig\u0173 \u012f Kucoin bankiniais pavedimais, ta\u010diau vis dar galite \u012fne\u0161ti kriptovaliut\u0173 \u012f platform\u0105. Jei tai jums neapsimoka, pereikite prie kito skyriaus, kuriame paai\u0161kinsime, kaip pirkti Cardano Kucoin u\u017e fiat pinigus.<\/span><\/p>\n<p><span style=\"font-weight: 400;\">Jei turite skaitmeninio turto, kur\u012f norite i\u0161keisti \u012f ADA, pirmiausia turite j\u012f perkelti \u012f Kucoin. Nor\u0117dami tai padaryti, eikite \u012f savo puslap\u012f \"Turtas\" ir pasirinkite \"\u012ene\u0161ti\".<\/span><\/p>\n<p><img loading=\"lazy\" decoding=\"async\" class=\"alignnone wp-image-3273 size-full\" src=\"https:\/\/coinkickoff.com\/wp-content\/uploads\/kucoin-deposit.png\" alt=\"kucoin ind\u0117li\u0173 l\u0117\u0161os 1\" width=\"1427\" height=\"758\" srcset=\"https:\/\/coinkickoff.com\/wp-content\/uploads\/kucoin-deposit.png 1427w, https:\/\/coinkickoff.com\/wp-content\/uploads\/kucoin-deposit-300x159.png 300w, https:\/\/coinkickoff.com\/wp-content\/uploads\/kucoin-deposit-1024x544.png 1024w, https:\/\/coinkickoff.com\/wp-content\/uploads\/kucoin-deposit-768x408.png 768w, https:\/\/coinkickoff.com\/wp-content\/uploads\/kucoin-deposit-18x10.png 18w\" sizes=\"auto, (max-width: 1427px) 100vw, 1427px\" \/><\/p>\n<p><span style=\"font-weight: 400;\">Pasirinkite skaitmenin\u012f turt\u0105, kur\u012f norite perkelti \u012f savo Kucoin pinigin\u0119. Pavyzd\u017eiui, tarkime, turite \u0161iek tiek <a href=\"https:\/\/coinkickoff.com\/lt\/bitcoin-btc\/\" data-internallinksmanager029f6b8e52c=\"1\" title=\"Kas yra Bitcoin (BTC)? Kaina, istorija ir kur \u012fsigyti\">BTC<\/a> norite \u012fne\u0161ti \u012f platform\u0105. I\u0161 s\u0105ra\u0161o pasirinkite BTC ir nukopijuokite Kucoin nurodyt\u0105 pinigin\u0117s adres\u0105.<\/span><\/p>\n<p><span style=\"font-weight: 400;\">Tai bus j\u016bs\u0173 unikalus BTC pinigin\u0117s adresas Kucoin platformoje. \u0160\u012f adres\u0105 galite naudoti pervesdami savo BTC \u012f Kucoin.\u00a0<\/span><\/p>\n<h3><span class=\"ez-toc-section\" id=\"4_Navigate_to_the_Relevant_Screen_to_Buy\"><\/span><span style=\"font-weight: 400;\">4. Pereikite \u012f atitinkam\u0105 ekran\u0105, kad gal\u0117tum\u0117te pirkti<\/span><span class=\"ez-toc-section-end\"><\/span><\/h3>\n<p><span style=\"font-weight: 400;\">Prietais\u0173 skydelyje spustel\u0117kite skirtuk\u0105 \"Pirkti kriptovaliut\u0105\".\u00a0<\/span><\/p>\n<p><img loading=\"lazy\" decoding=\"async\" class=\"alignnone wp-image-3274 size-full\" src=\"https:\/\/coinkickoff.com\/wp-content\/uploads\/kucoin-buy-crypto.png\" alt=\"kucoin pirkti ekran\u0105\" width=\"1418\" height=\"692\" srcset=\"https:\/\/coinkickoff.com\/wp-content\/uploads\/kucoin-buy-crypto.png 1418w, https:\/\/coinkickoff.com\/wp-content\/uploads\/kucoin-buy-crypto-300x146.png 300w, https:\/\/coinkickoff.com\/wp-content\/uploads\/kucoin-buy-crypto-1024x500.png 1024w, https:\/\/coinkickoff.com\/wp-content\/uploads\/kucoin-buy-crypto-768x375.png 768w, https:\/\/coinkickoff.com\/wp-content\/uploads\/kucoin-buy-crypto-18x9.png 18w\" sizes=\"auto, (max-width: 1418px) 100vw, 1418px\" \/><\/p>\n<h4><span class=\"ez-toc-section\" id=\"Fast_Trade_allows_you_to_buy_ADA_with_credit_and_debit_cards_and_Third-party_buy_supports_payment_channels_such_as_Banxa_and_Simplex\"><\/span><span style=\"font-weight: 400;\">\"Fast Trade\" leid\u017eia pirkti ADA kredito ir debeto kortel\u0117mis, o \"Third-party buy\" palaiko tokius mok\u0117jimo kanalus kaip \"Banxa\" ir \"Simplex\".\u00a0<\/span><span class=\"ez-toc-section-end\"><\/span><\/h4>\n<h4><span class=\"ez-toc-section\" id=\"P2P_is_a_peer_network_where_you_can_use_bank_transfers_to_buy_digital_currencies_however_its_not_possible_to_buy_ADA_with_this_option\"><\/span><span style=\"font-weight: 400;\">P2P yra tarpusavio tinklas, kuriame skaitmenin\u0117ms valiutoms pirkti galite naudoti bankinius pervedimus, ta\u010diau naudojant \u0161i\u0105 parinkt\u012f ADA \u012fsigyti ne\u012fmanoma.<\/span><span class=\"ez-toc-section-end\"><\/span><\/h4>\n<h4><span class=\"ez-toc-section\" id=\"Fast_Trade\"><\/span><span style=\"font-weight: 400;\">Greita prekyba<\/span><span class=\"ez-toc-section-end\"><\/span><\/h4>\n<p><span style=\"font-weight: 400;\">Naudodamiesi greita prekyba, ADA galite \u012fsigyti Visa ir Mastercard debetin\u0117mis ir kreditin\u0117mis kortel\u0117mis, taip pat keliomis kitomis galimyb\u0117mis, pavyzd\u017eiui, SEPA ir Paypal. Tiesiog u\u017epildykite pirkimo u\u017esakymo form\u0105, s\u0105ra\u0161e pasirinkite ADA ir pasirinkite mok\u0117jimo b\u016bd\u0105.\u00a0<\/span><\/p>\n<p><img loading=\"lazy\" decoding=\"async\" class=\"alignnone wp-image-3275 size-full\" src=\"https:\/\/coinkickoff.com\/wp-content\/uploads\/kucoin-buy-crypto-one-click.png\" alt=\"kucoin pirkti vienu paspaudimu\" width=\"1421\" height=\"770\" srcset=\"https:\/\/coinkickoff.com\/wp-content\/uploads\/kucoin-buy-crypto-one-click.png 1421w, https:\/\/coinkickoff.com\/wp-content\/uploads\/kucoin-buy-crypto-one-click-300x163.png 300w, https:\/\/coinkickoff.com\/wp-content\/uploads\/kucoin-buy-crypto-one-click-1024x555.png 1024w, https:\/\/coinkickoff.com\/wp-content\/uploads\/kucoin-buy-crypto-one-click-768x416.png 768w, https:\/\/coinkickoff.com\/wp-content\/uploads\/kucoin-buy-crypto-one-click-18x10.png 18w\" sizes=\"auto, (max-width: 1421px) 100vw, 1421px\" \/><\/p>\n<p><span style=\"font-weight: 400;\">Jei norite mok\u0117ti kredito arba debeto kortele, prie\u0161 t\u0119sdami proced\u016br\u0105 turite \u012fvesti kortel\u0117s informacij\u0105.<\/span><\/p>\n<p><img loading=\"lazy\" decoding=\"async\" class=\"alignnone wp-image-3276 size-full\" src=\"https:\/\/coinkickoff.com\/wp-content\/uploads\/kucoin-select-paymnet-method.png\" alt=\"\" width=\"1424\" height=\"794\" srcset=\"https:\/\/coinkickoff.com\/wp-content\/uploads\/kucoin-select-paymnet-method.png 1424w, https:\/\/coinkickoff.com\/wp-content\/uploads\/kucoin-select-paymnet-method-300x167.png 300w, https:\/\/coinkickoff.com\/wp-content\/uploads\/kucoin-select-paymnet-method-1024x571.png 1024w, https:\/\/coinkickoff.com\/wp-content\/uploads\/kucoin-select-paymnet-method-768x428.png 768w, https:\/\/coinkickoff.com\/wp-content\/uploads\/kucoin-select-paymnet-method-18x10.png 18w\" sizes=\"auto, (max-width: 1424px) 100vw, 1424px\" \/><\/p>\n<p><span style=\"font-weight: 400;\">Kitos galimyb\u0117s - \"Zelle\", <a href=\"https:\/\/coinkickoff.com\/lt\/uphold-review\/\" data-internallinksmanager029f6b8e52c=\"156\" title=\"Palaikyti Atsiliepimai 2023: Mokes\u010diai, funkcijos, saugumas, privalumai ir tr\u016bkumai\">Palaikykite<\/a>, \"Advcash\" ir \"Payeer\". Nustat\u0119 mok\u0117jimo b\u016bd\u0105, eikite \u012f priek\u012f ir spauskite mygtuk\u0105 \"Pirkti ADA\". Pamatysite u\u017esakymo per\u017ei\u016br\u0105, kurioje apibendrintai nurodoma, kiek ADA gausite, ir visi taikomi mokes\u010diai.\u00a0\u00a0<\/span><\/p>\n<p><span style=\"font-weight: 400;\">Patvirtinkite u\u017esakym\u0105, ir j\u016bs\u0173 ADA token po keli\u0173 minu\u010di\u0173 atsiras j\u016bs\u0173 pinigin\u0117je.<\/span><\/p>\n<h4><span class=\"ez-toc-section\" id=\"Third-Party\"><\/span><span style=\"font-weight: 400;\">Tre\u010dioji \u0161alis<\/span><span class=\"ez-toc-section-end\"><\/span><\/h4>\n<p><img loading=\"lazy\" decoding=\"async\" class=\"alignnone wp-image-3278 size-full\" src=\"https:\/\/coinkickoff.com\/wp-content\/uploads\/kucoin-screenshot.png\" alt=\"Kaip nusipirkti Cardano Kucoin\" width=\"1436\" height=\"673\" srcset=\"https:\/\/coinkickoff.com\/wp-content\/uploads\/kucoin-screenshot.png 1436w, https:\/\/coinkickoff.com\/wp-content\/uploads\/kucoin-screenshot-300x141.png 300w, https:\/\/coinkickoff.com\/wp-content\/uploads\/kucoin-screenshot-1024x480.png 1024w, https:\/\/coinkickoff.com\/wp-content\/uploads\/kucoin-screenshot-768x360.png 768w, https:\/\/coinkickoff.com\/wp-content\/uploads\/kucoin-screenshot-18x8.png 18w\" sizes=\"auto, (max-width: 1436px) 100vw, 1436px\" \/><\/p>\n<p><span style=\"font-weight: 400;\">Jei jau naudojate tre\u010diosios \u0161alies mok\u0117jimo kanal\u0105, pvz. <\/span><a href=\"https:\/\/banxa.com\/case-study\/kucoin\/\" target=\"_blank\" rel=\"noopener\"><span style=\"font-weight: 400;\">Banxa<\/span><\/a><span style=\"font-weight: 400;\"> arba <\/span><a href=\"https:\/\/www.simplex.com\" target=\"_blank\" rel=\"noopener\"><span style=\"font-weight: 400;\">Simplex<\/span><\/a><span style=\"font-weight: 400;\">, tai gali b\u016bti patogi galimyb\u0117. Jei neturite \"Simplex\" arba \"Banxa\" paskyros, galite j\u0105 u\u017esiregistruoti pateikdami u\u017esakym\u0105.<\/span><\/p>\n<p><span style=\"font-weight: 400;\">Pirmiausia u\u017epildykite pirkimo u\u017esakymo form\u0105: Pasirinkite ADA kaip pageidaujam\u0105 turt\u0105, \u012fveskite norim\u0105 i\u0161leisti sum\u0105, pasirinkite mok\u0117jimo b\u016bd\u0105 ir kanal\u0105.<\/span><\/p>\n<p><span style=\"font-weight: 400;\">Prie\u0161 t\u0119siant u\u017esakym\u0105 bus rodomi visi mokes\u010diai.\u00a0<\/span><\/p>\n<p><span style=\"font-weight: 400;\">Kai paspausite \"Pirkti\", Kucoin nusi\u0173s jus \u012f tre\u010diosios \u0161alies svetain\u0119, kad u\u017ebaigtum\u0117te u\u017esakym\u0105.\u00a0<\/span><\/p>\n<p><span style=\"font-weight: 400;\">Tai beveik viskas, kaip nusipirkti Cardano Kucoin. Kaip matote, turite nema\u017eai galimybi\u0173, tod\u0117l kelion\u0117 tur\u0117t\u0173 b\u016bti sklandi. Jei turite klausim\u0173, taip pat galite patikrinti m\u016bs\u0173 <a href=\"https:\/\/coinkickoff.com\/lt\/crypto-exchanges\/\">main\u0173 ap\u017evalgos<\/a> ir <a href=\"https:\/\/coinkickoff.com\/lt\/how-to-buy-cardano\/\">kaip pirkti<\/a> daugiau informacijos rasite vadovuose.<\/span><\/p>","protected":false},"excerpt":{"rendered":"<p>Kaip nusipirkti Cardano Kucoin Jei anks\u010diau nesinaudojote Kucoin, kad nusipirktum\u0117te Cardano (ADA), galite ne\u017einoti, kaip elgtis. Ta\u010diau jums nereikia nerimauti: mes jums parodysime, kaip pirkti Cardano Kucoin, pateikdami \u017eingsnis po \u017eingsnio instrukcijas. \u017dingsnis po \u017eingsnio vadovas, kaip nusipirkti Cardano Kucoin [...]<\/p>","protected":false},"author":3,"featured_media":0,"parent":4010,"menu_order":0,"comment_status":"closed","ping_status":"closed","template":"","meta":{"_genesis_hide_title":false,"_genesis_hide_breadcrumbs":false,"_genesis_hide_singular_image":false,"_genesis_hide_footer_widgets":false,"_genesis_custom_body_class":"","_genesis_custom_post_class":"","_genesis_layout":"","_glsr_average":0,"_glsr_ranking":0,"_glsr_reviews":0,"footnotes":""},"class_list":{"0":"post-4045","1":"page","2":"type-page","3":"status-publish","5":"entry"},"featured_image_src":null,"featured_image_src_square":null,"_links":{"self":[{"href":"https:\/\/coinkickoff.com\/lt\/wp-json\/wp\/v2\/pages\/4045","targetHints":{"allow":["GET"]}}],"collection":[{"href":"https:\/\/coinkickoff.com\/lt\/wp-json\/wp\/v2\/pages"}],"about":[{"href":"https:\/\/coinkickoff.com\/lt\/wp-json\/wp\/v2\/types\/page"}],"author":[{"embeddable":true,"href":"https:\/\/coinkickoff.com\/lt\/wp-json\/wp\/v2\/users\/3"}],"replies":[{"embeddable":true,"href":"https:\/\/coinkickoff.com\/lt\/wp-json\/wp\/v2\/comments?post=4045"}],"version-history":[{"count":2,"href":"https:\/\/coinkickoff.com\/lt\/wp-json\/wp\/v2\/pages\/4045\/revisions"}],"predecessor-version":[{"id":4047,"href":"https:\/\/coinkickoff.com\/lt\/wp-json\/wp\/v2\/pages\/4045\/revisions\/4047"}],"up":[{"embeddable":true,"href":"https:\/\/coinkickoff.com\/lt\/wp-json\/wp\/v2\/pages\/4010"}],"wp:attachment":[{"href":"https:\/\/coinkickoff.com\/lt\/wp-json\/wp\/v2\/media?parent=4045"}],"curies":[{"name":"wp","href":"https:\/\/api.w.org\/{rel}","templated":true}]}}