{"id":3951,"date":"2026-01-08T14:07:25","date_gmt":"2026-01-08T14:07:25","guid":{"rendered":"https:\/\/coinkickoff.com\/?page_id=3951"},"modified":"2026-01-08T14:07:25","modified_gmt":"2026-01-08T14:07:25","slug":"how-to-buy-ethereum-on-binance","status":"publish","type":"page","link":"https:\/\/coinkickoff.com\/lt\/how-to-buy-ethereum\/how-to-buy-ethereum-on-binance\/","title":{"rendered":"Kaip nusipirkti Ethereum Binance"},"content":{"rendered":"<h1><img loading=\"lazy\" decoding=\"async\" class=\"alignnone wp-image-3662 size-full\" src=\"https:\/\/coinkickoff.com\/wp-content\/uploads\/how-many-eth-are-there.jpg\" alt=\"Kiek yra Ethereum (ETH)?\" width=\"1000\" height=\"666\" srcset=\"https:\/\/coinkickoff.com\/wp-content\/uploads\/how-many-eth-are-there.jpg 1000w, https:\/\/coinkickoff.com\/wp-content\/uploads\/how-many-eth-are-there-300x200.jpg 300w, https:\/\/coinkickoff.com\/wp-content\/uploads\/how-many-eth-are-there-768x511.jpg 768w, https:\/\/coinkickoff.com\/wp-content\/uploads\/how-many-eth-are-there-18x12.jpg 18w, https:\/\/coinkickoff.com\/wp-content\/uploads\/how-many-eth-are-there-600x400.jpg 600w\" sizes=\"auto, (max-width: 1000px) 100vw, 1000px\" \/><\/h1>\n<div id=\"ez-toc-container\" class=\"ez-toc-v2_0_80 counter-hierarchy ez-toc-counter ez-toc-transparent ez-toc-container-direction\">\n<div class=\"ez-toc-title-container\">\n<p class=\"ez-toc-title\" style=\"cursor:inherit\">Skyriai<\/p>\n<span class=\"ez-toc-title-toggle\"><a href=\"#\" class=\"ez-toc-pull-right ez-toc-btn ez-toc-btn-xs ez-toc-btn-default ez-toc-toggle\" aria-label=\"Perjungti turinio lentel\u0119\"><span class=\"ez-toc-js-icon-con\"><span class=\"\"><span class=\"eztoc-hide\" style=\"display:none;\">Perjungti<\/span><span class=\"ez-toc-icon-toggle-span\"><svg style=\"fill: #999;color:#999\" xmlns=\"http:\/\/www.w3.org\/2000\/svg\" class=\"list-377408\" width=\"20px\" height=\"20px\" viewbox=\"0 0 24 24\" fill=\"none\"><path d=\"M6 6H4v2h2V6zm14 0H8v2h12V6zM4 11h2v2H4v-2zm16 0H8v2h12v-2zM4 16h2v2H4v-2zm16 0H8v2h12v-2z\" fill=\"currentColor\"><\/path><\/svg><svg style=\"fill: #999;color:#999\" class=\"arrow-unsorted-368013\" xmlns=\"http:\/\/www.w3.org\/2000\/svg\" width=\"10px\" height=\"10px\" viewbox=\"0 0 24 24\" version=\"1.2\" baseprofile=\"tiny\"><path d=\"M18.2 9.3l-6.2-6.3-6.2 6.3c-.2.2-.3.4-.3.7s.1.5.3.7c.2.2.4.3.7.3h11c.3 0 .5-.1.7-.3.2-.2.3-.5.3-.7s-.1-.5-.3-.7zM5.8 14.7l6.2 6.3 6.2-6.3c.2-.2.3-.5.3-.7s-.1-.5-.3-.7c-.2-.2-.4-.3-.7-.3h-11c-.3 0-.5.1-.7.3-.2.2-.3.5-.3.7s.1.5.3.7z\"\/><\/svg><\/span><\/span><\/span><\/a><\/span><\/div>\n<nav><ul class='ez-toc-list ez-toc-list-level-1 eztoc-toggle-hide-by-default' ><li class='ez-toc-page-1 ez-toc-heading-level-2'><a class=\"ez-toc-link ez-toc-heading-1\" href=\"https:\/\/coinkickoff.com\/lt\/how-to-buy-ethereum\/how-to-buy-ethereum-on-binance\/#How_to_Buy_Ethereum_on_Binance\" >Kaip nusipirkti Ethereum Binance<\/a><\/li><li class='ez-toc-page-1 ez-toc-heading-level-2'><a class=\"ez-toc-link ez-toc-heading-2\" href=\"https:\/\/coinkickoff.com\/lt\/how-to-buy-ethereum\/how-to-buy-ethereum-on-binance\/#A_Step-By-Step_Guide_on_How_to_Buy_Ethereum_on_Binance\" >\u017dingsnis po \u017eingsnio vadovas, kaip nusipirkti Ethereum Binance<\/a><ul class='ez-toc-list-level-3' ><li class='ez-toc-heading-level-3'><a class=\"ez-toc-link ez-toc-heading-3\" href=\"https:\/\/coinkickoff.com\/lt\/how-to-buy-ethereum\/how-to-buy-ethereum-on-binance\/#1_Register_an_Account_on_Binance\" >1. U\u017eregistruokite paskyr\u0105 Binance<\/a><\/li><li class='ez-toc-page-1 ez-toc-heading-level-3'><a class=\"ez-toc-link ez-toc-heading-4\" href=\"https:\/\/coinkickoff.com\/lt\/how-to-buy-ethereum\/how-to-buy-ethereum-on-binance\/#2_Verify_Your_Account\" >2. Patikrinkite savo paskyr\u0105<\/a><\/li><li class='ez-toc-page-1 ez-toc-heading-level-3'><a class=\"ez-toc-link ez-toc-heading-5\" href=\"https:\/\/coinkickoff.com\/lt\/how-to-buy-ethereum\/how-to-buy-ethereum-on-binance\/#3_Deposit_FundsCrypto\" >3. Depozitin\u0117s l\u0117\u0161os \/ kriptografija<\/a><\/li><li class='ez-toc-page-1 ez-toc-heading-level-3'><a class=\"ez-toc-link ez-toc-heading-6\" href=\"https:\/\/coinkickoff.com\/lt\/how-to-buy-ethereum\/how-to-buy-ethereum-on-binance\/#Click_on_%E2%80%9CDeposit%E2%80%9D_to_see_all_the_deposit_options_The_three_options_are_depositing_crypto_depositing_fiat_currencies_and_adding_credit_cards_or_other_payment_methods\" >Spustel\u0117kite \"Depozitas\", kad pamatytum\u0117te visas depozito parinktis. Trys parinktys yra \u0161ios: kriptovaliut\u0173 deponavimas, fiat valiut\u0173 deponavimas ir kredito korteli\u0173 ar kit\u0173 mok\u0117jimo b\u016bd\u0173 prid\u0117jimas.<\/a><\/li><li class='ez-toc-page-1 ez-toc-heading-level-3'><a class=\"ez-toc-link ez-toc-heading-7\" href=\"https:\/\/coinkickoff.com\/lt\/how-to-buy-ethereum\/how-to-buy-ethereum-on-binance\/#4_Navigate_to_the_Relevant_Screen_to_Buy\" >4. Pereikite \u012f atitinkam\u0105 ekran\u0105, kad gal\u0117tum\u0117te pirkti<\/a><\/li><\/ul><\/li><\/ul><\/nav><\/div>\n<h2><span class=\"ez-toc-section\" id=\"How_to_Buy_Ethereum_on_Binance\"><\/span><span style=\"font-weight: 400;\">Kaip nusipirkti Ethereum Binance<\/span><span class=\"ez-toc-section-end\"><\/span><\/h2>\n<p><span style=\"font-weight: 400;\"><a href=\"https:\/\/coinkickoff.com\/lt\/binance-review\/\" data-internallinksmanager029f6b8e52c=\"152\" title=\"Binance Atsiliepimai 2024: Funkcijos, mokes\u010diai, saugumas, privalumai ir tr\u016bkumai\">Binance<\/a> yra did\u017eiausia pasaulyje <a href=\"https:\/\/coinkickoff.com\/lt\/crypto-exchanges\/\" data-internallinksmanager029f6b8e52c=\"141\" title=\"21 Geriausios kriptovaliut\u0173 keityklos ir programos 2024 m.\">cryptocurrency mainai<\/a> pagal prekybos apimt\u012f, ir milijonai \u017emoni\u0173 visame pasaulyje j\u0105 naudoja populiariam kriptografiniam turtui pirkti, pvz. <a href=\"https:\/\/coinkickoff.com\/lt\/bitcoin-btc\/\" data-internallinksmanager029f6b8e52c=\"1\" title=\"Kas yra Bitcoin (BTC)? Kaina, istorija ir kur \u012fsigyti\">Bitcoin<\/a> ir <a href=\"https:\/\/coinkickoff.com\/lt\/ethereum-eth\/\" data-internallinksmanager029f6b8e52c=\"2\" title=\"Kas yra Ethereum (ETH)? Kaina, istorija ir kur \u012fsigyti\">Ethereum<\/a>.<\/span><\/p>\n<p><span style=\"font-weight: 400;\">\u0160iame vadove paai\u0161kinsime, kaip pirkti Ethereum Binance, pateikdami i\u0161samias instrukcijas \u017eingsnis po \u017eingsnio.<\/span><\/p>\n<p><span style=\"font-weight: 400;\">Jei esate JAV gyvenantis naudotojas, per\u017ei\u016br\u0117kite m\u016bs\u0173 vadov\u0105, kaip nusipirkti Ethereum Binance JAV.<\/span><\/p>\n<h2><span class=\"ez-toc-section\" id=\"A_Step-By-Step_Guide_on_How_to_Buy_Ethereum_on_Binance\"><\/span><span style=\"font-weight: 400;\">\u017dingsnis po \u017eingsnio vadovas, kaip nusipirkti Ethereum Binance<\/span><span class=\"ez-toc-section-end\"><\/span><\/h2>\n<h3><span class=\"ez-toc-section\" id=\"1_Register_an_Account_on_Binance\"><\/span><span style=\"font-weight: 400;\">1. U\u017eregistruokite paskyr\u0105 Binance<\/span><span class=\"ez-toc-section-end\"><\/span><\/h3>\n<h2><img loading=\"lazy\" decoding=\"async\" class=\"alignnone wp-image-3245 size-full\" style=\"font-size: 18px; font-family: Muli, sans-serif;\" src=\"https:\/\/coinkickoff.com\/wp-content\/uploads\/binance-register.png\" alt=\"pirkti doge binance registre\" width=\"1430\" height=\"798\" srcset=\"https:\/\/coinkickoff.com\/wp-content\/uploads\/binance-register.png 1430w, https:\/\/coinkickoff.com\/wp-content\/uploads\/binance-register-300x167.png 300w, https:\/\/coinkickoff.com\/wp-content\/uploads\/binance-register-1024x571.png 1024w, https:\/\/coinkickoff.com\/wp-content\/uploads\/binance-register-768x429.png 768w, https:\/\/coinkickoff.com\/wp-content\/uploads\/binance-register-18x10.png 18w\" sizes=\"auto, (max-width: 1430px) 100vw, 1430px\" \/><\/h2>\n<p><span style=\"font-weight: 400;\">Jei neturite Binance paskyros, eikite \u012f <\/span><a href=\"https:\/\/accounts.binance.com\/register?ref=BLJQ60RW\" target=\"_blank\" rel=\"noopener\"><span style=\"font-weight: 400;\">Binance oficiali svetain\u0117<\/span><\/a><span style=\"font-weight: 400;\"> ir u\u017esiregistruokite. Galite u\u017esiregistruoti naudodami telefono numer\u012f arba el. pa\u0161to adres\u0105. \u012e prane\u0161im\u0173 d\u0117\u017eut\u0119 gausite paskyros patvirtinimo kod\u0105. Naudodamiesi \u0161iuo kodu prisijunkite prie Binance.\u00a0<\/span><\/p>\n<h3><span class=\"ez-toc-section\" id=\"2_Verify_Your_Account\"><\/span><span style=\"font-weight: 400;\">2. Patikrinkite savo paskyr\u0105<\/span><span class=\"ez-toc-section-end\"><\/span><\/h3>\n<p><img loading=\"lazy\" decoding=\"async\" class=\"alignnone wp-image-3247 size-full\" src=\"https:\/\/coinkickoff.com\/wp-content\/uploads\/binance-verification-0-e1686527478138.png\" alt=\"binance patikrinimas \" width=\"1438\" height=\"730\" srcset=\"https:\/\/coinkickoff.com\/wp-content\/uploads\/binance-verification-0-e1686527478138.png 1438w, https:\/\/coinkickoff.com\/wp-content\/uploads\/binance-verification-0-e1686527478138-300x152.png 300w, https:\/\/coinkickoff.com\/wp-content\/uploads\/binance-verification-0-e1686527478138-1024x520.png 1024w, https:\/\/coinkickoff.com\/wp-content\/uploads\/binance-verification-0-e1686527478138-768x390.png 768w, https:\/\/coinkickoff.com\/wp-content\/uploads\/binance-verification-0-e1686527478138-18x9.png 18w\" sizes=\"auto, (max-width: 1438px) 100vw, 1438px\" \/><\/p>\n<p><span style=\"font-weight: 400;\">Puslapio vir\u0161utiniame de\u0161iniajame kampe (\u0161alia skirtuko \"U\u017esakymai\") yra j\u016bs\u0173 profilio piktograma. Spustel\u0117kite j\u0105, kad patektum\u0117te \u012f tikrinimo puslap\u012f. Spustel\u0117kite \"Get Verified\".<\/span><\/p>\n<p><img loading=\"lazy\" decoding=\"async\" class=\"alignnone wp-image-3246 size-full\" src=\"https:\/\/coinkickoff.com\/wp-content\/uploads\/binance-verification.png\" alt=\"binance patikrinimas\" width=\"1239\" height=\"752\" srcset=\"https:\/\/coinkickoff.com\/wp-content\/uploads\/binance-verification.png 1239w, https:\/\/coinkickoff.com\/wp-content\/uploads\/binance-verification-300x182.png 300w, https:\/\/coinkickoff.com\/wp-content\/uploads\/binance-verification-1024x622.png 1024w, https:\/\/coinkickoff.com\/wp-content\/uploads\/binance-verification-768x466.png 768w, https:\/\/coinkickoff.com\/wp-content\/uploads\/binance-verification-18x12.png 18w\" sizes=\"auto, (max-width: 1239px) 100vw, 1239px\" \/><\/p>\n<p><span style=\"font-weight: 400;\">Puslapio vir\u0161uje esan\u010diame s\u0105ra\u0161e pasirinkite gyvenam\u0105j\u0105 \u0161al\u012f arba region\u0105. Pasirink\u0119 savo region\u0105 arba \u0161al\u012f, galite pamatyti tikrinimo reikalavimus. Nor\u0117dami prad\u0117ti, spustel\u0117kite \"Verify\" (tikrinti).<\/span><\/p>\n<p><img loading=\"lazy\" decoding=\"async\" class=\"alignnone wp-image-3248 size-full\" src=\"https:\/\/coinkickoff.com\/wp-content\/uploads\/binance-verification-2.png\" alt=\"kaip nusipirkti Ethereum d\u0117l Binance\" width=\"563\" height=\"686\" srcset=\"https:\/\/coinkickoff.com\/wp-content\/uploads\/binance-verification-2.png 563w, https:\/\/coinkickoff.com\/wp-content\/uploads\/binance-verification-2-246x300.png 246w, https:\/\/coinkickoff.com\/wp-content\/uploads\/binance-verification-2-10x12.png 10w\" sizes=\"auto, (max-width: 563px) 100vw, 563px\" \/><\/p>\n<p><span style=\"font-weight: 400;\">\u012eveskite reikiam\u0105 informacij\u0105 ir spustel\u0117kite \"T\u0119sti\". J\u016bs\u0173 bus papra\u0161yta \u012fkelti asmens tapatyb\u0117s dokumento nuotrauk\u0105, kad patvirtintum\u0117te savo duomenis. Svarbu \u012fsitikinti, kad j\u016bs\u0173 vardas, pavard\u0117 ir gimimo data sutampa su asmens tapatyb\u0117s dokumentu, kur\u012f pateikiate platformai.<\/span><\/p>\n<h3><span class=\"ez-toc-section\" id=\"3_Deposit_FundsCrypto\"><\/span><span style=\"font-weight: 400;\">3. Depozitin\u0117s l\u0117\u0161os \/ kriptografija<\/span><span class=\"ez-toc-section-end\"><\/span><\/h3>\n<p><img loading=\"lazy\" decoding=\"async\" class=\"alignnone wp-image-3254 size-full\" style=\"font-family: 'Helvetica Neue', Helvetica, Arial, sans-serif; font-size: 20px;\" src=\"https:\/\/coinkickoff.com\/wp-content\/uploads\/binance-deposit-2.png\" alt=\"\" width=\"926\" height=\"796\" srcset=\"https:\/\/coinkickoff.com\/wp-content\/uploads\/binance-deposit-2.png 926w, https:\/\/coinkickoff.com\/wp-content\/uploads\/binance-deposit-2-300x258.png 300w, https:\/\/coinkickoff.com\/wp-content\/uploads\/binance-deposit-2-768x660.png 768w, https:\/\/coinkickoff.com\/wp-content\/uploads\/binance-deposit-2-14x12.png 14w\" sizes=\"auto, (max-width: 926px) 100vw, 926px\" \/><\/p>\n<h3><span class=\"ez-toc-section\" id=\"Click_on_%E2%80%9CDeposit%E2%80%9D_to_see_all_the_deposit_options_The_three_options_are_depositing_crypto_depositing_fiat_currencies_and_adding_credit_cards_or_other_payment_methods\"><\/span><span style=\"font-weight: 400;\">Spustel\u0117kite \"Depozitas\", kad pamatytum\u0117te visas depozito parinktis. Trys parinktys yra \u0161ios: kriptovaliut\u0173 deponavimas, fiat valiut\u0173 deponavimas ir kredito korteli\u0173 ar kit\u0173 mok\u0117jimo b\u016bd\u0173 prid\u0117jimas.<\/span><span class=\"ez-toc-section-end\"><\/span><\/h3>\n<p><span style=\"font-weight: 400;\">Jei turite kriptovaliut\u0173 ir norite jas i\u0161keisti \u012f ETH, galite spustel\u0117ti \"Deposit Crypto\" ir gauti depozito adres\u0105.\u00a0<\/span><\/p>\n<p><span style=\"font-weight: 400;\">Ta\u010diau dauguma pradedan\u010di\u0173j\u0173 neturi tokios galimyb\u0117s ir turi arba prid\u0117ti mok\u0117jimo b\u016bd\u0105, arba atlikti fiat \u012fmok\u0105 banko pavedimu.<\/span><\/p>\n<p><span style=\"font-weight: 400;\">Spustel\u0117kite \"Fiat ind\u0117lis\". Kitame puslapyje pasirinkite valiut\u0105, kuri\u0105 norite \u012fne\u0161ti. Binance priima daugyb\u0119 vietini\u0173 valiut\u0173, tod\u0117l jums nekils problem\u0173 ie\u0161kant tinkamo varianto.<\/span><\/p>\n<h3><img loading=\"lazy\" decoding=\"async\" class=\"alignnone wp-image-3256 size-full\" style=\"font-size: 18px; font-family: Muli, sans-serif;\" src=\"https:\/\/coinkickoff.com\/wp-content\/uploads\/binance-fiat-deposit-3.png\" alt=\"\" width=\"1052\" height=\"778\" srcset=\"https:\/\/coinkickoff.com\/wp-content\/uploads\/binance-fiat-deposit-3.png 1052w, https:\/\/coinkickoff.com\/wp-content\/uploads\/binance-fiat-deposit-3-300x222.png 300w, https:\/\/coinkickoff.com\/wp-content\/uploads\/binance-fiat-deposit-3-1024x757.png 1024w, https:\/\/coinkickoff.com\/wp-content\/uploads\/binance-fiat-deposit-3-768x568.png 768w, https:\/\/coinkickoff.com\/wp-content\/uploads\/binance-fiat-deposit-3-16x12.png 16w\" sizes=\"auto, (max-width: 1052px) 100vw, 1052px\" \/><\/h3>\n<p><span style=\"font-weight: 400;\">Binance si\u016blo \u012fvairius b\u016bdus, kaip atlikti \u012fmok\u0105, ir paprastai yra keletas rekomenduojam\u0173 b\u016bd\u0173. Mokes\u010di\u0173 informacij\u0105 galite pamatyti prie kiekvienos galimyb\u0117s.<\/span><\/p>\n<p><span style=\"font-weight: 400;\">Kaip matote, galite atlikti SEPA ar internetin\u0117s bankininkyst\u0117s pervedimus arba prid\u0117ti banko kortel\u0119 ir \u012fsigyti kriptovaliut\u0173 platformoje.<\/span><\/p>\n<p><span style=\"font-weight: 400;\">Jei pasirinksite \"Kiti metodai\", gal\u0117site prisijungti prie tre\u010di\u0173j\u0173 \u0161ali\u0173 program\u0173, pavyzd\u017eiui, \"Banxa\" arba \"Simplex\". Binance taip pat palaiko \"Google Pay\" ir \"Apple Pay\" pirkimus.<\/span><\/p>\n<p><span style=\"font-weight: 400;\">\u00a0Pasirinkite pageidaujam\u0105 pervedimo b\u016bd\u0105 ir spustel\u0117kite \"T\u0119sti\". Galite b\u016bti nukreipti \u012f savo banko s\u0105skait\u0105 arba internetin\u0117s bankininkyst\u0117s paslaug\u0173 teik\u0117j\u0105. Vykdykite ekrane pateikiamus nurodymus, kad u\u017ebaigtum\u0117te \u012fmok\u0105.<\/span><\/p>\n<h3><span class=\"ez-toc-section\" id=\"4_Navigate_to_the_Relevant_Screen_to_Buy\"><\/span><span style=\"font-weight: 400;\">4. Pereikite \u012f atitinkam\u0105 ekran\u0105, kad gal\u0117tum\u0117te pirkti<\/span><span class=\"ez-toc-section-end\"><\/span><\/h3>\n<p><span style=\"font-weight: 400;\">Prid\u0117j\u0119 mok\u0117jimo b\u016bd\u0105 arba \u012fmok\u0117j\u0119 l\u0117\u0161as, gal\u0117site pirkti Ethereum. Pagrindiniame ekrane spustel\u0117kite mygtuk\u0105 \"Pirkti kriptovaliut\u0105\".<\/span><\/p>\n<p><span style=\"font-weight: 400;\">\"Pirkti kriptovaliut\u0173\" puslap\u012f labai lengva nar\u0161yti: Skiltyje \"I\u0161leisti\" pasirinkite valiut\u0105, kuri\u0105 norite i\u0161leisti, ir \u012fveskite sum\u0105.<\/span><\/p>\n<p><img loading=\"lazy\" decoding=\"async\" class=\"alignnone wp-image-3249 size-full\" src=\"https:\/\/coinkickoff.com\/wp-content\/uploads\/binance-buy-sell-crypto.png\" alt=\"\" width=\"1056\" height=\"642\" srcset=\"https:\/\/coinkickoff.com\/wp-content\/uploads\/binance-buy-sell-crypto.png 1056w, https:\/\/coinkickoff.com\/wp-content\/uploads\/binance-buy-sell-crypto-300x182.png 300w, https:\/\/coinkickoff.com\/wp-content\/uploads\/binance-buy-sell-crypto-1024x623.png 1024w, https:\/\/coinkickoff.com\/wp-content\/uploads\/binance-buy-sell-crypto-768x467.png 768w, https:\/\/coinkickoff.com\/wp-content\/uploads\/binance-buy-sell-crypto-18x12.png 18w\" sizes=\"auto, (max-width: 1056px) 100vw, 1056px\" \/><\/p>\n<p><span style=\"font-weight: 400;\">Nustatykite pri\u0117mimo stulpel\u012f \u012f ETH. \u010cia matysite, kiek eteri\u0173 gausite u\u017e savo pinigus.<\/span><\/p>\n<p><img loading=\"lazy\" decoding=\"async\" class=\"alignnone wp-image-3250 size-full\" src=\"https:\/\/coinkickoff.com\/wp-content\/uploads\/binance-buy-sell-crypto-2.png\" alt=\"\" width=\"1079\" height=\"634\" srcset=\"https:\/\/coinkickoff.com\/wp-content\/uploads\/binance-buy-sell-crypto-2.png 1079w, https:\/\/coinkickoff.com\/wp-content\/uploads\/binance-buy-sell-crypto-2-300x176.png 300w, https:\/\/coinkickoff.com\/wp-content\/uploads\/binance-buy-sell-crypto-2-1024x602.png 1024w, https:\/\/coinkickoff.com\/wp-content\/uploads\/binance-buy-sell-crypto-2-768x451.png 768w, https:\/\/coinkickoff.com\/wp-content\/uploads\/binance-buy-sell-crypto-2-18x12.png 18w\" sizes=\"auto, (max-width: 1079px) 100vw, 1079px\" \/><\/p>\n<p><span style=\"font-weight: 400;\">Dabar eikite \u012f priek\u012f ir spustel\u0117kite \"Pirkti ETH\". Kitame puslapyje galite pasirinkti mok\u0117jimo b\u016bd\u0105 ir pamatyti u\u017esakymo informacij\u0105, \u012fskaitant visus taikomus mokes\u010dius.<\/span><\/p>\n<p><img loading=\"lazy\" decoding=\"async\" class=\"alignnone wp-image-3252 size-full\" src=\"https:\/\/coinkickoff.com\/wp-content\/uploads\/binance-crypto-buy-sell-5.png\" alt=\"Kaip nusipirkti Bitcoin Binance\" width=\"1047\" height=\"640\" srcset=\"https:\/\/coinkickoff.com\/wp-content\/uploads\/binance-crypto-buy-sell-5.png 1047w, https:\/\/coinkickoff.com\/wp-content\/uploads\/binance-crypto-buy-sell-5-300x183.png 300w, https:\/\/coinkickoff.com\/wp-content\/uploads\/binance-crypto-buy-sell-5-1024x626.png 1024w, https:\/\/coinkickoff.com\/wp-content\/uploads\/binance-crypto-buy-sell-5-768x469.png 768w, https:\/\/coinkickoff.com\/wp-content\/uploads\/binance-crypto-buy-sell-5-18x12.png 18w\" sizes=\"auto, (max-width: 1047px) 100vw, 1047px\" \/><\/p>\n<p><span style=\"font-weight: 400;\">\u0160tai ir viskas! Tikim\u0117s, kad pad\u0117jome jums su\u017einoti, kaip nusipirkti Ethereum Binance. Taip pat galite per\u017ei\u016br\u0117ti m\u016bs\u0173 vadovus apie <a href=\"https:\/\/coinkickoff.com\/lt\/how-to-buy-ethereum\/\">kaip pirkti Ethereum<\/a> kitose bir\u017eose.<\/span><\/p>","protected":false},"excerpt":{"rendered":"<p>Kaip nusipirkti Ethereum Binance Binance yra did\u017eiausia pasaulyje kriptovaliut\u0173 bir\u017ea pagal prekybos apimt\u012f, kuria naudojasi milijonai \u017emoni\u0173 visame pasaulyje, nor\u0117dami nusipirkti populiar\u0173 kriptovaliut\u0173 turt\u0105, pavyzd\u017eiui, Bitcoin ir Ethereum. \u0160iame vadove paai\u0161kinsime, kaip nusipirkti Ethereum Binance, pateikdami i\u0161samias instrukcijas \u017eingsnis po \u017eingsnio. Jei esate JAV gyvenantis naudotojas, pra\u0161ome [...]<\/p>","protected":false},"author":3,"featured_media":0,"parent":3937,"menu_order":0,"comment_status":"closed","ping_status":"closed","template":"","meta":{"_genesis_hide_title":false,"_genesis_hide_breadcrumbs":false,"_genesis_hide_singular_image":false,"_genesis_hide_footer_widgets":false,"_genesis_custom_body_class":"","_genesis_custom_post_class":"","_genesis_layout":"","_glsr_average":0,"_glsr_ranking":0,"_glsr_reviews":0,"footnotes":""},"class_list":{"0":"post-3951","1":"page","2":"type-page","3":"status-publish","5":"entry"},"featured_image_src":null,"featured_image_src_square":null,"_links":{"self":[{"href":"https:\/\/coinkickoff.com\/lt\/wp-json\/wp\/v2\/pages\/3951","targetHints":{"allow":["GET"]}}],"collection":[{"href":"https:\/\/coinkickoff.com\/lt\/wp-json\/wp\/v2\/pages"}],"about":[{"href":"https:\/\/coinkickoff.com\/lt\/wp-json\/wp\/v2\/types\/page"}],"author":[{"embeddable":true,"href":"https:\/\/coinkickoff.com\/lt\/wp-json\/wp\/v2\/users\/3"}],"replies":[{"embeddable":true,"href":"https:\/\/coinkickoff.com\/lt\/wp-json\/wp\/v2\/comments?post=3951"}],"version-history":[{"count":1,"href":"https:\/\/coinkickoff.com\/lt\/wp-json\/wp\/v2\/pages\/3951\/revisions"}],"predecessor-version":[{"id":3953,"href":"https:\/\/coinkickoff.com\/lt\/wp-json\/wp\/v2\/pages\/3951\/revisions\/3953"}],"up":[{"embeddable":true,"href":"https:\/\/coinkickoff.com\/lt\/wp-json\/wp\/v2\/pages\/3937"}],"wp:attachment":[{"href":"https:\/\/coinkickoff.com\/lt\/wp-json\/wp\/v2\/media?parent=3951"}],"curies":[{"name":"wp","href":"https:\/\/api.w.org\/{rel}","templated":true}]}}